{"id":26,"date":"2013-09-12T02:45:54","date_gmt":"2013-09-12T00:45:54","guid":{"rendered":"http:\/\/dataminingsoccer.com\/it\/?page_id=26"},"modified":"2016-06-06T00:29:33","modified_gmt":"2016-06-05T22:29:33","slug":"coppa-del-mondo-e-coppa-europa","status":"publish","type":"page","link":"https:\/\/dataminingsoccer.com\/it\/coppa-del-mondo-e-coppa-europa\/","title":{"rendered":"Coppa del Mondo &#038; Euro"},"content":{"rendered":"<h2>Football Result Predictions using Data Mining<\/h2><p style=\"text-align: justify;\">Via i link qui sotto (o la barra di menu) \u00e8 possibile ottenere le previsioni di data mining e risultati reali per la<\/p>\n<p><img loading=\"lazy\" class=\"alignnone size-full wp-image-3011\" src=\"http:\/\/dataminingsoccer.com\/it\/wp-content\/uploads\/sites\/5\/Coppa-Euro-2016-Francia-Calcio-Risultati-Previsione-s.png\" alt=\"Coppa-Euro-2016-Francia-Calcio-Risultati-Previsione\" width=\"25\" height=\"25\" \/> <a href=\"http:\/\/dataminingsoccer.com\/it\/coppa-del-mondo-e-coppa-europa\/pronostici\/campeonato-europeo-2016\/\">[Coppa Euro di calcio 2016 in Francia]<br \/>\n<\/a><img loading=\"lazy\" class=\"alignnone size-full wp-image-3048\" src=\"http:\/\/dataminingsoccer.com\/it\/wp-content\/uploads\/sites\/5\/Copa-America-2016-USA-calcio-pronostico-risultati-s.png\" alt=\"Copa-America-2016-USA-calcio-pronostico-risultati\" width=\"25\" height=\"25\" \/> <a href=\"http:\/\/dataminingsoccer.com\/it\/coppa-del-mondo-e-coppa-europa\/pronostici\/copa-america-2016\/\">[Copa Am\u00e9rica 2016 negli Stati Uniti]<\/a><br \/>\n<img loading=\"lazy\" class=\"alignnone size-full wp-image-161\" src=\"http:\/\/dataminingsoccer.com\/it\/wp-content\/uploads\/sites\/5\/Coppa-Mondo-2014-Brasile-Calcio-Risultati-Previsione-s.png\" alt=\"Coppa-Mondo-2014-Brasile-Calcio-Risultati-Previsione\" width=\"19\" height=\"25\" \/>\u00a0<a title=\"Campionato Mondiale 2014\" href=\"http:\/\/dataminingsoccer.com\/it\/coppa-del-mondo-e-coppa-europa\/campionato-mondiale-2014\/\">[Coppa Mondiale di calcio 2014 in Brasile]<\/a><br \/>\n<img loading=\"lazy\" class=\"alignnone size-full wp-image-157\" src=\"http:\/\/dataminingsoccer.com\/it\/wp-content\/uploads\/sites\/5\/Coppa-Euro-2012-Polonia-Ucraina-Calcio-Risultati-Previsione-s.png\" alt=\"Coppa-Euro-2012-Polonia-Ucraina-Calcio-Risultati-Previsione\" width=\"28\" height=\"25\" \/> <a title=\"Campionato Europeo 2012\" href=\"http:\/\/dataminingsoccer.com\/it\/coppa-del-mondo-e-coppa-europa\/campeonato-europeo-2012\/\">[Coppa Euro di calcio 2012 in Polonia e Ucraina]<\/a><br \/>\n<img loading=\"lazy\" class=\"alignnone size-full wp-image-159\" src=\"http:\/\/dataminingsoccer.com\/it\/wp-content\/uploads\/sites\/5\/Coppa-Mondo-2010-Sud-Africa-Calcio-Risultati-Previsione-s.png\" alt=\"Coppa-Mondo-2010-Sud-Africa-Calcio-Risultati-Previsione\" width=\"22\" height=\"25\" \/> <a title=\"Campionato Mondiale 2010\" href=\"http:\/\/dataminingsoccer.com\/it\/coppa-del-mondo-e-coppa-europa\/campionato-mondiale-2010\/\">[Coppa Mondiale di calcio 2010 in Sud Africa]<\/a><\/p>\n<p>Campioni del mondo e il numero di titoli mondiali:<\/p>\n<p>Brasile\u00a0\u00a0 (5)\u00a0\u00a0 *****<br \/>\nItalia \u00a0 (4)\u00a0\u00a0 ****<br \/>\nGermania \u00a0 (4)\u00a0\u00a0 ****\u00a0\u00a0 <img loading=\"lazy\" class=\"alignnone size-full wp-image-1922\" src=\"http:\/\/dataminingsoccer.com\/it\/wp-content\/uploads\/sites\/5\/Campione-Mondiale-Trofeo-Coppa-s.jpg\" alt=\"Campione-Mondiale-Trofeo-Coppa\" width=\"12\" height=\"26\" \/>\u00a0\u00a0 (campione attuale)<br \/>\nArgentina\u00a0\u00a0 (2)\u00a0\u00a0 **<br \/>\nUruguay\u00a0\u00a0 (2)\u00a0\u00a0 **<br \/>\nFrancia \u00a0 (1)\u00a0\u00a0 *<br \/>\nInghilterra \u00a0 (1)\u00a0\u00a0 *<br \/>\nSpagna \u00a0 (1)\u00a0\u00a0 *<\/p>\n<p>Campioni europei e il numero di titoli europei:<\/p>\n<p>Germania \u00a0 (3)<br \/>\nSpagna \u00a0 (3)\u00a0\u00a0 <img loading=\"lazy\" class=\"alignnone size-full wp-image-1921\" src=\"http:\/\/dataminingsoccer.com\/it\/wp-content\/uploads\/sites\/5\/Campione-Europa-Trofeo-Coppa-s.jpg\" alt=\"Campione-Europa-Trofeo-Coppa\" width=\"14\" height=\"25\" \/>\u00a0\u00a0 (campione attuale)<br \/>\nFrancia\u00a0\u00a0 (2)<br \/>\nUnione Sovietica \u00a0 (1)<br \/>\nItalia \u00a0 (1)<br \/>\nCecoslovacchia\u00a0\u00a0 (1)<br \/>\nOlanda\u00a0\u00a0 (1)<br \/>\nDanimarca\u00a0\u00a0 (1)<br \/>\nGrecia\u00a0\u00a0 (1)<\/p>\n<p>I vincitori della Copa Am\u00e9rica e il numero di titoli vinti:<\/p>\n<p>Uruguay \u00a0 (15)<br \/>\nArgentina \u00a0 (14)<br \/>\nBrasile \u00a0 (8)<br \/>\nParaguay \u00a0 (2)<br \/>\nPer\u00f9 \u00a0 (2)<br \/>\nCile \u00a0 (1)\u00a0\u00a0\u00a0<img loading=\"lazy\" class=\"alignnone size-full wp-image-3061\" src=\"http:\/\/dataminingsoccer.com\/it\/wp-content\/uploads\/sites\/5\/Copa-America-Coppa-s.png\" alt=\"Copa-America-Coppa\" width=\"11\" height=\"26\" \/>\u00a0\u00a0 (campione attuale)<br \/>\nColombia \u00a0 (1)<br \/>\nBolivia \u00a0 (1)<\/p>\n<p style=\"text-align: justify;\">A proposito, nella nostra sezione <a title=\"Scarico di dati\" href=\"http:\/\/dataminingsoccer.com\/it\/download-scarico-dati\/\">[scarico di dati]<\/a> \u00e8 possibile ottenere\u00a0gratuitamente i dati di ogni singola partita di tutti i Campionati Europei e Mondiali come download csv (o Excel).<\/p>\n<p><img loading=\"lazy\" class=\"alignnone size-full wp-image-3011\" src=\"http:\/\/dataminingsoccer.com\/it\/wp-content\/uploads\/sites\/5\/Coppa-Euro-2016-Francia-Calcio-Risultati-Previsione-s.png\" alt=\"Coppa-Euro-2016-Francia-Calcio-Risultati-Previsione\" width=\"25\" height=\"25\" \/> <a href=\"http:\/\/dataminingsoccer.com\/it\/coppa-del-mondo-e-coppa-europa\/pronostici\/campeonato-europeo-2016\/\">[Coppa Euro di calcio 2016 in Francia]<br \/>\n<\/a><img loading=\"lazy\" class=\"alignnone size-full wp-image-3048\" src=\"http:\/\/dataminingsoccer.com\/it\/wp-content\/uploads\/sites\/5\/Copa-America-2016-USA-calcio-pronostico-risultati-s.png\" alt=\"Copa-America-2016-USA-calcio-pronostico-risultati\" width=\"25\" height=\"25\" \/> <a href=\"http:\/\/dataminingsoccer.com\/it\/coppa-del-mondo-e-coppa-europa\/pronostici\/copa-america-2016\/\">[Copa Am\u00e9rica 2016 negli Stati Uniti]<\/a><br \/>\n<img loading=\"lazy\" class=\"alignnone size-full wp-image-161\" src=\"http:\/\/dataminingsoccer.com\/it\/wp-content\/uploads\/sites\/5\/Coppa-Mondo-2014-Brasile-Calcio-Risultati-Previsione-s.png\" alt=\"Coppa-Mondo-2014-Brasile-Calcio-Risultati-Previsione\" width=\"19\" height=\"25\" \/>\u00a0<a title=\"Campionato Mondiale 2014\" href=\"http:\/\/dataminingsoccer.com\/it\/coppa-del-mondo-e-coppa-europa\/campionato-mondiale-2014\/\">[Coppa Mondiale di calcio 2014 in Brasile]<\/a><br \/>\n<img loading=\"lazy\" class=\"alignnone size-full wp-image-157\" src=\"http:\/\/dataminingsoccer.com\/it\/wp-content\/uploads\/sites\/5\/Coppa-Euro-2012-Polonia-Ucraina-Calcio-Risultati-Previsione-s.png\" alt=\"Coppa-Euro-2012-Polonia-Ucraina-Calcio-Risultati-Previsione\" width=\"28\" height=\"25\" \/> <a title=\"Campionato Europeo 2012\" href=\"http:\/\/dataminingsoccer.com\/it\/coppa-del-mondo-e-coppa-europa\/campeonato-europeo-2012\/\">[Coppa Euro di calcio 2012 in Polonia e Ucraina]<\/a><br \/>\n<img loading=\"lazy\" class=\"alignnone size-full wp-image-159\" src=\"http:\/\/dataminingsoccer.com\/it\/wp-content\/uploads\/sites\/5\/Coppa-Mondo-2010-Sud-Africa-Calcio-Risultati-Previsione-s.png\" alt=\"Coppa-Mondo-2010-Sud-Africa-Calcio-Risultati-Previsione\" width=\"22\" height=\"25\" \/> <a title=\"Campionato Mondiale 2010\" href=\"http:\/\/dataminingsoccer.com\/it\/coppa-del-mondo-e-coppa-europa\/campionato-mondiale-2010\/\">[Coppa Mondiale di calcio 2010 in Sud Africa]<\/a><\/p>\n","protected":false},"excerpt":{"rendered":"<p>Football Result Predictions using Data MiningVia i link qui sotto (o la barra di menu) \u00e8 possibile ottenere le previsioni di data mining e risultati reali per la [Coppa Euro di calcio 2016 in Francia] [Copa Am\u00e9rica 2016 negli Stati Uniti] \u00a0[Coppa Mondiale di calcio 2014 in Brasile] [Coppa Euro di calcio 2012 in Polonia &hellip; <a href=\"https:\/\/dataminingsoccer.com\/it\/coppa-del-mondo-e-coppa-europa\/\" class=\"more-link\">Continua la lettura di <span class=\"screen-reader-text\">Coppa del Mondo &#038; Euro<\/span> <span class=\"meta-nav\">&rarr;<\/span><\/a><\/p>\n","protected":false},"author":6,"featured_media":0,"parent":0,"menu_order":3,"comment_status":"closed","ping_status":"closed","template":"","meta":[],"yoast_head":"<!-- This site is optimized with the Yoast SEO plugin v14.8 - https:\/\/yoast.com\/wordpress\/plugins\/seo\/ -->\n<meta name=\"description\" content=\"Fussball Ergebnis-Vorhersagen der Weltmeisterschaften und Europameisterschaften. \u00dcberblick \u00fcber alle WM-Titeltr\u00e4ger und EM-Gewinner.\" \/>\n<meta name=\"robots\" content=\"index, follow\" \/>\n<meta name=\"googlebot\" content=\"index, follow, max-snippet:-1, max-image-preview:large, max-video-preview:-1\" \/>\n<meta name=\"bingbot\" content=\"index, follow, max-snippet:-1, max-image-preview:large, max-video-preview:-1\" \/>\n<link rel=\"canonical\" href=\"http:\/\/dataminingsoccer.com\/it\/coppa-del-mondo-e-coppa-europa\/\" \/>\n<script type=\"application\/ld+json\" class=\"yoast-schema-graph\">{\"@context\":\"https:\/\/schema.org\",\"@graph\":[{\"@type\":\"WebSite\",\"@id\":\"https:\/\/dataminingsoccer.com\/it\/#website\",\"url\":\"https:\/\/dataminingsoccer.com\/it\/\",\"name\":\"Pronostici di Risultati di Calcio\",\"description\":\"basato su analisi statistiche utilizzando data mining.. Noi amiamo il calcio! E ci piaciono i giochi numerici!\",\"potentialAction\":[{\"@type\":\"SearchAction\",\"target\":\"https:\/\/dataminingsoccer.com\/it\/?s={search_term_string}\",\"query-input\":\"required name=search_term_string\"}],\"inLanguage\":\"it-IT\"},{\"@type\":\"ImageObject\",\"@id\":\"http:\/\/dataminingsoccer.com\/it\/coppa-del-mondo-e-coppa-europa\/#primaryimage\",\"inLanguage\":\"it-IT\",\"url\":\"http:\/\/dataminingsoccer.com\/it\/wp-content\/uploads\/sites\/5\/Coppa-Euro-2016-Francia-Calcio-Risultati-Previsione-s.png\"},{\"@type\":\"WebPage\",\"@id\":\"http:\/\/dataminingsoccer.com\/it\/coppa-del-mondo-e-coppa-europa\/#webpage\",\"url\":\"http:\/\/dataminingsoccer.com\/it\/coppa-del-mondo-e-coppa-europa\/\",\"name\":\"Coppa del Mondo & Euro - Pronostici di Risultati di Calcio\",\"isPartOf\":{\"@id\":\"https:\/\/dataminingsoccer.com\/it\/#website\"},\"primaryImageOfPage\":{\"@id\":\"http:\/\/dataminingsoccer.com\/it\/coppa-del-mondo-e-coppa-europa\/#primaryimage\"},\"datePublished\":\"2013-09-12T00:45:54+00:00\",\"dateModified\":\"2016-06-05T22:29:33+00:00\",\"description\":\"Fussball Ergebnis-Vorhersagen der Weltmeisterschaften und Europameisterschaften. \\u00dcberblick \\u00fcber alle WM-Titeltr\\u00e4ger und EM-Gewinner.\",\"inLanguage\":\"it-IT\",\"potentialAction\":[{\"@type\":\"ReadAction\",\"target\":[\"http:\/\/dataminingsoccer.com\/it\/coppa-del-mondo-e-coppa-europa\/\"]}]}]}<\/script>\n<!-- \/ Yoast SEO plugin. -->","_links":{"self":[{"href":"https:\/\/dataminingsoccer.com\/it\/wp-json\/wp\/v2\/pages\/26"}],"collection":[{"href":"https:\/\/dataminingsoccer.com\/it\/wp-json\/wp\/v2\/pages"}],"about":[{"href":"https:\/\/dataminingsoccer.com\/it\/wp-json\/wp\/v2\/types\/page"}],"author":[{"embeddable":true,"href":"https:\/\/dataminingsoccer.com\/it\/wp-json\/wp\/v2\/users\/6"}],"replies":[{"embeddable":true,"href":"https:\/\/dataminingsoccer.com\/it\/wp-json\/wp\/v2\/comments?post=26"}],"version-history":[{"count":15,"href":"https:\/\/dataminingsoccer.com\/it\/wp-json\/wp\/v2\/pages\/26\/revisions"}],"predecessor-version":[{"id":3065,"href":"https:\/\/dataminingsoccer.com\/it\/wp-json\/wp\/v2\/pages\/26\/revisions\/3065"}],"wp:attachment":[{"href":"https:\/\/dataminingsoccer.com\/it\/wp-json\/wp\/v2\/media?parent=26"}],"curies":[{"name":"wp","href":"https:\/\/api.w.org\/{rel}","templated":true}]}}