{"id":2498,"date":"2014-09-02T22:09:27","date_gmt":"2014-09-02T20:09:27","guid":{"rendered":"http:\/\/dataminingsoccer.com\/it\/?page_id=2498"},"modified":"2016-06-05T23:58:00","modified_gmt":"2016-06-05T21:58:00","slug":"pronostici","status":"publish","type":"page","link":"https:\/\/dataminingsoccer.com\/it\/coppa-del-mondo-e-coppa-europa\/pronostici\/","title":{"rendered":"Pronostici"},"content":{"rendered":"<h2>Fussball Ergebnis Vorhersagen mittels Data Mining<\/h2><p style=\"text-align: justify;\"><img loading=\"lazy\" class=\"alignnone size-full wp-image-1298\" src=\"http:\/\/dataminingsoccer.com\/it\/wp-content\/uploads\/sites\/5\/Campione-Mondiale-Trofeo-Coppa.jpg\" alt=\"Campione-Mondiale-Trofeo-Coppa\" width=\"23\" height=\"50\" \/> \u00a0\u00a0<img loading=\"lazy\" class=\"alignnone size-full wp-image-1297\" src=\"http:\/\/dataminingsoccer.com\/it\/wp-content\/uploads\/sites\/5\/Campione-Europa-Trofeo-Coppa.jpg\" alt=\"Campione-Europa-Trofeo-Coppa\" width=\"28\" height=\"50\" \/> \u00a0\u00a0\u00a0 <img loading=\"lazy\" class=\"alignnone size-full wp-image-3060\" src=\"http:\/\/dataminingsoccer.com\/it\/wp-content\/uploads\/sites\/5\/Copa-America-Coppa-m.png\" alt=\"Copa-America-Coppa\" width=\"22\" height=\"51\" \/><\/p>\n<p style=\"text-align: justify;\">Per ogni Coppa del Mondo o Campionato Europeo di tua scelta trovate qui tutte le partite previste da noi, cos\u00ec come i corrispondenti risultati effettivi.<\/p>\n<p style=\"text-align: justify;\">\u00c8 possibile accedere a questa pagina con i pronostici e i risultati reali sia nella barra dei menu disopra tramite <strong>&gt; Coppa del Mondo &amp; continentali &gt; pronostici &gt; competizione<\/strong> di tua scelta, o tramite il menu a discesa \u2018<strong>i nostri pronostici per\u2026<\/strong>\u2018 sulla destra, oppure cliccando semplicemente su uno dei seguenti link:<\/p>\n<p><img loading=\"lazy\" class=\"alignnone size-full wp-image-3011\" src=\"http:\/\/dataminingsoccer.com\/it\/wp-content\/uploads\/sites\/5\/Coppa-Euro-2016-Francia-Calcio-Risultati-Previsione-s.png\" alt=\"Coppa-Euro-2016-Francia-Calcio-Risultati-Previsione\" width=\"25\" height=\"25\" \/> <a href=\"http:\/\/dataminingsoccer.com\/it\/coppa-del-mondo-e-coppa-europa\/pronostici\/campeonato-europeo-2016\/\">[Coppa Euro di calcio 2016 in Francia]<br \/>\n<\/a><img loading=\"lazy\" class=\"alignnone size-full wp-image-3048\" src=\"http:\/\/dataminingsoccer.com\/it\/wp-content\/uploads\/sites\/5\/Copa-America-2016-USA-calcio-pronostico-risultati-s.png\" alt=\"Copa-America-2016-USA-calcio-pronostico-risultati\" width=\"25\" height=\"25\" \/> <a href=\"http:\/\/dataminingsoccer.com\/it\/coppa-del-mondo-e-coppa-europa\/pronostici\/copa-america-2016\/\">[Copa Am\u00e9rica 2016 negli Stati Uniti]<\/a><br \/>\n<img loading=\"lazy\" class=\"alignnone size-full wp-image-161\" src=\"http:\/\/dataminingsoccer.com\/it\/wp-content\/uploads\/sites\/5\/Coppa-Mondo-2014-Brasile-Calcio-Risultati-Previsione-s.png\" alt=\"Coppa-Mondo-2014-Brasile-Calcio-Risultati-Previsione\" width=\"19\" height=\"25\" \/>\u00a0<a title=\"Campionato Mondiale 2014\" href=\"http:\/\/dataminingsoccer.com\/it\/coppa-del-mondo-e-coppa-europa\/campionato-mondiale-2014\/\">[Coppa Mondiale di calcio 2014 in Brasile]<\/a><br \/>\n<img loading=\"lazy\" class=\"alignnone size-full wp-image-157\" src=\"http:\/\/dataminingsoccer.com\/it\/wp-content\/uploads\/sites\/5\/Coppa-Euro-2012-Polonia-Ucraina-Calcio-Risultati-Previsione-s.png\" alt=\"Coppa-Euro-2012-Polonia-Ucraina-Calcio-Risultati-Previsione\" width=\"28\" height=\"25\" \/> <a title=\"Campionato Europeo 2012\" href=\"http:\/\/dataminingsoccer.com\/it\/coppa-del-mondo-e-coppa-europa\/campeonato-europeo-2012\/\">[Coppa Euro di calcio 2012 in Polonia e Ucraina]<\/a><br \/>\n<img loading=\"lazy\" class=\"alignnone size-full wp-image-159\" src=\"http:\/\/dataminingsoccer.com\/it\/wp-content\/uploads\/sites\/5\/Coppa-Mondo-2010-Sud-Africa-Calcio-Risultati-Previsione-s.png\" alt=\"Coppa-Mondo-2010-Sud-Africa-Calcio-Risultati-Previsione\" width=\"22\" height=\"25\" \/> <a title=\"Campionato Mondiale 2010\" href=\"http:\/\/dataminingsoccer.com\/it\/coppa-del-mondo-e-coppa-europa\/campionato-mondiale-2010\/\">[Coppa Mondiale di calcio 2010 in Sud Africa]<\/a><\/p>\n<p style=\"text-align: justify;\">Per le recenti competizioni \u00e8 anche possibile ottenere i nostri pronostici originali e completi per tutto il torneo fino alla finale, calcolato statisticamente ancora prima delle prime partite avevano cominciato.<\/p>\n<p style=\"text-align: justify;\"><img loading=\"lazy\" class=\"alignnone size-full wp-image-1298\" src=\"http:\/\/dataminingsoccer.com\/it\/wp-content\/uploads\/sites\/5\/Campione-Mondiale-Trofeo-Coppa.jpg\" alt=\"Campione-Mondiale-Trofeo-Coppa\" width=\"23\" height=\"50\" \/> \u00a0\u00a0<img loading=\"lazy\" class=\"alignnone size-full wp-image-1297\" src=\"http:\/\/dataminingsoccer.com\/it\/wp-content\/uploads\/sites\/5\/Campione-Europa-Trofeo-Coppa.jpg\" alt=\"Campione-Europa-Trofeo-Coppa\" width=\"28\" height=\"50\" \/> \u00a0\u00a0\u00a0 <img loading=\"lazy\" class=\"alignnone size-full wp-image-3060\" src=\"http:\/\/dataminingsoccer.com\/it\/wp-content\/uploads\/sites\/5\/Copa-America-Coppa-m.png\" alt=\"Copa-America-Coppa\" width=\"22\" height=\"51\" \/><\/p>\n","protected":false},"excerpt":{"rendered":"<p>Fussball Ergebnis Vorhersagen mittels Data Mining \u00a0\u00a0 \u00a0\u00a0\u00a0 Per ogni Coppa del Mondo o Campionato Europeo di tua scelta trovate qui tutte le partite previste da noi, cos\u00ec come i corrispondenti risultati effettivi. \u00c8 possibile accedere a questa pagina con i pronostici e i risultati reali sia nella barra dei menu disopra tramite &gt; Coppa &hellip; <a href=\"https:\/\/dataminingsoccer.com\/it\/coppa-del-mondo-e-coppa-europa\/pronostici\/\" class=\"more-link\">Continua la lettura di <span class=\"screen-reader-text\">Pronostici<\/span> <span class=\"meta-nav\">&rarr;<\/span><\/a><\/p>\n","protected":false},"author":6,"featured_media":0,"parent":26,"menu_order":10,"comment_status":"closed","ping_status":"closed","template":"","meta":[],"yoast_head":"<!-- This site is optimized with the Yoast SEO plugin v14.8 - https:\/\/yoast.com\/wordpress\/plugins\/seo\/ -->\n<meta name=\"description\" content=\"Pr\u00e9diction de r\u00e9sultats de football de la Coupe du Monde &amp; d&#039;Europe bas\u00e9 sur les analyses statistiques utilisant un logiciel data mining.\" \/>\n<meta name=\"robots\" content=\"index, follow\" \/>\n<meta name=\"googlebot\" content=\"index, follow, max-snippet:-1, max-image-preview:large, max-video-preview:-1\" \/>\n<meta name=\"bingbot\" content=\"index, follow, max-snippet:-1, max-image-preview:large, max-video-preview:-1\" \/>\n<link rel=\"canonical\" href=\"http:\/\/dataminingsoccer.com\/it\/coppa-del-mondo-e-coppa-europa\/pronostici\/\" \/>\n<script type=\"application\/ld+json\" class=\"yoast-schema-graph\">{\"@context\":\"https:\/\/schema.org\",\"@graph\":[{\"@type\":\"WebSite\",\"@id\":\"https:\/\/dataminingsoccer.com\/it\/#website\",\"url\":\"https:\/\/dataminingsoccer.com\/it\/\",\"name\":\"Pronostici di Risultati di Calcio\",\"description\":\"basato su analisi statistiche utilizzando data mining.. Noi amiamo il calcio! E ci piaciono i giochi numerici!\",\"potentialAction\":[{\"@type\":\"SearchAction\",\"target\":\"https:\/\/dataminingsoccer.com\/it\/?s={search_term_string}\",\"query-input\":\"required name=search_term_string\"}],\"inLanguage\":\"it-IT\"},{\"@type\":\"ImageObject\",\"@id\":\"http:\/\/dataminingsoccer.com\/it\/coppa-del-mondo-e-coppa-europa\/pronostici\/#primaryimage\",\"inLanguage\":\"it-IT\",\"url\":\"http:\/\/dataminingsoccer.com\/it\/wp-content\/uploads\/sites\/5\/Campione-Mondiale-Trofeo-Coppa.jpg\"},{\"@type\":\"WebPage\",\"@id\":\"http:\/\/dataminingsoccer.com\/it\/coppa-del-mondo-e-coppa-europa\/pronostici\/#webpage\",\"url\":\"http:\/\/dataminingsoccer.com\/it\/coppa-del-mondo-e-coppa-europa\/pronostici\/\",\"name\":\"Pronostici - Pronostici di Risultati di Calcio\",\"isPartOf\":{\"@id\":\"https:\/\/dataminingsoccer.com\/it\/#website\"},\"primaryImageOfPage\":{\"@id\":\"http:\/\/dataminingsoccer.com\/it\/coppa-del-mondo-e-coppa-europa\/pronostici\/#primaryimage\"},\"datePublished\":\"2014-09-02T20:09:27+00:00\",\"dateModified\":\"2016-06-05T21:58:00+00:00\",\"description\":\"Pr\\u00e9diction de r\\u00e9sultats de football de la Coupe du Monde & d'Europe bas\\u00e9 sur les analyses statistiques utilisant un logiciel data mining.\",\"inLanguage\":\"it-IT\",\"potentialAction\":[{\"@type\":\"ReadAction\",\"target\":[\"http:\/\/dataminingsoccer.com\/it\/coppa-del-mondo-e-coppa-europa\/pronostici\/\"]}]}]}<\/script>\n<!-- \/ Yoast SEO plugin. -->","_links":{"self":[{"href":"https:\/\/dataminingsoccer.com\/it\/wp-json\/wp\/v2\/pages\/2498"}],"collection":[{"href":"https:\/\/dataminingsoccer.com\/it\/wp-json\/wp\/v2\/pages"}],"about":[{"href":"https:\/\/dataminingsoccer.com\/it\/wp-json\/wp\/v2\/types\/page"}],"author":[{"embeddable":true,"href":"https:\/\/dataminingsoccer.com\/it\/wp-json\/wp\/v2\/users\/6"}],"replies":[{"embeddable":true,"href":"https:\/\/dataminingsoccer.com\/it\/wp-json\/wp\/v2\/comments?post=2498"}],"version-history":[{"count":8,"href":"https:\/\/dataminingsoccer.com\/it\/wp-json\/wp\/v2\/pages\/2498\/revisions"}],"predecessor-version":[{"id":3064,"href":"https:\/\/dataminingsoccer.com\/it\/wp-json\/wp\/v2\/pages\/2498\/revisions\/3064"}],"up":[{"embeddable":true,"href":"https:\/\/dataminingsoccer.com\/it\/wp-json\/wp\/v2\/pages\/26"}],"wp:attachment":[{"href":"https:\/\/dataminingsoccer.com\/it\/wp-json\/wp\/v2\/media?parent=2498"}],"curies":[{"name":"wp","href":"https:\/\/api.w.org\/{rel}","templated":true}]}}