{"id":933,"date":"2013-12-31T01:05:18","date_gmt":"2013-12-30T23:05:18","guid":{"rendered":"http:\/\/dataminingsoccer.com\/fr\/?page_id=933"},"modified":"2014-02-05T00:42:59","modified_gmt":"2014-02-04T22:42:59","slug":"pronostics-ligue-des-champions","status":"publish","type":"page","link":"https:\/\/dataminingsoccer.com\/fr\/ligue-des-champions-et-ligue-europa\/pronostics-ligue-des-champions\/","title":{"rendered":"Pronostics Ligue des Champions"},"content":{"rendered":"<h2>R\u00e9sultats de Football: Pronostics utilisant Data Mining<\/h2><p style=\"text-align: justify;\"><img loading=\"lazy\" class=\"alignnone size-full wp-image-180\" alt=\"Ligue-Champions-Football-Resultats-Prediction\" src=\"http:\/\/dataminingsoccer.com\/fr\/wp-content\/uploads\/sites\/6\/Ligue-Champions-Football-Resultats-Prediction-m.png\" width=\"52\" height=\"50\" \/><\/p>\n<p style=\"text-align: justify;\">Ici tu peux trouver tous les r\u00e9sultats pr\u00e9dits ainsi que les r\u00e9sultats r\u00e9els des matches de la\u00a0Ligue des Champions en Europe pour toutes les journ\u00e9es de la saison de ton choix.<\/p>\n<p style=\"text-align: justify;\">Tu peux acc\u00e9der aux pronostics et aux r\u00e9sultats r\u00e9els, soit dans la barre de menu via &gt; LC &amp; LE &gt; pronostics\u00a0Ligue des Champions &gt; saison de ton choix, soit en cliquant\u00a0ci-dessous sur \u200b\u200ble menu d\u00e9roulant:<\/p>\n<p style=\"text-align: justify;\"><code><select name=\"URL\" onchange=\"JumpStart(this);\">\r\n<option disabled=\"disabled\" selected=\"selected\">Pronostics Ligue des Champions pour une saison de ton choix:<\/option>\r\n<option value=\"http:\/\/dataminingsoccer.com\/fr\/ligue-des-champions-et-ligue-europa\/pronostics-ligue-des-champions\/ligue-des-champions-2014-15\/\">Ligue des Champions 2014\/15<\/option>\r\n<\/select>\r\n<script type=\"text\/javascript\">\r\nfunction JumpStart(DropDown) {\r\nvar TargetIndex = DropDown.selectedIndex;\r\nDropDown.selectedIndex = 0;\r\nwindow.location.href = DropDown.options[TargetIndex].value;\r\n}\r\n<\/script><\/code><\/p>\n<p style=\"text-align: justify;\">Par ailleurs, tu peux bien s\u00fbr aussi\u00a0acc\u00e9der des pr\u00e9visions d\u2019une saison particuli\u00e8re de la Ligue des Champions en\u00a0Europe \u00e0 partir de n\u2019importe quelle page de ce site via le menu \u201cVoil\u00e0 nos pronostics pour une comp\u00e9tition de ton choix\u201d sur le c\u00f4t\u00e9 droit de ce site.<\/p>\n<p style=\"text-align: justify;\"><img loading=\"lazy\" alt=\"Ligue-Champions-Football-Resultats-Prediction\" src=\"http:\/\/dataminingsoccer.com\/fr\/wp-content\/uploads\/sites\/6\/Ligue-Champions-Football-Resultats-Prediction-m.png\" width=\"52\" height=\"50\" \/><\/p>\n","protected":false},"excerpt":{"rendered":"<p>R\u00e9sultats de Football: Pronostics utilisant Data Mining Ici tu peux trouver tous les r\u00e9sultats pr\u00e9dits ainsi que les r\u00e9sultats r\u00e9els des matches de la\u00a0Ligue des Champions en Europe pour toutes les journ\u00e9es de la saison de ton choix. Tu peux acc\u00e9der aux pronostics et aux r\u00e9sultats r\u00e9els, soit dans la barre de menu via &gt; &hellip; <a href=\"https:\/\/dataminingsoccer.com\/fr\/ligue-des-champions-et-ligue-europa\/pronostics-ligue-des-champions\/\" class=\"more-link\">Continuer la lecture de <span class=\"screen-reader-text\">Pronostics Ligue des Champions<\/span> <span class=\"meta-nav\">&rarr;<\/span><\/a><\/p>\n","protected":false},"author":7,"featured_media":0,"parent":32,"menu_order":10,"comment_status":"closed","ping_status":"closed","template":"","meta":[],"yoast_head":"<!-- This site is optimized with the Yoast SEO plugin v14.8 - https:\/\/yoast.com\/wordpress\/plugins\/seo\/ -->\n<meta name=\"description\" content=\"Pronostics de r\u00e9sultats de football de la Ligue des Champions (LC) de l&#039;UEFA bas\u00e9 sur les analyses statistiques utilisant un logiciel data mining.\" \/>\n<meta name=\"robots\" content=\"index, follow\" \/>\n<meta name=\"googlebot\" content=\"index, follow, max-snippet:-1, max-image-preview:large, max-video-preview:-1\" \/>\n<meta name=\"bingbot\" content=\"index, follow, max-snippet:-1, max-image-preview:large, max-video-preview:-1\" \/>\n<link rel=\"canonical\" href=\"http:\/\/dataminingsoccer.com\/fr\/ligue-des-champions-et-ligue-europa\/pronostics-ligue-des-champions\/\" \/>\n<script type=\"application\/ld+json\" class=\"yoast-schema-graph\">{\"@context\":\"https:\/\/schema.org\",\"@graph\":[{\"@type\":\"WebSite\",\"@id\":\"https:\/\/dataminingsoccer.com\/fr\/#website\",\"url\":\"https:\/\/dataminingsoccer.com\/fr\/\",\"name\":\"Pronostics de R\\u00e9sultats de Football\",\"description\":\"bas\\u00e9 sur des analyses statistiques utilisant data mining.. Nous aimons le football!     Nous aimons les jeux de nombre!\",\"potentialAction\":[{\"@type\":\"SearchAction\",\"target\":\"https:\/\/dataminingsoccer.com\/fr\/?s={search_term_string}\",\"query-input\":\"required name=search_term_string\"}],\"inLanguage\":\"fr-FR\"},{\"@type\":\"ImageObject\",\"@id\":\"http:\/\/dataminingsoccer.com\/fr\/ligue-des-champions-et-ligue-europa\/pronostics-ligue-des-champions\/#primaryimage\",\"inLanguage\":\"fr-FR\",\"url\":\"http:\/\/dataminingsoccer.com\/fr\/wp-content\/uploads\/sites\/6\/Ligue-Champions-Football-Resultats-Prediction-m.png\"},{\"@type\":\"WebPage\",\"@id\":\"http:\/\/dataminingsoccer.com\/fr\/ligue-des-champions-et-ligue-europa\/pronostics-ligue-des-champions\/#webpage\",\"url\":\"http:\/\/dataminingsoccer.com\/fr\/ligue-des-champions-et-ligue-europa\/pronostics-ligue-des-champions\/\",\"name\":\"Pronostics Ligue des Champions - Pronostics de R\\u00e9sultats de Football\",\"isPartOf\":{\"@id\":\"https:\/\/dataminingsoccer.com\/fr\/#website\"},\"primaryImageOfPage\":{\"@id\":\"http:\/\/dataminingsoccer.com\/fr\/ligue-des-champions-et-ligue-europa\/pronostics-ligue-des-champions\/#primaryimage\"},\"datePublished\":\"2013-12-30T23:05:18+00:00\",\"dateModified\":\"2014-02-04T22:42:59+00:00\",\"description\":\"Pronostics de r\\u00e9sultats de football de la Ligue des Champions (LC) de l'UEFA bas\\u00e9 sur les analyses statistiques utilisant un logiciel data mining.\",\"inLanguage\":\"fr-FR\",\"potentialAction\":[{\"@type\":\"ReadAction\",\"target\":[\"http:\/\/dataminingsoccer.com\/fr\/ligue-des-champions-et-ligue-europa\/pronostics-ligue-des-champions\/\"]}]}]}<\/script>\n<!-- \/ Yoast SEO plugin. -->","_links":{"self":[{"href":"https:\/\/dataminingsoccer.com\/fr\/wp-json\/wp\/v2\/pages\/933"}],"collection":[{"href":"https:\/\/dataminingsoccer.com\/fr\/wp-json\/wp\/v2\/pages"}],"about":[{"href":"https:\/\/dataminingsoccer.com\/fr\/wp-json\/wp\/v2\/types\/page"}],"author":[{"embeddable":true,"href":"https:\/\/dataminingsoccer.com\/fr\/wp-json\/wp\/v2\/users\/7"}],"replies":[{"embeddable":true,"href":"https:\/\/dataminingsoccer.com\/fr\/wp-json\/wp\/v2\/comments?post=933"}],"version-history":[{"count":4,"href":"https:\/\/dataminingsoccer.com\/fr\/wp-json\/wp\/v2\/pages\/933\/revisions"}],"predecessor-version":[{"id":1160,"href":"https:\/\/dataminingsoccer.com\/fr\/wp-json\/wp\/v2\/pages\/933\/revisions\/1160"}],"up":[{"embeddable":true,"href":"https:\/\/dataminingsoccer.com\/fr\/wp-json\/wp\/v2\/pages\/32"}],"wp:attachment":[{"href":"https:\/\/dataminingsoccer.com\/fr\/wp-json\/wp\/v2\/media?parent=933"}],"curies":[{"name":"wp","href":"https:\/\/api.w.org\/{rel}","templated":true}]}}