{"id":7,"date":"2013-09-12T01:43:14","date_gmt":"2013-09-11T23:43:14","guid":{"rendered":"http:\/\/dataminingsoccer.com\/fr\/?page_id=7"},"modified":"2015-07-26T02:08:28","modified_gmt":"2015-07-26T00:08:28","slug":"allemagne","status":"publish","type":"page","link":"https:\/\/dataminingsoccer.com\/fr\/allemagne\/","title":{"rendered":"Allemagne"},"content":{"rendered":"<h2>R\u00e9sultats de Football: Pronostics utilisant Data Mining<\/h2><p style=\"text-align: justify;\"><img loading=\"lazy\" class=\"alignnone size-full wp-image-169\" src=\"http:\/\/dataminingsoccer.com\/fr\/wp-content\/uploads\/sites\/6\/Bundesliga-Football-Resultats-Prediction-s.png\" alt=\"Bundesliga-Football-Resultats-Prediction\" width=\"59\" height=\"50\" \/>\u00a0\u00a0\u00a0\u00a0<img src=\"http:\/\/dataminingsoccer.com\/wp-content\/uploads\/league-logos\/Liga-3-Fussball-Ergebnis-Vorhersagen.png\" alt=\"Liga-3-Fussball-Ergebnis-Vorhersagen\" \/>\u00a0 \u00a0 \u00a0<img loading=\"lazy\" class=\"alignnone size-full wp-image-1936\" src=\"http:\/\/dataminingsoccer.com\/fr\/wp-content\/uploads\/sites\/6\/dfb-pokal.png\" alt=\"dfb-pokal\" width=\"50\" height=\"50\" \/><\/p>\n<p style=\"text-align: justify;\">En Allemagne nous calculons des <a title=\"Pronostics\" href=\"http:\/\/dataminingsoccer.com\/fr\/allemagne\/pronostics-1-bundesliga\/\">[pronostics]<\/a>, des <a title=\"Statistiques par \u00c9quipe\" href=\"http:\/\/dataminingsoccer.com\/fr\/allemagne\/statistiques-par-equipe\/\">[statistiques par \u00e9quipe]<\/a> et des <a title=\"Taux de Succ\u00e8s\" href=\"http:\/\/dataminingsoccer.com\/fr\/allemagne\/taux-de-succes\/\">[taux de succ\u00e8s]<\/a> pour les comp\u00e9titions suivantes:<\/p>\n<table>\n<tbody>\n<tr>\n<td><\/td>\n<td><a title=\"Pronostics\" href=\"http:\/\/dataminingsoccer.com\/fr\/allemagne\/pronostics-1-bundesliga\/\">[pronostics]<\/a><\/td>\n<td><a title=\"Statistiques par \u00c9quipe\" href=\"http:\/\/dataminingsoccer.com\/fr\/allemagne\/statistiques-par-equipe\/\">[statistiques par \u00e9quipe]<\/a><\/td>\n<td><a title=\"Taux de Succ\u00e8s\" href=\"http:\/\/dataminingsoccer.com\/fr\/allemagne\/taux-de-succes\/\">[taux de succ\u00e8s]<\/a><\/td>\n<\/tr>\n<tr>\n<td><img loading=\"lazy\" class=\"alignnone size-full wp-image-168\" src=\"http:\/\/dataminingsoccer.com\/fr\/wp-content\/uploads\/sites\/6\/Bundesliga-Football-Resultats-Prediction-m.png\" alt=\"Bundesliga-Football-Resultats-Prediction\" width=\"37\" height=\"25\" \/><\/td>\n<td><a href=\"http:\/\/dataminingsoccer.com\/fr\/allemagne\/pronostics-1-bundesliga\/1-bundesliga-2015-2016\/\">[1.Bundesliga 2015\/16]<\/a><\/td>\n<td><a href=\"http:\/\/dataminingsoccer.com\/fr\/allemagne\/statistiques-par-equipe\/1-bundesliga-2015-2016\/\">[1.Bundesliga 2015\/16]<\/a><\/td>\n<td><a href=\"http:\/\/dataminingsoccer.com\/fr\/allemagne\/taux-de-succes\/1-bundesliga-2015-2016\/\">[1.Bundesliga 2015\/16]<\/a><\/td>\n<\/tr>\n<tr>\n<td><img loading=\"lazy\" class=\"alignnone size-full wp-image-168\" src=\"http:\/\/dataminingsoccer.com\/fr\/wp-content\/uploads\/sites\/6\/Bundesliga-Football-Resultats-Prediction-m.png\" alt=\"Bundesliga-Football-Resultats-Prediction\" width=\"37\" height=\"25\" \/><\/td>\n<td><a href=\"http:\/\/dataminingsoccer.com\/fr\/allemagne\/pronostics-1-bundesliga\/2-bundesliga-2015-2016\/\">[2.Bundesliga 2015\/16]<\/a><\/td>\n<td><a href=\"http:\/\/dataminingsoccer.com\/fr\/allemagne\/statistiques-par-equipe\/2-bundesliga-2015-2016\/\">[2.Bundesliga 2015\/16]<\/a><\/td>\n<td><a href=\"http:\/\/dataminingsoccer.com\/fr\/allemagne\/taux-de-succes\/2-bundesliga-2015-2016\/\">[2.Bundesliga 2015\/16]<\/a><\/td>\n<\/tr>\n<tr>\n<td><img src=\"http:\/\/dataminingsoccer.com\/wp-content\/uploads\/league-logos\/Liga-3-Fussball-Ergebnis-Vorhersagen-s.png\" alt=\"Liga-3-Fussball-Ergebnis-Vorhersagen\" \/><\/td>\n<td><a href=\"http:\/\/dataminingsoccer.com\/fr\/allemagne\/pronostics-1-bundesliga\/3-liga-2015-2016\/\">[3.Liga 2015\/16]<\/a><\/td>\n<td><a href=\"http:\/\/dataminingsoccer.com\/fr\/allemagne\/statistiques-par-equipe\/3-liga-2015-2016\/\">[3.Liga 2015\/16]<\/a><\/td>\n<td><a href=\"http:\/\/dataminingsoccer.com\/fr\/allemagne\/taux-de-succes\/3-liga-2015-2016\/\">[3.Liga 2015\/16]<\/a><\/td>\n<\/tr>\n<tr>\n<td><img loading=\"lazy\" class=\"alignnone size-full wp-image-1935\" src=\"http:\/\/dataminingsoccer.com\/fr\/wp-content\/uploads\/sites\/6\/dfb-pokal-s.png\" alt=\"dfb-pokal\" width=\"25\" height=\"25\" \/><\/td>\n<td><a href=\"http:\/\/dataminingsoccer.com\/fr\/allemagne\/pronostics-1-bundesliga\/dfb-pokal-2015-2016\/\">[DFB-Pokal 2015\/16]<\/a><\/td>\n<td><\/td>\n<td><\/td>\n<\/tr>\n<tr>\n<td><\/td>\n<td><a title=\"Pronostics\" href=\"http:\/\/dataminingsoccer.com\/fr\/allemagne\/pronostics-1-bundesliga\/\">[avant]<\/a><\/td>\n<td><a title=\"Statistiques par \u00c9quipe\" href=\"http:\/\/dataminingsoccer.com\/fr\/allemagne\/statistiques-par-equipe\/\">[avant]<\/a><\/td>\n<td><a title=\"Taux de Succ\u00e8s\" href=\"http:\/\/dataminingsoccer.com\/fr\/allemagne\/taux-de-succes\/\">[avant]<\/a><\/td>\n<\/tr>\n<\/tbody>\n<\/table>\n<p>Pronostics de r\u00e9sultats de football utilisant data mining pour l&rsquo;Allemagne @ Data.Mininig.Soccer<\/p>\n<p><img loading=\"lazy\" class=\"alignnone size-full wp-image-169\" src=\"http:\/\/dataminingsoccer.com\/fr\/wp-content\/uploads\/sites\/6\/Bundesliga-Football-Resultats-Prediction-s.png\" alt=\"Bundesliga-Football-Resultats-Prediction\" width=\"59\" height=\"50\" \/>\u00a0\u00a0\u00a0\u00a0<img src=\"http:\/\/dataminingsoccer.com\/wp-content\/uploads\/league-logos\/Liga-3-Fussball-Ergebnis-Vorhersagen.png\" alt=\"Liga-3-Fussball-Ergebnis-Vorhersagen\" \/>\u00a0 \u00a0 \u00a0<img loading=\"lazy\" class=\"alignnone size-full wp-image-1936\" src=\"http:\/\/dataminingsoccer.com\/fr\/wp-content\/uploads\/sites\/6\/dfb-pokal.png\" alt=\"dfb-pokal\" width=\"50\" height=\"50\" \/><\/p>\n<p style=\"text-align: justify;\">Les gagnants des titres historiques de la\u00a0<a title=\"1.Bundesliga 2014\/15\" href=\"http:\/\/dataminingsoccer.com\/fr\/allemagne\/pronostics-1-bundesliga\/1-bundesliga-2015-2016\/\">[1.Bundesliga]<\/a> en Allemagne, et le nombre de championnats remport\u00e9s en bref:<\/p>\n<p style=\"text-align: justify;\">FC Bayern Munich \u00a0 (24)\u00a0\u00a0 ****\u00a0\u00a0 <img loading=\"lazy\" class=\"alignnone size-full wp-image-168\" src=\"http:\/\/dataminingsoccer.com\/fr\/wp-content\/uploads\/sites\/6\/Bundesliga-Football-Resultats-Prediction-m.png\" alt=\"Bundesliga-Football-Resultats-Prediction\" width=\"37\" height=\"25\" \/>\u00a0\u00a0 (champion actuel)<br \/>\nBorussia Dortmund \u00a0 (5)\u00a0\u00a0 **<br \/>\nBorussia M&rsquo;Gladbach\u00a0\u00a0 (5)\u00a0\u00a0 **<br \/>\nWerder Br\u00eame \u00a0 (4)\u00a0\u00a0 *<br \/>\nHambourg\u00a0SV \u00a0 (3)\u00a0\u00a0 *<br \/>\nVfB Stuttgart \u00a0 (3)\u00a0\u00a0 *<br \/>\n1 FC Kaiserslautern \u00a0 (2)<br \/>\n1 FC Cologne \u00a0 (2)<br \/>\nEintracht\u00a0Brunswick \u00a0 (1)<br \/>\nTSV 1860 Munich \u00a0 (1)<br \/>\n1 FC Nuremberg \u00a0 (1)<br \/>\nVfL Wolfsburg\u00a0\u00a0 (1)<\/p>\n<p style=\"text-align: justify;\"><img loading=\"lazy\" class=\"alignnone size-full wp-image-169\" src=\"http:\/\/dataminingsoccer.com\/fr\/wp-content\/uploads\/sites\/6\/Bundesliga-Football-Resultats-Prediction-s.png\" alt=\"Bundesliga-Football-Resultats-Prediction\" width=\"59\" height=\"50\" \/>\u00a0\u00a0\u00a0\u00a0<img src=\"http:\/\/dataminingsoccer.com\/wp-content\/uploads\/league-logos\/Liga-3-Fussball-Ergebnis-Vorhersagen.png\" alt=\"Liga-3-Fussball-Ergebnis-Vorhersagen\" \/>\u00a0 \u00a0 \u00a0<img loading=\"lazy\" class=\"alignnone size-full wp-image-1936\" src=\"http:\/\/dataminingsoccer.com\/fr\/wp-content\/uploads\/sites\/6\/dfb-pokal.png\" alt=\"dfb-pokal\" width=\"50\" height=\"50\" \/><\/p>\n<p style=\"text-align: justify;\">Les gagnants des titres historiques de la <a title=\"Pronostics Coupe \u2018DFB Pokal\u2019\" href=\"http:\/\/dataminingsoccer.com\/fr\/allemagne\/pronostics-1-bundesliga\/dfb-pokal-2015-2016\/\">[Coupe d&rsquo;Allemagne &lsquo;DFB Pokal&rsquo;]<\/a>:<\/p>\n<p style=\"text-align: justify;\">FC Bayern Munich\u00a0\u00a0 (17)<br \/>\nWerder\u00a0Br\u00eame\u00a0\u00a0 (6)<br \/>\nFC Schalke 04 \u00a0 (5)<br \/>\n1. FC\u00a0Cologne\u00a0\u00a0 (4)<br \/>\nEintracht Frankfort\u00a0\u00a0 (4)<br \/>\n1. FC\u00a0Nuremberg\u00a0\u00a0 (4)<br \/>\nHambourg SV\u00a0\u00a0 (3)<br \/>\nVfB Stuttgart\u00a0\u00a0 (3)<br \/>\nBorussia Dortmund\u00a0\u00a0 (3)<br \/>\nBorussia M&rsquo;Gladbach\u00a0\u00a0 (3)<br \/>\nFortuna Dusseldorf\u00a0\u00a0 (2)<br \/>\n1. FC Kaiserslautern\u00a0\u00a0 (2)<br \/>\nKarlsruher SC\u00a0\u00a0 (2)<br \/>\nDresdner SC\u00a0\u00a0 (2)<br \/>\nTSV 1860 Munich \u00a0 (2)<br \/>\nBayer 04 Leverkusen\u00a0\u00a0 (1)<br \/>\nRot-Weiss Essen\u00a0\u00a0 (1)<br \/>\nSchwarz-Weiss Essen\u00a0\u00a0 (1)<br \/>\nHanovre 96\u00a0\u00a0 (1)<br \/>\nVfB Leipzig\u00a0\u00a0 (1)<br \/>\nKickers Offenbach\u00a0\u00a0 (1)<br \/>\nKFC Uerdingen 05\u00a0\u00a0 (1)<br \/>\nFirst Vienna FC 1894\u00a0\u00a0 (1)<br \/>\nSK Rapid Wien\u00a0\u00a0 (1)<br \/>\nVfL Wolfsburg \u00a0 (1)\u00a0\u00a0 <img loading=\"lazy\" class=\"alignnone size-full wp-image-1935\" src=\"http:\/\/dataminingsoccer.com\/fr\/wp-content\/uploads\/sites\/6\/dfb-pokal-s.png\" alt=\"dfb-pokal\" width=\"25\" height=\"25\" \/>\u00a0\u00a0 (champion actuel)<\/p>\n<p style=\"text-align: justify;\"><img loading=\"lazy\" class=\"alignnone size-full wp-image-169\" src=\"http:\/\/dataminingsoccer.com\/fr\/wp-content\/uploads\/sites\/6\/Bundesliga-Football-Resultats-Prediction-s.png\" alt=\"Bundesliga-Football-Resultats-Prediction\" width=\"59\" height=\"50\" \/>\u00a0\u00a0\u00a0\u00a0<img src=\"http:\/\/dataminingsoccer.com\/wp-content\/uploads\/league-logos\/Liga-3-Fussball-Ergebnis-Vorhersagen.png\" alt=\"Liga-3-Fussball-Ergebnis-Vorhersagen\" \/>\u00a0 \u00a0 \u00a0<img loading=\"lazy\" class=\"alignnone size-full wp-image-1936\" src=\"http:\/\/dataminingsoccer.com\/fr\/wp-content\/uploads\/sites\/6\/dfb-pokal.png\" alt=\"dfb-pokal\" width=\"50\" height=\"50\" \/><\/p>\n","protected":false},"excerpt":{"rendered":"<p>R\u00e9sultats de Football: Pronostics utilisant Data Mining\u00a0\u00a0\u00a0\u00a0\u00a0 \u00a0 \u00a0 En Allemagne nous calculons des [pronostics], des [statistiques par \u00e9quipe] et des [taux de succ\u00e8s] pour les comp\u00e9titions suivantes: [pronostics] [statistiques par \u00e9quipe] [taux de succ\u00e8s] [1.Bundesliga 2015\/16] [1.Bundesliga 2015\/16] [1.Bundesliga 2015\/16] [2.Bundesliga 2015\/16] [2.Bundesliga 2015\/16] [2.Bundesliga 2015\/16] [3.Liga 2015\/16] [3.Liga 2015\/16] [3.Liga 2015\/16] [DFB-Pokal 2015\/16] &hellip; <a href=\"https:\/\/dataminingsoccer.com\/fr\/allemagne\/\" class=\"more-link\">Continuer la lecture de <span class=\"screen-reader-text\">Allemagne<\/span> <span class=\"meta-nav\">&rarr;<\/span><\/a><\/p>\n","protected":false},"author":7,"featured_media":0,"parent":0,"menu_order":10,"comment_status":"closed","ping_status":"closed","template":"","meta":[],"yoast_head":"<!-- This site is optimized with the Yoast SEO plugin v14.8 - https:\/\/yoast.com\/wordpress\/plugins\/seo\/ -->\n<meta name=\"description\" content=\"Pronostics football allemand. Aper\u00e7u historique des championnats de la 1.Bundesliga. Pronostics football en utilisant r\u00e9sultat de data mining.\" \/>\n<meta name=\"robots\" content=\"index, follow\" \/>\n<meta name=\"googlebot\" content=\"index, follow, max-snippet:-1, max-image-preview:large, max-video-preview:-1\" \/>\n<meta name=\"bingbot\" content=\"index, follow, max-snippet:-1, max-image-preview:large, max-video-preview:-1\" \/>\n<link rel=\"canonical\" href=\"http:\/\/dataminingsoccer.com\/fr\/allemagne\/\" \/>\n<script type=\"application\/ld+json\" class=\"yoast-schema-graph\">{\"@context\":\"https:\/\/schema.org\",\"@graph\":[{\"@type\":\"WebSite\",\"@id\":\"https:\/\/dataminingsoccer.com\/fr\/#website\",\"url\":\"https:\/\/dataminingsoccer.com\/fr\/\",\"name\":\"Pronostics de R\\u00e9sultats de Football\",\"description\":\"bas\\u00e9 sur des analyses statistiques utilisant data mining.. Nous aimons le football!     Nous aimons les jeux de nombre!\",\"potentialAction\":[{\"@type\":\"SearchAction\",\"target\":\"https:\/\/dataminingsoccer.com\/fr\/?s={search_term_string}\",\"query-input\":\"required name=search_term_string\"}],\"inLanguage\":\"fr-FR\"},{\"@type\":\"ImageObject\",\"@id\":\"http:\/\/dataminingsoccer.com\/fr\/allemagne\/#primaryimage\",\"inLanguage\":\"fr-FR\",\"url\":\"http:\/\/dataminingsoccer.com\/fr\/wp-content\/uploads\/sites\/6\/Bundesliga-Football-Resultats-Prediction-s.png\"},{\"@type\":\"WebPage\",\"@id\":\"http:\/\/dataminingsoccer.com\/fr\/allemagne\/#webpage\",\"url\":\"http:\/\/dataminingsoccer.com\/fr\/allemagne\/\",\"name\":\"Allemagne - Pronostics de R\\u00e9sultats de Football\",\"isPartOf\":{\"@id\":\"https:\/\/dataminingsoccer.com\/fr\/#website\"},\"primaryImageOfPage\":{\"@id\":\"http:\/\/dataminingsoccer.com\/fr\/allemagne\/#primaryimage\"},\"datePublished\":\"2013-09-11T23:43:14+00:00\",\"dateModified\":\"2015-07-26T00:08:28+00:00\",\"description\":\"Pronostics football allemand. Aper\\u00e7u historique des championnats de la 1.Bundesliga. Pronostics football en utilisant r\\u00e9sultat de data mining.\",\"inLanguage\":\"fr-FR\",\"potentialAction\":[{\"@type\":\"ReadAction\",\"target\":[\"http:\/\/dataminingsoccer.com\/fr\/allemagne\/\"]}]}]}<\/script>\n<!-- \/ Yoast SEO plugin. -->","_links":{"self":[{"href":"https:\/\/dataminingsoccer.com\/fr\/wp-json\/wp\/v2\/pages\/7"}],"collection":[{"href":"https:\/\/dataminingsoccer.com\/fr\/wp-json\/wp\/v2\/pages"}],"about":[{"href":"https:\/\/dataminingsoccer.com\/fr\/wp-json\/wp\/v2\/types\/page"}],"author":[{"embeddable":true,"href":"https:\/\/dataminingsoccer.com\/fr\/wp-json\/wp\/v2\/users\/7"}],"replies":[{"embeddable":true,"href":"https:\/\/dataminingsoccer.com\/fr\/wp-json\/wp\/v2\/comments?post=7"}],"version-history":[{"count":33,"href":"https:\/\/dataminingsoccer.com\/fr\/wp-json\/wp\/v2\/pages\/7\/revisions"}],"predecessor-version":[{"id":3115,"href":"https:\/\/dataminingsoccer.com\/fr\/wp-json\/wp\/v2\/pages\/7\/revisions\/3115"}],"wp:attachment":[{"href":"https:\/\/dataminingsoccer.com\/fr\/wp-json\/wp\/v2\/media?parent=7"}],"curies":[{"name":"wp","href":"https:\/\/api.w.org\/{rel}","templated":true}]}}