{"id":1747,"date":"2014-07-03T22:21:19","date_gmt":"2014-07-03T20:21:19","guid":{"rendered":"http:\/\/dataminingsoccer.com\/fr\/?page_id=1747"},"modified":"2014-07-16T22:54:16","modified_gmt":"2014-07-16T20:54:16","slug":"videos-crees-par-nous","status":"publish","type":"page","link":"https:\/\/dataminingsoccer.com\/fr\/videos\/videos-crees-par-nous\/","title":{"rendered":"Vid\u00e9os cr\u00e9\u00e9s par nous"},"content":{"rendered":"<h2>Vid\u00e9os Infotainment sur Football et Statistiques <\/h2><p style=\"text-align: justify;\">Ci-dessous vous trouvez un certain nombre de nos propres vid\u00e9os infotainment sur \u200b\u200ble football et les statistiques.<\/p>\n<p style=\"text-align: justify;\">Highlights Coupe du Monde 2014 au Br\u00e9sil:<\/p>\n<p style=\"text-align: justify;\"><iframe width=\"560\" height=\"315\" src=\"\/\/www.youtube-nocookie.com\/embed\/3dOVCNl7sDk?rel=0\" frameborder=\"0\" allowfullscreen><\/iframe><\/p>\n<p style=\"text-align: justify;\">Avec des tweets de DataMiningSoccer et des images de 8bit-football.com: Ronaldo, Donovan, Fred, van Persie, Casillas, Hart, Balotelli, Seferovic, Benzema, Messi, Pepe, M\u00fcller, Brooks, Fellaini, Ochoa, Akinfeev, Cahill, Mandzukic, Song, Buffon, Ruiz, Valbuena, Giroud, Klose, Slimani, Howard, Varela, Suarez, Chiellini, Samaras, Sabella, Lavezzi, Noboa, Jones, Julio Cesar, James Rogriquez, Huntelaar, Herrera, Gekas, Navas, Matuidi, Onazi, L\u00f6w, Neuer, Di Maria, Dempsey, Luiz, Neymar, Zuniga, Robben, Cillessen, Krul, Scolari, van Gaal, Kroos, Khedira, Sch\u00fcrrle, Garay, G\u00f6tze, Romero, Cristo Redentor.<\/p>\n<p style=\"text-align: justify;\"><span class=\"hps\">Par ailleurs<\/span>, <span class=\"hps\">nous essayons toujours<\/span> <span class=\"hps\">d&rsquo;\u00e9num\u00e9rer<\/span> <span class=\"hps\">toutes les sources et<\/span> <span id=\"result_box\" lang=\"fr\"><span class=\"hps\">contributeurs<\/span><\/span> <span class=\"hps atn\">(<\/span>involontaires) <span class=\"hps\">comme auteurs<\/span>. <span class=\"hps\">Dans<\/span> <span class=\"hps\">le cas o\u00f9 vous<\/span> <span class=\"hps\">identifiez<\/span> <span class=\"hps\">une source<\/span> <span class=\"hps\">pas<\/span> <span class=\"hps\">encore mentionn\u00e9<\/span>, nous <span class=\"hps\">vous serions reconnaissants d&rsquo;une indication<\/span> <span class=\"hps\">par<\/span> <a title=\"Contact\" href=\"http:\/\/dataminingsoccer.com\/fr\/contact\/\"><span class=\"hps\">[contact]<\/span><\/a>.<\/p>\n<p style=\"text-align: justify;\"><span class=\"hps\">Actuellement en production<\/span> <span class=\"hps\">sont<\/span> <span class=\"hps\">des vid\u00e9os avec<\/span>\u00a0<span id=\"result_box\" lang=\"fr\">la participation<\/span> <span class=\"hps atn\">(<\/span>involontaire) de:<\/p>\n<p style=\"text-align: justify;\">David Alaba, Karl Allg\u00f6wer, Rudi Assauer, Klaus Augenthaler, Michael Ballack, Mario Basler, Franz Beckenbauer, Oliver Bierhoff, Sepp Blatter, Egidius Braun, Eintracht Braunschweiger Fankurve, Paul Breitner, Manni Breuckmann, Jochen Breyer, Guido Buchwald, Reiner Calmund, Sarah Connor, Christoph Daum, Norbert Dickel, Thomas Doll, Stefan Effenberg, Kurt Emmerich, Edi Finger, Danny Fritz, Stefan Galler, Eduard Geyer, Helmut Grashoff, Kevin Gro\u00dfkreutz, Pep Guardiola, Bruno Labbadia, Werner Hansch, Waldemar Hartmann, Horst Heldt, Jupp Heynckes, Timo Hildebrand, Dieter Hoene\u00df, Uli Hoene\u00df, Benedikt H\u00f6wedes, Horst Hrubesch, Hans Huber, G\u00fcnther Jauch, Oliver Kahn, Thomas Killian, J\u00fcrgen Klinsmann, J\u00fcrgen Klopp, Miroslav Klose, Willi Konrad, Kevin Kuranyi, Udo Lattek, Willi Lemke, Detlev Lindner, Willi Lippens, Jogi L\u00f6w, Werner Lorant, Felix Magath, Sepp Maier, Lothar Matth\u00e4us, Gerhard Mayervorfelder, Per Mertesacker, Hans Meyer, Rudi Michel, Andreas M\u00f6ller, G\u00fcnter Netzer, Jose Mourinho, Thomas M\u00fcller, Manuel Neuer, G\u00fcnther Neukirchner, Peter Neururer, Matthias Opdenh\u00f6vel, Peter Pacult, Toni Pfeffer, Martin Pieckenhagen, Lukas Podolski, Roy Pr\u00e4ger, Petar Radenkovic, Judith Rakers, Ralf Rangnick, Otto Rehhagel, B\u00e9la R\u00e9thy, Erich Ribbeck, Frank Rost, Gerd Rubenbauer, Karl-Heinz Rummenigge, Matthias Sammer, Thomas Schaaf, Winfried Sch\u00e4fer, Klaus Schlappner, Harald Schmidt, Helge Schneider, Mehmet Scholl, Helmut Schulte, Dirk Schuster, Steffen Simon, Dragoslav Stepanovic, J\u00f6rg Stiel, Uli Stielike, Christian Streich, Carmen Thomas, Giovanni Trapattoni, Louis van Gaal, Thomas Feltes, Gertjan Verbeek, Berti Vogts, Rudi V\u00f6ller, Sven Voss, Fritz Walter, Oliver Welke, Robert Wieschemann, Kenneth Wolstenholme, J\u00f6rg Wontorra, Christian Ziege, Herbert Zimmermann.<\/p>\n<p style=\"text-align: justify;\"><a title=\"Vid\u00e9os cr\u00e9\u00e9s par nous\" href=\"http:\/\/dataminingsoccer.com\/fr\/videos\/videos-crees-par-nous\/\"><img loading=\"lazy\" class=\"alignnone size-full wp-image-1072\" src=\"http:\/\/dataminingsoccer.com\/fr\/wp-content\/uploads\/sites\/6\/Data-Mining-Soccer-haut-de-page-m.png\" alt=\"Data-Mining-Soccer-haut-de-page\" width=\"50\" height=\"50\" \/><\/a>\u00a0\u00a0\u00a0\u00a0 <a href=\"http:\/\/dataminingsoccer.com\/fr\/\"><img loading=\"lazy\" class=\"alignnone size-full wp-image-1070\" src=\"http:\/\/dataminingsoccer.com\/fr\/wp-content\/uploads\/sites\/6\/Data-Mining-Soccer-football-resultat-pronostics-m.png\" alt=\"Data-Mining-Soccer-football-resultat-pronostics\" width=\"50\" height=\"50\" \/><\/a>\u00a0\u00a0\u00a0\u00a0 <a title=\"DataMiningSoccer (fran\u00e7ais) @Twitter\" href=\"http:\/\/twitter.com\/DataMinSoccerFR\" target=\"_blank\"><img loading=\"lazy\" class=\"alignnone size-full wp-image-1473\" src=\"http:\/\/dataminingsoccer.com\/fr\/wp-content\/uploads\/sites\/6\/Twitter-Data-Mining-Soccer.png\" alt=\"Twitter-Data-Mining-Soccer\" width=\"50\" height=\"50\" \/><\/a>\u00a0\u00a0\u00a0\u00a0 <a title=\"DataMiningSoccer (anglais) @Facebook\" href=\"http:\/\/www.facebook.com\/dataminingsoccer\" target=\"_blank\"><img loading=\"lazy\" class=\"alignnone size-full wp-image-1469\" src=\"http:\/\/dataminingsoccer.com\/fr\/wp-content\/uploads\/sites\/6\/Facebook-Data-Mining-Soccer.png\" alt=\"Facebook-Data-Mining-Soccer\" width=\"50\" height=\"50\" \/><\/a>\u00a0\u00a0\u00a0\u00a0 <a title=\"DataMiningSoccer @YouTube\" href=\"http:\/\/www.youtube.com\/channel\/UCxGBQc_ziGx_Ylgc0k94QWg\" target=\"_blank\"><img loading=\"lazy\" class=\"alignnone size-full wp-image-1475\" src=\"http:\/\/dataminingsoccer.com\/fr\/wp-content\/uploads\/sites\/6\/YouTube-Data-Mining-Soccer.png\" alt=\"YouTube-Data-Mining-Soccer\" width=\"50\" height=\"50\" \/><\/a><\/p>\n","protected":false},"excerpt":{"rendered":"<p>Vid\u00e9os Infotainment sur Football et Statistiques Ci-dessous vous trouvez un certain nombre de nos propres vid\u00e9os infotainment sur \u200b\u200ble football et les statistiques. Highlights Coupe du Monde 2014 au Br\u00e9sil: Avec des tweets de DataMiningSoccer et des images de 8bit-football.com: Ronaldo, Donovan, Fred, van Persie, Casillas, Hart, Balotelli, Seferovic, Benzema, Messi, Pepe, M\u00fcller, Brooks, Fellaini, &hellip; <a href=\"https:\/\/dataminingsoccer.com\/fr\/videos\/videos-crees-par-nous\/\" class=\"more-link\">Continuer la lecture de <span class=\"screen-reader-text\">Vid\u00e9os cr\u00e9\u00e9s par nous<\/span> <span class=\"meta-nav\">&rarr;<\/span><\/a><\/p>\n","protected":false},"author":7,"featured_media":0,"parent":1746,"menu_order":10,"comment_status":"closed","ping_status":"closed","template":"","meta":[],"yoast_head":"<!-- This site is optimized with the Yoast SEO plugin v14.8 - https:\/\/yoast.com\/wordpress\/plugins\/seo\/ -->\n<meta name=\"description\" content=\"Vid\u00e9os infotainment par DataMiningSoccer sur nos sujets centraux de football et des statistiques\" \/>\n<meta name=\"robots\" content=\"index, follow\" \/>\n<meta name=\"googlebot\" content=\"index, follow, max-snippet:-1, max-image-preview:large, max-video-preview:-1\" \/>\n<meta name=\"bingbot\" content=\"index, follow, max-snippet:-1, max-image-preview:large, max-video-preview:-1\" \/>\n<link rel=\"canonical\" href=\"https:\/\/dataminingsoccer.com\/fr\/videos\/videos-crees-par-nous\/\" \/>\n<script type=\"application\/ld+json\" class=\"yoast-schema-graph\">{\"@context\":\"https:\/\/schema.org\",\"@graph\":[{\"@type\":\"WebSite\",\"@id\":\"https:\/\/dataminingsoccer.com\/fr\/#website\",\"url\":\"https:\/\/dataminingsoccer.com\/fr\/\",\"name\":\"Pronostics de R\\u00e9sultats de Football\",\"description\":\"bas\\u00e9 sur des analyses statistiques utilisant data mining.. Nous aimons le football!     Nous aimons les jeux de nombre!\",\"potentialAction\":[{\"@type\":\"SearchAction\",\"target\":\"https:\/\/dataminingsoccer.com\/fr\/?s={search_term_string}\",\"query-input\":\"required name=search_term_string\"}],\"inLanguage\":\"fr-FR\"},{\"@type\":\"ImageObject\",\"@id\":\"https:\/\/dataminingsoccer.com\/fr\/videos\/videos-crees-par-nous\/#primaryimage\",\"inLanguage\":\"fr-FR\",\"url\":\"http:\/\/dataminingsoccer.com\/fr\/wp-content\/uploads\/sites\/6\/Data-Mining-Soccer-haut-de-page-m.png\"},{\"@type\":\"WebPage\",\"@id\":\"https:\/\/dataminingsoccer.com\/fr\/videos\/videos-crees-par-nous\/#webpage\",\"url\":\"https:\/\/dataminingsoccer.com\/fr\/videos\/videos-crees-par-nous\/\",\"name\":\"Vid\\u00e9os cr\\u00e9\\u00e9s par nous - Pronostics de R\\u00e9sultats de Football\",\"isPartOf\":{\"@id\":\"https:\/\/dataminingsoccer.com\/fr\/#website\"},\"primaryImageOfPage\":{\"@id\":\"https:\/\/dataminingsoccer.com\/fr\/videos\/videos-crees-par-nous\/#primaryimage\"},\"datePublished\":\"2014-07-03T20:21:19+00:00\",\"dateModified\":\"2014-07-16T20:54:16+00:00\",\"description\":\"Vid\\u00e9os infotainment par DataMiningSoccer sur nos sujets centraux de football et des statistiques\",\"inLanguage\":\"fr-FR\",\"potentialAction\":[{\"@type\":\"ReadAction\",\"target\":[\"https:\/\/dataminingsoccer.com\/fr\/videos\/videos-crees-par-nous\/\"]}]}]}<\/script>\n<!-- \/ Yoast SEO plugin. -->","_links":{"self":[{"href":"https:\/\/dataminingsoccer.com\/fr\/wp-json\/wp\/v2\/pages\/1747"}],"collection":[{"href":"https:\/\/dataminingsoccer.com\/fr\/wp-json\/wp\/v2\/pages"}],"about":[{"href":"https:\/\/dataminingsoccer.com\/fr\/wp-json\/wp\/v2\/types\/page"}],"author":[{"embeddable":true,"href":"https:\/\/dataminingsoccer.com\/fr\/wp-json\/wp\/v2\/users\/7"}],"replies":[{"embeddable":true,"href":"https:\/\/dataminingsoccer.com\/fr\/wp-json\/wp\/v2\/comments?post=1747"}],"version-history":[{"count":12,"href":"https:\/\/dataminingsoccer.com\/fr\/wp-json\/wp\/v2\/pages\/1747\/revisions"}],"predecessor-version":[{"id":1905,"href":"https:\/\/dataminingsoccer.com\/fr\/wp-json\/wp\/v2\/pages\/1747\/revisions\/1905"}],"up":[{"embeddable":true,"href":"https:\/\/dataminingsoccer.com\/fr\/wp-json\/wp\/v2\/pages\/1746"}],"wp:attachment":[{"href":"https:\/\/dataminingsoccer.com\/fr\/wp-json\/wp\/v2\/media?parent=1747"}],"curies":[{"name":"wp","href":"https:\/\/api.w.org\/{rel}","templated":true}]}}