{"id":1603,"date":"2014-06-18T14:26:53","date_gmt":"2014-06-18T12:26:53","guid":{"rendered":"http:\/\/dataminingsoccer.com\/fr\/?page_id=1603"},"modified":"2014-07-05T02:38:31","modified_gmt":"2014-07-05T00:38:31","slug":"championnat-europe-2012","status":"publish","type":"page","link":"https:\/\/dataminingsoccer.com\/fr\/coupe-du-monde-et-coupe-d-europe\/taux-de-succes\/championnat-europe-2012\/","title":{"rendered":"Championnat d\u2019Europe 2012"},"content":{"rendered":"<h2>Nos Taux de Succ\u00e8s (Cat\u00e9gories differentes)<\/h2><p style=\"text-align: justify;\"><img loading=\"lazy\" class=\"alignnone size-full wp-image-170\" src=\"http:\/\/dataminingsoccer.com\/fr\/wp-content\/uploads\/sites\/6\/Coupe-Euro-2012-Pologne-Ukraine-Football-Resultats-Prediction-m.png\" alt=\"Coupe-Euro-2012-Pologne-Ukraine-Football-Resultats-Prediction\" width=\"42\" height=\"49\" \/>\u00a0\u00a0\u00a0\u00a0 \u00a0\u00a0\u00a0\u00a0 \u00a0\u00a0\u00a0\u00a0  \u00a0 \u00a0  \u00a0 \u00a0  \u00a0 \u00a0  \u00a0 \u00a0 <\/p>\n<p style=\"text-align: justify;\">Taux de succ\u00e8s pour la <strong>tendance du r\u00e9sultat<\/strong> (victoire \u00e0 domicile\/ match nul\/ victoire \u00e0 l&rsquo;ext\u00e9rieur) de tous les matches au Championnat d&rsquo;Europe 2012 en Pologne et en Ukraine (2012-07-01):<\/p>\n<p style=\"text-align: justify;\"><script type='text\/javascript' src='https:\/\/dataminingsoccer.com\/fr\/wp-content\/plugins\/easy-chart-builder\/js\/easy-chart-builder.js'><\/script>\n\n<div id=\"easyChartDiv19928001\" style='width:100%;'  style='text-align:center;' align='center'>\n<!-- Easy Chart Builder by dyerware -->\n<img id=\"easyChartDiv19928001_img\" style='text-align:center;float:center;' alt='pr\u00e9diction de r\u00e9sultats de football' title='pr\u00e9diction de r\u00e9sultats de football'  align='center' border='0' \/>\n\n<\/div>\n<script type=\"text\/javascript\">\n\/\/<![CDATA[\nwpEasyChart.wpNewChart(\"easyChartDiv19928001\", {\"type\":\"horizbar\",\"width\":\"350\",\"height\":\"65\",\"title\":\"Taux de Succ\\u00e8s pour la Tendance du R\\u00e9sultat de tous les Matches\",\"minaxis\":\"\",\"groupnames\":\"par hasard serait \\u00f8 ~37%, taux de succ\\u00e8s de nos pronostics\",\"groupcolors\":\"44280c,4e9f22,f3a214,ffffff,A3A3A3,007070,00FFFF,CC7000,00CC70,CC0070,7000CC,A370CC\",\"valuenames\":\" , success rate, \",\"group1values\":\"37\",\"group2values\":\"39\",\"group3values\":\"0,0,0\",\"group4values\":\"0,0,0\",\"group5values\":\"0,0,0\",\"group6values\":\"0,0,0\",\"group7values\":\"0,0,0\",\"group8values\":\"0,0,0\",\"group9values\":\"0,0,0\",\"group10values\":\"0,0,0\",\"group11values\":\"0,0,0\",\"group12values\":\"0,0,0\",\"group1markers\":\"\",\"group2markers\":\"\",\"group3markers\":\"\",\"group4markers\":\"\",\"group5markers\":\"\",\"group6markers\":\"\",\"group7markers\":\"\",\"group8markers\":\"\",\"group9markers\":\"\",\"group10markers\":\"\",\"group11markers\":\"\",\"group12markers\":\"\",\"markercolor\":\"FFFF00\",\"imagealtattr\":\"pr\\u00e9diction de r\\u00e9sultats de football\",\"imagetitleattr\":\"pr\\u00e9diction de r\\u00e9sultats de football\",\"hidechartdata\":true,\"chartcolor\":\"FFFFFF\",\"chartfadecolor\":\"ffffff\",\"datatablecss\":\"hentry easyChartDataTable\",\"imgstyle\":\"text-align:center;float:center;\",\"watermark\":\"\",\"watermarkvert\":\"\",\"watermarkcolor\":\"A0BAE9\",\"currency\":\"\",\"currencyright\":false,\"precision\":\"\",\"grid\":false,\"axis\":\"both\"});\n\/\/]]>\n<\/script><\/p>\n<p style=\"text-align: justify;\">39% de tous les matches ont \u00e9t\u00e9 pr\u00e9dits avec la tendance correcte (par hasard statistique serait environ 37%: 33% pour les matches de groupes, 50% pour les finales).<\/p>\n<p style=\"text-align: justify;\"><img loading=\"lazy\" class=\"alignnone size-full wp-image-170\" src=\"http:\/\/dataminingsoccer.com\/fr\/wp-content\/uploads\/sites\/6\/Coupe-Euro-2012-Pologne-Ukraine-Football-Resultats-Prediction-m.png\" alt=\"Coupe-Euro-2012-Pologne-Ukraine-Football-Resultats-Prediction\" width=\"42\" height=\"49\" \/>\u00a0\u00a0\u00a0\u00a0 \u00a0\u00a0\u00a0\u00a0 \u00a0\u00a0\u00a0\u00a0  \u00a0 \u00a0  \u00a0 \u00a0  \u00a0 \u00a0  \u00a0 \u00a0 <\/p>\n<p style=\"text-align: justify;\">Taux de succ\u00e8s pour tous les matches au Championnat\u00a0d&rsquo;Europe 2012 en Pologne et en Ukraine <strong>par groupe<\/strong> (2012-07-01):<\/p>\n<p style=\"text-align: justify;\">\n<div id=\"easyChartDiv6a7c8002\" style='width:100%;'  style='text-align:center;' align='center'>\n<!-- Easy Chart Builder by dyerware -->\n<img id=\"easyChartDiv6a7c8002_img\" style='text-align:center;float:center;' alt='pr\u00e9diction de r\u00e9sultats de football' title='pr\u00e9diction de r\u00e9sultats de football'  align='center' border='0' \/>\n\n<\/div>\n<script type=\"text\/javascript\">\n\/\/<![CDATA[\nwpEasyChart.wpNewChart(\"easyChartDiv6a7c8002\", {\"type\":\"vertbar\",\"width\":\"350\",\"height\":\"120\",\"title\":\"Taux de Succ\\u00e8s pour tous les Matches par Groupe\",\"minaxis\":\"\",\"groupnames\":\"par hasard serait \\u00f8 ~33%, taux de succ\\u00e8s de nos pronostics\",\"groupcolors\":\"44280c,4e9f22,f3a214,ffffff,A3A3A3,007070,00FFFF,CC7000,00CC70,CC0070,7000CC,A370CC\",\"valuenames\":\"groupe A , groupe B, groupe C, groupe D\",\"group1values\":\"33, 33, 33, 33\",\"group2values\":\"50, 33, 17, 33\",\"group3values\":\"0,0,0\",\"group4values\":\"0,0,0\",\"group5values\":\"0,0,0\",\"group6values\":\"0,0,0\",\"group7values\":\"0,0,0\",\"group8values\":\"0,0,0\",\"group9values\":\"0,0,0\",\"group10values\":\"0,0,0\",\"group11values\":\"0,0,0\",\"group12values\":\"0,0,0\",\"group1markers\":\"\",\"group2markers\":\"\",\"group3markers\":\"\",\"group4markers\":\"\",\"group5markers\":\"\",\"group6markers\":\"\",\"group7markers\":\"\",\"group8markers\":\"\",\"group9markers\":\"\",\"group10markers\":\"\",\"group11markers\":\"\",\"group12markers\":\"\",\"markercolor\":\"FFFF00\",\"imagealtattr\":\"pr\\u00e9diction de r\\u00e9sultats de football\",\"imagetitleattr\":\"pr\\u00e9diction de r\\u00e9sultats de football\",\"hidechartdata\":true,\"chartcolor\":\"FFFFFF\",\"chartfadecolor\":\"ffffff\",\"datatablecss\":\"hentry easyChartDataTable\",\"imgstyle\":\"text-align:center;float:center;\",\"watermark\":\"\",\"watermarkvert\":\"\",\"watermarkcolor\":\"A0BAE9\",\"currency\":\"\",\"currencyright\":false,\"precision\":\"\",\"grid\":false,\"axis\":\"both\"});\n\/\/]]>\n<\/script><\/p>\n<p style=\"text-align: justify;\"><span id=\"result_box\" lang=\"fr\"><span class=\"hps\">Tous les<\/span> <span class=\"hps\">chiffres sont<\/span> <span class=\"hps\">des pourcentages<\/span>. <span id=\"result_box\" lang=\"fr\"><span id=\"result_box\" lang=\"fr\"><span class=\"hps\">Quota<\/span> <span class=\"hps\">pour tous les matches<\/span> <span class=\"hps\">de groupe<\/span>: <span class=\"hps\">33<\/span>% <span class=\"hps atn\">(8<\/span> sur 24).<\/span><\/span> Par <span class=\"hps\">hasard statistique<\/span> <span class=\"hps\">serait \u00e0 peu pr\u00e8s<\/span> <span class=\"hps\">33<\/span>% <span class=\"hps atn\">(<\/span>comparaison <span class=\"hps\">des<\/span> <span class=\"hps\">colonnes<\/span> <span class=\"hps alt-edited\">marrons<\/span>). <span id=\"result_box\" lang=\"fr\"><span id=\"result_box\" lang=\"fr\"><span class=\"hps\">La meilleure qualit\u00e9<\/span> <span class=\"hps\">de pr\u00e9diction<\/span> <span class=\"hps\">pour groupe<\/span> <span class=\"hps\">A<\/span> <span class=\"hps atn\">(50<\/span>%), la pire <span class=\"hps\">pour groupe<\/span> <span class=\"hps\">C<\/span> <span class=\"hps atn\">(17<\/span>%).<\/span><\/span><br \/>\n<\/span><\/p>\n<p style=\"text-align: justify;\"><img loading=\"lazy\" class=\"alignnone size-full wp-image-170\" src=\"http:\/\/dataminingsoccer.com\/fr\/wp-content\/uploads\/sites\/6\/Coupe-Euro-2012-Pologne-Ukraine-Football-Resultats-Prediction-m.png\" alt=\"Coupe-Euro-2012-Pologne-Ukraine-Football-Resultats-Prediction\" width=\"42\" height=\"49\" \/>\u00a0\u00a0\u00a0\u00a0 \u00a0\u00a0\u00a0\u00a0 \u00a0\u00a0\u00a0\u00a0  \u00a0 \u00a0  \u00a0 \u00a0  \u00a0 \u00a0  \u00a0 \u00a0 <\/p>\n<p style=\"text-align: justify;\">Taux de succ\u00e8s concernant les <strong>vainqueurs des groupes<\/strong> au Championnat\u00a0d&rsquo;Europe 2012 en Pologne et en Ukraine (2012-07-01):<\/p>\n<p style=\"text-align: justify;\">\n<div id=\"easyChartDiv4d0a8003\" style='width:100%;'  style='text-align:center;' align='center'>\n<!-- Easy Chart Builder by dyerware -->\n<img id=\"easyChartDiv4d0a8003_img\" style='text-align:center;float:center;' alt='pr\u00e9diction de r\u00e9sultats de football' title='pr\u00e9diction de r\u00e9sultats de football'  align='center' border='0' \/>\n\n<\/div>\n<script type=\"text\/javascript\">\n\/\/<![CDATA[\nwpEasyChart.wpNewChart(\"easyChartDiv4d0a8003\", {\"type\":\"horizbar\",\"width\":\"350\",\"height\":\"65\",\"title\":\"Taux de Succ\\u00e8s concernant les Vainqueurs des Groupes\",\"minaxis\":\"\",\"groupnames\":\"par hasard serait \\u00f8 ~25%, taux de succ\\u00e8s de nos pronostics\",\"groupcolors\":\"44280c,4e9f22,f3a214,ffffff,A3A3A3,007070,00FFFF,CC7000,00CC70,CC0070,7000CC,A370CC\",\"valuenames\":\" , success rate, \",\"group1values\":\"25\",\"group2values\":\"75\",\"group3values\":\"0,0,0\",\"group4values\":\"0,0,0\",\"group5values\":\"0,0,0\",\"group6values\":\"0,0,0\",\"group7values\":\"0,0,0\",\"group8values\":\"0,0,0\",\"group9values\":\"0,0,0\",\"group10values\":\"0,0,0\",\"group11values\":\"0,0,0\",\"group12values\":\"0,0,0\",\"group1markers\":\"\",\"group2markers\":\"\",\"group3markers\":\"\",\"group4markers\":\"\",\"group5markers\":\"\",\"group6markers\":\"\",\"group7markers\":\"\",\"group8markers\":\"\",\"group9markers\":\"\",\"group10markers\":\"\",\"group11markers\":\"\",\"group12markers\":\"\",\"markercolor\":\"FFFF00\",\"imagealtattr\":\"pr\\u00e9diction de r\\u00e9sultats de football\",\"imagetitleattr\":\"pr\\u00e9diction de r\\u00e9sultats de football\",\"hidechartdata\":true,\"chartcolor\":\"FFFFFF\",\"chartfadecolor\":\"ffffff\",\"datatablecss\":\"hentry easyChartDataTable\",\"imgstyle\":\"text-align:center;float:center;\",\"watermark\":\"\",\"watermarkvert\":\"\",\"watermarkcolor\":\"A0BAE9\",\"currency\":\"\",\"currencyright\":false,\"precision\":\"\",\"grid\":false,\"axis\":\"both\"});\n\/\/]]>\n<\/script><\/p>\n<p style=\"text-align: justify;\"><span id=\"result_box\" lang=\"fr\"><span class=\"hps\">3<\/span> sur <span class=\"hps\">4<\/span> <span class=\"hps\">vainqueurs de groupe<\/span> <span class=\"hps atn\">(<\/span>75%) <span class=\"hps\">ont \u00e9t\u00e9<\/span> <span id=\"result_box\" lang=\"fr\"><span class=\"hps\">pr\u00e9dits<\/span><\/span> <span class=\"hps\">correctement<\/span> (par hasard statistique serait 25%). <\/span><\/p>\n<p style=\"text-align: justify;\"><img loading=\"lazy\" class=\"alignnone size-full wp-image-170\" src=\"http:\/\/dataminingsoccer.com\/fr\/wp-content\/uploads\/sites\/6\/Coupe-Euro-2012-Pologne-Ukraine-Football-Resultats-Prediction-m.png\" alt=\"Coupe-Euro-2012-Pologne-Ukraine-Football-Resultats-Prediction\" width=\"42\" height=\"49\" \/>\u00a0\u00a0\u00a0\u00a0 \u00a0\u00a0\u00a0\u00a0 \u00a0\u00a0\u00a0\u00a0  \u00a0 \u00a0  \u00a0 \u00a0  \u00a0 \u00a0  \u00a0 \u00a0 <\/p>\n<p style=\"text-align: justify;\">Taux de succ\u00e8s concernant les <strong>\u00e9quipes qualifi\u00e9es pour les quarts de finale<\/strong> au Championnat\u00a0d&rsquo;Europe 2012 en Pologne et en Ukraine (2012-07-01):<\/p>\n<p style=\"text-align: justify;\">\n<div id=\"easyChartDiv74be8004\" style='width:100%;'  style='text-align:center;' align='center'>\n<!-- Easy Chart Builder by dyerware -->\n<img id=\"easyChartDiv74be8004_img\" style='text-align:center;float:center;' alt='pr\u00e9diction de r\u00e9sultats de football' title='pr\u00e9diction de r\u00e9sultats de football'  align='center' border='0' \/>\n\n<\/div>\n<script type=\"text\/javascript\">\n\/\/<![CDATA[\nwpEasyChart.wpNewChart(\"easyChartDiv74be8004\", {\"type\":\"horizbar\",\"width\":\"350\",\"height\":\"65\",\"title\":\"Taux de Succ\\u00e8s concernant les \\u00c9quipes qualifi\\u00e9es pour les Huiti\\u00e8mes de Finale\",\"minaxis\":\"\",\"groupnames\":\"par hasard serait \\u00f8 ~50%, taux de succ\\u00e8s de nos pronostics\",\"groupcolors\":\"44280c,4e9f22,f3a214,ffffff,A3A3A3,007070,00FFFF,CC7000,00CC70,CC0070,7000CC,A370CC\",\"valuenames\":\" , success rate, \",\"group1values\":\"50\",\"group2values\":\"63\",\"group3values\":\"0,0,0\",\"group4values\":\"0,0,0\",\"group5values\":\"0,0,0\",\"group6values\":\"0,0,0\",\"group7values\":\"0,0,0\",\"group8values\":\"0,0,0\",\"group9values\":\"0,0,0\",\"group10values\":\"0,0,0\",\"group11values\":\"0,0,0\",\"group12values\":\"0,0,0\",\"group1markers\":\"\",\"group2markers\":\"\",\"group3markers\":\"\",\"group4markers\":\"\",\"group5markers\":\"\",\"group6markers\":\"\",\"group7markers\":\"\",\"group8markers\":\"\",\"group9markers\":\"\",\"group10markers\":\"\",\"group11markers\":\"\",\"group12markers\":\"\",\"markercolor\":\"FFFF00\",\"imagealtattr\":\"pr\\u00e9diction de r\\u00e9sultats de football\",\"imagetitleattr\":\"pr\\u00e9diction de r\\u00e9sultats de football\",\"hidechartdata\":true,\"chartcolor\":\"FFFFFF\",\"chartfadecolor\":\"ffffff\",\"datatablecss\":\"hentry easyChartDataTable\",\"imgstyle\":\"text-align:center;float:center;\",\"watermark\":\"\",\"watermarkvert\":\"\",\"watermarkcolor\":\"A0BAE9\",\"currency\":\"\",\"currencyright\":false,\"precision\":\"\",\"grid\":false,\"axis\":\"both\"});\n\/\/]]>\n<\/script><\/p>\n<p style=\"text-align: justify;\">5 sur 8 \u00e9quipes (63%) qualifi\u00e9es pour les quarts de finale ont \u00e9t\u00e9 pr\u00e9dit correctement (par hasard statistique serait 50%).<\/p>\n<p style=\"text-align: justify;\"><img loading=\"lazy\" class=\"alignnone size-full wp-image-170\" src=\"http:\/\/dataminingsoccer.com\/fr\/wp-content\/uploads\/sites\/6\/Coupe-Euro-2012-Pologne-Ukraine-Football-Resultats-Prediction-m.png\" alt=\"Coupe-Euro-2012-Pologne-Ukraine-Football-Resultats-Prediction\" width=\"42\" height=\"49\" \/>\u00a0\u00a0\u00a0\u00a0 \u00a0\u00a0\u00a0\u00a0 \u00a0\u00a0\u00a0\u00a0  \u00a0 \u00a0  \u00a0 \u00a0  \u00a0 \u00a0  \u00a0 \u00a0 <\/p>\n<p style=\"text-align: justify;\">Taux de succ\u00e8s pour la tendance du r\u00e9sultat (victoire \u00e0 domicile\/ match nul\/ victoire \u00e0 l&rsquo;ext\u00e9rieur) de toutes les <strong>finales <span id=\"result_box\" lang=\"fr\"><span class=\"hps\">au cours de la<\/span> <span class=\"hps\">phase \u00e0 \u00e9limination<\/span><\/span><\/strong> au Championnat\u00a0d&rsquo;Europe 2012 en Pologne et en Ukraine (2012-07-01):<\/p>\n<p style=\"text-align: justify;\">\n<div id=\"easyChartDivc088005\" style='width:100%;'  style='text-align:center;' align='center'>\n<!-- Easy Chart Builder by dyerware -->\n<img id=\"easyChartDivc088005_img\" style='text-align:center;float:center;' alt='pr\u00e9diction de r\u00e9sultats de football' title='pr\u00e9diction de r\u00e9sultats de football'  align='center' border='0' \/>\n\n<\/div>\n<script type=\"text\/javascript\">\n\/\/<![CDATA[\nwpEasyChart.wpNewChart(\"easyChartDivc088005\", {\"type\":\"horizbar\",\"width\":\"350\",\"height\":\"65\",\"title\":\"Taux de Succ\\u00e8s pour la Tendance du R\\u00e9sultat de toutes les Finales\",\"minaxis\":\"\",\"groupnames\":\"par hasard serait \\u00f8 ~50%, taux de succ\\u00e8s de nos pronostics\",\"groupcolors\":\"44280c,4e9f22,f3a214,ffffff,A3A3A3,007070,00FFFF,CC7000,00CC70,CC0070,7000CC,A370CC\",\"valuenames\":\" , success rate, \",\"group1values\":\"50\",\"group2values\":\"57\",\"group3values\":\"0,0,0\",\"group4values\":\"0,0,0\",\"group5values\":\"0,0,0\",\"group6values\":\"0,0,0\",\"group7values\":\"0,0,0\",\"group8values\":\"0,0,0\",\"group9values\":\"0,0,0\",\"group10values\":\"0,0,0\",\"group11values\":\"0,0,0\",\"group12values\":\"0,0,0\",\"group1markers\":\"\",\"group2markers\":\"\",\"group3markers\":\"\",\"group4markers\":\"\",\"group5markers\":\"\",\"group6markers\":\"\",\"group7markers\":\"\",\"group8markers\":\"\",\"group9markers\":\"\",\"group10markers\":\"\",\"group11markers\":\"\",\"group12markers\":\"\",\"markercolor\":\"FFFF00\",\"imagealtattr\":\"pr\\u00e9diction de r\\u00e9sultats de football\",\"imagetitleattr\":\"pr\\u00e9diction de r\\u00e9sultats de football\",\"hidechartdata\":true,\"chartcolor\":\"FFFFFF\",\"chartfadecolor\":\"ffffff\",\"datatablecss\":\"hentry easyChartDataTable\",\"imgstyle\":\"text-align:center;float:center;\",\"watermark\":\"\",\"watermarkvert\":\"\",\"watermarkcolor\":\"A0BAE9\",\"currency\":\"\",\"currencyright\":false,\"precision\":\"\",\"grid\":false,\"axis\":\"both\"});\n\/\/]]>\n<\/script><\/p>\n<p style=\"text-align: justify;\"><span id=\"result_box\" lang=\"fr\"><span class=\"hps\">57<\/span>% <span class=\"hps\">de<\/span> <span class=\"hps\">toutes les finales<\/span> <span class=\"hps\">au cours de la<\/span> <span class=\"hps\">phase \u00e0 \u00e9limination directe<\/span> <span class=\"hps atn\">(4<\/span> sur <span class=\"hps\">7<\/span>) <span class=\"hps\">ont \u00e9t\u00e9 pr\u00e9dites<\/span> <span class=\"hps\">avec la tendance<\/span> <span class=\"hps\">correcte<\/span> <span class=\"hps atn\">(<\/span><span class=\"hps\">par hasard statistique serait 50<\/span>%). <span class=\"hps\">Base de l&rsquo;analyse<\/span>: <span class=\"hps\">le r\u00e9sultat final<\/span> <span class=\"hps\">apr\u00e8s 90 minutes<\/span> <span class=\"hps\">ou \u00e9ventuellement<\/span> <span class=\"hps\">apr\u00e8s prolongation<\/span> <span class=\"hps\">ou<\/span> <span class=\"hps\">tirs au but<\/span>. <\/span><\/p>\n<p style=\"text-align: justify;\"><img loading=\"lazy\" class=\"alignnone size-full wp-image-170\" src=\"http:\/\/dataminingsoccer.com\/fr\/wp-content\/uploads\/sites\/6\/Coupe-Euro-2012-Pologne-Ukraine-Football-Resultats-Prediction-m.png\" alt=\"Coupe-Euro-2012-Pologne-Ukraine-Football-Resultats-Prediction\" width=\"42\" height=\"49\" \/>\u00a0\u00a0\u00a0\u00a0 \u00a0\u00a0\u00a0\u00a0 \u00a0\u00a0\u00a0\u00a0  \u00a0 \u00a0  \u00a0 \u00a0  \u00a0 \u00a0  \u00a0 \u00a0 <\/p>\n<p style=\"text-align: justify;\"><span class=\"hps\">Vous pouvez acc\u00e9der \u00e0<\/span> <strong><span class=\"hps atn\">l\u2019<\/span>aper\u00e7u de tous les <span class=\"hps\">matches<\/span><\/strong> <span class=\"hps\">du Championnat d&rsquo;Europe<\/span> en Pologne et en Ukraine <span class=\"hps\">sur notre page<\/span> <a title=\"Championnat d\u2019Europe 2012\" href=\"http:\/\/dataminingsoccer.com\/fr\/coupe-du-monde-et-coupe-d-europe\/championnat-d-europe-2012\/\"><span class=\"hps atn\">[<\/span>Championnat <span class=\"hps\">d&rsquo;Europe 2012<\/span>]<\/a>.<\/p>\n<p style=\"text-align: justify;\"><img loading=\"lazy\" class=\"alignnone size-full wp-image-170\" src=\"http:\/\/dataminingsoccer.com\/fr\/wp-content\/uploads\/sites\/6\/Coupe-Euro-2012-Pologne-Ukraine-Football-Resultats-Prediction-m.png\" alt=\"Coupe-Euro-2012-Pologne-Ukraine-Football-Resultats-Prediction\" width=\"42\" height=\"49\" \/>\u00a0\u00a0\u00a0\u00a0 \u00a0\u00a0\u00a0\u00a0 \u00a0\u00a0\u00a0\u00a0  \u00a0 \u00a0  \u00a0 \u00a0  \u00a0 \u00a0  \u00a0 \u00a0 <\/p>\n<p><a title=\"Coupe du Monde 2014\" href=\"http:\/\/dataminingsoccer.com\/fr\/coupe-du-monde-et-coupe-d-europe\/taux-de-succes\/coupe-du-monde-2014\/\"><img loading=\"lazy\" class=\"alignnone size-full wp-image-1072\" src=\"http:\/\/dataminingsoccer.com\/fr\/wp-content\/uploads\/sites\/6\/Data-Mining-Soccer-haut-de-page-m.png\" alt=\"Data-Mining-Soccer-haut-de-page\" width=\"50\" height=\"50\" \/><\/a>\u00a0\u00a0\u00a0\u00a0 <a href=\"http:\/\/dataminingsoccer.com\/fr\/\"><img loading=\"lazy\" class=\"alignnone size-full wp-image-1070\" src=\"http:\/\/dataminingsoccer.com\/fr\/wp-content\/uploads\/sites\/6\/Data-Mining-Soccer-football-resultat-pronostics-m.png\" alt=\"Data-Mining-Soccer-football-resultat-pronostics\" width=\"50\" height=\"50\" \/><\/a>\u00a0\u00a0\u00a0\u00a0 <a title=\"DataMiningSoccer (fran\u00e7ais) @Twitter\" href=\"http:\/\/twitter.com\/DataMinSoccerFR\" target=\"_blank\"><img loading=\"lazy\" class=\"alignnone size-full wp-image-1473\" src=\"http:\/\/dataminingsoccer.com\/fr\/wp-content\/uploads\/sites\/6\/Twitter-Data-Mining-Soccer.png\" alt=\"Twitter-Data-Mining-Soccer\" width=\"50\" height=\"50\" \/><\/a>\u00a0\u00a0\u00a0\u00a0 <a title=\"DataMiningSoccer (anglais) @Facebook\" href=\"http:\/\/www.facebook.com\/dataminingsoccer\" target=\"_blank\"><img loading=\"lazy\" class=\"alignnone size-full wp-image-1469\" src=\"http:\/\/dataminingsoccer.com\/fr\/wp-content\/uploads\/sites\/6\/Facebook-Data-Mining-Soccer.png\" alt=\"Facebook-Data-Mining-Soccer\" width=\"50\" height=\"50\" \/><\/a><\/p>\n","protected":false},"excerpt":{"rendered":"<p>Nos Taux de Succ\u00e8s (Cat\u00e9gories differentes)\u00a0\u00a0\u00a0\u00a0 \u00a0\u00a0\u00a0\u00a0 \u00a0\u00a0\u00a0\u00a0 \u00a0 \u00a0 \u00a0 \u00a0 \u00a0 \u00a0 \u00a0 \u00a0 Taux de succ\u00e8s pour la tendance du r\u00e9sultat (victoire \u00e0 domicile\/ match nul\/ victoire \u00e0 l&rsquo;ext\u00e9rieur) de tous les matches au Championnat d&rsquo;Europe 2012 en Pologne et en Ukraine (2012-07-01): 39% de tous les matches ont \u00e9t\u00e9 pr\u00e9dits avec &hellip; <a href=\"https:\/\/dataminingsoccer.com\/fr\/coupe-du-monde-et-coupe-d-europe\/taux-de-succes\/championnat-europe-2012\/\" class=\"more-link\">Continuer la lecture de <span class=\"screen-reader-text\">Championnat d\u2019Europe 2012<\/span> <span class=\"meta-nav\">&rarr;<\/span><\/a><\/p>\n","protected":false},"author":7,"featured_media":0,"parent":1559,"menu_order":95,"comment_status":"closed","ping_status":"closed","template":"","meta":[],"yoast_head":"<!-- This site is optimized with the Yoast SEO plugin v14.8 - https:\/\/yoast.com\/wordpress\/plugins\/seo\/ -->\n<meta name=\"description\" content=\"Pr\u00e9visions de r\u00e9sultats de football pour le Championnat d&#039;Europe 2012 en Pologne &amp; en Ukraine: taux de succ\u00e8s de notre logiciel par diff\u00e9rentes cat\u00e9gories.\" \/>\n<meta name=\"robots\" content=\"index, follow\" \/>\n<meta name=\"googlebot\" content=\"index, follow, max-snippet:-1, max-image-preview:large, max-video-preview:-1\" \/>\n<meta name=\"bingbot\" content=\"index, follow, max-snippet:-1, max-image-preview:large, max-video-preview:-1\" \/>\n<link rel=\"canonical\" href=\"http:\/\/dataminingsoccer.com\/fr\/coupe-du-monde-et-coupe-d-europe\/taux-de-succes\/championnat-europe-2012\/\" \/>\n<script type=\"application\/ld+json\" class=\"yoast-schema-graph\">{\"@context\":\"https:\/\/schema.org\",\"@graph\":[{\"@type\":\"WebSite\",\"@id\":\"https:\/\/dataminingsoccer.com\/fr\/#website\",\"url\":\"https:\/\/dataminingsoccer.com\/fr\/\",\"name\":\"Pronostics de R\\u00e9sultats de Football\",\"description\":\"bas\\u00e9 sur des analyses statistiques utilisant data mining.. Nous aimons le football!     Nous aimons les jeux de nombre!\",\"potentialAction\":[{\"@type\":\"SearchAction\",\"target\":\"https:\/\/dataminingsoccer.com\/fr\/?s={search_term_string}\",\"query-input\":\"required name=search_term_string\"}],\"inLanguage\":\"fr-FR\"},{\"@type\":\"ImageObject\",\"@id\":\"http:\/\/dataminingsoccer.com\/fr\/coupe-du-monde-et-coupe-d-europe\/taux-de-succes\/championnat-europe-2012\/#primaryimage\",\"inLanguage\":\"fr-FR\",\"url\":\"http:\/\/dataminingsoccer.com\/fr\/wp-content\/uploads\/sites\/6\/Coupe-Euro-2012-Pologne-Ukraine-Football-Resultats-Prediction-m.png\"},{\"@type\":\"WebPage\",\"@id\":\"http:\/\/dataminingsoccer.com\/fr\/coupe-du-monde-et-coupe-d-europe\/taux-de-succes\/championnat-europe-2012\/#webpage\",\"url\":\"http:\/\/dataminingsoccer.com\/fr\/coupe-du-monde-et-coupe-d-europe\/taux-de-succes\/championnat-europe-2012\/\",\"name\":\"Championnat d\\u2019Europe 2012 - Pronostics de R\\u00e9sultats de Football\",\"isPartOf\":{\"@id\":\"https:\/\/dataminingsoccer.com\/fr\/#website\"},\"primaryImageOfPage\":{\"@id\":\"http:\/\/dataminingsoccer.com\/fr\/coupe-du-monde-et-coupe-d-europe\/taux-de-succes\/championnat-europe-2012\/#primaryimage\"},\"datePublished\":\"2014-06-18T12:26:53+00:00\",\"dateModified\":\"2014-07-05T00:38:31+00:00\",\"description\":\"Pr\\u00e9visions de r\\u00e9sultats de football pour le Championnat d'Europe 2012 en Pologne & en Ukraine: taux de succ\\u00e8s de notre logiciel par diff\\u00e9rentes cat\\u00e9gories.\",\"inLanguage\":\"fr-FR\",\"potentialAction\":[{\"@type\":\"ReadAction\",\"target\":[\"http:\/\/dataminingsoccer.com\/fr\/coupe-du-monde-et-coupe-d-europe\/taux-de-succes\/championnat-europe-2012\/\"]}]}]}<\/script>\n<!-- \/ Yoast SEO plugin. -->","_links":{"self":[{"href":"https:\/\/dataminingsoccer.com\/fr\/wp-json\/wp\/v2\/pages\/1603"}],"collection":[{"href":"https:\/\/dataminingsoccer.com\/fr\/wp-json\/wp\/v2\/pages"}],"about":[{"href":"https:\/\/dataminingsoccer.com\/fr\/wp-json\/wp\/v2\/types\/page"}],"author":[{"embeddable":true,"href":"https:\/\/dataminingsoccer.com\/fr\/wp-json\/wp\/v2\/users\/7"}],"replies":[{"embeddable":true,"href":"https:\/\/dataminingsoccer.com\/fr\/wp-json\/wp\/v2\/comments?post=1603"}],"version-history":[{"count":14,"href":"https:\/\/dataminingsoccer.com\/fr\/wp-json\/wp\/v2\/pages\/1603\/revisions"}],"predecessor-version":[{"id":1783,"href":"https:\/\/dataminingsoccer.com\/fr\/wp-json\/wp\/v2\/pages\/1603\/revisions\/1783"}],"up":[{"embeddable":true,"href":"https:\/\/dataminingsoccer.com\/fr\/wp-json\/wp\/v2\/pages\/1559"}],"wp:attachment":[{"href":"https:\/\/dataminingsoccer.com\/fr\/wp-json\/wp\/v2\/media?parent=1603"}],"curies":[{"name":"wp","href":"https:\/\/api.w.org\/{rel}","templated":true}]}}