{"id":10,"date":"2013-09-12T02:06:56","date_gmt":"2013-09-12T00:06:56","guid":{"rendered":"http:\/\/dataminingsoccer.com\/fr\/?page_id=10"},"modified":"2015-06-25T19:41:02","modified_gmt":"2015-06-25T17:41:02","slug":"espagne","status":"publish","type":"page","link":"https:\/\/dataminingsoccer.com\/fr\/espagne\/","title":{"rendered":"Espagne"},"content":{"rendered":"<h2>R\u00e9sultats de Football: Pronostics utilisant Data Mining<\/h2><p><img loading=\"lazy\" class=\"alignnone size-full wp-image-186\" src=\"http:\/\/dataminingsoccer.com\/fr\/wp-content\/uploads\/sites\/6\/Primera-Division-Football-Resultats-Prediction-m.png\" alt=\"Primera-Division-Football-Resultats-Prediction\" width=\"39\" height=\"49\" \/>\u00a0\u00a0\u00a0\u00a0 <img loading=\"lazy\" class=\"alignnone size-full wp-image-2105\" src=\"http:\/\/dataminingsoccer.com\/fr\/wp-content\/uploads\/sites\/6\/Copa-del-Rey.png\" alt=\"Copa-del-Rey\" width=\"58\" height=\"50\" \/><\/p>\n<p>En Espagne nous calculons des <a title=\"Pronostics\" href=\"http:\/\/dataminingsoccer.com\/fr\/espagne\/pronostics-primera-division\/\">[pronostics]<\/a>, des <a title=\"Statistiques par \u00c9quipe\" href=\"http:\/\/dataminingsoccer.com\/fr\/espagne\/statistiques-equipe\/\">[statistiques par \u00e9quipe]<\/a> et des <a title=\"Taux de Succ\u00e8s\" href=\"http:\/\/dataminingsoccer.com\/fr\/espagne\/taux-succes\/\">[taux de succ\u00e8s]<\/a> pour les comp\u00e9titions suivantes:<\/p>\n<table>\n<tbody>\n<tr>\n<td><\/td>\n<td><a title=\"Pronostics\" href=\"http:\/\/dataminingsoccer.com\/fr\/espagne\/pronostics-primera-division\/\">[pronostics]<\/a><\/td>\n<td><a title=\"Statistiques par \u00c9quipe\" href=\"http:\/\/dataminingsoccer.com\/fr\/espagne\/statistiques-equipe\/\">[statistiques par \u00e9quipe]<\/a><\/td>\n<td><a title=\"Taux de Succ\u00e8s\" href=\"http:\/\/dataminingsoccer.com\/fr\/espagne\/taux-succes\/\">[nos taux de succ\u00e8s]<\/a><\/td>\n<\/tr>\n<tr>\n<td><img loading=\"lazy\" class=\"alignnone size-full wp-image-187\" src=\"http:\/\/dataminingsoccer.com\/fr\/wp-content\/uploads\/sites\/6\/Primera-Division-Football-Resultats-Prediction-s.png\" alt=\"Primera-Division-Football-Resultats-Prediction\" width=\"25\" height=\"25\" \/><\/td>\n<td><a href=\"http:\/\/dataminingsoccer.com\/fr\/espagne\/pronostics-primera-division\/primera-division-2015-2016\/\">[Primera Divisi\u00f3n 2015\/16]<\/a><\/td>\n<td><a href=\"http:\/\/dataminingsoccer.com\/fr\/espagne\/statistiques-equipe\/primera-division-2015-2016\/\">[Primera Divisi\u00f3n 2015\/16]<\/a><\/td>\n<td><a href=\"http:\/\/dataminingsoccer.com\/fr\/espagne\/taux-succes\/primera-division-2015-2016\/\">[Primera Divisi\u00f3n 2015\/16]<\/a><\/td>\n<\/tr>\n<tr>\n<td><img loading=\"lazy\" class=\"alignnone size-full wp-image-2104\" src=\"http:\/\/dataminingsoccer.com\/fr\/wp-content\/uploads\/sites\/6\/Copa-del-Rey-s.png\" alt=\"Copa-del-Rey\" width=\"29\" height=\"25\" \/><\/td>\n<td><a href=\"http:\/\/dataminingsoccer.com\/fr\/espagne\/pronostics-primera-division\/copa-del-rey-2015-2016\/\">[Copa del Rey 2015\/16]<\/a><\/td>\n<td><\/td>\n<td><\/td>\n<\/tr>\n<tr>\n<td><\/td>\n<td><a title=\"Pronostics\" href=\"http:\/\/dataminingsoccer.com\/fr\/espagne\/pronostics-primera-division\/\">[avant]<\/a><\/td>\n<td><a title=\"Statistiques par \u00c9quipe\" href=\"http:\/\/dataminingsoccer.com\/fr\/espagne\/statistiques-equipe\/\">[avant]<\/a><\/td>\n<td><a title=\"Taux de Succ\u00e8s\" href=\"http:\/\/dataminingsoccer.com\/fr\/espagne\/taux-succes\/\">[avant]<\/a><\/td>\n<\/tr>\n<\/tbody>\n<\/table>\n<p>Pronostics de r\u00e9sultats de football utilisant data mining pour l\u2019Espagne @ Data.Mininig.Soccer<\/p>\n<p><img loading=\"lazy\" class=\"alignnone size-full wp-image-186\" src=\"http:\/\/dataminingsoccer.com\/fr\/wp-content\/uploads\/sites\/6\/Primera-Division-Football-Resultats-Prediction-m.png\" alt=\"Primera-Division-Football-Resultats-Prediction\" width=\"39\" height=\"49\" \/>\u00a0\u00a0\u00a0\u00a0 <img loading=\"lazy\" class=\"alignnone size-full wp-image-2105\" src=\"http:\/\/dataminingsoccer.com\/fr\/wp-content\/uploads\/sites\/6\/Copa-del-Rey.png\" alt=\"Copa-del-Rey\" width=\"58\" height=\"50\" \/><\/p>\n<p>Les gagnants des titres historiques de la\u00a0<a title=\"Primera Divisi\u00f3n 2014\/15\" href=\"http:\/\/dataminingsoccer.com\/fr\/espagne\/pronostics-primera-division\/primera-division-2015-2016\/\">[Primera Divisi\u00f3n]<\/a> en Espagne, et le nombre de championnats remport\u00e9s en bref:<\/p>\n<p>Real Madrid\u00a0\u00a0 (32)<br \/>\nFC Barcelona \u00a0 (23)\u00a0\u00a0\u00a0<img loading=\"lazy\" class=\"alignnone size-full wp-image-187\" src=\"http:\/\/dataminingsoccer.com\/fr\/wp-content\/uploads\/sites\/6\/Primera-Division-Football-Resultats-Prediction-s.png\" alt=\"Primera-Division-Football-Resultats-Prediction\" width=\"25\" height=\"25\" \/>\u00a0\u00a0 (champion actuel)<br \/>\nAtl\u00e9tico Madrid \u00a0 (10)<br \/>\nAthletic Bilbao \u00a0 (8)<br \/>\nFC Valencia \u00a0 (6)<br \/>\nReal Sociedad San Sebasti\u00e1n\u00a0\u00a0 (2)<br \/>\nDeportivo La Coru\u00f1a\u00a0\u00a0 (1)<br \/>\nBetis Sevilla\u00a0\u00a0 (1)<br \/>\nFC Sevilla \u00a0 (1)<\/p>\n<p><img loading=\"lazy\" class=\"alignnone size-full wp-image-186\" src=\"http:\/\/dataminingsoccer.com\/fr\/wp-content\/uploads\/sites\/6\/Primera-Division-Football-Resultats-Prediction-m.png\" alt=\"Primera-Division-Football-Resultats-Prediction\" width=\"39\" height=\"49\" \/>\u00a0\u00a0\u00a0\u00a0 <img loading=\"lazy\" class=\"alignnone size-full wp-image-2105\" src=\"http:\/\/dataminingsoccer.com\/fr\/wp-content\/uploads\/sites\/6\/Copa-del-Rey.png\" alt=\"Copa-del-Rey\" width=\"58\" height=\"50\" \/><\/p>\n<p>Les gagnants des titres historiques de la Coupe d&rsquo;Espagne <a href=\"http:\/\/dataminingsoccer.com\/fr\/espagne\/pronostics-primera-division\/copa-del-rey-2015-2016\/\">[&lsquo;Copa del Rey&rsquo;]<\/a>:<\/p>\n<p>FC Barcelona\u00a0\u00a0 (27)\u00a0\u00a0\u00a0<img loading=\"lazy\" class=\"alignnone size-full wp-image-2104\" src=\"http:\/\/dataminingsoccer.com\/fr\/wp-content\/uploads\/sites\/6\/Copa-del-Rey-s.png\" alt=\"Copa-del-Rey\" width=\"29\" height=\"25\" \/>\u00a0\u00a0 (champion actuel)<br \/>\nAtletic Bilbao\u00a0\u00a0 (23)<br \/>\nReal Madrid\u00a0\u00a0 (19)<br \/>\nAtl\u00e9tico Madrid\u00a0\u00a0 (10)<br \/>\nFC Valencia\u00a0\u00a0 (7)<br \/>\nReal Saragossa\u00a0\u00a0 (6)<br \/>\nFC Sevilla\u00a0\u00a0 (5)<br \/>\nEspanyol Barcelona\u00a0\u00a0 (4)<br \/>\nReal Uni\u00f3n Ir\u00fan\u00a0\u00a0 (4)<br \/>\nReal Sociedad San Sebasti\u00e1n (2)<br \/>\nBetis Sevilla\u00a0\u00a0 (2)<br \/>\nDeportivo la Coruna\u00a0\u00a0 (2)<br \/>\nArenas Cluc de Getxo \u00a0 (1)<br \/>\nRCD Mallorca\u00a0\u00a0 (1)<\/p>\n<p><img loading=\"lazy\" class=\"alignnone size-full wp-image-186\" src=\"http:\/\/dataminingsoccer.com\/fr\/wp-content\/uploads\/sites\/6\/Primera-Division-Football-Resultats-Prediction-m.png\" alt=\"Primera-Division-Football-Resultats-Prediction\" width=\"39\" height=\"49\" \/>\u00a0\u00a0\u00a0\u00a0 <img loading=\"lazy\" class=\"alignnone size-full wp-image-2105\" src=\"http:\/\/dataminingsoccer.com\/fr\/wp-content\/uploads\/sites\/6\/Copa-del-Rey.png\" alt=\"Copa-del-Rey\" width=\"58\" height=\"50\" \/><\/p>\n","protected":false},"excerpt":{"rendered":"<p>R\u00e9sultats de Football: Pronostics utilisant Data Mining\u00a0\u00a0\u00a0\u00a0 En Espagne nous calculons des [pronostics], des [statistiques par \u00e9quipe] et des [taux de succ\u00e8s] pour les comp\u00e9titions suivantes: [pronostics] [statistiques par \u00e9quipe] [nos taux de succ\u00e8s] [Primera Divisi\u00f3n 2015\/16] [Primera Divisi\u00f3n 2015\/16] [Primera Divisi\u00f3n 2015\/16] [Copa del Rey 2015\/16] [avant] [avant] [avant] Pronostics de r\u00e9sultats de football &hellip; <a href=\"https:\/\/dataminingsoccer.com\/fr\/espagne\/\" class=\"more-link\">Continuer la lecture de <span class=\"screen-reader-text\">Espagne<\/span> <span class=\"meta-nav\">&rarr;<\/span><\/a><\/p>\n","protected":false},"author":7,"featured_media":0,"parent":0,"menu_order":12,"comment_status":"closed","ping_status":"closed","template":"","meta":[],"yoast_head":"<!-- This site is optimized with the Yoast SEO plugin v14.8 - https:\/\/yoast.com\/wordpress\/plugins\/seo\/ -->\n<meta name=\"description\" content=\"Football espagnol. Aper\u00e7u historique des championnats de la Primera Divisi\u00f3n. Pronostics football en utilisant r\u00e9sultat de data mining.\" \/>\n<meta name=\"robots\" content=\"index, follow\" \/>\n<meta name=\"googlebot\" content=\"index, follow, max-snippet:-1, max-image-preview:large, max-video-preview:-1\" \/>\n<meta name=\"bingbot\" content=\"index, follow, max-snippet:-1, max-image-preview:large, max-video-preview:-1\" \/>\n<link rel=\"canonical\" href=\"http:\/\/dataminingsoccer.com\/fr\/espagne\/\" \/>\n<script type=\"application\/ld+json\" class=\"yoast-schema-graph\">{\"@context\":\"https:\/\/schema.org\",\"@graph\":[{\"@type\":\"WebSite\",\"@id\":\"https:\/\/dataminingsoccer.com\/fr\/#website\",\"url\":\"https:\/\/dataminingsoccer.com\/fr\/\",\"name\":\"Pronostics de R\\u00e9sultats de Football\",\"description\":\"bas\\u00e9 sur des analyses statistiques utilisant data mining.. Nous aimons le football!     Nous aimons les jeux de nombre!\",\"potentialAction\":[{\"@type\":\"SearchAction\",\"target\":\"https:\/\/dataminingsoccer.com\/fr\/?s={search_term_string}\",\"query-input\":\"required name=search_term_string\"}],\"inLanguage\":\"fr-FR\"},{\"@type\":\"ImageObject\",\"@id\":\"http:\/\/dataminingsoccer.com\/fr\/espagne\/#primaryimage\",\"inLanguage\":\"fr-FR\",\"url\":\"http:\/\/dataminingsoccer.com\/fr\/wp-content\/uploads\/sites\/6\/Primera-Division-Football-Resultats-Prediction-m.png\"},{\"@type\":\"WebPage\",\"@id\":\"http:\/\/dataminingsoccer.com\/fr\/espagne\/#webpage\",\"url\":\"http:\/\/dataminingsoccer.com\/fr\/espagne\/\",\"name\":\"Espagne - Pronostics de R\\u00e9sultats de Football\",\"isPartOf\":{\"@id\":\"https:\/\/dataminingsoccer.com\/fr\/#website\"},\"primaryImageOfPage\":{\"@id\":\"http:\/\/dataminingsoccer.com\/fr\/espagne\/#primaryimage\"},\"datePublished\":\"2013-09-12T00:06:56+00:00\",\"dateModified\":\"2015-06-25T17:41:02+00:00\",\"description\":\"Football espagnol. Aper\\u00e7u historique des championnats de la Primera Divisi\\u00f3n. Pronostics football en utilisant r\\u00e9sultat de data mining.\",\"inLanguage\":\"fr-FR\",\"potentialAction\":[{\"@type\":\"ReadAction\",\"target\":[\"http:\/\/dataminingsoccer.com\/fr\/espagne\/\"]}]}]}<\/script>\n<!-- \/ Yoast SEO plugin. -->","_links":{"self":[{"href":"https:\/\/dataminingsoccer.com\/fr\/wp-json\/wp\/v2\/pages\/10"}],"collection":[{"href":"https:\/\/dataminingsoccer.com\/fr\/wp-json\/wp\/v2\/pages"}],"about":[{"href":"https:\/\/dataminingsoccer.com\/fr\/wp-json\/wp\/v2\/types\/page"}],"author":[{"embeddable":true,"href":"https:\/\/dataminingsoccer.com\/fr\/wp-json\/wp\/v2\/users\/7"}],"replies":[{"embeddable":true,"href":"https:\/\/dataminingsoccer.com\/fr\/wp-json\/wp\/v2\/comments?post=10"}],"version-history":[{"count":12,"href":"https:\/\/dataminingsoccer.com\/fr\/wp-json\/wp\/v2\/pages\/10\/revisions"}],"predecessor-version":[{"id":3090,"href":"https:\/\/dataminingsoccer.com\/fr\/wp-json\/wp\/v2\/pages\/10\/revisions\/3090"}],"wp:attachment":[{"href":"https:\/\/dataminingsoccer.com\/fr\/wp-json\/wp\/v2\/media?parent=10"}],"curies":[{"name":"wp","href":"https:\/\/api.w.org\/{rel}","templated":true}]}}