{"id":726,"date":"2013-12-28T01:20:36","date_gmt":"2013-12-27T23:20:36","guid":{"rendered":"http:\/\/dataminingsoccer.com\/es\/?page_id=726"},"modified":"2014-02-05T00:42:11","modified_gmt":"2014-02-04T22:42:11","slug":"pronosticos-liga-de-campeones","status":"publish","type":"page","link":"https:\/\/dataminingsoccer.com\/es\/liga-de-campiones-y-liga-europea\/pronosticos-liga-de-campeones\/","title":{"rendered":"Pron\u00f3sticos Liga de Campeones"},"content":{"rendered":"<h2>Resultados de F\u00fatbol: Pron\u00f3sticos utilizando Data Mining<\/h2><p style=\"text-align: justify;\"><img loading=\"lazy\" class=\"alignnone size-full wp-image-177\" alt=\"Liga-Campeones-Futbol-Resultados-Prediccion\" src=\"http:\/\/dataminingsoccer.com\/es\/wp-content\/uploads\/sites\/4\/Liga-Campeones-Futbol-Resultados-Prediccion-m.png\" width=\"52\" height=\"50\" \/><\/p>\n<p style=\"text-align: justify;\">Aqu\u00ed puedes encontrar todos los pron\u00f3sticos as\u00ed como los resultados reales de los partidos de la\u00a0Liga de Campeones en Europa para todas las jornadas de la temporada de tu elecci\u00f3n.<\/p>\n<p style=\"text-align: justify;\">Puedes acceder a las predicciones y los resultados reales, bien en la barra de men\u00fa a trav\u00e9s de &gt; LC &amp; LE &gt; pron\u00f3sticos\u00a0Liga de Campeones &gt; temporada de tu elecci\u00f3n, bien haciendo clic en el siguiente men\u00fa desplegable:<\/p>\n<p style=\"text-align: justify;\"><code><select name=\"URL\" onchange=\"JumpStart(this);\">\r\n<option disabled=\"disabled\" selected=\"selected\">Pron\u00f3sticos Liga de Campeones en la temporada de tu elecci\u00f3n:<\/option>\r\n<option value=\"http:\/\/dataminingsoccer.com\/es\/liga-de-campiones-y-liga-europea\/pronosticos-liga-de-campeones\/liga-de-campeones-2014-15\/\">Liga de Campeones 2014\/15<\/option>\r\n<\/select>\r\n<script type=\"text\/javascript\">\r\nfunction JumpStart(DropDown) {\r\nvar TargetIndex = DropDown.selectedIndex;\r\nDropDown.selectedIndex = 0;\r\nwindow.location.href = DropDown.options[TargetIndex].value;\r\n}\r\n<\/script><\/code><\/p>\n<p style=\"text-align: justify;\">Adem\u00e1s, se puede por supuesto tambi\u00e9n acceder de los pron\u00f3sticos de una temporada particular de la\u00a0Liga de Campeones en Europa desde cualquier p\u00e1gina de este sitio web a trav\u00e9s del men\u00fa \u201cAqu\u00ed nuestros pron\u00f3sticos para una competici\u00f3n de tu elecci\u00f3n\u201d en la parte derecha de este sitio web.<\/p>\n<p style=\"text-align: justify;\"><img loading=\"lazy\" alt=\"Liga-Campeones-Futbol-Resultados-Prediccion\" src=\"http:\/\/dataminingsoccer.com\/es\/wp-content\/uploads\/sites\/4\/Liga-Campeones-Futbol-Resultados-Prediccion-m.png\" width=\"52\" height=\"50\" \/><\/p>\n","protected":false},"excerpt":{"rendered":"<p>Resultados de F\u00fatbol: Pron\u00f3sticos utilizando Data Mining Aqu\u00ed puedes encontrar todos los pron\u00f3sticos as\u00ed como los resultados reales de los partidos de la\u00a0Liga de Campeones en Europa para todas las jornadas de la temporada de tu elecci\u00f3n. Puedes acceder a las predicciones y los resultados reales, bien en la barra de men\u00fa a trav\u00e9s de &hellip; <a href=\"https:\/\/dataminingsoccer.com\/es\/liga-de-campiones-y-liga-europea\/pronosticos-liga-de-campeones\/\" class=\"more-link\">Seguir leyendo <span class=\"screen-reader-text\">Pron\u00f3sticos Liga de Campeones<\/span> <span class=\"meta-nav\">&rarr;<\/span><\/a><\/p>\n","protected":false},"author":5,"featured_media":0,"parent":34,"menu_order":10,"comment_status":"closed","ping_status":"closed","template":"","meta":[],"yoast_head":"<!-- This site is optimized with the Yoast SEO plugin v14.8 - https:\/\/yoast.com\/wordpress\/plugins\/seo\/ -->\n<meta name=\"description\" content=\"Predicci\u00f3nes de resultados de f\u00fatbol de la Liga de Campeones (LC) de la UEFA basado sobre an\u00e1lisis estad\u00edsticos utilizando data mining.\" \/>\n<meta name=\"robots\" content=\"index, follow\" \/>\n<meta name=\"googlebot\" content=\"index, follow, max-snippet:-1, max-image-preview:large, max-video-preview:-1\" \/>\n<meta name=\"bingbot\" content=\"index, follow, max-snippet:-1, max-image-preview:large, max-video-preview:-1\" \/>\n<link rel=\"canonical\" href=\"http:\/\/dataminingsoccer.com\/es\/liga-de-campiones-y-liga-europea\/pronosticos-liga-de-campeones\/\" \/>\n<script type=\"application\/ld+json\" class=\"yoast-schema-graph\">{\"@context\":\"https:\/\/schema.org\",\"@graph\":[{\"@type\":\"WebSite\",\"@id\":\"https:\/\/dataminingsoccer.com\/es\/#website\",\"url\":\"https:\/\/dataminingsoccer.com\/es\/\",\"name\":\"Pron\\u00f3sticos de Resultados de F\\u00fatbol\",\"description\":\"basado sobre an\\u00e1lisis estad\\u00edsticos utilizando data mining.. Amamos el f\\u00fatbol! Y nos encantan los juegos con n\\u00fameros!\",\"potentialAction\":[{\"@type\":\"SearchAction\",\"target\":\"https:\/\/dataminingsoccer.com\/es\/?s={search_term_string}\",\"query-input\":\"required name=search_term_string\"}],\"inLanguage\":\"es\"},{\"@type\":\"ImageObject\",\"@id\":\"http:\/\/dataminingsoccer.com\/es\/liga-de-campiones-y-liga-europea\/pronosticos-liga-de-campeones\/#primaryimage\",\"inLanguage\":\"es\",\"url\":\"http:\/\/dataminingsoccer.com\/es\/wp-content\/uploads\/sites\/4\/Liga-Campeones-Futbol-Resultados-Prediccion-m.png\"},{\"@type\":\"WebPage\",\"@id\":\"http:\/\/dataminingsoccer.com\/es\/liga-de-campiones-y-liga-europea\/pronosticos-liga-de-campeones\/#webpage\",\"url\":\"http:\/\/dataminingsoccer.com\/es\/liga-de-campiones-y-liga-europea\/pronosticos-liga-de-campeones\/\",\"name\":\"Pron\\u00f3sticos Liga de Campeones - Pron\\u00f3sticos de Resultados de F\\u00fatbol\",\"isPartOf\":{\"@id\":\"https:\/\/dataminingsoccer.com\/es\/#website\"},\"primaryImageOfPage\":{\"@id\":\"http:\/\/dataminingsoccer.com\/es\/liga-de-campiones-y-liga-europea\/pronosticos-liga-de-campeones\/#primaryimage\"},\"datePublished\":\"2013-12-27T23:20:36+00:00\",\"dateModified\":\"2014-02-04T22:42:11+00:00\",\"description\":\"Predicci\\u00f3nes de resultados de f\\u00fatbol de la Liga de Campeones (LC) de la UEFA basado sobre an\\u00e1lisis estad\\u00edsticos utilizando data mining.\",\"inLanguage\":\"es\",\"potentialAction\":[{\"@type\":\"ReadAction\",\"target\":[\"http:\/\/dataminingsoccer.com\/es\/liga-de-campiones-y-liga-europea\/pronosticos-liga-de-campeones\/\"]}]}]}<\/script>\n<!-- \/ Yoast SEO plugin. -->","_links":{"self":[{"href":"https:\/\/dataminingsoccer.com\/es\/wp-json\/wp\/v2\/pages\/726"}],"collection":[{"href":"https:\/\/dataminingsoccer.com\/es\/wp-json\/wp\/v2\/pages"}],"about":[{"href":"https:\/\/dataminingsoccer.com\/es\/wp-json\/wp\/v2\/types\/page"}],"author":[{"embeddable":true,"href":"https:\/\/dataminingsoccer.com\/es\/wp-json\/wp\/v2\/users\/5"}],"replies":[{"embeddable":true,"href":"https:\/\/dataminingsoccer.com\/es\/wp-json\/wp\/v2\/comments?post=726"}],"version-history":[{"count":4,"href":"https:\/\/dataminingsoccer.com\/es\/wp-json\/wp\/v2\/pages\/726\/revisions"}],"predecessor-version":[{"id":953,"href":"https:\/\/dataminingsoccer.com\/es\/wp-json\/wp\/v2\/pages\/726\/revisions\/953"}],"up":[{"embeddable":true,"href":"https:\/\/dataminingsoccer.com\/es\/wp-json\/wp\/v2\/pages\/34"}],"wp:attachment":[{"href":"https:\/\/dataminingsoccer.com\/es\/wp-json\/wp\/v2\/media?parent=726"}],"curies":[{"name":"wp","href":"https:\/\/api.w.org\/{rel}","templated":true}]}}