{"id":722,"date":"2013-12-28T00:49:31","date_gmt":"2013-12-27T22:49:31","guid":{"rendered":"http:\/\/dataminingsoccer.com\/es\/?page_id=722"},"modified":"2015-06-24T04:24:30","modified_gmt":"2015-06-24T02:24:30","slug":"pronosticos-premier-league","status":"publish","type":"page","link":"https:\/\/dataminingsoccer.com\/es\/inglaterra\/pronosticos-premier-league\/","title":{"rendered":"Pron\u00f3sticos"},"content":{"rendered":"<h2>Resultados de F\u00fatbol: Pron\u00f3sticos utilizando Data Mining<\/h2><p style=\"text-align: justify;\"><img loading=\"lazy\" class=\"alignnone size-full wp-image-183\" src=\"http:\/\/dataminingsoccer.com\/es\/wp-content\/uploads\/sites\/4\/Premier-League-Futbol-Resultados-Prediccion-m.png\" alt=\"Premier-League-Futbol-Resultados-Prediccion\" width=\"37\" height=\"50\" \/>\u00a0\u00a0\u00a0\u00a0 <img loading=\"lazy\" class=\"alignnone size-full wp-image-1853\" src=\"http:\/\/dataminingsoccer.com\/es\/wp-content\/uploads\/sites\/4\/FA-Cup.png\" alt=\"FA-Cup\" width=\"35\" height=\"50\" \/><\/p>\n<p style=\"text-align: justify;\">Inglaterra: Para cualquier competici\u00f3n y temporada de tu elecci\u00f3n puedes encontrar aqu\u00ed todos los partidos pronosticados por nosotros, as\u00ed como los correspondientes resultados reales.<\/p>\n<p style=\"text-align: justify;\">Puedes acceder a esta p\u00e1gina con las predicciones y los resultados reales, ya sea en la barra de men\u00fa de arriba a trav\u00e9s de <strong>&gt; Inglaterra &gt; pron\u00f3sticos &gt; competici\u00f3n y temporada<\/strong> de tu elecci\u00f3n, o a trav\u00e9s del men\u00fa desplegable &#8216;<strong>nuestros\u00a0pron\u00f3sticos para&#8230;<\/strong>&#8216; en el lado derecho, o simplemente\u00a0haciendo clic en uno de los siguientes enlaces:<\/p>\n<p style=\"text-align: justify;\"><img loading=\"lazy\" class=\"alignnone size-full wp-image-184\" src=\"http:\/\/dataminingsoccer.com\/es\/wp-content\/uploads\/sites\/4\/Premier-League-Futbol-Resultados-Prediccion-s.png\" alt=\"Premier-League-Futbol-Resultados-Prediccion\" width=\"23\" height=\"25\" \/> <a title=\"Premier League 2014\/15\" href=\"http:\/\/dataminingsoccer.com\/es\/inglaterra\/pronosticos-premier-league\/premier-league-2015-2016\/\">[Premier League 2015\/16]<br \/>\n<\/a><img loading=\"lazy\" class=\"alignnone size-full wp-image-1852\" src=\"http:\/\/dataminingsoccer.com\/es\/wp-content\/uploads\/sites\/4\/FA-Cup-s.png\" alt=\"FA-Cup\" width=\"18\" height=\"26\" \/>\u00a0<a title=\"Premier League 2014\/15\" href=\"http:\/\/dataminingsoccer.com\/es\/inglaterra\/pronosticos-premier-league\/fa-cup-2015-2016\/\">[FA Cup 2015\/16]<\/a><a title=\"Premier League 2014\/15\" href=\"http:\/\/dataminingsoccer.com\/es\/inglaterra\/pronosticos-premier-league\/premier-league-2015-2016\/\"><br \/>\n<\/a><img loading=\"lazy\" class=\"alignnone size-full wp-image-184\" src=\"http:\/\/dataminingsoccer.com\/es\/wp-content\/uploads\/sites\/4\/Premier-League-Futbol-Resultados-Prediccion-s.png\" alt=\"Premier-League-Futbol-Resultados-Prediccion\" width=\"23\" height=\"25\" \/> <a title=\"Premier League 2014\/15\" href=\"http:\/\/dataminingsoccer.com\/es\/inglaterra\/pronosticos-premier-league\/premier-league-2014-15\/\">[Premier League 2014\/15]<\/a><a title=\"Premier League 2014\/15\" href=\"http:\/\/dataminingsoccer.com\/es\/inglaterra\/pronosticos-premier-league\/premier-league-2014-15\/\"><br \/>\n<\/a><\/p>\n<p style=\"text-align: justify;\">Como indicador estad\u00edstico adicional siempre mostramos uno de nuestros factores de confianza estad\u00edstica (DMSC\u2122 o DMSU\u2122) para cada partido predicho por nosotros en Inglaterra.<\/p>\n<p style=\"text-align: justify;\"><img loading=\"lazy\" class=\"alignnone size-full wp-image-183\" src=\"http:\/\/dataminingsoccer.com\/es\/wp-content\/uploads\/sites\/4\/Premier-League-Futbol-Resultados-Prediccion-m.png\" alt=\"Premier-League-Futbol-Resultados-Prediccion\" width=\"37\" height=\"50\" \/>\u00a0\u00a0\u00a0\u00a0 <img loading=\"lazy\" class=\"alignnone size-full wp-image-1853\" src=\"http:\/\/dataminingsoccer.com\/es\/wp-content\/uploads\/sites\/4\/FA-Cup.png\" alt=\"FA-Cup\" width=\"35\" height=\"50\" \/><\/p>\n","protected":false},"excerpt":{"rendered":"<p>Resultados de F\u00fatbol: Pron\u00f3sticos utilizando Data Mining\u00a0\u00a0\u00a0\u00a0 Inglaterra: Para cualquier competici\u00f3n y temporada de tu elecci\u00f3n puedes encontrar aqu\u00ed todos los partidos pronosticados por nosotros, as\u00ed como los correspondientes resultados reales. Puedes acceder a esta p\u00e1gina con las predicciones y los resultados reales, ya sea en la barra de men\u00fa de arriba a trav\u00e9s de &hellip; <a href=\"https:\/\/dataminingsoccer.com\/es\/inglaterra\/pronosticos-premier-league\/\" class=\"more-link\">Seguir leyendo <span class=\"screen-reader-text\">Pron\u00f3sticos<\/span> <span class=\"meta-nav\">&rarr;<\/span><\/a><\/p>\n","protected":false},"author":5,"featured_media":0,"parent":10,"menu_order":10,"comment_status":"closed","ping_status":"closed","template":"","meta":[],"yoast_head":"<!-- This site is optimized with the Yoast SEO plugin v14.8 - https:\/\/yoast.com\/wordpress\/plugins\/seo\/ -->\n<meta name=\"description\" content=\"Predicci\u00f3nes de resultados de f\u00fatbol de la Premier League in Inglaterra basado sobre an\u00e1lisis estad\u00edsticos utilizando data mining.\" \/>\n<meta name=\"robots\" content=\"index, follow\" \/>\n<meta name=\"googlebot\" content=\"index, follow, max-snippet:-1, max-image-preview:large, max-video-preview:-1\" \/>\n<meta name=\"bingbot\" content=\"index, follow, max-snippet:-1, max-image-preview:large, max-video-preview:-1\" \/>\n<link rel=\"canonical\" href=\"http:\/\/dataminingsoccer.com\/es\/inglaterra\/pronosticos-premier-league\/\" \/>\n<script type=\"application\/ld+json\" class=\"yoast-schema-graph\">{\"@context\":\"https:\/\/schema.org\",\"@graph\":[{\"@type\":\"WebSite\",\"@id\":\"https:\/\/dataminingsoccer.com\/es\/#website\",\"url\":\"https:\/\/dataminingsoccer.com\/es\/\",\"name\":\"Pron\\u00f3sticos de Resultados de F\\u00fatbol\",\"description\":\"basado sobre an\\u00e1lisis estad\\u00edsticos utilizando data mining.. Amamos el f\\u00fatbol! Y nos encantan los juegos con n\\u00fameros!\",\"potentialAction\":[{\"@type\":\"SearchAction\",\"target\":\"https:\/\/dataminingsoccer.com\/es\/?s={search_term_string}\",\"query-input\":\"required name=search_term_string\"}],\"inLanguage\":\"es\"},{\"@type\":\"ImageObject\",\"@id\":\"http:\/\/dataminingsoccer.com\/es\/inglaterra\/pronosticos-premier-league\/#primaryimage\",\"inLanguage\":\"es\",\"url\":\"http:\/\/dataminingsoccer.com\/es\/wp-content\/uploads\/sites\/4\/Premier-League-Futbol-Resultados-Prediccion-m.png\"},{\"@type\":\"WebPage\",\"@id\":\"http:\/\/dataminingsoccer.com\/es\/inglaterra\/pronosticos-premier-league\/#webpage\",\"url\":\"http:\/\/dataminingsoccer.com\/es\/inglaterra\/pronosticos-premier-league\/\",\"name\":\"Pron\\u00f3sticos - Pron\\u00f3sticos de Resultados de F\\u00fatbol\",\"isPartOf\":{\"@id\":\"https:\/\/dataminingsoccer.com\/es\/#website\"},\"primaryImageOfPage\":{\"@id\":\"http:\/\/dataminingsoccer.com\/es\/inglaterra\/pronosticos-premier-league\/#primaryimage\"},\"datePublished\":\"2013-12-27T22:49:31+00:00\",\"dateModified\":\"2015-06-24T02:24:30+00:00\",\"description\":\"Predicci\\u00f3nes de resultados de f\\u00fatbol de la Premier League in Inglaterra basado sobre an\\u00e1lisis estad\\u00edsticos utilizando data mining.\",\"inLanguage\":\"es\",\"potentialAction\":[{\"@type\":\"ReadAction\",\"target\":[\"http:\/\/dataminingsoccer.com\/es\/inglaterra\/pronosticos-premier-league\/\"]}]}]}<\/script>\n<!-- \/ Yoast SEO plugin. -->","_links":{"self":[{"href":"https:\/\/dataminingsoccer.com\/es\/wp-json\/wp\/v2\/pages\/722"}],"collection":[{"href":"https:\/\/dataminingsoccer.com\/es\/wp-json\/wp\/v2\/pages"}],"about":[{"href":"https:\/\/dataminingsoccer.com\/es\/wp-json\/wp\/v2\/types\/page"}],"author":[{"embeddable":true,"href":"https:\/\/dataminingsoccer.com\/es\/wp-json\/wp\/v2\/users\/5"}],"replies":[{"embeddable":true,"href":"https:\/\/dataminingsoccer.com\/es\/wp-json\/wp\/v2\/comments?post=722"}],"version-history":[{"count":9,"href":"https:\/\/dataminingsoccer.com\/es\/wp-json\/wp\/v2\/pages\/722\/revisions"}],"predecessor-version":[{"id":2731,"href":"https:\/\/dataminingsoccer.com\/es\/wp-json\/wp\/v2\/pages\/722\/revisions\/2731"}],"up":[{"embeddable":true,"href":"https:\/\/dataminingsoccer.com\/es\/wp-json\/wp\/v2\/pages\/10"}],"wp:attachment":[{"href":"https:\/\/dataminingsoccer.com\/es\/wp-json\/wp\/v2\/media?parent=722"}],"curies":[{"name":"wp","href":"https:\/\/api.w.org\/{rel}","templated":true}]}}