{"id":62,"date":"2013-09-12T17:24:06","date_gmt":"2013-09-12T15:24:06","guid":{"rendered":"http:\/\/dataminingsoccer.com\/es\/?page_id=62"},"modified":"2018-05-18T07:53:34","modified_gmt":"2018-05-18T05:53:34","slug":"contacto","status":"publish","type":"page","link":"https:\/\/dataminingsoccer.com\/es\/contacto\/","title":{"rendered":"Contacto"},"content":{"rendered":"<h2>Resultados de F\u00fatbol: Pron\u00f3sticos utilizando Data Mining<\/h2><table style=\"border: 0px; line-height: 1.5;\">\n<tbody>\n<tr>\n<td style=\"border: 0px;\">Para cualquier pregunta, puedes contactarme aqu\u00ec:<\/p>\n<p>Thomas J. Meyer<br \/>\n@ ROGEON Verlag (editorial)<br \/>\nTalstr. 106<br \/>\n73732 Esslingen a.N.<br \/>\nAlemania<br \/>\nEmail: info [at] dataminingsoccer.com<\/p>\n<p>\u00a1Tratar\u00e9 de responderte tan pronto como sea posible!<\/td>\n<td style=\"text-align: center; vertical-align: top; border: 0px;\" width=\"200\"><img loading=\"lazy\" class=\"alignnone size-full wp-image-2603\" src=\"http:\/\/dataminingsoccer.com\/es\/wp-content\/uploads\/sites\/4\/Data-Mining-Soccer-Email.jpg\" alt=\"Data-Mining-Soccer-Email\" width=\"130\" height=\"200\" \/><\/td>\n<\/tr>\n<\/tbody>\n<\/table>\n","protected":false},"excerpt":{"rendered":"<p>Resultados de F\u00fatbol: Pron\u00f3sticos utilizando Data Mining Para cualquier pregunta, puedes contactarme aqu\u00ec: Thomas J. Meyer @ ROGEON Verlag (editorial) Talstr. 106 73732 Esslingen a.N. Alemania Email: info [at] dataminingsoccer.com \u00a1Tratar\u00e9 de responderte tan pronto como sea posible!<\/p>\n","protected":false},"author":5,"featured_media":0,"parent":0,"menu_order":100,"comment_status":"closed","ping_status":"closed","template":"","meta":[],"yoast_head":"<!-- This site is optimized with the Yoast SEO plugin v14.8 - https:\/\/yoast.com\/wordpress\/plugins\/seo\/ -->\n<meta name=\"description\" content=\"El equipo de DataMiningSoccer.com espera con inter\u00e9s tus comentarios y preguntas!\" \/>\n<meta name=\"robots\" content=\"noindex, follow\" \/>\n<script type=\"application\/ld+json\" class=\"yoast-schema-graph\">{\"@context\":\"https:\/\/schema.org\",\"@graph\":[{\"@type\":\"WebSite\",\"@id\":\"https:\/\/dataminingsoccer.com\/es\/#website\",\"url\":\"https:\/\/dataminingsoccer.com\/es\/\",\"name\":\"Pron\\u00f3sticos de Resultados de F\\u00fatbol\",\"description\":\"basado sobre an\\u00e1lisis estad\\u00edsticos utilizando data mining.. Amamos el f\\u00fatbol! Y nos encantan los juegos con n\\u00fameros!\",\"potentialAction\":[{\"@type\":\"SearchAction\",\"target\":\"https:\/\/dataminingsoccer.com\/es\/?s={search_term_string}\",\"query-input\":\"required name=search_term_string\"}],\"inLanguage\":\"es\"},{\"@type\":\"ImageObject\",\"@id\":\"http:\/\/dataminingsoccer.com\/es\/contacto\/#primaryimage\",\"inLanguage\":\"es\",\"url\":\"http:\/\/dataminingsoccer.com\/es\/wp-content\/uploads\/sites\/4\/Data-Mining-Soccer-Email.jpg\"},{\"@type\":\"WebPage\",\"@id\":\"http:\/\/dataminingsoccer.com\/es\/contacto\/#webpage\",\"url\":\"http:\/\/dataminingsoccer.com\/es\/contacto\/\",\"name\":\"Contacto - Pron\\u00f3sticos de Resultados de F\\u00fatbol\",\"isPartOf\":{\"@id\":\"https:\/\/dataminingsoccer.com\/es\/#website\"},\"primaryImageOfPage\":{\"@id\":\"http:\/\/dataminingsoccer.com\/es\/contacto\/#primaryimage\"},\"datePublished\":\"2013-09-12T15:24:06+00:00\",\"dateModified\":\"2018-05-18T05:53:34+00:00\",\"description\":\"El equipo de DataMiningSoccer.com espera con inter\\u00e9s tus comentarios y preguntas!\",\"inLanguage\":\"es\",\"potentialAction\":[{\"@type\":\"ReadAction\",\"target\":[\"http:\/\/dataminingsoccer.com\/es\/contacto\/\"]}]}]}<\/script>\n<!-- \/ Yoast SEO plugin. -->","_links":{"self":[{"href":"https:\/\/dataminingsoccer.com\/es\/wp-json\/wp\/v2\/pages\/62"}],"collection":[{"href":"https:\/\/dataminingsoccer.com\/es\/wp-json\/wp\/v2\/pages"}],"about":[{"href":"https:\/\/dataminingsoccer.com\/es\/wp-json\/wp\/v2\/types\/page"}],"author":[{"embeddable":true,"href":"https:\/\/dataminingsoccer.com\/es\/wp-json\/wp\/v2\/users\/5"}],"replies":[{"embeddable":true,"href":"https:\/\/dataminingsoccer.com\/es\/wp-json\/wp\/v2\/comments?post=62"}],"version-history":[{"count":9,"href":"https:\/\/dataminingsoccer.com\/es\/wp-json\/wp\/v2\/pages\/62\/revisions"}],"predecessor-version":[{"id":3099,"href":"https:\/\/dataminingsoccer.com\/es\/wp-json\/wp\/v2\/pages\/62\/revisions\/3099"}],"wp:attachment":[{"href":"https:\/\/dataminingsoccer.com\/es\/wp-json\/wp\/v2\/media?parent=62"}],"curies":[{"name":"wp","href":"https:\/\/api.w.org\/{rel}","templated":true}]}}