{"id":442,"date":"2013-10-18T03:09:42","date_gmt":"2013-10-18T01:09:42","guid":{"rendered":"http:\/\/dataminingsoccer.com\/es\/?page_id=442"},"modified":"2014-06-21T00:33:42","modified_gmt":"2014-06-20T22:33:42","slug":"download-descarga-de-datos","status":"publish","type":"page","link":"https:\/\/dataminingsoccer.com\/es\/download-descarga-de-datos\/","title":{"rendered":"Descarga de Datos"},"content":{"rendered":"<h2>Descarga resultados y datos de f\u00fatbol<\/h2><p style=\"text-align: justify;\">Aqu\u00ed encuentras algunos datos para tu descarga &#8211; por ejemplo para hacer predicciones con el software gratuito <a title=\"Data.Mining.Fox\u00ae de Easy.Data.Mining\u2122\" href=\"http:\/\/www.easydatamining.com\" target=\"_blank\">[Data.Mining.Fox \u00ae de Easy.Data.Mining\u2122]<\/a>.<\/p>\n<p style=\"text-align: justify;\"><a title=\"Datos de las Copas Mundiales\" href=\"http:\/\/dataminingsoccer.com\/es\/download-descarga-de-datos\/datos-copas-mundiales\/\">[Datos hist\u00f3ricos de todas las Copas del Mundo de f\u00fatbol desde 1930]<\/a><\/p>\n<p style=\"text-align: justify;\"><a title=\"Datos de las Copas de Europa\" href=\"http:\/\/dataminingsoccer.com\/es\/download-descarga-de-datos\/datos-copas-europa\/\">[Datos hist\u00f3ricos de los Campeonatos Europeos de f\u00fatbol desde 1960]<\/a><\/p>\n<p><a title=\"Descarga de Datos\" href=\"http:\/\/dataminingsoccer.com\/es\/download-descarga-de-datos\/\"><img loading=\"lazy\" class=\"alignnone size-full wp-image-870\" src=\"http:\/\/dataminingsoccer.com\/es\/wp-content\/uploads\/sites\/4\/Data-Mining-Soccer-encima-pagina-m.png\" alt=\"Data-Mining-Soccer-encima-pagina\" width=\"50\" height=\"50\" \/><\/a>\u00a0\u00a0\u00a0\u00a0 <a href=\"http:\/\/dataminingsoccer.com\/es\/\"><img loading=\"lazy\" class=\"alignnone size-full wp-image-872\" src=\"http:\/\/dataminingsoccer.com\/es\/wp-content\/uploads\/sites\/4\/Data-Mining-Soccer-futbol-resultado-pronostico-m.png\" alt=\"Data-Mining-Soccer-futbol-resultado-pronostico\" width=\"50\" height=\"50\" \/><\/a>\u00a0\u00a0\u00a0\u00a0 <a title=\"DataMiningSoccer (espa\u00f1ol) @Twitter\" href=\"http:\/\/twitter.com\/DataMinSoccerES\" target=\"_blank\"><img loading=\"lazy\" class=\"alignnone size-full wp-image-1245\" src=\"http:\/\/dataminingsoccer.com\/es\/wp-content\/uploads\/sites\/4\/Twitter-Data-Mining-Soccer.png\" alt=\"Twitter-Data-Mining-Soccer\" width=\"50\" height=\"50\" \/><\/a>\u00a0\u00a0\u00a0\u00a0 <a title=\"DataMiningSoccer (ingl\u00e9s) @Facebook\" href=\"http:\/\/www.facebook.com\/dataminingsoccer\" target=\"_blank\"><img loading=\"lazy\" class=\"alignnone size-full wp-image-1241\" src=\"http:\/\/dataminingsoccer.com\/es\/wp-content\/uploads\/sites\/4\/Facebook-Data-Mining-Soccer.png\" alt=\"Facebook-Data-Mining-Soccer\" width=\"50\" height=\"50\" \/><\/a><\/p>\n","protected":false},"excerpt":{"rendered":"<p>Descarga resultados y datos de f\u00fatbolAqu\u00ed encuentras algunos datos para tu descarga &#8211; por ejemplo para hacer predicciones con el software gratuito [Data.Mining.Fox \u00ae de Easy.Data.Mining\u2122]. [Datos hist\u00f3ricos de todas las Copas del Mundo de f\u00fatbol desde 1930] [Datos hist\u00f3ricos de los Campeonatos Europeos de f\u00fatbol desde 1960] \u00a0\u00a0\u00a0\u00a0 \u00a0\u00a0\u00a0\u00a0 \u00a0\u00a0\u00a0\u00a0<\/p>\n","protected":false},"author":5,"featured_media":0,"parent":0,"menu_order":45,"comment_status":"closed","ping_status":"closed","template":"","meta":[],"yoast_head":"<!-- This site is optimized with the Yoast SEO plugin v14.8 - https:\/\/yoast.com\/wordpress\/plugins\/seo\/ -->\n<meta name=\"description\" content=\"Data.Mining.Soccer \u2122 le ofrece todos los partidos y los resultados hist\u00f3ricos de varios campeonatos como descarga (download) gratuita.\" \/>\n<meta name=\"robots\" content=\"index, follow\" \/>\n<meta name=\"googlebot\" content=\"index, follow, max-snippet:-1, max-image-preview:large, max-video-preview:-1\" \/>\n<meta name=\"bingbot\" content=\"index, follow, max-snippet:-1, max-image-preview:large, max-video-preview:-1\" \/>\n<link rel=\"canonical\" href=\"http:\/\/dataminingsoccer.com\/es\/download-descarga-de-datos\/\" \/>\n<script type=\"application\/ld+json\" class=\"yoast-schema-graph\">{\"@context\":\"https:\/\/schema.org\",\"@graph\":[{\"@type\":\"WebSite\",\"@id\":\"https:\/\/dataminingsoccer.com\/es\/#website\",\"url\":\"https:\/\/dataminingsoccer.com\/es\/\",\"name\":\"Pron\\u00f3sticos de Resultados de F\\u00fatbol\",\"description\":\"basado sobre an\\u00e1lisis estad\\u00edsticos utilizando data mining.. Amamos el f\\u00fatbol! Y nos encantan los juegos con n\\u00fameros!\",\"potentialAction\":[{\"@type\":\"SearchAction\",\"target\":\"https:\/\/dataminingsoccer.com\/es\/?s={search_term_string}\",\"query-input\":\"required name=search_term_string\"}],\"inLanguage\":\"es\"},{\"@type\":\"ImageObject\",\"@id\":\"http:\/\/dataminingsoccer.com\/es\/download-descarga-de-datos\/#primaryimage\",\"inLanguage\":\"es\",\"url\":\"http:\/\/dataminingsoccer.com\/es\/wp-content\/uploads\/sites\/4\/Data-Mining-Soccer-encima-pagina-m.png\"},{\"@type\":\"WebPage\",\"@id\":\"http:\/\/dataminingsoccer.com\/es\/download-descarga-de-datos\/#webpage\",\"url\":\"http:\/\/dataminingsoccer.com\/es\/download-descarga-de-datos\/\",\"name\":\"Descarga de Datos - Pron\\u00f3sticos de Resultados de F\\u00fatbol\",\"isPartOf\":{\"@id\":\"https:\/\/dataminingsoccer.com\/es\/#website\"},\"primaryImageOfPage\":{\"@id\":\"http:\/\/dataminingsoccer.com\/es\/download-descarga-de-datos\/#primaryimage\"},\"datePublished\":\"2013-10-18T01:09:42+00:00\",\"dateModified\":\"2014-06-20T22:33:42+00:00\",\"description\":\"Data.Mining.Soccer \\u2122 le ofrece todos los partidos y los resultados hist\\u00f3ricos de varios campeonatos como descarga (download) gratuita.\",\"inLanguage\":\"es\",\"potentialAction\":[{\"@type\":\"ReadAction\",\"target\":[\"http:\/\/dataminingsoccer.com\/es\/download-descarga-de-datos\/\"]}]}]}<\/script>\n<!-- \/ Yoast SEO plugin. -->","_links":{"self":[{"href":"https:\/\/dataminingsoccer.com\/es\/wp-json\/wp\/v2\/pages\/442"}],"collection":[{"href":"https:\/\/dataminingsoccer.com\/es\/wp-json\/wp\/v2\/pages"}],"about":[{"href":"https:\/\/dataminingsoccer.com\/es\/wp-json\/wp\/v2\/types\/page"}],"author":[{"embeddable":true,"href":"https:\/\/dataminingsoccer.com\/es\/wp-json\/wp\/v2\/users\/5"}],"replies":[{"embeddable":true,"href":"https:\/\/dataminingsoccer.com\/es\/wp-json\/wp\/v2\/comments?post=442"}],"version-history":[{"count":7,"href":"https:\/\/dataminingsoccer.com\/es\/wp-json\/wp\/v2\/pages\/442\/revisions"}],"predecessor-version":[{"id":1387,"href":"https:\/\/dataminingsoccer.com\/es\/wp-json\/wp\/v2\/pages\/442\/revisions\/1387"}],"wp:attachment":[{"href":"https:\/\/dataminingsoccer.com\/es\/wp-json\/wp\/v2\/media?parent=442"}],"curies":[{"name":"wp","href":"https:\/\/api.w.org\/{rel}","templated":true}]}}