{"id":2655,"date":"2015-06-24T04:05:26","date_gmt":"2015-06-24T02:05:26","guid":{"rendered":"http:\/\/dataminingsoccer.com\/es\/?page_id=2655"},"modified":"2015-06-26T07:36:37","modified_gmt":"2015-06-26T05:36:37","slug":"fa-cup-2015-2016","status":"publish","type":"page","link":"https:\/\/dataminingsoccer.com\/es\/inglaterra\/pronosticos-premier-league\/fa-cup-2015-2016\/","title":{"rendered":"FA Cup 2015\/16"},"content":{"rendered":"<h2>Resultados de F\u00fatbol: Pron\u00f3sticos utilizando Data Mining<\/h2>","protected":false},"excerpt":{"rendered":"<p>Resultados de F\u00fatbol: Pron\u00f3sticos utilizando Data Mining<\/p>\n","protected":false},"author":5,"featured_media":0,"parent":722,"menu_order":0,"comment_status":"closed","ping_status":"closed","template":"","meta":[],"yoast_head":"<!-- This site is optimized with the Yoast SEO plugin v14.8 - https:\/\/yoast.com\/wordpress\/plugins\/seo\/ -->\n<meta name=\"description\" content=\"Pron\u00f3sticos de resultatdos de f\u00fatbol de la Copa de Inglaterra (FA Cup) 2015-2016 basado sobre an\u00e1lisis estad\u00edsticos utilizando un software data mining.\" \/>\n<meta name=\"robots\" content=\"index, follow\" \/>\n<meta name=\"googlebot\" content=\"index, follow, max-snippet:-1, max-image-preview:large, max-video-preview:-1\" \/>\n<meta name=\"bingbot\" content=\"index, follow, max-snippet:-1, max-image-preview:large, max-video-preview:-1\" \/>\n<link rel=\"canonical\" href=\"http:\/\/dataminingsoccer.com\/es\/inglaterra\/pronosticos-premier-league\/fa-cup-2015-2016\/\" \/>\n<script type=\"application\/ld+json\" class=\"yoast-schema-graph\">{\"@context\":\"https:\/\/schema.org\",\"@graph\":[{\"@type\":\"WebSite\",\"@id\":\"https:\/\/dataminingsoccer.com\/es\/#website\",\"url\":\"https:\/\/dataminingsoccer.com\/es\/\",\"name\":\"Pron\\u00f3sticos de Resultados de F\\u00fatbol\",\"description\":\"basado sobre an\\u00e1lisis estad\\u00edsticos utilizando data mining.. Amamos el f\\u00fatbol! Y nos encantan los juegos con n\\u00fameros!\",\"potentialAction\":[{\"@type\":\"SearchAction\",\"target\":\"https:\/\/dataminingsoccer.com\/es\/?s={search_term_string}\",\"query-input\":\"required name=search_term_string\"}],\"inLanguage\":\"es\"},{\"@type\":\"WebPage\",\"@id\":\"http:\/\/dataminingsoccer.com\/es\/inglaterra\/pronosticos-premier-league\/fa-cup-2015-2016\/#webpage\",\"url\":\"http:\/\/dataminingsoccer.com\/es\/inglaterra\/pronosticos-premier-league\/fa-cup-2015-2016\/\",\"name\":\"FA Cup 2015\/16 - Pron\\u00f3sticos de Resultados de F\\u00fatbol\",\"isPartOf\":{\"@id\":\"https:\/\/dataminingsoccer.com\/es\/#website\"},\"datePublished\":\"2015-06-24T02:05:26+00:00\",\"dateModified\":\"2015-06-26T05:36:37+00:00\",\"description\":\"Pron\\u00f3sticos de resultatdos de f\\u00fatbol de la Copa de Inglaterra (FA Cup) 2015-2016 basado sobre an\\u00e1lisis estad\\u00edsticos utilizando un software data mining.\",\"inLanguage\":\"es\",\"potentialAction\":[{\"@type\":\"ReadAction\",\"target\":[\"http:\/\/dataminingsoccer.com\/es\/inglaterra\/pronosticos-premier-league\/fa-cup-2015-2016\/\"]}]}]}<\/script>\n<!-- \/ Yoast SEO plugin. -->","_links":{"self":[{"href":"https:\/\/dataminingsoccer.com\/es\/wp-json\/wp\/v2\/pages\/2655"}],"collection":[{"href":"https:\/\/dataminingsoccer.com\/es\/wp-json\/wp\/v2\/pages"}],"about":[{"href":"https:\/\/dataminingsoccer.com\/es\/wp-json\/wp\/v2\/types\/page"}],"author":[{"embeddable":true,"href":"https:\/\/dataminingsoccer.com\/es\/wp-json\/wp\/v2\/users\/5"}],"replies":[{"embeddable":true,"href":"https:\/\/dataminingsoccer.com\/es\/wp-json\/wp\/v2\/comments?post=2655"}],"version-history":[{"count":2,"href":"https:\/\/dataminingsoccer.com\/es\/wp-json\/wp\/v2\/pages\/2655\/revisions"}],"predecessor-version":[{"id":2816,"href":"https:\/\/dataminingsoccer.com\/es\/wp-json\/wp\/v2\/pages\/2655\/revisions\/2816"}],"up":[{"embeddable":true,"href":"https:\/\/dataminingsoccer.com\/es\/wp-json\/wp\/v2\/pages\/722"}],"wp:attachment":[{"href":"https:\/\/dataminingsoccer.com\/es\/wp-json\/wp\/v2\/media?parent=2655"}],"curies":[{"name":"wp","href":"https:\/\/api.w.org\/{rel}","templated":true}]}}