{"id":2641,"date":"2015-06-24T03:17:03","date_gmt":"2015-06-24T01:17:03","guid":{"rendered":"http:\/\/dataminingsoccer.com\/es\/?page_id=2641"},"modified":"2016-05-21T22:59:46","modified_gmt":"2016-05-21T20:59:46","slug":"dfb-pokal-2015-2016","status":"publish","type":"page","link":"https:\/\/dataminingsoccer.com\/es\/alemania\/pronosticos-1-bundesliga\/dfb-pokal-2015-2016\/","title":{"rendered":"DFB-Pokal 2015\/16"},"content":{"rendered":"<h2>Football Result Predictions using Data Mining<\/h2><p>Software de miner\u00eda de datos utilizado: <a title=\"Data.Mining.Fox\" href=\"http:\/\/www.easydatamining.com\" target=\"_blank\">[Data.Mining.Fox\u00ae (DMF) de Easy.Data.Mining\u2122]<\/a><br \/>\nCuidado por favor en cuanto a nuestra <a title=\"Sin Garant\u00eda\" href=\"http:\/\/dataminingsoccer.com\/es\/informacion\/sin-garantia\/\">[renuncia de responsabilidad]<\/a> por las siguientes predicciones.<\/p>\n<p><img loading=\"lazy\" class=\"alignnone size-full wp-image-1674\" src=\"http:\/\/dataminingsoccer.com\/es\/wp-content\/uploads\/sites\/4\/dfb-pokal.png\" alt=\"dfb-pokal\" width=\"50\" height=\"50\" \/><\/p>\n<p style=\"text-align: justify;\"><strong>Final<\/strong>, Copa de Alemania &#8216;DFB Pokal&#8217; 2015-2016: pron\u00f3sticos\u00a0\u00a0 &gt;&gt;&gt;\u00a0\u00a0 resultados reales:<\/p>\n<p style=\"text-align: justify;\">Las cifras entre par\u00e9ntesis indican las ligas de los equipos. El n\u00famero de estrellas * es nuesto indicador DMSU\u2122 (indicador Data.Mining.Soccer-Underdog) de la probabilidad estad\u00edstica de que el equipo de la liga inferior gana.<\/p>\n<p style=\"text-align: justify;\">2016-05-21: \u00a0<strong>Bayern M\u00fcnchen (1.) \u2013 Borussia Dortmund (1.)<\/strong> \u00a0 2 \u2013 1 t.p. \u00a0 @ \u00a0 &gt;&gt;&gt; \u00a0 4 \u2013 3 d.p.<\/p>\n<p style=\"text-align: justify;\"><strong>Cuota de tendencia final<\/strong>: 1 de 1 \/ <strong>100%<\/strong> (\u00abpor casualidad\u00bb ser\u00eda \u00f8 50%)<br \/>\n<strong>Cuota correcta<\/strong> desde la eliminatoria 1: 49 de 63 \/ <strong>78%<\/strong> (\u00abpor casualidad\u00bb ser\u00eda \u00f8 50%)<\/p>\n<p><img loading=\"lazy\" class=\"alignnone size-full wp-image-1674\" src=\"http:\/\/dataminingsoccer.com\/es\/wp-content\/uploads\/sites\/4\/dfb-pokal.png\" alt=\"dfb-pokal\" width=\"50\" height=\"50\" \/><\/p>\n<p style=\"text-align: justify;\"><strong>Semifinales<\/strong>, Copa de Alemania &#8216;DFB Pokal&#8217; 2015-2016: pron\u00f3sticos\u00a0\u00a0 &gt;&gt;&gt;\u00a0\u00a0 resultados reales:<\/p>\n<p style=\"text-align: justify;\">2016-04-19:\u00a0 <strong>Bayern M\u00fcnchen (1.) \u2013 Werder Bremen (1.) \u00a0 2 \u2013 0 \u00a0 @ \u00a0 &gt;&gt;&gt; \u00a0 2 \u2013 0<\/strong><br \/>\n2016-04-20: \u00a0<strong>Hertha BSC (1.) \u2013 Borussia Dortmund (1.)<\/strong>\u00a0 1 \u2013 2 \u00a0 @ \u00a0 &gt;&gt;&gt; \u00a0 0 \u2013 3<\/p>\n<p style=\"text-align: justify;\"><strong>Cuota de tendencia s<strong>emifinales<\/strong><\/strong>: 2 de 2 \/ <strong>100%<\/strong> (\u00abpor casualidad\u00bb ser\u00eda \u00f8 50%)<br \/>\n<strong>Cuota correcta<\/strong> desde la eliminatoria 1: 48 de 62 \/ <strong>77%<\/strong> (\u00abpor casualidad\u00bb ser\u00eda \u00f8 50%)<\/p>\n<p><img loading=\"lazy\" class=\"alignnone size-full wp-image-1674\" src=\"http:\/\/dataminingsoccer.com\/es\/wp-content\/uploads\/sites\/4\/dfb-pokal.png\" alt=\"dfb-pokal\" width=\"50\" height=\"50\" \/><\/p>\n<p style=\"text-align: justify;\"><strong>Jornada 4<\/strong>, Copa de Alemania &#8216;DFB Pokal&#8217; 2015-2016: pron\u00f3sticos\u00a0\u00a0 &gt;&gt;&gt;\u00a0\u00a0 resultados reales:<\/p>\n<p style=\"text-align: justify;\">2016-02-09: \u00a0 Bayer 04 Leverkusen (1.) &#8211; Werder Bremen (1.) \u00a0 2 \u2013 1 \u00a0 @ \u00a0 &gt;&gt;&gt; \u00a0 1 \u2013 3<br \/>\n2016-02-09: \u00a0\u00a0<strong>VfB Stuttgart (1.) &#8211; Borussia Dortmund (1.)<\/strong> \u00a0 2 \u2013 3 t.p. \u00a0 @ \u00a0 &gt;&gt;&gt; \u00a0 1 \u2013 3<br \/>\n2016-02-10: \u00a0 <strong>1. FC Heidenheim (2.) &#8211; Hertha BSC (1.)<\/strong> \u00a0 0 \u2013 1 t.p. \u00a0 @ ** \u00a0 &gt;&gt;&gt; \u00a0 2 \u2013 3<br \/>\n2016-02-10: \u00a0 <strong>VfL Bochum (2.) &#8211; Bayern M\u00fcnchen (1.)<\/strong> \u00a0 0 \u2013 2 \u00a0 @ \u00a0 &gt;&gt;&gt; \u00a0 0 \u2013 3<\/p>\n<p style=\"text-align: justify;\"><strong>Cuota de tendencia <strong>eliminatoria 4<\/strong><\/strong>: 3 de 4 \/ <strong>75%<\/strong> (\u00abpor casualidad\u00bb ser\u00eda \u00f8 50%)<br \/>\n<strong>Cuota correcta<\/strong> desde la eliminatoria 1: 46 de 60 \/ <strong>77%<\/strong> (\u00abpor casualidad\u00bb ser\u00eda \u00f8 50%)<\/p>\n<p><img loading=\"lazy\" class=\"alignnone size-full wp-image-1674\" src=\"http:\/\/dataminingsoccer.com\/es\/wp-content\/uploads\/sites\/4\/dfb-pokal.png\" alt=\"dfb-pokal\" width=\"50\" height=\"50\" \/><\/p>\n<p style=\"text-align: justify;\"><strong>Jornada 3<\/strong>, Copa de Alemania &#8216;DFB Pokal&#8217; 2015-2016: pron\u00f3sticos\u00a0\u00a0 &gt;&gt;&gt;\u00a0\u00a0 resultados reales:<\/p>\n<p style=\"text-align: justify;\">2015-12-15: \u00a0 <strong>SpVgg Unterhaching (4.) &#8211;\u00a0Bayer 04 Leverkusen (1.)<\/strong>\u00a0\u00a0 0 \u2013 2 \u00a0 @ * \u00a0 &gt;&gt;&gt; \u00a0 1 \u2013 3<br \/>\n2015-12-15: \u00a0 <strong>Erzgebirge Aue (3.) &#8211; 1. FC Heidenheim (2.)<\/strong>\u00a0\u00a0 1 \u2013 2 \u00a0 @ ** \u00a0 &gt;&gt;&gt; \u00a0 0 \u2013 2<br \/>\n2015-12-15: \u00a0 Bor. M\u00f6nchengladbach (1.) &#8211;\u00a0Werder Bremen (1.)\u00a0\u00a0 2 \u2013 1 \u00a0 @ \u00a0 &gt;&gt;&gt; \u00a0 3 \u2013 4<br \/>\n2015-12-15: \u00a0\u00a0<strong>Bayern M\u00fcnchen (1.) &#8211;\u00a0SV Darmstadt 98 (1.)<\/strong>\u00a0\u00a0 2 \u2013 0 \u00a0 @ \u00a0 &gt;&gt;&gt; \u00a0 1 \u2013 0<br \/>\n2015-12-16: \u00a0 <strong>1860 M\u00fcnchen (2.) &#8211;\u00a0VfL Bochum (2.)<\/strong>\u00a0\u00a0 1 \u2013 2 t.p. \u00a0 @ \u00a0 &gt;&gt;&gt; \u00a0 0 \u2013 2<br \/>\n2015-12-16: \u00a0\u00a0<strong>1. FC N\u00fcrnberg (2.) &#8211;\u00a0Hertha BSC (1.)<\/strong>\u00a0\u00a0 1 \u2013 2 t.p. \u00a0 @ ** \u00a0 &gt;&gt;&gt; \u00a0 0 \u2013 2<br \/>\n2015-12-16: \u00a0\u00a0<strong>VfB Stuttgart (1.) &#8211;\u00a0Eintracht Braunschweig (2.)<\/strong>\u00a0\u00a0 2 \u2013 1 \u00a0 @ ** \u00a0 &gt;&gt;&gt; \u00a0 3 \u2013 2 t.p.<br \/>\n2015-12-16: \u00a0 <strong>FC Augsburg (1.) &#8211;\u00a0Borussia Dortmund (1.)<\/strong>\u00a0\u00a0 1 \u2013 2 \u00a0 @ \u00a0 &gt;&gt;&gt; \u00a0 0 \u2013 2<\/p>\n<p style=\"text-align: justify;\"><strong>Cuota de tendencia <strong>eliminatoria 3<\/strong><\/strong>: 7 de 8\u00a0\/ <strong>88%<\/strong> (\u00abpor casualidad\u00bb ser\u00eda \u00f8 50%)<br \/>\n<strong>Cuota correcta<\/strong> desde la eliminatoria 1: 43 de 56 \/ <strong>77%<\/strong> (\u00abpor casualidad\u00bb ser\u00eda \u00f8 50%)<\/p>\n<p><img loading=\"lazy\" class=\"alignnone size-full wp-image-1674\" src=\"http:\/\/dataminingsoccer.com\/es\/wp-content\/uploads\/sites\/4\/dfb-pokal.png\" alt=\"dfb-pokal\" width=\"50\" height=\"50\" \/><\/p>\n<p style=\"text-align: justify;\"><strong>Jornada 2<\/strong>, Copa de Alemania &#8216;DFB Pokal&#8217; 2015-2016: pron\u00f3sticos\u00a0\u00a0 &gt;&gt;&gt;\u00a0\u00a0 resultados reales:<\/p>\n<p style=\"text-align: justify;\">2015-10-27: \u00a0 Erzgebirge Aue (3.) &#8211; Eintracht Frankfurt (1.) \u00a0 1 \u2013 2 \u00a0 @ * \u00a0&gt;&gt;&gt; \u00a0 1 \u2013 0<br \/>\n2015-10-27: \u00a0 <strong>1. FC N\u00fcrnberg (2.) &#8211; Fortuna D\u00fcsseldorf (2.)<\/strong> \u00a0 2 \u2013 1 \u00a0 @ \u00a0 &gt;&gt;&gt; \u00a0 5 \u2013 1<br \/>\n2015-10-27: \u00a0 <strong>FSV Frankfurt (2.) &#8211; Hertha BSC (1.)<\/strong> \u00a0 0 \u2013 1 \u00a0 @ * \u00a0 &gt;&gt;&gt; \u00a0 1 \u2013 2 t.p.<br \/>\n2015-10-27: \u00a0 1. FSV Mainz 05 (1.) &#8211; 1860 M\u00fcnchen (2.) \u00a0 1 \u2013 0 \u00a0 @ * \u00a0 &gt;&gt;&gt; \u00a0 1 \u2013 2<br \/>\n2015-10-27: \u00a0 <strong>SV Darmstadt 98 (1.) &#8211; Hannover 96 (1.)<\/strong> \u00a0 1 \u2013 0 t.p. \u00a0 @ \u00a0 &gt;&gt;&gt; \u00a0 2 \u2013 1<br \/>\n2015-10-27: \u00a0 SpVgg Unterhaching (4.) &#8211; RasenBallsport Leipzig (2.) \u00a0 0 \u2013 2 \u00a0 @ \u00a0 &gt;&gt;&gt; \u00a0 3 \u2013 0<br \/>\n2015-10-27: \u00a0 <strong>VfL Bochum (2.) &#8211; 1. FC Kaiserslautern (2.)<\/strong> \u00a0 2 \u2013 1 t.p. \u00a0 @ \u00a0 &gt;&gt;&gt; \u00a0 1 \u2013 0<br \/>\n2015-10-27: \u00a0 <strong>VfL Wolfsburg (1.) &#8211; Bayern M\u00fcnchen (1.)<\/strong> \u00a0 1 \u2013 2 \u00a0 @ \u00a0 &gt;&gt;&gt; \u00a0 1 \u2013 3<br \/>\n2015-10-28: \u00a0 <strong>Borussia Dortmund (1.) &#8211; SC Paderborn 07 (2.)<\/strong> \u00a0 3 \u2013 1 \u00a0 @ * \u00a0 &gt;&gt;&gt; \u00a0 7 \u2013 1<br \/>\n2015-10-28: \u00a0 <strong>FC Viktoria K\u00f6ln (4.) &#8211; Bayer 04 Leverkusen (1.)<\/strong> \u00a0 1 \u2013 4 \u00a0 @ \u00a0 &gt;&gt;&gt; \u00a0 0 \u2013 6<br \/>\n2015-10-28: \u00a0 SC Freiburg (2.) &#8211; FC Augsburg (1.) \u00a0 2 \u2013 1 t.p. \u00a0 @ *** \u00a0 &gt;&gt;&gt; \u00a0 0 \u2013 3<br \/>\n2015-10-28: \u00a0 SV Sandhausen (2.) &#8211; 1. FC Heidenheim (2.) \u00a0 2 \u2013 1 t.p. \u00a0 @ \u00a0 &gt;&gt;&gt; \u00a0 3 \u2013 4 d.p.<br \/>\n2015-10-28: \u00a0 <strong>Carl Zeiss Jena (4.) &#8211; VfB Stuttgart (1.)<\/strong> \u00a0 1 \u2013 2 \u00a0 @ * \u00a0 &gt;&gt;&gt; \u00a0 0 \u2013 2<br \/>\n2015-10-28: \u00a0 <strong>SSV Reutlingen (5.) &#8211; Eintracht Braunschweig (2.)<\/strong> \u00a0 0 \u2013 2 \u00a0 @ \u00a0 &gt;&gt;&gt; \u00a0 0 \u2013 4<br \/>\n2015-10-28: \u00a0 FC Schalke 04 (1.) &#8211; Bor. M\u00f6nchengladbach (1.) \u00a0 5 \u2013 4 d.p. \u00a0 @ \u00a0 &gt;&gt;&gt; \u00a0 0 \u2013 2<br \/>\n2015-10-28: \u00a0 <strong>Werder Bremen (1.) &#8211; 1. FC K\u00f6ln (1.)<\/strong> \u00a0 2 \u2013 1 t.p. \u00a0 @ \u00a0 &gt;&gt;&gt; \u00a0 1 \u2013 0<\/p>\n<p style=\"text-align: justify;\"><strong>Cuota de tendencia <strong>eliminatoria 2<\/strong><\/strong>: 10 de 16\u00a0\/ <strong>63%<\/strong> (\u00abpor casualidad\u00bb ser\u00eda \u00f8 50%)<br \/>\n<strong>Cuota correcta<\/strong> desde la eliminatoria 1: 36 de 48 \/ <strong>75%<\/strong> (\u00abpor casualidad\u00bb ser\u00eda \u00f8 50%)<\/p>\n<p><img loading=\"lazy\" class=\"alignnone size-full wp-image-1674\" src=\"http:\/\/dataminingsoccer.com\/es\/wp-content\/uploads\/sites\/4\/dfb-pokal.png\" alt=\"dfb-pokal\" width=\"50\" height=\"50\" \/><\/p>\n<p style=\"text-align: justify;\"><strong>Jornada 1<\/strong>, Copa de Alemania &#8216;DFB Pokal&#8217; 2015-2016: pron\u00f3sticos\u00a0\u00a0 &gt;&gt;&gt;\u00a0\u00a0 resultados reales:<\/p>\n<p style=\"text-align: justify;\">2015-08-07: \u00a0 <strong>TuS Erndtebr\u00fcck (4.) \u00a0\u2013\u00a0 SV Darmstadt 98 (1.)<\/strong> \u00a0 0 \u2013 1 \u00a0 @ * \u00a0 &gt;&gt;&gt; \u00a0 0 \u2013 5<br \/>\n2015-08-07: \u00a0 <strong>BFC Dynamo (4.) \u00a0\u2013\u00a0 FSV Frankfurt (2.)<\/strong> \u00a0 1 \u2013 2 \u00a0 @ * \u00a0 &gt;&gt;&gt; \u00a0 0 \u2013 2 \u00a0 [v\u00e9ase abajo]<br \/>\n2015-08-07: \u00a0 <strong>SV Elversberg (4.) \u00a0\u2013\u00a0 FC Augsburg (1.)<\/strong> \u00a0 1 \u2013 3 \u00a0 @ * \u00a0 &gt;&gt;&gt; \u00a0 1 \u2013 3 t.p.<br \/>\n2015-08-08: \u00a0 FC Viktoria K\u00f6ln (4.) \u00a0&#8211;\u00a0 1. FC Union Berlin (2.) \u00a0 0 \u2013 1 \u00a0 @ ** \u00a0 &gt;&gt;&gt; \u00a0 2 \u2013 1<br \/>\n2015-08-08: \u00a0 <strong>SV Meppen (4.) \u00a0&#8211;\u00a0 1. FC K\u00f6ln (1.)<\/strong> \u00a0 0 \u2013 2 \u00a0 @ * \u00a0 &gt;&gt;&gt; \u00a0 0 \u2013 4<br \/>\n2015-08-08: \u00a0 <strong>Hallescher FC (3.) \u00a0&#8211;\u00a0 Eintracht Braunschweig (2.)<\/strong> \u00a0 1 \u2013 2 \u00a0 @ ** \u00a0 &gt;&gt;&gt; \u00a0 0 \u2013 1<br \/>\n2015-08-08: \u00a0 <strong>Stuttgarter Kickers (3.) \u00a0&#8211;\u00a0 VfL Wolfsburg (1.)<\/strong> \u00a0 1 \u2013 3 \u00a0 @ * \u00a0 &gt;&gt;&gt; \u00a0 1 \u2013 4<br \/>\n2015-08-08: \u00a0 <strong>Sportfreunde Lotte (4.) \u00a0&#8211;\u00a0 Bayer 04 Leverkusen (1.)<\/strong> \u00a0 1 \u2013 3 \u00a0 @ * \u00a0 &gt;&gt;&gt; \u00a0 0 \u2013 3<br \/>\n2015-08-08: \u00a0 <strong>MSV Duisburg (2.) \u00a0&#8211;\u00a0 FC Schalke 04\u00a0(1.)<\/strong> \u00a0 1 \u2013 2 \u00a0 @ ** \u00a0 &gt;&gt;&gt; \u00a0 0 \u2013 5<br \/>\n2015-08-08: \u00a0 <strong>W\u00fcrzburger Kickers (3.) \u00a0&#8211;\u00a0 Werder Bremen (1.)<\/strong> \u00a0 1 \u2013 2 \u00a0 @ ** \u00a0 &gt;&gt;&gt; \u00a0 0 \u2013 2\u00a0t.p.<br \/>\n2015-08-08: \u00a0 Erzgebirge Aue (3.) \u00a0&#8211;\u00a0 SpVgg Greuther F\u00fcrth (2.) \u00a0 0 \u2013 1 \u00a0 @ ** \u00a0 &gt;&gt;&gt; \u00a0 1 \u2013 0<br \/>\n2015-08-08: \u00a0 <strong>Bremer SV (5.) \u00a0&#8211;\u00a0 Eintracht Frankfurt (1.)<\/strong> \u00a0 0 \u2013 2 \u00a0 @ \u00a0 &gt;&gt;&gt; \u00a0 0 \u2013 3<br \/>\n2015-08-08: \u00a0 1860 M\u00fcnchen (2.) \u00a0&#8211;\u00a0 TSG Hoffenheim (1.) \u00a0 0 \u2013 2 \u00a0 @ * \u00a0 &gt;&gt;&gt; \u00a0 2 \u2013 0<br \/>\n2015-08-08: \u00a0 SSV Reutlingen Fu\u00dfball (5.) \u00a0&#8211;\u00a0 Karlsruher SC (2.) \u00a0 1 \u2013 3 \u00a0 @ * \u00a0 &gt;&gt;&gt; \u00a0 3 \u2013 1<br \/>\n2015-08-08: \u00a0 <strong>Holstein Kiel (3.) \u00a0&#8211;\u00a0 VfB Stuttgart (1.) \u00a0 1 \u2013 2 \u00a0 @ ** \u00a0 &gt;&gt;&gt; \u00a0 1 \u2013 2<\/strong><br \/>\n2015-08-09: \u00a0 Carl Zeiss Jena (4.) \u00a0&#8211;\u00a0 Hamburger SV (1.) \u00a0 1 \u2013 2 \u00a0 @ * \u00a0 &gt;&gt;&gt; \u00a0 3 \u2013 2\u00a0t.p.<br \/>\n2015-08-09: \u00a0 <strong>Bahlinger SC (4.) \u00a0&#8211;\u00a0 SV Sandhausen (2.)<\/strong> \u00a0 0 \u2013 1 \u00a0 @ * \u00a0 &gt;&gt;&gt; \u00a0 3 \u2013 5 d.p.<br \/>\n2015-08-09: \u00a0 <strong>HSV Barmbek-Uhlenhorst (5.) \u00a0&#8211;\u00a0 SC Freiburg\u00a0(2.)<\/strong> \u00a0 0 \u2013 2 \u00a0 @ \u00a0 &gt;&gt;&gt; \u00a0 0 \u2013 5<br \/>\n2015-08-09: \u00a0 <strong>FSV Salmrohr (5.) \u00a0&#8211;\u00a0 VfL Bochum (2.)<\/strong> \u00a0 1 \u2013 2 \u00a0 @ * \u00a0 &gt;&gt;&gt; \u00a0 0 \u2013 5<br \/>\n2015-08-09: \u00a0 <strong>Chemnitzer FC (3.) \u00a0&#8211;\u00a0 Borussia Dortmund (1.)<\/strong> \u00a0 1 \u2013 3 \u00a0 @ * \u00a0 &gt;&gt;&gt; \u00a0 0 \u2013 2<br \/>\n2015-08-09: \u00a0 <strong>VfB L\u00fcbeck (4.) \u00a0&#8211;\u00a0 SC Paderborn 07 (2.)<\/strong> \u00a0 0 \u2013 2 \u00a0 @ * \u00a0 &gt;&gt;&gt; \u00a0 1 \u2013 2<br \/>\n2015-08-09: \u00a0 <strong>Rot-Weiss Essen (4.) \u00a0&#8211;\u00a0 Fortuna D\u00fcsseldorf (2.)<\/strong> \u00a0 0 \u2013 1 \u00a0 @ ** \u00a0 &gt;&gt;&gt; \u00a0 1 \u2013 3 d.p.<br \/>\n2015-08-09: \u00a0 <strong>FK Pirmasens (4.) \u00a0&#8211;\u00a0 1. FC Heidenheim (2.)<\/strong> \u00a0 1 \u2013 2 \u00a0 @ * \u00a0 &gt;&gt;&gt; \u00a0 1 \u2013 4<br \/>\n2015-08-09: \u00a0 SpVgg Unterhaching (4.) \u00a0&#8211;\u00a0 FC Ingolstadt 04 (1.) \u00a0 0 \u2013 1 \u00a0 @ ** \u00a0 &gt;&gt;&gt; \u00a0 2 \u2013 1<br \/>\n2015-08-09: \u00a0 <strong>FC N\u00f6ttingen (5.) \u00a0&#8211;\u00a0 Bayern M\u00fcnchen (1.)<\/strong> \u00a0 0 \u2013 4 \u00a0 @ \u00a0 &gt;&gt;&gt; \u00a0 1 \u2013 3<br \/>\n2015-08-09: \u00a0 <strong>Hansa Rostock (3.) \u00a0&#8211;\u00a0 1. FC Kaiserslautern (2.)<\/strong> \u00a0 2 \u2013 3 \u00a0 @ ** \u00a0 &gt;&gt;&gt; \u00a0 4 \u2013 5 d.p.<br \/>\n2015-08-09: \u00a0 <strong>Hessen Kassel (4.) \u00a0&#8211;\u00a0 Hannover 96 (1.)<\/strong> \u00a0 1 \u2013 3 \u00a0 @ * \u00a0 &gt;&gt;&gt; \u00a0 0 \u2013 2<br \/>\n2015-08-09: \u00a0 <strong>Energie Cottbus (3.) \u00a0&#8211;\u00a0 1. FSV Mainz 05 (1.)<\/strong> \u00a0 1 \u2013 2 \u00a0 @ ** \u00a0 &gt;&gt;&gt; \u00a0 0 \u2013 3<br \/>\n2015-08-10: \u00a0 <strong>Arminia Bielefeld (2.) \u00a0\u2013\u00a0 Hertha BSC (1.)<\/strong> \u00a0 1 \u2013 2 \u00a0 @ ** \u00a0 &gt;&gt;&gt; \u00a0 0 \u2013 2<br \/>\n2015-08-10: \u00a0 <strong>VfL Osnabr\u00fcck (3.) \u00a0\u2013\u00a0 RasenBallsport Leipzig (2.)<\/strong> \u00a0 1 \u2013 2 \u00a0 @ ** \u00a0 &gt;&gt;&gt; \u00a0 0 \u2013 2 \u00a0 decisi\u00f3n formal!<br \/>\n2015-08-10: \u00a0 <strong>VfR Aalen (3.) \u00a0\u2013\u00a0 1. FC N\u00fcrnberg (2.)<\/strong> \u00a0 1 \u2013 2 \u00a0 @ ** \u00a0 &gt;&gt;&gt; \u00a0 1 \u2013 2 d.p.<br \/>\n2015-08-10: \u00a0 <strong>FC St. Pauli (2.) \u00a0\u2013\u00a0 Bor. M\u00f6nchengladbach (1.)<\/strong> \u00a0 0 \u2013 2 \u00a0 @ * \u00a0 &gt;&gt;&gt; \u00a0 1 \u2013 4<\/p>\n<p style=\"text-align: justify;\">[faux pas &amp; correcci\u00f3n ex post: sin duda BFC Dynamo no es Dynamo Dresden &#8211; a\u00fan se il nuestro banco de datos pensaba as\u00ed ;-)]<\/p>\n<p><strong>Cuota de tendencia <strong>eliminatoria 1<\/strong><\/strong>: 26 de 32 \/ <strong>81%<\/strong> (\u00abpor casualidad\u00bb ser\u00eda \u00f8 50%)<br \/>\n<strong>Cuota correcta<\/strong> desde la eliminatoria 1: 26 de 32 \/ <strong>81%<\/strong> (\u00abpor casualidad\u00bb ser\u00eda \u00f8 50%)<\/p>\n<p>Software de miner\u00eda de datos utilizado: <a title=\"Data.Mining.Fox\" href=\"http:\/\/www.easydatamining.com\" target=\"_blank\">[Data.Mining.Fox\u00ae (DMF) de Easy.Data.Mining\u2122]<\/a><\/p>\n<p><img loading=\"lazy\" class=\"alignnone size-full wp-image-1674\" src=\"http:\/\/dataminingsoccer.com\/es\/wp-content\/uploads\/sites\/4\/dfb-pokal.png\" alt=\"dfb-pokal\" width=\"50\" height=\"50\" \/><\/p>\n<p><a title=\"DFB Pokal 2014\/15\" href=\"http:\/\/dataminingsoccer.com\/es\/alemania\/pronosticos-1-bundesliga\/dfb-pokal-2015-2016\/\"><img loading=\"lazy\" class=\"alignnone size-full wp-image-870\" src=\"http:\/\/dataminingsoccer.com\/es\/wp-content\/uploads\/sites\/4\/Data-Mining-Soccer-encima-pagina-m.png\" alt=\"Data-Mining-Soccer-encima-pagina\" width=\"50\" height=\"50\" \/><\/a>\u00a0\u00a0\u00a0\u00a0 <a href=\"http:\/\/dataminingsoccer.com\/es\/\"><img loading=\"lazy\" class=\"alignnone size-full wp-image-872\" src=\"http:\/\/dataminingsoccer.com\/es\/wp-content\/uploads\/sites\/4\/Data-Mining-Soccer-futbol-resultado-pronostico-m.png\" alt=\"Data-Mining-Soccer-futbol-resultado-pronostico\" width=\"50\" height=\"50\" \/><\/a>\u00a0\u00a0\u00a0\u00a0 <a title=\"DataMiningSoccer (espa\u00f1ol) @Twitter\" href=\"http:\/\/twitter.com\/DataMinSoccerES\" target=\"_blank\"><img loading=\"lazy\" class=\"alignnone size-full wp-image-1245\" src=\"http:\/\/dataminingsoccer.com\/es\/wp-content\/uploads\/sites\/4\/Twitter-Data-Mining-Soccer.png\" alt=\"Twitter-Data-Mining-Soccer\" width=\"50\" height=\"50\" \/><\/a>\u00a0\u00a0\u00a0\u00a0 <a title=\"DataMiningSoccer (ingl\u00e9s) @Facebook\" href=\"http:\/\/www.facebook.com\/dataminingsoccer\" target=\"_blank\"><img loading=\"lazy\" class=\"alignnone size-full wp-image-1241\" src=\"http:\/\/dataminingsoccer.com\/es\/wp-content\/uploads\/sites\/4\/Facebook-Data-Mining-Soccer.png\" alt=\"Facebook-Data-Mining-Soccer\" width=\"50\" height=\"50\" \/><\/a>\u00a0\u00a0\u00a0\u00a0 <a title=\"DataMiningSoccer @YouTube\" href=\"http:\/\/www.youtube.com\/channel\/UCxGBQc_ziGx_Ylgc0k94QWg\" target=\"_blank\"><img loading=\"lazy\" class=\"alignnone size-full wp-image-1247\" src=\"http:\/\/dataminingsoccer.com\/es\/wp-content\/uploads\/sites\/4\/YouTube-Data-Mining-Soccer.png\" alt=\"YouTube-Data-Mining-Soccer\" width=\"50\" height=\"50\" \/><\/a><\/p>\n","protected":false},"excerpt":{"rendered":"<p>Football Result Predictions using Data MiningSoftware de miner\u00eda de datos utilizado: [Data.Mining.Fox\u00ae (DMF) de Easy.Data.Mining\u2122] Cuidado por favor en cuanto a nuestra [renuncia de responsabilidad] por las siguientes predicciones. Final, Copa de Alemania &#8216;DFB Pokal&#8217; 2015-2016: pron\u00f3sticos\u00a0\u00a0 &gt;&gt;&gt;\u00a0\u00a0 resultados reales: Las cifras entre par\u00e9ntesis indican las ligas de los equipos. El n\u00famero de estrellas * &hellip; <a href=\"https:\/\/dataminingsoccer.com\/es\/alemania\/pronosticos-1-bundesliga\/dfb-pokal-2015-2016\/\" class=\"more-link\">Seguir leyendo <span class=\"screen-reader-text\">DFB-Pokal 2015\/16<\/span> <span class=\"meta-nav\">&rarr;<\/span><\/a><\/p>\n","protected":false},"author":5,"featured_media":0,"parent":719,"menu_order":0,"comment_status":"closed","ping_status":"closed","template":"","meta":[],"yoast_head":"<!-- This site is optimized with the Yoast SEO plugin v14.8 - https:\/\/yoast.com\/wordpress\/plugins\/seo\/ -->\n<meta name=\"description\" content=\"Fussball Ergebnis-Vorhersagen f\u00fcr den DFB-Pokal in Deutschland 2015-2016 basierend auf statistischen Analysen mittels einer Data-Mining Software.\" \/>\n<meta name=\"robots\" content=\"index, follow\" \/>\n<meta name=\"googlebot\" content=\"index, follow, max-snippet:-1, max-image-preview:large, max-video-preview:-1\" \/>\n<meta name=\"bingbot\" content=\"index, follow, max-snippet:-1, max-image-preview:large, max-video-preview:-1\" \/>\n<link rel=\"canonical\" href=\"http:\/\/dataminingsoccer.com\/es\/alemania\/pronosticos-1-bundesliga\/dfb-pokal-2015-2016\/\" \/>\n<script type=\"application\/ld+json\" class=\"yoast-schema-graph\">{\"@context\":\"https:\/\/schema.org\",\"@graph\":[{\"@type\":\"WebSite\",\"@id\":\"https:\/\/dataminingsoccer.com\/es\/#website\",\"url\":\"https:\/\/dataminingsoccer.com\/es\/\",\"name\":\"Pron\\u00f3sticos de Resultados de F\\u00fatbol\",\"description\":\"basado sobre an\\u00e1lisis estad\\u00edsticos utilizando data mining.. Amamos el f\\u00fatbol! Y nos encantan los juegos con n\\u00fameros!\",\"potentialAction\":[{\"@type\":\"SearchAction\",\"target\":\"https:\/\/dataminingsoccer.com\/es\/?s={search_term_string}\",\"query-input\":\"required name=search_term_string\"}],\"inLanguage\":\"es\"},{\"@type\":\"ImageObject\",\"@id\":\"http:\/\/dataminingsoccer.com\/es\/alemania\/pronosticos-1-bundesliga\/dfb-pokal-2015-2016\/#primaryimage\",\"inLanguage\":\"es\",\"url\":\"http:\/\/dataminingsoccer.com\/es\/wp-content\/uploads\/sites\/4\/dfb-pokal.png\"},{\"@type\":\"WebPage\",\"@id\":\"http:\/\/dataminingsoccer.com\/es\/alemania\/pronosticos-1-bundesliga\/dfb-pokal-2015-2016\/#webpage\",\"url\":\"http:\/\/dataminingsoccer.com\/es\/alemania\/pronosticos-1-bundesliga\/dfb-pokal-2015-2016\/\",\"name\":\"DFB-Pokal 2015\/16 - Pron\\u00f3sticos de Resultados de F\\u00fatbol\",\"isPartOf\":{\"@id\":\"https:\/\/dataminingsoccer.com\/es\/#website\"},\"primaryImageOfPage\":{\"@id\":\"http:\/\/dataminingsoccer.com\/es\/alemania\/pronosticos-1-bundesliga\/dfb-pokal-2015-2016\/#primaryimage\"},\"datePublished\":\"2015-06-24T01:17:03+00:00\",\"dateModified\":\"2016-05-21T20:59:46+00:00\",\"description\":\"Fussball Ergebnis-Vorhersagen f\\u00fcr den DFB-Pokal in Deutschland 2015-2016 basierend auf statistischen Analysen mittels einer Data-Mining Software.\",\"inLanguage\":\"es\",\"potentialAction\":[{\"@type\":\"ReadAction\",\"target\":[\"http:\/\/dataminingsoccer.com\/es\/alemania\/pronosticos-1-bundesliga\/dfb-pokal-2015-2016\/\"]}]}]}<\/script>\n<!-- \/ Yoast SEO plugin. -->","_links":{"self":[{"href":"https:\/\/dataminingsoccer.com\/es\/wp-json\/wp\/v2\/pages\/2641"}],"collection":[{"href":"https:\/\/dataminingsoccer.com\/es\/wp-json\/wp\/v2\/pages"}],"about":[{"href":"https:\/\/dataminingsoccer.com\/es\/wp-json\/wp\/v2\/types\/page"}],"author":[{"embeddable":true,"href":"https:\/\/dataminingsoccer.com\/es\/wp-json\/wp\/v2\/users\/5"}],"replies":[{"embeddable":true,"href":"https:\/\/dataminingsoccer.com\/es\/wp-json\/wp\/v2\/comments?post=2641"}],"version-history":[{"count":37,"href":"https:\/\/dataminingsoccer.com\/es\/wp-json\/wp\/v2\/pages\/2641\/revisions"}],"predecessor-version":[{"id":2887,"href":"https:\/\/dataminingsoccer.com\/es\/wp-json\/wp\/v2\/pages\/2641\/revisions\/2887"}],"up":[{"embeddable":true,"href":"https:\/\/dataminingsoccer.com\/es\/wp-json\/wp\/v2\/pages\/719"}],"wp:attachment":[{"href":"https:\/\/dataminingsoccer.com\/es\/wp-json\/wp\/v2\/media?parent=2641"}],"curies":[{"name":"wp","href":"https:\/\/api.w.org\/{rel}","templated":true}]}}