{"id":2441,"date":"2014-09-03T19:51:53","date_gmt":"2014-09-03T17:51:53","guid":{"rendered":"http:\/\/dataminingsoccer.com\/es\/?page_id=2441"},"modified":"2014-09-03T19:51:53","modified_gmt":"2014-09-03T17:51:53","slug":"campeonato-mundial-2014","status":"publish","type":"page","link":"https:\/\/dataminingsoccer.com\/es\/copa-mundial-y-euro\/estadistica-por-equipo\/campeonato-mundial-2014\/","title":{"rendered":"Campeonato Mundial 2014"},"content":{"rendered":"<h2>Estad\u00edsticas por Equipo<\/h2><p><img loading=\"lazy\" class=\"alignnone size-full wp-image-173\" src=\"http:\/\/dataminingsoccer.com\/es\/wp-content\/uploads\/sites\/4\/Copa-Mundial-2014-Brasil-Futbol-Resultados-Prediccion-m.png\" alt=\"Copa-Mundial-2014-Brasil-Futbol-Resultados-Prediccion\" width=\"42\" height=\"50\" \/><\/p>\n<p>Alemania es el Campe\u00f3n del Mundo en 2014? Formalmente s\u00ed. Sin embargo, hemos calculado para vosotros lo bien que los equipos han hecho con respecto a su\u00a0potencial (estad\u00edstico). El resultado es una clasificaci\u00f3n interesante \u2013 no s\u00f3lo en relaci\u00f3n con el Campe\u00f3n del Mundo alternativo, los \u2018Ticos\u2019 de Costa Rica!<span id=\"more-1649\"><\/span><\/p>\n<p style=\"text-align: justify;\">1.\u00a0\u00a0 <img loading=\"lazy\" class=\"alignnone size-full wp-image-1567\" src=\"http:\/\/dataminingsoccer.com\/es\/wp-content\/uploads\/sites\/4\/CRC-s.png\" alt=\"#CRC\" width=\"23\" height=\"15\" \/>\u00a0\u00a0 Costa Rica<br \/>\n2.\u00a0\u00a0 <img loading=\"lazy\" class=\"alignnone size-full wp-image-1563\" src=\"http:\/\/dataminingsoccer.com\/es\/wp-content\/uploads\/sites\/4\/CHI-s.png\" alt=\"#CHI\" width=\"23\" height=\"15\" \/>\u00a0\u00a0 Chile<br \/>\n3.\u00a0\u00a0 <img loading=\"lazy\" class=\"alignnone size-full wp-image-1582\" src=\"http:\/\/dataminingsoccer.com\/es\/wp-content\/uploads\/sites\/4\/NED-s.png\" alt=\"#NED\" width=\"23\" height=\"15\" \/>\u00a0\u00a0 Pa\u00edses Bajos<br \/>\n4.\u00a0\u00a0 <img loading=\"lazy\" class=\"alignnone size-full wp-image-1566\" src=\"http:\/\/dataminingsoccer.com\/es\/wp-content\/uploads\/sites\/4\/COL-s.png\" alt=\"#COL\" width=\"23\" height=\"15\" \/>\u00a0\u00a0 Colombia<br \/>\n5.\u00a0\u00a0 <img loading=\"lazy\" class=\"alignnone size-full wp-image-1588\" src=\"http:\/\/dataminingsoccer.com\/es\/wp-content\/uploads\/sites\/4\/USA-s.png\" alt=\"#USA\" width=\"23\" height=\"15\" \/>\u00a0\u00a0 EE.UU.<br \/>\n6.\u00a0\u00a0 <img loading=\"lazy\" class=\"alignnone size-full wp-image-1572\" src=\"http:\/\/dataminingsoccer.com\/es\/wp-content\/uploads\/sites\/4\/FRA-s.png\" alt=\"#FRA\" width=\"23\" height=\"15\" \/>\u00a0\u00a0 Francia<br \/>\n7.\u00a0\u00a0 <img loading=\"lazy\" class=\"alignnone size-full wp-image-1583\" src=\"http:\/\/dataminingsoccer.com\/es\/wp-content\/uploads\/sites\/4\/NGA-s.png\" alt=\"#NGA\" width=\"23\" height=\"15\" \/>\u00a0\u00a0 Nigeria<br \/>\n8.\u00a0\u00a0 <img loading=\"lazy\" class=\"alignnone size-full wp-image-1564\" src=\"http:\/\/dataminingsoccer.com\/es\/wp-content\/uploads\/sites\/4\/CIV-s.png\" alt=\"#CIV\" width=\"23\" height=\"15\" \/>\u00a0\u00a0 Costa de Marfil<br \/>\n9.\u00a0\u00a0 <img loading=\"lazy\" class=\"alignnone size-full wp-image-1569\" src=\"http:\/\/dataminingsoccer.com\/es\/wp-content\/uploads\/sites\/4\/ECU-s.png\" alt=\"#ECU\" width=\"23\" height=\"15\" \/>\u00a0\u00a0 Ecuador<br \/>\n10.\u00a0\u00a0 <img loading=\"lazy\" class=\"alignnone size-full wp-image-1587\" src=\"http:\/\/dataminingsoccer.com\/es\/wp-content\/uploads\/sites\/4\/URU-s.png\" alt=\"#URU\" width=\"23\" height=\"15\" \/>\u00a0\u00a0 Uruguay<br \/>\n11.\u00a0\u00a0 <img loading=\"lazy\" class=\"alignnone size-full wp-image-1573\" src=\"http:\/\/dataminingsoccer.com\/es\/wp-content\/uploads\/sites\/4\/GER-s.png\" alt=\"#GER\" width=\"23\" height=\"15\" \/>\u00a0\u00a0 Alemania<br \/>\n12.\u00a0\u00a0 <img loading=\"lazy\" class=\"alignnone size-full wp-image-1581\" src=\"http:\/\/dataminingsoccer.com\/es\/wp-content\/uploads\/sites\/4\/MEX-s.png\" alt=\"#MEX\" width=\"23\" height=\"15\" \/>\u00a0\u00a0 M\u00e9xico<br \/>\n13.\u00a0\u00a0 <img loading=\"lazy\" class=\"alignnone size-full wp-image-1557\" src=\"http:\/\/dataminingsoccer.com\/es\/wp-content\/uploads\/sites\/4\/ALG-s.png\" alt=\"#ALG\" width=\"23\" height=\"15\" \/>\u00a0\u00a0 Argelia<br \/>\n14.\u00a0\u00a0 <img loading=\"lazy\" class=\"alignnone size-full wp-image-1568\" src=\"http:\/\/dataminingsoccer.com\/es\/wp-content\/uploads\/sites\/4\/CRO-s.png\" alt=\"#CRO\" width=\"23\" height=\"15\" \/>\u00a0\u00a0 Croacia<br \/>\n15.\u00a0\u00a0 <img loading=\"lazy\" class=\"alignnone size-full wp-image-1577\" src=\"http:\/\/dataminingsoccer.com\/es\/wp-content\/uploads\/sites\/4\/IRN-s.png\" alt=\"#IRN\" width=\"23\" height=\"15\" \/>\u00a0\u00a0 Iran<br \/>\n16.\u00a0\u00a0 <img loading=\"lazy\" class=\"alignnone size-full wp-image-1559\" src=\"http:\/\/dataminingsoccer.com\/es\/wp-content\/uploads\/sites\/4\/AUS-s.png\" alt=\"#AUS\" width=\"23\" height=\"15\" \/>\u00a0\u00a0 Australia<br \/>\n17.\u00a0\u00a0 <img loading=\"lazy\" class=\"alignnone size-full wp-image-1560\" src=\"http:\/\/dataminingsoccer.com\/es\/wp-content\/uploads\/sites\/4\/BEL-s.png\" alt=\"#BEL\" width=\"23\" height=\"15\" \/>\u00a0\u00a0 B\u00e9lgica<br \/>\n18.\u00a0\u00a0 <img loading=\"lazy\" class=\"alignnone size-full wp-image-1574\" src=\"http:\/\/dataminingsoccer.com\/es\/wp-content\/uploads\/sites\/4\/GHA-s.png\" alt=\"#GHA\" width=\"23\" height=\"15\" \/>\u00a0\u00a0 Ghana<br \/>\n19.\u00a0\u00a0 <img loading=\"lazy\" class=\"alignnone size-full wp-image-1575\" src=\"http:\/\/dataminingsoccer.com\/es\/wp-content\/uploads\/sites\/4\/GRE-s.png\" alt=\"#GRE\" width=\"23\" height=\"15\" \/>\u00a0\u00a0 Grecia<br \/>\n20.\u00a0\u00a0 <img loading=\"lazy\" class=\"alignnone size-full wp-image-1558\" src=\"http:\/\/dataminingsoccer.com\/es\/wp-content\/uploads\/sites\/4\/ARG-s.png\" alt=\"#ARG\" width=\"23\" height=\"15\" \/>\u00a0\u00a0 Argentina<br \/>\n21.\u00a0\u00a0 <img loading=\"lazy\" class=\"alignnone size-full wp-image-1580\" src=\"http:\/\/dataminingsoccer.com\/es\/wp-content\/uploads\/sites\/4\/KOR-s.png\" alt=\"#KOR\" width=\"23\" height=\"15\" \/>\u00a0\u00a0 Corea del Sur<br \/>\n22.\u00a0\u00a0 <img loading=\"lazy\" class=\"alignnone size-full wp-image-1585\" src=\"http:\/\/dataminingsoccer.com\/es\/wp-content\/uploads\/sites\/4\/RUS-s.png\" alt=\"#RUS\" width=\"23\" height=\"15\" \/>\u00a0\u00a0 Rusia<br \/>\n23.\u00a0\u00a0 <img loading=\"lazy\" class=\"alignnone size-full wp-image-1576\" src=\"http:\/\/dataminingsoccer.com\/es\/wp-content\/uploads\/sites\/4\/HON-s.png\" alt=\"#HON\" width=\"23\" height=\"15\" \/>\u00a0\u00a0 Honduras<br \/>\n24.\u00a0\u00a0 <img loading=\"lazy\" class=\"alignnone size-full wp-image-1565\" src=\"http:\/\/dataminingsoccer.com\/es\/wp-content\/uploads\/sites\/4\/CMR-s.png\" alt=\"#CMR\" width=\"23\" height=\"15\" \/>\u00a0\u00a0 Camer\u00fan<br \/>\n25.\u00a0\u00a0 <img loading=\"lazy\" class=\"alignnone size-full wp-image-1561\" src=\"http:\/\/dataminingsoccer.com\/es\/wp-content\/uploads\/sites\/4\/BIH-s.png\" alt=\"#BIH\" width=\"23\" height=\"15\" \/>\u00a0\u00a0 Bosnia-Herzegovina<br \/>\n26.\u00a0\u00a0 <img loading=\"lazy\" class=\"alignnone size-full wp-image-1584\" src=\"http:\/\/dataminingsoccer.com\/es\/wp-content\/uploads\/sites\/4\/POR-s.png\" alt=\"#POR\" width=\"23\" height=\"15\" \/>\u00a0\u00a0 Portugal<br \/>\n27.\u00a0\u00a0 <img loading=\"lazy\" class=\"alignnone size-full wp-image-1586\" src=\"http:\/\/dataminingsoccer.com\/es\/wp-content\/uploads\/sites\/4\/SUI-s.png\" alt=\"#SUI\" width=\"23\" height=\"15\" \/>\u00a0\u00a0 Suiza<br \/>\n28.\u00a0\u00a0 <img loading=\"lazy\" class=\"alignnone size-full wp-image-1578\" src=\"http:\/\/dataminingsoccer.com\/es\/wp-content\/uploads\/sites\/4\/ITA-s.png\" alt=\"#ITA\" width=\"23\" height=\"15\" \/>\u00a0\u00a0 Italia<br \/>\n29.\u00a0\u00a0 <img loading=\"lazy\" class=\"alignnone size-full wp-image-1562\" src=\"http:\/\/dataminingsoccer.com\/es\/wp-content\/uploads\/sites\/4\/BRA-s.png\" alt=\"#BRA\" width=\"23\" height=\"15\" \/>\u00a0\u00a0 Brasil<br \/>\n30.\u00a0\u00a0 <img loading=\"lazy\" class=\"alignnone size-full wp-image-1579\" src=\"http:\/\/dataminingsoccer.com\/es\/wp-content\/uploads\/sites\/4\/JPN-s.png\" alt=\"#JPN\" width=\"23\" height=\"15\" \/>\u00a0\u00a0 Jap\u00f3n<br \/>\n31.\u00a0\u00a0 <img loading=\"lazy\" class=\"alignnone size-full wp-image-1570\" src=\"http:\/\/dataminingsoccer.com\/es\/wp-content\/uploads\/sites\/4\/ENG-s.png\" alt=\"#ENG\" width=\"23\" height=\"15\" \/>\u00a0\u00a0 Inglaterra<br \/>\n32.\u00a0\u00a0 <img loading=\"lazy\" class=\"alignnone size-full wp-image-1571\" src=\"http:\/\/dataminingsoccer.com\/es\/wp-content\/uploads\/sites\/4\/ESP-s.png\" alt=\"#ESP\" width=\"23\" height=\"15\" \/>\u00a0\u00a0 Espa\u00f1a<\/p>\n<p style=\"text-align: justify;\">Por supuesto, hay m\u00e9todos\u00a0diferentes para crear la lista, sin embargo, el orden aproximado de los equipos debe ser similar en cada caso.<\/p>\n<p style=\"text-align: justify;\"><img loading=\"lazy\" class=\"alignnone size-full wp-image-173\" src=\"http:\/\/dataminingsoccer.com\/es\/wp-content\/uploads\/sites\/4\/Copa-Mundial-2014-Brasil-Futbol-Resultados-Prediccion-m.png\" alt=\"Copa-Mundial-2014-Brasil-Futbol-Resultados-Prediccion\" width=\"42\" height=\"50\" \/><\/p>\n","protected":false},"excerpt":{"rendered":"<p>Estad\u00edsticas por Equipo Alemania es el Campe\u00f3n del Mundo en 2014? Formalmente s\u00ed. Sin embargo, hemos calculado para vosotros lo bien que los equipos han hecho con respecto a su\u00a0potencial (estad\u00edstico). El resultado es una clasificaci\u00f3n interesante \u2013 no s\u00f3lo en relaci\u00f3n con el Campe\u00f3n del Mundo alternativo, los \u2018Ticos\u2019 de Costa Rica! 1.\u00a0\u00a0 \u00a0\u00a0 &hellip; <a href=\"https:\/\/dataminingsoccer.com\/es\/copa-mundial-y-euro\/estadistica-por-equipo\/campeonato-mundial-2014\/\" class=\"more-link\">Seguir leyendo <span class=\"screen-reader-text\">Campeonato Mundial 2014<\/span> <span class=\"meta-nav\">&rarr;<\/span><\/a><\/p>\n","protected":false},"author":5,"featured_media":0,"parent":2435,"menu_order":98,"comment_status":"closed","ping_status":"closed","template":"","meta":[],"yoast_head":"<!-- This site is optimized with the Yoast SEO plugin v14.8 - https:\/\/yoast.com\/wordpress\/plugins\/seo\/ -->\n<meta name=\"description\" content=\"Predicci\u00f3n de resultados de f\u00fatbol de la Copa Mundial 2014 en Brasil: estad\u00edstica por equipo hasta el momento.\" \/>\n<meta name=\"robots\" content=\"index, follow\" \/>\n<meta name=\"googlebot\" content=\"index, follow, max-snippet:-1, max-image-preview:large, max-video-preview:-1\" \/>\n<meta name=\"bingbot\" content=\"index, follow, max-snippet:-1, max-image-preview:large, max-video-preview:-1\" \/>\n<link rel=\"canonical\" href=\"http:\/\/dataminingsoccer.com\/es\/copa-mundial-y-euro\/estadistica-por-equipo\/campeonato-mundial-2014\/\" \/>\n<script type=\"application\/ld+json\" class=\"yoast-schema-graph\">{\"@context\":\"https:\/\/schema.org\",\"@graph\":[{\"@type\":\"WebSite\",\"@id\":\"https:\/\/dataminingsoccer.com\/es\/#website\",\"url\":\"https:\/\/dataminingsoccer.com\/es\/\",\"name\":\"Pron\\u00f3sticos de Resultados de F\\u00fatbol\",\"description\":\"basado sobre an\\u00e1lisis estad\\u00edsticos utilizando data mining.. Amamos el f\\u00fatbol! Y nos encantan los juegos con n\\u00fameros!\",\"potentialAction\":[{\"@type\":\"SearchAction\",\"target\":\"https:\/\/dataminingsoccer.com\/es\/?s={search_term_string}\",\"query-input\":\"required name=search_term_string\"}],\"inLanguage\":\"es\"},{\"@type\":\"ImageObject\",\"@id\":\"http:\/\/dataminingsoccer.com\/es\/copa-mundial-y-euro\/estadistica-por-equipo\/campeonato-mundial-2014\/#primaryimage\",\"inLanguage\":\"es\",\"url\":\"http:\/\/dataminingsoccer.com\/es\/wp-content\/uploads\/sites\/4\/Copa-Mundial-2014-Brasil-Futbol-Resultados-Prediccion-m.png\"},{\"@type\":\"WebPage\",\"@id\":\"http:\/\/dataminingsoccer.com\/es\/copa-mundial-y-euro\/estadistica-por-equipo\/campeonato-mundial-2014\/#webpage\",\"url\":\"http:\/\/dataminingsoccer.com\/es\/copa-mundial-y-euro\/estadistica-por-equipo\/campeonato-mundial-2014\/\",\"name\":\"Campeonato Mundial 2014 - Pron\\u00f3sticos de Resultados de F\\u00fatbol\",\"isPartOf\":{\"@id\":\"https:\/\/dataminingsoccer.com\/es\/#website\"},\"primaryImageOfPage\":{\"@id\":\"http:\/\/dataminingsoccer.com\/es\/copa-mundial-y-euro\/estadistica-por-equipo\/campeonato-mundial-2014\/#primaryimage\"},\"datePublished\":\"2014-09-03T17:51:53+00:00\",\"dateModified\":\"2014-09-03T17:51:53+00:00\",\"description\":\"Predicci\\u00f3n de resultados de f\\u00fatbol de la Copa Mundial 2014 en Brasil: estad\\u00edstica por equipo hasta el momento.\",\"inLanguage\":\"es\",\"potentialAction\":[{\"@type\":\"ReadAction\",\"target\":[\"http:\/\/dataminingsoccer.com\/es\/copa-mundial-y-euro\/estadistica-por-equipo\/campeonato-mundial-2014\/\"]}]}]}<\/script>\n<!-- \/ Yoast SEO plugin. -->","_links":{"self":[{"href":"https:\/\/dataminingsoccer.com\/es\/wp-json\/wp\/v2\/pages\/2441"}],"collection":[{"href":"https:\/\/dataminingsoccer.com\/es\/wp-json\/wp\/v2\/pages"}],"about":[{"href":"https:\/\/dataminingsoccer.com\/es\/wp-json\/wp\/v2\/types\/page"}],"author":[{"embeddable":true,"href":"https:\/\/dataminingsoccer.com\/es\/wp-json\/wp\/v2\/users\/5"}],"replies":[{"embeddable":true,"href":"https:\/\/dataminingsoccer.com\/es\/wp-json\/wp\/v2\/comments?post=2441"}],"version-history":[{"count":2,"href":"https:\/\/dataminingsoccer.com\/es\/wp-json\/wp\/v2\/pages\/2441\/revisions"}],"predecessor-version":[{"id":2443,"href":"https:\/\/dataminingsoccer.com\/es\/wp-json\/wp\/v2\/pages\/2441\/revisions\/2443"}],"up":[{"embeddable":true,"href":"https:\/\/dataminingsoccer.com\/es\/wp-json\/wp\/v2\/pages\/2435"}],"wp:attachment":[{"href":"https:\/\/dataminingsoccer.com\/es\/wp-json\/wp\/v2\/media?parent=2441"}],"curies":[{"name":"wp","href":"https:\/\/api.w.org\/{rel}","templated":true}]}}