{"id":24,"date":"2013-09-12T02:29:41","date_gmt":"2013-09-12T00:29:41","guid":{"rendered":"http:\/\/dataminingsoccer.com\/es\/?page_id=24"},"modified":"2015-06-25T20:42:34","modified_gmt":"2015-06-25T18:42:34","slug":"francia","status":"publish","type":"page","link":"https:\/\/dataminingsoccer.com\/es\/francia\/","title":{"rendered":"Francia"},"content":{"rendered":"<h2>Resultados de F\u00fatbol: Pron\u00f3sticos utilizando Data Mining<\/h2><p><img loading=\"lazy\" class=\"alignnone size-full wp-image-181\" src=\"http:\/\/dataminingsoccer.com\/es\/wp-content\/uploads\/sites\/4\/Ligue-1-Futbol-Resultados-Prediccion-m.png\" alt=\"Ligue-1-Futbol-Resultados-Prediccion\" width=\"35\" height=\"50\" \/>\u00a0\u00a0\u00a0\u00a0 <img loading=\"lazy\" class=\"alignnone size-full wp-image-1824\" src=\"http:\/\/dataminingsoccer.com\/es\/wp-content\/uploads\/sites\/4\/Coupe-de-France.png\" alt=\"Coupe-de-France\" width=\"51\" height=\"50\" \/><\/p>\n<p>En\u00a0Espa\u00f1a calculamos <a title=\"Pron\u00f3sticos\" href=\"http:\/\/dataminingsoccer.com\/es\/francia\/pronosticos-ligue-1\/\">[pron\u00f3sticos]<\/a>, <a title=\"Estad\u00edstica por Equipo\" href=\"http:\/\/dataminingsoccer.com\/es\/francia\/estadistica-por-equipo\/\">[estad\u00edsticas por equipo]<\/a> y <a title=\"\u00cdndices de \u00c9xito\" href=\"http:\/\/dataminingsoccer.com\/es\/francia\/indices-de-exito\/\">[\u00edndices de \u00e9xito]<\/a> para las competici\u00f3nes siguientes:<\/p>\n<table>\n<tbody>\n<tr>\n<td><\/td>\n<td><a title=\"Pron\u00f3sticos\" href=\"http:\/\/dataminingsoccer.com\/es\/francia\/pronosticos-ligue-1\/\">[pron\u00f3sticos]<\/a><\/td>\n<td><a title=\"Estad\u00edstica por Equipo\" href=\"http:\/\/dataminingsoccer.com\/es\/francia\/estadistica-por-equipo\/\">[estad\u00edsticas por equipo]<\/a><\/td>\n<td><a title=\"\u00cdndices de \u00c9xito\" href=\"http:\/\/dataminingsoccer.com\/es\/francia\/indices-de-exito\/\">[nuestros \u00edndices de \u00e9xito]<\/a><\/td>\n<\/tr>\n<tr>\n<td><img loading=\"lazy\" class=\"alignnone size-full wp-image-182\" src=\"http:\/\/dataminingsoccer.com\/es\/wp-content\/uploads\/sites\/4\/Ligue-1-Futbol-Resultados-Prediccion-s.png\" alt=\"Ligue-1-Futbol-Resultados-Prediccion\" width=\"25\" height=\"25\" \/><\/td>\n<td><a href=\"http:\/\/dataminingsoccer.com\/es\/francia\/pronosticos-ligue-1\/ligue-1-2015-2016\/\">[Ligue 1 2015\/16]<\/a><\/td>\n<td><a href=\"http:\/\/dataminingsoccer.com\/es\/francia\/estadistica-por-equipo\/ligue-1-2015-2016\/\">[Ligue 1 2015\/16]<\/a><\/td>\n<td><a href=\"http:\/\/dataminingsoccer.com\/es\/francia\/indices-de-exito\/ligue-1-2015-2016\/\">[Ligue 1 2015\/16]<\/a><\/td>\n<\/tr>\n<tr>\n<td><img loading=\"lazy\" class=\"alignnone size-full wp-image-1823\" src=\"http:\/\/dataminingsoccer.com\/es\/wp-content\/uploads\/sites\/4\/Coupe-de-France-s.png\" alt=\"Coupe-de-France\" width=\"26\" height=\"25\" \/><\/td>\n<td><a href=\"http:\/\/dataminingsoccer.com\/es\/francia\/pronosticos-ligue-1\/coupe-de-france-2015-2016\/\">[Coupe de France 2015\/16]<\/a><\/td>\n<td><\/td>\n<td><\/td>\n<\/tr>\n<tr>\n<td><\/td>\n<td><a title=\"Pron\u00f3sticos\" href=\"http:\/\/dataminingsoccer.com\/es\/francia\/pronosticos-ligue-1\/\">[antes]<\/a><\/td>\n<td><a title=\"Estad\u00edstica por Equipo\" href=\"http:\/\/dataminingsoccer.com\/es\/francia\/estadistica-por-equipo\/\">[antes]<\/a><\/td>\n<td><a title=\"\u00cdndices de \u00c9xito\" href=\"http:\/\/dataminingsoccer.com\/es\/francia\/indices-de-exito\/\">[antes]<\/a><\/td>\n<\/tr>\n<\/tbody>\n<\/table>\n<p>Pron\u00f3sticos de resultados de f\u00fatbol utilizando\u00a0data mining para Francia\u00a0@ Data.Mininig.Soccer<\/p>\n<p><img loading=\"lazy\" class=\"alignnone size-full wp-image-181\" src=\"http:\/\/dataminingsoccer.com\/es\/wp-content\/uploads\/sites\/4\/Ligue-1-Futbol-Resultados-Prediccion-m.png\" alt=\"Ligue-1-Futbol-Resultados-Prediccion\" width=\"35\" height=\"50\" \/>\u00a0\u00a0\u00a0\u00a0 <img loading=\"lazy\" class=\"alignnone size-full wp-image-1824\" src=\"http:\/\/dataminingsoccer.com\/es\/wp-content\/uploads\/sites\/4\/Coupe-de-France.png\" alt=\"Coupe-de-France\" width=\"51\" height=\"50\" \/><\/p>\n<p>Los ganadores de t\u00edtulos hist\u00f3ricos de la\u00a0<a title=\"Ligue 1 2014\/15\" href=\"http:\/\/dataminingsoccer.com\/es\/francia\/pronosticos-ligue-1\/ligue-1-2015-2016\/\">[Ligue 1]<\/a> en Francia y el n\u00famero de campeonatos ganados en un vistazo:<\/p>\n<p>AS Saint-\u00c9tienne\u00a0\u00a0 (10)\u00a0\u00a0 *<br \/>\nOlympique de Marseille\u00a0\u00a0 (9)\u00a0\u00a0 *<br \/>\nFC Nantes\u00a0\u00a0 (8)<br \/>\nOlympique lyonnais\u00a0\u00a0 (7)<br \/>\nAS Monaco\u00a0\u00a0 (7)<br \/>\nGirondins de Bordeaux\u00a0\u00a0 (6)<br \/>\nStade de Reims\u00a0\u00a0 (6)<br \/>\nParis Saint-Germain \u00a0 (5)\u00a0\u00a0\u00a0<img loading=\"lazy\" class=\"alignnone size-full wp-image-182\" src=\"http:\/\/dataminingsoccer.com\/es\/wp-content\/uploads\/sites\/4\/Ligue-1-Futbol-Resultados-Prediccion-s.png\" alt=\"Ligue-1-Futbol-Resultados-Prediccion\" width=\"25\" height=\"25\" \/> \u00a0 (campe\u00f3n actual)<br \/>\nOGC Nice \u00a0 (4)<br \/>\nLille OSC \u00a0 (3)<br \/>\nFC S\u00e8te \u00a0 (2)<br \/>\nFC Sochaux-Montb\u00e9liard\u00a0\u00a0 (2)<br \/>\nMontpellier HSC \u00a0 (1)<br \/>\nRC Lens \u00a0 (1)<br \/>\nAJ Auxerre\u00a0\u00a0 (1)<br \/>\nRC Strasbourg \u00a0 (1)<br \/>\nCO Roubaix-Tourcoing \u00a0 (1)<br \/>\nRC Paris \u00a0 (1)<br \/>\nOlympique lillois \u00a0 (1)<\/p>\n<p><img loading=\"lazy\" class=\"alignnone size-full wp-image-181\" src=\"http:\/\/dataminingsoccer.com\/es\/wp-content\/uploads\/sites\/4\/Ligue-1-Futbol-Resultados-Prediccion-m.png\" alt=\"Ligue-1-Futbol-Resultados-Prediccion\" width=\"35\" height=\"50\" \/>\u00a0\u00a0\u00a0\u00a0 <img loading=\"lazy\" class=\"alignnone size-full wp-image-1824\" src=\"http:\/\/dataminingsoccer.com\/es\/wp-content\/uploads\/sites\/4\/Coupe-de-France.png\" alt=\"Coupe-de-France\" width=\"51\" height=\"50\" \/><\/p>\n<p>Los ganadores de t\u00edtulos hist\u00f3ricos de la Copa de Francia <a href=\"http:\/\/dataminingsoccer.com\/es\/francia\/pronosticos-ligue-1\/coupe-de-france-2015-2016\/\">[Coupe de France]<\/a>:<\/p>\n<p>Olympique Marseille\u00a0\u00a0\u00a0 (10)<br \/>\nParis Saint-Germain\u00a0\u00a0\u00a0 (9)\u00a0\u00a0\u00a0<img loading=\"lazy\" class=\"alignnone size-full wp-image-1823\" src=\"http:\/\/dataminingsoccer.com\/es\/wp-content\/uploads\/sites\/4\/Coupe-de-France-s.png\" alt=\"Coupe-de-France\" width=\"26\" height=\"25\" \/>\u00a0\u00a0 (campe\u00f3n actual)<br \/>\nOSC Lille\u00a0\u00a0\u00a0 (6)<br \/>\nAS Saint-\u00c9tienne\u00a0\u00a0\u00a0 (6)<br \/>\nAS Monaco \u00a0\u00a0 (5)<br \/>\nRacing Paris\u00a0\u00a0\u00a0 (5)<br \/>\nOlympique Lyon\u00a0\u00a0\u00a0 (5)<br \/>\nRed Star\u00a0\u00a0\u00a0 (5)<br \/>\nGirondins Bordeaux\u00a0\u00a0\u00a0 (4)<br \/>\nAJ Auxerre\u00a0\u00a0\u00a0 (4)<br \/>\nFC Nantes\u00a0\u00a0\u00a0 (3)<br \/>\nRacing Strasbourg \u00a0\u00a0 (3)<br \/>\nOGC Nizza\u00a0\u00a0\u00a0 (3)<br \/>\nFC S\u00e8te \u00a0\u00a0 (2)<br \/>\nStade Rennes\u00a0\u00a0\u00a0 (2)<br \/>\nFC Sochaux\u00a0\u00a0\u00a0 (2)<br \/>\nCS Sedan\u00a0\u00a0\u00a0 (2)<br \/>\nHSC Montpellier \u00a0\u00a0 (2)<br \/>\nFC Metz\u00a0\u00a0\u00a0 (2)<br \/>\nStade Reims \u00a0\u00a0 (2)<br \/>\nEA Guingamp \u00a0\u00a0 (2)<br \/>\nCASG Paris\u00a0\u00a0\u00a0 (2)<br \/>\nOlympique Paris\u00a0\u00a0\u00a0 (1)<br \/>\nSC Bastia \u00a0\u00a0 (1)<br \/>\nCA Paris\u00a0\u00a0\u00a0 (1)<br \/>\nLe Havre AC \u00a0\u00a0 (1)<br \/>\nClub Fran\u00e7ais Paris \u00a0\u00a0 (1)<br \/>\nAS Cannes \u00a0\u00a0 (1)<br \/>\nExcelsior AC Roubaix \u00a0\u00a0 (1)<br \/>\nEF Nancy-Lorraine\u00a0\u00a0\u00a0 (1)<br \/>\nFC Toulouse \u00a0\u00a0 (1)<br \/>\nAS Nancy \u00a0\u00a0 (1)<br \/>\nFC Lorient\u00a0\u00a0\u00a0 (1)<\/p>\n<p><img loading=\"lazy\" class=\"alignnone size-full wp-image-181\" src=\"http:\/\/dataminingsoccer.com\/es\/wp-content\/uploads\/sites\/4\/Ligue-1-Futbol-Resultados-Prediccion-m.png\" alt=\"Ligue-1-Futbol-Resultados-Prediccion\" width=\"35\" height=\"50\" \/>\u00a0\u00a0\u00a0\u00a0 <img loading=\"lazy\" class=\"alignnone size-full wp-image-1824\" src=\"http:\/\/dataminingsoccer.com\/es\/wp-content\/uploads\/sites\/4\/Coupe-de-France.png\" alt=\"Coupe-de-France\" width=\"51\" height=\"50\" \/><\/p>\n","protected":false},"excerpt":{"rendered":"<p>Resultados de F\u00fatbol: Pron\u00f3sticos utilizando Data Mining\u00a0\u00a0\u00a0\u00a0 En\u00a0Espa\u00f1a calculamos [pron\u00f3sticos], [estad\u00edsticas por equipo] y [\u00edndices de \u00e9xito] para las competici\u00f3nes siguientes: [pron\u00f3sticos] [estad\u00edsticas por equipo] [nuestros \u00edndices de \u00e9xito] [Ligue 1 2015\/16] [Ligue 1 2015\/16] [Ligue 1 2015\/16] [Coupe de France 2015\/16] [antes] [antes] [antes] Pron\u00f3sticos de resultados de f\u00fatbol utilizando\u00a0data mining para Francia\u00a0@ Data.Mininig.Soccer &hellip; <a href=\"https:\/\/dataminingsoccer.com\/es\/francia\/\" class=\"more-link\">Seguir leyendo <span class=\"screen-reader-text\">Francia<\/span> <span class=\"meta-nav\">&rarr;<\/span><\/a><\/p>\n","protected":false},"author":5,"featured_media":0,"parent":0,"menu_order":14,"comment_status":"closed","ping_status":"closed","template":"","meta":[],"yoast_head":"<!-- This site is optimized with the Yoast SEO plugin v14.8 - https:\/\/yoast.com\/wordpress\/plugins\/seo\/ -->\n<meta name=\"description\" content=\"F\u00fatbol franc\u00e9s. Visi\u00f3n hist\u00f3rica de los campeonatos de la Ligue 1. Pron\u00f3sticos de f\u00fatbol con resultados de miner\u00eda de datos.\" \/>\n<meta name=\"robots\" content=\"index, follow\" \/>\n<meta name=\"googlebot\" content=\"index, follow, max-snippet:-1, max-image-preview:large, max-video-preview:-1\" \/>\n<meta name=\"bingbot\" content=\"index, follow, max-snippet:-1, max-image-preview:large, max-video-preview:-1\" \/>\n<link rel=\"canonical\" href=\"http:\/\/dataminingsoccer.com\/es\/francia\/\" \/>\n<script type=\"application\/ld+json\" class=\"yoast-schema-graph\">{\"@context\":\"https:\/\/schema.org\",\"@graph\":[{\"@type\":\"WebSite\",\"@id\":\"https:\/\/dataminingsoccer.com\/es\/#website\",\"url\":\"https:\/\/dataminingsoccer.com\/es\/\",\"name\":\"Pron\\u00f3sticos de Resultados de F\\u00fatbol\",\"description\":\"basado sobre an\\u00e1lisis estad\\u00edsticos utilizando data mining.. Amamos el f\\u00fatbol! Y nos encantan los juegos con n\\u00fameros!\",\"potentialAction\":[{\"@type\":\"SearchAction\",\"target\":\"https:\/\/dataminingsoccer.com\/es\/?s={search_term_string}\",\"query-input\":\"required name=search_term_string\"}],\"inLanguage\":\"es\"},{\"@type\":\"ImageObject\",\"@id\":\"http:\/\/dataminingsoccer.com\/es\/francia\/#primaryimage\",\"inLanguage\":\"es\",\"url\":\"http:\/\/dataminingsoccer.com\/es\/wp-content\/uploads\/sites\/4\/Ligue-1-Futbol-Resultados-Prediccion-m.png\"},{\"@type\":\"WebPage\",\"@id\":\"http:\/\/dataminingsoccer.com\/es\/francia\/#webpage\",\"url\":\"http:\/\/dataminingsoccer.com\/es\/francia\/\",\"name\":\"Francia - Pron\\u00f3sticos de Resultados de F\\u00fatbol\",\"isPartOf\":{\"@id\":\"https:\/\/dataminingsoccer.com\/es\/#website\"},\"primaryImageOfPage\":{\"@id\":\"http:\/\/dataminingsoccer.com\/es\/francia\/#primaryimage\"},\"datePublished\":\"2013-09-12T00:29:41+00:00\",\"dateModified\":\"2015-06-25T18:42:34+00:00\",\"description\":\"F\\u00fatbol franc\\u00e9s. Visi\\u00f3n hist\\u00f3rica de los campeonatos de la Ligue 1. Pron\\u00f3sticos de f\\u00fatbol con resultados de miner\\u00eda de datos.\",\"inLanguage\":\"es\",\"potentialAction\":[{\"@type\":\"ReadAction\",\"target\":[\"http:\/\/dataminingsoccer.com\/es\/francia\/\"]}]}]}<\/script>\n<!-- \/ Yoast SEO plugin. -->","_links":{"self":[{"href":"https:\/\/dataminingsoccer.com\/es\/wp-json\/wp\/v2\/pages\/24"}],"collection":[{"href":"https:\/\/dataminingsoccer.com\/es\/wp-json\/wp\/v2\/pages"}],"about":[{"href":"https:\/\/dataminingsoccer.com\/es\/wp-json\/wp\/v2\/types\/page"}],"author":[{"embeddable":true,"href":"https:\/\/dataminingsoccer.com\/es\/wp-json\/wp\/v2\/users\/5"}],"replies":[{"embeddable":true,"href":"https:\/\/dataminingsoccer.com\/es\/wp-json\/wp\/v2\/comments?post=24"}],"version-history":[{"count":13,"href":"https:\/\/dataminingsoccer.com\/es\/wp-json\/wp\/v2\/pages\/24\/revisions"}],"predecessor-version":[{"id":2813,"href":"https:\/\/dataminingsoccer.com\/es\/wp-json\/wp\/v2\/pages\/24\/revisions\/2813"}],"wp:attachment":[{"href":"https:\/\/dataminingsoccer.com\/es\/wp-json\/wp\/v2\/media?parent=24"}],"curies":[{"name":"wp","href":"https:\/\/api.w.org\/{rel}","templated":true}]}}