{"id":22,"date":"2013-09-12T02:23:01","date_gmt":"2013-09-12T00:23:01","guid":{"rendered":"http:\/\/dataminingsoccer.com\/es\/?page_id=22"},"modified":"2015-06-25T20:15:51","modified_gmt":"2015-06-25T18:15:51","slug":"italia","status":"publish","type":"page","link":"https:\/\/dataminingsoccer.com\/es\/italia\/","title":{"rendered":"Italia"},"content":{"rendered":"<h2>Resultados de F\u00fatbol: Pron\u00f3sticos utilizando Data Mining<\/h2><p><img loading=\"lazy\" class=\"alignnone size-full wp-image-1828\" src=\"http:\/\/dataminingsoccer.com\/es\/wp-content\/uploads\/sites\/4\/Serie-A.png\" alt=\"Serie-A\" width=\"61\" height=\"50\" \/>\u00a0\u00a0\u00a0\u00a0 <img loading=\"lazy\" class=\"alignnone size-full wp-image-1831\" src=\"http:\/\/dataminingsoccer.com\/es\/wp-content\/uploads\/sites\/4\/Coppa-Italia.png\" alt=\"Coppa-Italia\" width=\"50\" height=\"50\" \/><\/p>\n<p>En Italia calculamos <a title=\"Pron\u00f3sticos\" href=\"http:\/\/dataminingsoccer.com\/es\/italia\/pronosticos-serie-a\/\">[pron\u00f3sticos]<\/a>, <a title=\"Estad\u00edstica por Equipo\" href=\"http:\/\/dataminingsoccer.com\/es\/italia\/estadistica-por-equipo\/\">[estad\u00edsticas por equipo]<\/a> y <a title=\"\u00cdndices de \u00c9xito\" href=\"http:\/\/dataminingsoccer.com\/es\/italia\/indices-de-exito\/\">[\u00edndices de \u00e9xito]<\/a> para las competici\u00f3nes siguientes:<\/p>\n<table>\n<tbody>\n<tr>\n<td><\/td>\n<td><a title=\"Pron\u00f3sticos\" href=\"http:\/\/dataminingsoccer.com\/es\/italia\/pronosticos-serie-a\/\">[pron\u00f3sticos]<\/a><\/td>\n<td><a title=\"Estad\u00edstica por Equipo\" href=\"http:\/\/dataminingsoccer.com\/es\/italia\/estadistica-por-equipo\/\">[estad\u00edsticas por equipo]<\/a><\/td>\n<td><a title=\"\u00cdndices de \u00c9xito\" href=\"http:\/\/dataminingsoccer.com\/es\/italia\/indices-de-exito\/\">[nuestros \u00edndices de \u00e9xito]<\/a><\/td>\n<\/tr>\n<tr>\n<td><img loading=\"lazy\" class=\"alignnone size-full wp-image-1827\" src=\"http:\/\/dataminingsoccer.com\/es\/wp-content\/uploads\/sites\/4\/Serie-A-s.png\" alt=\"Serie-A\" width=\"31\" height=\"25\" \/><\/td>\n<td><a href=\"http:\/\/dataminingsoccer.com\/es\/italia\/pronosticos-serie-a\/serie-a-2015-2016\/\">[Serie A 2015\/16]<\/a><\/td>\n<td><a href=\"http:\/\/dataminingsoccer.com\/es\/italia\/estadistica-por-equipo\/serie-a-2015-2016\/\">[Serie A 2015\/16]<\/a><\/td>\n<td><a href=\"http:\/\/dataminingsoccer.com\/es\/italia\/indices-de-exito\/serie-a-2015-2016\/\">[Serie A 2015\/16]<\/a><\/td>\n<\/tr>\n<tr>\n<td><img loading=\"lazy\" class=\"alignnone size-full wp-image-1830\" src=\"http:\/\/dataminingsoccer.com\/es\/wp-content\/uploads\/sites\/4\/Coppa-Italia-s.png\" alt=\"Coppa-Italia\" width=\"25\" height=\"25\" \/><\/td>\n<td><a href=\"http:\/\/dataminingsoccer.com\/es\/italia\/pronosticos-serie-a\/coppa-italia-2015-2016\/\">[Coppa Italia 2015\/16]<\/a><\/td>\n<td><\/td>\n<td><\/td>\n<\/tr>\n<tr>\n<td><\/td>\n<td><a title=\"Pron\u00f3sticos\" href=\"http:\/\/dataminingsoccer.com\/es\/italia\/pronosticos-serie-a\/\">[antes]<\/a><\/td>\n<td><a title=\"Estad\u00edstica por Equipo\" href=\"http:\/\/dataminingsoccer.com\/es\/italia\/estadistica-por-equipo\/\">[antes]<\/a><\/td>\n<td><a title=\"\u00cdndices de \u00c9xito\" href=\"http:\/\/dataminingsoccer.com\/es\/italia\/indices-de-exito\/\">[antes]<\/a><\/td>\n<\/tr>\n<\/tbody>\n<\/table>\n<p>Pron\u00f3sticos de resultados de f\u00fatbol utilizando\u00a0data mining para Italia\u00a0@ Data.Mininig.Soccer<\/p>\n<p><img loading=\"lazy\" class=\"alignnone size-full wp-image-1828\" src=\"http:\/\/dataminingsoccer.com\/es\/wp-content\/uploads\/sites\/4\/Serie-A.png\" alt=\"Serie-A\" width=\"61\" height=\"50\" \/>\u00a0\u00a0\u00a0\u00a0 <img loading=\"lazy\" class=\"alignnone size-full wp-image-1831\" src=\"http:\/\/dataminingsoccer.com\/es\/wp-content\/uploads\/sites\/4\/Coppa-Italia.png\" alt=\"Coppa-Italia\" width=\"50\" height=\"50\" \/><\/p>\n<p>Los ganadores de t\u00edtulos hist\u00f3ricos de la\u00a0<a title=\"Serie A 2014\/15\" href=\"http:\/\/dataminingsoccer.com\/es\/italia\/pronosticos-serie-a\/serie-a-2015-2016\/\">[Serie A]<\/a> en Italia y el n\u00famero de campeonatos ganados en un vistazo:<\/p>\n<p>Juventus \u00a0 (31) \u00a0 *** \u00a0\u00a0<img loading=\"lazy\" class=\"alignnone size-full wp-image-1827\" src=\"http:\/\/dataminingsoccer.com\/es\/wp-content\/uploads\/sites\/4\/Serie-A-s.png\" alt=\"Serie-A\" width=\"31\" height=\"25\" \/> \u00a0 (campe\u00f3n actual)<br \/>\nInter\u00a0\u00a0 (18)\u00a0\u00a0 *<br \/>\nMilan \u00a0 (18)\u00a0\u00a0 *<br \/>\nGenoa \u00a0 (9)<br \/>\nPro Vercelli \u00a0 (7)<br \/>\nBologna\u00a0\u00a0 (7)<br \/>\nTorino \u00a0 (7)<br \/>\nRoma \u00a0 (3)<br \/>\nFiorentina \u00a0 (2)<br \/>\nNapoli \u00a0 (2)<br \/>\nLazio\u00a0\u00a0 (2)<br \/>\nCasale \u00a0 (1)<br \/>\nNovese \u00a0 (1)<br \/>\nCagliari\u00a0\u00a0 (1)<br \/>\nVerona\u00a0\u00a0 (1)<br \/>\nSampdoria \u00a0 (1)<\/p>\n<p><img loading=\"lazy\" class=\"alignnone size-full wp-image-1828\" src=\"http:\/\/dataminingsoccer.com\/es\/wp-content\/uploads\/sites\/4\/Serie-A.png\" alt=\"Serie-A\" width=\"61\" height=\"50\" \/>\u00a0\u00a0\u00a0\u00a0 <img loading=\"lazy\" class=\"alignnone size-full wp-image-1831\" src=\"http:\/\/dataminingsoccer.com\/es\/wp-content\/uploads\/sites\/4\/Coppa-Italia.png\" alt=\"Coppa-Italia\" width=\"50\" height=\"50\" \/><\/p>\n<p>Los ganadores de t\u00edtulos hist\u00f3ricos de la <a href=\"http:\/\/dataminingsoccer.com\/es\/italia\/pronosticos-serie-a\/coppa-italia-2015-2016\/\">[Coppa Italia]<\/a>:<\/p>\n<p>Juventus \u00a0 (10)\u00a0\u00a0\u00a0<img loading=\"lazy\" class=\"alignnone size-full wp-image-1830\" src=\"http:\/\/dataminingsoccer.com\/es\/wp-content\/uploads\/sites\/4\/Coppa-Italia-s.png\" alt=\"Coppa-Italia\" width=\"25\" height=\"25\" \/>\u00a0\u00a0 (campe\u00f3n actual)<br \/>\nRoma \u00a0 (9)<br \/>\nInter\u00a0\u00a0 (7)<br \/>\nFiorentina \u00a0 (6)<br \/>\nLazio\u00a0\u00a0 (6)<br \/>\nTorino \u00a0 (5)<br \/>\nMilan \u00a0 (5)<br \/>\nNapoli \u00a0 (5)<br \/>\nSampdoria\u00a0\u00a0 (4)<br \/>\nParma\u00a0\u00a0 (3)<br \/>\nBologna\u00a0\u00a0 (2)<br \/>\nAtalanta\u00a0\u00a0 (1)<br \/>\nGenoa \u00a0 (1)<br \/>\nVenezia \u00a0 (1)<br \/>\nVado\u00a0\u00a0 (1)<br \/>\nVicenza\u00a0\u00a0 (1)<\/p>\n<p><img loading=\"lazy\" class=\"alignnone size-full wp-image-1828\" src=\"http:\/\/dataminingsoccer.com\/es\/wp-content\/uploads\/sites\/4\/Serie-A.png\" alt=\"Serie-A\" width=\"61\" height=\"50\" \/>\u00a0\u00a0\u00a0\u00a0 <img loading=\"lazy\" class=\"alignnone size-full wp-image-1831\" src=\"http:\/\/dataminingsoccer.com\/es\/wp-content\/uploads\/sites\/4\/Coppa-Italia.png\" alt=\"Coppa-Italia\" width=\"50\" height=\"50\" \/><\/p>\n","protected":false},"excerpt":{"rendered":"<p>Resultados de F\u00fatbol: Pron\u00f3sticos utilizando Data Mining\u00a0\u00a0\u00a0\u00a0 En Italia calculamos [pron\u00f3sticos], [estad\u00edsticas por equipo] y [\u00edndices de \u00e9xito] para las competici\u00f3nes siguientes: [pron\u00f3sticos] [estad\u00edsticas por equipo] [nuestros \u00edndices de \u00e9xito] [Serie A 2015\/16] [Serie A 2015\/16] [Serie A 2015\/16] [Coppa Italia 2015\/16] [antes] [antes] [antes] Pron\u00f3sticos de resultados de f\u00fatbol utilizando\u00a0data mining para Italia\u00a0@ Data.Mininig.Soccer &hellip; <a href=\"https:\/\/dataminingsoccer.com\/es\/italia\/\" class=\"more-link\">Seguir leyendo <span class=\"screen-reader-text\">Italia<\/span> <span class=\"meta-nav\">&rarr;<\/span><\/a><\/p>\n","protected":false},"author":5,"featured_media":0,"parent":0,"menu_order":13,"comment_status":"closed","ping_status":"closed","template":"","meta":[],"yoast_head":"<!-- This site is optimized with the Yoast SEO plugin v14.8 - https:\/\/yoast.com\/wordpress\/plugins\/seo\/ -->\n<meta name=\"description\" content=\"F\u00fatbol italiano. Visi\u00f3n hist\u00f3rica de los campeonatos de la Serie A. Pron\u00f3sticos de f\u00fatbol con resultados de miner\u00eda de datos.\" \/>\n<meta name=\"robots\" content=\"index, follow\" \/>\n<meta name=\"googlebot\" content=\"index, follow, max-snippet:-1, max-image-preview:large, max-video-preview:-1\" \/>\n<meta name=\"bingbot\" content=\"index, follow, max-snippet:-1, max-image-preview:large, max-video-preview:-1\" \/>\n<link rel=\"canonical\" href=\"http:\/\/dataminingsoccer.com\/es\/italia\/\" \/>\n<script type=\"application\/ld+json\" class=\"yoast-schema-graph\">{\"@context\":\"https:\/\/schema.org\",\"@graph\":[{\"@type\":\"WebSite\",\"@id\":\"https:\/\/dataminingsoccer.com\/es\/#website\",\"url\":\"https:\/\/dataminingsoccer.com\/es\/\",\"name\":\"Pron\\u00f3sticos de Resultados de F\\u00fatbol\",\"description\":\"basado sobre an\\u00e1lisis estad\\u00edsticos utilizando data mining.. Amamos el f\\u00fatbol! Y nos encantan los juegos con n\\u00fameros!\",\"potentialAction\":[{\"@type\":\"SearchAction\",\"target\":\"https:\/\/dataminingsoccer.com\/es\/?s={search_term_string}\",\"query-input\":\"required name=search_term_string\"}],\"inLanguage\":\"es\"},{\"@type\":\"ImageObject\",\"@id\":\"http:\/\/dataminingsoccer.com\/es\/italia\/#primaryimage\",\"inLanguage\":\"es\",\"url\":\"http:\/\/dataminingsoccer.com\/es\/wp-content\/uploads\/sites\/4\/Serie-A.png\"},{\"@type\":\"WebPage\",\"@id\":\"http:\/\/dataminingsoccer.com\/es\/italia\/#webpage\",\"url\":\"http:\/\/dataminingsoccer.com\/es\/italia\/\",\"name\":\"Italia - Pron\\u00f3sticos de Resultados de F\\u00fatbol\",\"isPartOf\":{\"@id\":\"https:\/\/dataminingsoccer.com\/es\/#website\"},\"primaryImageOfPage\":{\"@id\":\"http:\/\/dataminingsoccer.com\/es\/italia\/#primaryimage\"},\"datePublished\":\"2013-09-12T00:23:01+00:00\",\"dateModified\":\"2015-06-25T18:15:51+00:00\",\"description\":\"F\\u00fatbol italiano. Visi\\u00f3n hist\\u00f3rica de los campeonatos de la Serie A. Pron\\u00f3sticos de f\\u00fatbol con resultados de miner\\u00eda de datos.\",\"inLanguage\":\"es\",\"potentialAction\":[{\"@type\":\"ReadAction\",\"target\":[\"http:\/\/dataminingsoccer.com\/es\/italia\/\"]}]}]}<\/script>\n<!-- \/ Yoast SEO plugin. -->","_links":{"self":[{"href":"https:\/\/dataminingsoccer.com\/es\/wp-json\/wp\/v2\/pages\/22"}],"collection":[{"href":"https:\/\/dataminingsoccer.com\/es\/wp-json\/wp\/v2\/pages"}],"about":[{"href":"https:\/\/dataminingsoccer.com\/es\/wp-json\/wp\/v2\/types\/page"}],"author":[{"embeddable":true,"href":"https:\/\/dataminingsoccer.com\/es\/wp-json\/wp\/v2\/users\/5"}],"replies":[{"embeddable":true,"href":"https:\/\/dataminingsoccer.com\/es\/wp-json\/wp\/v2\/comments?post=22"}],"version-history":[{"count":12,"href":"https:\/\/dataminingsoccer.com\/es\/wp-json\/wp\/v2\/pages\/22\/revisions"}],"predecessor-version":[{"id":2811,"href":"https:\/\/dataminingsoccer.com\/es\/wp-json\/wp\/v2\/pages\/22\/revisions\/2811"}],"wp:attachment":[{"href":"https:\/\/dataminingsoccer.com\/es\/wp-json\/wp\/v2\/media?parent=22"}],"curies":[{"name":"wp","href":"https:\/\/api.w.org\/{rel}","templated":true}]}}