{"id":2110,"date":"2014-08-18T05:53:18","date_gmt":"2014-08-18T03:53:18","guid":{"rendered":"http:\/\/dataminingsoccer.com\/es\/?page_id=2110"},"modified":"2015-06-24T05:16:22","modified_gmt":"2015-06-24T03:16:22","slug":"indices-de-exito","status":"publish","type":"page","link":"https:\/\/dataminingsoccer.com\/es\/italia\/indices-de-exito\/","title":{"rendered":"\u00cdndices de \u00c9xito"},"content":{"rendered":"<h2>Resultados de F\u00fatbol: Pron\u00f3sticos utilizando Data Mining<\/h2><p><img loading=\"lazy\" class=\"alignnone size-full wp-image-1828\" src=\"http:\/\/dataminingsoccer.com\/es\/wp-content\/uploads\/sites\/4\/Serie-A.png\" alt=\"Serie-A\" width=\"61\" height=\"50\" \/>\u00a0\u00a0\u00a0\u00a0 <img loading=\"lazy\" class=\"alignnone size-full wp-image-1831\" src=\"http:\/\/dataminingsoccer.com\/es\/wp-content\/uploads\/sites\/4\/Coppa-Italia.png\" alt=\"Coppa-Italia\" width=\"50\" height=\"50\" \/><\/p>\n<p style=\"text-align: justify;\">Italia: Para una competici\u00f3n y una temporada de tu elecci\u00f3n puedes encontrar aqu\u00ed una visi\u00f3n general de varios \u00edndices de \u00e9xito de nuestro modelo de predicci\u00f3n, empezando por la primera jornada hasta la jornada actual (o la \u00faltima).<\/p>\n<p style=\"text-align: justify;\">Puedes acceder a esta p\u00e1gina con \u00edndices de \u00e9xito bien en la barra de men\u00fa arriba a trav\u00e9s de <strong>&gt; Italia &gt; \u00edndices de \u00e9xito &gt; competici\u00f3n y temporada<\/strong> de tu elecci\u00f3n, o a trav\u00e9s del men\u00fa desplegable \u2018<strong>nuestros \u00edndices de \u00e9xito para\u2026<\/strong>\u2018 a la derecha, o bien haciendo simplemente clic en un de los siguientes enlaces:<\/p>\n<p style=\"text-align: justify;\"><img loading=\"lazy\" class=\"alignnone size-full wp-image-1827\" src=\"http:\/\/dataminingsoccer.com\/es\/wp-content\/uploads\/sites\/4\/Serie-A-s.png\" alt=\"Serie-A\" width=\"31\" height=\"25\" \/> <a title=\"Serie A 2014\/15\" href=\"http:\/\/dataminingsoccer.com\/es\/italia\/indices-de-exito\/serie-a-2015-2016\/\">[Serie A 2015\/16]<br \/>\n<\/a><img loading=\"lazy\" class=\"alignnone size-full wp-image-1827\" src=\"http:\/\/dataminingsoccer.com\/es\/wp-content\/uploads\/sites\/4\/Serie-A-s.png\" alt=\"Serie-A\" width=\"31\" height=\"25\" \/> <a title=\"Serie A 2014\/15\" href=\"http:\/\/dataminingsoccer.com\/es\/italia\/indices-de-exito\/serie-a-2014-2015\/\">[Serie A 2014\/15]<\/a><a title=\"Serie A 2014\/15\" href=\"http:\/\/dataminingsoccer.com\/es\/italia\/indices-de-exito\/serie-a-2014-2015\/\"><br \/>\n<\/a><\/p>\n<p style=\"text-align: justify;\">Para cada\u00a0competici\u00f3n y cada temporada en Italia hemos calculado las siguientes tasas de \u00e9xito para vosotros:<\/p>\n<ul>\n<li>tendencia correcta del resultado del partido por jornada<\/li>\n<li>tendencia correcta\u00a0del resultado del partido por equipo<\/li>\n<li>tendencia correcta\u00a0del resultado del partido por clase DMSC (factor de confianza estad\u00edstica para nuestras predicciones)<\/li>\n<li>tendencia correcta\u00a0del resultado del partido por tipo de resultado predicho (victoria en casa\/ empate\/ victoria fuera)<\/li>\n<li>tendencia correcta\u00a0del resultado del partido por posici\u00f3n en la clasificaci\u00f3n (tercio superior, medio y inferior)<\/li>\n<li>predicciones perfectas, predicciones casi perfectas (diferencia de exactamente 1 gol) y tendencia opuesta del resultado<\/li>\n<li>tendencia correcta\u00a0del resultado del partido por d\u00eda de la semana<\/li>\n<li>tops y fracasos: el mejor y el peor pron\u00f3stico para una jornada de la temporada dada<\/li>\n<\/ul>\n<p><img loading=\"lazy\" class=\"alignnone size-full wp-image-1828\" src=\"http:\/\/dataminingsoccer.com\/es\/wp-content\/uploads\/sites\/4\/Serie-A.png\" alt=\"Serie-A\" width=\"61\" height=\"50\" \/>\u00a0\u00a0\u00a0\u00a0 <img loading=\"lazy\" class=\"alignnone size-full wp-image-1831\" src=\"http:\/\/dataminingsoccer.com\/es\/wp-content\/uploads\/sites\/4\/Coppa-Italia.png\" alt=\"Coppa-Italia\" width=\"50\" height=\"50\" \/><\/p>\n","protected":false},"excerpt":{"rendered":"<p>Resultados de F\u00fatbol: Pron\u00f3sticos utilizando Data Mining\u00a0\u00a0\u00a0\u00a0 Italia: Para una competici\u00f3n y una temporada de tu elecci\u00f3n puedes encontrar aqu\u00ed una visi\u00f3n general de varios \u00edndices de \u00e9xito de nuestro modelo de predicci\u00f3n, empezando por la primera jornada hasta la jornada actual (o la \u00faltima). Puedes acceder a esta p\u00e1gina con \u00edndices de \u00e9xito bien &hellip; <a href=\"https:\/\/dataminingsoccer.com\/es\/italia\/indices-de-exito\/\" class=\"more-link\">Seguir leyendo <span class=\"screen-reader-text\">\u00cdndices de \u00c9xito<\/span> <span class=\"meta-nav\">&rarr;<\/span><\/a><\/p>\n","protected":false},"author":5,"featured_media":0,"parent":22,"menu_order":30,"comment_status":"closed","ping_status":"closed","template":"","meta":[],"yoast_head":"<!-- This site is optimized with the Yoast SEO plugin v14.8 - https:\/\/yoast.com\/wordpress\/plugins\/seo\/ -->\n<meta name=\"description\" content=\"Tasas de \u00e9xito: pron\u00f3sticos resultados f\u00fatbol para los campeonatos en Italia: \u00edndices de \u00e9xito de nuestro software para varias categor\u00edas.\" \/>\n<meta name=\"robots\" content=\"index, follow\" \/>\n<meta name=\"googlebot\" content=\"index, follow, max-snippet:-1, max-image-preview:large, max-video-preview:-1\" \/>\n<meta name=\"bingbot\" content=\"index, follow, max-snippet:-1, max-image-preview:large, max-video-preview:-1\" \/>\n<link rel=\"canonical\" href=\"https:\/\/dataminingsoccer.com\/es\/italia\/indices-de-exito\/\" \/>\n<script type=\"application\/ld+json\" class=\"yoast-schema-graph\">{\"@context\":\"https:\/\/schema.org\",\"@graph\":[{\"@type\":\"WebSite\",\"@id\":\"https:\/\/dataminingsoccer.com\/es\/#website\",\"url\":\"https:\/\/dataminingsoccer.com\/es\/\",\"name\":\"Pron\\u00f3sticos de Resultados de F\\u00fatbol\",\"description\":\"basado sobre an\\u00e1lisis estad\\u00edsticos utilizando data mining.. Amamos el f\\u00fatbol! Y nos encantan los juegos con n\\u00fameros!\",\"potentialAction\":[{\"@type\":\"SearchAction\",\"target\":\"https:\/\/dataminingsoccer.com\/es\/?s={search_term_string}\",\"query-input\":\"required name=search_term_string\"}],\"inLanguage\":\"es\"},{\"@type\":\"ImageObject\",\"@id\":\"https:\/\/dataminingsoccer.com\/es\/italia\/indices-de-exito\/#primaryimage\",\"inLanguage\":\"es\",\"url\":\"http:\/\/dataminingsoccer.com\/es\/wp-content\/uploads\/sites\/4\/Serie-A.png\"},{\"@type\":\"WebPage\",\"@id\":\"https:\/\/dataminingsoccer.com\/es\/italia\/indices-de-exito\/#webpage\",\"url\":\"https:\/\/dataminingsoccer.com\/es\/italia\/indices-de-exito\/\",\"name\":\"\\u00cdndices de \\u00c9xito - Pron\\u00f3sticos de Resultados de F\\u00fatbol\",\"isPartOf\":{\"@id\":\"https:\/\/dataminingsoccer.com\/es\/#website\"},\"primaryImageOfPage\":{\"@id\":\"https:\/\/dataminingsoccer.com\/es\/italia\/indices-de-exito\/#primaryimage\"},\"datePublished\":\"2014-08-18T03:53:18+00:00\",\"dateModified\":\"2015-06-24T03:16:22+00:00\",\"description\":\"Tasas de \\u00e9xito: pron\\u00f3sticos resultados f\\u00fatbol para los campeonatos en Italia: \\u00edndices de \\u00e9xito de nuestro software para varias categor\\u00edas.\",\"inLanguage\":\"es\",\"potentialAction\":[{\"@type\":\"ReadAction\",\"target\":[\"https:\/\/dataminingsoccer.com\/es\/italia\/indices-de-exito\/\"]}]}]}<\/script>\n<!-- \/ Yoast SEO plugin. -->","_links":{"self":[{"href":"https:\/\/dataminingsoccer.com\/es\/wp-json\/wp\/v2\/pages\/2110"}],"collection":[{"href":"https:\/\/dataminingsoccer.com\/es\/wp-json\/wp\/v2\/pages"}],"about":[{"href":"https:\/\/dataminingsoccer.com\/es\/wp-json\/wp\/v2\/types\/page"}],"author":[{"embeddable":true,"href":"https:\/\/dataminingsoccer.com\/es\/wp-json\/wp\/v2\/users\/5"}],"replies":[{"embeddable":true,"href":"https:\/\/dataminingsoccer.com\/es\/wp-json\/wp\/v2\/comments?post=2110"}],"version-history":[{"count":5,"href":"https:\/\/dataminingsoccer.com\/es\/wp-json\/wp\/v2\/pages\/2110\/revisions"}],"predecessor-version":[{"id":2766,"href":"https:\/\/dataminingsoccer.com\/es\/wp-json\/wp\/v2\/pages\/2110\/revisions\/2766"}],"up":[{"embeddable":true,"href":"https:\/\/dataminingsoccer.com\/es\/wp-json\/wp\/v2\/pages\/22"}],"wp:attachment":[{"href":"https:\/\/dataminingsoccer.com\/es\/wp-json\/wp\/v2\/media?parent=2110"}],"curies":[{"name":"wp","href":"https:\/\/api.w.org\/{rel}","templated":true}]}}