{"id":1485,"date":"2014-07-04T00:31:42","date_gmt":"2014-07-03T22:31:42","guid":{"rendered":"http:\/\/dataminingsoccer.com\/es\/?page_id=1485"},"modified":"2014-07-16T23:22:09","modified_gmt":"2014-07-16T21:22:09","slug":"videos-de-terceros","status":"publish","type":"page","link":"https:\/\/dataminingsoccer.com\/es\/videos\/videos-de-terceros\/","title":{"rendered":"V\u00eddeos de Terceros"},"content":{"rendered":"<h2>V\u00eddeos de Infotainment sobre F\u00fatbol y Estad\u00edstica<\/h2><p style=\"text-align: justify;\">A continuaci\u00f3n encontrar\u00e1s algunos de nuestros v\u00eddeos de informaci\u00f3n y entretenimiento sobre el f\u00fatbol y estad\u00edstica proporcionada por terceros.<\/p>\n<p style=\"text-align: justify;\">Por cierto, siempre tratamos de enumerar todas las fuentes y colaboradores como autores. En caso de identificar una fuente a\u00fan no se ha mencionado te agradecemos tu sugerencia a trav\u00e9s de <a title=\"Contacto\" href=\"http:\/\/dataminingsoccer.com\/es\/contacto\/\">[contacto]<\/a>.<\/p>\n<p style=\"text-align: justify;\">Lego Liga de Campeones 2012-2013, final Borussia Dortmund &#8211; Bayern Munich (ingl\u00e9s):<\/p>\n<p style=\"text-align: justify;\"><iframe src=\"\/\/www.youtube-nocookie.com\/embed\/jnm6sJsbkOk?rel=0\" width=\"640\" height=\"360\" frameborder=\"0\" allowfullscreen=\"allowfullscreen\"><\/iframe><\/p>\n<p style=\"text-align: justify;\">Fuente\/ autor: The Guardian\u00a0Brick-by-Brick @ Youtube<\/p>\n<p style=\"text-align: justify;\">Lego Copa Mundial 1966, final Inglaterra &#8211; Alemania (ingl\u00e9s):<\/p>\n<p style=\"text-align: justify;\"><iframe src=\"\/\/www.youtube-nocookie.com\/embed\/c7DIf1Z-CPQ?rel=0\" width=\"640\" height=\"360\" frameborder=\"0\" allowfullscreen=\"allowfullscreen\"><\/iframe><\/p>\n<p style=\"text-align: justify;\">Fuente\/ autor: The Guardian Brick-by-Brick @ Youtube<\/p>\n<p style=\"text-align: justify;\"><a title=\"Videos de Terceros\" href=\"http:\/\/dataminingsoccer.com\/es\/videos\/videos-de-terceros\/\"><img loading=\"lazy\" class=\"alignnone size-full wp-image-870\" src=\"http:\/\/dataminingsoccer.com\/es\/wp-content\/uploads\/sites\/4\/Data-Mining-Soccer-encima-pagina-m.png\" alt=\"Data-Mining-Soccer-encima-pagina\" width=\"50\" height=\"50\" \/><\/a>\u00a0\u00a0\u00a0\u00a0 <a href=\"http:\/\/dataminingsoccer.com\/es\/\"><img loading=\"lazy\" class=\"alignnone size-full wp-image-872\" src=\"http:\/\/dataminingsoccer.com\/es\/wp-content\/uploads\/sites\/4\/Data-Mining-Soccer-futbol-resultado-pronostico-m.png\" alt=\"Data-Mining-Soccer-futbol-resultado-pronostico\" width=\"50\" height=\"50\" \/><\/a>\u00a0\u00a0\u00a0\u00a0 <a title=\"DataMiningSoccer (espa\u00f1ol) @Twitter\" href=\"http:\/\/twitter.com\/DataMinSoccerES\" target=\"_blank\"><img loading=\"lazy\" class=\"alignnone size-full wp-image-1245\" src=\"http:\/\/dataminingsoccer.com\/es\/wp-content\/uploads\/sites\/4\/Twitter-Data-Mining-Soccer.png\" alt=\"Twitter-Data-Mining-Soccer\" width=\"50\" height=\"50\" \/><\/a>\u00a0\u00a0\u00a0\u00a0 <a title=\"DataMiningSoccer (ingl\u00e9s) @Facebook\" href=\"http:\/\/www.facebook.com\/dataminingsoccer\" target=\"_blank\"><img loading=\"lazy\" class=\"alignnone size-full wp-image-1241\" src=\"http:\/\/dataminingsoccer.com\/es\/wp-content\/uploads\/sites\/4\/Facebook-Data-Mining-Soccer.png\" alt=\"Facebook-Data-Mining-Soccer\" width=\"50\" height=\"50\" \/><\/a>\u00a0\u00a0\u00a0\u00a0 <a title=\"DataMiningSoccer @YouTube\" href=\"http:\/\/www.youtube.com\/channel\/UCxGBQc_ziGx_Ylgc0k94QWg\" target=\"_blank\"><img loading=\"lazy\" class=\"alignnone size-full wp-image-1247\" src=\"http:\/\/dataminingsoccer.com\/es\/wp-content\/uploads\/sites\/4\/YouTube-Data-Mining-Soccer.png\" alt=\"YouTube-Data-Mining-Soccer\" width=\"50\" height=\"50\" \/><\/a><\/p>\n","protected":false},"excerpt":{"rendered":"<p>V\u00eddeos de Infotainment sobre F\u00fatbol y Estad\u00edsticaA continuaci\u00f3n encontrar\u00e1s algunos de nuestros v\u00eddeos de informaci\u00f3n y entretenimiento sobre el f\u00fatbol y estad\u00edstica proporcionada por terceros. Por cierto, siempre tratamos de enumerar todas las fuentes y colaboradores como autores. En caso de identificar una fuente a\u00fan no se ha mencionado te agradecemos tu sugerencia a trav\u00e9s &hellip; <a href=\"https:\/\/dataminingsoccer.com\/es\/videos\/videos-de-terceros\/\" class=\"more-link\">Seguir leyendo <span class=\"screen-reader-text\">V\u00eddeos de Terceros<\/span> <span class=\"meta-nav\">&rarr;<\/span><\/a><\/p>\n","protected":false},"author":5,"featured_media":0,"parent":1482,"menu_order":20,"comment_status":"closed","ping_status":"closed","template":"","meta":[],"yoast_head":"<!-- This site is optimized with the Yoast SEO plugin v14.8 - https:\/\/yoast.com\/wordpress\/plugins\/seo\/ -->\n<meta name=\"description\" content=\"V\u00eddeos infotainment por terceros con respecto a nuestros temas centrales: f\u00fatbol y estad\u00edstica\" \/>\n<meta name=\"robots\" content=\"index, follow\" \/>\n<meta name=\"googlebot\" content=\"index, follow, max-snippet:-1, max-image-preview:large, max-video-preview:-1\" \/>\n<meta name=\"bingbot\" content=\"index, follow, max-snippet:-1, max-image-preview:large, max-video-preview:-1\" \/>\n<link rel=\"canonical\" href=\"https:\/\/dataminingsoccer.com\/es\/videos\/videos-de-terceros\/\" \/>\n<script type=\"application\/ld+json\" class=\"yoast-schema-graph\">{\"@context\":\"https:\/\/schema.org\",\"@graph\":[{\"@type\":\"WebSite\",\"@id\":\"https:\/\/dataminingsoccer.com\/es\/#website\",\"url\":\"https:\/\/dataminingsoccer.com\/es\/\",\"name\":\"Pron\\u00f3sticos de Resultados de F\\u00fatbol\",\"description\":\"basado sobre an\\u00e1lisis estad\\u00edsticos utilizando data mining.. Amamos el f\\u00fatbol! Y nos encantan los juegos con n\\u00fameros!\",\"potentialAction\":[{\"@type\":\"SearchAction\",\"target\":\"https:\/\/dataminingsoccer.com\/es\/?s={search_term_string}\",\"query-input\":\"required name=search_term_string\"}],\"inLanguage\":\"es\"},{\"@type\":\"ImageObject\",\"@id\":\"https:\/\/dataminingsoccer.com\/es\/videos\/videos-de-terceros\/#primaryimage\",\"inLanguage\":\"es\",\"url\":\"http:\/\/dataminingsoccer.com\/es\/wp-content\/uploads\/sites\/4\/Data-Mining-Soccer-encima-pagina-m.png\"},{\"@type\":\"WebPage\",\"@id\":\"https:\/\/dataminingsoccer.com\/es\/videos\/videos-de-terceros\/#webpage\",\"url\":\"https:\/\/dataminingsoccer.com\/es\/videos\/videos-de-terceros\/\",\"name\":\"V\\u00eddeos de Terceros - Pron\\u00f3sticos de Resultados de F\\u00fatbol\",\"isPartOf\":{\"@id\":\"https:\/\/dataminingsoccer.com\/es\/#website\"},\"primaryImageOfPage\":{\"@id\":\"https:\/\/dataminingsoccer.com\/es\/videos\/videos-de-terceros\/#primaryimage\"},\"datePublished\":\"2014-07-03T22:31:42+00:00\",\"dateModified\":\"2014-07-16T21:22:09+00:00\",\"description\":\"V\\u00eddeos infotainment por terceros con respecto a nuestros temas centrales: f\\u00fatbol y estad\\u00edstica\",\"inLanguage\":\"es\",\"potentialAction\":[{\"@type\":\"ReadAction\",\"target\":[\"https:\/\/dataminingsoccer.com\/es\/videos\/videos-de-terceros\/\"]}]}]}<\/script>\n<!-- \/ Yoast SEO plugin. -->","_links":{"self":[{"href":"https:\/\/dataminingsoccer.com\/es\/wp-json\/wp\/v2\/pages\/1485"}],"collection":[{"href":"https:\/\/dataminingsoccer.com\/es\/wp-json\/wp\/v2\/pages"}],"about":[{"href":"https:\/\/dataminingsoccer.com\/es\/wp-json\/wp\/v2\/types\/page"}],"author":[{"embeddable":true,"href":"https:\/\/dataminingsoccer.com\/es\/wp-json\/wp\/v2\/users\/5"}],"replies":[{"embeddable":true,"href":"https:\/\/dataminingsoccer.com\/es\/wp-json\/wp\/v2\/comments?post=1485"}],"version-history":[{"count":11,"href":"https:\/\/dataminingsoccer.com\/es\/wp-json\/wp\/v2\/pages\/1485\/revisions"}],"predecessor-version":[{"id":1646,"href":"https:\/\/dataminingsoccer.com\/es\/wp-json\/wp\/v2\/pages\/1485\/revisions\/1646"}],"up":[{"embeddable":true,"href":"https:\/\/dataminingsoccer.com\/es\/wp-json\/wp\/v2\/pages\/1482"}],"wp:attachment":[{"href":"https:\/\/dataminingsoccer.com\/es\/wp-json\/wp\/v2\/media?parent=1485"}],"curies":[{"name":"wp","href":"https:\/\/api.w.org\/{rel}","templated":true}]}}