{"id":1482,"date":"2014-07-03T03:25:49","date_gmt":"2014-07-03T01:25:49","guid":{"rendered":"http:\/\/dataminingsoccer.com\/es\/?page_id=1482"},"modified":"2014-07-15T14:34:36","modified_gmt":"2014-07-15T12:34:36","slug":"videos","status":"publish","type":"page","link":"https:\/\/dataminingsoccer.com\/es\/videos\/","title":{"rendered":"V\u00eddeos"},"content":{"rendered":"<h2>V\u00eddeos de Infotainment por DataMiningSoccer y Terceros <\/h2><p style=\"text-align: justify;\"><span id=\"result_box\" lang=\"es\"><span class=\"hps\">En<\/span> <span class=\"hps atn\">las siguientes sub-<\/span>p\u00e1ginas <span class=\"hps\">se pueden encontrar<\/span> <span class=\"hps\">muchos v\u00eddeos<\/span> <span class=\"hps\">de entretenimiento y<\/span> <span class=\"hps\">al mismo tiempo<\/span> <span class=\"hps\">a menudo<\/span> <span class=\"hps\">informativos <\/span><span class=\"hps\">con respecto a nuestros temas centrales: f\u00fatbol y estad\u00edstica.<\/span><\/span><\/p>\n<p><span class=\"hps\">Aqu\u00ed puedes llegar<\/span> <span class=\"hps\">directamente a<\/span> <a title=\"Videos creados por nosotros\" href=\"http:\/\/dataminingsoccer.com\/es\/videos\/videos-creados-por-nosotros\/\"><span class=\"hps atn\">[nuestros <\/span><span class=\"hps\">v\u00eddeos<\/span>]<\/a>, <span class=\"hps\">y aqu\u00ed<\/span> <span class=\"hps\">a<\/span> los <a title=\"Videos de Terceros\" href=\"http:\/\/dataminingsoccer.com\/es\/videos\/videos-de-terceros\/\"><span class=\"hps\">[v\u00eddeos<\/span> <span class=\"hps\">suministrados por terceros<\/span>]<\/a>.<\/p>\n<p><span class=\"hps\">Que lo pas\u00e9is bien<\/span>!<\/p>\n<p><a title=\"Videos\" href=\"http:\/\/dataminingsoccer.com\/es\/videos\/\"><img loading=\"lazy\" class=\"alignnone size-full wp-image-870\" src=\"http:\/\/dataminingsoccer.com\/es\/wp-content\/uploads\/sites\/4\/Data-Mining-Soccer-encima-pagina-m.png\" alt=\"Data-Mining-Soccer-encima-pagina\" width=\"50\" height=\"50\" \/><\/a>\u00a0\u00a0\u00a0\u00a0 <a href=\"http:\/\/dataminingsoccer.com\/es\/\"><img loading=\"lazy\" class=\"alignnone size-full wp-image-872\" src=\"http:\/\/dataminingsoccer.com\/es\/wp-content\/uploads\/sites\/4\/Data-Mining-Soccer-futbol-resultado-pronostico-m.png\" alt=\"Data-Mining-Soccer-futbol-resultado-pronostico\" width=\"50\" height=\"50\" \/><\/a>\u00a0\u00a0\u00a0\u00a0 <a title=\"DataMiningSoccer (espa\u00f1ol) @Twitter\" href=\"http:\/\/twitter.com\/DataMinSoccerES\" target=\"_blank\"><img loading=\"lazy\" class=\"alignnone size-full wp-image-1245\" src=\"http:\/\/dataminingsoccer.com\/es\/wp-content\/uploads\/sites\/4\/Twitter-Data-Mining-Soccer.png\" alt=\"Twitter-Data-Mining-Soccer\" width=\"50\" height=\"50\" \/><\/a>\u00a0\u00a0\u00a0\u00a0 <a title=\"DataMiningSoccer (ingl\u00e9s) @Facebook\" href=\"http:\/\/www.facebook.com\/dataminingsoccer\" target=\"_blank\"><img loading=\"lazy\" class=\"alignnone size-full wp-image-1241\" src=\"http:\/\/dataminingsoccer.com\/es\/wp-content\/uploads\/sites\/4\/Facebook-Data-Mining-Soccer.png\" alt=\"Facebook-Data-Mining-Soccer\" width=\"50\" height=\"50\" \/><\/a>\u00a0\u00a0\u00a0\u00a0 <a title=\"DataMiningSoccer @YouTube\" href=\"http:\/\/www.youtube.com\/channel\/UCxGBQc_ziGx_Ylgc0k94QWg\" target=\"_blank\"><img loading=\"lazy\" class=\"alignnone size-full wp-image-1247\" src=\"http:\/\/dataminingsoccer.com\/es\/wp-content\/uploads\/sites\/4\/YouTube-Data-Mining-Soccer.png\" alt=\"YouTube-Data-Mining-Soccer\" width=\"50\" height=\"50\" \/><\/a><\/p>\n","protected":false},"excerpt":{"rendered":"<p>V\u00eddeos de Infotainment por DataMiningSoccer y Terceros En las siguientes sub-p\u00e1ginas se pueden encontrar muchos v\u00eddeos de entretenimiento y al mismo tiempo a menudo informativos con respecto a nuestros temas centrales: f\u00fatbol y estad\u00edstica. Aqu\u00ed puedes llegar directamente a [nuestros v\u00eddeos], y aqu\u00ed a los [v\u00eddeos suministrados por terceros]. Que lo pas\u00e9is bien! \u00a0\u00a0\u00a0\u00a0 \u00a0\u00a0\u00a0\u00a0 &hellip; <a href=\"https:\/\/dataminingsoccer.com\/es\/videos\/\" class=\"more-link\">Seguir leyendo <span class=\"screen-reader-text\">V\u00eddeos<\/span> <span class=\"meta-nav\">&rarr;<\/span><\/a><\/p>\n","protected":false},"author":5,"featured_media":0,"parent":0,"menu_order":55,"comment_status":"closed","ping_status":"closed","template":"","meta":[],"yoast_head":"<!-- This site is optimized with the Yoast SEO plugin v14.8 - https:\/\/yoast.com\/wordpress\/plugins\/seo\/ -->\n<meta name=\"description\" content=\"V\u00eddeos infotainment por DataMiningSoccer y terceros con respecto a nuestros temas centrales: f\u00fatbol y estad\u00edstica\" \/>\n<meta name=\"robots\" content=\"index, follow\" \/>\n<meta name=\"googlebot\" content=\"index, follow, max-snippet:-1, max-image-preview:large, max-video-preview:-1\" \/>\n<meta name=\"bingbot\" content=\"index, follow, max-snippet:-1, max-image-preview:large, max-video-preview:-1\" \/>\n<link rel=\"canonical\" href=\"http:\/\/dataminingsoccer.com\/es\/videos\/\" \/>\n<script type=\"application\/ld+json\" class=\"yoast-schema-graph\">{\"@context\":\"https:\/\/schema.org\",\"@graph\":[{\"@type\":\"WebSite\",\"@id\":\"https:\/\/dataminingsoccer.com\/es\/#website\",\"url\":\"https:\/\/dataminingsoccer.com\/es\/\",\"name\":\"Pron\\u00f3sticos de Resultados de F\\u00fatbol\",\"description\":\"basado sobre an\\u00e1lisis estad\\u00edsticos utilizando data mining.. Amamos el f\\u00fatbol! Y nos encantan los juegos con n\\u00fameros!\",\"potentialAction\":[{\"@type\":\"SearchAction\",\"target\":\"https:\/\/dataminingsoccer.com\/es\/?s={search_term_string}\",\"query-input\":\"required name=search_term_string\"}],\"inLanguage\":\"es\"},{\"@type\":\"ImageObject\",\"@id\":\"http:\/\/dataminingsoccer.com\/es\/videos\/#primaryimage\",\"inLanguage\":\"es\",\"url\":\"http:\/\/dataminingsoccer.com\/es\/wp-content\/uploads\/sites\/4\/Data-Mining-Soccer-encima-pagina-m.png\"},{\"@type\":\"WebPage\",\"@id\":\"http:\/\/dataminingsoccer.com\/es\/videos\/#webpage\",\"url\":\"http:\/\/dataminingsoccer.com\/es\/videos\/\",\"name\":\"V\\u00eddeos - Pron\\u00f3sticos de Resultados de F\\u00fatbol\",\"isPartOf\":{\"@id\":\"https:\/\/dataminingsoccer.com\/es\/#website\"},\"primaryImageOfPage\":{\"@id\":\"http:\/\/dataminingsoccer.com\/es\/videos\/#primaryimage\"},\"datePublished\":\"2014-07-03T01:25:49+00:00\",\"dateModified\":\"2014-07-15T12:34:36+00:00\",\"description\":\"V\\u00eddeos infotainment por DataMiningSoccer y terceros con respecto a nuestros temas centrales: f\\u00fatbol y estad\\u00edstica\",\"inLanguage\":\"es\",\"potentialAction\":[{\"@type\":\"ReadAction\",\"target\":[\"http:\/\/dataminingsoccer.com\/es\/videos\/\"]}]}]}<\/script>\n<!-- \/ Yoast SEO plugin. -->","_links":{"self":[{"href":"https:\/\/dataminingsoccer.com\/es\/wp-json\/wp\/v2\/pages\/1482"}],"collection":[{"href":"https:\/\/dataminingsoccer.com\/es\/wp-json\/wp\/v2\/pages"}],"about":[{"href":"https:\/\/dataminingsoccer.com\/es\/wp-json\/wp\/v2\/types\/page"}],"author":[{"embeddable":true,"href":"https:\/\/dataminingsoccer.com\/es\/wp-json\/wp\/v2\/users\/5"}],"replies":[{"embeddable":true,"href":"https:\/\/dataminingsoccer.com\/es\/wp-json\/wp\/v2\/comments?post=1482"}],"version-history":[{"count":6,"href":"https:\/\/dataminingsoccer.com\/es\/wp-json\/wp\/v2\/pages\/1482\/revisions"}],"predecessor-version":[{"id":1639,"href":"https:\/\/dataminingsoccer.com\/es\/wp-json\/wp\/v2\/pages\/1482\/revisions\/1639"}],"wp:attachment":[{"href":"https:\/\/dataminingsoccer.com\/es\/wp-json\/wp\/v2\/media?parent=1482"}],"curies":[{"name":"wp","href":"https:\/\/api.w.org\/{rel}","templated":true}]}}