{"id":1330,"date":"2014-06-18T22:33:11","date_gmt":"2014-06-18T20:33:11","guid":{"rendered":"http:\/\/dataminingsoccer.com\/es\/?page_id=1330"},"modified":"2014-07-05T02:35:41","modified_gmt":"2014-07-05T00:35:41","slug":"championnat-deurope-2012","status":"publish","type":"page","link":"https:\/\/dataminingsoccer.com\/es\/copa-mundial-y-euro\/indices-de-exito\/championnat-deurope-2012\/","title":{"rendered":"Campeonato de Europa 2012"},"content":{"rendered":"<h2>Nuestros \u00cdndices de \u00c9xito (varias Categor\u00edas)<\/h2><p style=\"text-align: justify;\"><img loading=\"lazy\" class=\"alignnone size-full wp-image-169\" src=\"http:\/\/dataminingsoccer.com\/es\/wp-content\/uploads\/sites\/4\/Copa-Euro-2012-Polonia-Ucrania-Futbol-Resultados-Prediccion-m.png\" alt=\"Copa-Euro-2012-Polonia-Ucrania-Futbol-Resultados-Prediccion\" width=\"42\" height=\"49\" \/>\u00a0\u00a0\u00a0\u00a0 \u00a0\u00a0\u00a0\u00a0 \u00a0\u00a0\u00a0\u00a0  \u00a0 \u00a0  \u00a0 \u00a0  \u00a0 \u00a0  \u00a0 \u00a0 <\/p>\n<p style=\"text-align: justify;\">Cuota correcta para la <strong>tendencia del resultado<\/strong> (victoria en casa\/ empate\/ victoria fuera) de todos los partidos de la Copa Europa 2012 en Polonia y Ucrania (2012-07-01):<\/p>\n<p style=\"text-align: justify;\"><script type='text\/javascript' src='https:\/\/dataminingsoccer.com\/es\/wp-content\/plugins\/easy-chart-builder\/js\/easy-chart-builder.js'><\/script>\n\n<div id=\"easyChartDiv133b8001\" style='width:100%;'  style='text-align:center;' align='center'>\n<!-- Easy Chart Builder by dyerware -->\n<img id=\"easyChartDiv133b8001_img\" style='text-align:center;float:center;' alt='Predicci\u00f3n de resultados de f\u00fatbol' title='Predicci\u00f3n de resultados de f\u00fatbol'  align='center' border='0' \/>\n\n<\/div>\n<script type=\"text\/javascript\">\n\/\/<![CDATA[\nwpEasyChart.wpNewChart(\"easyChartDiv133b8001\", {\"type\":\"horizbar\",\"width\":\"350\",\"height\":\"65\",\"title\":\"Cuota correcta para la Tendencia del Resultado de todos los Partidos\",\"minaxis\":\"\",\"groupnames\":\"por casualidad ser\\u00edan \\u00f8 ~37%, cuota de \\u00e9xito de nuestros pron\\u00f3sticos\",\"groupcolors\":\"44280c,4e9f22,f3a214,ffffff,A3A3A3,007070,00FFFF,CC7000,00CC70,CC0070,7000CC,A370CC\",\"valuenames\":\" , \\u00edndice de \\u00e9xito, \",\"group1values\":\"37\",\"group2values\":\"39\",\"group3values\":\"0,0,0\",\"group4values\":\"0,0,0\",\"group5values\":\"0,0,0\",\"group6values\":\"0,0,0\",\"group7values\":\"0,0,0\",\"group8values\":\"0,0,0\",\"group9values\":\"0,0,0\",\"group10values\":\"0,0,0\",\"group11values\":\"0,0,0\",\"group12values\":\"0,0,0\",\"group1markers\":\"\",\"group2markers\":\"\",\"group3markers\":\"\",\"group4markers\":\"\",\"group5markers\":\"\",\"group6markers\":\"\",\"group7markers\":\"\",\"group8markers\":\"\",\"group9markers\":\"\",\"group10markers\":\"\",\"group11markers\":\"\",\"group12markers\":\"\",\"markercolor\":\"FFFF00\",\"imagealtattr\":\"Predicci\\u00f3n de resultados de f\\u00fatbol\",\"imagetitleattr\":\"Predicci\\u00f3n de resultados de f\\u00fatbol\",\"hidechartdata\":true,\"chartcolor\":\"FFFFFF\",\"chartfadecolor\":\"ffffff\",\"datatablecss\":\"hentry easyChartDataTable\",\"imgstyle\":\"text-align:center;float:center;\",\"watermark\":\"\",\"watermarkvert\":\"\",\"watermarkcolor\":\"A0BAE9\",\"currency\":\"\",\"currencyright\":false,\"precision\":\"\",\"grid\":false,\"axis\":\"both\"});\n\/\/]]>\n<\/script><\/p>\n<p style=\"text-align: justify;\">39% de todos los partidos hemos predicho con la tendencia correcta (l<span id=\"result_box\" lang=\"es\">a p<span class=\"hps\">robabilidad<\/span> <span class=\"hps\">estad\u00edstica<\/span> <span class=\"hps\">ser\u00eda cerca de 37<\/span><\/span><span id=\"result_box\" lang=\"es\"><span class=\"hps\">%: 33% para partidos de grupo, 50% para finales<\/span><\/span>).<\/p>\n<p style=\"text-align: justify;\"><img loading=\"lazy\" class=\"alignnone size-full wp-image-169\" src=\"http:\/\/dataminingsoccer.com\/es\/wp-content\/uploads\/sites\/4\/Copa-Euro-2012-Polonia-Ucrania-Futbol-Resultados-Prediccion-m.png\" alt=\"Copa-Euro-2012-Polonia-Ucrania-Futbol-Resultados-Prediccion\" width=\"42\" height=\"49\" \/>\u00a0\u00a0\u00a0\u00a0 \u00a0\u00a0\u00a0\u00a0 \u00a0\u00a0\u00a0\u00a0  \u00a0 \u00a0  \u00a0 \u00a0  \u00a0 \u00a0  \u00a0 \u00a0 <\/p>\n<p style=\"text-align: justify;\">Cuota correcta para los partidos de la\u00a0Copa Europa 2012 en Polonia y Ucrania <strong>por grupo<\/strong> (2012-07-01):<\/p>\n<p style=\"text-align: justify;\">\n<div id=\"easyChartDiv198a8002\" style='width:100%;'  style='text-align:center;' align='center'>\n<!-- Easy Chart Builder by dyerware -->\n<img id=\"easyChartDiv198a8002_img\" style='text-align:center;float:center;' alt='Predicci\u00f3n de resultados de f\u00fatbol' title='Predicci\u00f3n de resultados de f\u00fatbol'  align='center' border='0' \/>\n\n<\/div>\n<script type=\"text\/javascript\">\n\/\/<![CDATA[\nwpEasyChart.wpNewChart(\"easyChartDiv198a8002\", {\"type\":\"vertbar\",\"width\":\"350\",\"height\":\"120\",\"title\":\"Cuota correcta para los Partidos por Grupo\",\"minaxis\":\"\",\"groupnames\":\"por casualidad ser\\u00edan \\u00f8 ~33%, cuota de \\u00e9xito de nuestros pron\\u00f3sticos\",\"groupcolors\":\"44280c,4e9f22,f3a214,ffffff,A3A3A3,007070,00FFFF,CC7000,00CC70,CC0070,7000CC,A370CC\",\"valuenames\":\"grupo A , grupo B, grupo C, grupo D\",\"group1values\":\"33, 33, 33, 33\",\"group2values\":\"50, 33, 17, 33\",\"group3values\":\"0,0,0\",\"group4values\":\"0,0,0\",\"group5values\":\"0,0,0\",\"group6values\":\"0,0,0\",\"group7values\":\"0,0,0\",\"group8values\":\"0,0,0\",\"group9values\":\"0,0,0\",\"group10values\":\"0,0,0\",\"group11values\":\"0,0,0\",\"group12values\":\"0,0,0\",\"group1markers\":\"\",\"group2markers\":\"\",\"group3markers\":\"\",\"group4markers\":\"\",\"group5markers\":\"\",\"group6markers\":\"\",\"group7markers\":\"\",\"group8markers\":\"\",\"group9markers\":\"\",\"group10markers\":\"\",\"group11markers\":\"\",\"group12markers\":\"\",\"markercolor\":\"FFFF00\",\"imagealtattr\":\"Predicci\\u00f3n de resultados de f\\u00fatbol\",\"imagetitleattr\":\"Predicci\\u00f3n de resultados de f\\u00fatbol\",\"hidechartdata\":true,\"chartcolor\":\"FFFFFF\",\"chartfadecolor\":\"ffffff\",\"datatablecss\":\"hentry easyChartDataTable\",\"imgstyle\":\"text-align:center;float:center;\",\"watermark\":\"\",\"watermarkvert\":\"\",\"watermarkcolor\":\"A0BAE9\",\"currency\":\"\",\"currencyright\":false,\"precision\":\"\",\"grid\":false,\"axis\":\"both\"});\n\/\/]]>\n<\/script><\/p>\n<p style=\"text-align: justify;\"><span id=\"result_box\" lang=\"es\"><span class=\"hps\">Todos los n\u00fameros<\/span> <span class=\"hps\">son porcentajes<\/span>. <span id=\"result_box\" lang=\"es\"><span id=\"result_box\" lang=\"es\"><span class=\"hps\">Cuota total<\/span> <span class=\"hps\">de todos los<\/span> <span class=\"hps\">partidos de grupo<\/span>: <span class=\"hps\">33<\/span><span class=\"atn\">% (8<\/span> <span class=\"hps\">de 24)<\/span>.<\/span> <\/span>La p<span class=\"hps\">robabilidad<\/span> <span class=\"hps\">estad\u00edstica<\/span> <span class=\"hps\">ser\u00eda aproximadamente<\/span> <span class=\"hps\">33<\/span><span class=\"atn\">% (<\/span>columnas <span class=\"hps\">de comparaci\u00f3n<\/span> <span class=\"hps\">de color marr\u00f3n<\/span>). <span id=\"result_box\" lang=\"es\">La m<span id=\"result_box\" lang=\"es\"><span class=\"hps\">ejor calidad de<\/span> <span class=\"hps\">la predicci\u00f3n<\/span> <span class=\"hps\">para el grupo<\/span> A<span class=\"hps atn\"> (<\/span>50%), la peor <span class=\"hps\">para el grupo<\/span> C<span class=\"hps atn\"> (17<\/span>%).<\/span><\/span><br \/>\n<\/span><\/p>\n<p style=\"text-align: justify;\"><img loading=\"lazy\" class=\"alignnone size-full wp-image-169\" src=\"http:\/\/dataminingsoccer.com\/es\/wp-content\/uploads\/sites\/4\/Copa-Euro-2012-Polonia-Ucrania-Futbol-Resultados-Prediccion-m.png\" alt=\"Copa-Euro-2012-Polonia-Ucrania-Futbol-Resultados-Prediccion\" width=\"42\" height=\"49\" \/>\u00a0\u00a0\u00a0\u00a0 \u00a0\u00a0\u00a0\u00a0 \u00a0\u00a0\u00a0\u00a0  \u00a0 \u00a0  \u00a0 \u00a0  \u00a0 \u00a0  \u00a0 \u00a0 <\/p>\n<p style=\"text-align: justify;\">Cuota correcta para los <strong>ganadores de los grupos<\/strong> de la\u00a0Copa Europa 2012 en Polonia y Ucrania (2012-07-01):<\/p>\n<p style=\"text-align: justify;\">\n<div id=\"easyChartDiv5ee8003\" style='width:100%;'  style='text-align:center;' align='center'>\n<!-- Easy Chart Builder by dyerware -->\n<img id=\"easyChartDiv5ee8003_img\" style='text-align:center;float:center;' alt='Predicci\u00f3n de resultados de f\u00fatbol' title='Predicci\u00f3n de resultados de f\u00fatbol'  align='center' border='0' \/>\n\n<\/div>\n<script type=\"text\/javascript\">\n\/\/<![CDATA[\nwpEasyChart.wpNewChart(\"easyChartDiv5ee8003\", {\"type\":\"horizbar\",\"width\":\"350\",\"height\":\"65\",\"title\":\"Cuota correcta para los Ganadores de los Grupos\",\"minaxis\":\"\",\"groupnames\":\"por casualidad ser\\u00edan \\u00f8 ~25%, cuota de \\u00e9xito de nuestros pron\\u00f3sticos\",\"groupcolors\":\"44280c,4e9f22,f3a214,ffffff,A3A3A3,007070,00FFFF,CC7000,00CC70,CC0070,7000CC,A370CC\",\"valuenames\":\" , \\u00edndice de \\u00e9xito, \",\"group1values\":\"25\",\"group2values\":\"75\",\"group3values\":\"0,0,0\",\"group4values\":\"0,0,0\",\"group5values\":\"0,0,0\",\"group6values\":\"0,0,0\",\"group7values\":\"0,0,0\",\"group8values\":\"0,0,0\",\"group9values\":\"0,0,0\",\"group10values\":\"0,0,0\",\"group11values\":\"0,0,0\",\"group12values\":\"0,0,0\",\"group1markers\":\"\",\"group2markers\":\"\",\"group3markers\":\"\",\"group4markers\":\"\",\"group5markers\":\"\",\"group6markers\":\"\",\"group7markers\":\"\",\"group8markers\":\"\",\"group9markers\":\"\",\"group10markers\":\"\",\"group11markers\":\"\",\"group12markers\":\"\",\"markercolor\":\"FFFF00\",\"imagealtattr\":\"Predicci\\u00f3n de resultados de f\\u00fatbol\",\"imagetitleattr\":\"Predicci\\u00f3n de resultados de f\\u00fatbol\",\"hidechartdata\":true,\"chartcolor\":\"FFFFFF\",\"chartfadecolor\":\"ffffff\",\"datatablecss\":\"hentry easyChartDataTable\",\"imgstyle\":\"text-align:center;float:center;\",\"watermark\":\"\",\"watermarkvert\":\"\",\"watermarkcolor\":\"A0BAE9\",\"currency\":\"\",\"currencyright\":false,\"precision\":\"\",\"grid\":false,\"axis\":\"both\"});\n\/\/]]>\n<\/script><\/p>\n<p style=\"text-align: justify;\">3 <span id=\"result_box\" lang=\"es\"><span class=\"hps\">de<\/span> <span class=\"hps\">4<\/span> <span class=\"hps\">ganadores de grupo<\/span> <span class=\"hps\">(75%)<\/span> <span class=\"hps\">se predijo<\/span> <span class=\"hps atn\">correctamente<\/span><\/span> (l<span id=\"result_box\" lang=\"es\">a p<span class=\"hps\">robabilidad<\/span> <span class=\"hps\">estad\u00edstica<\/span> <span class=\"hps\">ser\u00eda 25%<\/span><\/span>).<\/p>\n<p style=\"text-align: justify;\"><img loading=\"lazy\" class=\"alignnone size-full wp-image-169\" src=\"http:\/\/dataminingsoccer.com\/es\/wp-content\/uploads\/sites\/4\/Copa-Euro-2012-Polonia-Ucrania-Futbol-Resultados-Prediccion-m.png\" alt=\"Copa-Euro-2012-Polonia-Ucrania-Futbol-Resultados-Prediccion\" width=\"42\" height=\"49\" \/>\u00a0\u00a0\u00a0\u00a0 \u00a0\u00a0\u00a0\u00a0 \u00a0\u00a0\u00a0\u00a0  \u00a0 \u00a0  \u00a0 \u00a0  \u00a0 \u00a0  \u00a0 \u00a0 <\/p>\n<p style=\"text-align: justify;\">Cuota correcta para los <strong>calificados de los cuartos de final<\/strong> de la\u00a0Copa Europa 2012 en Polonia y Ucrania (2012-07-01):<\/p>\n<p style=\"text-align: justify;\">\n<div id=\"easyChartDiv6b398004\" style='width:100%;'  style='text-align:center;' align='center'>\n<!-- Easy Chart Builder by dyerware -->\n<img id=\"easyChartDiv6b398004_img\" style='text-align:center;float:center;' alt='Predicci\u00f3n de resultados de f\u00fatbol' title='Predicci\u00f3n de resultados de f\u00fatbol'  align='center' border='0' \/>\n\n<\/div>\n<script type=\"text\/javascript\">\n\/\/<![CDATA[\nwpEasyChart.wpNewChart(\"easyChartDiv6b398004\", {\"type\":\"horizbar\",\"width\":\"350\",\"height\":\"65\",\"title\":\"Cuota correcta para los Calificados de los Octavos de Final\",\"minaxis\":\"\",\"groupnames\":\"por casualidad ser\\u00edan \\u00f8 ~50%, cuota de \\u00e9xito de nuestros pron\\u00f3sticos\",\"groupcolors\":\"44280c,4e9f22,f3a214,ffffff,A3A3A3,007070,00FFFF,CC7000,00CC70,CC0070,7000CC,A370CC\",\"valuenames\":\" , \\u00edndice de \\u00e9xito, \",\"group1values\":\"50\",\"group2values\":\"63\",\"group3values\":\"0,0,0\",\"group4values\":\"0,0,0\",\"group5values\":\"0,0,0\",\"group6values\":\"0,0,0\",\"group7values\":\"0,0,0\",\"group8values\":\"0,0,0\",\"group9values\":\"0,0,0\",\"group10values\":\"0,0,0\",\"group11values\":\"0,0,0\",\"group12values\":\"0,0,0\",\"group1markers\":\"\",\"group2markers\":\"\",\"group3markers\":\"\",\"group4markers\":\"\",\"group5markers\":\"\",\"group6markers\":\"\",\"group7markers\":\"\",\"group8markers\":\"\",\"group9markers\":\"\",\"group10markers\":\"\",\"group11markers\":\"\",\"group12markers\":\"\",\"markercolor\":\"FFFF00\",\"imagealtattr\":\"Predicci\\u00f3n de resultados de f\\u00fatbol\",\"imagetitleattr\":\"Predicci\\u00f3n de resultados de f\\u00fatbol\",\"hidechartdata\":true,\"chartcolor\":\"FFFFFF\",\"chartfadecolor\":\"ffffff\",\"datatablecss\":\"hentry easyChartDataTable\",\"imgstyle\":\"text-align:center;float:center;\",\"watermark\":\"\",\"watermarkvert\":\"\",\"watermarkcolor\":\"A0BAE9\",\"currency\":\"\",\"currencyright\":false,\"precision\":\"\",\"grid\":false,\"axis\":\"both\"});\n\/\/]]>\n<\/script><\/p>\n<p style=\"text-align: justify;\">5 de 8 equipos calificados (63%) para\u00a0los cuartos de final se predijeron correctamente (l<span id=\"result_box\" lang=\"es\">a p<span class=\"hps\">robabilidad<\/span> <span class=\"hps\">estad\u00edstica<\/span> <span class=\"hps\">ser\u00eda 50%<\/span><\/span>).<\/p>\n<p style=\"text-align: justify;\"><img loading=\"lazy\" class=\"alignnone size-full wp-image-169\" src=\"http:\/\/dataminingsoccer.com\/es\/wp-content\/uploads\/sites\/4\/Copa-Euro-2012-Polonia-Ucrania-Futbol-Resultados-Prediccion-m.png\" alt=\"Copa-Euro-2012-Polonia-Ucrania-Futbol-Resultados-Prediccion\" width=\"42\" height=\"49\" \/>\u00a0\u00a0\u00a0\u00a0 \u00a0\u00a0\u00a0\u00a0 \u00a0\u00a0\u00a0\u00a0  \u00a0 \u00a0  \u00a0 \u00a0  \u00a0 \u00a0  \u00a0 \u00a0 <\/p>\n<p style=\"text-align: justify;\">Cuota correcta para la tendencia del resultado (victoria en casa\/ empate\/ victoria fuera) de las <strong>finales\u00a0<span id=\"result_box\" lang=\"es\"><span class=\"hps\">durante la<\/span> <span class=\"hps\">fase eliminatoria<\/span><\/span><\/strong> de la\u00a0Copa Europa 2012 en Polonia y Ucrania (2012-07-01):<\/p>\n<p style=\"text-align: justify;\">\n<div id=\"easyChartDiv54418005\" style='width:100%;'  style='text-align:center;' align='center'>\n<!-- Easy Chart Builder by dyerware -->\n<img id=\"easyChartDiv54418005_img\" style='text-align:center;float:center;' alt='Predicci\u00f3n de resultados de f\u00fatbol' title='Predicci\u00f3n de resultados de f\u00fatbol'  align='center' border='0' \/>\n\n<\/div>\n<script type=\"text\/javascript\">\n\/\/<![CDATA[\nwpEasyChart.wpNewChart(\"easyChartDiv54418005\", {\"type\":\"horizbar\",\"width\":\"350\",\"height\":\"65\",\"title\":\"Cuota correcta para la Tendencia del Resultado de las Finales\",\"minaxis\":\"\",\"groupnames\":\"por casualidad ser\\u00edan \\u00f8 ~50%, cuota de \\u00e9xito de nuestros pron\\u00f3sticos\",\"groupcolors\":\"44280c,4e9f22,f3a214,ffffff,A3A3A3,007070,00FFFF,CC7000,00CC70,CC0070,7000CC,A370CC\",\"valuenames\":\" , \\u00edndice de \\u00e9xito, \",\"group1values\":\"50\",\"group2values\":\"57\",\"group3values\":\"0,0,0\",\"group4values\":\"0,0,0\",\"group5values\":\"0,0,0\",\"group6values\":\"0,0,0\",\"group7values\":\"0,0,0\",\"group8values\":\"0,0,0\",\"group9values\":\"0,0,0\",\"group10values\":\"0,0,0\",\"group11values\":\"0,0,0\",\"group12values\":\"0,0,0\",\"group1markers\":\"\",\"group2markers\":\"\",\"group3markers\":\"\",\"group4markers\":\"\",\"group5markers\":\"\",\"group6markers\":\"\",\"group7markers\":\"\",\"group8markers\":\"\",\"group9markers\":\"\",\"group10markers\":\"\",\"group11markers\":\"\",\"group12markers\":\"\",\"markercolor\":\"FFFF00\",\"imagealtattr\":\"Predicci\\u00f3n de resultados de f\\u00fatbol\",\"imagetitleattr\":\"Predicci\\u00f3n de resultados de f\\u00fatbol\",\"hidechartdata\":true,\"chartcolor\":\"FFFFFF\",\"chartfadecolor\":\"ffffff\",\"datatablecss\":\"hentry easyChartDataTable\",\"imgstyle\":\"text-align:center;float:center;\",\"watermark\":\"\",\"watermarkvert\":\"\",\"watermarkcolor\":\"A0BAE9\",\"currency\":\"\",\"currencyright\":false,\"precision\":\"\",\"grid\":false,\"axis\":\"both\"});\n\/\/]]>\n<\/script><\/p>\n<p style=\"text-align: justify;\"><span id=\"result_box\" lang=\"es\"><span class=\"hps\">57<\/span>% de <span class=\"hps\">todas las finales<\/span> <span class=\"hps\">durante la<\/span> <span class=\"hps\">fase eliminatoria<\/span> <span class=\"hps atn\">(4<\/span> de <span class=\"hps\">7<\/span>) <span class=\"hps\">se predijo<\/span> <span class=\"hps\">con la tendencia<\/span> <span class=\"hps\">correcta<\/span> <span class=\"hps\">(la probabilidad<\/span> <span class=\"hps\">estad\u00edstica<\/span> <span class=\"hps\">ser\u00eda del 50<\/span>%). <span class=\"hps\">Base del<\/span> <span class=\"hps\">an\u00e1lisis<\/span>: <span class=\"hps\">el resultado final<\/span> <span class=\"hps\">despu\u00e9s de 90<\/span> <span class=\"hps\">minutos o<\/span> <span class=\"hps\">posiblemente<\/span> <span class=\"hps\">despu\u00e9s de la pr\u00f3rroga<\/span> <span class=\"hps\">o<\/span> <span class=\"hps\">los penaltis<\/span>.<\/span><\/p>\n<p style=\"text-align: justify;\"><img loading=\"lazy\" class=\"alignnone size-full wp-image-169\" src=\"http:\/\/dataminingsoccer.com\/es\/wp-content\/uploads\/sites\/4\/Copa-Euro-2012-Polonia-Ucrania-Futbol-Resultados-Prediccion-m.png\" alt=\"Copa-Euro-2012-Polonia-Ucrania-Futbol-Resultados-Prediccion\" width=\"42\" height=\"49\" \/>\u00a0\u00a0\u00a0\u00a0 \u00a0\u00a0\u00a0\u00a0 \u00a0\u00a0\u00a0\u00a0  \u00a0 \u00a0  \u00a0 \u00a0  \u00a0 \u00a0  \u00a0 \u00a0 <\/p>\n<p style=\"text-align: justify;\"><span class=\"hps\">Puedes llegar a<\/span> <span class=\"hps\">la<\/span> <strong><span class=\"hps\">visi\u00f3n de conjunto de<\/span> <span class=\"hps\">todos<\/span> <\/strong><span class=\"hps\"><strong>los partidos<\/strong> del Campeonato de Europa<\/span> <span class=\"hps\">en Polonia y\u00a0<\/span>Ucrania <span class=\"hps\">en nuestra p\u00e1gina<\/span> <a title=\"Campeonato de Europa 2012\" href=\"http:\/\/dataminingsoccer.com\/es\/copa-mundial-y-euro\/campeonato-de-europa-2012\/\"><span class=\"hps\">[Campeonato<\/span> de Europa<span class=\"hps\"> 2012<\/span>]<\/a>.<\/p>\n<p style=\"text-align: justify;\"><img loading=\"lazy\" class=\"alignnone size-full wp-image-169\" src=\"http:\/\/dataminingsoccer.com\/es\/wp-content\/uploads\/sites\/4\/Copa-Euro-2012-Polonia-Ucrania-Futbol-Resultados-Prediccion-m.png\" alt=\"Copa-Euro-2012-Polonia-Ucrania-Futbol-Resultados-Prediccion\" width=\"42\" height=\"49\" \/>\u00a0\u00a0\u00a0\u00a0 \u00a0\u00a0\u00a0\u00a0 \u00a0\u00a0\u00a0\u00a0  \u00a0 \u00a0  \u00a0 \u00a0  \u00a0 \u00a0  \u00a0 \u00a0 <\/p>\n<p><a title=\"Campeonato de Europa 2012\" href=\"http:\/\/dataminingsoccer.com\/es\/copa-mundial-y-euro\/indices-de-exito\/championnat-deurope-2012\/\"><img loading=\"lazy\" class=\"alignnone size-full wp-image-870\" src=\"http:\/\/dataminingsoccer.com\/es\/wp-content\/uploads\/sites\/4\/Data-Mining-Soccer-encima-pagina-m.png\" alt=\"Data-Mining-Soccer-encima-pagina\" width=\"50\" height=\"50\" \/><\/a>\u00a0\u00a0\u00a0\u00a0 <a href=\"http:\/\/dataminingsoccer.com\/es\/\"><img loading=\"lazy\" class=\"alignnone size-full wp-image-872\" src=\"http:\/\/dataminingsoccer.com\/es\/wp-content\/uploads\/sites\/4\/Data-Mining-Soccer-futbol-resultado-pronostico-m.png\" alt=\"Data-Mining-Soccer-futbol-resultado-pronostico\" width=\"50\" height=\"50\" \/><\/a>\u00a0\u00a0\u00a0\u00a0 <a title=\"DataMiningSoccer (espa\u00f1ol) @Twitter\" href=\"http:\/\/twitter.com\/DataMinSoccerES\" target=\"_blank\"><img loading=\"lazy\" class=\"alignnone size-full wp-image-1245\" src=\"http:\/\/dataminingsoccer.com\/es\/wp-content\/uploads\/sites\/4\/Twitter-Data-Mining-Soccer.png\" alt=\"Twitter-Data-Mining-Soccer\" width=\"50\" height=\"50\" \/><\/a>\u00a0\u00a0\u00a0\u00a0 <a title=\"DataMiningSoccer (ingl\u00e9s) @Facebook\" href=\"http:\/\/www.facebook.com\/dataminingsoccer\" target=\"_blank\"><img loading=\"lazy\" class=\"alignnone size-full wp-image-1241\" src=\"http:\/\/dataminingsoccer.com\/es\/wp-content\/uploads\/sites\/4\/Facebook-Data-Mining-Soccer.png\" alt=\"Facebook-Data-Mining-Soccer\" width=\"50\" height=\"50\" \/><\/a><\/p>\n","protected":false},"excerpt":{"rendered":"<p>Nuestros \u00cdndices de \u00c9xito (varias Categor\u00edas)\u00a0\u00a0\u00a0\u00a0 \u00a0\u00a0\u00a0\u00a0 \u00a0\u00a0\u00a0\u00a0 \u00a0 \u00a0 \u00a0 \u00a0 \u00a0 \u00a0 \u00a0 \u00a0 Cuota correcta para la tendencia del resultado (victoria en casa\/ empate\/ victoria fuera) de todos los partidos de la Copa Europa 2012 en Polonia y Ucrania (2012-07-01): 39% de todos los partidos hemos predicho con la tendencia correcta (la &hellip; <a href=\"https:\/\/dataminingsoccer.com\/es\/copa-mundial-y-euro\/indices-de-exito\/championnat-deurope-2012\/\" class=\"more-link\">Seguir leyendo <span class=\"screen-reader-text\">Campeonato de Europa 2012<\/span> <span class=\"meta-nav\">&rarr;<\/span><\/a><\/p>\n","protected":false},"author":5,"featured_media":0,"parent":1301,"menu_order":95,"comment_status":"closed","ping_status":"closed","template":"","meta":[],"yoast_head":"<!-- This site is optimized with the Yoast SEO plugin v14.8 - https:\/\/yoast.com\/wordpress\/plugins\/seo\/ -->\n<meta name=\"description\" content=\"Predicciones de resultados de f\u00fatbol para la Copa Europa 2012 en Polonia y Ucrania: \u00edndice de \u00e9xito de nuestro software para varias categor\u00edas de predicci\u00f3n\" \/>\n<meta name=\"robots\" content=\"index, follow\" \/>\n<meta name=\"googlebot\" content=\"index, follow, max-snippet:-1, max-image-preview:large, max-video-preview:-1\" \/>\n<meta name=\"bingbot\" content=\"index, follow, max-snippet:-1, max-image-preview:large, max-video-preview:-1\" \/>\n<link rel=\"canonical\" href=\"http:\/\/dataminingsoccer.com\/es\/copa-mundial-y-euro\/indices-de-exito\/championnat-deurope-2012\/\" \/>\n<script type=\"application\/ld+json\" class=\"yoast-schema-graph\">{\"@context\":\"https:\/\/schema.org\",\"@graph\":[{\"@type\":\"WebSite\",\"@id\":\"https:\/\/dataminingsoccer.com\/es\/#website\",\"url\":\"https:\/\/dataminingsoccer.com\/es\/\",\"name\":\"Pron\\u00f3sticos de Resultados de F\\u00fatbol\",\"description\":\"basado sobre an\\u00e1lisis estad\\u00edsticos utilizando data mining.. Amamos el f\\u00fatbol! Y nos encantan los juegos con n\\u00fameros!\",\"potentialAction\":[{\"@type\":\"SearchAction\",\"target\":\"https:\/\/dataminingsoccer.com\/es\/?s={search_term_string}\",\"query-input\":\"required name=search_term_string\"}],\"inLanguage\":\"es\"},{\"@type\":\"ImageObject\",\"@id\":\"http:\/\/dataminingsoccer.com\/es\/copa-mundial-y-euro\/indices-de-exito\/championnat-deurope-2012\/#primaryimage\",\"inLanguage\":\"es\",\"url\":\"http:\/\/dataminingsoccer.com\/es\/wp-content\/uploads\/sites\/4\/Copa-Euro-2012-Polonia-Ucrania-Futbol-Resultados-Prediccion-m.png\"},{\"@type\":\"WebPage\",\"@id\":\"http:\/\/dataminingsoccer.com\/es\/copa-mundial-y-euro\/indices-de-exito\/championnat-deurope-2012\/#webpage\",\"url\":\"http:\/\/dataminingsoccer.com\/es\/copa-mundial-y-euro\/indices-de-exito\/championnat-deurope-2012\/\",\"name\":\"Campeonato de Europa 2012 - Pron\\u00f3sticos de Resultados de F\\u00fatbol\",\"isPartOf\":{\"@id\":\"https:\/\/dataminingsoccer.com\/es\/#website\"},\"primaryImageOfPage\":{\"@id\":\"http:\/\/dataminingsoccer.com\/es\/copa-mundial-y-euro\/indices-de-exito\/championnat-deurope-2012\/#primaryimage\"},\"datePublished\":\"2014-06-18T20:33:11+00:00\",\"dateModified\":\"2014-07-05T00:35:41+00:00\",\"description\":\"Predicciones de resultados de f\\u00fatbol para la Copa Europa 2012 en Polonia y Ucrania: \\u00edndice de \\u00e9xito de nuestro software para varias categor\\u00edas de predicci\\u00f3n\",\"inLanguage\":\"es\",\"potentialAction\":[{\"@type\":\"ReadAction\",\"target\":[\"http:\/\/dataminingsoccer.com\/es\/copa-mundial-y-euro\/indices-de-exito\/championnat-deurope-2012\/\"]}]}]}<\/script>\n<!-- \/ Yoast SEO plugin. -->","_links":{"self":[{"href":"https:\/\/dataminingsoccer.com\/es\/wp-json\/wp\/v2\/pages\/1330"}],"collection":[{"href":"https:\/\/dataminingsoccer.com\/es\/wp-json\/wp\/v2\/pages"}],"about":[{"href":"https:\/\/dataminingsoccer.com\/es\/wp-json\/wp\/v2\/types\/page"}],"author":[{"embeddable":true,"href":"https:\/\/dataminingsoccer.com\/es\/wp-json\/wp\/v2\/users\/5"}],"replies":[{"embeddable":true,"href":"https:\/\/dataminingsoccer.com\/es\/wp-json\/wp\/v2\/comments?post=1330"}],"version-history":[{"count":12,"href":"https:\/\/dataminingsoccer.com\/es\/wp-json\/wp\/v2\/pages\/1330\/revisions"}],"predecessor-version":[{"id":1516,"href":"https:\/\/dataminingsoccer.com\/es\/wp-json\/wp\/v2\/pages\/1330\/revisions\/1516"}],"up":[{"embeddable":true,"href":"https:\/\/dataminingsoccer.com\/es\/wp-json\/wp\/v2\/pages\/1301"}],"wp:attachment":[{"href":"https:\/\/dataminingsoccer.com\/es\/wp-json\/wp\/v2\/media?parent=1330"}],"curies":[{"name":"wp","href":"https:\/\/api.w.org\/{rel}","templated":true}]}}