{"id":12,"date":"2013-09-12T02:05:02","date_gmt":"2013-09-12T00:05:02","guid":{"rendered":"http:\/\/dataminingsoccer.com\/es\/?page_id=12"},"modified":"2015-06-25T19:47:21","modified_gmt":"2015-06-25T17:47:21","slug":"espana","status":"publish","type":"page","link":"https:\/\/dataminingsoccer.com\/es\/espana\/","title":{"rendered":"Espa\u00f1a"},"content":{"rendered":"<h2>Resultados de F\u00fatbol: Pron\u00f3sticos utilizando Data Mining<\/h2><p><img loading=\"lazy\" class=\"alignnone size-full wp-image-185\" src=\"http:\/\/dataminingsoccer.com\/es\/wp-content\/uploads\/sites\/4\/Primera-Division-Futbol-Resultados-Prediccion-m.png\" alt=\"Primera-Division-Futbol-Resultados-Prediccion\" width=\"39\" height=\"49\" \/>\u00a0\u00a0\u00a0\u00a0 <img loading=\"lazy\" class=\"alignnone size-full wp-image-1835\" src=\"http:\/\/dataminingsoccer.com\/es\/wp-content\/uploads\/sites\/4\/Copa-del-Rey.png\" alt=\"Copa-del-Rey\" width=\"58\" height=\"50\" \/><\/p>\n<p>En\u00a0Espa\u00f1a calculamos <a title=\"Pron\u00f3sticos\" href=\"http:\/\/dataminingsoccer.com\/es\/espana\/pronosticos-primera-division\/\">[pron\u00f3sticos]<\/a>, <a title=\"Estad\u00edstica por Equipo\" href=\"http:\/\/dataminingsoccer.com\/es\/espana\/estadistica-por-equipo\/\">[estad\u00edsticas por equipo]<\/a> y <a title=\"\u00cdndices de \u00c9xito\" href=\"http:\/\/dataminingsoccer.com\/es\/espana\/indices-de-exito\/\">[\u00edndices de \u00e9xito]<\/a> para las competici\u00f3nes siguientes:<\/p>\n<table>\n<tbody>\n<tr>\n<td><\/td>\n<td><a title=\"Pron\u00f3sticos\" href=\"http:\/\/dataminingsoccer.com\/es\/espana\/pronosticos-primera-division\/\">[pron\u00f3sticos]<\/a><\/td>\n<td><a title=\"Estad\u00edstica por Equipo\" href=\"http:\/\/dataminingsoccer.com\/es\/espana\/estadistica-por-equipo\/\">[estad\u00edsticas por equipo]<\/a><\/td>\n<td><a title=\"\u00cdndices de \u00c9xito\" href=\"http:\/\/dataminingsoccer.com\/es\/espana\/indices-de-exito\/\">[nuestros \u00edndices de \u00e9xito]<\/a><\/td>\n<\/tr>\n<tr>\n<td><img loading=\"lazy\" class=\"alignnone size-full wp-image-186\" src=\"http:\/\/dataminingsoccer.com\/es\/wp-content\/uploads\/sites\/4\/Primera-Division-Futbol-Resultados-Prediccion-s.png\" alt=\"Primera-Division-Futbol-Resultados-Prediccion\" width=\"25\" height=\"25\" \/><\/td>\n<td><a href=\"http:\/\/dataminingsoccer.com\/es\/espana\/pronosticos-primera-division\/primera-division-2015-2016\/\">[Primera Divisi\u00f3n 2015\/16]<\/a><\/td>\n<td><a href=\"http:\/\/dataminingsoccer.com\/es\/espana\/estadistica-por-equipo\/primera-division-2015-2016\/\">[Primera Divisi\u00f3n 2015\/16]<\/a><\/td>\n<td><a href=\"http:\/\/dataminingsoccer.com\/es\/espana\/indices-de-exito\/primera-division-2015-2016\/\">[Primera Divisi\u00f3n 2015\/16]<\/a><\/td>\n<\/tr>\n<tr>\n<td><img loading=\"lazy\" class=\"alignnone size-full wp-image-1834\" src=\"http:\/\/dataminingsoccer.com\/es\/wp-content\/uploads\/sites\/4\/Copa-del-Rey-s.png\" alt=\"Copa-del-Rey\" width=\"29\" height=\"25\" \/><\/td>\n<td><a href=\"http:\/\/dataminingsoccer.com\/es\/espana\/pronosticos-primera-division\/copa-del-rey-2015-2016\/\">[Copa del Rey 2015\/16]<\/a><\/td>\n<td><\/td>\n<td><\/td>\n<\/tr>\n<tr>\n<td><\/td>\n<td><a title=\"Pron\u00f3sticos\" href=\"http:\/\/dataminingsoccer.com\/es\/espana\/pronosticos-primera-division\/\">[antes]<\/a><\/td>\n<td><a title=\"Estad\u00edstica por Equipo\" href=\"http:\/\/dataminingsoccer.com\/es\/espana\/estadistica-por-equipo\/\">[antes]<\/a><\/td>\n<td><a title=\"\u00cdndices de \u00c9xito\" href=\"http:\/\/dataminingsoccer.com\/es\/espana\/indices-de-exito\/\">[antes]<\/a><\/td>\n<\/tr>\n<\/tbody>\n<\/table>\n<p>Pron\u00f3sticos de resultados de f\u00fatbol utilizando\u00a0data mining para Espa\u00f1a\u00a0@ Data.Mininig.Soccer<\/p>\n<p><img loading=\"lazy\" class=\"alignnone size-full wp-image-185\" src=\"http:\/\/dataminingsoccer.com\/es\/wp-content\/uploads\/sites\/4\/Primera-Division-Futbol-Resultados-Prediccion-m.png\" alt=\"Primera-Division-Futbol-Resultados-Prediccion\" width=\"39\" height=\"49\" \/>\u00a0\u00a0\u00a0\u00a0 <img loading=\"lazy\" class=\"alignnone size-full wp-image-1835\" src=\"http:\/\/dataminingsoccer.com\/es\/wp-content\/uploads\/sites\/4\/Copa-del-Rey.png\" alt=\"Copa-del-Rey\" width=\"58\" height=\"50\" \/><\/p>\n<p>Los ganadores de t\u00edtulos hist\u00f3ricos de la\u00a0<a title=\"Primera Divisi\u00f3n 2014\/15\" href=\"http:\/\/dataminingsoccer.com\/es\/espana\/pronosticos-primera-division\/primera-division-2015-2016\/\">[Primera Divisi\u00f3n]<\/a> en\u00a0Espa\u00f1a y el n\u00famero de campeonatos ganados en un vistazo:<\/p>\n<p>Real Madrid\u00a0\u00a0 (32)<br \/>\nFC Barcelona \u00a0 (23)\u00a0\u00a0\u00a0<img loading=\"lazy\" class=\"alignnone size-full wp-image-186\" src=\"http:\/\/dataminingsoccer.com\/es\/wp-content\/uploads\/sites\/4\/Primera-Division-Futbol-Resultados-Prediccion-s.png\" alt=\"Primera-Division-Futbol-Resultados-Prediccion\" width=\"25\" height=\"25\" \/>\u00a0\u00a0 (campe\u00f3n actual)<br \/>\nAtl\u00e9tico Madrid \u00a0 (10)<br \/>\nAthletic Bilbao \u00a0 (8)<br \/>\nFC Valencia \u00a0 (6)<br \/>\nReal Sociedad San Sebasti\u00e1n\u00a0\u00a0 (2)<br \/>\nDeportivo La Coru\u00f1a\u00a0\u00a0 (1)<br \/>\nBetis Sevilla\u00a0\u00a0 (1)<br \/>\nFC Sevilla \u00a0 (1)<\/p>\n<p><img loading=\"lazy\" class=\"alignnone size-full wp-image-185\" src=\"http:\/\/dataminingsoccer.com\/es\/wp-content\/uploads\/sites\/4\/Primera-Division-Futbol-Resultados-Prediccion-m.png\" alt=\"Primera-Division-Futbol-Resultados-Prediccion\" width=\"39\" height=\"49\" \/>\u00a0\u00a0\u00a0\u00a0 <img loading=\"lazy\" class=\"alignnone size-full wp-image-1835\" src=\"http:\/\/dataminingsoccer.com\/es\/wp-content\/uploads\/sites\/4\/Copa-del-Rey.png\" alt=\"Copa-del-Rey\" width=\"58\" height=\"50\" \/><\/p>\n<p>Los ganadores de t\u00edtulos hist\u00f3ricos de la <a href=\"http:\/\/dataminingsoccer.com\/es\/espana\/pronosticos-primera-division\/copa-del-rey-2015-2016\/\">[Copa del Rey]<\/a> en Espa\u00f1a:<\/p>\n<p>FC Barcelona\u00a0\u00a0 (27)\u00a0\u00a0\u00a0<img loading=\"lazy\" class=\"alignnone size-full wp-image-1834\" src=\"http:\/\/dataminingsoccer.com\/es\/wp-content\/uploads\/sites\/4\/Copa-del-Rey-s.png\" alt=\"Copa-del-Rey\" width=\"29\" height=\"25\" \/>\u00a0\u00a0 (campe\u00f3n actual)<br \/>\nAtletic Bilbao\u00a0\u00a0 (23)<br \/>\nReal Madrid\u00a0\u00a0 (19)<br \/>\nAtl\u00e9tico Madrid\u00a0\u00a0 (10)<br \/>\nFC Valencia\u00a0\u00a0 (7)<br \/>\nReal Saragossa\u00a0\u00a0 (6)<br \/>\nFC Sevilla\u00a0\u00a0 (5)<br \/>\nEspanyol Barcelona\u00a0\u00a0 (4)<br \/>\nReal Uni\u00f3n Ir\u00fan\u00a0\u00a0 (4)<br \/>\nReal Sociedad San Sebasti\u00e1n (2)<br \/>\nBetis Sevilla\u00a0\u00a0 (2)<br \/>\nDeportivo la Coruna\u00a0\u00a0 (2)<br \/>\nArenas Cluc de Getxo \u00a0 (1)<br \/>\nRCD Mallorca\u00a0\u00a0 (1)<\/p>\n<p><img loading=\"lazy\" class=\"alignnone size-full wp-image-185\" src=\"http:\/\/dataminingsoccer.com\/es\/wp-content\/uploads\/sites\/4\/Primera-Division-Futbol-Resultados-Prediccion-m.png\" alt=\"Primera-Division-Futbol-Resultados-Prediccion\" width=\"39\" height=\"49\" \/>\u00a0\u00a0\u00a0\u00a0 <img loading=\"lazy\" class=\"alignnone size-full wp-image-1835\" src=\"http:\/\/dataminingsoccer.com\/es\/wp-content\/uploads\/sites\/4\/Copa-del-Rey.png\" alt=\"Copa-del-Rey\" width=\"58\" height=\"50\" \/><\/p>\n","protected":false},"excerpt":{"rendered":"<p>Resultados de F\u00fatbol: Pron\u00f3sticos utilizando Data Mining\u00a0\u00a0\u00a0\u00a0 En\u00a0Espa\u00f1a calculamos [pron\u00f3sticos], [estad\u00edsticas por equipo] y [\u00edndices de \u00e9xito] para las competici\u00f3nes siguientes: [pron\u00f3sticos] [estad\u00edsticas por equipo] [nuestros \u00edndices de \u00e9xito] [Primera Divisi\u00f3n 2015\/16] [Primera Divisi\u00f3n 2015\/16] [Primera Divisi\u00f3n 2015\/16] [Copa del Rey 2015\/16] [antes] [antes] [antes] Pron\u00f3sticos de resultados de f\u00fatbol utilizando\u00a0data mining para Espa\u00f1a\u00a0@ Data.Mininig.Soccer &hellip; <a href=\"https:\/\/dataminingsoccer.com\/es\/espana\/\" class=\"more-link\">Seguir leyendo <span class=\"screen-reader-text\">Espa\u00f1a<\/span> <span class=\"meta-nav\">&rarr;<\/span><\/a><\/p>\n","protected":false},"author":5,"featured_media":0,"parent":0,"menu_order":12,"comment_status":"closed","ping_status":"closed","template":"","meta":[],"yoast_head":"<!-- This site is optimized with the Yoast SEO plugin v14.8 - https:\/\/yoast.com\/wordpress\/plugins\/seo\/ -->\n<meta name=\"description\" content=\"F\u00fatbol espa\u00f1ol. Visi\u00f3n hist\u00f3rica de los campeonatos de la Primera Divisi\u00f3n. Pron\u00f3sticos de f\u00fatbol con resultados de miner\u00eda de datos.\" \/>\n<meta name=\"robots\" content=\"index, follow\" \/>\n<meta name=\"googlebot\" content=\"index, follow, max-snippet:-1, max-image-preview:large, max-video-preview:-1\" \/>\n<meta name=\"bingbot\" content=\"index, follow, max-snippet:-1, max-image-preview:large, max-video-preview:-1\" \/>\n<link rel=\"canonical\" href=\"http:\/\/dataminingsoccer.com\/es\/espana\/\" \/>\n<script type=\"application\/ld+json\" class=\"yoast-schema-graph\">{\"@context\":\"https:\/\/schema.org\",\"@graph\":[{\"@type\":\"WebSite\",\"@id\":\"https:\/\/dataminingsoccer.com\/es\/#website\",\"url\":\"https:\/\/dataminingsoccer.com\/es\/\",\"name\":\"Pron\\u00f3sticos de Resultados de F\\u00fatbol\",\"description\":\"basado sobre an\\u00e1lisis estad\\u00edsticos utilizando data mining.. Amamos el f\\u00fatbol! Y nos encantan los juegos con n\\u00fameros!\",\"potentialAction\":[{\"@type\":\"SearchAction\",\"target\":\"https:\/\/dataminingsoccer.com\/es\/?s={search_term_string}\",\"query-input\":\"required name=search_term_string\"}],\"inLanguage\":\"es\"},{\"@type\":\"ImageObject\",\"@id\":\"http:\/\/dataminingsoccer.com\/es\/espana\/#primaryimage\",\"inLanguage\":\"es\",\"url\":\"http:\/\/dataminingsoccer.com\/es\/wp-content\/uploads\/sites\/4\/Primera-Division-Futbol-Resultados-Prediccion-m.png\"},{\"@type\":\"WebPage\",\"@id\":\"http:\/\/dataminingsoccer.com\/es\/espana\/#webpage\",\"url\":\"http:\/\/dataminingsoccer.com\/es\/espana\/\",\"name\":\"Espa\\u00f1a - Pron\\u00f3sticos de Resultados de F\\u00fatbol\",\"isPartOf\":{\"@id\":\"https:\/\/dataminingsoccer.com\/es\/#website\"},\"primaryImageOfPage\":{\"@id\":\"http:\/\/dataminingsoccer.com\/es\/espana\/#primaryimage\"},\"datePublished\":\"2013-09-12T00:05:02+00:00\",\"dateModified\":\"2015-06-25T17:47:21+00:00\",\"description\":\"F\\u00fatbol espa\\u00f1ol. Visi\\u00f3n hist\\u00f3rica de los campeonatos de la Primera Divisi\\u00f3n. Pron\\u00f3sticos de f\\u00fatbol con resultados de miner\\u00eda de datos.\",\"inLanguage\":\"es\",\"potentialAction\":[{\"@type\":\"ReadAction\",\"target\":[\"http:\/\/dataminingsoccer.com\/es\/espana\/\"]}]}]}<\/script>\n<!-- \/ Yoast SEO plugin. -->","_links":{"self":[{"href":"https:\/\/dataminingsoccer.com\/es\/wp-json\/wp\/v2\/pages\/12"}],"collection":[{"href":"https:\/\/dataminingsoccer.com\/es\/wp-json\/wp\/v2\/pages"}],"about":[{"href":"https:\/\/dataminingsoccer.com\/es\/wp-json\/wp\/v2\/types\/page"}],"author":[{"embeddable":true,"href":"https:\/\/dataminingsoccer.com\/es\/wp-json\/wp\/v2\/users\/5"}],"replies":[{"embeddable":true,"href":"https:\/\/dataminingsoccer.com\/es\/wp-json\/wp\/v2\/comments?post=12"}],"version-history":[{"count":12,"href":"https:\/\/dataminingsoccer.com\/es\/wp-json\/wp\/v2\/pages\/12\/revisions"}],"predecessor-version":[{"id":2809,"href":"https:\/\/dataminingsoccer.com\/es\/wp-json\/wp\/v2\/pages\/12\/revisions\/2809"}],"wp:attachment":[{"href":"https:\/\/dataminingsoccer.com\/es\/wp-json\/wp\/v2\/media?parent=12"}],"curies":[{"name":"wp","href":"https:\/\/api.w.org\/{rel}","templated":true}]}}