{"id":10,"date":"2013-09-12T01:28:09","date_gmt":"2013-09-11T23:28:09","guid":{"rendered":"http:\/\/dataminingsoccer.com\/es\/?page_id=10"},"modified":"2015-06-25T19:07:16","modified_gmt":"2015-06-25T17:07:16","slug":"inglaterra","status":"publish","type":"page","link":"https:\/\/dataminingsoccer.com\/es\/inglaterra\/","title":{"rendered":"Inglaterra"},"content":{"rendered":"<h2>Resultados de F\u00fatbol: Pron\u00f3sticos utilizando Data Mining<\/h2><p><img loading=\"lazy\" class=\"alignnone size-full wp-image-183\" src=\"http:\/\/dataminingsoccer.com\/es\/wp-content\/uploads\/sites\/4\/Premier-League-Futbol-Resultados-Prediccion-m.png\" alt=\"Premier-League-Futbol-Resultados-Prediccion\" width=\"37\" height=\"50\" \/>\u00a0\u00a0\u00a0\u00a0 <img loading=\"lazy\" class=\"alignnone size-full wp-image-1853\" src=\"http:\/\/dataminingsoccer.com\/es\/wp-content\/uploads\/sites\/4\/FA-Cup.png\" alt=\"FA-Cup\" width=\"35\" height=\"50\" \/><\/p>\n<p>En Inglaterra calculamos <a title=\"Pron\u00f3sticos\" href=\"http:\/\/dataminingsoccer.com\/es\/inglaterra\/pronosticos-premier-league\/\">[pron\u00f3sticos]<\/a>, <a title=\"Estad\u00edstica por Equipo\" href=\"http:\/\/dataminingsoccer.com\/es\/inglaterra\/estadistica-por-equipo\/\">[estad\u00edsticas por equipo]<\/a> y <a title=\"\u00cdndices de \u00c9xito\" href=\"http:\/\/dataminingsoccer.com\/es\/inglaterra\/indices-de-exito\/\">[\u00edndices de \u00e9xito]<\/a> para las competici\u00f3nes siguientes:<\/p>\n<table>\n<tbody>\n<tr>\n<td><\/td>\n<td><a title=\"Pron\u00f3sticos\" href=\"http:\/\/dataminingsoccer.com\/es\/inglaterra\/pronosticos-premier-league\/\">[pron\u00f3sticos]<\/a><\/td>\n<td><a title=\"Estad\u00edstica por Equipo\" href=\"http:\/\/dataminingsoccer.com\/es\/inglaterra\/estadistica-por-equipo\/\">[estad\u00edsticas por equipo]<\/a><\/td>\n<td><a title=\"\u00cdndices de \u00c9xito\" href=\"http:\/\/dataminingsoccer.com\/es\/inglaterra\/indices-de-exito\/\">[nuestros \u00edndices de \u00e9xito]<\/a><\/td>\n<\/tr>\n<tr>\n<td><img loading=\"lazy\" class=\"alignnone size-full wp-image-184\" src=\"http:\/\/dataminingsoccer.com\/es\/wp-content\/uploads\/sites\/4\/Premier-League-Futbol-Resultados-Prediccion-s.png\" alt=\"Premier-League-Futbol-Resultados-Prediccion\" width=\"23\" height=\"25\" \/><\/td>\n<td><a href=\"http:\/\/dataminingsoccer.com\/es\/inglaterra\/pronosticos-premier-league\/premier-league-2015-2016\/\">[Premier League 2015\/16]<\/a><\/td>\n<td><a href=\"http:\/\/dataminingsoccer.com\/es\/inglaterra\/estadistica-por-equipo\/premier-league-2015-2016\/\">[Premier League 2015\/16]<\/a><\/td>\n<td><a href=\"http:\/\/dataminingsoccer.com\/es\/inglaterra\/indices-de-exito\/premier-league-2015-2016\/\">[Premier League 2015\/16]<\/a><\/td>\n<\/tr>\n<tr>\n<td><img loading=\"lazy\" class=\"alignnone size-full wp-image-1852\" src=\"http:\/\/dataminingsoccer.com\/es\/wp-content\/uploads\/sites\/4\/FA-Cup-s.png\" alt=\"FA-Cup\" width=\"18\" height=\"26\" \/><\/td>\n<td><a href=\"http:\/\/dataminingsoccer.com\/es\/inglaterra\/pronosticos-premier-league\/fa-cup-2015-2016\/\">[FA Cup 2015\/16]<\/a><\/td>\n<td><\/td>\n<td><\/td>\n<\/tr>\n<tr>\n<td><\/td>\n<td><a title=\"Pron\u00f3sticos\" href=\"http:\/\/dataminingsoccer.com\/es\/inglaterra\/pronosticos-premier-league\/\">[antes]<\/a><\/td>\n<td><a title=\"Estad\u00edstica por Equipo\" href=\"http:\/\/dataminingsoccer.com\/es\/inglaterra\/estadistica-por-equipo\/\">[antes]<\/a><\/td>\n<td><a title=\"\u00cdndices de \u00c9xito\" href=\"http:\/\/dataminingsoccer.com\/es\/inglaterra\/indices-de-exito\/\">[antes]<\/a><\/td>\n<\/tr>\n<\/tbody>\n<\/table>\n<p>Pron\u00f3sticos de resultados de f\u00fatbol utilizando\u00a0data mining para Inglaterra @ Data.Mininig.Soccer<\/p>\n<p><img loading=\"lazy\" class=\"alignnone size-full wp-image-183\" src=\"http:\/\/dataminingsoccer.com\/es\/wp-content\/uploads\/sites\/4\/Premier-League-Futbol-Resultados-Prediccion-m.png\" alt=\"Premier-League-Futbol-Resultados-Prediccion\" width=\"37\" height=\"50\" \/>\u00a0\u00a0\u00a0\u00a0 <img loading=\"lazy\" class=\"alignnone size-full wp-image-1853\" src=\"http:\/\/dataminingsoccer.com\/es\/wp-content\/uploads\/sites\/4\/FA-Cup.png\" alt=\"FA-Cup\" width=\"35\" height=\"50\" \/><\/p>\n<p>Los ganadores de t\u00edtulos hist\u00f3ricos de la\u00a0<a title=\"Premier League 2014\/15\" href=\"http:\/\/dataminingsoccer.com\/es\/inglaterra\/pronosticos-premier-league\/premier-league-2015-2016\/\">[Premier League]<\/a> en\u00a0Inglaterra y el n\u00famero de campeonatos ganados en un vistazo:<\/p>\n<p>Manchester United\u00a0\u00a0 (20)<br \/>\nFC Liverpool\u00a0\u00a0 (18)<br \/>\nFC Arsenal\u00a0\u00a0 (13)<br \/>\nFC Everton \u00a0 (9)<br \/>\nAston Villa\u00a0\u00a0 (7)<br \/>\nAFC Sunderland\u00a0\u00a0 (6)<br \/>\nFC Chelsea\u00a0\u00a0 (5)\u00a0\u00a0<img loading=\"lazy\" class=\"alignnone size-full wp-image-184\" src=\"http:\/\/dataminingsoccer.com\/es\/wp-content\/uploads\/sites\/4\/Premier-League-Futbol-Resultados-Prediccion-s.png\" alt=\"Premier-League-Futbol-Resultados-Prediccion\" width=\"23\" height=\"25\" \/> \u00a0 (campe\u00f3n actual)<br \/>\nNewcastle United\u00a0\u00a0 (4)<br \/>\nManchester City \u00a0 (4)<br \/>\nTottenham Hotspur\u00a0\u00a0 (2)<br \/>\nWest Bromwich Albion \u00a0 (1)<\/p>\n<p><img loading=\"lazy\" class=\"alignnone size-full wp-image-183\" src=\"http:\/\/dataminingsoccer.com\/es\/wp-content\/uploads\/sites\/4\/Premier-League-Futbol-Resultados-Prediccion-m.png\" alt=\"Premier-League-Futbol-Resultados-Prediccion\" width=\"37\" height=\"50\" \/>\u00a0\u00a0\u00a0\u00a0 <img loading=\"lazy\" class=\"alignnone size-full wp-image-1853\" src=\"http:\/\/dataminingsoccer.com\/es\/wp-content\/uploads\/sites\/4\/FA-Cup.png\" alt=\"FA-Cup\" width=\"35\" height=\"50\" \/><\/p>\n<p>Los ganadores de t\u00edtulos hist\u00f3ricos de la copa <a href=\"http:\/\/dataminingsoccer.com\/es\/inglaterra\/pronosticos-premier-league\/fa-cup-2015-2016\/\">[&#8216;FA Cup&#8217;]<\/a> en\u00a0Inglaterra:<\/p>\n<p>FC Arsenal\u00a0\u00a0 (12)\u00a0\u00a0 <img loading=\"lazy\" class=\"alignnone size-full wp-image-1852\" src=\"http:\/\/dataminingsoccer.com\/es\/wp-content\/uploads\/sites\/4\/FA-Cup-s.png\" alt=\"FA-Cup\" width=\"18\" height=\"26\" \/>\u00a0\u00a0 (campe\u00f3n actual)<br \/>\nManchester United\u00a0\u00a0 (11)<br \/>\nTottenham Hotspur\u00a0\u00a0 (8)<br \/>\nFC Liverpool\u00a0\u00a0 (7)<br \/>\nFC Chelsea\u00a0\u00a0 (7)<br \/>\nAston Villa\u00a0\u00a0 (7)<br \/>\nNewcastle United\u00a0\u00a0 (6)<br \/>\nBlackburn Rovers\u00a0\u00a0 (6)<br \/>\nFC Everton\u00a0\u00a0 (5)<br \/>\nWest Bromwich Albion\u00a0\u00a0 (5)<br \/>\nManchester City\u00a0\u00a0 (5)<br \/>\nWanderers FC\u00a0\u00a0 (5)<br \/>\nWolverhampton Wanderers\u00a0\u00a0 (4)<br \/>\nBolton Wanderers\u00a0\u00a0 (4)<br \/>\nSheffield United\u00a0\u00a0 (4)<br \/>\nSheffield Wednesday\u00a0\u00a0 (3)<br \/>\nWest Ham United\u00a0\u00a0 (3)<br \/>\nPreston North End\u00a0\u00a0 (2)<br \/>\nOld Etonians\u00a0\u00a0 (2)<br \/>\nFC Portsmouth\u00a0\u00a0 (2)<br \/>\nAFC Sunderland\u00a0\u00a0 (2)<br \/>\nNottingham Forest\u00a0\u00a0 (2)<br \/>\nFC Bury\u00a0\u00a0 (2)<br \/>\nHuddersfield Town\u00a0\u00a0 (1)<br \/>\nFC Southampton\u00a0\u00a0 (1)<br \/>\nLeeds United\u00a0\u00a0 (1)<br \/>\nDerby County\u00a0\u00a0 (1)<br \/>\nRoyal Engineers AFC\u00a0\u00a0 (1)<br \/>\nOxford University\u00a0\u00a0 (1)<br \/>\nFC Blackpool\u00a0\u00a0 (1)<br \/>\nCardiff City\u00a0\u00a0 (1)<br \/>\nFC Burnley\u00a0\u00a0 (1)<br \/>\nCharlton Athletic\u00a0\u00a0 (1)<br \/>\nFC Barnsley\u00a0\u00a0 (1)<br \/>\nNotts County\u00a0\u00a0 (1)<br \/>\nClapham Rovers\u00a0\u00a0 (1)<br \/>\nWigan Athletic\u00a0\u00a0 (1)<br \/>\nFC Wimbledon\u00a0\u00a0 (1)<br \/>\nCoventry City\u00a0\u00a0 (1)<br \/>\nIpswich Town\u00a0\u00a0 (1)<br \/>\nBradford City\u00a0\u00a0 (1)<br \/>\nBlackburn Olympic\u00a0\u00a0 (1)<br \/>\nOld Carthusians\u00a0\u00a0 (1)<\/p>\n<p><img loading=\"lazy\" class=\"alignnone size-full wp-image-183\" src=\"http:\/\/dataminingsoccer.com\/es\/wp-content\/uploads\/sites\/4\/Premier-League-Futbol-Resultados-Prediccion-m.png\" alt=\"Premier-League-Futbol-Resultados-Prediccion\" width=\"37\" height=\"50\" \/>\u00a0\u00a0\u00a0\u00a0 <img loading=\"lazy\" class=\"alignnone size-full wp-image-1853\" src=\"http:\/\/dataminingsoccer.com\/es\/wp-content\/uploads\/sites\/4\/FA-Cup.png\" alt=\"FA-Cup\" width=\"35\" height=\"50\" \/><\/p>\n<p>Los ganadores de t\u00edtulos hist\u00f3ricos de la copa &#8216;League Cup&#8217; en\u00a0Inglaterra:<\/p>\n<p>FC Liverpool\u00a0\u00a0 (8)<br \/>\nAston Villa\u00a0\u00a0 (5)<br \/>\nFC Chelsea\u00a0\u00a0 (5)\u00a0\u00a0\u00a0<img loading=\"lazy\" class=\"alignnone size-full wp-image-1852\" src=\"http:\/\/dataminingsoccer.com\/es\/wp-content\/uploads\/sites\/4\/FA-Cup-s.png\" alt=\"FA-Cup\" width=\"18\" height=\"26\" \/>\u00a0\u00a0 (campe\u00f3n actual)<br \/>\nManchester United\u00a0\u00a0 (4)<br \/>\nTottenham Hotspur\u00a0\u00a0 (4)<br \/>\nNottingham Forest\u00a0\u00a0 (4)<br \/>\nLeicester City\u00a0\u00a0 (3)<br \/>\nManchester City\u00a0\u00a0 (3)<br \/>\nFC Arsenal\u00a0\u00a0 (2)<br \/>\nNorwich City\u00a0\u00a0 (2)<br \/>\nBirmingham City\u00a0\u00a0 (2)<br \/>\nWolverhampton Wanderers\u00a0\u00a0 (2)<\/p>\n<p><img loading=\"lazy\" class=\"alignnone size-full wp-image-183\" src=\"http:\/\/dataminingsoccer.com\/es\/wp-content\/uploads\/sites\/4\/Premier-League-Futbol-Resultados-Prediccion-m.png\" alt=\"Premier-League-Futbol-Resultados-Prediccion\" width=\"37\" height=\"50\" \/>\u00a0\u00a0\u00a0\u00a0 <img loading=\"lazy\" class=\"alignnone size-full wp-image-1853\" src=\"http:\/\/dataminingsoccer.com\/es\/wp-content\/uploads\/sites\/4\/FA-Cup.png\" alt=\"FA-Cup\" width=\"35\" height=\"50\" \/><\/p>\n","protected":false},"excerpt":{"rendered":"<p>Resultados de F\u00fatbol: Pron\u00f3sticos utilizando Data Mining\u00a0\u00a0\u00a0\u00a0 En Inglaterra calculamos [pron\u00f3sticos], [estad\u00edsticas por equipo] y [\u00edndices de \u00e9xito] para las competici\u00f3nes siguientes: [pron\u00f3sticos] [estad\u00edsticas por equipo] [nuestros \u00edndices de \u00e9xito] [Premier League 2015\/16] [Premier League 2015\/16] [Premier League 2015\/16] [FA Cup 2015\/16] [antes] [antes] [antes] Pron\u00f3sticos de resultados de f\u00fatbol utilizando\u00a0data mining para Inglaterra @ &hellip; <a href=\"https:\/\/dataminingsoccer.com\/es\/inglaterra\/\" class=\"more-link\">Seguir leyendo <span class=\"screen-reader-text\">Inglaterra<\/span> <span class=\"meta-nav\">&rarr;<\/span><\/a><\/p>\n","protected":false},"author":5,"featured_media":0,"parent":0,"menu_order":11,"comment_status":"closed","ping_status":"closed","template":"","meta":[],"yoast_head":"<!-- This site is optimized with the Yoast SEO plugin v14.8 - https:\/\/yoast.com\/wordpress\/plugins\/seo\/ -->\n<meta name=\"description\" content=\"F\u00fatbol ingl\u00e9s. Visi\u00f3n hist\u00f3rica de los campeonatos de la Premier League. Pron\u00f3sticos de f\u00fatbol con resultados de miner\u00eda de datos.\" \/>\n<meta name=\"robots\" content=\"index, follow\" \/>\n<meta name=\"googlebot\" content=\"index, follow, max-snippet:-1, max-image-preview:large, max-video-preview:-1\" \/>\n<meta name=\"bingbot\" content=\"index, follow, max-snippet:-1, max-image-preview:large, max-video-preview:-1\" \/>\n<link rel=\"canonical\" href=\"http:\/\/dataminingsoccer.com\/es\/inglaterra\/\" \/>\n<script type=\"application\/ld+json\" class=\"yoast-schema-graph\">{\"@context\":\"https:\/\/schema.org\",\"@graph\":[{\"@type\":\"WebSite\",\"@id\":\"https:\/\/dataminingsoccer.com\/es\/#website\",\"url\":\"https:\/\/dataminingsoccer.com\/es\/\",\"name\":\"Pron\\u00f3sticos de Resultados de F\\u00fatbol\",\"description\":\"basado sobre an\\u00e1lisis estad\\u00edsticos utilizando data mining.. Amamos el f\\u00fatbol! Y nos encantan los juegos con n\\u00fameros!\",\"potentialAction\":[{\"@type\":\"SearchAction\",\"target\":\"https:\/\/dataminingsoccer.com\/es\/?s={search_term_string}\",\"query-input\":\"required name=search_term_string\"}],\"inLanguage\":\"es\"},{\"@type\":\"ImageObject\",\"@id\":\"http:\/\/dataminingsoccer.com\/es\/inglaterra\/#primaryimage\",\"inLanguage\":\"es\",\"url\":\"http:\/\/dataminingsoccer.com\/es\/wp-content\/uploads\/sites\/4\/Premier-League-Futbol-Resultados-Prediccion-m.png\"},{\"@type\":\"WebPage\",\"@id\":\"http:\/\/dataminingsoccer.com\/es\/inglaterra\/#webpage\",\"url\":\"http:\/\/dataminingsoccer.com\/es\/inglaterra\/\",\"name\":\"Inglaterra - Pron\\u00f3sticos de Resultados de F\\u00fatbol\",\"isPartOf\":{\"@id\":\"https:\/\/dataminingsoccer.com\/es\/#website\"},\"primaryImageOfPage\":{\"@id\":\"http:\/\/dataminingsoccer.com\/es\/inglaterra\/#primaryimage\"},\"datePublished\":\"2013-09-11T23:28:09+00:00\",\"dateModified\":\"2015-06-25T17:07:16+00:00\",\"description\":\"F\\u00fatbol ingl\\u00e9s. Visi\\u00f3n hist\\u00f3rica de los campeonatos de la Premier League. Pron\\u00f3sticos de f\\u00fatbol con resultados de miner\\u00eda de datos.\",\"inLanguage\":\"es\",\"potentialAction\":[{\"@type\":\"ReadAction\",\"target\":[\"http:\/\/dataminingsoccer.com\/es\/inglaterra\/\"]}]}]}<\/script>\n<!-- \/ Yoast SEO plugin. -->","_links":{"self":[{"href":"https:\/\/dataminingsoccer.com\/es\/wp-json\/wp\/v2\/pages\/10"}],"collection":[{"href":"https:\/\/dataminingsoccer.com\/es\/wp-json\/wp\/v2\/pages"}],"about":[{"href":"https:\/\/dataminingsoccer.com\/es\/wp-json\/wp\/v2\/types\/page"}],"author":[{"embeddable":true,"href":"https:\/\/dataminingsoccer.com\/es\/wp-json\/wp\/v2\/users\/5"}],"replies":[{"embeddable":true,"href":"https:\/\/dataminingsoccer.com\/es\/wp-json\/wp\/v2\/comments?post=10"}],"version-history":[{"count":16,"href":"https:\/\/dataminingsoccer.com\/es\/wp-json\/wp\/v2\/pages\/10\/revisions"}],"predecessor-version":[{"id":2807,"href":"https:\/\/dataminingsoccer.com\/es\/wp-json\/wp\/v2\/pages\/10\/revisions\/2807"}],"wp:attachment":[{"href":"https:\/\/dataminingsoccer.com\/es\/wp-json\/wp\/v2\/media?parent=10"}],"curies":[{"name":"wp","href":"https:\/\/api.w.org\/{rel}","templated":true}]}}