{"id":33,"date":"2013-09-12T02:41:16","date_gmt":"2013-09-12T00:41:16","guid":{"rendered":"http:\/\/dataminingsoccer.com\/en\/?page_id=33"},"modified":"2016-06-06T00:29:33","modified_gmt":"2016-06-05T22:29:33","slug":"world-cup-and-euro-cup","status":"publish","type":"page","link":"https:\/\/dataminingsoccer.com\/en\/world-cup-and-euro-cup\/","title":{"rendered":"World &#038; Euro Cup"},"content":{"rendered":"<h2>Football Result Predictions using Data Mining<\/h2><p style=\"text-align: justify;\">Via the links below (or the menu bar) you can get the data mining predictions and real results for the<\/p>\n<p style=\"text-align: justify;\"><img loading=\"lazy\" class=\"alignnone size-full wp-image-3055\" src=\"http:\/\/dataminingsoccer.com\/en\/wp-content\/uploads\/sites\/3\/Euro-Cup-2016-France-Football-Result-Predictions-s.png\" alt=\"Euro-Cup-2016-France-Football-Result-Predictions\" width=\"25\" height=\"25\" \/> <a href=\"http:\/\/dataminingsoccer.com\/en\/world-cup-and-euro-cup\/predictions\/european-championship-2016\/\">[European Football Championship 2016 in France]<br \/>\n<\/a><img loading=\"lazy\" class=\"alignnone size-full wp-image-3077\" src=\"http:\/\/dataminingsoccer.com\/en\/wp-content\/uploads\/sites\/3\/Copa-America-2016-USA-football-result-prediction-s.png\" alt=\"Copa-America-2016-USA-football-result-prediction\" width=\"25\" height=\"25\" \/> <a href=\"http:\/\/dataminingsoccer.com\/en\/world-cup-and-euro-cup\/predictions\/copa-america-2016\/\">[Copa Am\u00e9rica in the USA]<\/a><br \/>\n<img loading=\"lazy\" class=\"alignnone size-full wp-image-187\" src=\"http:\/\/dataminingsoccer.com\/en\/wp-content\/uploads\/sites\/3\/World-Cup-2014-Brazil-Football-Result-Predictions-s.png\" alt=\"World-Cup-2014-Brazil-Football-Result-Predictions\" width=\"19\" height=\"25\" \/>\u00a0<a title=\"World Championship 2014\" href=\"http:\/\/dataminingsoccer.com\/en\/world-cup-and-euro-cup\/world-championship-2014\/\">[Football World Cup 2014 in Brazil]<\/a><br \/>\n<img loading=\"lazy\" class=\"alignnone size-full wp-image-173\" src=\"http:\/\/dataminingsoccer.com\/en\/wp-content\/uploads\/sites\/3\/Euro-Cup-2012-Poland-Ukraine-Football-Result-Predictions-s.png\" alt=\"Euro-Cup-2012-Poland-Ukraine-Football-Result-Predictions\" width=\"28\" height=\"25\" \/>\u00a0<a title=\"European Championship 2012\" href=\"http:\/\/dataminingsoccer.com\/en\/world-cup-and-euro-cup\/european-championship-2012\/\">[European Football Championship 2012 in Poland and Ukraine]<\/a><br \/>\n<img loading=\"lazy\" class=\"alignnone size-full wp-image-185\" src=\"http:\/\/dataminingsoccer.com\/en\/wp-content\/uploads\/sites\/3\/World-Cup-2010-South-Africa-Football-Result-Predictions-s.png\" alt=\"World-Cup-2010-South-Africa-Football-Result-Predictions\" width=\"22\" height=\"25\" \/>\u00a0<a title=\"World Championship 2010\" href=\"http:\/\/dataminingsoccer.com\/en\/world-cup-and-euro-cup\/world-championship-2010\/\">[Football World Cup 2010 in South Africa]<\/a><\/p>\n<p style=\"text-align: justify;\">World champions and the number world titles the teams won:<\/p>\n<p>Brazil\u00a0\u00a0 (5)\u00a0\u00a0 *****<br \/>\nItaly \u00a0 (4)\u00a0\u00a0 ****<br \/>\nGermany \u00a0 (4)\u00a0\u00a0 ****\u00a0\u00a0 <img loading=\"lazy\" class=\"alignnone size-full wp-image-1987\" src=\"http:\/\/dataminingsoccer.com\/en\/wp-content\/uploads\/sites\/3\/World-Championship-Cup-Trophy-s.jpg\" alt=\"World-Championship-Cup-Trophy\" width=\"12\" height=\"26\" \/>\u00a0\u00a0 (current champion)<br \/>\nArgentina \u00a0 (2)\u00a0\u00a0 **<br \/>\nUruguay \u00a0 (2)\u00a0\u00a0 **<br \/>\nFrance \u00a0 (1)\u00a0\u00a0 *<br \/>\nEngland\u00a0\u00a0 (1)\u00a0\u00a0 *<br \/>\nSpain \u00a0 (1)\u00a0\u00a0 *<\/p>\n<p>European champions and the number of European titles these teams won:<\/p>\n<p>Germany\u00a0\u00a0 (3)<br \/>\nSpain\u00a0\u00a0 (3)\u00a0\u00a0 <img loading=\"lazy\" class=\"alignnone size-full wp-image-1986\" src=\"http:\/\/dataminingsoccer.com\/en\/wp-content\/uploads\/sites\/3\/European-Championship-Cup-Trophy-s.jpg\" alt=\"European-Championship-Cup-Trophy\" width=\"14\" height=\"25\" \/>\u00a0\u00a0 (current champion)<br \/>\nFrance \u00a0 (2)<br \/>\nSoviet Union \u00a0 (1)<br \/>\nItaly \u00a0 (1)<br \/>\nCzechoslovakia \u00a0 (1)<br \/>\nNetherlands\u00a0\u00a0 (1)<br \/>\nDenmark \u00a0 (1)<br \/>\nGreece\u00a0\u00a0 (1)<\/p>\n<p>The winners of the Copa Am\u00e9rica and their numberof titles won:<\/p>\n<p>Uruguay \u00a0 (15)<br \/>\nArgentina \u00a0 (14)<br \/>\nBrazil \u00a0 (8)<br \/>\nParaguay \u00a0 (2)<br \/>\nPeru \u00a0 (2)<br \/>\nChile \u00a0 (1)\u00a0\u00a0\u00a0<img loading=\"lazy\" class=\"alignnone size-full wp-image-3122\" src=\"http:\/\/dataminingsoccer.com\/en\/wp-content\/uploads\/sites\/3\/Copa-America-Cup-s.png\" alt=\"Copa-America-Cup\" width=\"11\" height=\"26\" \/>\u00a0\u00a0 (current champion)<br \/>\nColombia \u00a0 (1)<br \/>\nBolivia \u00a0 (1)<\/p>\n<p style=\"text-align: justify;\">By the way, in our section <a title=\"Data Download\" href=\"http:\/\/dataminingsoccer.com\/en\/data-download\/\">[data download]<\/a> you can get the data of each and every match of all European Championships and World Cups as free csv (or Excel) download.<\/p>\n<p><img loading=\"lazy\" class=\"alignnone size-full wp-image-3055\" src=\"http:\/\/dataminingsoccer.com\/en\/wp-content\/uploads\/sites\/3\/Euro-Cup-2016-France-Football-Result-Predictions-s.png\" alt=\"Euro-Cup-2016-France-Football-Result-Predictions\" width=\"25\" height=\"25\" \/> <a href=\"http:\/\/dataminingsoccer.com\/en\/world-cup-and-euro-cup\/predictions\/european-championship-2016\/\">[European Football Championship 2016 in France]<br \/>\n<\/a><img loading=\"lazy\" class=\"alignnone size-full wp-image-3077\" src=\"http:\/\/dataminingsoccer.com\/en\/wp-content\/uploads\/sites\/3\/Copa-America-2016-USA-football-result-prediction-s.png\" alt=\"Copa-America-2016-USA-football-result-prediction\" width=\"25\" height=\"25\" \/> <a href=\"http:\/\/dataminingsoccer.com\/en\/world-cup-and-euro-cup\/predictions\/copa-america-2016\/\">[Copa Am\u00e9rica in the USA]<\/a><br \/>\n<img loading=\"lazy\" class=\"alignnone size-full wp-image-187\" src=\"http:\/\/dataminingsoccer.com\/en\/wp-content\/uploads\/sites\/3\/World-Cup-2014-Brazil-Football-Result-Predictions-s.png\" alt=\"World-Cup-2014-Brazil-Football-Result-Predictions\" width=\"19\" height=\"25\" \/>\u00a0<a title=\"World Championship 2014\" href=\"http:\/\/dataminingsoccer.com\/en\/world-cup-and-euro-cup\/world-championship-2014\/\">[Football World Cup 2014 in Brazil]<\/a><br \/>\n<img loading=\"lazy\" class=\"alignnone size-full wp-image-173\" src=\"http:\/\/dataminingsoccer.com\/en\/wp-content\/uploads\/sites\/3\/Euro-Cup-2012-Poland-Ukraine-Football-Result-Predictions-s.png\" alt=\"Euro-Cup-2012-Poland-Ukraine-Football-Result-Predictions\" width=\"28\" height=\"25\" \/>\u00a0<a title=\"European Championship 2012\" href=\"http:\/\/dataminingsoccer.com\/en\/world-cup-and-euro-cup\/european-championship-2012\/\">[European Football Championship 2012 in Poland and Ukraine]<\/a><br \/>\n<img loading=\"lazy\" class=\"alignnone size-full wp-image-185\" src=\"http:\/\/dataminingsoccer.com\/en\/wp-content\/uploads\/sites\/3\/World-Cup-2010-South-Africa-Football-Result-Predictions-s.png\" alt=\"World-Cup-2010-South-Africa-Football-Result-Predictions\" width=\"22\" height=\"25\" \/>\u00a0<a title=\"World Championship 2010\" href=\"http:\/\/dataminingsoccer.com\/en\/world-cup-and-euro-cup\/world-championship-2010\/\">[Football World Cup 2010 in South Africa]<\/a><\/p>\n","protected":false},"excerpt":{"rendered":"<p>Football Result Predictions using Data MiningVia the links below (or the menu bar) you can get the data mining predictions and real results for the [European Football Championship 2016 in France] [Copa Am\u00e9rica in the USA] \u00a0[Football World Cup 2014 in Brazil] \u00a0[European Football Championship 2012 in Poland and Ukraine] \u00a0[Football World Cup 2010 in &hellip; <a href=\"https:\/\/dataminingsoccer.com\/en\/world-cup-and-euro-cup\/\" class=\"more-link\">Continue reading <span class=\"screen-reader-text\">World &#038; Euro Cup<\/span> <span class=\"meta-nav\">&rarr;<\/span><\/a><\/p>\n","protected":false},"author":4,"featured_media":0,"parent":0,"menu_order":3,"comment_status":"closed","ping_status":"closed","template":"","meta":[],"yoast_head":"<!-- This site is optimized with the Yoast SEO plugin v14.8 - https:\/\/yoast.com\/wordpress\/plugins\/seo\/ -->\n<meta name=\"description\" content=\"Fussball Ergebnis-Vorhersagen der Weltmeisterschaften und Europameisterschaften. \u00dcberblick \u00fcber alle WM-Titeltr\u00e4ger und EM-Gewinner.\" \/>\n<meta name=\"robots\" content=\"index, follow\" \/>\n<meta name=\"googlebot\" content=\"index, follow, max-snippet:-1, max-image-preview:large, max-video-preview:-1\" \/>\n<meta name=\"bingbot\" content=\"index, follow, max-snippet:-1, max-image-preview:large, max-video-preview:-1\" \/>\n<link rel=\"canonical\" href=\"http:\/\/dataminingsoccer.com\/en\/world-cup-and-euro-cup\/\" \/>\n<script type=\"application\/ld+json\" class=\"yoast-schema-graph\">{\"@context\":\"https:\/\/schema.org\",\"@graph\":[{\"@type\":\"WebSite\",\"@id\":\"https:\/\/dataminingsoccer.com\/en\/#website\",\"url\":\"https:\/\/dataminingsoccer.com\/en\/\",\"name\":\"Football Result Predictions\",\"description\":\"based on statistical analyses using data mining.. We love football! We love number games!\",\"potentialAction\":[{\"@type\":\"SearchAction\",\"target\":\"https:\/\/dataminingsoccer.com\/en\/?s={search_term_string}\",\"query-input\":\"required name=search_term_string\"}],\"inLanguage\":\"en-US\"},{\"@type\":\"ImageObject\",\"@id\":\"http:\/\/dataminingsoccer.com\/en\/world-cup-and-euro-cup\/#primaryimage\",\"inLanguage\":\"en-US\",\"url\":\"http:\/\/dataminingsoccer.com\/en\/wp-content\/uploads\/sites\/3\/Euro-Cup-2016-France-Football-Result-Predictions-s.png\"},{\"@type\":\"WebPage\",\"@id\":\"http:\/\/dataminingsoccer.com\/en\/world-cup-and-euro-cup\/#webpage\",\"url\":\"http:\/\/dataminingsoccer.com\/en\/world-cup-and-euro-cup\/\",\"name\":\"World & Euro Cup - Football Result Predictions\",\"isPartOf\":{\"@id\":\"https:\/\/dataminingsoccer.com\/en\/#website\"},\"primaryImageOfPage\":{\"@id\":\"http:\/\/dataminingsoccer.com\/en\/world-cup-and-euro-cup\/#primaryimage\"},\"datePublished\":\"2013-09-12T00:41:16+00:00\",\"dateModified\":\"2016-06-05T22:29:33+00:00\",\"description\":\"Fussball Ergebnis-Vorhersagen der Weltmeisterschaften und Europameisterschaften. \\u00dcberblick \\u00fcber alle WM-Titeltr\\u00e4ger und EM-Gewinner.\",\"inLanguage\":\"en-US\",\"potentialAction\":[{\"@type\":\"ReadAction\",\"target\":[\"http:\/\/dataminingsoccer.com\/en\/world-cup-and-euro-cup\/\"]}]}]}<\/script>\n<!-- \/ Yoast SEO plugin. -->","_links":{"self":[{"href":"https:\/\/dataminingsoccer.com\/en\/wp-json\/wp\/v2\/pages\/33"}],"collection":[{"href":"https:\/\/dataminingsoccer.com\/en\/wp-json\/wp\/v2\/pages"}],"about":[{"href":"https:\/\/dataminingsoccer.com\/en\/wp-json\/wp\/v2\/types\/page"}],"author":[{"embeddable":true,"href":"https:\/\/dataminingsoccer.com\/en\/wp-json\/wp\/v2\/users\/4"}],"replies":[{"embeddable":true,"href":"https:\/\/dataminingsoccer.com\/en\/wp-json\/wp\/v2\/comments?post=33"}],"version-history":[{"count":15,"href":"https:\/\/dataminingsoccer.com\/en\/wp-json\/wp\/v2\/pages\/33\/revisions"}],"predecessor-version":[{"id":3126,"href":"https:\/\/dataminingsoccer.com\/en\/wp-json\/wp\/v2\/pages\/33\/revisions\/3126"}],"wp:attachment":[{"href":"https:\/\/dataminingsoccer.com\/en\/wp-json\/wp\/v2\/media?parent=33"}],"curies":[{"name":"wp","href":"https:\/\/api.w.org\/{rel}","templated":true}]}}