{"id":2185,"date":"2014-07-03T01:09:29","date_gmt":"2014-07-02T23:09:29","guid":{"rendered":"http:\/\/dataminingsoccer.com\/de\/?page_id=2185"},"modified":"2014-07-16T23:13:46","modified_gmt":"2014-07-16T21:13:46","slug":"videos-von-dritt-quellen","status":"publish","type":"page","link":"https:\/\/dataminingsoccer.com\/de\/videos\/videos-von-dritt-quellen\/","title":{"rendered":"Videos von Dritt-Quellen"},"content":{"rendered":"<h2>Infotainment-Videos zu den Themen Fu\u00dfball und Statistik<\/h2><p style=\"text-align: justify;\">Nachstehend findest du eine Reihe unterhaltsamen Infotainment-Videos zu den Themen Fu\u00dfball und Statistik von Dritt-Quellen.<\/p>\n<p style=\"text-align: justify;\">Wir versuchen \u00fcbrigens stets alle Urheber ordnungsgem\u00e4\u00df zu nennen. Falls dir eine von uns noch nicht hinreichend benannte Quelle auff\u00e4llt sind wir f\u00fcr einen Hinweis \u00fcber <a title=\"Kontakt\" href=\"http:\/\/dataminingsoccer.com\/de\/kontakt\/\">[Kontakt]<\/a> dankbar.<\/p>\n<p style=\"text-align: justify;\">Lego Champions League 2012-2013, Finale Borussia Dortmund &#8211; Bayern M\u00fcnchen (Englisch):<\/p>\n<p><iframe src=\"\/\/www.youtube-nocookie.com\/embed\/jnm6sJsbkOk?rel=0\" width=\"640\" height=\"360\" frameborder=\"0\" allowfullscreen=\"allowfullscreen\"><\/iframe><\/p>\n<p style=\"text-align: justify;\">Quelle\/ Urheber: The Guardian Brick-by-Brick @ Youtube<\/p>\n<p style=\"text-align: justify;\">Lego WM-Endspiel 1966 England &#8211; Deutschland (Englisch):<\/p>\n<p><iframe src=\"\/\/www.youtube-nocookie.com\/embed\/c7DIf1Z-CPQ?rel=0\" width=\"640\" height=\"360\" frameborder=\"0\" allowfullscreen=\"allowfullscreen\"><\/iframe><\/p>\n<p style=\"text-align: justify;\">Quelle\/ Urheber: The Guardian Brick-by-Brick @ Youtube<\/p>\n<p><a title=\"Videos von Dritt-Quellen\" href=\"http:\/\/dataminingsoccer.com\/de\/videos\/videos-von-dritt-quellen\/\"><img loading=\"lazy\" class=\"alignnone size-full wp-image-731\" src=\"http:\/\/dataminingsoccer.com\/de\/wp-content\/uploads\/sites\/2\/Data-Mining-Soccer-Seitenanfang-m.png\" alt=\"Data-Mining-Soccer-Seitenanfang\" width=\"50\" height=\"50\" \/><\/a>\u00a0\u00a0\u00a0\u00a0 <a href=\"http:\/\/dataminingsoccer.com\/de\/\"><img loading=\"lazy\" class=\"alignnone size-full wp-image-724\" src=\"http:\/\/dataminingsoccer.com\/de\/wp-content\/uploads\/sites\/2\/Data-Mining-Soccer-Fussball-Ergebnis-Vorhersagen-m.png\" alt=\"Data-Mining-Soccer-Fussball-Ergebnis-Vorhersagen\" width=\"50\" height=\"50\" \/><\/a>\u00a0\u00a0\u00a0\u00a0 <a title=\"DataMiningSoccer (deutsch) @Twitter\" href=\"http:\/\/twitter.com\/DataMinSoccerDE\" target=\"_blank\"><img loading=\"lazy\" class=\"alignnone size-full wp-image-1865\" src=\"http:\/\/dataminingsoccer.com\/de\/wp-content\/uploads\/sites\/2\/Twitter-Data-Mining-Soccer.png\" alt=\"Twitter-Data-Mining-Soccer\" width=\"50\" height=\"50\" \/><\/a>\u00a0\u00a0\u00a0\u00a0 <a title=\"DataMiningSoccer (Englisch) @Facebook\" href=\"http:\/\/www.facebook.com\/dataminingsoccer\" target=\"_blank\"><img loading=\"lazy\" class=\"alignnone size-full wp-image-1861\" src=\"http:\/\/dataminingsoccer.com\/de\/wp-content\/uploads\/sites\/2\/Facebook-Data-Mining-Soccer.png\" alt=\"Facebook-Data-Mining-Soccer\" width=\"50\" height=\"50\" \/><\/a>\u00a0\u00a0\u00a0\u00a0 <a title=\"DataMiningSoccer @YouTube\" href=\"http:\/\/www.youtube.com\/channel\/UCxGBQc_ziGx_Ylgc0k94QWg\" target=\"_blank\"><img loading=\"lazy\" class=\"alignnone size-full wp-image-1867\" src=\"http:\/\/dataminingsoccer.com\/de\/wp-content\/uploads\/sites\/2\/YouTube-Data-Mining-Soccer.png\" alt=\"YouTube-Data-Mining-Soccer\" width=\"50\" height=\"50\" \/><\/a><\/p>\n","protected":false},"excerpt":{"rendered":"<p>Infotainment-Videos zu den Themen Fu\u00dfball und StatistikNachstehend findest du eine Reihe unterhaltsamen Infotainment-Videos zu den Themen Fu\u00dfball und Statistik von Dritt-Quellen. Wir versuchen \u00fcbrigens stets alle Urheber ordnungsgem\u00e4\u00df zu nennen. Falls dir eine von uns noch nicht hinreichend benannte Quelle auff\u00e4llt sind wir f\u00fcr einen Hinweis \u00fcber [Kontakt] dankbar. Lego Champions League 2012-2013, Finale Borussia &hellip; <a href=\"https:\/\/dataminingsoccer.com\/de\/videos\/videos-von-dritt-quellen\/\" class=\"more-link\"><span class=\"screen-reader-text\">Videos von Dritt-Quellen<\/span> weiterlesen <span class=\"meta-nav\">&rarr;<\/span><\/a><\/p>\n","protected":false},"author":3,"featured_media":0,"parent":2176,"menu_order":20,"comment_status":"closed","ping_status":"closed","template":"","meta":[],"yoast_head":"<!-- This site is optimized with the Yoast SEO plugin v14.8 - https:\/\/yoast.com\/wordpress\/plugins\/seo\/ -->\n<meta name=\"description\" content=\"Infotainment-Videos von Drittquellen zu unseren Kern-Themen Fussball und Statistik\" \/>\n<meta name=\"robots\" content=\"index, follow\" \/>\n<meta name=\"googlebot\" content=\"index, follow, max-snippet:-1, max-image-preview:large, max-video-preview:-1\" \/>\n<meta name=\"bingbot\" content=\"index, follow, max-snippet:-1, max-image-preview:large, max-video-preview:-1\" \/>\n<link rel=\"canonical\" href=\"https:\/\/dataminingsoccer.com\/de\/videos\/videos-von-dritt-quellen\/\" \/>\n<script type=\"application\/ld+json\" class=\"yoast-schema-graph\">{\"@context\":\"https:\/\/schema.org\",\"@graph\":[{\"@type\":\"WebSite\",\"@id\":\"https:\/\/dataminingsoccer.com\/de\/#website\",\"url\":\"https:\/\/dataminingsoccer.com\/de\/\",\"name\":\"Fu\\u00dfball-Ergebnis-Vorhersagen\",\"description\":\"basierend auf statistischen Analysen mittels Data-Mining.. Wir lieben Fu\\u00dfball! Wir lieben Zahlenspiele!\",\"potentialAction\":[{\"@type\":\"SearchAction\",\"target\":\"https:\/\/dataminingsoccer.com\/de\/?s={search_term_string}\",\"query-input\":\"required name=search_term_string\"}],\"inLanguage\":\"de\"},{\"@type\":\"ImageObject\",\"@id\":\"https:\/\/dataminingsoccer.com\/de\/videos\/videos-von-dritt-quellen\/#primaryimage\",\"inLanguage\":\"de\",\"url\":\"http:\/\/dataminingsoccer.com\/de\/wp-content\/uploads\/sites\/2\/Data-Mining-Soccer-Seitenanfang-m.png\"},{\"@type\":\"WebPage\",\"@id\":\"https:\/\/dataminingsoccer.com\/de\/videos\/videos-von-dritt-quellen\/#webpage\",\"url\":\"https:\/\/dataminingsoccer.com\/de\/videos\/videos-von-dritt-quellen\/\",\"name\":\"Videos von Dritt-Quellen - Fu\\u00dfball-Ergebnis-Vorhersagen\",\"isPartOf\":{\"@id\":\"https:\/\/dataminingsoccer.com\/de\/#website\"},\"primaryImageOfPage\":{\"@id\":\"https:\/\/dataminingsoccer.com\/de\/videos\/videos-von-dritt-quellen\/#primaryimage\"},\"datePublished\":\"2014-07-02T23:09:29+00:00\",\"dateModified\":\"2014-07-16T21:13:46+00:00\",\"description\":\"Infotainment-Videos von Drittquellen zu unseren Kern-Themen Fussball und Statistik\",\"inLanguage\":\"de\",\"potentialAction\":[{\"@type\":\"ReadAction\",\"target\":[\"https:\/\/dataminingsoccer.com\/de\/videos\/videos-von-dritt-quellen\/\"]}]}]}<\/script>\n<!-- \/ Yoast SEO plugin. -->","_links":{"self":[{"href":"https:\/\/dataminingsoccer.com\/de\/wp-json\/wp\/v2\/pages\/2185"}],"collection":[{"href":"https:\/\/dataminingsoccer.com\/de\/wp-json\/wp\/v2\/pages"}],"about":[{"href":"https:\/\/dataminingsoccer.com\/de\/wp-json\/wp\/v2\/types\/page"}],"author":[{"embeddable":true,"href":"https:\/\/dataminingsoccer.com\/de\/wp-json\/wp\/v2\/users\/3"}],"replies":[{"embeddable":true,"href":"https:\/\/dataminingsoccer.com\/de\/wp-json\/wp\/v2\/comments?post=2185"}],"version-history":[{"count":15,"href":"https:\/\/dataminingsoccer.com\/de\/wp-json\/wp\/v2\/pages\/2185\/revisions"}],"predecessor-version":[{"id":2375,"href":"https:\/\/dataminingsoccer.com\/de\/wp-json\/wp\/v2\/pages\/2185\/revisions\/2375"}],"up":[{"embeddable":true,"href":"https:\/\/dataminingsoccer.com\/de\/wp-json\/wp\/v2\/pages\/2176"}],"wp:attachment":[{"href":"https:\/\/dataminingsoccer.com\/de\/wp-json\/wp\/v2\/media?parent=2185"}],"curies":[{"name":"wp","href":"https:\/\/api.w.org\/{rel}","templated":true}]}}