{"id":1990,"date":"2014-06-18T16:09:12","date_gmt":"2014-06-18T14:09:12","guid":{"rendered":"http:\/\/dataminingsoccer.com\/de\/?page_id=1990"},"modified":"2014-07-05T02:17:57","modified_gmt":"2014-07-05T00:17:57","slug":"weltmeisterschaft-2010","status":"publish","type":"page","link":"https:\/\/dataminingsoccer.com\/de\/wm-em\/treffer-quoten\/weltmeisterschaft-2010\/","title":{"rendered":"Weltmeisterschaft 2010"},"content":{"rendered":"<h2>Unsere Treffer-Quoten (verschiedene Kategorien)<\/h2><p style=\"text-align: justify;\"><img loading=\"lazy\" class=\"alignnone size-full wp-image-1528\" src=\"http:\/\/dataminingsoccer.com\/de\/wp-content\/uploads\/sites\/2\/WM-2010-Suedafrika-Fussball-Ergebnis-Vorhersagen-m.png\" alt=\"WM-2010-Suedafrika-Fussball-Ergebnis-Vorhersagen\" width=\"46\" height=\"50\" \/>\u00a0\u00a0\u00a0\u00a0 \u00a0\u00a0\u00a0\u00a0 \u00a0\u00a0\u00a0\u00a0  \u00a0 \u00a0  \u00a0 \u00a0  \u00a0 \u00a0  \u00a0 \u00a0 <\/p>\n<p style=\"text-align: justify;\">Erfolgsquote der <strong>Ergebnis-Tendenz<\/strong> (Heim-Sieg\/ Unentschieden\/ Gast-Sieg) aller Einzelspiele bei der\u00a0Weltmeisterschaft 2010 in S\u00fcdafrika (2010-07-11):<\/p>\n<p style=\"text-align: justify;\"><script type='text\/javascript' src='https:\/\/dataminingsoccer.com\/de\/wp-content\/plugins\/easy-chart-builder\/js\/easy-chart-builder.js'><\/script>\n\n<div id=\"easyChartDivdc28001\" style='width:100%;'  style='text-align:center;' align='center'>\n<!-- Easy Chart Builder by dyerware -->\n<img id=\"easyChartDivdc28001_img\" style='text-align:center;float:center;' alt='Fussball Ergebnis Vorhersagen' title='Fussball Ergebnis Vorhersagen'  align='center' border='0' \/>\n\n<\/div>\n<script type=\"text\/javascript\">\n\/\/<![CDATA[\nwpEasyChart.wpNewChart(\"easyChartDivdc28001\", {\"type\":\"horizbar\",\"width\":\"350\",\"height\":\"65\",\"title\":\"Erfolgsquote Ergebnis-Tendenz aller Einzelspiele\",\"minaxis\":\"\",\"groupnames\":\"Zufall w\\u00e4ren \\u00f8 ~37%, Erfolgsquote unserer Vorhersage\",\"groupcolors\":\"44280c,4e9f22,f3a214,ffffff,A3A3A3,007070,00FFFF,CC7000,00CC70,CC0070,7000CC,A370CC\",\"valuenames\":\" , Erfolgsquote, \",\"group1values\":\"37\",\"group2values\":\"48\",\"group3values\":\"0,0,0\",\"group4values\":\"0,0,0\",\"group5values\":\"0,0,0\",\"group6values\":\"0,0,0\",\"group7values\":\"0,0,0\",\"group8values\":\"0,0,0\",\"group9values\":\"0,0,0\",\"group10values\":\"0,0,0\",\"group11values\":\"0,0,0\",\"group12values\":\"0,0,0\",\"group1markers\":\"\",\"group2markers\":\"\",\"group3markers\":\"\",\"group4markers\":\"\",\"group5markers\":\"\",\"group6markers\":\"\",\"group7markers\":\"\",\"group8markers\":\"\",\"group9markers\":\"\",\"group10markers\":\"\",\"group11markers\":\"\",\"group12markers\":\"\",\"markercolor\":\"FFFF00\",\"imagealtattr\":\"Fussball Ergebnis Vorhersagen\",\"imagetitleattr\":\"Fussball Ergebnis Vorhersagen\",\"hidechartdata\":true,\"chartcolor\":\"FFFFFF\",\"chartfadecolor\":\"ffffff\",\"datatablecss\":\"hentry easyChartDataTable\",\"imgstyle\":\"text-align:center;float:center;\",\"watermark\":\"\",\"watermarkvert\":\"\",\"watermarkcolor\":\"A0BAE9\",\"currency\":\"\",\"currencyright\":false,\"precision\":\"\",\"grid\":false,\"axis\":\"both\"});\n\/\/]]>\n<\/script><\/p>\n<p style=\"text-align: justify;\">48% aller Einzel-Spiele wurden mit richtiger Tendenz vorhergesagt (statistischer Zufall w\u00e4ren rund 37%: 33% f\u00fcr Gruppenspiele, 50% f\u00fcr Finalspiele).<\/p>\n<p style=\"text-align: justify;\"><img loading=\"lazy\" class=\"alignnone size-full wp-image-1528\" src=\"http:\/\/dataminingsoccer.com\/de\/wp-content\/uploads\/sites\/2\/WM-2010-Suedafrika-Fussball-Ergebnis-Vorhersagen-m.png\" alt=\"WM-2010-Suedafrika-Fussball-Ergebnis-Vorhersagen\" width=\"46\" height=\"50\" \/>\u00a0\u00a0\u00a0\u00a0 \u00a0\u00a0\u00a0\u00a0 \u00a0\u00a0\u00a0\u00a0  \u00a0 \u00a0  \u00a0 \u00a0  \u00a0 \u00a0  \u00a0 \u00a0 <\/p>\n<p style=\"text-align: justify;\">Erfolgsquote der Einzelspiele <strong>je Gruppe<\/strong> bei der\u00a0Weltmeisterschaft 2010 in S\u00fcdafrika (2010-07-11):<\/p>\n<p style=\"text-align: justify;\">\n<div id=\"easyChartDiv3abb8002\" style='width:100%;'  style='text-align:center;' align='center'>\n<!-- Easy Chart Builder by dyerware -->\n<img id=\"easyChartDiv3abb8002_img\" style='text-align:center;float:center;' alt='Fussball Ergebnis Vorhersagen' title='Fussball Ergebnis Vorhersagen'  align='center' border='0' \/>\n\n<\/div>\n<script type=\"text\/javascript\">\n\/\/<![CDATA[\nwpEasyChart.wpNewChart(\"easyChartDiv3abb8002\", {\"type\":\"vertbar\",\"width\":\"350\",\"height\":\"120\",\"title\":\"Erfolgsquote der Einzelspiele je Gruppe\",\"minaxis\":\"\",\"groupnames\":\"Zufall w\\u00e4ren \\u00f8 ~33%, Erfolgsquote unserer Vorhersage\",\"groupcolors\":\"44280c,4e9f22,f3a214,ffffff,A3A3A3,007070,00FFFF,CC7000,00CC70,CC0070,7000CC,A370CC\",\"valuenames\":\"Gruppe A , Gruppe B, Gruppe C, Gruppe D, Gruppe E, Gruppe F, Gruppe G, Gruppe H\",\"group1values\":\"33, 33, 33, 33, 33, 33, 33, 33\",\"group2values\":\"17, 67, 33, 33, 67, 50, 83, 50\",\"group3values\":\"0,0,0\",\"group4values\":\"0,0,0\",\"group5values\":\"0,0,0\",\"group6values\":\"0,0,0\",\"group7values\":\"0,0,0\",\"group8values\":\"0,0,0\",\"group9values\":\"0,0,0\",\"group10values\":\"0,0,0\",\"group11values\":\"0,0,0\",\"group12values\":\"0,0,0\",\"group1markers\":\"\",\"group2markers\":\"\",\"group3markers\":\"\",\"group4markers\":\"\",\"group5markers\":\"\",\"group6markers\":\"\",\"group7markers\":\"\",\"group8markers\":\"\",\"group9markers\":\"\",\"group10markers\":\"\",\"group11markers\":\"\",\"group12markers\":\"\",\"markercolor\":\"FFFF00\",\"imagealtattr\":\"Fussball Ergebnis Vorhersagen\",\"imagetitleattr\":\"Fussball Ergebnis Vorhersagen\",\"hidechartdata\":true,\"chartcolor\":\"FFFFFF\",\"chartfadecolor\":\"ffffff\",\"datatablecss\":\"hentry easyChartDataTable\",\"imgstyle\":\"text-align:center;float:center;\",\"watermark\":\"\",\"watermarkvert\":\"\",\"watermarkcolor\":\"A0BAE9\",\"currency\":\"\",\"currencyright\":false,\"precision\":\"\",\"grid\":false,\"axis\":\"both\"});\n\/\/]]>\n<\/script><\/p>\n<p style=\"text-align: justify;\">Alle Zahlen-Angaben in Prozent. Gesamt-Quote f\u00fcr alle Gruppenspiele: 50% (24 von 48). Statistischer Zufall w\u00e4ren rund 33% (braune Vergleichs-S\u00e4ulen). Beste Vorhersage-Qualit\u00e4t f\u00fcr Gruppe G (83%), schlechteste f\u00fcr Gruppe A (17%).<\/p>\n<p style=\"text-align: justify;\"><img loading=\"lazy\" class=\"alignnone size-full wp-image-1528\" src=\"http:\/\/dataminingsoccer.com\/de\/wp-content\/uploads\/sites\/2\/WM-2010-Suedafrika-Fussball-Ergebnis-Vorhersagen-m.png\" alt=\"WM-2010-Suedafrika-Fussball-Ergebnis-Vorhersagen\" width=\"46\" height=\"50\" \/>\u00a0\u00a0\u00a0\u00a0 \u00a0\u00a0\u00a0\u00a0 \u00a0\u00a0\u00a0\u00a0  \u00a0 \u00a0  \u00a0 \u00a0  \u00a0 \u00a0  \u00a0 \u00a0 <\/p>\n<p style=\"text-align: justify;\">Erfolgsquote <strong>vorhergesagter Gruppen-Sieger<\/strong> bei der\u00a0Weltmeisterschaft 2010 in S\u00fcdafrika (2010-07-11):<\/p>\n<p style=\"text-align: justify;\">\n<div id=\"easyChartDiv369e8003\" style='width:100%;'  style='text-align:center;' align='center'>\n<!-- Easy Chart Builder by dyerware -->\n<img id=\"easyChartDiv369e8003_img\" style='text-align:center;float:center;' alt='Fussball Ergebnis Vorhersagen' title='Fussball Ergebnis Vorhersagen'  align='center' border='0' \/>\n\n<\/div>\n<script type=\"text\/javascript\">\n\/\/<![CDATA[\nwpEasyChart.wpNewChart(\"easyChartDiv369e8003\", {\"type\":\"horizbar\",\"width\":\"350\",\"height\":\"65\",\"title\":\"Erfolgsquote vorhergesagter Gruppen-Sieger\",\"minaxis\":\"\",\"groupnames\":\"Zufall w\\u00e4ren \\u00f8 ~25%, Erfolgsquote unserer Vorhersage\",\"groupcolors\":\"44280c,4e9f22,f3a214,ffffff,A3A3A3,007070,00FFFF,CC7000,00CC70,CC0070,7000CC,A370CC\",\"valuenames\":\" , Erfolgsquote, \",\"group1values\":\"25\",\"group2values\":\"50\",\"group3values\":\"0,0,0\",\"group4values\":\"0,0,0\",\"group5values\":\"0,0,0\",\"group6values\":\"0,0,0\",\"group7values\":\"0,0,0\",\"group8values\":\"0,0,0\",\"group9values\":\"0,0,0\",\"group10values\":\"0,0,0\",\"group11values\":\"0,0,0\",\"group12values\":\"0,0,0\",\"group1markers\":\"\",\"group2markers\":\"\",\"group3markers\":\"\",\"group4markers\":\"\",\"group5markers\":\"\",\"group6markers\":\"\",\"group7markers\":\"\",\"group8markers\":\"\",\"group9markers\":\"\",\"group10markers\":\"\",\"group11markers\":\"\",\"group12markers\":\"\",\"markercolor\":\"FFFF00\",\"imagealtattr\":\"Fussball Ergebnis Vorhersagen\",\"imagetitleattr\":\"Fussball Ergebnis Vorhersagen\",\"hidechartdata\":true,\"chartcolor\":\"FFFFFF\",\"chartfadecolor\":\"ffffff\",\"datatablecss\":\"hentry easyChartDataTable\",\"imgstyle\":\"text-align:center;float:center;\",\"watermark\":\"\",\"watermarkvert\":\"\",\"watermarkcolor\":\"A0BAE9\",\"currency\":\"\",\"currencyright\":false,\"precision\":\"\",\"grid\":false,\"axis\":\"both\"});\n\/\/]]>\n<\/script><\/p>\n<p style=\"text-align: justify;\">4 von 8 Gruppen-Sieger (50%) wurden korrekt vorhergesagt (statistischer Zufall w\u00e4ren 25%).<\/p>\n<p style=\"text-align: justify;\"><img loading=\"lazy\" class=\"alignnone size-full wp-image-1528\" src=\"http:\/\/dataminingsoccer.com\/de\/wp-content\/uploads\/sites\/2\/WM-2010-Suedafrika-Fussball-Ergebnis-Vorhersagen-m.png\" alt=\"WM-2010-Suedafrika-Fussball-Ergebnis-Vorhersagen\" width=\"46\" height=\"50\" \/>\u00a0\u00a0\u00a0\u00a0 \u00a0\u00a0\u00a0\u00a0 \u00a0\u00a0\u00a0\u00a0  \u00a0 \u00a0  \u00a0 \u00a0  \u00a0 \u00a0  \u00a0 \u00a0 <\/p>\n<p style=\"text-align: justify;\">Erfolgsquote <strong>vorhergesagter Achtelfinal-Teilnehmer<\/strong>\u00a0bei der\u00a0Weltmeisterschaft 2010 in S\u00fcdafrika (2010-07-11):<\/p>\n<p style=\"text-align: justify;\">\n<div id=\"easyChartDiv382e8004\" style='width:100%;'  style='text-align:center;' align='center'>\n<!-- Easy Chart Builder by dyerware -->\n<img id=\"easyChartDiv382e8004_img\" style='text-align:center;float:center;' alt='Fussball Ergebnis Vorhersagen' title='Fussball Ergebnis Vorhersagen'  align='center' border='0' \/>\n\n<\/div>\n<script type=\"text\/javascript\">\n\/\/<![CDATA[\nwpEasyChart.wpNewChart(\"easyChartDiv382e8004\", {\"type\":\"horizbar\",\"width\":\"350\",\"height\":\"65\",\"title\":\"Erfolgsquote vorhergesagter Achtelfinal-Teilnehmer\",\"minaxis\":\"\",\"groupnames\":\"Zufall w\\u00e4ren \\u00f8 ~50%, Erfolgsquote unserer Vorhersage\",\"groupcolors\":\"44280c,4e9f22,f3a214,ffffff,A3A3A3,007070,00FFFF,CC7000,00CC70,CC0070,7000CC,A370CC\",\"valuenames\":\" , Erfolgsquote, \",\"group1values\":\"50\",\"group2values\":\"81\",\"group3values\":\"0,0,0\",\"group4values\":\"0,0,0\",\"group5values\":\"0,0,0\",\"group6values\":\"0,0,0\",\"group7values\":\"0,0,0\",\"group8values\":\"0,0,0\",\"group9values\":\"0,0,0\",\"group10values\":\"0,0,0\",\"group11values\":\"0,0,0\",\"group12values\":\"0,0,0\",\"group1markers\":\"\",\"group2markers\":\"\",\"group3markers\":\"\",\"group4markers\":\"\",\"group5markers\":\"\",\"group6markers\":\"\",\"group7markers\":\"\",\"group8markers\":\"\",\"group9markers\":\"\",\"group10markers\":\"\",\"group11markers\":\"\",\"group12markers\":\"\",\"markercolor\":\"FFFF00\",\"imagealtattr\":\"Fussball Ergebnis Vorhersagen\",\"imagetitleattr\":\"Fussball Ergebnis Vorhersagen\",\"hidechartdata\":true,\"chartcolor\":\"FFFFFF\",\"chartfadecolor\":\"ffffff\",\"datatablecss\":\"hentry easyChartDataTable\",\"imgstyle\":\"text-align:center;float:center;\",\"watermark\":\"\",\"watermarkvert\":\"\",\"watermarkcolor\":\"A0BAE9\",\"currency\":\"\",\"currencyright\":false,\"precision\":\"\",\"grid\":false,\"axis\":\"both\"});\n\/\/]]>\n<\/script><\/p>\n<p style=\"text-align: justify;\">13 von 16 Gruppen-Qualifikanten (81%) f\u00fcr das Achtelfinale wurden korrekt vorhergesagt (statistischer Zufall w\u00e4ren 50%).<\/p>\n<p style=\"text-align: justify;\"><img loading=\"lazy\" class=\"alignnone size-full wp-image-1528\" src=\"http:\/\/dataminingsoccer.com\/de\/wp-content\/uploads\/sites\/2\/WM-2010-Suedafrika-Fussball-Ergebnis-Vorhersagen-m.png\" alt=\"WM-2010-Suedafrika-Fussball-Ergebnis-Vorhersagen\" width=\"46\" height=\"50\" \/>\u00a0\u00a0\u00a0\u00a0 \u00a0\u00a0\u00a0\u00a0 \u00a0\u00a0\u00a0\u00a0  \u00a0 \u00a0  \u00a0 \u00a0  \u00a0 \u00a0  \u00a0 \u00a0 <\/p>\n<p style=\"text-align: justify;\">Erfolgsquote der Ergebnis-Tendenz (Heim-Sieg\/ Unentschieden\/ Gast-Sieg) aller <strong>Final-Spiele der KO-Runde<\/strong> bei der Weltmeisterschaft 2010 in S\u00fcdafrika (2010-07-11):<\/p>\n<p style=\"text-align: justify;\">\n<div id=\"easyChartDiv48ee8005\" style='width:100%;'  style='text-align:center;' align='center'>\n<!-- Easy Chart Builder by dyerware -->\n<img id=\"easyChartDiv48ee8005_img\" style='text-align:center;float:center;' alt='Fussball Ergebnis Vorhersagen' title='Fussball Ergebnis Vorhersagen'  align='center' border='0' \/>\n\n<\/div>\n<script type=\"text\/javascript\">\n\/\/<![CDATA[\nwpEasyChart.wpNewChart(\"easyChartDiv48ee8005\", {\"type\":\"horizbar\",\"width\":\"350\",\"height\":\"65\",\"title\":\"Erfolgsquote Ergebnis-Tendenz aller Final-Spiele der KO-Runde\",\"minaxis\":\"\",\"groupnames\":\"Zufall w\\u00e4ren \\u00f8 ~50%, Erfolgsquote unserer Vorhersage\",\"groupcolors\":\"44280c,4e9f22,f3a214,ffffff,A3A3A3,007070,00FFFF,CC7000,00CC70,CC0070,7000CC,A370CC\",\"valuenames\":\" , Erfolgsquote, \",\"group1values\":\"50\",\"group2values\":\"44\",\"group3values\":\"0,0,0\",\"group4values\":\"0,0,0\",\"group5values\":\"0,0,0\",\"group6values\":\"0,0,0\",\"group7values\":\"0,0,0\",\"group8values\":\"0,0,0\",\"group9values\":\"0,0,0\",\"group10values\":\"0,0,0\",\"group11values\":\"0,0,0\",\"group12values\":\"0,0,0\",\"group1markers\":\"\",\"group2markers\":\"\",\"group3markers\":\"\",\"group4markers\":\"\",\"group5markers\":\"\",\"group6markers\":\"\",\"group7markers\":\"\",\"group8markers\":\"\",\"group9markers\":\"\",\"group10markers\":\"\",\"group11markers\":\"\",\"group12markers\":\"\",\"markercolor\":\"FFFF00\",\"imagealtattr\":\"Fussball Ergebnis Vorhersagen\",\"imagetitleattr\":\"Fussball Ergebnis Vorhersagen\",\"hidechartdata\":true,\"chartcolor\":\"FFFFFF\",\"chartfadecolor\":\"ffffff\",\"datatablecss\":\"hentry easyChartDataTable\",\"imgstyle\":\"text-align:center;float:center;\",\"watermark\":\"\",\"watermarkvert\":\"\",\"watermarkcolor\":\"A0BAE9\",\"currency\":\"\",\"currencyright\":false,\"precision\":\"\",\"grid\":false,\"axis\":\"both\"});\n\/\/]]>\n<\/script><\/p>\n<p style=\"text-align: justify;\">44% aller Final-Spiele der KO-Runde (7 von 16) wurden mit richtiger Tendenz vorhergesagt (statistischer Zufall w\u00e4ren 50%). Basis der Analyse: das finale Ergebnis nach 90 Minuten oder gegebenenfalls nach Verl\u00e4ngerung oder Elfmeterschie\u00dfen.<\/p>\n<p style=\"text-align: justify;\"><img loading=\"lazy\" class=\"alignnone size-full wp-image-1528\" src=\"http:\/\/dataminingsoccer.com\/de\/wp-content\/uploads\/sites\/2\/WM-2010-Suedafrika-Fussball-Ergebnis-Vorhersagen-m.png\" alt=\"WM-2010-Suedafrika-Fussball-Ergebnis-Vorhersagen\" width=\"46\" height=\"50\" \/>\u00a0\u00a0\u00a0\u00a0 \u00a0\u00a0\u00a0\u00a0 \u00a0\u00a0\u00a0\u00a0  \u00a0 \u00a0  \u00a0 \u00a0  \u00a0 \u00a0  \u00a0 \u00a0 <\/p>\n<p style=\"text-align: justify;\">Die <strong>\u00dcbersicht aller vorhergesagten und realen Ergebnisse<\/strong> der WM 2010 in S\u00fcdafrika findest du auf der Seite <a title=\"Weltmeisterschaft 2010\" href=\"http:\/\/dataminingsoccer.com\/de\/wm-em\/weltmeisterschaft-2010\/\">[Weltmeisterschaft 2010]<\/a>.<\/p>\n<p style=\"text-align: justify;\"><img loading=\"lazy\" class=\"alignnone size-full wp-image-1528\" src=\"http:\/\/dataminingsoccer.com\/de\/wp-content\/uploads\/sites\/2\/WM-2010-Suedafrika-Fussball-Ergebnis-Vorhersagen-m.png\" alt=\"WM-2010-Suedafrika-Fussball-Ergebnis-Vorhersagen\" width=\"46\" height=\"50\" \/>\u00a0\u00a0\u00a0\u00a0 \u00a0\u00a0\u00a0\u00a0 \u00a0\u00a0\u00a0\u00a0  \u00a0 \u00a0  \u00a0 \u00a0  \u00a0 \u00a0  \u00a0 \u00a0 <\/p>\n<p><a title=\"Weltmeisterschaft 2010\" href=\"http:\/\/dataminingsoccer.com\/de\/wm-em\/treffer-quoten\/weltmeisterschaft-2010\/\"><img loading=\"lazy\" class=\"alignnone size-full wp-image-731\" src=\"http:\/\/dataminingsoccer.com\/de\/wp-content\/uploads\/sites\/2\/Data-Mining-Soccer-Seitenanfang-m.png\" alt=\"Data-Mining-Soccer-Seitenanfang\" width=\"50\" height=\"50\" \/><\/a>\u00a0\u00a0\u00a0\u00a0 <a href=\"http:\/\/dataminingsoccer.com\/de\/\"><img loading=\"lazy\" class=\"alignnone size-full wp-image-724\" src=\"http:\/\/dataminingsoccer.com\/de\/wp-content\/uploads\/sites\/2\/Data-Mining-Soccer-Fussball-Ergebnis-Vorhersagen-m.png\" alt=\"Data-Mining-Soccer-Fussball-Ergebnis-Vorhersagen\" width=\"50\" height=\"50\" \/><\/a>\u00a0\u00a0\u00a0\u00a0 <a title=\"DataMiningSoccer (deutsch) @Twitter\" href=\"http:\/\/twitter.com\/DataMinSoccerDE\" target=\"_blank\"><img loading=\"lazy\" class=\"alignnone size-full wp-image-1865\" src=\"http:\/\/dataminingsoccer.com\/de\/wp-content\/uploads\/sites\/2\/Twitter-Data-Mining-Soccer.png\" alt=\"Twitter-Data-Mining-Soccer\" width=\"50\" height=\"50\" \/><\/a>\u00a0\u00a0\u00a0\u00a0 <a title=\"DataMiningSoccer (Englisch) @Facebook\" href=\"http:\/\/www.facebook.com\/dataminingsoccer\" target=\"_blank\"><img loading=\"lazy\" class=\"alignnone size-full wp-image-1861\" src=\"http:\/\/dataminingsoccer.com\/de\/wp-content\/uploads\/sites\/2\/Facebook-Data-Mining-Soccer.png\" alt=\"Facebook-Data-Mining-Soccer\" width=\"50\" height=\"50\" \/><\/a><\/p>\n","protected":false},"excerpt":{"rendered":"<p>Unsere Treffer-Quoten (verschiedene Kategorien)\u00a0\u00a0\u00a0\u00a0 \u00a0\u00a0\u00a0\u00a0 \u00a0\u00a0\u00a0\u00a0 \u00a0 \u00a0 \u00a0 \u00a0 \u00a0 \u00a0 \u00a0 \u00a0 Erfolgsquote der Ergebnis-Tendenz (Heim-Sieg\/ Unentschieden\/ Gast-Sieg) aller Einzelspiele bei der\u00a0Weltmeisterschaft 2010 in S\u00fcdafrika (2010-07-11): 48% aller Einzel-Spiele wurden mit richtiger Tendenz vorhergesagt (statistischer Zufall w\u00e4ren rund 37%: 33% f\u00fcr Gruppenspiele, 50% f\u00fcr Finalspiele). \u00a0\u00a0\u00a0\u00a0 \u00a0\u00a0\u00a0\u00a0 \u00a0\u00a0\u00a0\u00a0 \u00a0 \u00a0 \u00a0 \u00a0 \u00a0 &hellip; <a href=\"https:\/\/dataminingsoccer.com\/de\/wm-em\/treffer-quoten\/weltmeisterschaft-2010\/\" class=\"more-link\"><span class=\"screen-reader-text\">Weltmeisterschaft 2010<\/span> weiterlesen <span class=\"meta-nav\">&rarr;<\/span><\/a><\/p>\n","protected":false},"author":3,"featured_media":0,"parent":1962,"menu_order":100,"comment_status":"closed","ping_status":"closed","template":"","meta":[],"yoast_head":"<!-- This site is optimized with the Yoast SEO plugin v14.8 - https:\/\/yoast.com\/wordpress\/plugins\/seo\/ -->\n<meta name=\"description\" content=\"Fussball Ergebnis-Vorhersagen f\u00fcr die Weltmeisterschaft 2010 in S\u00fcdafrika: Treffer-Quoten unserer Software f\u00fcr verschiedene Vorhersage-Kategorien.\" \/>\n<meta name=\"robots\" content=\"index, follow\" \/>\n<meta name=\"googlebot\" content=\"index, follow, max-snippet:-1, max-image-preview:large, max-video-preview:-1\" \/>\n<meta name=\"bingbot\" content=\"index, follow, max-snippet:-1, max-image-preview:large, max-video-preview:-1\" \/>\n<link rel=\"canonical\" href=\"http:\/\/dataminingsoccer.com\/de\/wm-em\/treffer-quoten\/weltmeisterschaft-2010\/\" \/>\n<script type=\"application\/ld+json\" class=\"yoast-schema-graph\">{\"@context\":\"https:\/\/schema.org\",\"@graph\":[{\"@type\":\"WebSite\",\"@id\":\"https:\/\/dataminingsoccer.com\/de\/#website\",\"url\":\"https:\/\/dataminingsoccer.com\/de\/\",\"name\":\"Fu\\u00dfball-Ergebnis-Vorhersagen\",\"description\":\"basierend auf statistischen Analysen mittels Data-Mining.. Wir lieben Fu\\u00dfball! Wir lieben Zahlenspiele!\",\"potentialAction\":[{\"@type\":\"SearchAction\",\"target\":\"https:\/\/dataminingsoccer.com\/de\/?s={search_term_string}\",\"query-input\":\"required name=search_term_string\"}],\"inLanguage\":\"de\"},{\"@type\":\"ImageObject\",\"@id\":\"http:\/\/dataminingsoccer.com\/de\/wm-em\/treffer-quoten\/weltmeisterschaft-2010\/#primaryimage\",\"inLanguage\":\"de\",\"url\":\"http:\/\/dataminingsoccer.com\/de\/wp-content\/uploads\/sites\/2\/WM-2010-Suedafrika-Fussball-Ergebnis-Vorhersagen-m.png\"},{\"@type\":\"WebPage\",\"@id\":\"http:\/\/dataminingsoccer.com\/de\/wm-em\/treffer-quoten\/weltmeisterschaft-2010\/#webpage\",\"url\":\"http:\/\/dataminingsoccer.com\/de\/wm-em\/treffer-quoten\/weltmeisterschaft-2010\/\",\"name\":\"Weltmeisterschaft 2010 - Fu\\u00dfball-Ergebnis-Vorhersagen\",\"isPartOf\":{\"@id\":\"https:\/\/dataminingsoccer.com\/de\/#website\"},\"primaryImageOfPage\":{\"@id\":\"http:\/\/dataminingsoccer.com\/de\/wm-em\/treffer-quoten\/weltmeisterschaft-2010\/#primaryimage\"},\"datePublished\":\"2014-06-18T14:09:12+00:00\",\"dateModified\":\"2014-07-05T00:17:57+00:00\",\"description\":\"Fussball Ergebnis-Vorhersagen f\\u00fcr die Weltmeisterschaft 2010 in S\\u00fcdafrika: Treffer-Quoten unserer Software f\\u00fcr verschiedene Vorhersage-Kategorien.\",\"inLanguage\":\"de\",\"potentialAction\":[{\"@type\":\"ReadAction\",\"target\":[\"http:\/\/dataminingsoccer.com\/de\/wm-em\/treffer-quoten\/weltmeisterschaft-2010\/\"]}]}]}<\/script>\n<!-- \/ Yoast SEO plugin. -->","_links":{"self":[{"href":"https:\/\/dataminingsoccer.com\/de\/wp-json\/wp\/v2\/pages\/1990"}],"collection":[{"href":"https:\/\/dataminingsoccer.com\/de\/wp-json\/wp\/v2\/pages"}],"about":[{"href":"https:\/\/dataminingsoccer.com\/de\/wp-json\/wp\/v2\/types\/page"}],"author":[{"embeddable":true,"href":"https:\/\/dataminingsoccer.com\/de\/wp-json\/wp\/v2\/users\/3"}],"replies":[{"embeddable":true,"href":"https:\/\/dataminingsoccer.com\/de\/wp-json\/wp\/v2\/comments?post=1990"}],"version-history":[{"count":13,"href":"https:\/\/dataminingsoccer.com\/de\/wp-json\/wp\/v2\/pages\/1990\/revisions"}],"predecessor-version":[{"id":2225,"href":"https:\/\/dataminingsoccer.com\/de\/wp-json\/wp\/v2\/pages\/1990\/revisions\/2225"}],"up":[{"embeddable":true,"href":"https:\/\/dataminingsoccer.com\/de\/wp-json\/wp\/v2\/pages\/1962"}],"wp:attachment":[{"href":"https:\/\/dataminingsoccer.com\/de\/wp-json\/wp\/v2\/media?parent=1990"}],"curies":[{"name":"wp","href":"https:\/\/api.w.org\/{rel}","templated":true}]}}