{"id":1203,"date":"2013-12-25T23:04:54","date_gmt":"2013-12-25T21:04:54","guid":{"rendered":"http:\/\/dataminingsoccer.com\/de\/?page_id=1203"},"modified":"2014-02-03T23:50:48","modified_gmt":"2014-02-03T21:50:48","slug":"vorhersagen-champions-league","status":"publish","type":"page","link":"https:\/\/dataminingsoccer.com\/de\/champions-league-europa-league\/vorhersagen-champions-league\/","title":{"rendered":"Vorhersagen Champions League"},"content":{"rendered":"<h2>Fussball Ergebnis Vorhersagen mittels Data Mining<\/h2><p style=\"text-align: justify;\"><img loading=\"lazy\" class=\"alignnone size-full wp-image-322\" alt=\"Champions-League-Fussball-Ergebnis-Vorhersagen\" src=\"http:\/\/dataminingsoccer.com\/de\/wp-content\/uploads\/sites\/2\/Champions-League-Fussball-Ergebnis-Vorhersagen-m.png\" width=\"52\" height=\"50\" \/><\/p>\n<p style=\"text-align: justify;\">Hier findet du f\u00fcr alle Spieltage einer Saison deiner Wahl alle vorhergesagten sowie alle realen Spielergebnisse der Champions League in Europa.<\/p>\n<p style=\"text-align: justify;\">Du erreichst die Vorhersagen und Realergebnisse entweder in der Men\u00fc-Zeile \u00fcber &gt; CL &amp; EL &gt; Vorhersage Champions League &gt; CL-Saison deiner Wahl, oder durch einen Klick auf nachfolgendes Drop-Down-Men\u00fc:<\/p>\n<p style=\"text-align: justify;\"><code><select name=\"URL\" onchange=\"JumpStart(this);\">\r\n<option disabled=\"disabled\" selected=\"selected\">Vorhersagen f\u00fcr eine Champions League Saison deiner Wahl:<\/option>\r\n<option value=\"http:\/\/dataminingsoccer.com\/de\/champions-league-europa-league\/vorhersagen-champions-league\/champions-league-2014-15\/\">Champions League 2014\/15<\/option>\r\n<\/select>\r\n<script type=\"text\/javascript\">\r\nfunction JumpStart(DropDown) {\r\nvar TargetIndex = DropDown.selectedIndex;\r\nDropDown.selectedIndex = 0;\r\nwindow.location.href = DropDown.options[TargetIndex].value;\r\n}\r\n<\/script><\/code><\/p>\n<p style=\"text-align: justify;\">Au\u00dferdem kannst du nat\u00fcrlich auch von jeder Seite dieser Webseite \u00fcber das Drop-Down-Menu \u201cHier unsere Vorhersage f\u00fcr einen Wettbewerb deiner Wahl\u201d auf der rechten Seite zu den Vorhersagen einer bestimmten Saison der Champions League in Europa gelangen.<\/p>\n<p style=\"text-align: justify;\"><img loading=\"lazy\" alt=\"Champions-League-Fussball-Ergebnis-Vorhersagen\" src=\"http:\/\/dataminingsoccer.com\/de\/wp-content\/uploads\/sites\/2\/Champions-League-Fussball-Ergebnis-Vorhersagen-m.png\" width=\"52\" height=\"50\" \/><\/p>\n","protected":false},"excerpt":{"rendered":"<p>Fussball Ergebnis Vorhersagen mittels Data Mining Hier findet du f\u00fcr alle Spieltage einer Saison deiner Wahl alle vorhergesagten sowie alle realen Spielergebnisse der Champions League in Europa. Du erreichst die Vorhersagen und Realergebnisse entweder in der Men\u00fc-Zeile \u00fcber &gt; CL &amp; EL &gt; Vorhersage Champions League &gt; CL-Saison deiner Wahl, oder durch einen Klick auf &hellip; <a href=\"https:\/\/dataminingsoccer.com\/de\/champions-league-europa-league\/vorhersagen-champions-league\/\" class=\"more-link\"><span class=\"screen-reader-text\">Vorhersagen Champions League<\/span> weiterlesen <span class=\"meta-nav\">&rarr;<\/span><\/a><\/p>\n","protected":false},"author":3,"featured_media":0,"parent":125,"menu_order":10,"comment_status":"closed","ping_status":"closed","template":"","meta":[],"yoast_head":"<!-- This site is optimized with the Yoast SEO plugin v14.8 - https:\/\/yoast.com\/wordpress\/plugins\/seo\/ -->\n<meta name=\"description\" content=\"Fussball Ergebnis-Vorhersagen f\u00fcr die Champions League (CL) in Europa basierend auf statistischen Analysen mittels einer Data-Mining Software.\" \/>\n<meta name=\"robots\" content=\"index, follow\" \/>\n<meta name=\"googlebot\" content=\"index, follow, max-snippet:-1, max-image-preview:large, max-video-preview:-1\" \/>\n<meta name=\"bingbot\" content=\"index, follow, max-snippet:-1, max-image-preview:large, max-video-preview:-1\" \/>\n<link rel=\"canonical\" href=\"http:\/\/dataminingsoccer.com\/de\/champions-league-europa-league\/vorhersagen-champions-league\/\" \/>\n<script type=\"application\/ld+json\" class=\"yoast-schema-graph\">{\"@context\":\"https:\/\/schema.org\",\"@graph\":[{\"@type\":\"WebSite\",\"@id\":\"https:\/\/dataminingsoccer.com\/de\/#website\",\"url\":\"https:\/\/dataminingsoccer.com\/de\/\",\"name\":\"Fu\\u00dfball-Ergebnis-Vorhersagen\",\"description\":\"basierend auf statistischen Analysen mittels Data-Mining.. Wir lieben Fu\\u00dfball! Wir lieben Zahlenspiele!\",\"potentialAction\":[{\"@type\":\"SearchAction\",\"target\":\"https:\/\/dataminingsoccer.com\/de\/?s={search_term_string}\",\"query-input\":\"required name=search_term_string\"}],\"inLanguage\":\"de\"},{\"@type\":\"ImageObject\",\"@id\":\"http:\/\/dataminingsoccer.com\/de\/champions-league-europa-league\/vorhersagen-champions-league\/#primaryimage\",\"inLanguage\":\"de\",\"url\":\"http:\/\/dataminingsoccer.com\/de\/wp-content\/uploads\/sites\/2\/Champions-League-Fussball-Ergebnis-Vorhersagen-m.png\"},{\"@type\":\"WebPage\",\"@id\":\"http:\/\/dataminingsoccer.com\/de\/champions-league-europa-league\/vorhersagen-champions-league\/#webpage\",\"url\":\"http:\/\/dataminingsoccer.com\/de\/champions-league-europa-league\/vorhersagen-champions-league\/\",\"name\":\"Vorhersagen Champions League - Fu\\u00dfball-Ergebnis-Vorhersagen\",\"isPartOf\":{\"@id\":\"https:\/\/dataminingsoccer.com\/de\/#website\"},\"primaryImageOfPage\":{\"@id\":\"http:\/\/dataminingsoccer.com\/de\/champions-league-europa-league\/vorhersagen-champions-league\/#primaryimage\"},\"datePublished\":\"2013-12-25T21:04:54+00:00\",\"dateModified\":\"2014-02-03T21:50:48+00:00\",\"description\":\"Fussball Ergebnis-Vorhersagen f\\u00fcr die Champions League (CL) in Europa basierend auf statistischen Analysen mittels einer Data-Mining Software.\",\"inLanguage\":\"de\",\"potentialAction\":[{\"@type\":\"ReadAction\",\"target\":[\"http:\/\/dataminingsoccer.com\/de\/champions-league-europa-league\/vorhersagen-champions-league\/\"]}]}]}<\/script>\n<!-- \/ Yoast SEO plugin. -->","_links":{"self":[{"href":"https:\/\/dataminingsoccer.com\/de\/wp-json\/wp\/v2\/pages\/1203"}],"collection":[{"href":"https:\/\/dataminingsoccer.com\/de\/wp-json\/wp\/v2\/pages"}],"about":[{"href":"https:\/\/dataminingsoccer.com\/de\/wp-json\/wp\/v2\/types\/page"}],"author":[{"embeddable":true,"href":"https:\/\/dataminingsoccer.com\/de\/wp-json\/wp\/v2\/users\/3"}],"replies":[{"embeddable":true,"href":"https:\/\/dataminingsoccer.com\/de\/wp-json\/wp\/v2\/comments?post=1203"}],"version-history":[{"count":6,"href":"https:\/\/dataminingsoccer.com\/de\/wp-json\/wp\/v2\/pages\/1203\/revisions"}],"predecessor-version":[{"id":1520,"href":"https:\/\/dataminingsoccer.com\/de\/wp-json\/wp\/v2\/pages\/1203\/revisions\/1520"}],"up":[{"embeddable":true,"href":"https:\/\/dataminingsoccer.com\/de\/wp-json\/wp\/v2\/pages\/125"}],"wp:attachment":[{"href":"https:\/\/dataminingsoccer.com\/de\/wp-json\/wp\/v2\/media?parent=1203"}],"curies":[{"name":"wp","href":"https:\/\/api.w.org\/{rel}","templated":true}]}}