{"id":48,"date":"2013-09-12T04:10:16","date_gmt":"2013-09-12T02:10:16","guid":{"rendered":"http:\/\/dataminingsoccer.com\/it\/?page_id=48"},"modified":"2018-05-20T10:24:51","modified_gmt":"2018-05-20T08:24:51","slug":"indirizzo-legale","status":"publish","type":"page","link":"http:\/\/dataminingsoccer.com\/it\/indirizzo-legale\/","title":{"rendered":"Indirizzo Legale"},"content":{"rendered":"<h2>Risultati di Calcio: Pronostici utilizzando Data Mining<\/h2><p>Responsabile per il contenuto di questo blog di Data.Mining.Soccer \u00e8:<\/p>\n<p>Thomas J. Meyer<br \/>\n@ ROGEON Verlag<br \/>\nTalstr. 106<br \/>\n73732 Esslingen a.N.<br \/>\nGermania<br \/>\nEmail: info [at] dataminingsoccer.com<\/p>\n<p style=\"text-align: justify;\">IMPORTANTE: Si declina ogni responsabilit\u00e0 per i dati ottenuti utilizzando questo sito con lo scopo di risultati della stima di infotainment!<\/p>\n<p style=\"text-align: justify;\">Siamo molto felici che sei interessata\/o a nostre previsioni di risultati di calcio e che magari le usi anche ogni tanto per le tue scommesse. Sulla base della nostra presentazione trasparente di tutti i nostri previsioni calcolate\u00a0a priori cos\u00ec come i risultati reali delle partite si pu\u00f2 oggettivamente capire che l\u2019analisi statistica fornisce un guadagno medio di informazione. E nonostante importante capire che \u2013 e rendere molto esplicito qui \u2013 che le nostre previsioni per i singoli campionati o tornei, per una particolare giornata, e soppratutto per le singole partite possono essere sbagliate, anche se il nostro dichiarato fattore di\u00a0confidenza statistica (DMS-C) \u00e8 relativamente alto. In conseguenza, dobbiamo escludere ogni responsabilit\u00e0 per l\u2019uso delle nostre previsioni.<\/p>\n<p style=\"text-align: justify;\">Altri aspetti legali<\/p>\n<p style=\"text-align: justify;\">I proprietari di questo sito sono independenti e non sono in alcun quota diritto dipendenza o in un rapporto simile a quello delle scommesse negozi e aziende simili, da un lato, o di associazioni calcistiche, le societ\u00e0 o le organizzazioni simili di ogni specie, dall\u2019altro. Lo stesso vale per le nostre relazioni con i nostri partner pubblicitari. Le previsioni di risultati di calcio su questo sito sono quindi calcolate in modo completamente indipendente, sulla base dei dati statistici a disposizione del pubblico (la cui validit\u00e0 non \u00e8 verificata dai gestori di questo sito) al fine di infotainment nei campi di calcio e le statistiche e data mining. Si prega di notare a questo proposito, tra l\u2019altro, la nostra <a title=\"Senza Responsabilit\u00e0\" href=\"http:\/\/dataminingsoccer.com\/it\/informazione-legale\/senza-responsabilita\/\">[responsabilit\u00e0 limitata]<\/a> per le previsioni di risultati calcistici che calcoliamo per scopi di infotainment.<\/p>\n<p style=\"text-align: justify;\">Questo sito \u00e8 fornito in diverse lingue per servire pi\u00f9 persone nella loro lingua madre. Al fine di raggiungere questo in modo efficiente usiamo \u2013 almeno in parte \u2013 il servizio di traduzione online di Google. Sappiamo che i risultati possono essere a volte piuttosto sub ottimale. Quindi scusiamo per eventuali disagi, formulazioni poco chiare o potenziali incomprensioni. Questo inevitabilmente comporta il fatto che dobbiamo <a title=\"Senza Responsabilit\u00e0\" href=\"http:\/\/dataminingsoccer.com\/it\/informazione-legale\/senza-responsabilita\/\">[escludere ogni responsabilit\u00e0]<\/a> per il contenuto di questo sito web infotainment.<\/p>\n<p style=\"text-align: justify;\">Tutti i contenuti di questo sito e, in particolare, le previsioni di risultati e le quote calcolate sono di propriet\u00e0 intellettuale di e-stablish business GmbH. Duplicazioni, modifiche, riutilizzo economico, e simili sono ammessi solo con il consenso esplicito della societ\u00e0 e rendendo nota DataMiningSoccer.com come fonte.<\/p>\n<p style=\"text-align: justify;\">L\u2019e-stablish affari GmbH non si assume alcuna responsabilit\u00e0 per le conclusioni che vengono effettuate sulla base delle previsioni della Data.Mining.Fox software.<\/p>\n<p style=\"text-align: justify;\">Nessuna responsabilit\u00e0 pu\u00f2 essere accettata per il contenuto delle pagine collegate (linked). Anche se questi collegamenti sono stati accuratamente selezionati, n\u00e9 il contenuto n\u00e9 il continuo cambiamento dinamico dei collegamenti secondari su questo sito possono essere costantemente controllati o influenzati. Cos\u00ec \u00e8 esclusa ogni responsabilit\u00e0 per tali contenuti.<\/p>\n<p>Informazioni sui diritti di immagine:<\/p>\n<p>(c) 8bit-football.com: 8bit immagini designed da Matheus Toscano<br \/>\n(c) DFL: logo della 1.Bundesliga<br \/>\n(c) FIFA: logo del Campionato Mondiale 2010<br \/>\n(c) FIFA:\u00a0logo\u00a0del Campionato Mondiale 2014<br \/>\n(c) LFP: logo della Ligue 1<br \/>\n(c) LFP: logo della Primera Divisi\u00f3n<br \/>\n(c) Lega Nazionale Professionisti: logo della Serie A<br \/>\n(c) Premier League: logo della Premier League<br \/>\n(c) UEFA: logo della Champions League<br \/>\n(c) UEFA: logo del Campionato Europeo 2012<br \/>\n(c) UEFA: logo della Europa League<\/p>\n","protected":false},"excerpt":{"rendered":"<p>Risultati di Calcio: Pronostici utilizzando Data MiningResponsabile per il contenuto di questo blog di Data.Mining.Soccer \u00e8: Thomas J. Meyer @ ROGEON Verlag Talstr. 106 73732 Esslingen a.N. Germania Email: info [at] dataminingsoccer.com IMPORTANTE: Si declina ogni responsabilit\u00e0 per i dati ottenuti utilizzando questo sito con lo scopo di risultati della stima di infotainment! Siamo molto &hellip; <a href=\"http:\/\/dataminingsoccer.com\/it\/indirizzo-legale\/\" class=\"more-link\">Continua la lettura di <span class=\"screen-reader-text\">Indirizzo Legale<\/span> <span class=\"meta-nav\">&rarr;<\/span><\/a><\/p>\n","protected":false},"author":6,"featured_media":0,"parent":0,"menu_order":80,"comment_status":"closed","ping_status":"closed","template":"","meta":[],"yoast_head":"<!-- This site is optimized with the Yoast SEO plugin v14.8 - https:\/\/yoast.com\/wordpress\/plugins\/seo\/ -->\n<meta name=\"description\" content=\"Responsabile per il contenuto di questa pagina \u00e8: e-stablish business GmbH, sede della ditta a Monaco, Germania.\" \/>\n<meta name=\"robots\" content=\"noindex, follow\" \/>\n<script type=\"application\/ld+json\" class=\"yoast-schema-graph\">{\"@context\":\"https:\/\/schema.org\",\"@graph\":[{\"@type\":\"WebSite\",\"@id\":\"http:\/\/dataminingsoccer.com\/it\/#website\",\"url\":\"http:\/\/dataminingsoccer.com\/it\/\",\"name\":\"Pronostici di Risultati di Calcio\",\"description\":\"basato su analisi statistiche utilizzando data mining.. Noi amiamo il calcio! E ci piaciono i giochi numerici!\",\"potentialAction\":[{\"@type\":\"SearchAction\",\"target\":\"http:\/\/dataminingsoccer.com\/it\/?s={search_term_string}\",\"query-input\":\"required name=search_term_string\"}],\"inLanguage\":\"it-IT\"},{\"@type\":\"WebPage\",\"@id\":\"http:\/\/dataminingsoccer.com\/it\/indirizzo-legale\/#webpage\",\"url\":\"http:\/\/dataminingsoccer.com\/it\/indirizzo-legale\/\",\"name\":\"Indirizzo Legale - Pronostici di Risultati di Calcio\",\"isPartOf\":{\"@id\":\"http:\/\/dataminingsoccer.com\/it\/#website\"},\"datePublished\":\"2013-09-12T02:10:16+00:00\",\"dateModified\":\"2018-05-20T08:24:51+00:00\",\"description\":\"Responsabile per il contenuto di questa pagina \\u00e8: e-stablish business GmbH, sede della ditta a Monaco, Germania.\",\"inLanguage\":\"it-IT\",\"potentialAction\":[{\"@type\":\"ReadAction\",\"target\":[\"http:\/\/dataminingsoccer.com\/it\/indirizzo-legale\/\"]}]}]}<\/script>\n<!-- \/ Yoast SEO plugin. -->","_links":{"self":[{"href":"http:\/\/dataminingsoccer.com\/it\/wp-json\/wp\/v2\/pages\/48"}],"collection":[{"href":"http:\/\/dataminingsoccer.com\/it\/wp-json\/wp\/v2\/pages"}],"about":[{"href":"http:\/\/dataminingsoccer.com\/it\/wp-json\/wp\/v2\/types\/page"}],"author":[{"embeddable":true,"href":"http:\/\/dataminingsoccer.com\/it\/wp-json\/wp\/v2\/users\/6"}],"replies":[{"embeddable":true,"href":"http:\/\/dataminingsoccer.com\/it\/wp-json\/wp\/v2\/comments?post=48"}],"version-history":[{"count":17,"href":"http:\/\/dataminingsoccer.com\/it\/wp-json\/wp\/v2\/pages\/48\/revisions"}],"predecessor-version":[{"id":3233,"href":"http:\/\/dataminingsoccer.com\/it\/wp-json\/wp\/v2\/pages\/48\/revisions\/3233"}],"wp:attachment":[{"href":"http:\/\/dataminingsoccer.com\/it\/wp-json\/wp\/v2\/media?parent=48"}],"curies":[{"name":"wp","href":"https:\/\/api.w.org\/{rel}","templated":true}]}}