{"id":1488,"date":"2014-07-03T21:39:26","date_gmt":"2014-07-03T19:39:26","guid":{"rendered":"http:\/\/dataminingsoccer.com\/it\/?page_id=1488"},"modified":"2014-07-16T22:55:26","modified_gmt":"2014-07-16T20:55:26","slug":"video-creati-da-noi","status":"publish","type":"page","link":"http:\/\/dataminingsoccer.com\/it\/video\/video-creati-da-noi\/","title":{"rendered":"Video creati da noi"},"content":{"rendered":"<h2>Video d'Infotainment sui Soggetti Calcio &amp; Statistiche<\/h2><p style=\"text-align: justify;\">Qui di seguito trovete una serie dei nostri video infotainment sul calcio e sulle statistiche.<\/p>\n<p style=\"text-align: justify;\">Highlights della Coppa Mondiale 2014 in Brasile:<\/p>\n<p><iframe width=\"560\" height=\"315\" src=\"\/\/www.youtube-nocookie.com\/embed\/4oexG2KhSTU?rel=0\" frameborder=\"0\" allowfullscreen><\/iframe><\/p>\n<p style=\"text-align: justify;\">Con tweets de DataMiningSoccer e immagini di 8bit-football.com: Ronaldo, Donovan, Fred, van Persie, Casillas, Hart, Balotelli, Seferovic, Benzema, Messi, Pepe, M\u00fcller, Brooks, Fellaini, Ochoa, Akinfeev, Cahill, Mandzukic, Song, Buffon, Ruiz, Valbuena, Giroud, Klose, Slimani, Howard, Varela, Suarez, Chiellini, Samaras, Sabella, Lavezzi, Noboa, Jones, Julio Cesar, James Rogriquez, Huntelaar, Herrera, Gekas, Navas, Matuidi, Onazi, L\u00f6w, Neuer, Di Maria, Dempsey, Luiz, Neymar, Zuniga, Robben, Cillessen, Krul, Scolari, van Gaal, Kroos, Khedira, Sch\u00fcrrle, Garay, G\u00f6tze, Romero, Cristo Redentor.<\/p>\n<p style=\"text-align: justify;\"><span class=\"hps\">A proposito,<\/span> <span class=\"hps\">cerchiamo sempre di<\/span> <span class=\"hps\">elencare<\/span> <span class=\"hps\">tutte le fonti<\/span> <span class=\"hps\">e i <span id=\"result_box\" lang=\"it\"><span class=\"hps\">collaboratori<\/span><\/span><\/span> <span class=\"hps atn\">(<\/span>involontari)\u00a0 <span class=\"hps\">come<\/span> <span class=\"hps\">autori<\/span>. <span class=\"hps\">Nel caso in cui<\/span> <span class=\"hps\">si identifica<\/span> <span class=\"hps\">una fonte<\/span> <span class=\"hps\">non<\/span> <span class=\"hps\">ancora citato<\/span> <span class=\"hps\">apprezzeremmo<\/span> <span class=\"hps\">il suggerimento<\/span> <span class=\"hps\">tramite<\/span> <a title=\"Contatto\" href=\"http:\/\/dataminingsoccer.com\/it\/contatto\/\"><span class=\"hps atn\">[<\/span>contatto]<\/a>.<\/p>\n<p style=\"text-align: justify;\"><span class=\"hps\">Attualmente in<\/span> <span class=\"hps\">produzione<\/span> <span class=\"hps\">sono<\/span> <span class=\"hps\">video con\u00a0<span id=\"result_box\" lang=\"it\">la partecipazione<\/span><\/span> <span class=\"hps atn\">(<\/span>involontaria) di:<\/p>\n<p style=\"text-align: justify;\">David Alaba, Karl Allg\u00f6wer, Rudi Assauer, Klaus Augenthaler, Michael Ballack, Mario Basler, Franz Beckenbauer, Oliver Bierhoff, Sepp Blatter, Egidius Braun, Eintracht Braunschweiger Fankurve, Paul Breitner, Manni Breuckmann, Jochen Breyer, Guido Buchwald, Reiner Calmund, Sarah Connor, Christoph Daum, Norbert Dickel, Thomas Doll, Stefan Effenberg, Kurt Emmerich, Edi Finger, Danny Fritz, Stefan Galler, Eduard Geyer, Helmut Grashoff, Kevin Gro\u00dfkreutz, Pep Guardiola, Bruno Labbadia, Werner Hansch, Waldemar Hartmann, Horst Heldt, Jupp Heynckes, Timo Hildebrand, Dieter Hoene\u00df, Uli Hoene\u00df, Benedikt H\u00f6wedes, Horst Hrubesch, Hans Huber, G\u00fcnther Jauch, Oliver Kahn, Thomas Killian, J\u00fcrgen Klinsmann, J\u00fcrgen Klopp, Miroslav Klose, Willi Konrad, Kevin Kuranyi, Udo Lattek, Willi Lemke, Detlev Lindner, Willi Lippens, Jogi L\u00f6w, Werner Lorant, Felix Magath, Sepp Maier, Lothar Matth\u00e4us, Gerhard Mayervorfelder, Per Mertesacker, Hans Meyer, Rudi Michel, Andreas M\u00f6ller, G\u00fcnter Netzer, Jose Mourinho, Thomas M\u00fcller, Manuel Neuer, G\u00fcnther Neukirchner, Peter Neururer, Matthias Opdenh\u00f6vel, Peter Pacult, Toni Pfeffer, Martin Pieckenhagen, Lukas Podolski, Roy Pr\u00e4ger, Petar Radenkovic, Judith Rakers, Ralf Rangnick, Otto Rehhagel, B\u00e9la R\u00e9thy, Erich Ribbeck, Frank Rost, Gerd Rubenbauer, Karl-Heinz Rummenigge, Matthias Sammer, Thomas Schaaf, Winfried Sch\u00e4fer, Klaus Schlappner, Harald Schmidt, Helge Schneider, Mehmet Scholl, Helmut Schulte, Dirk Schuster, Steffen Simon, Dragoslav Stepanovic, J\u00f6rg Stiel, Uli Stielike, Christian Streich, Carmen Thomas, Giovanni Trapattoni, Louis van Gaal, Thomas Feltes, Gertjan Verbeek, Berti Vogts, Rudi V\u00f6ller, Sven Voss, Fritz Walter, Oliver Welke, Robert Wieschemann, Kenneth Wolstenholme, J\u00f6rg Wontorra, Christian Ziege, Herbert Zimmermann.<\/p>\n<p style=\"text-align: justify;\"><a title=\"Video creati da noi\" href=\"http:\/\/dataminingsoccer.com\/it\/videos\/video-creati-da-noi\/\"><img loading=\"lazy\" class=\"alignnone size-full wp-image-832\" src=\"http:\/\/dataminingsoccer.com\/it\/wp-content\/uploads\/sites\/5\/Data-Mining-Soccer-inizio-pagina-m.png\" alt=\"Data-Mining-Soccer-inizio-pagina\" width=\"50\" height=\"50\" \/><\/a>\u00a0\u00a0\u00a0\u00a0 <a href=\"http:\/\/dataminingsoccer.com\/it\/\"><img loading=\"lazy\" class=\"alignnone size-full wp-image-830\" src=\"http:\/\/dataminingsoccer.com\/it\/wp-content\/uploads\/sites\/5\/Data-Mining-Soccer-calcio-risultato-pronostici-m.png\" alt=\"Data-Mining-Soccer-calcio-risultato-pronostici\" width=\"50\" height=\"50\" \/><\/a>\u00a0\u00a0\u00a0\u00a0 <a title=\"DataMiningSoccer (italiano) @Twitter\" href=\"http:\/\/twitter.com\/DataMinSoccerIT\" target=\"_blank\"><img loading=\"lazy\" class=\"alignnone size-full wp-image-1242\" src=\"http:\/\/dataminingsoccer.com\/it\/wp-content\/uploads\/sites\/5\/Twitter-Data-Mining-Soccer.png\" alt=\"Twitter-Data-Mining-Soccer\" width=\"50\" height=\"50\" \/><\/a>\u00a0\u00a0\u00a0\u00a0 <a title=\"DataMiningSoccer (inglese) @Facebook\" href=\"http:\/\/www.facebook.com\/dataminingsoccer\" target=\"_blank\"><img loading=\"lazy\" class=\"alignnone size-full wp-image-1238\" src=\"http:\/\/dataminingsoccer.com\/it\/wp-content\/uploads\/sites\/5\/Facebook-Data-Mining-Soccer.png\" alt=\"Facebook-Data-Mining-Soccer\" width=\"50\" height=\"50\" \/><\/a>\u00a0\u00a0\u00a0\u00a0 <a title=\"DataMiningSoccer @YouTube\" href=\"http:\/\/www.youtube.com\/channel\/UCxGBQc_ziGx_Ylgc0k94QWg\" target=\"_blank\"><img loading=\"lazy\" class=\"alignnone size-full wp-image-1244\" src=\"http:\/\/dataminingsoccer.com\/it\/wp-content\/uploads\/sites\/5\/YouTube-Data-Mining-Soccer.png\" alt=\"YouTube-Data-Mining-Soccer\" width=\"50\" height=\"50\" \/><\/a><\/p>\n","protected":false},"excerpt":{"rendered":"<p>Video d&#8217;Infotainment sui Soggetti Calcio &amp; StatisticheQui di seguito trovete una serie dei nostri video infotainment sul calcio e sulle statistiche. Highlights della Coppa Mondiale 2014 in Brasile: Con tweets de DataMiningSoccer e immagini di 8bit-football.com: Ronaldo, Donovan, Fred, van Persie, Casillas, Hart, Balotelli, Seferovic, Benzema, Messi, Pepe, M\u00fcller, Brooks, Fellaini, Ochoa, Akinfeev, Cahill, Mandzukic, &hellip; <a href=\"http:\/\/dataminingsoccer.com\/it\/video\/video-creati-da-noi\/\" class=\"more-link\">Continua la lettura di <span class=\"screen-reader-text\">Video creati da noi<\/span> <span class=\"meta-nav\">&rarr;<\/span><\/a><\/p>\n","protected":false},"author":6,"featured_media":0,"parent":1487,"menu_order":10,"comment_status":"closed","ping_status":"closed","template":"","meta":[],"yoast_head":"<!-- This site is optimized with the Yoast SEO plugin v14.8 - https:\/\/yoast.com\/wordpress\/plugins\/seo\/ -->\n<meta name=\"description\" content=\"Video infotainment di DataMiningSoccer sui nostri soggetti centrali: calcio e statistiche\" \/>\n<meta name=\"robots\" content=\"index, follow\" \/>\n<meta name=\"googlebot\" content=\"index, follow, max-snippet:-1, max-image-preview:large, max-video-preview:-1\" \/>\n<meta name=\"bingbot\" content=\"index, follow, max-snippet:-1, max-image-preview:large, max-video-preview:-1\" \/>\n<link rel=\"canonical\" href=\"http:\/\/dataminingsoccer.com\/it\/video\/video-creati-da-noi\/\" \/>\n<script type=\"application\/ld+json\" class=\"yoast-schema-graph\">{\"@context\":\"https:\/\/schema.org\",\"@graph\":[{\"@type\":\"WebSite\",\"@id\":\"http:\/\/dataminingsoccer.com\/it\/#website\",\"url\":\"http:\/\/dataminingsoccer.com\/it\/\",\"name\":\"Pronostici di Risultati di Calcio\",\"description\":\"basato su analisi statistiche utilizzando data mining.. Noi amiamo il calcio! E ci piaciono i giochi numerici!\",\"potentialAction\":[{\"@type\":\"SearchAction\",\"target\":\"http:\/\/dataminingsoccer.com\/it\/?s={search_term_string}\",\"query-input\":\"required name=search_term_string\"}],\"inLanguage\":\"it-IT\"},{\"@type\":\"ImageObject\",\"@id\":\"http:\/\/dataminingsoccer.com\/it\/video\/video-creati-da-noi\/#primaryimage\",\"inLanguage\":\"it-IT\",\"url\":\"http:\/\/dataminingsoccer.com\/it\/wp-content\/uploads\/sites\/5\/Data-Mining-Soccer-inizio-pagina-m.png\",\"width\":50,\"height\":50,\"caption\":\"inizio pagina\"},{\"@type\":\"WebPage\",\"@id\":\"http:\/\/dataminingsoccer.com\/it\/video\/video-creati-da-noi\/#webpage\",\"url\":\"http:\/\/dataminingsoccer.com\/it\/video\/video-creati-da-noi\/\",\"name\":\"Video creati da noi - Pronostici di Risultati di Calcio\",\"isPartOf\":{\"@id\":\"http:\/\/dataminingsoccer.com\/it\/#website\"},\"primaryImageOfPage\":{\"@id\":\"http:\/\/dataminingsoccer.com\/it\/video\/video-creati-da-noi\/#primaryimage\"},\"datePublished\":\"2014-07-03T19:39:26+00:00\",\"dateModified\":\"2014-07-16T20:55:26+00:00\",\"description\":\"Video infotainment di DataMiningSoccer sui nostri soggetti centrali: calcio e statistiche\",\"inLanguage\":\"it-IT\",\"potentialAction\":[{\"@type\":\"ReadAction\",\"target\":[\"http:\/\/dataminingsoccer.com\/it\/video\/video-creati-da-noi\/\"]}]}]}<\/script>\n<!-- \/ Yoast SEO plugin. -->","_links":{"self":[{"href":"http:\/\/dataminingsoccer.com\/it\/wp-json\/wp\/v2\/pages\/1488"}],"collection":[{"href":"http:\/\/dataminingsoccer.com\/it\/wp-json\/wp\/v2\/pages"}],"about":[{"href":"http:\/\/dataminingsoccer.com\/it\/wp-json\/wp\/v2\/types\/page"}],"author":[{"embeddable":true,"href":"http:\/\/dataminingsoccer.com\/it\/wp-json\/wp\/v2\/users\/6"}],"replies":[{"embeddable":true,"href":"http:\/\/dataminingsoccer.com\/it\/wp-json\/wp\/v2\/comments?post=1488"}],"version-history":[{"count":11,"href":"http:\/\/dataminingsoccer.com\/it\/wp-json\/wp\/v2\/pages\/1488\/revisions"}],"predecessor-version":[{"id":1653,"href":"http:\/\/dataminingsoccer.com\/it\/wp-json\/wp\/v2\/pages\/1488\/revisions\/1653"}],"up":[{"embeddable":true,"href":"http:\/\/dataminingsoccer.com\/it\/wp-json\/wp\/v2\/pages\/1487"}],"wp:attachment":[{"href":"http:\/\/dataminingsoccer.com\/it\/wp-json\/wp\/v2\/media?parent=1488"}],"curies":[{"name":"wp","href":"https:\/\/api.w.org\/{rel}","templated":true}]}}