{"id":930,"date":"2013-12-31T00:30:44","date_gmt":"2013-12-30T22:30:44","guid":{"rendered":"http:\/\/dataminingsoccer.com\/fr\/?page_id=930"},"modified":"2015-06-25T05:16:13","modified_gmt":"2015-06-25T03:16:13","slug":"pronostics-primera-division","status":"publish","type":"page","link":"http:\/\/dataminingsoccer.com\/fr\/espagne\/pronostics-primera-division\/","title":{"rendered":"Pronostics"},"content":{"rendered":"<h2>R\u00e9sultats de Football: Pronostics utilisant Data Mining<\/h2><p><img loading=\"lazy\" class=\"alignnone size-full wp-image-186\" src=\"http:\/\/dataminingsoccer.com\/fr\/wp-content\/uploads\/sites\/6\/Primera-Division-Football-Resultats-Prediction-m.png\" alt=\"Primera-Division-Football-Resultats-Prediction\" width=\"39\" height=\"49\" \/>\u00a0\u00a0\u00a0\u00a0 <img loading=\"lazy\" class=\"alignnone size-full wp-image-2105\" src=\"http:\/\/dataminingsoccer.com\/fr\/wp-content\/uploads\/sites\/6\/Copa-del-Rey.png\" alt=\"Copa-del-Rey\" width=\"58\" height=\"50\" \/><\/p>\n<p style=\"text-align: justify;\">Espagne: Pour une comp\u00e9tition et une saison de ton choix, tu trouves ici tous les matches pr\u00e9vus par nous, ainsi que les r\u00e9sultats r\u00e9els correspondants.<\/p>\n<p style=\"text-align: justify;\">Tu peux acc\u00e9der \u00e0 cette page avec\u00a0les pr\u00e9visions et les r\u00e9sultats r\u00e9els soit dans la barre de menu au-dessus par <strong>&gt; Espagne &gt; <strong>pronostics<\/strong> &gt; comp\u00e9tition &amp; saison<\/strong> de ton choix, soit \u200b\u200bpar le menu d\u00e9roulant \u2018<strong>nos pronostics pour\u2026<\/strong>\u2018 sur la droite, soit en cliquant simplement sur un des liens suivants:<\/p>\n<p style=\"text-align: justify;\"><img loading=\"lazy\" class=\"alignnone size-full wp-image-187\" src=\"http:\/\/dataminingsoccer.com\/fr\/wp-content\/uploads\/sites\/6\/Primera-Division-Football-Resultats-Prediction-s.png\" alt=\"Primera-Division-Football-Resultats-Prediction\" width=\"25\" height=\"25\" \/> <a title=\"Primera Divisi\u00f3n 2014\/15\" href=\"http:\/\/dataminingsoccer.com\/fr\/espagne\/pronostics-primera-division\/primera-division-2015-2016\/\">[Primera Divisi\u00f3n 2015\/16]<br \/>\n<\/a><img loading=\"lazy\" class=\"alignnone size-full wp-image-2104\" src=\"http:\/\/dataminingsoccer.com\/fr\/wp-content\/uploads\/sites\/6\/Copa-del-Rey-s.png\" alt=\"Copa-del-Rey\" width=\"29\" height=\"25\" \/> <a title=\"Primera Divisi\u00f3n 2014\/15\" href=\"http:\/\/dataminingsoccer.com\/fr\/espagne\/pronostics-primera-division\/copa-del-rey-2015-2016\/\">[Copa del Rey 2015\/16]<\/a><a title=\"Primera Divisi\u00f3n 2014\/15\" href=\"http:\/\/dataminingsoccer.com\/fr\/espagne\/pronostics-primera-division\/primera-division-2014-15\/\"><br \/>\n<\/a><img loading=\"lazy\" class=\"alignnone size-full wp-image-187\" src=\"http:\/\/dataminingsoccer.com\/fr\/wp-content\/uploads\/sites\/6\/Primera-Division-Football-Resultats-Prediction-s.png\" alt=\"Primera-Division-Football-Resultats-Prediction\" width=\"25\" height=\"25\" \/> <a title=\"Primera Divisi\u00f3n 2014\/15\" href=\"http:\/\/dataminingsoccer.com\/fr\/espagne\/pronostics-primera-division\/primera-division-2014-15\/\">[Primera Divisi\u00f3n 2014\/15]<\/a><a title=\"Primera Divisi\u00f3n 2014\/15\" href=\"http:\/\/dataminingsoccer.com\/fr\/espagne\/pronostics-primera-division\/primera-division-2014-15\/\"><br \/>\n<\/a><\/p>\n<p style=\"text-align: justify;\">Comme un indicateur statistique suppl\u00e9mentaire, nous affichons toujours l\u2019un de nos facteurs de confiance statistique (DMSC\u2122 ou DMSU\u2122) pour chaque match pr\u00e9dit par nous en Espagne.<\/p>\n<p><img loading=\"lazy\" class=\"alignnone size-full wp-image-186\" src=\"http:\/\/dataminingsoccer.com\/fr\/wp-content\/uploads\/sites\/6\/Primera-Division-Football-Resultats-Prediction-m.png\" alt=\"Primera-Division-Football-Resultats-Prediction\" width=\"39\" height=\"49\" \/>\u00a0\u00a0\u00a0\u00a0 <img loading=\"lazy\" class=\"alignnone size-full wp-image-2105\" src=\"http:\/\/dataminingsoccer.com\/fr\/wp-content\/uploads\/sites\/6\/Copa-del-Rey.png\" alt=\"Copa-del-Rey\" width=\"58\" height=\"50\" \/><\/p>\n","protected":false},"excerpt":{"rendered":"<p>R\u00e9sultats de Football: Pronostics utilisant Data Mining\u00a0\u00a0\u00a0\u00a0 Espagne: Pour une comp\u00e9tition et une saison de ton choix, tu trouves ici tous les matches pr\u00e9vus par nous, ainsi que les r\u00e9sultats r\u00e9els correspondants. Tu peux acc\u00e9der \u00e0 cette page avec\u00a0les pr\u00e9visions et les r\u00e9sultats r\u00e9els soit dans la barre de menu au-dessus par &gt; Espagne &gt; &hellip; <a href=\"http:\/\/dataminingsoccer.com\/fr\/espagne\/pronostics-primera-division\/\" class=\"more-link\">Continuer la lecture de <span class=\"screen-reader-text\">Pronostics<\/span> <span class=\"meta-nav\">&rarr;<\/span><\/a><\/p>\n","protected":false},"author":7,"featured_media":0,"parent":10,"menu_order":10,"comment_status":"closed","ping_status":"closed","template":"","meta":[],"yoast_head":"<!-- This site is optimized with the Yoast SEO plugin v14.8 - https:\/\/yoast.com\/wordpress\/plugins\/seo\/ -->\n<meta name=\"description\" content=\"Pr\u00e9diction de r\u00e9sultats de football de la Primera Divisi\u00f3n en Espagne bas\u00e9 sur les analyses statistiques utilisant un logiciel data mining.\" \/>\n<meta name=\"robots\" content=\"index, follow\" \/>\n<meta name=\"googlebot\" content=\"index, follow, max-snippet:-1, max-image-preview:large, max-video-preview:-1\" \/>\n<meta name=\"bingbot\" content=\"index, follow, max-snippet:-1, max-image-preview:large, max-video-preview:-1\" \/>\n<link rel=\"canonical\" href=\"http:\/\/dataminingsoccer.com\/fr\/espagne\/pronostics-primera-division\/\" \/>\n<script type=\"application\/ld+json\" class=\"yoast-schema-graph\">{\"@context\":\"https:\/\/schema.org\",\"@graph\":[{\"@type\":\"WebSite\",\"@id\":\"http:\/\/dataminingsoccer.com\/fr\/#website\",\"url\":\"http:\/\/dataminingsoccer.com\/fr\/\",\"name\":\"Pronostics de R\\u00e9sultats de Football\",\"description\":\"bas\\u00e9 sur des analyses statistiques utilisant data mining.. Nous aimons le football!     Nous aimons les jeux de nombre!\",\"potentialAction\":[{\"@type\":\"SearchAction\",\"target\":\"http:\/\/dataminingsoccer.com\/fr\/?s={search_term_string}\",\"query-input\":\"required name=search_term_string\"}],\"inLanguage\":\"fr-FR\"},{\"@type\":\"ImageObject\",\"@id\":\"http:\/\/dataminingsoccer.com\/fr\/espagne\/pronostics-primera-division\/#primaryimage\",\"inLanguage\":\"fr-FR\",\"url\":\"http:\/\/dataminingsoccer.com\/fr\/wp-content\/uploads\/sites\/6\/Primera-Division-Football-Resultats-Prediction-m.png\",\"width\":39,\"height\":49,\"caption\":\"Primera-Division-Football-Resultats-Prediction\"},{\"@type\":\"WebPage\",\"@id\":\"http:\/\/dataminingsoccer.com\/fr\/espagne\/pronostics-primera-division\/#webpage\",\"url\":\"http:\/\/dataminingsoccer.com\/fr\/espagne\/pronostics-primera-division\/\",\"name\":\"Pronostics - Pronostics de R\\u00e9sultats de Football\",\"isPartOf\":{\"@id\":\"http:\/\/dataminingsoccer.com\/fr\/#website\"},\"primaryImageOfPage\":{\"@id\":\"http:\/\/dataminingsoccer.com\/fr\/espagne\/pronostics-primera-division\/#primaryimage\"},\"datePublished\":\"2013-12-30T22:30:44+00:00\",\"dateModified\":\"2015-06-25T03:16:13+00:00\",\"description\":\"Pr\\u00e9diction de r\\u00e9sultats de football de la Primera Divisi\\u00f3n en Espagne bas\\u00e9 sur les analyses statistiques utilisant un logiciel data mining.\",\"inLanguage\":\"fr-FR\",\"potentialAction\":[{\"@type\":\"ReadAction\",\"target\":[\"http:\/\/dataminingsoccer.com\/fr\/espagne\/pronostics-primera-division\/\"]}]}]}<\/script>\n<!-- \/ Yoast SEO plugin. -->","_links":{"self":[{"href":"http:\/\/dataminingsoccer.com\/fr\/wp-json\/wp\/v2\/pages\/930"}],"collection":[{"href":"http:\/\/dataminingsoccer.com\/fr\/wp-json\/wp\/v2\/pages"}],"about":[{"href":"http:\/\/dataminingsoccer.com\/fr\/wp-json\/wp\/v2\/types\/page"}],"author":[{"embeddable":true,"href":"http:\/\/dataminingsoccer.com\/fr\/wp-json\/wp\/v2\/users\/7"}],"replies":[{"embeddable":true,"href":"http:\/\/dataminingsoccer.com\/fr\/wp-json\/wp\/v2\/comments?post=930"}],"version-history":[{"count":9,"href":"http:\/\/dataminingsoccer.com\/fr\/wp-json\/wp\/v2\/pages\/930\/revisions"}],"predecessor-version":[{"id":3034,"href":"http:\/\/dataminingsoccer.com\/fr\/wp-json\/wp\/v2\/pages\/930\/revisions\/3034"}],"up":[{"embeddable":true,"href":"http:\/\/dataminingsoccer.com\/fr\/wp-json\/wp\/v2\/pages\/10"}],"wp:attachment":[{"href":"http:\/\/dataminingsoccer.com\/fr\/wp-json\/wp\/v2\/media?parent=930"}],"curies":[{"name":"wp","href":"https:\/\/api.w.org\/{rel}","templated":true}]}}