{"id":928,"date":"2013-12-30T23:29:07","date_gmt":"2013-12-30T21:29:07","guid":{"rendered":"http:\/\/dataminingsoccer.com\/fr\/?page_id=928"},"modified":"2015-07-26T02:11:38","modified_gmt":"2015-07-26T00:11:38","slug":"taux-de-succes","status":"publish","type":"page","link":"http:\/\/dataminingsoccer.com\/fr\/allemagne\/taux-de-succes\/","title":{"rendered":"Taux de Succ\u00e8s"},"content":{"rendered":"<h2>R\u00e9sultats de Football: Pronostics utilisant Data Mining<\/h2><p style=\"text-align: justify;\"><img loading=\"lazy\" class=\"alignnone size-full wp-image-169\" src=\"http:\/\/dataminingsoccer.com\/fr\/wp-content\/uploads\/sites\/6\/Bundesliga-Football-Resultats-Prediction-s.png\" alt=\"Bundesliga-Football-Resultats-Prediction\" width=\"59\" height=\"50\" \/>\u00a0\u00a0\u00a0\u00a0<img src=\"http:\/\/dataminingsoccer.com\/wp-content\/uploads\/league-logos\/Liga-3-Fussball-Ergebnis-Vorhersagen.png\" alt=\"Liga-3-Fussball-Ergebnis-Vorhersagen\" \/>\u00a0 \u00a0 \u00a0<img loading=\"lazy\" class=\"alignnone size-full wp-image-1936\" src=\"http:\/\/dataminingsoccer.com\/fr\/wp-content\/uploads\/sites\/6\/dfb-pokal.png\" alt=\"dfb-pokal\" width=\"50\" height=\"50\" \/><\/p>\n<p style=\"text-align: justify;\">Allemagne: Pour une comp\u00e9tition et une saison de ton choix, tu trouves ici un aper\u00e7u des diff\u00e9rents taux de succ\u00e8s pour notre mod\u00e8le de pr\u00e9diction, \u00e0 partir de la premi\u00e8re journ\u00e9e jusqu&rsquo;\u00e0 la journ\u00e9e actuelle (ou la derni\u00e8re).<\/p>\n<p style=\"text-align: justify;\">Tu peux acc\u00e9der \u00e0 cette page avec des taux de r\u00e9ussite soit dans la barre de menu au-dessus via <strong>&gt; Allemagne &gt; taux de succ\u00e8s &gt; comp\u00e9tition &amp; saison<\/strong> de ton choix, soit \u200b\u200bpar le menu d\u00e9roulant &lsquo;<strong>nos taux de succ\u00e8s pour&#8230;<\/strong>&lsquo; sur la droite, soit en cliquant simplement sur un des liens suivants:<\/p>\n<p style=\"text-align: justify;\"><img loading=\"lazy\" class=\"alignnone size-full wp-image-168\" src=\"http:\/\/dataminingsoccer.com\/fr\/wp-content\/uploads\/sites\/6\/Bundesliga-Football-Resultats-Prediction-m.png\" alt=\"Bundesliga-Football-Resultats-Prediction\" width=\"37\" height=\"25\" \/> <a title=\"1.Bundesliga 2014\/15\" href=\"http:\/\/dataminingsoccer.com\/fr\/allemagne\/taux-de-succes\/1-bundesliga-2015-2016\/\">[1.Bundesliga 2015\/16]<\/a><br \/>\n<img loading=\"lazy\" class=\"alignnone size-full wp-image-168\" src=\"http:\/\/dataminingsoccer.com\/fr\/wp-content\/uploads\/sites\/6\/Bundesliga-Football-Resultats-Prediction-m.png\" alt=\"Bundesliga-Football-Resultats-Prediction\" width=\"37\" height=\"25\" \/> <a title=\"2.Bundesliga 2014\/15\" href=\"http:\/\/dataminingsoccer.com\/fr\/allemagne\/taux-de-succes\/2-bundesliga-2015-2016\/\">[2.Bundesliga 2015\/16]<br \/>\n<\/a><img src=\"http:\/\/dataminingsoccer.com\/wp-content\/uploads\/league-logos\/Liga-3-Fussball-Ergebnis-Vorhersagen-s.png\" alt=\"Liga-3-Fussball-Ergebnis-Vorhersagen\" \/> <a href=\"http:\/\/dataminingsoccer.com\/fr\/allemagne\/taux-de-succes\/3-liga-2015-2016\/\">[3.Liga 2015\/16]<\/a><br \/>\n<img loading=\"lazy\" class=\"alignnone size-full wp-image-168\" src=\"http:\/\/dataminingsoccer.com\/fr\/wp-content\/uploads\/sites\/6\/Bundesliga-Football-Resultats-Prediction-m.png\" alt=\"Bundesliga-Football-Resultats-Prediction\" width=\"37\" height=\"25\" \/> <a title=\"1.Bundesliga 2014\/15\" href=\"http:\/\/dataminingsoccer.com\/fr\/allemagne\/taux-de-succes\/1-bundesliga-2014-2015\/\">[1.Bundesliga 2014\/15]<\/a><a title=\"2.Bundesliga 2014\/15\" href=\"http:\/\/dataminingsoccer.com\/fr\/allemagne\/taux-de-succes\/2-bundesliga-2014-2015\/\"><br \/>\n<\/a><img loading=\"lazy\" class=\"alignnone size-full wp-image-168\" src=\"http:\/\/dataminingsoccer.com\/fr\/wp-content\/uploads\/sites\/6\/Bundesliga-Football-Resultats-Prediction-m.png\" alt=\"Bundesliga-Football-Resultats-Prediction\" width=\"37\" height=\"25\" \/> <a title=\"2.Bundesliga 2014\/15\" href=\"http:\/\/dataminingsoccer.com\/fr\/allemagne\/taux-de-succes\/2-bundesliga-2014-2015\/\">[2.Bundesliga 2014\/15]<\/a><br \/>\n<img loading=\"lazy\" class=\"alignnone size-full wp-image-168\" src=\"http:\/\/dataminingsoccer.com\/fr\/wp-content\/uploads\/sites\/6\/Bundesliga-Football-Resultats-Prediction-m.png\" alt=\"Bundesliga-Football-Resultats-Prediction\" width=\"37\" height=\"25\" \/> <a title=\"1.Bundesliga 2013\/14\" href=\"http:\/\/dataminingsoccer.com\/fr\/allemagne\/taux-de-succes\/1-bundesliga-2013-14\/\">[1.Bundesliga 2013\/14]<\/a><\/p>\n<p style=\"text-align: justify;\">Pour chaque comp\u00e9tition et chaque saison en Allemagne, nous avons calcul\u00e9 les succ\u00e8s et les taux de r\u00e9ussite suivants pour vous:<\/p>\n<ul>\n<li>tendance correcte du r\u00e9sultat du match par journ\u00e9e<\/li>\n<li>tendance correcte du r\u00e9sultat du match par \u00e9quipe<\/li>\n<li>tendance correcte du r\u00e9sultat du match par classe DMSC (facteur de\u00a0validit\u00e9 statistique pour nos pr\u00e9visions)<\/li>\n<li>tendance correcte du r\u00e9sultat du match par type de r\u00e9sultat pr\u00e9vu (victoire \u00e0 domicile\/ match nul\/ victoire \u00e0 l&rsquo;ext\u00e9rieur)<\/li>\n<li>tendance correcte du r\u00e9sultat du match par position au classement (tiers sup\u00e9rieur, moyen et inf\u00e9rieur)<\/li>\n<li>pronostics parfaits, pronostics presque\u00a0parfaits (diff\u00e9rence de exactement 1 but) et tendance oppos\u00e9e du r\u00e9sultat<\/li>\n<li>tendance correcte du r\u00e9sultat du match par jour de semaine<\/li>\n<li>tops et flops: meilleur et pire pr\u00e9diction pour une journ\u00e9e de la saison donn\u00e9e<\/li>\n<\/ul>\n<p style=\"text-align: justify;\"><img loading=\"lazy\" class=\"alignnone size-full wp-image-169\" src=\"http:\/\/dataminingsoccer.com\/fr\/wp-content\/uploads\/sites\/6\/Bundesliga-Football-Resultats-Prediction-s.png\" alt=\"Bundesliga-Football-Resultats-Prediction\" width=\"59\" height=\"50\" \/>\u00a0\u00a0\u00a0\u00a0<img src=\"http:\/\/dataminingsoccer.com\/wp-content\/uploads\/league-logos\/Liga-3-Fussball-Ergebnis-Vorhersagen.png\" alt=\"Liga-3-Fussball-Ergebnis-Vorhersagen\" \/>\u00a0 \u00a0 \u00a0<img loading=\"lazy\" class=\"alignnone size-full wp-image-1936\" src=\"http:\/\/dataminingsoccer.com\/fr\/wp-content\/uploads\/sites\/6\/dfb-pokal.png\" alt=\"dfb-pokal\" width=\"50\" height=\"50\" \/><\/p>\n","protected":false},"excerpt":{"rendered":"<p>R\u00e9sultats de Football: Pronostics utilisant Data Mining\u00a0\u00a0\u00a0\u00a0\u00a0 \u00a0 \u00a0 Allemagne: Pour une comp\u00e9tition et une saison de ton choix, tu trouves ici un aper\u00e7u des diff\u00e9rents taux de succ\u00e8s pour notre mod\u00e8le de pr\u00e9diction, \u00e0 partir de la premi\u00e8re journ\u00e9e jusqu&rsquo;\u00e0 la journ\u00e9e actuelle (ou la derni\u00e8re). Tu peux acc\u00e9der \u00e0 cette page avec des &hellip; <a href=\"http:\/\/dataminingsoccer.com\/fr\/allemagne\/taux-de-succes\/\" class=\"more-link\">Continuer la lecture de <span class=\"screen-reader-text\">Taux de Succ\u00e8s<\/span> <span class=\"meta-nav\">&rarr;<\/span><\/a><\/p>\n","protected":false},"author":7,"featured_media":0,"parent":7,"menu_order":30,"comment_status":"closed","ping_status":"closed","template":"","meta":[],"yoast_head":"<!-- This site is optimized with the Yoast SEO plugin v14.8 - https:\/\/yoast.com\/wordpress\/plugins\/seo\/ -->\n<meta name=\"description\" content=\"Pronostics de r\u00e9sultats de football pour les championnats en Allemagne: taux de succ\u00e8s de notre logiciel par des cat\u00e9gories de pr\u00e9vision differentes\" \/>\n<meta name=\"robots\" content=\"index, follow\" \/>\n<meta name=\"googlebot\" content=\"index, follow, max-snippet:-1, max-image-preview:large, max-video-preview:-1\" \/>\n<meta name=\"bingbot\" content=\"index, follow, max-snippet:-1, max-image-preview:large, max-video-preview:-1\" \/>\n<link rel=\"canonical\" href=\"http:\/\/dataminingsoccer.com\/fr\/allemagne\/taux-de-succes\/\" \/>\n<script type=\"application\/ld+json\" class=\"yoast-schema-graph\">{\"@context\":\"https:\/\/schema.org\",\"@graph\":[{\"@type\":\"WebSite\",\"@id\":\"http:\/\/dataminingsoccer.com\/fr\/#website\",\"url\":\"http:\/\/dataminingsoccer.com\/fr\/\",\"name\":\"Pronostics de R\\u00e9sultats de Football\",\"description\":\"bas\\u00e9 sur des analyses statistiques utilisant data mining.. Nous aimons le football!     Nous aimons les jeux de nombre!\",\"potentialAction\":[{\"@type\":\"SearchAction\",\"target\":\"http:\/\/dataminingsoccer.com\/fr\/?s={search_term_string}\",\"query-input\":\"required name=search_term_string\"}],\"inLanguage\":\"fr-FR\"},{\"@type\":\"ImageObject\",\"@id\":\"http:\/\/dataminingsoccer.com\/fr\/allemagne\/taux-de-succes\/#primaryimage\",\"inLanguage\":\"fr-FR\",\"url\":\"http:\/\/dataminingsoccer.com\/fr\/wp-content\/uploads\/sites\/6\/Bundesliga-Football-Resultats-Prediction-s.png\",\"width\":59,\"height\":50,\"caption\":\"Bundesliga-Football-Resultats-Prediction\"},{\"@type\":\"WebPage\",\"@id\":\"http:\/\/dataminingsoccer.com\/fr\/allemagne\/taux-de-succes\/#webpage\",\"url\":\"http:\/\/dataminingsoccer.com\/fr\/allemagne\/taux-de-succes\/\",\"name\":\"Taux de Succ\\u00e8s - Pronostics de R\\u00e9sultats de Football\",\"isPartOf\":{\"@id\":\"http:\/\/dataminingsoccer.com\/fr\/#website\"},\"primaryImageOfPage\":{\"@id\":\"http:\/\/dataminingsoccer.com\/fr\/allemagne\/taux-de-succes\/#primaryimage\"},\"datePublished\":\"2013-12-30T21:29:07+00:00\",\"dateModified\":\"2015-07-26T00:11:38+00:00\",\"description\":\"Pronostics de r\\u00e9sultats de football pour les championnats en Allemagne: taux de succ\\u00e8s de notre logiciel par des cat\\u00e9gories de pr\\u00e9vision differentes\",\"inLanguage\":\"fr-FR\",\"potentialAction\":[{\"@type\":\"ReadAction\",\"target\":[\"http:\/\/dataminingsoccer.com\/fr\/allemagne\/taux-de-succes\/\"]}]}]}<\/script>\n<!-- \/ Yoast SEO plugin. -->","_links":{"self":[{"href":"http:\/\/dataminingsoccer.com\/fr\/wp-json\/wp\/v2\/pages\/928"}],"collection":[{"href":"http:\/\/dataminingsoccer.com\/fr\/wp-json\/wp\/v2\/pages"}],"about":[{"href":"http:\/\/dataminingsoccer.com\/fr\/wp-json\/wp\/v2\/types\/page"}],"author":[{"embeddable":true,"href":"http:\/\/dataminingsoccer.com\/fr\/wp-json\/wp\/v2\/users\/7"}],"replies":[{"embeddable":true,"href":"http:\/\/dataminingsoccer.com\/fr\/wp-json\/wp\/v2\/comments?post=928"}],"version-history":[{"count":13,"href":"http:\/\/dataminingsoccer.com\/fr\/wp-json\/wp\/v2\/pages\/928\/revisions"}],"predecessor-version":[{"id":3118,"href":"http:\/\/dataminingsoccer.com\/fr\/wp-json\/wp\/v2\/pages\/928\/revisions\/3118"}],"up":[{"embeddable":true,"href":"http:\/\/dataminingsoccer.com\/fr\/wp-json\/wp\/v2\/pages\/7"}],"wp:attachment":[{"href":"http:\/\/dataminingsoccer.com\/fr\/wp-json\/wp\/v2\/media?parent=928"}],"curies":[{"name":"wp","href":"https:\/\/api.w.org\/{rel}","templated":true}]}}