{"id":901,"date":"2013-12-22T20:43:31","date_gmt":"2013-12-22T18:43:31","guid":{"rendered":"http:\/\/dataminingsoccer.com\/fr\/?page_id=901"},"modified":"2014-09-19T17:36:40","modified_gmt":"2014-09-19T15:36:40","slug":"coupe-du-monde-clubs-2013","status":"publish","type":"page","link":"http:\/\/dataminingsoccer.com\/fr\/ligue-des-champions-et-ligue-europa\/pronostics\/coupe-du-monde-clubs-2013\/","title":{"rendered":"Coupe du Monde des Clubs 2013"},"content":{"rendered":"<h2>R\u00e9sultats de Football: Pronostics utilisant Data Mining<\/h2><p><img loading=\"lazy\" class=\"alignnone size-full wp-image-872\" src=\"http:\/\/dataminingsoccer.com\/fr\/wp-content\/uploads\/sites\/6\/Coupe-du-Monde-Club-2013-Maroc-m.png\" alt=\"Coupe-du-Monde-Club-2013-Maroc\" width=\"44\" height=\"50\" \/>\u00a0\u00a0\u00a0\u00a0\u00a0 \u00a0\u00a0\u00a0\u00a0 \u00a0\u00a0\u00a0\u00a0  \u00a0 \u00a0  \u00a0 \u00a0  \u00a0 \u00a0  \u00a0 \u00a0 <\/p>\n<p><img loading=\"lazy\" class=\"alignnone size-full wp-image-924\" src=\"http:\/\/dataminingsoccer.com\/fr\/wp-content\/uploads\/sites\/6\/FIFA-Coupe-du-Monde-m.png\" alt=\"FIFA-Coupe-du-Monde\" width=\"39\" height=\"50\" \/>\u00a0\u00a0 La 10\u00e8me Coupe du Monde des Clubs 2013 des vainqueurs de la Ligue des Champions de partout dans le monde a lieu au Maroc. Nous avons pr\u00e9dit les matchs \u00e0 partir de la demi-finale pour vous.<\/p>\n<script type='text\/javascript' src='http:\/\/dataminingsoccer.com\/fr\/wp-content\/plugins\/easy-chart-builder\/js\/easy-chart-builder.js'><\/script>\n\n<div id=\"easyChartDiv6f848001\" style='width:100%;'  style='text-align:center;' align='center'>\n<!-- Easy Chart Builder by dyerware -->\n<img id=\"easyChartDiv6f848001_img\" style='text-align:center;float:center;' alt='pr\u00e9diction de r\u00e9sultats de football' title='pr\u00e9diction de r\u00e9sultats de football'  align='center' border='0' \/>\n\n<\/div>\n<script type=\"text\/javascript\">\n\/\/<![CDATA[\nwpEasyChart.wpNewChart(\"easyChartDiv6f848001\", {\"type\":\"horizbar\",\"width\":\"350\",\"height\":\"75\",\"title\":\"taux de r\\u00e9ussite de nos pronostics\",\"minaxis\":\"\",\"groupnames\":\"par hasard serait \\u00f8 ~33%, taux de r\\u00e9ussite de nos pronostics\",\"groupcolors\":\"44280c,4e9f22,f3a214,ffffff,A3A3A3,007070,00FFFF,CC7000,00CC70,CC0070,7000CC,A370CC\",\"valuenames\":\" , taux de r\\u00e9ussite de nos pronostics, \",\"group1values\":\"0, 33, 0\",\"group2values\":\"0, 75, 0\",\"group3values\":\"0,0,0\",\"group4values\":\"0,0,0\",\"group5values\":\"0,0,0\",\"group6values\":\"0,0,0\",\"group7values\":\"0,0,0\",\"group8values\":\"0,0,0\",\"group9values\":\"0,0,0\",\"group10values\":\"0,0,0\",\"group11values\":\"0,0,0\",\"group12values\":\"0,0,0\",\"group1markers\":\"\",\"group2markers\":\"\",\"group3markers\":\"\",\"group4markers\":\"\",\"group5markers\":\"\",\"group6markers\":\"\",\"group7markers\":\"\",\"group8markers\":\"\",\"group9markers\":\"\",\"group10markers\":\"\",\"group11markers\":\"\",\"group12markers\":\"\",\"markercolor\":\"FFFF00\",\"imagealtattr\":\"pr\\u00e9diction de r\\u00e9sultats de football\",\"imagetitleattr\":\"pr\\u00e9diction de r\\u00e9sultats de football\",\"hidechartdata\":true,\"chartcolor\":\"FFFFFF\",\"chartfadecolor\":\"ffffff\",\"datatablecss\":\"hentry easyChartDataTable\",\"imgstyle\":\"text-align:center;float:center;\",\"watermark\":\"\",\"watermarkvert\":\"\",\"watermarkcolor\":\"A0BAE9\",\"currency\":\"\",\"currencyright\":false,\"precision\":\"\",\"grid\":false,\"axis\":\"both\"});\n\/\/]]>\n<\/script>\n<p>Les \u00e9quipes participantes:<\/p>\n<p>Guangzhou Evergrande: vainqueur de la Ligue des Champions 2013 en Asie<br \/>\nal Ahly du Caire: vainqueur de la Ligue des Champions 2013 en Afrique<br \/>\nMonterrey: vainqueur de la Ligue des Champions 2012\/13 de l&rsquo;Am\u00e9rique du Nord et Centrale<br \/>\nAtl\u00e9tico Mineiro: vainqueur de la Copa Libertadores 2013 en Am\u00e9rique du Sud<br \/>\nAuckland City: vainqueur de la Ligue des Champions 2012\/13 en Oc\u00e9anie<br \/>\nFC Bayern Munich: vainqueur de la Ligue des Champions 2012\/13 en Europe<br \/>\nRaja Casablanca: vainqueur du championnat 2012\/13 au pays d&rsquo;h\u00f4te Maroc<\/p>\n<p><img loading=\"lazy\" src=\"http:\/\/dataminingsoccer.com\/fr\/wp-content\/uploads\/sites\/6\/Coupe-du-Monde-Club-2013-Maroc-m.png\" alt=\"Coupe-du-Monde-Club-2013-Maroc\" width=\"44\" height=\"50\" \/>\u00a0\u00a0\u00a0\u00a0\u00a0 \u00a0\u00a0\u00a0\u00a0 \u00a0\u00a0\u00a0\u00a0  \u00a0 \u00a0  \u00a0 \u00a0  \u00a0 \u00a0  \u00a0 \u00a0 <\/p>\n<p>Barrage:<\/p>\n<p>Raja Casablanca &#8211; Auckland City FC \u00a0 2-1<\/p>\n<p><img loading=\"lazy\" src=\"http:\/\/dataminingsoccer.com\/fr\/wp-content\/uploads\/sites\/6\/Coupe-du-Monde-Club-2013-Maroc-m.png\" alt=\"Coupe-du-Monde-Club-2013-Maroc\" width=\"44\" height=\"50\" \/>\u00a0\u00a0\u00a0\u00a0\u00a0 \u00a0\u00a0\u00a0\u00a0 \u00a0\u00a0\u00a0\u00a0  \u00a0 \u00a0  \u00a0 \u00a0  \u00a0 \u00a0  \u00a0 \u00a0 <\/p>\n<p>Quarts de finale :<\/p>\n<p>Guangzhou Evergrande &#8211; al Ahly du Caire \u00a0 2-1<br \/>\nRaja Casablanca &#8211; Monterrey\u00a0\u00a0 2-1 a.p.<\/p>\n<p><img loading=\"lazy\" src=\"http:\/\/dataminingsoccer.com\/fr\/wp-content\/uploads\/sites\/6\/Coupe-du-Monde-Club-2013-Maroc-m.png\" alt=\"Coupe-du-Monde-Club-2013-Maroc\" width=\"44\" height=\"50\" \/>\u00a0\u00a0\u00a0\u00a0\u00a0 \u00a0\u00a0\u00a0\u00a0 \u00a0\u00a0\u00a0\u00a0  \u00a0 \u00a0  \u00a0 \u00a0  \u00a0 \u00a0  \u00a0 \u00a0 <\/p>\n<p>Demi-finales:<\/p>\n<p><strong>Guangzhou Evergrande &#8211; FC Bayern Munich<\/strong> \u00a0 0-3 \u00a0 ( pr\u00e9vision: \u00a0 1-3 )<br \/>\nRaja Casablanca &#8211; Atl\u00e9tico Mineiro\u00a0\u00a0 3-1 \u00a0 ( pr\u00e9vision: \u00a0 0-2 )<\/p>\n<p><img loading=\"lazy\" src=\"http:\/\/dataminingsoccer.com\/fr\/wp-content\/uploads\/sites\/6\/Coupe-du-Monde-Club-2013-Maroc-m.png\" alt=\"Coupe-du-Monde-Club-2013-Maroc\" width=\"44\" height=\"50\" \/>\u00a0\u00a0\u00a0\u00a0\u00a0 \u00a0\u00a0\u00a0\u00a0 \u00a0\u00a0\u00a0\u00a0  \u00a0 \u00a0  \u00a0 \u00a0  \u00a0 \u00a0  \u00a0 \u00a0 <\/p>\n<p>Match 3\u00e8me place:<\/p>\n<p><strong>Guangzhou Evergrande &#8211; Atl\u00e9tico Mineiro<\/strong>\u00a0\u00a0 2-3\u00a0\u00a0 ( pr\u00e9vision: \u00a0 1-2 )<\/p>\n<p><img loading=\"lazy\" src=\"http:\/\/dataminingsoccer.com\/fr\/wp-content\/uploads\/sites\/6\/Coupe-du-Monde-Club-2013-Maroc-m.png\" alt=\"Coupe-du-Monde-Club-2013-Maroc\" width=\"44\" height=\"50\" \/>\u00a0\u00a0\u00a0\u00a0\u00a0 \u00a0\u00a0\u00a0\u00a0 \u00a0\u00a0\u00a0\u00a0  \u00a0 \u00a0  \u00a0 \u00a0  \u00a0 \u00a0  \u00a0 \u00a0 <\/p>\n<p>Finale:<\/p>\n<p><strong>FC Bayern Munich &#8211; Raja Casablanca \u00a0 2-0 \u00a0 ( pr\u00e9vision: \u00a0 2-0 )<\/strong><\/p>\n<p><img loading=\"lazy\" src=\"http:\/\/dataminingsoccer.com\/fr\/wp-content\/uploads\/sites\/6\/FIFA-Coupe-du-Monde-m.png\" alt=\"FIFA-Coupe-du-Monde\" width=\"39\" height=\"50\" \/>\u00a0\u00a0 Vainqueur de la Coupe du Monde des Clubs de la FIFA 2013: FC Bayern Munich<\/p>\n<p><img loading=\"lazy\" src=\"http:\/\/dataminingsoccer.com\/fr\/wp-content\/uploads\/sites\/6\/Coupe-du-Monde-Club-2013-Maroc-m.png\" alt=\"Coupe-du-Monde-Club-2013-Maroc\" width=\"44\" height=\"50\" \/>\u00a0\u00a0\u00a0\u00a0\u00a0 \u00a0\u00a0\u00a0\u00a0 \u00a0\u00a0\u00a0\u00a0  \u00a0 \u00a0  \u00a0 \u00a0  \u00a0 \u00a0  \u00a0 \u00a0 <\/p>\n<p><a title=\"Coupe du Monde des Clubs 2013\" href=\"http:\/\/dataminingsoccer.com\/fr\/ligue-des-champions-et-ligue-europa\/pronostics-coupe-du-monde-des-clubs-fifa\/coupe-du-monde-clubs-2013\/\"><img loading=\"lazy\" class=\"alignnone size-full wp-image-1072\" src=\"http:\/\/dataminingsoccer.com\/fr\/wp-content\/uploads\/sites\/6\/Data-Mining-Soccer-haut-de-page-m.png\" alt=\"Data-Mining-Soccer-haut-de-page\" width=\"50\" height=\"50\" \/><\/a>\u00a0\u00a0\u00a0\u00a0 <a href=\"http:\/\/dataminingsoccer.com\/fr\/\"><img loading=\"lazy\" class=\"alignnone size-full wp-image-1070\" src=\"http:\/\/dataminingsoccer.com\/fr\/wp-content\/uploads\/sites\/6\/Data-Mining-Soccer-football-resultat-pronostics-m.png\" alt=\"Data-Mining-Soccer-football-resultat-pronostics\" width=\"50\" height=\"50\" \/><\/a>\u00a0\u00a0\u00a0\u00a0 <a title=\"DataMiningSoccer (fran\u00e7ais) @Twitter\" href=\"http:\/\/twitter.com\/DataMinSoccerFR\" target=\"_blank\"><img loading=\"lazy\" class=\"alignnone size-full wp-image-1473\" src=\"http:\/\/dataminingsoccer.com\/fr\/wp-content\/uploads\/sites\/6\/Twitter-Data-Mining-Soccer.png\" alt=\"Twitter-Data-Mining-Soccer\" width=\"50\" height=\"50\" \/><\/a>\u00a0\u00a0\u00a0\u00a0 <a title=\"DataMiningSoccer (anglais) @Facebook\" href=\"http:\/\/www.facebook.com\/dataminingsoccer\" target=\"_blank\"><img loading=\"lazy\" class=\"alignnone size-full wp-image-1469\" src=\"http:\/\/dataminingsoccer.com\/fr\/wp-content\/uploads\/sites\/6\/Facebook-Data-Mining-Soccer.png\" alt=\"Facebook-Data-Mining-Soccer\" width=\"50\" height=\"50\" \/><\/a><\/p>\n","protected":false},"excerpt":{"rendered":"<p>R\u00e9sultats de Football: Pronostics utilisant Data Mining\u00a0\u00a0\u00a0\u00a0\u00a0 \u00a0\u00a0\u00a0\u00a0 \u00a0\u00a0\u00a0\u00a0 \u00a0 \u00a0 \u00a0 \u00a0 \u00a0 \u00a0 \u00a0 \u00a0 \u00a0\u00a0 La 10\u00e8me Coupe du Monde des Clubs 2013 des vainqueurs de la Ligue des Champions de partout dans le monde a lieu au Maroc. Nous avons pr\u00e9dit les matchs \u00e0 partir de la demi-finale pour vous. Les &hellip; <a href=\"http:\/\/dataminingsoccer.com\/fr\/ligue-des-champions-et-ligue-europa\/pronostics\/coupe-du-monde-clubs-2013\/\" class=\"more-link\">Continuer la lecture de <span class=\"screen-reader-text\">Coupe du Monde des Clubs 2013<\/span> <span class=\"meta-nav\">&rarr;<\/span><\/a><\/p>\n","protected":false},"author":7,"featured_media":0,"parent":2752,"menu_order":100,"comment_status":"closed","ping_status":"closed","template":"","meta":[],"yoast_head":"<!-- This site is optimized with the Yoast SEO plugin v14.8 - https:\/\/yoast.com\/wordpress\/plugins\/seo\/ -->\n<meta name=\"description\" content=\"Pronostics de r\u00e9sultat pour la Coupe du Monde des Clubs 2013 au Maroc : 7 % des pr\u00e9dictions correctes (\u00abpar hasard\u00bb seraient \u00f8 ~ 33% )\" \/>\n<meta name=\"robots\" content=\"index, follow\" \/>\n<meta name=\"googlebot\" content=\"index, follow, max-snippet:-1, max-image-preview:large, max-video-preview:-1\" \/>\n<meta name=\"bingbot\" content=\"index, follow, max-snippet:-1, max-image-preview:large, max-video-preview:-1\" \/>\n<link rel=\"canonical\" href=\"http:\/\/dataminingsoccer.com\/fr\/ligue-des-champions-et-ligue-europa\/pronostics\/coupe-du-monde-clubs-2013\/\" \/>\n<script type=\"application\/ld+json\" class=\"yoast-schema-graph\">{\"@context\":\"https:\/\/schema.org\",\"@graph\":[{\"@type\":\"WebSite\",\"@id\":\"http:\/\/dataminingsoccer.com\/fr\/#website\",\"url\":\"http:\/\/dataminingsoccer.com\/fr\/\",\"name\":\"Pronostics de R\\u00e9sultats de Football\",\"description\":\"bas\\u00e9 sur des analyses statistiques utilisant data mining.. Nous aimons le football!     Nous aimons les jeux de nombre!\",\"potentialAction\":[{\"@type\":\"SearchAction\",\"target\":\"http:\/\/dataminingsoccer.com\/fr\/?s={search_term_string}\",\"query-input\":\"required name=search_term_string\"}],\"inLanguage\":\"fr-FR\"},{\"@type\":\"ImageObject\",\"@id\":\"http:\/\/dataminingsoccer.com\/fr\/ligue-des-champions-et-ligue-europa\/pronostics\/coupe-du-monde-clubs-2013\/#primaryimage\",\"inLanguage\":\"fr-FR\",\"url\":\"http:\/\/dataminingsoccer.com\/fr\/wp-content\/uploads\/sites\/6\/Coupe-du-Monde-Club-2013-Maroc-m.png\",\"width\":44,\"height\":50,\"caption\":\"Coupe-du-Monde-Club-2013-Maroc\"},{\"@type\":\"WebPage\",\"@id\":\"http:\/\/dataminingsoccer.com\/fr\/ligue-des-champions-et-ligue-europa\/pronostics\/coupe-du-monde-clubs-2013\/#webpage\",\"url\":\"http:\/\/dataminingsoccer.com\/fr\/ligue-des-champions-et-ligue-europa\/pronostics\/coupe-du-monde-clubs-2013\/\",\"name\":\"Coupe du Monde des Clubs 2013 - Pronostics de R\\u00e9sultats de Football\",\"isPartOf\":{\"@id\":\"http:\/\/dataminingsoccer.com\/fr\/#website\"},\"primaryImageOfPage\":{\"@id\":\"http:\/\/dataminingsoccer.com\/fr\/ligue-des-champions-et-ligue-europa\/pronostics\/coupe-du-monde-clubs-2013\/#primaryimage\"},\"datePublished\":\"2013-12-22T18:43:31+00:00\",\"dateModified\":\"2014-09-19T15:36:40+00:00\",\"description\":\"Pronostics de r\\u00e9sultat pour la Coupe du Monde des Clubs 2013 au Maroc : 7 % des pr\\u00e9dictions correctes (\\u00abpar hasard\\u00bb seraient \\u00f8 ~ 33% )\",\"inLanguage\":\"fr-FR\",\"potentialAction\":[{\"@type\":\"ReadAction\",\"target\":[\"http:\/\/dataminingsoccer.com\/fr\/ligue-des-champions-et-ligue-europa\/pronostics\/coupe-du-monde-clubs-2013\/\"]}]}]}<\/script>\n<!-- \/ Yoast SEO plugin. -->","_links":{"self":[{"href":"http:\/\/dataminingsoccer.com\/fr\/wp-json\/wp\/v2\/pages\/901"}],"collection":[{"href":"http:\/\/dataminingsoccer.com\/fr\/wp-json\/wp\/v2\/pages"}],"about":[{"href":"http:\/\/dataminingsoccer.com\/fr\/wp-json\/wp\/v2\/types\/page"}],"author":[{"embeddable":true,"href":"http:\/\/dataminingsoccer.com\/fr\/wp-json\/wp\/v2\/users\/7"}],"replies":[{"embeddable":true,"href":"http:\/\/dataminingsoccer.com\/fr\/wp-json\/wp\/v2\/comments?post=901"}],"version-history":[{"count":9,"href":"http:\/\/dataminingsoccer.com\/fr\/wp-json\/wp\/v2\/pages\/901\/revisions"}],"predecessor-version":[{"id":1649,"href":"http:\/\/dataminingsoccer.com\/fr\/wp-json\/wp\/v2\/pages\/901\/revisions\/1649"}],"up":[{"embeddable":true,"href":"http:\/\/dataminingsoccer.com\/fr\/wp-json\/wp\/v2\/pages\/2752"}],"wp:attachment":[{"href":"http:\/\/dataminingsoccer.com\/fr\/wp-json\/wp\/v2\/media?parent=901"}],"curies":[{"name":"wp","href":"https:\/\/api.w.org\/{rel}","templated":true}]}}