{"id":8,"date":"2013-09-12T01:29:34","date_gmt":"2013-09-11T23:29:34","guid":{"rendered":"http:\/\/dataminingsoccer.com\/fr\/?page_id=8"},"modified":"2015-06-25T18:46:44","modified_gmt":"2015-06-25T16:46:44","slug":"angleterre","status":"publish","type":"page","link":"http:\/\/dataminingsoccer.com\/fr\/angleterre\/","title":{"rendered":"Angleterre"},"content":{"rendered":"<h2>R\u00e9sultats de Football: Pronostics utilisant Data Mining<\/h2><p><img loading=\"lazy\" class=\"alignnone size-full wp-image-184\" src=\"http:\/\/dataminingsoccer.com\/fr\/wp-content\/uploads\/sites\/6\/Premier-League-Football-Resultats-Prediction-m.png\" alt=\"Premier-League-Football-Resultats-Prediction\" width=\"37\" height=\"50\" \/>\u00a0\u00a0\u00a0\u00a0 <img loading=\"lazy\" class=\"alignnone size-full wp-image-2123\" src=\"http:\/\/dataminingsoccer.com\/fr\/wp-content\/uploads\/sites\/6\/FA-Cup.png\" alt=\"FA-Cup\" width=\"35\" height=\"50\" \/><\/p>\n<p>En Angleterre nous calculons des <a title=\"Pronostics\" href=\"http:\/\/dataminingsoccer.com\/fr\/angleterre\/pronostics-premier-league\/\">[pronostics]<\/a>, des <a title=\"Statistiques par \u00c9quipe\" href=\"http:\/\/dataminingsoccer.com\/fr\/angleterre\/statistiques-equipe\/\">[statistiques par \u00e9quipe]<\/a> et des <a title=\"Taux de Succ\u00e8s\" href=\"http:\/\/dataminingsoccer.com\/fr\/angleterre\/taux-succes\/\">[taux de succ\u00e8s]<\/a> pour les comp\u00e9titions suivantes:<\/p>\n<table>\n<tbody>\n<tr>\n<td><\/td>\n<td><a title=\"Pronostics\" href=\"http:\/\/dataminingsoccer.com\/fr\/angleterre\/pronostics-premier-league\/\">[pronostics]<\/a><\/td>\n<td><a title=\"Statistiques par \u00c9quipe\" href=\"http:\/\/dataminingsoccer.com\/fr\/angleterre\/statistiques-equipe\/\">[statistiques par \u00e9quipe]<\/a><\/td>\n<td><a title=\"Taux de Succ\u00e8s\" href=\"http:\/\/dataminingsoccer.com\/fr\/angleterre\/taux-succes\/\">[nos taux de succ\u00e8s]<\/a><\/td>\n<\/tr>\n<tr>\n<td><img loading=\"lazy\" class=\"alignnone size-full wp-image-185\" src=\"http:\/\/dataminingsoccer.com\/fr\/wp-content\/uploads\/sites\/6\/Premier-League-Football-Resultats-Prediction-s.png\" alt=\"Premier-League-Football-Resultats-Prediction\" width=\"23\" height=\"25\" \/><\/td>\n<td><a href=\"http:\/\/dataminingsoccer.com\/fr\/angleterre\/pronostics-premier-league\/premier-league-2015-2016\/\">[Premier League 2015\/16]<\/a><\/td>\n<td><a href=\"http:\/\/dataminingsoccer.com\/fr\/angleterre\/statistiques-equipe\/premier-league-2015-2016\/\">[Premier League 2015\/16]<\/a><\/td>\n<td><a href=\"http:\/\/dataminingsoccer.com\/fr\/angleterre\/taux-succes\/premier-league-2015-2016\/\">[Premier League 2015\/16]<\/a><\/td>\n<\/tr>\n<tr>\n<td><img loading=\"lazy\" class=\"alignnone size-full wp-image-2122\" src=\"http:\/\/dataminingsoccer.com\/fr\/wp-content\/uploads\/sites\/6\/FA-Cup-s.png\" alt=\"FA-Cup\" width=\"18\" height=\"26\" \/><\/td>\n<td><a href=\"http:\/\/dataminingsoccer.com\/fr\/angleterre\/pronostics-premier-league\/fa-cup-2015-2016\/\">[FA Cup 2015\/16]<\/a><\/td>\n<td><\/td>\n<td><\/td>\n<\/tr>\n<tr>\n<td><\/td>\n<td><a title=\"Pronostics\" href=\"http:\/\/dataminingsoccer.com\/fr\/angleterre\/pronostics-premier-league\/\">[avant]<\/a><\/td>\n<td><a title=\"Statistiques par \u00c9quipe\" href=\"http:\/\/dataminingsoccer.com\/fr\/angleterre\/statistiques-equipe\/\">[avant]<\/a><\/td>\n<td><a title=\"Taux de Succ\u00e8s\" href=\"http:\/\/dataminingsoccer.com\/fr\/angleterre\/taux-succes\/\">[avant]<\/a><\/td>\n<\/tr>\n<\/tbody>\n<\/table>\n<p>Pronostics de r\u00e9sultats de football utilisant data mining pour l&rsquo;Angleterre @ Data.Mininig.Soccer<\/p>\n<p><img loading=\"lazy\" class=\"alignnone size-full wp-image-184\" src=\"http:\/\/dataminingsoccer.com\/fr\/wp-content\/uploads\/sites\/6\/Premier-League-Football-Resultats-Prediction-m.png\" alt=\"Premier-League-Football-Resultats-Prediction\" width=\"37\" height=\"50\" \/>\u00a0\u00a0\u00a0\u00a0 <img loading=\"lazy\" class=\"alignnone size-full wp-image-2123\" src=\"http:\/\/dataminingsoccer.com\/fr\/wp-content\/uploads\/sites\/6\/FA-Cup.png\" alt=\"FA-Cup\" width=\"35\" height=\"50\" \/><\/p>\n<p>Les gagnants des titres historiques de la\u00a0<a title=\"Pronostics Premier League\" href=\"http:\/\/dataminingsoccer.com\/fr\/angleterre\/pronostics-premier-league\/premier-league-2015-2016\/\">[Premier League]<\/a> en Angleterre, et le nombre de championnats remport\u00e9s en bref:<\/p>\n<p>Manchester United\u00a0\u00a0 (20)<br \/>\nFC Liverpool\u00a0\u00a0 (18)<br \/>\nFC Arsenal\u00a0\u00a0 (13)<br \/>\nFC Everton \u00a0 (9)<br \/>\nAston Villa\u00a0\u00a0 (7)<br \/>\nAFC Sunderland\u00a0\u00a0 (6)<br \/>\nFC Chelsea\u00a0\u00a0 (5)\u00a0\u00a0<img loading=\"lazy\" class=\"alignnone size-full wp-image-185\" src=\"http:\/\/dataminingsoccer.com\/fr\/wp-content\/uploads\/sites\/6\/Premier-League-Football-Resultats-Prediction-s.png\" alt=\"Premier-League-Football-Resultats-Prediction\" width=\"23\" height=\"25\" \/> \u00a0 (champion actuel)<br \/>\nNewcastle United\u00a0\u00a0 (4)<br \/>\nManchester City \u00a0 (4)<br \/>\nTottenham Hotspur\u00a0\u00a0 (2)<br \/>\nWest Bromwich Albion \u00a0 (1)<\/p>\n<p><img loading=\"lazy\" class=\"alignnone size-full wp-image-184\" src=\"http:\/\/dataminingsoccer.com\/fr\/wp-content\/uploads\/sites\/6\/Premier-League-Football-Resultats-Prediction-m.png\" alt=\"Premier-League-Football-Resultats-Prediction\" width=\"37\" height=\"50\" \/>\u00a0\u00a0\u00a0\u00a0 <img loading=\"lazy\" class=\"alignnone size-full wp-image-2123\" src=\"http:\/\/dataminingsoccer.com\/fr\/wp-content\/uploads\/sites\/6\/FA-Cup.png\" alt=\"FA-Cup\" width=\"35\" height=\"50\" \/><\/p>\n<p>Les gagnants des titres historiques de la Coupe <a href=\"http:\/\/dataminingsoccer.com\/fr\/angleterre\/pronostics-premier-league\/fa-cup-2015-2016\/\">[&lsquo;FA Cup&rsquo;]<\/a> en Angleterre:<\/p>\n<p>FC Arsenal\u00a0\u00a0 (12)\u00a0\u00a0 <img loading=\"lazy\" class=\"alignnone size-full wp-image-2122\" src=\"http:\/\/dataminingsoccer.com\/fr\/wp-content\/uploads\/sites\/6\/FA-Cup-s.png\" alt=\"FA-Cup\" width=\"18\" height=\"26\" \/>\u00a0\u00a0 (champion actuel)<br \/>\nManchester United\u00a0\u00a0 (11)<br \/>\nTottenham Hotspur\u00a0\u00a0 (8)<br \/>\nFC Liverpool\u00a0\u00a0 (7)<br \/>\nFC Chelsea\u00a0\u00a0 (7)<br \/>\nAston Villa\u00a0\u00a0 (7)<br \/>\nNewcastle United\u00a0\u00a0 (6)<br \/>\nBlackburn Rovers\u00a0\u00a0 (6)<br \/>\nFC Everton\u00a0\u00a0 (5)<br \/>\nWest Bromwich Albion\u00a0\u00a0 (5)<br \/>\nManchester City\u00a0\u00a0 (5)<br \/>\nWanderers FC\u00a0\u00a0 (5)<br \/>\nWolverhampton Wanderers\u00a0\u00a0 (4)<br \/>\nBolton Wanderers\u00a0\u00a0 (4)<br \/>\nSheffield United\u00a0\u00a0 (4)<br \/>\nSheffield Wednesday\u00a0\u00a0 (3)<br \/>\nWest Ham United\u00a0\u00a0 (3)<br \/>\nPreston North End\u00a0\u00a0 (2)<br \/>\nOld Etonians\u00a0\u00a0 (2)<br \/>\nFC Portsmouth\u00a0\u00a0 (2)<br \/>\nAFC Sunderland\u00a0\u00a0 (2)<br \/>\nNottingham Forest\u00a0\u00a0 (2)<br \/>\nFC Bury\u00a0\u00a0 (2)<br \/>\nHuddersfield Town\u00a0\u00a0 (1)<br \/>\nFC Southampton\u00a0\u00a0 (1)<br \/>\nLeeds United\u00a0\u00a0 (1)<br \/>\nDerby County\u00a0\u00a0 (1)<br \/>\nRoyal Engineers AFC\u00a0\u00a0 (1)<br \/>\nOxford University\u00a0\u00a0 (1)<br \/>\nFC Blackpool\u00a0\u00a0 (1)<br \/>\nCardiff City\u00a0\u00a0 (1)<br \/>\nFC Burnley\u00a0\u00a0 (1)<br \/>\nCharlton Athletic\u00a0\u00a0 (1)<br \/>\nFC Barnsley\u00a0\u00a0 (1)<br \/>\nNotts County\u00a0\u00a0 (1)<br \/>\nClapham Rovers\u00a0\u00a0 (1)<br \/>\nWigan Athletic\u00a0\u00a0 (1)<br \/>\nFC Wimbledon\u00a0\u00a0 (1)<br \/>\nCoventry City\u00a0\u00a0 (1)<br \/>\nIpswich Town\u00a0\u00a0 (1)<br \/>\nBradford City\u00a0\u00a0 (1)<br \/>\nBlackburn Olympic\u00a0\u00a0 (1)<br \/>\nOld Carthusians\u00a0\u00a0 (1)<\/p>\n<p><img loading=\"lazy\" class=\"alignnone size-full wp-image-184\" src=\"http:\/\/dataminingsoccer.com\/fr\/wp-content\/uploads\/sites\/6\/Premier-League-Football-Resultats-Prediction-m.png\" alt=\"Premier-League-Football-Resultats-Prediction\" width=\"37\" height=\"50\" \/>\u00a0\u00a0\u00a0\u00a0 <img loading=\"lazy\" class=\"alignnone size-full wp-image-2123\" src=\"http:\/\/dataminingsoccer.com\/fr\/wp-content\/uploads\/sites\/6\/FA-Cup.png\" alt=\"FA-Cup\" width=\"35\" height=\"50\" \/><\/p>\n<p>Les gagnants des titres historiques de la Coupe &lsquo;League Cup&rsquo; en Angleterre:<\/p>\n<p>FC Liverpool\u00a0\u00a0 (8)<br \/>\nAston Villa\u00a0\u00a0 (5)<br \/>\nFC Chelsea\u00a0\u00a0 (5)\u00a0\u00a0\u00a0<img loading=\"lazy\" class=\"alignnone size-full wp-image-2122\" src=\"http:\/\/dataminingsoccer.com\/fr\/wp-content\/uploads\/sites\/6\/FA-Cup-s.png\" alt=\"FA-Cup\" width=\"18\" height=\"26\" \/>\u00a0\u00a0 (champion actuel)<br \/>\nManchester United\u00a0\u00a0 (4)<br \/>\nTottenham Hotspur\u00a0\u00a0 (4)<br \/>\nNottingham Forest\u00a0\u00a0 (4)<br \/>\nLeicester City\u00a0\u00a0 (3)<br \/>\nManchester City\u00a0\u00a0 (3)<br \/>\nFC Arsenal\u00a0\u00a0 (2)<br \/>\nNorwich City\u00a0\u00a0 (2)<br \/>\nBirmingham City\u00a0\u00a0 (2)<br \/>\nWolverhampton Wanderers\u00a0\u00a0 (2)<\/p>\n<p><img loading=\"lazy\" class=\"alignnone size-full wp-image-184\" src=\"http:\/\/dataminingsoccer.com\/fr\/wp-content\/uploads\/sites\/6\/Premier-League-Football-Resultats-Prediction-m.png\" alt=\"Premier-League-Football-Resultats-Prediction\" width=\"37\" height=\"50\" \/>\u00a0\u00a0\u00a0\u00a0 <img loading=\"lazy\" class=\"alignnone size-full wp-image-2123\" src=\"http:\/\/dataminingsoccer.com\/fr\/wp-content\/uploads\/sites\/6\/FA-Cup.png\" alt=\"FA-Cup\" width=\"35\" height=\"50\" \/><\/p>\n","protected":false},"excerpt":{"rendered":"<p>R\u00e9sultats de Football: Pronostics utilisant Data Mining\u00a0\u00a0\u00a0\u00a0 En Angleterre nous calculons des [pronostics], des [statistiques par \u00e9quipe] et des [taux de succ\u00e8s] pour les comp\u00e9titions suivantes: [pronostics] [statistiques par \u00e9quipe] [nos taux de succ\u00e8s] [Premier League 2015\/16] [Premier League 2015\/16] [Premier League 2015\/16] [FA Cup 2015\/16] [avant] [avant] [avant] Pronostics de r\u00e9sultats de football utilisant &hellip; <a href=\"http:\/\/dataminingsoccer.com\/fr\/angleterre\/\" class=\"more-link\">Continuer la lecture de <span class=\"screen-reader-text\">Angleterre<\/span> <span class=\"meta-nav\">&rarr;<\/span><\/a><\/p>\n","protected":false},"author":7,"featured_media":0,"parent":0,"menu_order":11,"comment_status":"closed","ping_status":"closed","template":"","meta":[],"yoast_head":"<!-- This site is optimized with the Yoast SEO plugin v14.8 - https:\/\/yoast.com\/wordpress\/plugins\/seo\/ -->\n<meta name=\"description\" content=\"Football anglais. Aper\u00e7u historique des championnats de la Premier League. Pronostics football en utilisant r\u00e9sultat de data mining.\" \/>\n<meta name=\"robots\" content=\"index, follow\" \/>\n<meta name=\"googlebot\" content=\"index, follow, max-snippet:-1, max-image-preview:large, max-video-preview:-1\" \/>\n<meta name=\"bingbot\" content=\"index, follow, max-snippet:-1, max-image-preview:large, max-video-preview:-1\" \/>\n<link rel=\"canonical\" href=\"http:\/\/dataminingsoccer.com\/fr\/angleterre\/\" \/>\n<script type=\"application\/ld+json\" class=\"yoast-schema-graph\">{\"@context\":\"https:\/\/schema.org\",\"@graph\":[{\"@type\":\"WebSite\",\"@id\":\"http:\/\/dataminingsoccer.com\/fr\/#website\",\"url\":\"http:\/\/dataminingsoccer.com\/fr\/\",\"name\":\"Pronostics de R\\u00e9sultats de Football\",\"description\":\"bas\\u00e9 sur des analyses statistiques utilisant data mining.. Nous aimons le football!     Nous aimons les jeux de nombre!\",\"potentialAction\":[{\"@type\":\"SearchAction\",\"target\":\"http:\/\/dataminingsoccer.com\/fr\/?s={search_term_string}\",\"query-input\":\"required name=search_term_string\"}],\"inLanguage\":\"fr-FR\"},{\"@type\":\"ImageObject\",\"@id\":\"http:\/\/dataminingsoccer.com\/fr\/angleterre\/#primaryimage\",\"inLanguage\":\"fr-FR\",\"url\":\"http:\/\/dataminingsoccer.com\/fr\/wp-content\/uploads\/sites\/6\/Premier-League-Football-Resultats-Prediction-m.png\",\"width\":37,\"height\":50,\"caption\":\"Premier-League-Football-Resultats-Prediction\"},{\"@type\":\"WebPage\",\"@id\":\"http:\/\/dataminingsoccer.com\/fr\/angleterre\/#webpage\",\"url\":\"http:\/\/dataminingsoccer.com\/fr\/angleterre\/\",\"name\":\"Angleterre - Pronostics de R\\u00e9sultats de Football\",\"isPartOf\":{\"@id\":\"http:\/\/dataminingsoccer.com\/fr\/#website\"},\"primaryImageOfPage\":{\"@id\":\"http:\/\/dataminingsoccer.com\/fr\/angleterre\/#primaryimage\"},\"datePublished\":\"2013-09-11T23:29:34+00:00\",\"dateModified\":\"2015-06-25T16:46:44+00:00\",\"description\":\"Football anglais. Aper\\u00e7u historique des championnats de la Premier League. Pronostics football en utilisant r\\u00e9sultat de data mining.\",\"inLanguage\":\"fr-FR\",\"potentialAction\":[{\"@type\":\"ReadAction\",\"target\":[\"http:\/\/dataminingsoccer.com\/fr\/angleterre\/\"]}]}]}<\/script>\n<!-- \/ Yoast SEO plugin. -->","_links":{"self":[{"href":"http:\/\/dataminingsoccer.com\/fr\/wp-json\/wp\/v2\/pages\/8"}],"collection":[{"href":"http:\/\/dataminingsoccer.com\/fr\/wp-json\/wp\/v2\/pages"}],"about":[{"href":"http:\/\/dataminingsoccer.com\/fr\/wp-json\/wp\/v2\/types\/page"}],"author":[{"embeddable":true,"href":"http:\/\/dataminingsoccer.com\/fr\/wp-json\/wp\/v2\/users\/7"}],"replies":[{"embeddable":true,"href":"http:\/\/dataminingsoccer.com\/fr\/wp-json\/wp\/v2\/comments?post=8"}],"version-history":[{"count":16,"href":"http:\/\/dataminingsoccer.com\/fr\/wp-json\/wp\/v2\/pages\/8\/revisions"}],"predecessor-version":[{"id":3088,"href":"http:\/\/dataminingsoccer.com\/fr\/wp-json\/wp\/v2\/pages\/8\/revisions\/3088"}],"wp:attachment":[{"href":"http:\/\/dataminingsoccer.com\/fr\/wp-json\/wp\/v2\/media?parent=8"}],"curies":[{"name":"wp","href":"https:\/\/api.w.org\/{rel}","templated":true}]}}