{"id":61,"date":"2013-09-12T17:22:58","date_gmt":"2013-09-12T15:22:58","guid":{"rendered":"http:\/\/dataminingsoccer.com\/fr\/?page_id=61"},"modified":"2018-05-18T07:53:34","modified_gmt":"2018-05-18T05:53:34","slug":"contact","status":"publish","type":"page","link":"http:\/\/dataminingsoccer.com\/fr\/contact\/","title":{"rendered":"Contact"},"content":{"rendered":"<h2>R\u00e9sultats de Football: Pronostics utilisant Data <\/h2><table style=\"border: 0px; line-height: 1.5;\">\n<tbody>\n<tr>\n<td style=\"border: 0px;\">\n<p style=\"text-align: justify;\">Pour toutes questions, tu peux me contacter \u00e0:<\/p>\n<p>Thomas J. MEYER<br \/>\n@ ROGEON Verlag (maison d&rsquo;\u00e9dition)<br \/>\nTalstr. 106<br \/>\n73732 Esslingen a.N.<br \/>\nAllemagne<br \/>\nEmail: info [at] dataminingsoccer.com<\/p>\n<p>Je vais essayer de te r\u00e9pondre d\u00e8s que possible!<\/td>\n<td style=\"text-align: center; vertical-align: top; border: 0px;\" width=\"200\"><img loading=\"lazy\" class=\"alignnone size-full wp-image-2881\" src=\"http:\/\/dataminingsoccer.com\/fr\/wp-content\/uploads\/sites\/6\/Data-Mining-Soccer-Email.jpg\" alt=\"Data-Mining-Soccer-Email\" width=\"130\" height=\"200\" \/><\/td>\n<\/tr>\n<\/tbody>\n<\/table>\n","protected":false},"excerpt":{"rendered":"<p>R\u00e9sultats de Football: Pronostics utilisant Data Pour toutes questions, tu peux me contacter \u00e0: Thomas J. MEYER @ ROGEON Verlag (maison d&rsquo;\u00e9dition) Talstr. 106 73732 Esslingen a.N. Allemagne Email: info [at] dataminingsoccer.com Je vais essayer de te r\u00e9pondre d\u00e8s que possible!<\/p>\n","protected":false},"author":7,"featured_media":0,"parent":0,"menu_order":100,"comment_status":"closed","ping_status":"closed","template":"","meta":[],"yoast_head":"<!-- This site is optimized with the Yoast SEO plugin v14.8 - https:\/\/yoast.com\/wordpress\/plugins\/seo\/ -->\n<meta name=\"description\" content=\"L&#039;\u00e9quipe de DataMiningSoccer.com se r\u00e9jouit de recevoir tes commentaires et tes questions!\" \/>\n<meta name=\"robots\" content=\"noindex, follow\" \/>\n<script type=\"application\/ld+json\" class=\"yoast-schema-graph\">{\"@context\":\"https:\/\/schema.org\",\"@graph\":[{\"@type\":\"WebSite\",\"@id\":\"http:\/\/dataminingsoccer.com\/fr\/#website\",\"url\":\"http:\/\/dataminingsoccer.com\/fr\/\",\"name\":\"Pronostics de R\\u00e9sultats de Football\",\"description\":\"bas\\u00e9 sur des analyses statistiques utilisant data mining.. Nous aimons le football!     Nous aimons les jeux de nombre!\",\"potentialAction\":[{\"@type\":\"SearchAction\",\"target\":\"http:\/\/dataminingsoccer.com\/fr\/?s={search_term_string}\",\"query-input\":\"required name=search_term_string\"}],\"inLanguage\":\"fr-FR\"},{\"@type\":\"ImageObject\",\"@id\":\"http:\/\/dataminingsoccer.com\/fr\/contact\/#primaryimage\",\"inLanguage\":\"fr-FR\",\"url\":\"http:\/\/dataminingsoccer.com\/fr\/wp-content\/uploads\/sites\/6\/Data-Mining-Soccer-Email.jpg\",\"width\":130,\"height\":200,\"caption\":\"Data-Mining-Soccer-Email\"},{\"@type\":\"WebPage\",\"@id\":\"http:\/\/dataminingsoccer.com\/fr\/contact\/#webpage\",\"url\":\"http:\/\/dataminingsoccer.com\/fr\/contact\/\",\"name\":\"Contact - Pronostics de R\\u00e9sultats de Football\",\"isPartOf\":{\"@id\":\"http:\/\/dataminingsoccer.com\/fr\/#website\"},\"primaryImageOfPage\":{\"@id\":\"http:\/\/dataminingsoccer.com\/fr\/contact\/#primaryimage\"},\"datePublished\":\"2013-09-12T15:22:58+00:00\",\"dateModified\":\"2018-05-18T05:53:34+00:00\",\"description\":\"L'\\u00e9quipe de DataMiningSoccer.com se r\\u00e9jouit de recevoir tes commentaires et tes questions!\",\"inLanguage\":\"fr-FR\",\"potentialAction\":[{\"@type\":\"ReadAction\",\"target\":[\"http:\/\/dataminingsoccer.com\/fr\/contact\/\"]}]}]}<\/script>\n<!-- \/ Yoast SEO plugin. -->","_links":{"self":[{"href":"http:\/\/dataminingsoccer.com\/fr\/wp-json\/wp\/v2\/pages\/61"}],"collection":[{"href":"http:\/\/dataminingsoccer.com\/fr\/wp-json\/wp\/v2\/pages"}],"about":[{"href":"http:\/\/dataminingsoccer.com\/fr\/wp-json\/wp\/v2\/types\/page"}],"author":[{"embeddable":true,"href":"http:\/\/dataminingsoccer.com\/fr\/wp-json\/wp\/v2\/users\/7"}],"replies":[{"embeddable":true,"href":"http:\/\/dataminingsoccer.com\/fr\/wp-json\/wp\/v2\/comments?post=61"}],"version-history":[{"count":9,"href":"http:\/\/dataminingsoccer.com\/fr\/wp-json\/wp\/v2\/pages\/61\/revisions"}],"predecessor-version":[{"id":3370,"href":"http:\/\/dataminingsoccer.com\/fr\/wp-json\/wp\/v2\/pages\/61\/revisions\/3370"}],"wp:attachment":[{"href":"http:\/\/dataminingsoccer.com\/fr\/wp-json\/wp\/v2\/media?parent=61"}],"curies":[{"name":"wp","href":"https:\/\/api.w.org\/{rel}","templated":true}]}}