{"id":48,"date":"2013-09-12T04:11:43","date_gmt":"2013-09-12T02:11:43","guid":{"rendered":"http:\/\/dataminingsoccer.com\/fr\/?page_id=48"},"modified":"2018-05-20T10:24:51","modified_gmt":"2018-05-20T08:24:51","slug":"adresse-legale","status":"publish","type":"page","link":"http:\/\/dataminingsoccer.com\/fr\/adresse-legale\/","title":{"rendered":"Adresse L\u00e9gale"},"content":{"rendered":"<h2>R\u00e9sultats de Football: Pronostics utilisant Data Mining<\/h2><p style=\"text-align: justify;\">Responsable pour le contenu du blogue de Data.Mining.Soccer est:<\/p>\n<p style=\"text-align: justify;\">Thomas J. MEYER<br \/>\n@ ROGEON Verlag (maison d&rsquo;\u00e9dition)<br \/>\nTalstr. 106<br \/>\n73732 Esslingen a.N.<br \/>\nAllemagne<br \/>\nEmail: info [at] dataminingsoccer.com<\/p>\n<p style=\"text-align: justify;\">IMPORTANT: Aucune responsabilit\u00e9 n\u2019est assum\u00e9e pour les donn\u00e9es obtenues \u00e0 l\u2019aide de ce site dans le but de r\u00e9sultats de pr\u00e9diction d\u2019infodivertissement!<\/p>\n<p style=\"text-align: justify;\">Nous sommes tr\u00e8s heureux que tu es int\u00e9ress\u00e9(e) \u00e0 nos pr\u00e9dictions de r\u00e9sultats de football et que tu les utilise peut-\u00eatre m\u00eame de temps en temps pour tes paris. Gr\u00e2ce \u00e0 notre pr\u00e9sentation transparente de toutes nos pr\u00e9dictions calcul\u00e9es a priori ainsi que les r\u00e9sultats r\u00e9els des matches, tu peux objectivement comprendre que l\u2019analyse statistique fournit un gain moyen de l\u2019information. N\u00e9anmoins il est important de comprendre que \u2013 et de le faire tr\u00e8s explicite ici \u2013 que nos pr\u00e9dictions pour des championnats ou des tournois individuels, pour une journ\u00e9e donn\u00e9, et en particulier pour un match particulier peuvent \u00eatre fausses, m\u00eame si notre facteur de\u00a0confiance statistique (DMS-C) est relativement \u00e9lev\u00e9e. En cons\u00e9quence, nous d\u00e9clinons toute responsabilit\u00e9 quant \u00e0 l\u2019utilisation de nos pr\u00e9visions.<\/p>\n<p style=\"text-align: justify;\">Autres aspects l\u00e9gaux<\/p>\n<p style=\"text-align: justify;\">Les propri\u00e9taires de ce site sont ind\u00e9pendants et ils ne sont en aucune part d\u00e9pendance de droit ou ont une relation similaire \u00e0 paris commerces et entreprises similaires d\u2019une part, ou \u00e0 des associations de football, des soci\u00e9t\u00e9s ou organismes similaires de toutes sortes d\u2019autre part. La m\u00eame s\u2019applique \u00e0 nos relations avec nos partenaires publicitaires. Les pr\u00e9visions de r\u00e9sultat de football sur ce site sont donc calcul\u00e9es en toute ind\u00e9pendance sur la base des donn\u00e9es statistiques disponibles publiquement (dont la validit\u00e9 n\u2019est pas v\u00e9rifi\u00e9e par les op\u00e9rateurs de ce site) dans le but d\u2019infotainment dans les domaines de football ainsi que des statistiques et data mining. Veuillez noter \u00e0 cet \u00e9gard, entre autres, notre <a title=\"Sans Responsabilit\u00e9\" href=\"http:\/\/dataminingsoccer.com\/fr\/mentions-legales\/sans-responsabilite\/\">[non-responsabilit\u00e9]<\/a> pour les pr\u00e9visions de r\u00e9sultats de football que nous calculons \u00e0 l\u2019usage d\u2019infotainment.<\/p>\n<p style=\"text-align: justify;\">Ce site est fourni en plusieurs langues pour servir plus de personnes dans leur langue maternelle. Pour parvenir \u00e0 cela de mani\u00e8re efficace nous utilisons \u2013 au moins partiellement \u2013 le service de traduction en ligne de Google. Nous savons que les r\u00e9sultats peuvent parfois \u00eatre assez sous-optimal. Nous nous excusons donc pour tous les inconv\u00e9nients, formulation peu claire ou malentendus potentiels. Ce seul entra\u00eene in\u00e9vitablement le fait que nous devons <a title=\"Sans Responsabilit\u00e9\" href=\"http:\/\/dataminingsoccer.com\/fr\/mentions-legales\/sans-responsabilite\/\">[exclure toute responsabilit\u00e9]<\/a> pour le contenu de ce site infotainment.<\/p>\n<p style=\"text-align: justify;\">Tout le contenu de ce site et en particulier les pr\u00e9visions de r\u00e9sultat et le calcul des quotas sont la propri\u00e9t\u00e9 intellectuelle de l\u2019e-stablish business GmbH. Duplications, changements, r\u00e9utilisation \u00e9conomique, etc ne sont autoris\u00e9es qu\u2019avec le consentement explicite de l\u2019entreprise et en indiquant DataMiningSoccer.com comme source.<\/p>\n<p style=\"text-align: justify;\">Le e-business affermir GmbH n\u2019assume aucune responsabilit\u00e9 pour les conclusions qui sont faites sur la base des pr\u00e9visions de la Data.Mining.Fox logiciel.<\/p>\n<p style=\"text-align: justify;\">Aucune responsabilit\u00e9 ne peut \u00eatre accept\u00e9e pour le contenu des pages li\u00e9es (linked). Bien que ces liens ont \u00e9t\u00e9 soigneusement s\u00e9lectionn\u00e9s, ni le contenu ni la dynamique de changement constant des sous liens sur ce site peuvent \u00eatre contr\u00f4l\u00e9s en permanence, voire influenc\u00e9s. Par cons\u00e9quent, toute responsabilit\u00e9 pour ces contenus est exclue.<\/p>\n<p>Information sur les droits de l\u2019image:<\/p>\n<p>(c) 8bit-football.com: images 8bit d\u00e9velopp\u00e9es par Matheus Toscano<br \/>\n(c) DFL: logo de la 1.Bundesliga<br \/>\n(c) FIFA: logo du Championnat du Monde 2010<br \/>\n(c) FIFA: logo du Championnat du Monde 2014<br \/>\n(c) LFP: logo de la Ligue 1<br \/>\n(c) LFP: logo de la Primera Divisi\u00f3n<br \/>\n(c) Lega Nazionale Professionisti: logo de la Serie A<br \/>\n(c) Premier League: logo de la Premier League<br \/>\n(c) UEFA: logo de la Ligue des Champions<br \/>\n(c) UEFA: logo du Championnat d\u2019Europe 2012<br \/>\n(c) UEFA: logo de la Ligue Europa<\/p>\n","protected":false},"excerpt":{"rendered":"<p>R\u00e9sultats de Football: Pronostics utilisant Data MiningResponsable pour le contenu du blogue de Data.Mining.Soccer est: Thomas J. MEYER @ ROGEON Verlag (maison d&rsquo;\u00e9dition) Talstr. 106 73732 Esslingen a.N. Allemagne Email: info [at] dataminingsoccer.com IMPORTANT: Aucune responsabilit\u00e9 n\u2019est assum\u00e9e pour les donn\u00e9es obtenues \u00e0 l\u2019aide de ce site dans le but de r\u00e9sultats de pr\u00e9diction d\u2019infodivertissement! &hellip; <a href=\"http:\/\/dataminingsoccer.com\/fr\/adresse-legale\/\" class=\"more-link\">Continuer la lecture de <span class=\"screen-reader-text\">Adresse L\u00e9gale<\/span> <span class=\"meta-nav\">&rarr;<\/span><\/a><\/p>\n","protected":false},"author":7,"featured_media":0,"parent":0,"menu_order":80,"comment_status":"closed","ping_status":"closed","template":"","meta":[],"yoast_head":"<!-- This site is optimized with the Yoast SEO plugin v14.8 - https:\/\/yoast.com\/wordpress\/plugins\/seo\/ -->\n<meta name=\"description\" content=\"Responsable pour le contenu de cette page est: e-stablish business GmbH, si\u00e8ge social \u00e0 Munich, Allemagne.\" \/>\n<meta name=\"robots\" content=\"noindex, follow\" \/>\n<script type=\"application\/ld+json\" class=\"yoast-schema-graph\">{\"@context\":\"https:\/\/schema.org\",\"@graph\":[{\"@type\":\"WebSite\",\"@id\":\"http:\/\/dataminingsoccer.com\/fr\/#website\",\"url\":\"http:\/\/dataminingsoccer.com\/fr\/\",\"name\":\"Pronostics de R\\u00e9sultats de Football\",\"description\":\"bas\\u00e9 sur des analyses statistiques utilisant data mining.. Nous aimons le football!     Nous aimons les jeux de nombre!\",\"potentialAction\":[{\"@type\":\"SearchAction\",\"target\":\"http:\/\/dataminingsoccer.com\/fr\/?s={search_term_string}\",\"query-input\":\"required name=search_term_string\"}],\"inLanguage\":\"fr-FR\"},{\"@type\":\"WebPage\",\"@id\":\"http:\/\/dataminingsoccer.com\/fr\/adresse-legale\/#webpage\",\"url\":\"http:\/\/dataminingsoccer.com\/fr\/adresse-legale\/\",\"name\":\"Adresse L\\u00e9gale - Pronostics de R\\u00e9sultats de Football\",\"isPartOf\":{\"@id\":\"http:\/\/dataminingsoccer.com\/fr\/#website\"},\"datePublished\":\"2013-09-12T02:11:43+00:00\",\"dateModified\":\"2018-05-20T08:24:51+00:00\",\"description\":\"Responsable pour le contenu de cette page est: e-stablish business GmbH, si\\u00e8ge social \\u00e0 Munich, Allemagne.\",\"inLanguage\":\"fr-FR\",\"potentialAction\":[{\"@type\":\"ReadAction\",\"target\":[\"http:\/\/dataminingsoccer.com\/fr\/adresse-legale\/\"]}]}]}<\/script>\n<!-- \/ Yoast SEO plugin. -->","_links":{"self":[{"href":"http:\/\/dataminingsoccer.com\/fr\/wp-json\/wp\/v2\/pages\/48"}],"collection":[{"href":"http:\/\/dataminingsoccer.com\/fr\/wp-json\/wp\/v2\/pages"}],"about":[{"href":"http:\/\/dataminingsoccer.com\/fr\/wp-json\/wp\/v2\/types\/page"}],"author":[{"embeddable":true,"href":"http:\/\/dataminingsoccer.com\/fr\/wp-json\/wp\/v2\/users\/7"}],"replies":[{"embeddable":true,"href":"http:\/\/dataminingsoccer.com\/fr\/wp-json\/wp\/v2\/comments?post=48"}],"version-history":[{"count":20,"href":"http:\/\/dataminingsoccer.com\/fr\/wp-json\/wp\/v2\/pages\/48\/revisions"}],"predecessor-version":[{"id":3388,"href":"http:\/\/dataminingsoccer.com\/fr\/wp-json\/wp\/v2\/pages\/48\/revisions\/3388"}],"wp:attachment":[{"href":"http:\/\/dataminingsoccer.com\/fr\/wp-json\/wp\/v2\/media?parent=48"}],"curies":[{"name":"wp","href":"https:\/\/api.w.org\/{rel}","templated":true}]}}