{"id":477,"date":"2013-10-19T00:09:39","date_gmt":"2013-10-18T22:09:39","guid":{"rendered":"http:\/\/dataminingsoccer.com\/fr\/?page_id=477"},"modified":"2014-06-21T01:02:19","modified_gmt":"2014-06-20T23:02:19","slug":"donnees-coupe-europe","status":"publish","type":"page","link":"http:\/\/dataminingsoccer.com\/fr\/download-telechargement-donnees\/donnees-coupe-europe\/","title":{"rendered":"Donn\u00e9es de la Coupe d&rsquo;Europe"},"content":{"rendered":"<h2>T\u00e9l\u00e9chargement des r\u00e9sultats et donn\u00e9es de football<\/h2><p style=\"text-align: justify;\">Ici tu peux trouver et t\u00e9l\u00e9charger tous les r\u00e9sultats historiques des matches des Coupes d&rsquo;Europe entre 1960 et aujourd&rsquo;hui.<\/p>\n<p style=\"text-align: justify;\">Nous avons rassembl\u00e9 tous les matches et les r\u00e9sultats de chaque\u00a0Championnat d&rsquo;Europe de football comme t\u00e9l\u00e9chargement gratuit. Vous avez acc\u00e8s \u00e0 tous les matches de la phase de groupes jusqu\u2019\u00e0 la finale.<\/p>\n<p style=\"text-align: justify;\">Peu importe si tu souhaites parcourir les victoires historiques des grandes \u00e9quipes ou faire tes propres analyses de pr\u00e9diction: nous offrons toutes les donn\u00e9es comme download gratuit. Renseignement sp\u00e9cial: Le logiciel <a title=\"Data.Mining.Fox\u00ae de Easy.Data.Mining\u2122\" href=\"http:\/\/www.easydatamining.com\" target=\"_blank\">[Data.Mining.Fox\u00ae de Easy.Data.Mining\u2122]<\/a> peut \u00e9galement \u00eatre t\u00e9l\u00e9charg\u00e9 gratuitement.<\/p>\n<p style=\"text-align: justify;\">La liste des donn\u00e9es avec les r\u00e9sultats de toutes les Coupes\u00a0d&rsquo;Europe de football couvre:<\/p>\n<p style=\"text-align: justify;\">Championnat d&rsquo;Europe 1960: France<br \/>\nChampionnat d&rsquo;Europe 1964: Espagne<br \/>\nChampionnat d&rsquo;Europe 1968: Italie<br \/>\nChampionnat d&rsquo;Europe 1972: Belgique<br \/>\nChampionnat d&rsquo;Europe 1976: Yougoslavie<br \/>\nChampionnat d&rsquo;Europe 1980: Italie<br \/>\nChampionnat d&rsquo;Europe 1984: France<br \/>\nChampionnat d&rsquo;Europe 1988: Allemagne<br \/>\nChampionnat d&rsquo;Europe1992: Su\u00e8de<br \/>\nChampionnat d&rsquo;Europe 1996: Angleterre<br \/>\nChampionnat d&rsquo;Europe 2000: Belgique &amp; Pays-Bas<br \/>\nChampionnat d&rsquo;Europe 2004: Portugal<br \/>\nChampionnat d&rsquo;Europe 2008: Autriche &amp; Suisse<br \/>\nChampionnat d&rsquo;Europe 2012: Pologne et Ukraine<\/p>\n<p style=\"text-align: center;\"><a title=\"Data.Mining.Soccer\u2122 donn\u00e9es Coupe d'Europe\" href=\"http:\/\/dataminingsoccer.com\/de\/wp-content\/downloads\/SoccerDataAllEuropeanChampionships.csv\" target=\"_blank\">[Lien de t\u00e9l\u00e9chargement pour toutes les donn\u00e9es historiques du championnat de football europ\u00e9ens]<\/a><\/p>\n<p><a title=\"Donn\u00e9es de la Coupe d\u2019Europe\" href=\"http:\/\/dataminingsoccer.com\/fr\/download-telechargement-donnees\/donnees-coupe-europe\/\"><img loading=\"lazy\" class=\"alignnone size-full wp-image-1072\" src=\"http:\/\/dataminingsoccer.com\/fr\/wp-content\/uploads\/sites\/6\/Data-Mining-Soccer-haut-de-page-m.png\" alt=\"Data-Mining-Soccer-haut-de-page\" width=\"50\" height=\"50\" \/><\/a>\u00a0\u00a0\u00a0\u00a0 <a href=\"http:\/\/dataminingsoccer.com\/fr\/\"><img loading=\"lazy\" class=\"alignnone size-full wp-image-1070\" src=\"http:\/\/dataminingsoccer.com\/fr\/wp-content\/uploads\/sites\/6\/Data-Mining-Soccer-football-resultat-pronostics-m.png\" alt=\"Data-Mining-Soccer-football-resultat-pronostics\" width=\"50\" height=\"50\" \/><\/a>\u00a0\u00a0\u00a0\u00a0 <a title=\"DataMiningSoccer (fran\u00e7ais) @Twitter\" href=\"http:\/\/twitter.com\/DataMinSoccerFR\" target=\"_blank\"><img loading=\"lazy\" class=\"alignnone size-full wp-image-1473\" src=\"http:\/\/dataminingsoccer.com\/fr\/wp-content\/uploads\/sites\/6\/Twitter-Data-Mining-Soccer.png\" alt=\"Twitter-Data-Mining-Soccer\" width=\"50\" height=\"50\" \/><\/a>\u00a0\u00a0\u00a0\u00a0 <a title=\"DataMiningSoccer (anglais) @Facebook\" href=\"http:\/\/www.facebook.com\/dataminingsoccer\" target=\"_blank\"><img loading=\"lazy\" class=\"alignnone size-full wp-image-1469\" src=\"http:\/\/dataminingsoccer.com\/fr\/wp-content\/uploads\/sites\/6\/Facebook-Data-Mining-Soccer.png\" alt=\"Facebook-Data-Mining-Soccer\" width=\"50\" height=\"50\" \/><\/a><\/p>\n","protected":false},"excerpt":{"rendered":"<p>T\u00e9l\u00e9chargement des r\u00e9sultats et donn\u00e9es de footballIci tu peux trouver et t\u00e9l\u00e9charger tous les r\u00e9sultats historiques des matches des Coupes d&rsquo;Europe entre 1960 et aujourd&rsquo;hui. Nous avons rassembl\u00e9 tous les matches et les r\u00e9sultats de chaque\u00a0Championnat d&rsquo;Europe de football comme t\u00e9l\u00e9chargement gratuit. Vous avez acc\u00e8s \u00e0 tous les matches de la phase de groupes jusqu\u2019\u00e0 &hellip; <a href=\"http:\/\/dataminingsoccer.com\/fr\/download-telechargement-donnees\/donnees-coupe-europe\/\" class=\"more-link\">Continuer la lecture de <span class=\"screen-reader-text\">Donn\u00e9es de la Coupe d&rsquo;Europe<\/span> <span class=\"meta-nav\">&rarr;<\/span><\/a><\/p>\n","protected":false},"author":7,"featured_media":0,"parent":475,"menu_order":20,"comment_status":"closed","ping_status":"closed","template":"","meta":[],"yoast_head":"<!-- This site is optimized with the Yoast SEO plugin v14.8 - https:\/\/yoast.com\/wordpress\/plugins\/seo\/ -->\n<meta name=\"description\" content=\"Data.Mining.Soccer\u2122 t&#039;offre tous les matches et r\u00e9sultats historiques des Coupes d&#039;Europe de football depuis 1960 comme t\u00e9l\u00e9chargement (download) gratuit.\" \/>\n<meta name=\"robots\" content=\"index, follow\" \/>\n<meta name=\"googlebot\" content=\"index, follow, max-snippet:-1, max-image-preview:large, max-video-preview:-1\" \/>\n<meta name=\"bingbot\" content=\"index, follow, max-snippet:-1, max-image-preview:large, max-video-preview:-1\" \/>\n<link rel=\"canonical\" href=\"http:\/\/dataminingsoccer.com\/fr\/download-telechargement-donnees\/donnees-coupe-europe\/\" \/>\n<script type=\"application\/ld+json\" class=\"yoast-schema-graph\">{\"@context\":\"https:\/\/schema.org\",\"@graph\":[{\"@type\":\"WebSite\",\"@id\":\"http:\/\/dataminingsoccer.com\/fr\/#website\",\"url\":\"http:\/\/dataminingsoccer.com\/fr\/\",\"name\":\"Pronostics de R\\u00e9sultats de Football\",\"description\":\"bas\\u00e9 sur des analyses statistiques utilisant data mining.. Nous aimons le football!     Nous aimons les jeux de nombre!\",\"potentialAction\":[{\"@type\":\"SearchAction\",\"target\":\"http:\/\/dataminingsoccer.com\/fr\/?s={search_term_string}\",\"query-input\":\"required name=search_term_string\"}],\"inLanguage\":\"fr-FR\"},{\"@type\":\"ImageObject\",\"@id\":\"http:\/\/dataminingsoccer.com\/fr\/download-telechargement-donnees\/donnees-coupe-europe\/#primaryimage\",\"inLanguage\":\"fr-FR\",\"url\":\"http:\/\/dataminingsoccer.com\/fr\/wp-content\/uploads\/sites\/6\/Data-Mining-Soccer-haut-de-page-m.png\",\"width\":50,\"height\":50,\"caption\":\"haut de la page\"},{\"@type\":\"WebPage\",\"@id\":\"http:\/\/dataminingsoccer.com\/fr\/download-telechargement-donnees\/donnees-coupe-europe\/#webpage\",\"url\":\"http:\/\/dataminingsoccer.com\/fr\/download-telechargement-donnees\/donnees-coupe-europe\/\",\"name\":\"Donn\\u00e9es de la Coupe d'Europe - Pronostics de R\\u00e9sultats de Football\",\"isPartOf\":{\"@id\":\"http:\/\/dataminingsoccer.com\/fr\/#website\"},\"primaryImageOfPage\":{\"@id\":\"http:\/\/dataminingsoccer.com\/fr\/download-telechargement-donnees\/donnees-coupe-europe\/#primaryimage\"},\"datePublished\":\"2013-10-18T22:09:39+00:00\",\"dateModified\":\"2014-06-20T23:02:19+00:00\",\"description\":\"Data.Mining.Soccer\\u2122 t'offre tous les matches et r\\u00e9sultats historiques des Coupes d'Europe de football depuis 1960 comme t\\u00e9l\\u00e9chargement (download) gratuit.\",\"inLanguage\":\"fr-FR\",\"potentialAction\":[{\"@type\":\"ReadAction\",\"target\":[\"http:\/\/dataminingsoccer.com\/fr\/download-telechargement-donnees\/donnees-coupe-europe\/\"]}]}]}<\/script>\n<!-- \/ Yoast SEO plugin. -->","_links":{"self":[{"href":"http:\/\/dataminingsoccer.com\/fr\/wp-json\/wp\/v2\/pages\/477"}],"collection":[{"href":"http:\/\/dataminingsoccer.com\/fr\/wp-json\/wp\/v2\/pages"}],"about":[{"href":"http:\/\/dataminingsoccer.com\/fr\/wp-json\/wp\/v2\/types\/page"}],"author":[{"embeddable":true,"href":"http:\/\/dataminingsoccer.com\/fr\/wp-json\/wp\/v2\/users\/7"}],"replies":[{"embeddable":true,"href":"http:\/\/dataminingsoccer.com\/fr\/wp-json\/wp\/v2\/comments?post=477"}],"version-history":[{"count":5,"href":"http:\/\/dataminingsoccer.com\/fr\/wp-json\/wp\/v2\/pages\/477\/revisions"}],"predecessor-version":[{"id":1654,"href":"http:\/\/dataminingsoccer.com\/fr\/wp-json\/wp\/v2\/pages\/477\/revisions\/1654"}],"up":[{"embeddable":true,"href":"http:\/\/dataminingsoccer.com\/fr\/wp-json\/wp\/v2\/pages\/475"}],"wp:attachment":[{"href":"http:\/\/dataminingsoccer.com\/fr\/wp-json\/wp\/v2\/media?parent=477"}],"curies":[{"name":"wp","href":"https:\/\/api.w.org\/{rel}","templated":true}]}}