{"id":476,"date":"2013-10-18T23:51:25","date_gmt":"2013-10-18T21:51:25","guid":{"rendered":"http:\/\/dataminingsoccer.com\/fr\/?page_id=476"},"modified":"2014-06-21T01:01:27","modified_gmt":"2014-06-20T23:01:27","slug":"donnees-coupe-monde","status":"publish","type":"page","link":"http:\/\/dataminingsoccer.com\/fr\/download-telechargement-donnees\/donnees-coupe-monde\/","title":{"rendered":"Donn\u00e9es de la Coupe du Monde"},"content":{"rendered":"<h2>T\u00e9l\u00e9chargement des r\u00e9sultats et donn\u00e9es de football<\/h2><p style=\"text-align: justify;\">Ici tu peux trouver et t\u00e9l\u00e9charger tous les r\u00e9sultats historiques des matches des Coupes du Monde de football entre 1930 et aujourd&rsquo;hui.<\/p>\n<p style=\"text-align: justify;\">Nous avons rassembl\u00e9 tous les matches et les r\u00e9sultats de chaque Championnat du Monde de football comme t\u00e9l\u00e9chargement gratuit. Vous avez acc\u00e8s \u00e0 tous les matches de la phase de groupes jusqu&rsquo;\u00e0 la finale.<\/p>\n<p style=\"text-align: justify;\">Peu importe si tu souhaites parcourir les victoires historiques des grandes \u00e9quipes ou faire tes propres analyses de pr\u00e9diction: nous offrons toutes les donn\u00e9es comme download gratuit. Renseignement sp\u00e9cial: Le logiciel <a title=\"Data.Mining.Fox\u00ae de Easy.Data.Mining\u2122\" href=\"http:\/\/www.easydatamining.com\" target=\"_blank\">[Data.Mining.Fox\u00ae de Easy.Data.Mining\u2122]<\/a> peut \u00e9galement \u00eatre t\u00e9l\u00e9charg\u00e9 gratuitement.<\/p>\n<p style=\"text-align: justify;\">La liste des donn\u00e9es avec les r\u00e9sultats de toutes les Coupes du Monde de football couvre:<\/p>\n<p style=\"text-align: justify;\">Championnat du Monde 1930: Uruguay<br \/>\nChampionnat du Monde\u00a01934: Italie<br \/>\nChampionnat du Monde 1938: France<br \/>\nChampionnat du Monde\u00a01950: Br\u00e9sil<br \/>\nChampionnat du Monde\u00a01954: Suisse<br \/>\nChampionnat du Monde\u00a01958: Su\u00e8de<br \/>\nChampionnat du Monde\u00a01962: Chili<br \/>\nChampionnat du Monde\u00a01966: Angleterre<br \/>\nChampionnat du Monde\u00a01970: Mexique<br \/>\nChampionnat du Monde\u00a01974: Allemagne<br \/>\nChampionnat du Monde\u00a01978: Argentine<br \/>\nChampionnat du Monde\u00a01982: Espagne<br \/>\nChampionnat du Monde\u00a01986: Mexique<br \/>\nChampionnat du Monde\u00a01990: Italie<br \/>\nChampionnat du Monde\u00a01994: Etats-Unis<br \/>\nChampionnat du Monde\u00a01998: France<br \/>\nChampionnat du Monde\u00a02002: R\u00e9publique de Cor\u00e9e et Japon<br \/>\nChampionnat du Monde\u00a02006: Allemagne<br \/>\nChampionnat du Monde\u00a02010: Afrique du Sud<\/p>\n<p style=\"text-align: center;\"><a title=\"Data.Mining.Soccer\u2122 donn\u00e9es Coupe du Monde\" href=\"http:\/\/dataminingsoccer.com\/de\/wp-content\/downloads\/SoccerDataAllWorldCups.csv\" target=\"_blank\">[Lien de t\u00e9l\u00e9chargement pour toutes les donn\u00e9es de la Coupe du monde de football historique]<\/a><\/p>\n<p><a title=\"Donn\u00e9es de la Coupe du Monde\" href=\"http:\/\/dataminingsoccer.com\/fr\/download-telechargement-donnees\/donnees-coupe-monde\/\"><img loading=\"lazy\" class=\"alignnone size-full wp-image-1072\" src=\"http:\/\/dataminingsoccer.com\/fr\/wp-content\/uploads\/sites\/6\/Data-Mining-Soccer-haut-de-page-m.png\" alt=\"Data-Mining-Soccer-haut-de-page\" width=\"50\" height=\"50\" \/><\/a>\u00a0\u00a0\u00a0\u00a0 <a href=\"http:\/\/dataminingsoccer.com\/fr\/\"><img loading=\"lazy\" class=\"alignnone size-full wp-image-1070\" src=\"http:\/\/dataminingsoccer.com\/fr\/wp-content\/uploads\/sites\/6\/Data-Mining-Soccer-football-resultat-pronostics-m.png\" alt=\"Data-Mining-Soccer-football-resultat-pronostics\" width=\"50\" height=\"50\" \/><\/a>\u00a0\u00a0\u00a0\u00a0 <a title=\"DataMiningSoccer (fran\u00e7ais) @Twitter\" href=\"http:\/\/twitter.com\/DataMinSoccerFR\" target=\"_blank\"><img loading=\"lazy\" class=\"alignnone size-full wp-image-1473\" src=\"http:\/\/dataminingsoccer.com\/fr\/wp-content\/uploads\/sites\/6\/Twitter-Data-Mining-Soccer.png\" alt=\"Twitter-Data-Mining-Soccer\" width=\"50\" height=\"50\" \/><\/a>\u00a0\u00a0\u00a0\u00a0 <a title=\"DataMiningSoccer (anglais) @Facebook\" href=\"http:\/\/www.facebook.com\/dataminingsoccer\" target=\"_blank\"><img loading=\"lazy\" class=\"alignnone size-full wp-image-1469\" src=\"http:\/\/dataminingsoccer.com\/fr\/wp-content\/uploads\/sites\/6\/Facebook-Data-Mining-Soccer.png\" alt=\"Facebook-Data-Mining-Soccer\" width=\"50\" height=\"50\" \/><\/a><\/p>\n","protected":false},"excerpt":{"rendered":"<p>T\u00e9l\u00e9chargement des r\u00e9sultats et donn\u00e9es de footballIci tu peux trouver et t\u00e9l\u00e9charger tous les r\u00e9sultats historiques des matches des Coupes du Monde de football entre 1930 et aujourd&rsquo;hui. Nous avons rassembl\u00e9 tous les matches et les r\u00e9sultats de chaque Championnat du Monde de football comme t\u00e9l\u00e9chargement gratuit. Vous avez acc\u00e8s \u00e0 tous les matches de &hellip; <a href=\"http:\/\/dataminingsoccer.com\/fr\/download-telechargement-donnees\/donnees-coupe-monde\/\" class=\"more-link\">Continuer la lecture de <span class=\"screen-reader-text\">Donn\u00e9es de la Coupe du Monde<\/span> <span class=\"meta-nav\">&rarr;<\/span><\/a><\/p>\n","protected":false},"author":7,"featured_media":0,"parent":475,"menu_order":10,"comment_status":"closed","ping_status":"closed","template":"","meta":[],"yoast_head":"<!-- This site is optimized with the Yoast SEO plugin v14.8 - https:\/\/yoast.com\/wordpress\/plugins\/seo\/ -->\n<meta name=\"description\" content=\"Data.Mining.Soccer\u2122 t&#039;offre tous les matches et r\u00e9sultats historiques des Coupes du Monde de football depuis 1930 comme t\u00e9l\u00e9chargement (download) gratuit.\" \/>\n<meta name=\"robots\" content=\"index, follow\" \/>\n<meta name=\"googlebot\" content=\"index, follow, max-snippet:-1, max-image-preview:large, max-video-preview:-1\" \/>\n<meta name=\"bingbot\" content=\"index, follow, max-snippet:-1, max-image-preview:large, max-video-preview:-1\" \/>\n<link rel=\"canonical\" href=\"http:\/\/dataminingsoccer.com\/fr\/download-telechargement-donnees\/donnees-coupe-monde\/\" \/>\n<script type=\"application\/ld+json\" class=\"yoast-schema-graph\">{\"@context\":\"https:\/\/schema.org\",\"@graph\":[{\"@type\":\"WebSite\",\"@id\":\"http:\/\/dataminingsoccer.com\/fr\/#website\",\"url\":\"http:\/\/dataminingsoccer.com\/fr\/\",\"name\":\"Pronostics de R\\u00e9sultats de Football\",\"description\":\"bas\\u00e9 sur des analyses statistiques utilisant data mining.. Nous aimons le football!     Nous aimons les jeux de nombre!\",\"potentialAction\":[{\"@type\":\"SearchAction\",\"target\":\"http:\/\/dataminingsoccer.com\/fr\/?s={search_term_string}\",\"query-input\":\"required name=search_term_string\"}],\"inLanguage\":\"fr-FR\"},{\"@type\":\"ImageObject\",\"@id\":\"http:\/\/dataminingsoccer.com\/fr\/download-telechargement-donnees\/donnees-coupe-monde\/#primaryimage\",\"inLanguage\":\"fr-FR\",\"url\":\"http:\/\/dataminingsoccer.com\/fr\/wp-content\/uploads\/sites\/6\/Data-Mining-Soccer-haut-de-page-m.png\",\"width\":50,\"height\":50,\"caption\":\"haut de la page\"},{\"@type\":\"WebPage\",\"@id\":\"http:\/\/dataminingsoccer.com\/fr\/download-telechargement-donnees\/donnees-coupe-monde\/#webpage\",\"url\":\"http:\/\/dataminingsoccer.com\/fr\/download-telechargement-donnees\/donnees-coupe-monde\/\",\"name\":\"Donn\\u00e9es de la Coupe du Monde - Pronostics de R\\u00e9sultats de Football\",\"isPartOf\":{\"@id\":\"http:\/\/dataminingsoccer.com\/fr\/#website\"},\"primaryImageOfPage\":{\"@id\":\"http:\/\/dataminingsoccer.com\/fr\/download-telechargement-donnees\/donnees-coupe-monde\/#primaryimage\"},\"datePublished\":\"2013-10-18T21:51:25+00:00\",\"dateModified\":\"2014-06-20T23:01:27+00:00\",\"description\":\"Data.Mining.Soccer\\u2122 t'offre tous les matches et r\\u00e9sultats historiques des Coupes du Monde de football depuis 1930 comme t\\u00e9l\\u00e9chargement (download) gratuit.\",\"inLanguage\":\"fr-FR\",\"potentialAction\":[{\"@type\":\"ReadAction\",\"target\":[\"http:\/\/dataminingsoccer.com\/fr\/download-telechargement-donnees\/donnees-coupe-monde\/\"]}]}]}<\/script>\n<!-- \/ Yoast SEO plugin. -->","_links":{"self":[{"href":"http:\/\/dataminingsoccer.com\/fr\/wp-json\/wp\/v2\/pages\/476"}],"collection":[{"href":"http:\/\/dataminingsoccer.com\/fr\/wp-json\/wp\/v2\/pages"}],"about":[{"href":"http:\/\/dataminingsoccer.com\/fr\/wp-json\/wp\/v2\/types\/page"}],"author":[{"embeddable":true,"href":"http:\/\/dataminingsoccer.com\/fr\/wp-json\/wp\/v2\/users\/7"}],"replies":[{"embeddable":true,"href":"http:\/\/dataminingsoccer.com\/fr\/wp-json\/wp\/v2\/comments?post=476"}],"version-history":[{"count":5,"href":"http:\/\/dataminingsoccer.com\/fr\/wp-json\/wp\/v2\/pages\/476\/revisions"}],"predecessor-version":[{"id":1653,"href":"http:\/\/dataminingsoccer.com\/fr\/wp-json\/wp\/v2\/pages\/476\/revisions\/1653"}],"up":[{"embeddable":true,"href":"http:\/\/dataminingsoccer.com\/fr\/wp-json\/wp\/v2\/pages\/475"}],"wp:attachment":[{"href":"http:\/\/dataminingsoccer.com\/fr\/wp-json\/wp\/v2\/media?parent=476"}],"curies":[{"name":"wp","href":"https:\/\/api.w.org\/{rel}","templated":true}]}}