{"id":475,"date":"2013-10-18T03:27:46","date_gmt":"2013-10-18T01:27:46","guid":{"rendered":"http:\/\/dataminingsoccer.com\/fr\/?page_id=475"},"modified":"2014-06-21T01:00:27","modified_gmt":"2014-06-20T23:00:27","slug":"download-telechargement-donnees","status":"publish","type":"page","link":"http:\/\/dataminingsoccer.com\/fr\/download-telechargement-donnees\/","title":{"rendered":"T\u00e9l\u00e9chargement de donn\u00e9es"},"content":{"rendered":"<h2>T\u00e9l\u00e9chargement des r\u00e9sultats et donn\u00e9es de football<\/h2><p style=\"text-align: justify;\">Ici tu peux t\u00e9l\u00e9charger des donn\u00e9es &#8211; par exemple pour faire des pr\u00e9dictions toi-m\u00eame avec le logiciel gratuit <a title=\"Data.Mining.Fox\u00ae de Easy.Data.Mining\u2122\" href=\"http:\/\/www.easydatamining.com\" target=\"_blank\">[Data.Mining.Fox \u00ae de Easy.Data.Mining\u2122]<\/a>.<\/p>\n<p><a title=\"Donn\u00e9es de la Coupe du Monde\" href=\"http:\/\/dataminingsoccer.com\/fr\/download-telechargement-donnees\/donnees-coupe-monde\/\">[Donn\u00e9es historiques de toutes les Coupes du Monde de football depuis 1930]<\/a><\/p>\n<p><a title=\"Donn\u00e9es de la Coupe d\u2019Europe\" href=\"http:\/\/dataminingsoccer.com\/fr\/download-telechargement-donnees\/donnees-coupe-europe\/\">[Donn\u00e9es historiques de tous les Championnats d&rsquo;Europe de football depuis 1960]<\/a><\/p>\n<p><a title=\"T\u00e9l\u00e9chargement de donn\u00e9es\" href=\"http:\/\/dataminingsoccer.com\/fr\/download-telechargement-donnees\/\"><img loading=\"lazy\" class=\"alignnone size-full wp-image-1072\" src=\"http:\/\/dataminingsoccer.com\/fr\/wp-content\/uploads\/sites\/6\/Data-Mining-Soccer-haut-de-page-m.png\" alt=\"Data-Mining-Soccer-haut-de-page\" width=\"50\" height=\"50\" \/><\/a>\u00a0\u00a0\u00a0\u00a0 <a href=\"http:\/\/dataminingsoccer.com\/fr\/\"><img loading=\"lazy\" class=\"alignnone size-full wp-image-1070\" src=\"http:\/\/dataminingsoccer.com\/fr\/wp-content\/uploads\/sites\/6\/Data-Mining-Soccer-football-resultat-pronostics-m.png\" alt=\"Data-Mining-Soccer-football-resultat-pronostics\" width=\"50\" height=\"50\" \/><\/a>\u00a0\u00a0\u00a0\u00a0 <a title=\"DataMiningSoccer (fran\u00e7ais) @Twitter\" href=\"http:\/\/twitter.com\/DataMinSoccerFR\" target=\"_blank\"><img loading=\"lazy\" class=\"alignnone size-full wp-image-1473\" src=\"http:\/\/dataminingsoccer.com\/fr\/wp-content\/uploads\/sites\/6\/Twitter-Data-Mining-Soccer.png\" alt=\"Twitter-Data-Mining-Soccer\" width=\"50\" height=\"50\" \/><\/a>\u00a0\u00a0\u00a0\u00a0 <a title=\"DataMiningSoccer (anglais) @Facebook\" href=\"http:\/\/www.facebook.com\/dataminingsoccer\" target=\"_blank\"><img loading=\"lazy\" class=\"alignnone size-full wp-image-1469\" src=\"http:\/\/dataminingsoccer.com\/fr\/wp-content\/uploads\/sites\/6\/Facebook-Data-Mining-Soccer.png\" alt=\"Facebook-Data-Mining-Soccer\" width=\"50\" height=\"50\" \/><\/a><\/p>\n","protected":false},"excerpt":{"rendered":"<p>T\u00e9l\u00e9chargement des r\u00e9sultats et donn\u00e9es de footballIci tu peux t\u00e9l\u00e9charger des donn\u00e9es &#8211; par exemple pour faire des pr\u00e9dictions toi-m\u00eame avec le logiciel gratuit [Data.Mining.Fox \u00ae de Easy.Data.Mining\u2122]. [Donn\u00e9es historiques de toutes les Coupes du Monde de football depuis 1930] [Donn\u00e9es historiques de tous les Championnats d&rsquo;Europe de football depuis 1960] \u00a0\u00a0\u00a0\u00a0 \u00a0\u00a0\u00a0\u00a0 \u00a0\u00a0\u00a0\u00a0<\/p>\n","protected":false},"author":7,"featured_media":0,"parent":0,"menu_order":45,"comment_status":"closed","ping_status":"closed","template":"","meta":[],"yoast_head":"<!-- This site is optimized with the Yoast SEO plugin v14.8 - https:\/\/yoast.com\/wordpress\/plugins\/seo\/ -->\n<meta name=\"description\" content=\"Data.Mining.Soccer \u2122 t&#039;offre tous les matches et les r\u00e9sultats historiques pour des comp\u00e9titions diff\u00e9rentes comme t\u00e9l\u00e9chargement (download) gratuit.\" \/>\n<meta name=\"robots\" content=\"index, follow\" \/>\n<meta name=\"googlebot\" content=\"index, follow, max-snippet:-1, max-image-preview:large, max-video-preview:-1\" \/>\n<meta name=\"bingbot\" content=\"index, follow, max-snippet:-1, max-image-preview:large, max-video-preview:-1\" \/>\n<link rel=\"canonical\" href=\"http:\/\/dataminingsoccer.com\/fr\/download-telechargement-donnees\/\" \/>\n<script type=\"application\/ld+json\" class=\"yoast-schema-graph\">{\"@context\":\"https:\/\/schema.org\",\"@graph\":[{\"@type\":\"WebSite\",\"@id\":\"http:\/\/dataminingsoccer.com\/fr\/#website\",\"url\":\"http:\/\/dataminingsoccer.com\/fr\/\",\"name\":\"Pronostics de R\\u00e9sultats de Football\",\"description\":\"bas\\u00e9 sur des analyses statistiques utilisant data mining.. Nous aimons le football!     Nous aimons les jeux de nombre!\",\"potentialAction\":[{\"@type\":\"SearchAction\",\"target\":\"http:\/\/dataminingsoccer.com\/fr\/?s={search_term_string}\",\"query-input\":\"required name=search_term_string\"}],\"inLanguage\":\"fr-FR\"},{\"@type\":\"ImageObject\",\"@id\":\"http:\/\/dataminingsoccer.com\/fr\/download-telechargement-donnees\/#primaryimage\",\"inLanguage\":\"fr-FR\",\"url\":\"http:\/\/dataminingsoccer.com\/fr\/wp-content\/uploads\/sites\/6\/Data-Mining-Soccer-haut-de-page-m.png\",\"width\":50,\"height\":50,\"caption\":\"haut de la page\"},{\"@type\":\"WebPage\",\"@id\":\"http:\/\/dataminingsoccer.com\/fr\/download-telechargement-donnees\/#webpage\",\"url\":\"http:\/\/dataminingsoccer.com\/fr\/download-telechargement-donnees\/\",\"name\":\"T\\u00e9l\\u00e9chargement de donn\\u00e9es - Pronostics de R\\u00e9sultats de Football\",\"isPartOf\":{\"@id\":\"http:\/\/dataminingsoccer.com\/fr\/#website\"},\"primaryImageOfPage\":{\"@id\":\"http:\/\/dataminingsoccer.com\/fr\/download-telechargement-donnees\/#primaryimage\"},\"datePublished\":\"2013-10-18T01:27:46+00:00\",\"dateModified\":\"2014-06-20T23:00:27+00:00\",\"description\":\"Data.Mining.Soccer \\u2122 t'offre tous les matches et les r\\u00e9sultats historiques pour des comp\\u00e9titions diff\\u00e9rentes comme t\\u00e9l\\u00e9chargement (download) gratuit.\",\"inLanguage\":\"fr-FR\",\"potentialAction\":[{\"@type\":\"ReadAction\",\"target\":[\"http:\/\/dataminingsoccer.com\/fr\/download-telechargement-donnees\/\"]}]}]}<\/script>\n<!-- \/ Yoast SEO plugin. -->","_links":{"self":[{"href":"http:\/\/dataminingsoccer.com\/fr\/wp-json\/wp\/v2\/pages\/475"}],"collection":[{"href":"http:\/\/dataminingsoccer.com\/fr\/wp-json\/wp\/v2\/pages"}],"about":[{"href":"http:\/\/dataminingsoccer.com\/fr\/wp-json\/wp\/v2\/types\/page"}],"author":[{"embeddable":true,"href":"http:\/\/dataminingsoccer.com\/fr\/wp-json\/wp\/v2\/users\/7"}],"replies":[{"embeddable":true,"href":"http:\/\/dataminingsoccer.com\/fr\/wp-json\/wp\/v2\/comments?post=475"}],"version-history":[{"count":5,"href":"http:\/\/dataminingsoccer.com\/fr\/wp-json\/wp\/v2\/pages\/475\/revisions"}],"predecessor-version":[{"id":1652,"href":"http:\/\/dataminingsoccer.com\/fr\/wp-json\/wp\/v2\/pages\/475\/revisions\/1652"}],"wp:attachment":[{"href":"http:\/\/dataminingsoccer.com\/fr\/wp-json\/wp\/v2\/media?parent=475"}],"curies":[{"name":"wp","href":"https:\/\/api.w.org\/{rel}","templated":true}]}}