{"id":44,"date":"2013-09-12T03:55:24","date_gmt":"2013-09-12T01:55:24","guid":{"rendered":"http:\/\/dataminingsoccer.com\/fr\/?page_id=44"},"modified":"2018-05-18T07:30:06","modified_gmt":"2018-05-18T05:30:06","slug":"notre-analyse","status":"publish","type":"page","link":"http:\/\/dataminingsoccer.com\/fr\/notre-analyse\/","title":{"rendered":"Notre Analyse"},"content":{"rendered":"<h2>R\u00e9sultats de Football: Pronostics utilisant Data Mining<\/h2><p style=\"text-align: justify;\">Avec un peu de fiert\u00e9 que nous aimerions commencer par dire que nous cr\u00e9ons nos pr\u00e9dictions totalement <strong>ind\u00e9pendant<\/strong> des pr\u00e9dictions des autres. En particulier, nous n&rsquo;utilisons pas de cotes des bureaux de paris ou des prestataires similaires pour des matches individuels. Nous n&rsquo;utilisons que des informations publiquement disponibles pour notre analyse statistique en utilisant le data mining.<\/p>\n<p style=\"text-align: justify;\">Nous avons collect\u00e9 et modifi\u00e9 un <strong>grand nombre d&rsquo;informations historiques<\/strong> pertinentes pour les matches de football. Ces donn\u00e9es sont analys\u00e9es par nous avec le logiciel de data mining <a title=\"Data.Mining.Fox\" href=\"http:\/\/www.easydatamining.com\" target=\"_blank\" rel=\"noopener\">[Data.Mining.Fox (DMF) de Easy.Data.Mining]<\/a>. Nous le faisons en deux \u00e9tapes. Etape 1 g\u00e9n\u00e8re un soi-disant <strong>mod\u00e8le<\/strong> qui est statistiquement calcul\u00e9e sur la base des donn\u00e9es historiques. Dans ce mod\u00e8le, le logiciel data mining extrait toutes les relations multi-factorielles\u00a0d\u00e9tectables dans les donn\u00e9es historiques. Et \u00e0 l&rsquo;\u00e9tape 2, nous appliquons ce mod\u00e8le afin de pr\u00e9dire les r\u00e9sultats des matches de football \u00e0 venir.<\/p>\n<p style=\"text-align: justify;\">Nous effectuons cela pour tous les matches en <strong>trois cycles de pr\u00e9vision<\/strong>. Chaque cycle se compose &#8211; comme expliqu\u00e9 dans le paragraphe pr\u00e9c\u00e9dent &#8211; \u00e0 la cr\u00e9ation d&rsquo;un mod\u00e8le, d&rsquo;une part, et l&rsquo;application de ce mod\u00e8le \u00e0 l&rsquo;autre.<\/p>\n<p style=\"text-align: justify;\">Dans le 1er cycle, nous repondons toujours d&rsquo;abord \u00e0 la question de savoir si un match est un match nul ou si l&rsquo;\u00e9quipe\u00a0qui re\u00e7oit ou celle des visiteurs gagne. Dans le 2e et 3e cycle, nous calculons ensuite combien de buts sont marqu\u00e9s par l&rsquo;\u00e9quipe qui\u00a0re\u00e7oit et celle des visiteurs. Ainsi, de tous les trois cycles nous composons le r\u00e9sultat du match.<\/p>\n<p style=\"text-align: justify;\"><strong>Remarque<\/strong>, bien s\u00fbr, qu&rsquo;il n&rsquo;est pas possible de considerer dans nos calculs des circonstances statistiquement impr\u00e9visibles ou des facteurs chang\u00e9s \u00e0 court terme &#8211; par exemple des mauvaises d\u00e9cisions des arbitres, les conditions exceptionnelles du terrain de jeu, d&rsquo;une blessure ou d&rsquo;une maladie des joueurs, des conditions m\u00e9t\u00e9orologiques et de la lumi\u00e8re, des sanctionnement par carte rouge des principaux acteurs, des effets de changement d&rsquo;un entra\u00eeneurs, des litiges du club, des probl\u00e8mes financiers de l&rsquo;association, des n\u00e9gociations contractuelles non r\u00e9gl\u00e9es, des exc\u00e8s des supporteurs, la charge suppl\u00e9mentaire des joueurs de l&rsquo;\u00e9quipe nationale, etc, et des manipulations nous ne voulons m\u00eame pas parler ;-)<\/p>\n<p style=\"text-align: justify;\">Notre <strong>DMSC (Data.Mining.Soccer-Confidence)<\/strong> est un pourcentage de confiance statistique qui donne un aper\u00e7u sur la validit\u00e9 statistique d\u2019une pr\u00e9diction. Ce pourcentage est un rapport hybride artificiel qui est compos\u00e9 de diff\u00e9rents \u00e9l\u00e9ments: le niveau de confiance statistique calcul\u00e9e par le logiciel de data mining concernant la classe de r\u00e9sultat du match; l&rsquo;esp\u00e9rance math\u00e9matique pour une victoire \u00e0 domicile, un match nul, et une victoire \u00e0 l&rsquo;ext\u00e9rieur; la moyenne des taux de r\u00e9ussite que nous pourrions r\u00e9aliser pour les deux \u00e9quipes en termes des pr\u00e9dictions \u00e0 ce jour; un quota calcul\u00e9 par nous manuellement en ce qui concerne la victoire de l&rsquo;\u00e9quipe qui\u00a0re\u00e7oit, de celle des visiteurs, ou match nul.<\/p>\n<p style=\"text-align: justify;\">Pour finir, nous aimerions attirer l&rsquo;attention sur notre <strong>transparence<\/strong>. Toutes les pr\u00e9visions sont mises \u00e0 disposition avant chaque match sur ce site. Nos pr\u00e9visions restent transparentes en comparaison directe avec les r\u00e9sultats r\u00e9els, m\u00eame si nos pr\u00e9dictions \u00e9taient peut-\u00eatre tr\u00e8s pauvres une journ\u00e9e (pas toujours le cas sur d&rsquo;autres sites ;-) ). Nous fournissons \u00e9galement des r\u00e9sum\u00e9s statistiques concernant notre validit\u00e9 de pr\u00e9diction pour une cat\u00e9gorie donn\u00e9e (c&rsquo;est \u00e0 dire en g\u00e9n\u00e9rale pour une saison d&rsquo;un concours sp\u00e9cifique comme p.e. la Ligue 1).<\/p>\n<p><a title=\"Notre Analyse\" href=\"http:\/\/dataminingsoccer.com\/fr\/notre-analyse\/\"><img loading=\"lazy\" class=\"alignnone size-full wp-image-1072\" src=\"http:\/\/dataminingsoccer.com\/fr\/wp-content\/uploads\/sites\/6\/Data-Mining-Soccer-haut-de-page-m.png\" alt=\"Data-Mining-Soccer-haut-de-page\" width=\"50\" height=\"50\" \/><\/a>\u00a0\u00a0\u00a0\u00a0 <a href=\"http:\/\/dataminingsoccer.com\/fr\/\"><img loading=\"lazy\" class=\"alignnone size-full wp-image-1070\" src=\"http:\/\/dataminingsoccer.com\/fr\/wp-content\/uploads\/sites\/6\/Data-Mining-Soccer-football-resultat-pronostics-m.png\" alt=\"Data-Mining-Soccer-football-resultat-pronostics\" width=\"50\" height=\"50\" \/><\/a>\u00a0\u00a0\u00a0\u00a0 <a title=\"DataMiningSoccer (fran\u00e7ais) @Twitter\" href=\"http:\/\/twitter.com\/DataMinSoccerFR\" target=\"_blank\" rel=\"noopener\"><img loading=\"lazy\" class=\"alignnone size-full wp-image-1473\" src=\"http:\/\/dataminingsoccer.com\/fr\/wp-content\/uploads\/sites\/6\/Twitter-Data-Mining-Soccer.png\" alt=\"Twitter-Data-Mining-Soccer\" width=\"50\" height=\"50\" \/><\/a>\u00a0\u00a0\u00a0\u00a0 <a title=\"DataMiningSoccer (anglais) @Facebook\" href=\"http:\/\/www.facebook.com\/dataminingsoccer\" target=\"_blank\" rel=\"noopener\"><img loading=\"lazy\" class=\"alignnone size-full wp-image-1469\" src=\"http:\/\/dataminingsoccer.com\/fr\/wp-content\/uploads\/sites\/6\/Facebook-Data-Mining-Soccer.png\" alt=\"Facebook-Data-Mining-Soccer\" width=\"50\" height=\"50\" \/><\/a><\/p>\n","protected":false},"excerpt":{"rendered":"<p>R\u00e9sultats de Football: Pronostics utilisant Data MiningAvec un peu de fiert\u00e9 que nous aimerions commencer par dire que nous cr\u00e9ons nos pr\u00e9dictions totalement ind\u00e9pendant des pr\u00e9dictions des autres. En particulier, nous n&rsquo;utilisons pas de cotes des bureaux de paris ou des prestataires similaires pour des matches individuels. Nous n&rsquo;utilisons que des informations publiquement disponibles pour &hellip; <a href=\"http:\/\/dataminingsoccer.com\/fr\/notre-analyse\/\" class=\"more-link\">Continuer la lecture de <span class=\"screen-reader-text\">Notre Analyse<\/span> <span class=\"meta-nav\">&rarr;<\/span><\/a><\/p>\n","protected":false},"author":7,"featured_media":0,"parent":0,"menu_order":50,"comment_status":"closed","ping_status":"closed","template":"","meta":[],"yoast_head":"<!-- This site is optimized with the Yoast SEO plugin v14.8 - https:\/\/yoast.com\/wordpress\/plugins\/seo\/ -->\n<meta name=\"description\" content=\"Nos pr\u00e9visions de r\u00e9sultats de football en utilisant data mining: Pour en savoir plus sur notre approche, notre logiciel et les donn\u00e9es utilis\u00e9es.\" \/>\n<meta name=\"robots\" content=\"index, follow\" \/>\n<meta name=\"googlebot\" content=\"index, follow, max-snippet:-1, max-image-preview:large, max-video-preview:-1\" \/>\n<meta name=\"bingbot\" content=\"index, follow, max-snippet:-1, max-image-preview:large, max-video-preview:-1\" \/>\n<link rel=\"canonical\" href=\"https:\/\/dataminingsoccer.com\/fr\/notre-analyse\/\" \/>\n<script type=\"application\/ld+json\" class=\"yoast-schema-graph\">{\"@context\":\"https:\/\/schema.org\",\"@graph\":[{\"@type\":\"WebSite\",\"@id\":\"http:\/\/dataminingsoccer.com\/fr\/#website\",\"url\":\"http:\/\/dataminingsoccer.com\/fr\/\",\"name\":\"Pronostics de R\\u00e9sultats de Football\",\"description\":\"bas\\u00e9 sur des analyses statistiques utilisant data mining.. Nous aimons le football!     Nous aimons les jeux de nombre!\",\"potentialAction\":[{\"@type\":\"SearchAction\",\"target\":\"http:\/\/dataminingsoccer.com\/fr\/?s={search_term_string}\",\"query-input\":\"required name=search_term_string\"}],\"inLanguage\":\"fr-FR\"},{\"@type\":\"ImageObject\",\"@id\":\"https:\/\/dataminingsoccer.com\/fr\/notre-analyse\/#primaryimage\",\"inLanguage\":\"fr-FR\",\"url\":\"http:\/\/dataminingsoccer.com\/fr\/wp-content\/uploads\/sites\/6\/Data-Mining-Soccer-haut-de-page-m.png\",\"width\":50,\"height\":50,\"caption\":\"haut de la page\"},{\"@type\":\"WebPage\",\"@id\":\"https:\/\/dataminingsoccer.com\/fr\/notre-analyse\/#webpage\",\"url\":\"https:\/\/dataminingsoccer.com\/fr\/notre-analyse\/\",\"name\":\"Notre Analyse - Pronostics de R\\u00e9sultats de Football\",\"isPartOf\":{\"@id\":\"http:\/\/dataminingsoccer.com\/fr\/#website\"},\"primaryImageOfPage\":{\"@id\":\"https:\/\/dataminingsoccer.com\/fr\/notre-analyse\/#primaryimage\"},\"datePublished\":\"2013-09-12T01:55:24+00:00\",\"dateModified\":\"2018-05-18T05:30:06+00:00\",\"description\":\"Nos pr\\u00e9visions de r\\u00e9sultats de football en utilisant data mining: Pour en savoir plus sur notre approche, notre logiciel et les donn\\u00e9es utilis\\u00e9es.\",\"inLanguage\":\"fr-FR\",\"potentialAction\":[{\"@type\":\"ReadAction\",\"target\":[\"https:\/\/dataminingsoccer.com\/fr\/notre-analyse\/\"]}]}]}<\/script>\n<!-- \/ Yoast SEO plugin. -->","_links":{"self":[{"href":"http:\/\/dataminingsoccer.com\/fr\/wp-json\/wp\/v2\/pages\/44"}],"collection":[{"href":"http:\/\/dataminingsoccer.com\/fr\/wp-json\/wp\/v2\/pages"}],"about":[{"href":"http:\/\/dataminingsoccer.com\/fr\/wp-json\/wp\/v2\/types\/page"}],"author":[{"embeddable":true,"href":"http:\/\/dataminingsoccer.com\/fr\/wp-json\/wp\/v2\/users\/7"}],"replies":[{"embeddable":true,"href":"http:\/\/dataminingsoccer.com\/fr\/wp-json\/wp\/v2\/comments?post=44"}],"version-history":[{"count":17,"href":"http:\/\/dataminingsoccer.com\/fr\/wp-json\/wp\/v2\/pages\/44\/revisions"}],"predecessor-version":[{"id":3368,"href":"http:\/\/dataminingsoccer.com\/fr\/wp-json\/wp\/v2\/pages\/44\/revisions\/3368"}],"wp:attachment":[{"href":"http:\/\/dataminingsoccer.com\/fr\/wp-json\/wp\/v2\/media?parent=44"}],"curies":[{"name":"wp","href":"https:\/\/api.w.org\/{rel}","templated":true}]}}