{"id":3208,"date":"2016-06-05T21:48:55","date_gmt":"2016-06-05T19:48:55","guid":{"rendered":"http:\/\/dataminingsoccer.com\/fr\/?page_id=3208"},"modified":"2016-06-27T04:57:55","modified_gmt":"2016-06-27T02:57:55","slug":"copa-america-2016","status":"publish","type":"page","link":"http:\/\/dataminingsoccer.com\/fr\/coupe-du-monde-et-coupe-d-europe\/pronostics\/copa-america-2016\/","title":{"rendered":"Copa Am\u00e9rica 2016"},"content":{"rendered":"<h2>Football Result Predictions using Data Mining<\/h2><p><img loading=\"lazy\" class=\"alignnone size-full wp-image-3206\" src=\"http:\/\/dataminingsoccer.com\/fr\/wp-content\/uploads\/sites\/6\/Copa-America-2016-USA-football-pronostics-resultats-m.png\" alt=\"Copa-America-2016-USA-football-pronostics-resultats\" width=\"50\" height=\"50\" \/><\/p>\n<p><strong>Copa America Centenario 2016 <\/strong>aux \u00c9tats-Unis:<\/p>\n<p>\u00e9quipe 1 \u2013 \u00e9quipe 2\u00a0\u00a0 pronostic \u00a0 &gt;&gt;&gt; \u00a0 r\u00e9sultat r\u00e9el<\/p>\n<p><img loading=\"lazy\" class=\"alignnone size-full wp-image-3206\" src=\"http:\/\/dataminingsoccer.com\/fr\/wp-content\/uploads\/sites\/6\/Copa-America-2016-USA-football-pronostics-resultats-m.png\" alt=\"Copa-America-2016-USA-football-pronostics-resultats\" width=\"50\" height=\"50\" \/><\/p>\n<p>Copa America 2016:<strong> Groupe A<\/strong><\/p>\n<p>2016-06-03 \u00a0<strong>USA \u2013 Colombie<\/strong> \u00a0 1-2\u00a0\u00a0 &gt;&gt;&gt;\u00a0\u00a0 0-2<br \/>\n2016-06-04 \u00a0<strong>Costa Rica \u2013 Paraguay<\/strong> \u00a0 1-1 \u00a0 &gt;&gt;&gt;\u00a0\u00a0 0-0<br \/>\n2016-06-07 \u00a0<strong>USA \u2013 Costa Rica<\/strong> \u00a0 2-1\u00a0\u00a0 &gt;&gt;&gt;\u00a0\u00a0 4-0<br \/>\n2016-06-07 \u00a0<strong>Colombie \u2013 Paraguay<\/strong> \u00a0 2-0\u00a0 &gt;&gt;&gt; \u00a0 2-1<br \/>\n2016-06-11 \u00a0<strong>USA \u2013 Paraguay<\/strong> \u00a0 2-1 \u00a0 &gt;&gt;&gt; \u00a0 1-0<br \/>\n2016-06-11 \u00a0Colombie \u2013 Costa Rica \u00a0 2-1 \u00a0 &gt;&gt;&gt; \u00a0 2-3<\/p>\n<p><strong>Les r\u00e9sultats pr\u00e9vus <\/strong>(avant le tournoi)<strong><strong> du groupe A:<\/strong><br \/>\n<\/strong>1. <strong>Colombie<\/strong>\u00a0(9 points | +4 buts)<br \/>\n2. <strong>USA<\/strong> (6 points | +1 but)<br \/>\n3. Costa Rica (1 point | -2 buts)<br \/>\n4. Paraguay (1 point | -3 buts)<\/p>\n<p><strong>Les r\u00e9sultats pr\u00e9vus du groupe A:<br \/>\n<\/strong>1. <strong>USA<\/strong> (6 points | +3 but)<br \/>\n2. <strong>Colombie<\/strong>\u00a0(6 points | +2 but)<br \/>\n3. Costa Rica (4 points | -3 but)<br \/>\n4. Paraguay (1 points | -2 but)<\/p>\n<p><img loading=\"lazy\" class=\"alignnone size-full wp-image-3206\" src=\"http:\/\/dataminingsoccer.com\/fr\/wp-content\/uploads\/sites\/6\/Copa-America-2016-USA-football-pronostics-resultats-m.png\" alt=\"Copa-America-2016-USA-football-pronostics-resultats\" width=\"50\" height=\"50\" \/><\/p>\n<p>Copa America 2016:<strong> Groupe B<\/strong><\/p>\n<p>2016-06-04 \u00a0Ha\u00efti \u2013 P\u00e9rou \u00a0 1-1\u00a0\u00a0 &gt;&gt;&gt;\u00a0\u00a0 0-1<br \/>\n2016-06-04 \u00a0Br\u00e9sil \u2013 Equateur \u00a0 1-0\u00a0\u00a0 &gt;&gt;&gt;\u00a0\u00a0 0-0<br \/>\n2016-06-08 \u00a0<strong>Br\u00e9sil \u2013 Ha\u00efti<\/strong> \u00a0 3-0\u00a0\u00a0 &gt;&gt;&gt; \u00a0 7-1<br \/>\n2016-06-08 \u00a0Equateur \u2013 P\u00e9rou \u00a0 2-1\u00a0\u00a0 &gt;&gt;&gt; \u00a0 2-2<br \/>\n2016-06-12 \u00a0<strong>Equateur \u2013 Ha\u00efti<\/strong> \u00a0 2-0 \u00a0 &gt;&gt;&gt; \u00a0 4-0<br \/>\n2016-06-12 \u00a0Br\u00e9sil \u2013 P\u00e9rou \u00a0 2-0 \u00a0 &gt;&gt;&gt; \u00a0 0-1<\/p>\n<p><strong>Les r\u00e9sultats pr\u00e9vus <\/strong>(avant le tournoi)<strong><strong> du groupe B:<\/strong><br \/>\n<\/strong>1. Br\u00e9sil (9 points | +6 buts)<br \/>\n2. <strong>Equateur<\/strong> (6 points | +2 buts)<br \/>\n3. P\u00e9rou (1 point | -3 buts)<br \/>\n4. Ha\u00efti (1 point | -5 buts)<\/p>\n<p><strong>Les r\u00e9sultats pr\u00e9vus du groupe B:<br \/>\n<\/strong>1. P\u00e9rou (7 points | +2 buts)<br \/>\n2. <strong>Equateur<\/strong> (5 points | +4 buts)<br \/>\n3. Br\u00e9sil (4 points | +5 buts)<br \/>\n4. Ha\u00efti (0 points | -11 buts)<\/p>\n<p><img loading=\"lazy\" class=\"alignnone size-full wp-image-3206\" src=\"http:\/\/dataminingsoccer.com\/fr\/wp-content\/uploads\/sites\/6\/Copa-America-2016-USA-football-pronostics-resultats-m.png\" alt=\"Copa-America-2016-USA-football-pronostics-resultats\" width=\"50\" height=\"50\" \/><\/p>\n<p>Copa America 2016:<strong> Groupe C<\/strong><\/p>\n<p>2016-06-05 \u00a0<strong>Jama\u00efque \u2013 Venezuela \u00a0 0-1\u00a0\u00a0 &gt;&gt;&gt;\u00a0\u00a0 0-1<\/strong><br \/>\n2016-06-05 \u00a0Mexique \u2013 Uruguay \u00a0 1-2\u00a0\u00a0 &gt;&gt;&gt;\u00a0\u00a0 3-1<br \/>\n2016-06-09 \u00a0Uruguay \u2013 Venezuela \u00a0 2-0\u00a0\u00a0 &gt;&gt;&gt; \u00a0 0-1<br \/>\n2016-06-09 \u00a0<strong>Mexique \u2013 Jama\u00efque<\/strong> \u00a0 1-0\u00a0\u00a0 &gt;&gt;&gt; \u00a0 2-0<br \/>\n2016-06-13 \u00a0Mexique \u2013 Venezuela \u00a0 2-1 \u00a0 &gt;&gt;&gt; \u00a0 1-1<br \/>\n2016-06-13 \u00a0<strong>Uruguay \u2013 Jama\u00efque<\/strong> \u00a0 2-0 \u00a0 &gt;&gt;&gt; \u00a0 3-0<\/p>\n<p><strong>Les r\u00e9sultats pr\u00e9vus <\/strong>(avant le tournoi)<strong><strong> du groupe C:<\/strong><br \/>\n<\/strong>1. Uruguay (9 points | +5 buts)<br \/>\n2. <strong>Mexique<\/strong> (6 points | +1 but)<br \/>\n3. Venezuela (3 points | -2 buts)<br \/>\n4. Jama\u00efque (0 points | -4 buts)<\/p>\n<p><strong>Les r\u00e9sultats pr\u00e9vus du groupe C:<br \/>\n<\/strong>1. <strong>Mexique<\/strong>\u00a0(7 points | +4 buts)<br \/>\n2. Venezuela (7 points | +2 buts)<br \/>\n3. Uruguay (3 points | +0 buts)<br \/>\n4. Jama\u00efque (0 points | -6 buts)<\/p>\n<p><img loading=\"lazy\" class=\"alignnone size-full wp-image-3206\" src=\"http:\/\/dataminingsoccer.com\/fr\/wp-content\/uploads\/sites\/6\/Copa-America-2016-USA-football-pronostics-resultats-m.png\" alt=\"Copa-America-2016-USA-football-pronostics-resultats\" width=\"50\" height=\"50\" \/><\/p>\n<p>Copa America 2016:<strong> Groupe D<\/strong><\/p>\n<p>2016-06-06 \u00a0Panama \u2013 Bolivie \u00a0 1-1\u00a0\u00a0 &gt;&gt;&gt;\u00a0\u00a0 2-1<br \/>\n2016-06-06 \u00a0Argentine \u2013 Chili \u00a0 1-1\u00a0\u00a0 &gt;&gt;&gt;\u00a0\u00a0 2-1<br \/>\n2016-06-10 \u00a0<strong>Chili \u2013 Bolivie<\/strong> \u00a0 2-0\u00a0 &gt;&gt;&gt; \u00a0 2-1<br \/>\n2016-06-10 \u00a0<strong>Argentine \u2013 Panama<\/strong> \u00a0 3-0\u00a0 &gt;&gt;&gt; \u00a0 5-0<br \/>\n2016-06-14 \u00a0<strong>Chili \u2013 Panama<\/strong> \u00a0 2-0 \u00a0 &gt;&gt;&gt; \u00a0 4-2<br \/>\n2016-06-14 \u00a0<strong>Argentine \u2013 Bolivie<\/strong> \u00a0 2-0 \u00a0 &gt;&gt;&gt; \u00a0 3-0<\/p>\n<p><strong>Les r\u00e9sultats pr\u00e9vus <\/strong>(avant le tournoi)<strong> du groupe D:<br \/>\n<\/strong>1. <strong>Argentine<\/strong> (7 points | +5 buts)<br \/>\n2. <strong>Chili<\/strong> (7 points | +4 buts)<br \/>\n3. Bolivie (1 points | -4 buts)<br \/>\n4. Panama (1 points | -5 buts)<\/p>\n<p><strong>Les r\u00e9sultats pr\u00e9vus du groupe D:<br \/>\n<\/strong>1. <strong>Argentine<\/strong> (9 points | +9 buts)<br \/>\n2. <strong>Chili<\/strong> (6 points | +2 buts)<br \/>\n3. Panama\u00a0(3 points | -6 buts)<br \/>\n4. Bolivie (0 points | -5 buts)<\/p>\n<p><img loading=\"lazy\" class=\"alignnone size-full wp-image-3206\" src=\"http:\/\/dataminingsoccer.com\/fr\/wp-content\/uploads\/sites\/6\/Copa-America-2016-USA-football-pronostics-resultats-m.png\" alt=\"Copa-America-2016-USA-football-pronostics-resultats\" width=\"50\" height=\"50\" \/><\/p>\n<p><strong>Phase \u00e0 \u00e9limination r\u00e9elle de la Copa Am\u00e9rica 2016:<\/strong><\/p>\n<p>\u00e9quipe 1 \u2013 \u00e9quipe 2\u00a0\u00a0 pronostic \u00a0 &gt;&gt;&gt; \u00a0 r\u00e9sultat r\u00e9el<\/p>\n<p><img loading=\"lazy\" class=\"alignnone size-full wp-image-3206\" src=\"http:\/\/dataminingsoccer.com\/fr\/wp-content\/uploads\/sites\/6\/Copa-America-2016-USA-football-pronostics-resultats-m.png\" alt=\"Copa-America-2016-USA-football-pronostics-resultats\" width=\"50\" height=\"50\" \/><\/p>\n<p>Copa America 2016:<strong> quarts<strong>\u00a0de finale<\/strong><\/strong><\/p>\n<p>2016-06-16: \u00a0 <strong>USA\u00a0\u2013\u00a0Equateur<\/strong> \u00a0 \u00a05-4 t.a.b. \u00a0 &gt;&gt;&gt; \u00a0 2-1<br \/>\n2016-06-17: \u00a0 <strong>P\u00e9rou \u2013 Colombie<\/strong> \u00a0 1-2 \u00a0 &gt;&gt;&gt; \u00a0 2-4 t.a.b.<br \/>\n2016-06-18:\u00a0\u00a0 <strong>Argentine \u2013 Venezuela<\/strong> \u00a0 2-0 \u00a0 &gt;&gt;&gt; \u00a0 4-1<br \/>\n2016-06-18: \u00a0 <strong>Mexique \u2013\u00a0Chili<\/strong> \u00a0 5-6 t.a.b. \u00a0 &gt;&gt;&gt; \u00a0 0-7<\/p>\n<p><img loading=\"lazy\" class=\"alignnone size-full wp-image-3206\" src=\"http:\/\/dataminingsoccer.com\/fr\/wp-content\/uploads\/sites\/6\/Copa-America-2016-USA-football-pronostics-resultats-m.png\" alt=\"Copa-America-2016-USA-football-pronostics-resultats\" width=\"50\" height=\"50\" \/><\/p>\n<p>Copa America 2016:<strong> demi-<strong>finales<\/strong><\/strong><\/p>\n<p>2016-06-22: \u00a0 <strong>USA\u00a0\u2013 Argentine<\/strong> \u00a0 1-2 \u00a0 &gt;&gt;&gt; \u00a0 0-4<br \/>\n2016-06-23: \u00a0 <strong>Colombie\u00a0\u2013 Chili<\/strong> \u00a04-5 t.a.b. \u00a0 &gt;&gt;&gt; \u00a0 0-2<\/p>\n<p><img loading=\"lazy\" class=\"alignnone size-full wp-image-3206\" src=\"http:\/\/dataminingsoccer.com\/fr\/wp-content\/uploads\/sites\/6\/Copa-America-2016-USA-football-pronostics-resultats-m.png\" alt=\"Copa-America-2016-USA-football-pronostics-resultats\" width=\"50\" height=\"50\" \/><\/p>\n<p>Copa America 2016:<strong>\u00a0match pour la 3\u00b0 place<\/strong><\/p>\n<p>2016-06-25: \u00a0 <strong>USA \u2013 Colombie<\/strong> \u00a0 1-2 \u00a0 &gt;&gt;&gt; \u00a0 0-1<\/p>\n<p><img loading=\"lazy\" class=\"alignnone size-full wp-image-3206\" src=\"http:\/\/dataminingsoccer.com\/fr\/wp-content\/uploads\/sites\/6\/Copa-America-2016-USA-football-pronostics-resultats-m.png\" alt=\"Copa-America-2016-USA-football-pronostics-resultats\" width=\"50\" height=\"50\" \/><\/p>\n<p>Copa America 2016:<strong><strong>\u00a0finale<\/strong><\/strong><\/p>\n<p>2016-06-26: \u00a0 Argentine \u2013 Chili \u00a0 1-0 a.p. \u00a0 &gt;&gt;&gt; \u00a0 2-4 t.a.b.<\/p>\n<p><img loading=\"lazy\" class=\"alignnone size-full wp-image-3206\" src=\"http:\/\/dataminingsoccer.com\/fr\/wp-content\/uploads\/sites\/6\/Copa-America-2016-USA-football-pronostics-resultats-m.png\" alt=\"Copa-America-2016-USA-football-pronostics-resultats\" width=\"50\" height=\"50\" \/><\/p>\n<p><strong>Phase \u00e0 \u00e9limination pr\u00e9sum\u00e9e avant\u00a0de la Copa Am\u00e9rica 2016:<\/strong><\/p>\n<p><img loading=\"lazy\" class=\"alignnone size-full wp-image-3206\" src=\"http:\/\/dataminingsoccer.com\/fr\/wp-content\/uploads\/sites\/6\/Copa-America-2016-USA-football-pronostics-resultats-m.png\" alt=\"Copa-America-2016-USA-football-pronostics-resultats\" width=\"50\" height=\"50\" \/><\/p>\n<p><strong>Quarts de finale\u00a0pr\u00e9sum\u00e9s <strong><strong>2016<\/strong><\/strong> <\/strong>(calcul\u00e9 <em>avant<\/em> la Copa Am\u00e9rica):<\/p>\n<p>Avant la Copa Am\u00e9rica:\u00a0\u00a0 Colombie \u2013\u00a0Equateur \u00a0 2-1<br \/>\nAvant la Copa Am\u00e9rica:\u00a0\u00a0 Br\u00e9sil \u2013 USA\u00a0\u00a0 2-1<br \/>\nAvant la Copa Am\u00e9rica:\u00a0\u00a0 Argentine \u2013\u00a0Mexique \u00a0 1-0<br \/>\nAvant la Copa Am\u00e9rica:\u00a0\u00a0 Uruguay \u2013\u00a0Chili \u00a0 1-2 t.a.b.<\/p>\n<p><img loading=\"lazy\" class=\"alignnone size-full wp-image-3206\" src=\"http:\/\/dataminingsoccer.com\/fr\/wp-content\/uploads\/sites\/6\/Copa-America-2016-USA-football-pronostics-resultats-m.png\" alt=\"Copa-America-2016-USA-football-pronostics-resultats\" width=\"50\" height=\"50\" \/><\/p>\n<p><strong>Demi-finales\u00a0pr\u00e9sum\u00e9es <strong>2016<\/strong> <\/strong>(calcul\u00e9 <em>avant<\/em> la Copa Am\u00e9rica):<\/p>\n<p>Avant la Copa Am\u00e9rica:\u00a0\u00a0 Colombie \u2013 Argentine \u00a0 0-1<br \/>\nAvant la Copa Am\u00e9rica:\u00a0\u00a0 Br\u00e9sil \u2013\u00a0Chili \u00a0 0-1 t.a.b.<\/p>\n<p><img loading=\"lazy\" class=\"alignnone size-full wp-image-3206\" src=\"http:\/\/dataminingsoccer.com\/fr\/wp-content\/uploads\/sites\/6\/Copa-America-2016-USA-football-pronostics-resultats-m.png\" alt=\"Copa-America-2016-USA-football-pronostics-resultats\" width=\"50\" height=\"50\" \/><\/p>\n<p><strong>Pr\u00e9sum\u00e9 match pour la 3e place <\/strong>(calcul\u00e9 <em>avant<\/em> la Copa Am\u00e9rica):<\/p>\n<p>Avant la Copa Am\u00e9rica:\u00a0\u00a0 Colombie \u2013 Br\u00e9sil \u00a0 1-2 a.p.<\/p>\n<p><img loading=\"lazy\" class=\"alignnone size-full wp-image-3206\" src=\"http:\/\/dataminingsoccer.com\/fr\/wp-content\/uploads\/sites\/6\/Copa-America-2016-USA-football-pronostics-resultats-m.png\" alt=\"Copa-America-2016-USA-football-pronostics-resultats\" width=\"50\" height=\"50\" \/><\/p>\n<p><strong>Finale pr\u00e9sum\u00e9e 2016 <\/strong>(calcul\u00e9 <em>avant<\/em> la Copa Am\u00e9rica):<\/p>\n<p>Avant la Copa Am\u00e9rica:\u00a0 Argentine \u2013\u00a0Chili \u00a0 1-0 a.p.<\/p>\n<p><img loading=\"lazy\" class=\"alignnone size-full wp-image-3206\" src=\"http:\/\/dataminingsoccer.com\/fr\/wp-content\/uploads\/sites\/6\/Copa-America-2016-USA-football-pronostics-resultats-m.png\" alt=\"Copa-America-2016-USA-football-pronostics-resultats\" width=\"50\" height=\"50\" \/><\/p>\n","protected":false},"excerpt":{"rendered":"<p>Football Result Predictions using Data Mining Copa America Centenario 2016 aux \u00c9tats-Unis: \u00e9quipe 1 \u2013 \u00e9quipe 2\u00a0\u00a0 pronostic \u00a0 &gt;&gt;&gt; \u00a0 r\u00e9sultat r\u00e9el Copa America 2016: Groupe A 2016-06-03 \u00a0USA \u2013 Colombie \u00a0 1-2\u00a0\u00a0 &gt;&gt;&gt;\u00a0\u00a0 0-2 2016-06-04 \u00a0Costa Rica \u2013 Paraguay \u00a0 1-1 \u00a0 &gt;&gt;&gt;\u00a0\u00a0 0-0 2016-06-07 \u00a0USA \u2013 Costa Rica \u00a0 2-1\u00a0\u00a0 &gt;&gt;&gt;\u00a0\u00a0 4-0 &hellip; <a href=\"http:\/\/dataminingsoccer.com\/fr\/coupe-du-monde-et-coupe-d-europe\/pronostics\/copa-america-2016\/\" class=\"more-link\">Continuer la lecture de <span class=\"screen-reader-text\">Copa Am\u00e9rica 2016<\/span> <span class=\"meta-nav\">&rarr;<\/span><\/a><\/p>\n","protected":false},"author":7,"featured_media":0,"parent":2674,"menu_order":95,"comment_status":"closed","ping_status":"closed","template":"","meta":[],"yoast_head":"<!-- This site is optimized with the Yoast SEO plugin v14.8 - https:\/\/yoast.com\/wordpress\/plugins\/seo\/ -->\n<meta name=\"description\" content=\"Copa Am\u00e9rica 2016 USA: Risultati di Calcio: Pronostici utilizzando Data Mining\" \/>\n<meta name=\"robots\" content=\"index, follow\" \/>\n<meta name=\"googlebot\" content=\"index, follow, max-snippet:-1, max-image-preview:large, max-video-preview:-1\" \/>\n<meta name=\"bingbot\" content=\"index, follow, max-snippet:-1, max-image-preview:large, max-video-preview:-1\" \/>\n<link rel=\"canonical\" href=\"http:\/\/dataminingsoccer.com\/fr\/coupe-du-monde-et-coupe-d-europe\/pronostics\/copa-america-2016\/\" \/>\n<script type=\"application\/ld+json\" class=\"yoast-schema-graph\">{\"@context\":\"https:\/\/schema.org\",\"@graph\":[{\"@type\":\"WebSite\",\"@id\":\"http:\/\/dataminingsoccer.com\/fr\/#website\",\"url\":\"http:\/\/dataminingsoccer.com\/fr\/\",\"name\":\"Pronostics de R\\u00e9sultats de Football\",\"description\":\"bas\\u00e9 sur des analyses statistiques utilisant data mining.. Nous aimons le football!     Nous aimons les jeux de nombre!\",\"potentialAction\":[{\"@type\":\"SearchAction\",\"target\":\"http:\/\/dataminingsoccer.com\/fr\/?s={search_term_string}\",\"query-input\":\"required name=search_term_string\"}],\"inLanguage\":\"fr-FR\"},{\"@type\":\"ImageObject\",\"@id\":\"http:\/\/dataminingsoccer.com\/fr\/coupe-du-monde-et-coupe-d-europe\/pronostics\/copa-america-2016\/#primaryimage\",\"inLanguage\":\"fr-FR\",\"url\":\"http:\/\/dataminingsoccer.com\/fr\/wp-content\/uploads\/sites\/6\/Copa-America-2016-USA-football-pronostics-resultats-m.png\",\"width\":50,\"height\":50,\"caption\":\"Copa-America-2016-USA-football-pronostics-resultats\"},{\"@type\":\"WebPage\",\"@id\":\"http:\/\/dataminingsoccer.com\/fr\/coupe-du-monde-et-coupe-d-europe\/pronostics\/copa-america-2016\/#webpage\",\"url\":\"http:\/\/dataminingsoccer.com\/fr\/coupe-du-monde-et-coupe-d-europe\/pronostics\/copa-america-2016\/\",\"name\":\"Copa Am\\u00e9rica 2016 - Pronostics de R\\u00e9sultats de Football\",\"isPartOf\":{\"@id\":\"http:\/\/dataminingsoccer.com\/fr\/#website\"},\"primaryImageOfPage\":{\"@id\":\"http:\/\/dataminingsoccer.com\/fr\/coupe-du-monde-et-coupe-d-europe\/pronostics\/copa-america-2016\/#primaryimage\"},\"datePublished\":\"2016-06-05T19:48:55+00:00\",\"dateModified\":\"2016-06-27T02:57:55+00:00\",\"description\":\"Copa Am\\u00e9rica 2016 USA: Risultati di Calcio: Pronostici utilizzando Data Mining\",\"inLanguage\":\"fr-FR\",\"potentialAction\":[{\"@type\":\"ReadAction\",\"target\":[\"http:\/\/dataminingsoccer.com\/fr\/coupe-du-monde-et-coupe-d-europe\/pronostics\/copa-america-2016\/\"]}]}]}<\/script>\n<!-- \/ Yoast SEO plugin. -->","_links":{"self":[{"href":"http:\/\/dataminingsoccer.com\/fr\/wp-json\/wp\/v2\/pages\/3208"}],"collection":[{"href":"http:\/\/dataminingsoccer.com\/fr\/wp-json\/wp\/v2\/pages"}],"about":[{"href":"http:\/\/dataminingsoccer.com\/fr\/wp-json\/wp\/v2\/types\/page"}],"author":[{"embeddable":true,"href":"http:\/\/dataminingsoccer.com\/fr\/wp-json\/wp\/v2\/users\/7"}],"replies":[{"embeddable":true,"href":"http:\/\/dataminingsoccer.com\/fr\/wp-json\/wp\/v2\/comments?post=3208"}],"version-history":[{"count":43,"href":"http:\/\/dataminingsoccer.com\/fr\/wp-json\/wp\/v2\/pages\/3208\/revisions"}],"predecessor-version":[{"id":3336,"href":"http:\/\/dataminingsoccer.com\/fr\/wp-json\/wp\/v2\/pages\/3208\/revisions\/3336"}],"up":[{"embeddable":true,"href":"http:\/\/dataminingsoccer.com\/fr\/wp-json\/wp\/v2\/pages\/2674"}],"wp:attachment":[{"href":"http:\/\/dataminingsoccer.com\/fr\/wp-json\/wp\/v2\/media?parent=3208"}],"curies":[{"name":"wp","href":"https:\/\/api.w.org\/{rel}","templated":true}]}}