{"id":32,"date":"2013-09-12T03:20:06","date_gmt":"2013-09-12T01:20:06","guid":{"rendered":"http:\/\/dataminingsoccer.com\/fr\/?page_id=32"},"modified":"2015-06-25T16:55:15","modified_gmt":"2015-06-25T14:55:15","slug":"ligue-des-champions-et-ligue-europa","status":"publish","type":"page","link":"http:\/\/dataminingsoccer.com\/fr\/ligue-des-champions-et-ligue-europa\/","title":{"rendered":"LC &#038; LE"},"content":{"rendered":"<h2>R\u00e9sultats de Football: Pronostics utilisant Data Mining<\/h2><p><img loading=\"lazy\" class=\"alignnone size-full wp-image-180\" src=\"http:\/\/dataminingsoccer.com\/fr\/wp-content\/uploads\/sites\/6\/Ligue-Champions-Football-Resultats-Prediction-m.png\" alt=\"Ligue-Champions-Football-Resultats-Prediction\" width=\"52\" height=\"50\" \/>\u00a0\u00a0\u00a0\u00a0 &amp;\u00a0\u00a0\u00a0\u00a0 <img loading=\"lazy\" class=\"alignnone size-full wp-image-182\" src=\"http:\/\/dataminingsoccer.com\/fr\/wp-content\/uploads\/sites\/6\/Ligue-Europa-Football-Resultats-Prediction-m.png\" alt=\"Ligue-Europa-Football-Resultats-Prediction\" width=\"38\" height=\"50\" \/><\/p>\n<p>UEFA Ligue des Champions et la Ligue Europa &#8211; les deux premiers des comp\u00e9titions de football europ\u00e9ennes:<\/p>\n<p><a href=\"http:\/\/dataminingsoccer.com\/fr\/ligue-des-champions-et-ligue-europa\/pronostics\/ligue-des-champions-2015-2016\/\">[Ligue des Champions 2015\/16]<br \/>\n<\/a><a href=\"http:\/\/dataminingsoccer.com\/fr\/ligue-des-champions-et-ligue-europa\/pronostics\/ligue-europa-2015-2016\/\">[Ligue Europa 2015\/16]<br \/>\n<\/a><a href=\"http:\/\/dataminingsoccer.com\/fr\/ligue-des-champions-et-ligue-europa\/pronostics-ligue-des-champions\/\">[avant]<\/a><\/p>\n<p><img loading=\"lazy\" src=\"http:\/\/dataminingsoccer.com\/fr\/wp-content\/uploads\/sites\/6\/Ligue-Champions-Football-Resultats-Prediction-m.png\" alt=\"Ligue-Champions-Football-Resultats-Prediction\" width=\"52\" height=\"50\" \/><\/p>\n<p>Les pr\u00e9c\u00e9dents vainqueurs de la <a href=\"http:\/\/dataminingsoccer.com\/fr\/ligue-des-champions-et-ligue-europa\/pronostics\/ligue-des-champions-2015-2016\/\">[Ligue des Champions]<\/a> et le num\u00e9ro de titres remport\u00e9s (y compris les titres de la\u00a0Coupe des Clubs Champions Europ\u00e9ens):<\/p>\n<p>Real Madrid (10)<br \/>\nMilan (7)<br \/>\nBayern Munich\u00a0(5)<br \/>\nBarcelona (5) \u00a0\u00a0<img loading=\"lazy\" class=\"alignnone size-full wp-image-181\" src=\"http:\/\/dataminingsoccer.com\/fr\/wp-content\/uploads\/sites\/6\/Ligue-Champions-Football-Resultats-Prediction-s.png\" alt=\"Ligue-Champions-Football-Resultats-Prediction\" width=\"27\" height=\"25\" \/>\u00a0 \u00a0(champion actuel)<br \/>\nLiverpool (5)<br \/>\nAjax Amsterdam (4)<br \/>\nInternazionale (3)<br \/>\nManchester United (3)<br \/>\nJuventus (2)<br \/>\nBenfica (2)<br \/>\nNottingham Forrest (2)<br \/>\nPorto (2)<br \/>\nSteaua Bucaresti (1)<br \/>\nBorussia Dortmund (1)<br \/>\nCeltic Glasgow (1)<br \/>\nChelsea (1)<br \/>\nHamburg (1)<br \/>\nOlympique Marseille (1)<br \/>\nFeyenoord Rotterdam (1)<br \/>\nAston Villa (1)<br \/>\nEindhoven (1)<br \/>\nRed Star\u00a0Belgrade (1)<\/p>\n<p><img loading=\"lazy\" src=\"http:\/\/dataminingsoccer.com\/fr\/wp-content\/uploads\/sites\/6\/Ligue-Europa-Football-Resultats-Prediction-m.png\" alt=\"Ligue-Europa-Football-Resultats-Prediction\" width=\"38\" height=\"50\" \/><\/p>\n<p>Les pr\u00e9c\u00e9dents laur\u00e9ats de la <a href=\"http:\/\/dataminingsoccer.com\/fr\/ligue-des-champions-et-ligue-europa\/pronostics\/ligue-europa-2015-2016\/\">[Ligue Europa]<\/a> et le num\u00e9ro de titres remport\u00e9s (y compris les titres de la Coupe de l&rsquo;UEFA):<\/p>\n<p>Sevilla\u00a0(4) \u00a0\u00a0<img loading=\"lazy\" class=\"alignnone size-full wp-image-183\" src=\"http:\/\/dataminingsoccer.com\/fr\/wp-content\/uploads\/sites\/6\/Ligue-Europa-Football-Resultats-Prediction-s.png\" alt=\"Ligue-Europa-Football-Resultats-Prediction\" width=\"26\" height=\"25\" \/>\u00a0 \u00a0(champion actuel)<br \/>\nJuventus (3)<br \/>\nInternazionale\u00a0(3)<br \/>\nLiverpool (3)<br \/>\nBorussia Moenchengladbach (2)<br \/>\nTottenham Hotspur (2)<br \/>\nFeyenoord Rotterdam (2)<br \/>\nIFK Goeteborg (2)<br \/>\nParma (2)<br \/>\nReal Madrid (2)<br \/>\nPorto (2)<br \/>\nAtl\u00e9tico Madrid (2)<br \/>\nRSC Anderlecht (1)<br \/>\nPSV Eindhoven (1)<br \/>\nEintracht Frankfurt (1)<br \/>\nIpswich Town (1)<br \/>\nBayer 04 Leverkusen (1)<br \/>\nNapoli\u00a0(1)<br \/>\nAjax Amsterdam (1)<br \/>\nBayern Munich\u00a0(1)<br \/>\nSchalke 04 (1)<br \/>\nGalatasaray Istanbul (1)<br \/>\nZSKA Moskau (1)<br \/>\nFC Valencia (1)<br \/>\nZenit Sankt Petersburg (1)<br \/>\nSchachtar Donezk (1)<br \/>\nFC Chelsea (1)<\/p>\n<p><img loading=\"lazy\" src=\"http:\/\/dataminingsoccer.com\/fr\/wp-content\/uploads\/sites\/6\/Ligue-Champions-Football-Resultats-Prediction-m.png\" alt=\"Ligue-Champions-Football-Resultats-Prediction\" width=\"52\" height=\"50\" \/>\u00a0\u00a0\u00a0\u00a0 &amp;\u00a0\u00a0\u00a0\u00a0 <img loading=\"lazy\" src=\"http:\/\/dataminingsoccer.com\/fr\/wp-content\/uploads\/sites\/6\/Ligue-Europa-Football-Resultats-Prediction-m.png\" alt=\"Ligue-Europa-Football-Resultats-Prediction\" width=\"38\" height=\"50\" \/><\/p>\n","protected":false},"excerpt":{"rendered":"<p>R\u00e9sultats de Football: Pronostics utilisant Data Mining\u00a0\u00a0\u00a0\u00a0 &amp;\u00a0\u00a0\u00a0\u00a0 UEFA Ligue des Champions et la Ligue Europa &#8211; les deux premiers des comp\u00e9titions de football europ\u00e9ennes: [Ligue des Champions 2015\/16] [Ligue Europa 2015\/16] [avant] Les pr\u00e9c\u00e9dents vainqueurs de la [Ligue des Champions] et le num\u00e9ro de titres remport\u00e9s (y compris les titres de la\u00a0Coupe des Clubs &hellip; <a href=\"http:\/\/dataminingsoccer.com\/fr\/ligue-des-champions-et-ligue-europa\/\" class=\"more-link\">Continuer la lecture de <span class=\"screen-reader-text\">LC &#038; LE<\/span> <span class=\"meta-nav\">&rarr;<\/span><\/a><\/p>\n","protected":false},"author":7,"featured_media":0,"parent":0,"menu_order":20,"comment_status":"closed","ping_status":"closed","template":"","meta":[],"yoast_head":"<!-- This site is optimized with the Yoast SEO plugin v14.8 - https:\/\/yoast.com\/wordpress\/plugins\/seo\/ -->\n<meta name=\"description\" content=\"Pronostics de r\u00e9sultats pour la UEFA Ligue des Champions (LC) et la Ligue Europa (LE). Vue d&#039;ensemble des vainquers de la LC et la LE.\" \/>\n<meta name=\"robots\" content=\"index, follow\" \/>\n<meta name=\"googlebot\" content=\"index, follow, max-snippet:-1, max-image-preview:large, max-video-preview:-1\" \/>\n<meta name=\"bingbot\" content=\"index, follow, max-snippet:-1, max-image-preview:large, max-video-preview:-1\" \/>\n<link rel=\"canonical\" href=\"http:\/\/dataminingsoccer.com\/fr\/ligue-des-champions-et-ligue-europa\/\" \/>\n<script type=\"application\/ld+json\" class=\"yoast-schema-graph\">{\"@context\":\"https:\/\/schema.org\",\"@graph\":[{\"@type\":\"WebSite\",\"@id\":\"http:\/\/dataminingsoccer.com\/fr\/#website\",\"url\":\"http:\/\/dataminingsoccer.com\/fr\/\",\"name\":\"Pronostics de R\\u00e9sultats de Football\",\"description\":\"bas\\u00e9 sur des analyses statistiques utilisant data mining.. Nous aimons le football!     Nous aimons les jeux de nombre!\",\"potentialAction\":[{\"@type\":\"SearchAction\",\"target\":\"http:\/\/dataminingsoccer.com\/fr\/?s={search_term_string}\",\"query-input\":\"required name=search_term_string\"}],\"inLanguage\":\"fr-FR\"},{\"@type\":\"ImageObject\",\"@id\":\"http:\/\/dataminingsoccer.com\/fr\/ligue-des-champions-et-ligue-europa\/#primaryimage\",\"inLanguage\":\"fr-FR\",\"url\":\"http:\/\/dataminingsoccer.com\/fr\/wp-content\/uploads\/sites\/6\/Ligue-Champions-Football-Resultats-Prediction-m.png\",\"width\":52,\"height\":50,\"caption\":\"Ligue-Champions-Football-Resultats-Prediction\"},{\"@type\":\"WebPage\",\"@id\":\"http:\/\/dataminingsoccer.com\/fr\/ligue-des-champions-et-ligue-europa\/#webpage\",\"url\":\"http:\/\/dataminingsoccer.com\/fr\/ligue-des-champions-et-ligue-europa\/\",\"name\":\"LC & LE - Pronostics de R\\u00e9sultats de Football\",\"isPartOf\":{\"@id\":\"http:\/\/dataminingsoccer.com\/fr\/#website\"},\"primaryImageOfPage\":{\"@id\":\"http:\/\/dataminingsoccer.com\/fr\/ligue-des-champions-et-ligue-europa\/#primaryimage\"},\"datePublished\":\"2013-09-12T01:20:06+00:00\",\"dateModified\":\"2015-06-25T14:55:15+00:00\",\"description\":\"Pronostics de r\\u00e9sultats pour la UEFA Ligue des Champions (LC) et la Ligue Europa (LE). Vue d'ensemble des vainquers de la LC et la LE.\",\"inLanguage\":\"fr-FR\",\"potentialAction\":[{\"@type\":\"ReadAction\",\"target\":[\"http:\/\/dataminingsoccer.com\/fr\/ligue-des-champions-et-ligue-europa\/\"]}]}]}<\/script>\n<!-- \/ Yoast SEO plugin. -->","_links":{"self":[{"href":"http:\/\/dataminingsoccer.com\/fr\/wp-json\/wp\/v2\/pages\/32"}],"collection":[{"href":"http:\/\/dataminingsoccer.com\/fr\/wp-json\/wp\/v2\/pages"}],"about":[{"href":"http:\/\/dataminingsoccer.com\/fr\/wp-json\/wp\/v2\/types\/page"}],"author":[{"embeddable":true,"href":"http:\/\/dataminingsoccer.com\/fr\/wp-json\/wp\/v2\/users\/7"}],"replies":[{"embeddable":true,"href":"http:\/\/dataminingsoccer.com\/fr\/wp-json\/wp\/v2\/comments?post=32"}],"version-history":[{"count":13,"href":"http:\/\/dataminingsoccer.com\/fr\/wp-json\/wp\/v2\/pages\/32\/revisions"}],"predecessor-version":[{"id":3083,"href":"http:\/\/dataminingsoccer.com\/fr\/wp-json\/wp\/v2\/pages\/32\/revisions\/3083"}],"wp:attachment":[{"href":"http:\/\/dataminingsoccer.com\/fr\/wp-json\/wp\/v2\/media?parent=32"}],"curies":[{"name":"wp","href":"https:\/\/api.w.org\/{rel}","templated":true}]}}