{"id":3177,"date":"2016-06-05T05:22:59","date_gmt":"2016-06-05T03:22:59","guid":{"rendered":"http:\/\/dataminingsoccer.com\/fr\/?page_id=3177"},"modified":"2016-07-11T00:27:48","modified_gmt":"2016-07-10T22:27:48","slug":"championnat-d-europe-2016","status":"publish","type":"page","link":"http:\/\/dataminingsoccer.com\/fr\/coupe-du-monde-et-coupe-d-europe\/pronostics\/championnat-d-europe-2016\/","title":{"rendered":"Championnat d\u2019Europe 2016"},"content":{"rendered":"<h2>Football Result Predictions using Data Mining<\/h2><p><img loading=\"lazy\" class=\"alignnone size-full wp-image-3175\" src=\"http:\/\/dataminingsoccer.com\/fr\/wp-content\/uploads\/sites\/6\/Coupe-Euro-2016-France-Football-Resultats-Prediction-m.png\" alt=\"Coupe-Euro-2016-France-Football-Resultats-Prediction\" width=\"50\" height=\"50\" \/><\/p>\n<p><strong>Euro2016 <\/strong>en France:<\/p>\n<p>\u00e9quipe 1 \u2013 \u00e9quipe 2\u00a0\u00a0 pronostic \u00a0 &gt;&gt;&gt; \u00a0 r\u00e9sultat r\u00e9el<\/p>\n<p><img loading=\"lazy\" class=\"alignnone size-full wp-image-3175\" src=\"http:\/\/dataminingsoccer.com\/fr\/wp-content\/uploads\/sites\/6\/Coupe-Euro-2016-France-Football-Resultats-Prediction-m.png\" alt=\"Coupe-Euro-2016-France-Football-Resultats-Prediction\" width=\"50\" height=\"50\" \/><\/p>\n<p>Euro2016:<strong> Groupe A<\/strong><\/p>\n<p>2016-06-10\u00a0<strong>\u00a0<\/strong><strong>France \u2013 Roumanie<\/strong> \u00a0 2-0\u00a0 &gt;&gt;&gt; \u00a0 2-1<br \/>\n2016-06-11\u00a0<strong>\u00a0Albanie \u2013 Suisse<\/strong> \u00a0 0-2 \u00a0 &gt;&gt;&gt; \u00a0 0-1<br \/>\n2016-06-15\u00a0<strong>\u00a0France \u2013 Albanie \u00a0 2-0 \u00a0 &gt;&gt;&gt; \u00a0 2-0<\/strong><br \/>\n2016-06-15\u00a0<strong>\u00a0<\/strong>Roumanie \u2013 Suisse \u00a0 1-2 \u00a0 &gt;&gt;&gt; \u00a0 1-1<br \/>\n2016-06-19\u00a0<strong>\u00a0<\/strong>Roumanie \u2013 Albanie \u00a0 2-1 \u00a0 &gt;&gt;&gt; \u00a0 0-1<br \/>\n2016-06-19\u00a0<strong>\u00a0<\/strong>Suisse \u2013 France \u00a0 0-1 \u00a0 &gt;&gt;&gt; \u00a0 0-0<\/p>\n<p><strong>Les r\u00e9sultats pr\u00e9vus <\/strong>(avant le tournoi)<strong><strong><strong> du groupe A:<\/strong><\/strong><br \/>\n<\/strong>1. <strong>France<\/strong> (9 points | +5 buts)<br \/>\n2. <strong>Suisse<\/strong> (6 points | +2 buts)<br \/>\n3. Roumanie (3 points | -2 buts)<br \/>\n4. Albanie (0 points | -5 buts)<\/p>\n<p><strong>Les r\u00e9sultats pr\u00e9vus du groupe A:<br \/>\n<\/strong>1. <strong>France<\/strong> (7 points | +3 buts)<br \/>\n2.\u00a0<strong>Suisse<\/strong>\u00a0(5 points | +1 buts)<br \/>\n3. Albanie (3 points | -2 buts)<br \/>\n4. Roumanie (1 points | -2 buts)<\/p>\n<p><img loading=\"lazy\" class=\"alignnone size-full wp-image-3175\" src=\"http:\/\/dataminingsoccer.com\/fr\/wp-content\/uploads\/sites\/6\/Coupe-Euro-2016-France-Football-Resultats-Prediction-m.png\" alt=\"Coupe-Euro-2016-France-Football-Resultats-Prediction\" width=\"50\" height=\"50\" \/><\/p>\n<p>Euro2016:<strong> Groupe B<\/strong><\/p>\n<p>2016-06-11\u00a0<strong>\u00a0<\/strong>Angleterre \u2013 Russie \u00a0 2-1\u00a0 &gt;&gt;&gt; \u00a0 1-1<br \/>\n2016-06-11\u00a0<strong>\u00a0<\/strong>Pays de Galles \u2013 Slovaquie \u00a0 1-1\u00a0 &gt;&gt;&gt; \u00a0 2-1<br \/>\n2016-06-15\u00a0<strong>\u00a0<\/strong>Russie \u2013 Slovaquie \u00a0 0-0 \u00a0 &gt;&gt;&gt; \u00a0 1-2<br \/>\n2016-06-16\u00a0<strong>\u00a0Angleterre \u2013 Pays de Galles \u00a0 2-1 \u00a0 &gt;&gt;&gt; \u00a0 2-1<\/strong><br \/>\n2016-06-20\u00a0<strong>\u00a0<\/strong>Russie \u2013 Pays de Galles \u00a0 1-0 \u00a0 &gt;&gt;&gt; \u00a0 0-3<br \/>\n2016-06-20\u00a0<strong>\u00a0<\/strong>Slovaquie \u2013 Angleterre \u00a0 0-1 \u00a0 &gt;&gt;&gt; \u00a0 0-0<\/p>\n<p><strong>Les r\u00e9sultats pr\u00e9vus <\/strong>(avant le tournoi)<strong> du groupe B:<br \/>\n<\/strong>1. <strong>Angleterre<\/strong> (9 points | +3 buts)<br \/>\n2. Russie (4 points | +0 buts)<br \/>\n3. Slovaquie (2 points | -1 but)<br \/>\n4. Pays de Galles (1 point | -2 buts)<\/p>\n<p><strong>Les r\u00e9sultats pr\u00e9vus du groupe B:<br \/>\n<\/strong>1. Pays de Galles (6 points | +3 buts)<br \/>\n2. <strong>Angleterre<\/strong> (5 points | +1 but)<br \/>\n3. Slovaquie (4 points | +0 buts)<br \/>\n4. Russie (1 point | -4 buts)<\/p>\n<p><img loading=\"lazy\" class=\"alignnone size-full wp-image-3175\" src=\"http:\/\/dataminingsoccer.com\/fr\/wp-content\/uploads\/sites\/6\/Coupe-Euro-2016-France-Football-Resultats-Prediction-m.png\" alt=\"Coupe-Euro-2016-France-Football-Resultats-Prediction\" width=\"50\" height=\"50\" \/><\/p>\n<p>Euro2016:<strong> Groupe C<\/strong><\/p>\n<p>2016-06-12\u00a0<strong>\u00a0Allemagne \u2013 Ukraine<\/strong> \u00a0 1-0 \u00a0 &gt;&gt;&gt; \u00a0 2-0<br \/>\n2016-06-12\u00a0<strong>\u00a0Pologne \u2013 Irlande du Nord<\/strong> \u00a0 2-1 \u00a0 &gt;&gt;&gt; \u00a0 1-0<br \/>\n2016-06-16\u00a0<strong>\u00a0<\/strong>Allemagne \u2013 Pologne \u00a0 2-1 \u00a0 &gt;&gt;&gt; \u00a0 0-0<br \/>\n2016-06-16\u00a0<strong>\u00a0<\/strong>Ukraine \u2013 Irlande du Nord \u00a0 2-1 \u00a0 &gt;&gt;&gt; \u00a0 0-2<br \/>\n2016-06-21\u00a0<strong>\u00a0Irlande du Nord \u2013 Allemagne \u00a0 0-1 \u00a0 &gt;&gt;&gt; \u00a0 0-1<\/strong><br \/>\n2016-06-21\u00a0<strong>\u00a0Ukraine \u2013 Pologne<\/strong> \u00a0 1-2 \u00a0 &gt;&gt;&gt; \u00a0 0-1<\/p>\n<p><strong>Les r\u00e9sultats pr\u00e9vus <\/strong>(avant le tournoi)<strong> du groupe C:<br \/>\n<\/strong>1. <strong>Allemagne<\/strong> (9 points | +3 buts)<br \/>\n2. <strong>Pologne<\/strong> (6 points | +1 but)<br \/>\n3. Ukraine (3 points | -1 but)<br \/>\n4. Irlande du Nord (0 points | -3 buts)<\/p>\n<p><strong>Les r\u00e9sultats pr\u00e9vus du groupe C:<br \/>\n<\/strong>1.\u00a0<strong>Allemagne<\/strong>\u00a0(7 points | +3 buts)<br \/>\n2.\u00a0<strong>Pologne<\/strong>\u00a0(7 points | +2 buts)<br \/>\n3. Irlande du Nord (3 points | +0 buts)<br \/>\n4. Ukraine (0 points | -5 buts)<\/p>\n<p><img loading=\"lazy\" class=\"alignnone size-full wp-image-3175\" src=\"http:\/\/dataminingsoccer.com\/fr\/wp-content\/uploads\/sites\/6\/Coupe-Euro-2016-France-Football-Resultats-Prediction-m.png\" alt=\"Coupe-Euro-2016-France-Football-Resultats-Prediction\" width=\"50\" height=\"50\" \/><\/p>\n<p>Euro2016:<strong> Groupe D<\/strong><\/p>\n<p>2016-06-12\u00a0<strong>\u00a0<\/strong>Turquie \u2013 Croatie \u00a0 1-1 \u00a0 &gt;&gt;&gt; \u00a0 0-1<br \/>\n2016-06-13\u00a0<strong>\u00a0Espagne \u2013 R\u00e9publique Tch\u00e8que<\/strong> \u00a0 2-0 \u00a0 &gt;&gt;&gt; \u00a0 1-0<br \/>\n2016-06-17\u00a0<strong>\u00a0<\/strong>R\u00e9publique Tch\u00e8que \u2013 Croatie \u00a0 1-2 \u00a0 &gt;&gt;&gt; \u00a0 2-2<br \/>\n2016-06-17\u00a0<strong>\u00a0Espagne \u2013 Turquie<\/strong> \u00a0 2-0 \u00a0 &gt;&gt;&gt; \u00a0 3-0<br \/>\n2016-06-21\u00a0<strong>\u00a0<\/strong>Croatie \u2013 Espagne \u00a0 0-1 \u00a0 &gt;&gt;&gt; \u00a0 2-1<br \/>\n2016-06-21\u00a0<strong>\u00a0<\/strong>R\u00e9publique Tch\u00e8que \u2013 Turquie \u00a0 1-1 \u00a0 &gt;&gt;&gt; \u00a0 0-2<\/p>\n<p><strong>Les r\u00e9sultats pr\u00e9vus <\/strong>(avant le tournoi)<strong> du groupe D:<br \/>\n<\/strong>1. <strong>Espagne<\/strong> (9 points | +5 buts)<br \/>\n2. <strong>Croatie<\/strong> (4 points | +0 buts)<br \/>\n3. Turquie (2 points | -2 buts)<br \/>\n4. R\u00e9publique Tch\u00e8que (1 point | -3 buts)<\/p>\n<p><strong>Les r\u00e9sultats pr\u00e9vus du groupe D:<br \/>\n<\/strong>1.\u00a0<strong>Croatie<\/strong>\u00a0(7 points | +2 buts)<br \/>\n2.\u00a0<strong>Espagne<\/strong>\u00a0(6 points | +3 buts)<br \/>\n3. Turquie (3 points | -2 buts)<br \/>\n4. R\u00e9publique Tch\u00e8que (1 point | -3 buts)<\/p>\n<p><img loading=\"lazy\" class=\"alignnone size-full wp-image-3175\" src=\"http:\/\/dataminingsoccer.com\/fr\/wp-content\/uploads\/sites\/6\/Coupe-Euro-2016-France-Football-Resultats-Prediction-m.png\" alt=\"Coupe-Euro-2016-France-Football-Resultats-Prediction\" width=\"50\" height=\"50\" \/><\/p>\n<p>Euro2016:<strong> Groupe E<\/strong><\/p>\n<p>2016-06-13\u00a0<strong>\u00a0<\/strong>Belgique \u2013 Italie \u00a0 1-0 \u00a0 &gt;&gt;&gt; \u00a0 0-2<br \/>\n2016-06-13\u00a0<strong>\u00a0<\/strong>Irlande \u2013 Su\u00e8de \u00a0 1-0 \u00a0 &gt;&gt;&gt; \u00a0 1-1<br \/>\n2016-06-17\u00a0<strong>\u00a0Italie \u2013 Su\u00e8de<\/strong> \u00a0 2-1 \u00a0 &gt;&gt;&gt; \u00a0 1-0<br \/>\n2016-06-18\u00a0<strong>\u00a0Belgique \u2013 Irlande<\/strong> \u00a0 2-0 \u00a0 &gt;&gt;&gt; \u00a0 3-0<br \/>\n2016-06-22\u00a0<strong>\u00a0<\/strong>Italie \u2013 Irlande \u00a0 1-0 \u00a0 &gt;&gt;&gt; \u00a0 0-1<br \/>\n2016-06-22\u00a0<strong>\u00a0Su\u00e8de \u2013 Belgique<\/strong> \u00a0 1-2 \u00a0 &gt;&gt;&gt; \u00a0 0-1<\/p>\n<p><strong>Les r\u00e9sultats pr\u00e9vus <\/strong>(avant le tournoi)<strong> du groupe E:<br \/>\n<\/strong>1. <strong>Belgique<\/strong> (9 points | +4 buts)<br \/>\n2. <strong>Italie<\/strong> (6 points | +1 buts)<br \/>\n3. <strong>Irlande<\/strong> (3 points | -2 buts)<br \/>\n4. Su\u00e8de (0 points | -3 buts)<\/p>\n<p><strong>Les r\u00e9sultats pr\u00e9vus du groupe E:<br \/>\n<\/strong>1.\u00a0<strong>Italie<\/strong>\u00a0(6 points | +2 buts)<br \/>\n2.\u00a0<strong>Belgique<\/strong>\u00a0(6 points | +2 buts)<br \/>\n3.\u00a0<strong>Irlande<\/strong>\u00a0(4 points | -2 buts)<br \/>\n4. Su\u00e8de (1 point | -2 buts)<\/p>\n<p><img loading=\"lazy\" class=\"alignnone size-full wp-image-3175\" src=\"http:\/\/dataminingsoccer.com\/fr\/wp-content\/uploads\/sites\/6\/Coupe-Euro-2016-France-Football-Resultats-Prediction-m.png\" alt=\"Coupe-Euro-2016-France-Football-Resultats-Prediction\" width=\"50\" height=\"50\" \/><\/p>\n<p>Euro2016:<strong> Groupe F<\/strong><\/p>\n<p>2016-06-14\u00a0<strong>\u00a0<\/strong>Autriche \u2013 Hongrie \u00a0 2-0 \u00a0 &gt;&gt;&gt; \u00a0 0-2<br \/>\n2016-06-14\u00a0<strong>\u00a0<\/strong>Portugal \u2013 Islande \u00a0 1-0 \u00a0 &gt;&gt;&gt; \u00a0 1-1<br \/>\n2016-06-18\u00a0<strong>\u00a0<\/strong>Islande \u2013 Hongrie \u00a0 1-0 \u00a0 &gt;&gt;&gt; \u00a0 1-1<br \/>\n2016-06-18\u00a0<strong>\u00a0<\/strong>Portugal \u2013 Autriche \u00a0 2-1 \u00a0 &gt;&gt;&gt; \u00a0 0-0<br \/>\n2016-06-22\u00a0<strong>\u00a0<\/strong>Hongrie \u2013 Portugal \u00a0 0-1 \u00a0 &gt;&gt;&gt; \u00a0 3-3<br \/>\n2016-06-22\u00a0<strong>\u00a0<\/strong>Islande \u2013 Autriche \u00a0 0-1 \u00a0 &gt;&gt;&gt; \u00a0 2-1<\/p>\n<p><strong>Les r\u00e9sultats pr\u00e9vus <\/strong>(avant le tournoi)<strong> du groupe F:<br \/>\n<\/strong>1. <strong>Portugal<\/strong> (9 points | +3 buts)<br \/>\n2. Autriche (6 points | +2 buts)<br \/>\n3. <strong>Islande<\/strong> (3 points | -1 but)<br \/>\n4.\u00a0Hongrie (0 points | -4 buts)<\/p>\n<p><strong>Les r\u00e9sultats pr\u00e9vus du groupe F:<br \/>\n<\/strong>1. Hongrie (5 points | +2 buts)<br \/>\n2. <strong>Islande<\/strong> (5 points | +1 but)<br \/>\n3. <strong>Portugal<\/strong> (3 points | +0 buts)<br \/>\n4. Autriche (1 point | -3 buts)<\/p>\n<p><img loading=\"lazy\" class=\"alignnone size-full wp-image-3175\" src=\"http:\/\/dataminingsoccer.com\/fr\/wp-content\/uploads\/sites\/6\/Coupe-Euro-2016-France-Football-Resultats-Prediction-m.png\" alt=\"Coupe-Euro-2016-France-Football-Resultats-Prediction\" width=\"50\" height=\"50\" \/><\/p>\n<p><strong>Phase \u00e0 \u00e9limination r\u00e9elle du Championnat d\u2019Europe 2016:<\/strong><\/p>\n<p>\u00e9quipe 1 \u2013 \u00e9quipe 2\u00a0\u00a0 pronostic \u00a0 &gt;&gt;&gt; \u00a0 r\u00e9sultat r\u00e9el<\/p>\n<p><img loading=\"lazy\" class=\"alignnone size-full wp-image-3175\" src=\"http:\/\/dataminingsoccer.com\/fr\/wp-content\/uploads\/sites\/6\/Coupe-Euro-2016-France-Football-Resultats-Prediction-m.png\" alt=\"Coupe-Euro-2016-France-Football-Resultats-Prediction\" width=\"50\" height=\"50\" \/><\/p>\n<p>Euro2016:<strong> huiti\u00e8mes<strong>\u00a0de finale<\/strong><\/strong><\/p>\n<p>2016-06-25: \u00a0 <strong>Suisse\u00a0\u2013 Pologne<\/strong> \u00a0 4-5 t.a.b. \u00a0 &gt;&gt;&gt; \u00a0 5-6 t.a.b.<br \/>\n2016-06-25: \u00a0 Pays de Galles\u00a0\u2013 Irlande du Nord \u00a0 0-1 a.p. \u00a0 &gt;&gt;&gt; \u00a0 1-0<br \/>\n2016-06-25: \u00a0 Croatie \u2013 Portugal \u00a0 5-4 t.a.b. \u00a0 &gt;&gt;&gt; \u00a0 0-1 a.p.<br \/>\n2016-06-26: \u00a0 <strong>France \u2013 Irlande \u00a0 2-1 \u00a0 &gt;&gt;&gt; \u00a0 2-1<\/strong><br \/>\n2016-06-26: \u00a0 <strong>Allemagne\u00a0\u2013 Slovaquie<\/strong> \u00a0 1-0 \u00a0 &gt;&gt;&gt; \u00a0 3-0<br \/>\n2016-06-26: \u00a0 <strong>Hongrie \u2013 Belgique<\/strong> \u00a0 1-2 \u00a0 &gt;&gt;&gt; \u00a0 0-4<br \/>\n2016-06-27: \u00a0 Italie \u2013 Espagne \u00a0 1-2 a.p.\u00a0 &gt;&gt;&gt; \u00a0 2-0<br \/>\n2016-06-27: \u00a0 Angleterre\u00a0\u2013 Islande \u00a0 2-1\u00a0 &gt;&gt;&gt; \u00a0 1-2<\/p>\n<p><img loading=\"lazy\" class=\"alignnone size-full wp-image-3175\" src=\"http:\/\/dataminingsoccer.com\/fr\/wp-content\/uploads\/sites\/6\/Coupe-Euro-2016-France-Football-Resultats-Prediction-m.png\" alt=\"Coupe-Euro-2016-France-Football-Resultats-Prediction\" width=\"50\" height=\"50\" \/><\/p>\n<p>Euro2016:<strong> quarts<strong>\u00a0de finale<\/strong><\/strong><\/p>\n<p>2016-06-30: \u00a0 <strong>Pologne\u00a0\u2013 Portugal<\/strong> \u00a0 0-1 a.p. \u00a0 &gt;&gt;&gt; \u00a0 4-6 t.a.b.<br \/>\n2016-07-01: \u00a0 Pays de Galles\u00a0\u2013 Belgique \u00a0 1-2\u00a0a.p. \u00a0 &gt;&gt;&gt; \u00a0 3-1<br \/>\n2016-07-02: \u00a0 <strong>Allemagne\u00a0\u2013 Italie<\/strong> \u00a0 1-0\u00a0a.p. \u00a0 &gt;&gt;&gt; \u00a0 7-6 t.a.b.<br \/>\n2016-07-03: \u00a0 <strong>France\u00a0\u2013 Islande<\/strong> \u00a0 1-0\u00a0a.p. \u00a0 &gt;&gt;&gt; \u00a0 5-2<\/p>\n<p><img loading=\"lazy\" class=\"alignnone size-full wp-image-3175\" src=\"http:\/\/dataminingsoccer.com\/fr\/wp-content\/uploads\/sites\/6\/Coupe-Euro-2016-France-Football-Resultats-Prediction-m.png\" alt=\"Coupe-Euro-2016-France-Football-Resultats-Prediction\" width=\"50\" height=\"50\" \/><\/p>\n<p>Euro2016:<strong> demi-<strong>finales<\/strong><\/strong><\/p>\n<p>2016-07-06: \u00a0 <strong>Portugal\u00a0\u2013 Pays de Galles<\/strong> \u00a0 2-1 \u00a0 &gt;&gt;&gt; \u00a0 2-0<br \/>\n2016-07-07: \u00a0 Allemagne \u2013 France \u00a0 1-0 a.p. \u00a0 &gt;&gt;&gt; \u00a0 0-2<\/p>\n<p><img loading=\"lazy\" class=\"alignnone size-full wp-image-3175\" src=\"http:\/\/dataminingsoccer.com\/fr\/wp-content\/uploads\/sites\/6\/Coupe-Euro-2016-France-Football-Resultats-Prediction-m.png\" alt=\"Coupe-Euro-2016-France-Football-Resultats-Prediction\" width=\"50\" height=\"50\" \/><\/p>\n<p>Euro2016:<strong><strong>\u00a0finale<\/strong><\/strong><\/p>\n<p>2016-07-10: \u00a0 Portugal \u2013 France \u00a0 1-2 a.p.\u00a0\u00a0 &gt;&gt;&gt;\u00a0\u00a0 1-0 a.p.<\/p>\n<p><img loading=\"lazy\" class=\"alignnone size-full wp-image-3175\" src=\"http:\/\/dataminingsoccer.com\/fr\/wp-content\/uploads\/sites\/6\/Coupe-Euro-2016-France-Football-Resultats-Prediction-m.png\" alt=\"Coupe-Euro-2016-France-Football-Resultats-Prediction\" width=\"50\" height=\"50\" \/><\/p>\n<p><strong>Huiti\u00e8mes de finale\u00a0pr\u00e9sum\u00e9s 2016 <\/strong>(calcul\u00e9 <em>avant<\/em> le Championnat d\u2019Europe):<\/p>\n<p>Avant le Championnat d\u2019Europe:\u00a0\u00a0 Suisse \u2013 Pologne \u00a0 4-5 t.a.b.<br \/>\nAvant le Championnat d\u2019Europe:\u00a0\u00a0 Angleterre \u2013 Roumanie \u00a0 2-1 a.p.<br \/>\nAvant le Championnat d\u2019Europe:\u00a0\u00a0 Espagne \u2013 Irlande \u00a0 2-0<br \/>\nAvant le Championnat d\u2019Europe:\u00a0\u00a0 France \u2013 Ukraine \u00a0 2-0<br \/>\nAvant le Championnat d\u2019Europe:\u00a0\u00a0 Allemagne \u2013 Islande \u00a0 1-0<br \/>\nAvant le Championnat d\u2019Europe:\u00a0\u00a0 Portugal \u2013 Italie \u00a0 1-0 a.p.<br \/>\nAvant le Championnat d\u2019Europe:\u00a0\u00a0 Belgique \u2013 Croatie \u00a0 2-1<br \/>\nAvant le Championnat d\u2019Europe:\u00a0\u00a0 Russie \u2013 Autriche \u00a0 0-1<\/p>\n<p><img loading=\"lazy\" class=\"alignnone size-full wp-image-3175\" src=\"http:\/\/dataminingsoccer.com\/fr\/wp-content\/uploads\/sites\/6\/Coupe-Euro-2016-France-Football-Resultats-Prediction-m.png\" alt=\"Coupe-Euro-2016-France-Football-Resultats-Prediction\" width=\"50\" height=\"50\" \/><\/p>\n<p><strong>Quarts de finale\u00a0pr\u00e9sum\u00e9s 2016 <\/strong>(calcul\u00e9 <em>avant<\/em> le Championnat d\u2019Europe):<\/p>\n<p>Avant le Championnat d\u2019Europe:\u00a0\u00a0 Pologne \u2013 Espagne \u00a0 1-2 a.p.<br \/>\nAvant le Championnat d\u2019Europe:\u00a0\u00a0 Angleterre \u2013 Portugal \u00a0 1-0<br \/>\nAvant le Championnat d\u2019Europe:\u00a0\u00a0 Allemagne \u2013 Belgique \u00a0 0-1 a.p.<br \/>\nAvant le Championnat d\u2019Europe:\u00a0\u00a0 France \u2013 Autriche \u00a0 2-1 a.p.<\/p>\n<p><img loading=\"lazy\" class=\"alignnone size-full wp-image-3175\" src=\"http:\/\/dataminingsoccer.com\/fr\/wp-content\/uploads\/sites\/6\/Coupe-Euro-2016-France-Football-Resultats-Prediction-m.png\" alt=\"Coupe-Euro-2016-France-Football-Resultats-Prediction\" width=\"50\" height=\"50\" \/><\/p>\n<p><strong>Demi-finales pr\u00e9sum\u00e9s 2016 <\/strong>(calcul\u00e9 <em>avant<\/em> le Championnat d\u2019Europe):<\/p>\n<p>Avant le Championnat d\u2019Europe:\u00a0\u00a0 Espagne \u2013 Angleterre \u00a0 2-1<br \/>\nAvant le Championnat d\u2019Europe:\u00a0\u00a0 Belgique \u2013 France \u00a0 2-1 a.p.<\/p>\n<p><img loading=\"lazy\" class=\"alignnone size-full wp-image-3175\" src=\"http:\/\/dataminingsoccer.com\/fr\/wp-content\/uploads\/sites\/6\/Coupe-Euro-2016-France-Football-Resultats-Prediction-m.png\" alt=\"Coupe-Euro-2016-France-Football-Resultats-Prediction\" width=\"50\" height=\"50\" \/><\/p>\n<p><strong>Finale\u00a0pr\u00e9sum\u00e9e 2016 <\/strong>(calcul\u00e9 <em>avant<\/em> le Championnat d\u2019Europe):<\/p>\n<p>Avant le Championnat d\u2019Europe:\u00a0\u00a0 Espagne \u2013 Belgique \u00a04-5 t.a.b.<\/p>\n<p><img loading=\"lazy\" class=\"alignnone size-full wp-image-3175\" src=\"http:\/\/dataminingsoccer.com\/fr\/wp-content\/uploads\/sites\/6\/Coupe-Euro-2016-France-Football-Resultats-Prediction-m.png\" alt=\"Coupe-Euro-2016-France-Football-Resultats-Prediction\" width=\"50\" height=\"50\" \/><\/p>\n","protected":false},"excerpt":{"rendered":"<p>Football Result Predictions using Data Mining Euro2016 en France: \u00e9quipe 1 \u2013 \u00e9quipe 2\u00a0\u00a0 pronostic \u00a0 &gt;&gt;&gt; \u00a0 r\u00e9sultat r\u00e9el Euro2016: Groupe A 2016-06-10\u00a0\u00a0France \u2013 Roumanie \u00a0 2-0\u00a0 &gt;&gt;&gt; \u00a0 2-1 2016-06-11\u00a0\u00a0Albanie \u2013 Suisse \u00a0 0-2 \u00a0 &gt;&gt;&gt; \u00a0 0-1 2016-06-15\u00a0\u00a0France \u2013 Albanie \u00a0 2-0 \u00a0 &gt;&gt;&gt; \u00a0 2-0 2016-06-15\u00a0\u00a0Roumanie \u2013 Suisse \u00a0 1-2 \u00a0 &hellip; <a href=\"http:\/\/dataminingsoccer.com\/fr\/coupe-du-monde-et-coupe-d-europe\/pronostics\/championnat-d-europe-2016\/\" class=\"more-link\">Continuer la lecture de <span class=\"screen-reader-text\">Championnat d\u2019Europe 2016<\/span> <span class=\"meta-nav\">&rarr;<\/span><\/a><\/p>\n","protected":false},"author":1,"featured_media":0,"parent":2674,"menu_order":98,"comment_status":"closed","ping_status":"closed","template":"","meta":[],"yoast_head":"<!-- This site is optimized with the Yoast SEO plugin v14.8 - https:\/\/yoast.com\/wordpress\/plugins\/seo\/ -->\n<meta name=\"description\" content=\"Euro2016 in France: A statistical prediction of all football results based on data mining analyses.\" \/>\n<meta name=\"robots\" content=\"index, follow\" \/>\n<meta name=\"googlebot\" content=\"index, follow, max-snippet:-1, max-image-preview:large, max-video-preview:-1\" \/>\n<meta name=\"bingbot\" content=\"index, follow, max-snippet:-1, max-image-preview:large, max-video-preview:-1\" \/>\n<link rel=\"canonical\" href=\"http:\/\/dataminingsoccer.com\/fr\/coupe-du-monde-et-coupe-d-europe\/pronostics\/championnat-d-europe-2016\/\" \/>\n<script type=\"application\/ld+json\" class=\"yoast-schema-graph\">{\"@context\":\"https:\/\/schema.org\",\"@graph\":[{\"@type\":\"WebSite\",\"@id\":\"http:\/\/dataminingsoccer.com\/fr\/#website\",\"url\":\"http:\/\/dataminingsoccer.com\/fr\/\",\"name\":\"Pronostics de R\\u00e9sultats de Football\",\"description\":\"bas\\u00e9 sur des analyses statistiques utilisant data mining.. Nous aimons le football!     Nous aimons les jeux de nombre!\",\"potentialAction\":[{\"@type\":\"SearchAction\",\"target\":\"http:\/\/dataminingsoccer.com\/fr\/?s={search_term_string}\",\"query-input\":\"required name=search_term_string\"}],\"inLanguage\":\"fr-FR\"},{\"@type\":\"ImageObject\",\"@id\":\"http:\/\/dataminingsoccer.com\/fr\/coupe-du-monde-et-coupe-d-europe\/pronostics\/championnat-d-europe-2016\/#primaryimage\",\"inLanguage\":\"fr-FR\",\"url\":\"http:\/\/dataminingsoccer.com\/fr\/wp-content\/uploads\/sites\/6\/Coupe-Euro-2016-France-Football-Resultats-Prediction-m.png\",\"width\":50,\"height\":50,\"caption\":\"Coupe-Euro-2016-France-Football-Resultats-Prediction\"},{\"@type\":\"WebPage\",\"@id\":\"http:\/\/dataminingsoccer.com\/fr\/coupe-du-monde-et-coupe-d-europe\/pronostics\/championnat-d-europe-2016\/#webpage\",\"url\":\"http:\/\/dataminingsoccer.com\/fr\/coupe-du-monde-et-coupe-d-europe\/pronostics\/championnat-d-europe-2016\/\",\"name\":\"Championnat d\\u2019Europe 2016 - Pronostics de R\\u00e9sultats de Football\",\"isPartOf\":{\"@id\":\"http:\/\/dataminingsoccer.com\/fr\/#website\"},\"primaryImageOfPage\":{\"@id\":\"http:\/\/dataminingsoccer.com\/fr\/coupe-du-monde-et-coupe-d-europe\/pronostics\/championnat-d-europe-2016\/#primaryimage\"},\"datePublished\":\"2016-06-05T03:22:59+00:00\",\"dateModified\":\"2016-07-10T22:27:48+00:00\",\"description\":\"Euro2016 in France: A statistical prediction of all football results based on data mining analyses.\",\"inLanguage\":\"fr-FR\",\"potentialAction\":[{\"@type\":\"ReadAction\",\"target\":[\"http:\/\/dataminingsoccer.com\/fr\/coupe-du-monde-et-coupe-d-europe\/pronostics\/championnat-d-europe-2016\/\"]}]}]}<\/script>\n<!-- \/ Yoast SEO plugin. -->","_links":{"self":[{"href":"http:\/\/dataminingsoccer.com\/fr\/wp-json\/wp\/v2\/pages\/3177"}],"collection":[{"href":"http:\/\/dataminingsoccer.com\/fr\/wp-json\/wp\/v2\/pages"}],"about":[{"href":"http:\/\/dataminingsoccer.com\/fr\/wp-json\/wp\/v2\/types\/page"}],"author":[{"embeddable":true,"href":"http:\/\/dataminingsoccer.com\/fr\/wp-json\/wp\/v2\/users\/1"}],"replies":[{"embeddable":true,"href":"http:\/\/dataminingsoccer.com\/fr\/wp-json\/wp\/v2\/comments?post=3177"}],"version-history":[{"count":83,"href":"http:\/\/dataminingsoccer.com\/fr\/wp-json\/wp\/v2\/pages\/3177\/revisions"}],"predecessor-version":[{"id":3350,"href":"http:\/\/dataminingsoccer.com\/fr\/wp-json\/wp\/v2\/pages\/3177\/revisions\/3350"}],"up":[{"embeddable":true,"href":"http:\/\/dataminingsoccer.com\/fr\/wp-json\/wp\/v2\/pages\/2674"}],"wp:attachment":[{"href":"http:\/\/dataminingsoccer.com\/fr\/wp-json\/wp\/v2\/media?parent=3177"}],"curies":[{"name":"wp","href":"https:\/\/api.w.org\/{rel}","templated":true}]}}