{"id":30,"date":"2013-09-12T03:09:29","date_gmt":"2013-09-12T01:09:29","guid":{"rendered":"http:\/\/dataminingsoccer.com\/fr\/?page_id=30"},"modified":"2014-09-02T23:02:54","modified_gmt":"2014-09-02T21:02:54","slug":"championnat-du-monde-2010","status":"publish","type":"page","link":"http:\/\/dataminingsoccer.com\/fr\/coupe-du-monde-et-coupe-d-europe\/pronostics\/championnat-du-monde-2010\/","title":{"rendered":"Championnat du Monde 2010"},"content":{"rendered":"<h2>R\u00e9sultats de Football: Pronostics utilisant Data Mining<\/h2><p style=\"text-align: justify;\"><img loading=\"lazy\" class=\"alignnone size-full wp-image-172\" src=\"http:\/\/dataminingsoccer.com\/fr\/wp-content\/uploads\/sites\/6\/Coupe-Monde-2010-Afrique-du-Sud-Football-Resultats-Prediction-m.png\" alt=\"Coupe-Monde-2010-Afrique-du-Sud-Football-Resultats-Prediction\" width=\"46\" height=\"50\" \/>\u00a0\u00a0\u00a0\u00a0 \u00a0\u00a0\u00a0\u00a0 \u00a0\u00a0\u00a0\u00a0  \u00a0 \u00a0  \u00a0 \u00a0  \u00a0 \u00a0  \u00a0 \u00a0 <\/p>\n<p style=\"text-align: justify;\">Avec le <strong>Championnat du Monde de football 2010 en Afrique du Sud<\/strong> tout a commenc\u00e9 &#8211; au moins en termes des pr\u00e9dictions de r\u00e9sultats de football en utilisant le logiciel <a title=\"Data.Mining.Fox\" href=\"http:\/\/www.easydatamining.com\" target=\"_blank\">[Data.Mining.Fox\u00ae (DMF) de Easy.Data.Mining\u2122]<\/a>.<\/p>\n<p>Par le lien suivant vous voyer les <a title=\"Coupe du Monde 2010\" href=\"http:\/\/dataminingsoccer.com\/fr\/coupe-du-monde-et-coupe-d-europe\/taux-de-succes\/coupe-du-monde-2010\/\">[taux de succ\u00e8s]<\/a> de nos mod\u00e8les de pr\u00e9vision.<\/p>\n<p style=\"text-align: justify;\">Les r\u00e9sultats pr\u00e9vus (et entre parenth\u00e8ses les r\u00e9sultats r\u00e9els) 2010 en Afrique du Sud:<\/p>\n<p style=\"text-align: justify;\"><img loading=\"lazy\" src=\"http:\/\/dataminingsoccer.com\/fr\/wp-content\/uploads\/sites\/6\/Coupe-Monde-2010-Afrique-du-Sud-Football-Resultats-Prediction-m.png\" alt=\"Coupe-Monde-2010-Afrique-du-Sud-Football-Resultats-Prediction\" width=\"46\" height=\"50\" \/>\u00a0\u00a0\u00a0\u00a0 \u00a0\u00a0\u00a0\u00a0 \u00a0\u00a0\u00a0\u00a0  \u00a0 \u00a0  \u00a0 \u00a0  \u00a0 \u00a0  \u00a0 \u00a0 <\/p>\n<p style=\"text-align: justify;\"><strong>Groupe A:<\/strong><br \/>\nAfrique du Sud &#8211; Mexique \u00a0 0-2 \u00a0 (1-1)<br \/>\nUruguay &#8211; France\u00a0\u00a0 2-0\u00a0\u00a0 (0-0)<br \/>\n<strong>Afrique du Sud &#8211; Uruguay \u00a0<\/strong> 0-1 \u00a0 (0-3)<br \/>\nFrance &#8211; Mexique\u00a0\u00a0 2-2\u00a0\u00a0 (0-2)<br \/>\nMexique &#8211; Uruguay\u00a0\u00a0 3-3\u00a0\u00a0 (0-1)<br \/>\nFrance &#8211; Afrique du Sud\u00a0\u00a0 4-2 \u00a0 (1-2)<\/p>\n<p style=\"text-align: justify;\"><strong>Les r\u00e9sultats pr\u00e9vus du groupe A:<\/strong><br \/>\n1 <strong>Uruguay<\/strong> (7 points, +3 buts)<br \/>\n2 <strong>Mexique<\/strong> (5 points, +2 buts)<br \/>\n3 France (4 points, 0 buts)<br \/>\n4 Afrique du Sud (0\u00a0points, -5 buts)<\/p>\n<p style=\"text-align: justify;\"><strong>Les r\u00e9sultats r\u00e9els du group A:<\/strong><br \/>\n1 <strong>Uruguay<\/strong> (7 points, +4 buts)<br \/>\n2 <strong>Mexique<\/strong> (4 points, +1 but)<br \/>\n3 Afrique du Sud (4 points, -2 buts)<br \/>\n4 France (1 point, -3 buts)<\/p>\n<p style=\"text-align: justify;\"><img loading=\"lazy\" src=\"http:\/\/dataminingsoccer.com\/fr\/wp-content\/uploads\/sites\/6\/Coupe-Monde-2010-Afrique-du-Sud-Football-Resultats-Prediction-m.png\" alt=\"Coupe-Monde-2010-Afrique-du-Sud-Football-Resultats-Prediction\" width=\"46\" height=\"50\" \/>\u00a0\u00a0\u00a0\u00a0 \u00a0\u00a0\u00a0\u00a0 \u00a0\u00a0\u00a0\u00a0  \u00a0 \u00a0  \u00a0 \u00a0  \u00a0 \u00a0  \u00a0 \u00a0 <\/p>\n<p style=\"text-align: justify;\"><strong>Groupe B:<\/strong><br \/>\n<strong>Cor\u00e9e du Sud &#8211; Gr\u00e8ce<\/strong>\u00a0\u00a0 2-1 \u00a0 (2-0)<br \/>\n<strong>Argentine &#8211; Nigeria<\/strong>\u00a0\u00a0 6-3\u00a0\u00a0 (1-0)<br \/>\n<strong>Argentine &#8211; Cor\u00e9e du Sud \u00a0<\/strong> 2-0 \u00a0 (4-1)<br \/>\nGr\u00e8ce &#8211; Nigeria\u00a0\u00a0 1-1\u00a0\u00a0 (2-1)<br \/>\nNigeria &#8211; Cor\u00e9e du Sud\u00a0\u00a0 3-2 \u00a0 (2-2)<br \/>\n<strong>Gr\u00e8ce &#8211; Argentine<\/strong>\u00a0\u00a0 3-4\u00a0\u00a0 (0-2)<\/p>\n<p style=\"text-align: justify;\"><strong>Les r\u00e9sultats pr\u00e9vus du groupe B:<\/strong><br \/>\n1 <strong>Argentine<\/strong> (9 points, +6 buts)<br \/>\n2 Nigeria (4 points, -2 buts)<br \/>\n3 Cor\u00e9e du Sud (3 points, -2 buts)<br \/>\n4 Gr\u00e8ce (1 point, -2 buts)<\/p>\n<p style=\"text-align: justify;\"><strong>Les r\u00e9sultats r\u00e9els du group B:<\/strong><br \/>\n1 <strong>Argentine<\/strong> (9 points, +6 buts)<br \/>\n2 Cor\u00e9e du Sud (4 points, -1 but)<br \/>\n3 Gr\u00e8ce (3 points, -3 buts)<br \/>\n4 Nigeria (1 point, -2 buts)<\/p>\n<p style=\"text-align: justify;\"><img loading=\"lazy\" src=\"http:\/\/dataminingsoccer.com\/fr\/wp-content\/uploads\/sites\/6\/Coupe-Monde-2010-Afrique-du-Sud-Football-Resultats-Prediction-m.png\" alt=\"Coupe-Monde-2010-Afrique-du-Sud-Football-Resultats-Prediction\" width=\"46\" height=\"50\" \/>\u00a0\u00a0\u00a0\u00a0 \u00a0\u00a0\u00a0\u00a0 \u00a0\u00a0\u00a0\u00a0  \u00a0 \u00a0  \u00a0 \u00a0  \u00a0 \u00a0  \u00a0 \u00a0 <\/p>\n<p style=\"text-align: justify;\"><strong>Groupe C:<\/strong><br \/>\nAngleterre &#8211; USA\u00a0\u00a0 1-0 \u00a0 (1-1)<br \/>\n<strong>Alg\u00e9rie &#8211; Slov\u00e9nie\u00a0\u00a0 0-1 \u00a0 (0-1)<\/strong><br \/>\nSlov\u00e9nie &#8211; Etats-Unis\u00a0\u00a0 0-2\u00a0\u00a0 (2-2)<br \/>\nAngleterre &#8211; Alg\u00e9rie\u00a0\u00a0 3-1 \u00a0 (0-0)<br \/>\n<strong>USA &#8211; Alg\u00e9rie<\/strong>\u00a0\u00a0 2-1\u00a0\u00a0 (1-0)<br \/>\nSlov\u00e9nie &#8211; Angleterre \u00a0 1-1 \u00a0 (0-1)<\/p>\n<p style=\"text-align: justify;\"><strong>Les r\u00e9sultats pr\u00e9vus du groupe C:<\/strong><br \/>\n1 <strong>Angleterre<\/strong> (7 points, +3 buts)<br \/>\n2 <strong>\u00c9tats-Unis<\/strong> (6 points, +2 buts)<br \/>\n3 Slov\u00e9nie (4 points, -1 but)<br \/>\n4 Alg\u00e9rie (0 points, -4 buts )<\/p>\n<p style=\"text-align: justify;\"><strong>Les r\u00e9sultats r\u00e9els du group C:<\/strong><br \/>\n1 <strong>\u00c9tats-Unis<\/strong> (5 points, +1 but)<br \/>\n2 <strong>Angleterre<\/strong> (5 points, +1 but)<br \/>\n3 Slov\u00e9nie (4 points, 0 buts)<br \/>\n4 Alg\u00e9rie (1 point, -2 buts)<\/p>\n<p style=\"text-align: justify;\"><img loading=\"lazy\" src=\"http:\/\/dataminingsoccer.com\/fr\/wp-content\/uploads\/sites\/6\/Coupe-Monde-2010-Afrique-du-Sud-Football-Resultats-Prediction-m.png\" alt=\"Coupe-Monde-2010-Afrique-du-Sud-Football-Resultats-Prediction\" width=\"46\" height=\"50\" \/>\u00a0\u00a0\u00a0\u00a0 \u00a0\u00a0\u00a0\u00a0 \u00a0\u00a0\u00a0\u00a0  \u00a0 \u00a0  \u00a0 \u00a0  \u00a0 \u00a0  \u00a0 \u00a0 <\/p>\n<p style=\"text-align: justify;\"><strong>Groupe D:<\/strong><br \/>\nSerbie &#8211; Ghana\u00a0\u00a0 1-1 \u00a0 (0-1)<br \/>\n<strong>Allemagne &#8211; Australie \u00a0<\/strong> 2-0 \u00a0 (4-0)<br \/>\nAllemagne &#8211; Serbie\u00a0\u00a0 0-0 \u00a0 (0-1)<br \/>\nGhana &#8211; Australie\u00a0\u00a0 2-0 \u00a0 (1-1)<br \/>\n<strong>Australie &#8211; Serbie<\/strong>\u00a0\u00a0 2-0\u00a0\u00a0 (2-1)<br \/>\nGhana &#8211; Allemagne\u00a0\u00a0 0-0 \u00a0 (0-1)<\/p>\n<p style=\"text-align: justify;\"><strong>Les r\u00e9sultats pr\u00e9vus du groupe D:<\/strong><br \/>\n1 <strong>Ghana<\/strong> (5 points, +2 buts)<br \/>\n2 <strong>Allemagne<\/strong> (5 points, +2 buts)<br \/>\n3 Australie (3 points, -2 buts)<br \/>\n4 Serbie (2 points, -2 buts)<\/p>\n<p style=\"text-align: justify;\"><strong>Les r\u00e9sultats r\u00e9els du group D:<\/strong><br \/>\n1 <strong>Allemagne<\/strong> (6 points, +4 buts)<br \/>\n2 <strong>Ghana<\/strong> (4 points, 0 buts)<br \/>\n3 Australie (4 points, buts -3 buts)<br \/>\n4 Serbie (3 points, -1 but)<\/p>\n<p style=\"text-align: justify;\"><img loading=\"lazy\" src=\"http:\/\/dataminingsoccer.com\/fr\/wp-content\/uploads\/sites\/6\/Coupe-Monde-2010-Afrique-du-Sud-Football-Resultats-Prediction-m.png\" alt=\"Coupe-Monde-2010-Afrique-du-Sud-Football-Resultats-Prediction\" width=\"46\" height=\"50\" \/>\u00a0\u00a0\u00a0\u00a0 \u00a0\u00a0\u00a0\u00a0 \u00a0\u00a0\u00a0\u00a0  \u00a0 \u00a0  \u00a0 \u00a0  \u00a0 \u00a0  \u00a0 \u00a0 <\/p>\n<p style=\"text-align: justify;\"><strong>Groupe E:<\/strong><br \/>\n<strong>Pays-Bas &#8211; Danemark<\/strong>\u00a0\u00a0 4-0 \u00a0 (2-0)<br \/>\nJapon &#8211; Cameroun\u00a0\u00a0 0-3\u00a0\u00a0 (1-0)<br \/>\n<strong>Pays-Bas &#8211; Japon<\/strong>\u00a0\u00a0 8-0 \u00a0 (1-0)<br \/>\n<strong>Cameroun &#8211; Danemark \u00a0 1-2 \u00a0 (1-2)<\/strong><br \/>\nDanemark &#8211; Japon\u00a0\u00a0 4-0\u00a0\u00a0 (1-3)<br \/>\n<strong>Cameroun &#8211; Pays-Bas<\/strong>\u00a0\u00a0 0-1 \u00a0 (1-2)<\/p>\n<p style=\"text-align: justify;\"><strong>Les r\u00e9sultats pr\u00e9vus du groupe E:<\/strong><br \/>\n1 <strong>Pays-Bas<\/strong> (9 points, +13 buts)<br \/>\n2 Danemark (6 points, +1 but)<br \/>\n3 Cameroun (3 points, +1 but)<br \/>\n4 Japon (0 points, buts -15 )<\/p>\n<p style=\"text-align: justify;\"><strong>Les r\u00e9sultats r\u00e9els du group E:<\/strong><br \/>\n1 <strong>Pays-Bas<\/strong> (9 points, +4 buts)<br \/>\n2 Japon (6 points, +2 buts)<br \/>\n3 Danemark (3 points, -3 buts)<br \/>\n4 Cameroun (0 points, -3 buts)<\/p>\n<p style=\"text-align: justify;\"><img loading=\"lazy\" src=\"http:\/\/dataminingsoccer.com\/fr\/wp-content\/uploads\/sites\/6\/Coupe-Monde-2010-Afrique-du-Sud-Football-Resultats-Prediction-m.png\" alt=\"Coupe-Monde-2010-Afrique-du-Sud-Football-Resultats-Prediction\" width=\"46\" height=\"50\" \/>\u00a0\u00a0\u00a0\u00a0 \u00a0\u00a0\u00a0\u00a0 \u00a0\u00a0\u00a0\u00a0  \u00a0 \u00a0  \u00a0 \u00a0  \u00a0 \u00a0  \u00a0 \u00a0 <\/p>\n<p style=\"text-align: justify;\"><strong>Groupe F:<\/strong><br \/>\nItalie &#8211; Paraguay 4-0 ( 1-1)<br \/>\n<strong>Nouvelle-Z\u00e9lande &#8211; Slovaquie<\/strong> 0-0 ( 1-1)<br \/>\nSlovaquie &#8211; Paraguay 2-2 (0-2)<br \/>\n<strong>Italie &#8211; Nouvelle-Z\u00e9lande<\/strong> 0-0 ( 1-1)<br \/>\nParaguay &#8211; Nouvelle-Z\u00e9lande 3-1 ( 0-0)<br \/>\n<strong>Slovaquie &#8211; Italie 3-2 ( 3-2)<\/strong><\/p>\n<p style=\"text-align: justify;\"><strong>Les r\u00e9sultats pr\u00e9vus du groupe F:<\/strong><br \/>\n1 <strong>Slovaquie<\/strong> (5 points, +1 but)<br \/>\n2 Italie (4 points, +3 buts)<br \/>\n3 Paraguay (4 points, -2 buts)<br \/>\n4 Nouvelle-Z\u00e9lande (2 points, -2 buts)<\/p>\n<p style=\"text-align: justify;\"><strong>Les r\u00e9sultats r\u00e9els du group F:<\/strong><br \/>\n1 Paraguay (5 points, +2 buts)<br \/>\n2 <strong>Slovaquie<\/strong> (4 points, -1 but)<br \/>\n3 Nouvelle-Z\u00e9lande (3 points, 0 buts)<br \/>\n4 Italie (2 points, -1 but)<\/p>\n<p style=\"text-align: justify;\"><img loading=\"lazy\" src=\"http:\/\/dataminingsoccer.com\/fr\/wp-content\/uploads\/sites\/6\/Coupe-Monde-2010-Afrique-du-Sud-Football-Resultats-Prediction-m.png\" alt=\"Coupe-Monde-2010-Afrique-du-Sud-Football-Resultats-Prediction\" width=\"46\" height=\"50\" \/>\u00a0\u00a0\u00a0\u00a0 \u00a0\u00a0\u00a0\u00a0 \u00a0\u00a0\u00a0\u00a0  \u00a0 \u00a0  \u00a0 \u00a0  \u00a0 \u00a0  \u00a0 \u00a0 <\/p>\n<p style=\"text-align: justify;\"><strong>Groupe G:<\/strong><br \/>\n<strong>C\u00f4te-d&rsquo;Ivoire &#8211; Portugal<\/strong>\u00a0\u00a0 1-1 \u00a0 (0-0)<br \/>\n<strong>Br\u00e9sil &#8211; Cor\u00e9e du Nord<\/strong>\u00a0\u00a0 1-0\u00a0\u00a0 (2-1)<br \/>\n<strong>Br\u00e9sil &#8211; C\u00f4te-d&rsquo;Ivoire<\/strong>\u00a0\u00a0 2-0 \u00a0 (3-1)<br \/>\n<strong>Portugal &#8211; Cor\u00e9e du Nord<\/strong>\u00a0\u00a0 4-0 \u00a0 (7-0)<br \/>\nCor\u00e9e du Nord &#8211; C\u00f4te-d&rsquo;Ivoire\u00a0\u00a0 0-1 \u00a0 (0-3)<br \/>\n<strong>Portugal &#8211; Br\u00e9sil<\/strong>\u00a0\u00a0 1-3\u00a0\u00a0 (0-0)<\/p>\n<p style=\"text-align: justify;\"><strong>Les r\u00e9sultats pr\u00e9vus du groupe G:<\/strong><br \/>\n1 <strong>Br\u00e9sil<\/strong> (9 points, +5 buts)<br \/>\n2 <strong>Portugal<\/strong> (4 points, +2 buts)<br \/>\n3 C\u00f4te-d&rsquo;Ivoire (4 points, -1 but)<br \/>\n4 Cor\u00e9e du Nord (0 points, -6 buts)<\/p>\n<p style=\"text-align: justify;\"><strong>Les r\u00e9sultats r\u00e9els du group G:<\/strong><br \/>\n1 <strong>Br\u00e9sil<\/strong> (7 points, +3 buts)<br \/>\n2 <strong>Portugal<\/strong> (5 points, +7 buts)<br \/>\n3 C\u00f4te-d&rsquo;Ivoire (4 points, +1 but)<br \/>\n4 Cor\u00e9e du Nord (0\u00a0points, -11 buts)<\/p>\n<p style=\"text-align: justify;\"><img loading=\"lazy\" src=\"http:\/\/dataminingsoccer.com\/fr\/wp-content\/uploads\/sites\/6\/Coupe-Monde-2010-Afrique-du-Sud-Football-Resultats-Prediction-m.png\" alt=\"Coupe-Monde-2010-Afrique-du-Sud-Football-Resultats-Prediction\" width=\"46\" height=\"50\" \/>\u00a0\u00a0\u00a0\u00a0 \u00a0\u00a0\u00a0\u00a0 \u00a0\u00a0\u00a0\u00a0  \u00a0 \u00a0  \u00a0 \u00a0  \u00a0 \u00a0  \u00a0 \u00a0 <\/p>\n<p style=\"text-align: justify;\"><strong>Groupe H:<\/strong><br \/>\n<strong>Honduras &#8211; Chili<\/strong> 0-3 ( 0-1)<br \/>\nEspagne &#8211; Suisse 1-1 (0-1)<br \/>\nChili &#8211; Suisse 1-1 (1-0)<br \/>\n<strong>Espagne &#8211; Honduras 2-0 ( 2-0)<\/strong><br \/>\n<strong> Suisse &#8211; Honduras 0-0 (0-0)<\/strong><br \/>\nChili &#8211; Espagne 3-1 (1-2)<\/p>\n<p style=\"text-align: justify;\"><strong>Les r\u00e9sultats pr\u00e9vus du groupe H:<\/strong><br \/>\n1 <strong>Chili<\/strong> (7 points, +5 buts)<br \/>\n2 <strong>Espagne<\/strong> (4 points, 0 buts)<br \/>\n3 Suisse (3 points, 0 buts)<br \/>\n4 Honduras (1\u00a0point, -5 buts)<\/p>\n<p style=\"text-align: justify;\"><strong>Les r\u00e9sultats r\u00e9els du group H:<\/strong><br \/>\n1 <strong>Espagne<\/strong> (6 points, +2 buts)<br \/>\n2 <strong>Chili<\/strong> (6 points, +1 but)<br \/>\n3 Suisse (4 points, 0 buts)<br \/>\n4 Honduras (1 point, -3 buts)<\/p>\n<p style=\"text-align: justify;\"><img loading=\"lazy\" src=\"http:\/\/dataminingsoccer.com\/fr\/wp-content\/uploads\/sites\/6\/Coupe-Monde-2010-Afrique-du-Sud-Football-Resultats-Prediction-m.png\" alt=\"Coupe-Monde-2010-Afrique-du-Sud-Football-Resultats-Prediction\" width=\"46\" height=\"50\" \/>\u00a0\u00a0\u00a0\u00a0 \u00a0\u00a0\u00a0\u00a0 \u00a0\u00a0\u00a0\u00a0  \u00a0 \u00a0  \u00a0 \u00a0  \u00a0 \u00a0  \u00a0 \u00a0 <\/p>\n<p style=\"text-align: justify;\"><strong>Huiti\u00e8mes de finale 2010:<\/strong><\/p>\n<p style=\"text-align: justify;\"><strong>Uruguay &#8211; Cor\u00e9e du Sud<\/strong>\u00a0\u00a0 2-0 \u00a0 (2-1)<br \/>\nEtats-Unis &#8211; Ghana\u00a0\u00a0 1-0\u00a0\u00a0 (1-2 a.p.)<br \/>\n<strong>Allemagne &#8211; Angleterre<\/strong>\u00a0\u00a0 1-0 \u00a0 (4-1)<br \/>\n<strong>Argentine &#8211; Mexique<\/strong>\u00a0\u00a0 2-1\u00a0\u00a0 (3-1)<br \/>\n<strong>Pays-Bas &#8211; Slovaquie<\/strong>\u00a0\u00a0 3-2\u00a0\u00a0 (2-1)<br \/>\n<strong>Br\u00e9sil &#8211; Chili<\/strong>\u00a0\u00a0 2-0\u00a0\u00a0 (3-0)<br \/>\nParaguay &#8211; Japon\u00a0\u00a0 1-3 \u00a0 (5-3\u00a0t.a.b.)<br \/>\nEspagne &#8211; Portugal\u00a0\u00a0 1-2 \u00a0 (1-0)<\/p>\n<p style=\"text-align: justify;\"><img loading=\"lazy\" src=\"http:\/\/dataminingsoccer.com\/fr\/wp-content\/uploads\/sites\/6\/Coupe-Monde-2010-Afrique-du-Sud-Football-Resultats-Prediction-m.png\" alt=\"Coupe-Monde-2010-Afrique-du-Sud-Football-Resultats-Prediction\" width=\"46\" height=\"50\" \/>\u00a0\u00a0\u00a0\u00a0 \u00a0\u00a0\u00a0\u00a0 \u00a0\u00a0\u00a0\u00a0  \u00a0 \u00a0  \u00a0 \u00a0  \u00a0 \u00a0  \u00a0 \u00a0 <\/p>\n<p style=\"text-align: justify;\"><strong>Quarts de finale 2010:<\/strong><\/p>\n<p style=\"text-align: justify;\">Pays-Bas &#8211; Br\u00e9sil\u00a0\u00a0 1-3 \u00a0 (2-1)<br \/>\n<strong>Uruguay &#8211; Ghana<\/strong>\u00a0\u00a0 2-1\u00a0\u00a0 (5-3)<br \/>\nArgentine &#8211; Allemagne \u00a0 6-5 \u00a0 (0-4)<br \/>\n<strong>Paraguay &#8211; Espagne<\/strong>\u00a0\u00a0 2-3\u00a0\u00a0 (0-1)<\/p>\n<p style=\"text-align: justify;\"><img loading=\"lazy\" src=\"http:\/\/dataminingsoccer.com\/fr\/wp-content\/uploads\/sites\/6\/Coupe-Monde-2010-Afrique-du-Sud-Football-Resultats-Prediction-m.png\" alt=\"Coupe-Monde-2010-Afrique-du-Sud-Football-Resultats-Prediction\" width=\"46\" height=\"50\" \/>\u00a0\u00a0\u00a0\u00a0 \u00a0\u00a0\u00a0\u00a0 \u00a0\u00a0\u00a0\u00a0  \u00a0 \u00a0  \u00a0 \u00a0  \u00a0 \u00a0  \u00a0 \u00a0 <\/p>\n<p style=\"text-align: justify;\"><strong>Demi-finales 2010:<\/strong><\/p>\n<p style=\"text-align: justify;\">Uruguay &#8211; Pays-Bas \u00a0 4-2 \u00a0 (2-3)<br \/>\nAllemagne &#8211; Espagne\u00a0\u00a0 2-0\u00a0\u00a0 (0-1)<\/p>\n<p style=\"text-align: justify;\"><img loading=\"lazy\" src=\"http:\/\/dataminingsoccer.com\/fr\/wp-content\/uploads\/sites\/6\/Coupe-Monde-2010-Afrique-du-Sud-Football-Resultats-Prediction-m.png\" alt=\"Coupe-Monde-2010-Afrique-du-Sud-Football-Resultats-Prediction\" width=\"46\" height=\"50\" \/>\u00a0\u00a0\u00a0\u00a0 \u00a0\u00a0\u00a0\u00a0 \u00a0\u00a0\u00a0\u00a0  \u00a0 \u00a0  \u00a0 \u00a0  \u00a0 \u00a0  \u00a0 \u00a0 <\/p>\n<p style=\"text-align: justify;\"><strong>Match pour la 3\u00e8me place 2010:<\/strong><\/p>\n<p style=\"text-align: justify;\">Uruguay &#8211; Allemagne\u00a0\u00a0 2-1 \u00a0 (2-3)<\/p>\n<p style=\"text-align: justify;\"><img loading=\"lazy\" src=\"http:\/\/dataminingsoccer.com\/fr\/wp-content\/uploads\/sites\/6\/Coupe-Monde-2010-Afrique-du-Sud-Football-Resultats-Prediction-m.png\" alt=\"Coupe-Monde-2010-Afrique-du-Sud-Football-Resultats-Prediction\" width=\"46\" height=\"50\" \/>\u00a0\u00a0\u00a0\u00a0 \u00a0\u00a0\u00a0\u00a0 \u00a0\u00a0\u00a0\u00a0  \u00a0 \u00a0  \u00a0 \u00a0  \u00a0 \u00a0  \u00a0 \u00a0 <\/p>\n<p style=\"text-align: justify;\"><strong>Finale du Championnat du Monde 2010:<\/strong><\/p>\n<p style=\"text-align: justify;\">Pays-Bas &#8211; Espagne\u00a0\u00a0 3-1\u00a0\u00a0 (0-1 a.p.)<\/p>\n<p style=\"text-align: justify;\"><img loading=\"lazy\" src=\"http:\/\/dataminingsoccer.com\/fr\/wp-content\/uploads\/sites\/6\/Coupe-Monde-2010-Afrique-du-Sud-Football-Resultats-Prediction-m.png\" alt=\"Coupe-Monde-2010-Afrique-du-Sud-Football-Resultats-Prediction\" width=\"46\" height=\"50\" \/>\u00a0\u00a0\u00a0\u00a0 \u00a0\u00a0\u00a0\u00a0 \u00a0\u00a0\u00a0\u00a0  \u00a0 \u00a0  \u00a0 \u00a0  \u00a0 \u00a0  \u00a0 \u00a0 <\/p>\n<p style=\"text-align: justify;\"><a title=\"Championnat du Monde 2010\" href=\"http:\/\/dataminingsoccer.com\/fr\/coupe-du-monde-et-coupe-d-europe\/championnat-du-monde-2010\/\"><img loading=\"lazy\" class=\"alignnone size-full wp-image-1072\" src=\"http:\/\/dataminingsoccer.com\/fr\/wp-content\/uploads\/sites\/6\/Data-Mining-Soccer-haut-de-page-m.png\" alt=\"Data-Mining-Soccer-haut-de-page\" width=\"50\" height=\"50\" \/><\/a>\u00a0\u00a0\u00a0\u00a0 <a href=\"http:\/\/dataminingsoccer.com\/fr\/\"><img loading=\"lazy\" class=\"alignnone size-full wp-image-1070\" src=\"http:\/\/dataminingsoccer.com\/fr\/wp-content\/uploads\/sites\/6\/Data-Mining-Soccer-football-resultat-pronostics-m.png\" alt=\"Data-Mining-Soccer-football-resultat-pronostics\" width=\"50\" height=\"50\" \/><\/a>\u00a0\u00a0\u00a0\u00a0 <a title=\"DataMiningSoccer (fran\u00e7ais) @Twitter\" href=\"http:\/\/twitter.com\/DataMinSoccerFR\" target=\"_blank\"><img loading=\"lazy\" class=\"alignnone size-full wp-image-1473\" src=\"http:\/\/dataminingsoccer.com\/fr\/wp-content\/uploads\/sites\/6\/Twitter-Data-Mining-Soccer.png\" alt=\"Twitter-Data-Mining-Soccer\" width=\"50\" height=\"50\" \/><\/a>\u00a0\u00a0\u00a0\u00a0 <a title=\"DataMiningSoccer (anglais) @Facebook\" href=\"http:\/\/www.facebook.com\/dataminingsoccer\" target=\"_blank\"><img loading=\"lazy\" class=\"alignnone size-full wp-image-1469\" src=\"http:\/\/dataminingsoccer.com\/fr\/wp-content\/uploads\/sites\/6\/Facebook-Data-Mining-Soccer.png\" alt=\"Facebook-Data-Mining-Soccer\" width=\"50\" height=\"50\" \/><\/a><\/p>\n","protected":false},"excerpt":{"rendered":"<p>R\u00e9sultats de Football: Pronostics utilisant Data Mining\u00a0\u00a0\u00a0\u00a0 \u00a0\u00a0\u00a0\u00a0 \u00a0\u00a0\u00a0\u00a0 \u00a0 \u00a0 \u00a0 \u00a0 \u00a0 \u00a0 \u00a0 \u00a0 Avec le Championnat du Monde de football 2010 en Afrique du Sud tout a commenc\u00e9 &#8211; au moins en termes des pr\u00e9dictions de r\u00e9sultats de football en utilisant le logiciel [Data.Mining.Fox\u00ae (DMF) de Easy.Data.Mining\u2122]. Par le lien suivant &hellip; <a href=\"http:\/\/dataminingsoccer.com\/fr\/coupe-du-monde-et-coupe-d-europe\/pronostics\/championnat-du-monde-2010\/\" class=\"more-link\">Continuer la lecture de <span class=\"screen-reader-text\">Championnat du Monde 2010<\/span> <span class=\"meta-nav\">&rarr;<\/span><\/a><\/p>\n","protected":false},"author":7,"featured_media":0,"parent":2674,"menu_order":100,"comment_status":"closed","ping_status":"closed","template":"","meta":[],"yoast_head":"<!-- This site is optimized with the Yoast SEO plugin v14.8 - https:\/\/yoast.com\/wordpress\/plugins\/seo\/ -->\n<meta name=\"description\" content=\"Pr\u00e9visions de r\u00e9sultats pour la Coupe du Monde 2010 de football en Afrique du Sud. Pr\u00e9dictions bas\u00e9es sur l&#039;analyse statistique en utilisant le data mining.\" \/>\n<meta name=\"robots\" content=\"index, follow\" \/>\n<meta name=\"googlebot\" content=\"index, follow, max-snippet:-1, max-image-preview:large, max-video-preview:-1\" \/>\n<meta name=\"bingbot\" content=\"index, follow, max-snippet:-1, max-image-preview:large, max-video-preview:-1\" \/>\n<link rel=\"canonical\" href=\"http:\/\/dataminingsoccer.com\/fr\/coupe-du-monde-et-coupe-d-europe\/pronostics\/championnat-du-monde-2010\/\" \/>\n<script type=\"application\/ld+json\" class=\"yoast-schema-graph\">{\"@context\":\"https:\/\/schema.org\",\"@graph\":[{\"@type\":\"WebSite\",\"@id\":\"http:\/\/dataminingsoccer.com\/fr\/#website\",\"url\":\"http:\/\/dataminingsoccer.com\/fr\/\",\"name\":\"Pronostics de R\\u00e9sultats de Football\",\"description\":\"bas\\u00e9 sur des analyses statistiques utilisant data mining.. Nous aimons le football!     Nous aimons les jeux de nombre!\",\"potentialAction\":[{\"@type\":\"SearchAction\",\"target\":\"http:\/\/dataminingsoccer.com\/fr\/?s={search_term_string}\",\"query-input\":\"required name=search_term_string\"}],\"inLanguage\":\"fr-FR\"},{\"@type\":\"ImageObject\",\"@id\":\"http:\/\/dataminingsoccer.com\/fr\/coupe-du-monde-et-coupe-d-europe\/pronostics\/championnat-du-monde-2010\/#primaryimage\",\"inLanguage\":\"fr-FR\",\"url\":\"http:\/\/dataminingsoccer.com\/fr\/wp-content\/uploads\/sites\/6\/Coupe-Monde-2010-Afrique-du-Sud-Football-Resultats-Prediction-m.png\",\"width\":46,\"height\":50,\"caption\":\"Coupe-Monde-2010-Afrique-du-Sud-Football-Resultats-Prediction\"},{\"@type\":\"WebPage\",\"@id\":\"http:\/\/dataminingsoccer.com\/fr\/coupe-du-monde-et-coupe-d-europe\/pronostics\/championnat-du-monde-2010\/#webpage\",\"url\":\"http:\/\/dataminingsoccer.com\/fr\/coupe-du-monde-et-coupe-d-europe\/pronostics\/championnat-du-monde-2010\/\",\"name\":\"Championnat du Monde 2010 - Pronostics de R\\u00e9sultats de Football\",\"isPartOf\":{\"@id\":\"http:\/\/dataminingsoccer.com\/fr\/#website\"},\"primaryImageOfPage\":{\"@id\":\"http:\/\/dataminingsoccer.com\/fr\/coupe-du-monde-et-coupe-d-europe\/pronostics\/championnat-du-monde-2010\/#primaryimage\"},\"datePublished\":\"2013-09-12T01:09:29+00:00\",\"dateModified\":\"2014-09-02T21:02:54+00:00\",\"description\":\"Pr\\u00e9visions de r\\u00e9sultats pour la Coupe du Monde 2010 de football en Afrique du Sud. Pr\\u00e9dictions bas\\u00e9es sur l'analyse statistique en utilisant le data mining.\",\"inLanguage\":\"fr-FR\",\"potentialAction\":[{\"@type\":\"ReadAction\",\"target\":[\"http:\/\/dataminingsoccer.com\/fr\/coupe-du-monde-et-coupe-d-europe\/pronostics\/championnat-du-monde-2010\/\"]}]}]}<\/script>\n<!-- \/ Yoast SEO plugin. -->","_links":{"self":[{"href":"http:\/\/dataminingsoccer.com\/fr\/wp-json\/wp\/v2\/pages\/30"}],"collection":[{"href":"http:\/\/dataminingsoccer.com\/fr\/wp-json\/wp\/v2\/pages"}],"about":[{"href":"http:\/\/dataminingsoccer.com\/fr\/wp-json\/wp\/v2\/types\/page"}],"author":[{"embeddable":true,"href":"http:\/\/dataminingsoccer.com\/fr\/wp-json\/wp\/v2\/users\/7"}],"replies":[{"embeddable":true,"href":"http:\/\/dataminingsoccer.com\/fr\/wp-json\/wp\/v2\/comments?post=30"}],"version-history":[{"count":20,"href":"http:\/\/dataminingsoccer.com\/fr\/wp-json\/wp\/v2\/pages\/30\/revisions"}],"predecessor-version":[{"id":1646,"href":"http:\/\/dataminingsoccer.com\/fr\/wp-json\/wp\/v2\/pages\/30\/revisions\/1646"}],"up":[{"embeddable":true,"href":"http:\/\/dataminingsoccer.com\/fr\/wp-json\/wp\/v2\/pages\/2674"}],"wp:attachment":[{"href":"http:\/\/dataminingsoccer.com\/fr\/wp-json\/wp\/v2\/media?parent=30"}],"curies":[{"name":"wp","href":"https:\/\/api.w.org\/{rel}","templated":true}]}}