{"id":2925,"date":"2015-06-25T04:09:27","date_gmt":"2015-06-25T02:09:27","guid":{"rendered":"http:\/\/dataminingsoccer.com\/fr\/?page_id=2925"},"modified":"2016-05-21T22:59:46","modified_gmt":"2016-05-21T20:59:46","slug":"dfb-pokal-2015-2016","status":"publish","type":"page","link":"http:\/\/dataminingsoccer.com\/fr\/allemagne\/pronostics-1-bundesliga\/dfb-pokal-2015-2016\/","title":{"rendered":"DFB-Pokal 2015\/16"},"content":{"rendered":"<h2>Football Result Predictions using Data Mining<\/h2><p>Logiciel data mining utilis\u00e9 : <a title=\"Data.Mining.Fox\" href=\"http:\/\/www.easydatamining.com\" target=\"_blank\">[Data.Mining.Fox\u00ae (DMF) de Easy.Data.Mining\u2122]<\/a><br \/>\nFais attention stp. \u00e0 notre <a title=\"Sans Responsabilit\u00e9\" href=\"http:\/\/dataminingsoccer.com\/fr\/information\/sans-responsabilite\/\">[clause de non-responsabilit\u00e9]<\/a> pour les pr\u00e9dictions suivantes.<\/p>\n<p><img loading=\"lazy\" class=\"alignnone size-full wp-image-1936\" src=\"http:\/\/dataminingsoccer.com\/fr\/wp-content\/uploads\/sites\/6\/dfb-pokal.png\" alt=\"dfb-pokal\" width=\"50\" height=\"50\" \/><\/p>\n<p style=\"text-align: justify;\"><strong>Finale<\/strong>, Coupe d&rsquo;Allemagne &lsquo;DFB Pokal&rsquo; 2015-2016: pronostics \u00a0 <em><em><em>&gt;&gt;&gt; \u00a0 <\/em><\/em><\/em>r\u00e9sultats r\u00e9els:<\/p>\n<p style=\"text-align: justify;\">Les chiffres entre parenth\u00e8ses indiquent les ligues des \u00e9quipes. Le nombre d&rsquo;\u00e9toiles * est notre indicateur DMSU\u2122 (indicateur Data.Mining.Soccer-Underdog) de la probabilit\u00e9 statistique que l&rsquo;\u00e9quipe de la ligue inf\u00e9rieure gagne.<\/p>\n<p style=\"text-align: justify;\">2016-05-21: \u00a0<strong>Bayern M\u00fcnchen (1.) \u2013 Borussia Dortmund (1.)<\/strong> \u00a0 2 \u2013 1 a.p. \u00a0 @ \u00a0 &gt;&gt;&gt; \u00a0 4 \u2013 3 t.a.b.<\/p>\n<p style=\"text-align: justify;\"><strong>Quota de tendance<\/strong><strong> <strong>finale<\/strong><\/strong> : 0 sur 1 \/ <strong>0%<\/strong> (\u00ab\u00a0par hasard\u00a0\u00bb serait \u00f8 50%)<br \/>\n<strong>Quota correct<\/strong> depuis le 1\u00b0 tour : 48 sur 62 \/ <strong>77%<\/strong> (\u00ab\u00a0par hasard\u00a0\u00bb serait \u00f8 50%)<\/p>\n<p><img loading=\"lazy\" class=\"alignnone size-full wp-image-1936\" src=\"http:\/\/dataminingsoccer.com\/fr\/wp-content\/uploads\/sites\/6\/dfb-pokal.png\" alt=\"dfb-pokal\" width=\"50\" height=\"50\" \/><\/p>\n<p style=\"text-align: justify;\"><strong>Demi-finales<\/strong>, Coupe d&rsquo;Allemagne &lsquo;DFB Pokal&rsquo; 2015-2016: pronostics \u00a0 <em><em><em>&gt;&gt;&gt; \u00a0 <\/em><\/em><\/em>r\u00e9sultats r\u00e9els:<\/p>\n<p style=\"text-align: justify;\">2016-04-19:\u00a0 <strong>Bayern M\u00fcnchen (1.) \u2013 Werder Bremen (1.) \u00a0 2 \u2013 0 \u00a0 @ \u00a0 &gt;&gt;&gt; \u00a0 2 \u2013 0<\/strong><br \/>\n2016-04-20: \u00a0<strong>Hertha BSC (1.) \u2013 Borussia Dortmund (1.)<\/strong>\u00a0 1 \u2013 2 \u00a0 @ \u00a0 &gt;&gt;&gt; \u00a0 0 \u2013 3<\/p>\n<p style=\"text-align: justify;\"><strong>Quota de tendance<\/strong> <strong>des d<strong>emi-finales<\/strong><\/strong>\u00a0: 2 sur 2 \/ <strong>100%<\/strong> (\u00ab\u00a0par hasard\u00a0\u00bb serait \u00f8 50%)<br \/>\n<strong>Quota correct<\/strong> depuis le 1\u00b0 tour : 48 sur 62 \/ <strong>77%<\/strong> (\u00ab\u00a0par hasard\u00a0\u00bb serait \u00f8 50%)<\/p>\n<p><img loading=\"lazy\" class=\"alignnone size-full wp-image-1936\" src=\"http:\/\/dataminingsoccer.com\/fr\/wp-content\/uploads\/sites\/6\/dfb-pokal.png\" alt=\"dfb-pokal\" width=\"50\" height=\"50\" \/><\/p>\n<p style=\"text-align: justify;\"><strong>4\u00b0 tour<\/strong>, Coupe d&rsquo;Allemagne &lsquo;DFB Pokal&rsquo; 2015-2016: pronostics \u00a0 <em><em><em>&gt;&gt;&gt; \u00a0 <\/em><\/em><\/em>r\u00e9sultats r\u00e9els:<\/p>\n<p style=\"text-align: justify;\">2016-02-09: \u00a0 Bayer 04 Leverkusen (1.) &#8211; Werder Bremen (1.) \u00a0 2 \u2013 1 \u00a0 @ \u00a0 &gt;&gt;&gt; \u00a0 1 \u2013 3<br \/>\n2016-02-09: \u00a0\u00a0<strong>VfB Stuttgart (1.) &#8211; Borussia Dortmund (1.)<\/strong> \u00a0 2 \u2013 3 a.p. \u00a0 @ \u00a0 &gt;&gt;&gt; \u00a0 1 \u2013 3<br \/>\n2016-02-10: \u00a0 <strong>1. FC Heidenheim (2.) &#8211; Hertha BSC (1.)<\/strong> \u00a0 0 \u2013 1 a.p. \u00a0 @ ** \u00a0 &gt;&gt;&gt; \u00a0 2 \u2013 3<br \/>\n2016-02-10: \u00a0 <strong>VfL Bochum (2.) &#8211; Bayern M\u00fcnchen (1.)<\/strong> \u00a0 0 \u2013 2 \u00a0 @ \u00a0 &gt;&gt;&gt; \u00a0 0 \u2013 3<\/p>\n<p style=\"text-align: justify;\"><strong>Quota de tendance<\/strong> <strong>du 4\u00b0 tour<\/strong> : 3 sur 4 \/ <strong>75%<\/strong> (\u00ab\u00a0par hasard\u00a0\u00bb serait \u00f8 50%)<br \/>\n<strong>Quota correct<\/strong> depuis le 1\u00b0 tour : 46 sur 60 \/ <strong>77%<\/strong> (\u00ab\u00a0par hasard\u00a0\u00bb serait \u00f8 50%)<\/p>\n<p><img loading=\"lazy\" class=\"alignnone size-full wp-image-1936\" src=\"http:\/\/dataminingsoccer.com\/fr\/wp-content\/uploads\/sites\/6\/dfb-pokal.png\" alt=\"dfb-pokal\" width=\"50\" height=\"50\" \/><\/p>\n<p style=\"text-align: justify;\"><strong>3\u00b0 tour<\/strong>, Coupe d&rsquo;Allemagne &lsquo;DFB Pokal&rsquo; 2015-2016: pronostics \u00a0 <em><em><em>&gt;&gt;&gt; \u00a0 <\/em><\/em><\/em>r\u00e9sultats r\u00e9els:<\/p>\n<p style=\"text-align: justify;\">2015-12-15: \u00a0 <strong>SpVgg Unterhaching (4.) &#8211;\u00a0Bayer 04 Leverkusen (1.)<\/strong>\u00a0\u00a0 0 \u2013 2 \u00a0 @ * \u00a0 &gt;&gt;&gt; \u00a0 1 \u2013 3<br \/>\n2015-12-15: \u00a0 <strong>Erzgebirge Aue (3.) &#8211; 1. FC Heidenheim (2.)<\/strong>\u00a0\u00a0 1 \u2013 2 \u00a0 @ ** \u00a0 &gt;&gt;&gt; \u00a0 0 \u2013 2<br \/>\n2015-12-15: \u00a0 Bor. M\u00f6nchengladbach (1.) &#8211;\u00a0Werder Bremen (1.)\u00a0\u00a0 2 \u2013 1 \u00a0 @ \u00a0 &gt;&gt;&gt; \u00a0 3 \u2013 4<br \/>\n2015-12-15: \u00a0\u00a0<strong>Bayern M\u00fcnchen (1.) &#8211;\u00a0SV Darmstadt 98 (1.)<\/strong>\u00a0\u00a0 2 \u2013 0 \u00a0 @ \u00a0 &gt;&gt;&gt; \u00a0 1 \u2013 0<br \/>\n2015-12-16: \u00a0 <strong>1860 M\u00fcnchen (2.) &#8211;\u00a0VfL Bochum (2.)<\/strong>\u00a0\u00a0 1 \u2013 2 a.p. \u00a0 @ \u00a0 &gt;&gt;&gt; \u00a0 0 \u2013 2<br \/>\n2015-12-16: \u00a0\u00a0<strong>1. FC N\u00fcrnberg (2.) &#8211;\u00a0Hertha BSC (1.)<\/strong>\u00a0\u00a0 1 \u2013 2 a.p. \u00a0 @ ** \u00a0 &gt;&gt;&gt; \u00a0 0 \u2013 2<br \/>\n2015-12-16: \u00a0\u00a0<strong>VfB Stuttgart (1.) &#8211;\u00a0Eintracht Braunschweig (2.)<\/strong>\u00a0\u00a0 2 \u2013 1 \u00a0 @ ** \u00a0 &gt;&gt;&gt; \u00a0 3 \u2013 2 a.p.<br \/>\n2015-12-16: \u00a0 <strong>FC Augsburg (1.) &#8211;\u00a0Borussia Dortmund (1.)<\/strong>\u00a0\u00a0 1 \u2013 2 \u00a0 @ \u00a0 &gt;&gt;&gt; \u00a0 0 \u2013 2<\/p>\n<p style=\"text-align: justify;\"><strong>Quota de tendance<\/strong> <strong>du 3\u00b0 tour<\/strong> : 7 sur 8\u00a0\/ <strong>88%<\/strong> (\u00ab\u00a0par hasard\u00a0\u00bb serait \u00f8 50%)<br \/>\n<strong>Quota correct<\/strong> depuis le 1\u00b0 tour : 43 sur 56 \/ <strong>77%<\/strong> (\u00ab\u00a0par hasard\u00a0\u00bb serait \u00f8 50%)<\/p>\n<p><img loading=\"lazy\" class=\"alignnone size-full wp-image-1936\" src=\"http:\/\/dataminingsoccer.com\/fr\/wp-content\/uploads\/sites\/6\/dfb-pokal.png\" alt=\"dfb-pokal\" width=\"50\" height=\"50\" \/><\/p>\n<p style=\"text-align: justify;\"><strong>2\u00b0 tour<\/strong>, Coupe d&rsquo;Allemagne &lsquo;DFB Pokal&rsquo; 2015-2016: pronostics \u00a0 <em><em><em>&gt;&gt;&gt; \u00a0 <\/em><\/em><\/em>r\u00e9sultats r\u00e9els:<\/p>\n<p style=\"text-align: justify;\">2015-10-27: \u00a0 Erzgebirge Aue (3.) &#8211; Eintracht Frankfurt (1.) \u00a0 1 \u2013 2 \u00a0 @ * \u00a0&gt;&gt;&gt; \u00a0 1 \u2013 0<br \/>\n2015-10-27: \u00a0 <strong>1. FC N\u00fcrnberg (2.) &#8211; Fortuna D\u00fcsseldorf (2.)<\/strong> \u00a0 2 \u2013 1 \u00a0 @ \u00a0 &gt;&gt;&gt; \u00a0 5 \u2013 1<br \/>\n2015-10-27: \u00a0 <strong>FSV Frankfurt (2.) &#8211; Hertha BSC (1.)<\/strong> \u00a0 0 \u2013 1 \u00a0 @ * \u00a0 &gt;&gt;&gt; \u00a0 1 \u2013 2 a.p.<br \/>\n2015-10-27: \u00a0 1. FSV Mainz 05 (1.) &#8211; 1860 M\u00fcnchen (2.) \u00a0 1 \u2013 0 \u00a0 @ * \u00a0 &gt;&gt;&gt; \u00a0 1 \u2013 2<br \/>\n2015-10-27: \u00a0 <strong>SV Darmstadt 98 (1.) &#8211; Hannover 96 (1.)<\/strong> \u00a0 1 \u2013 0 a.p. \u00a0 @ \u00a0 &gt;&gt;&gt; \u00a0 2 \u2013 1<br \/>\n2015-10-27: \u00a0 SpVgg Unterhaching (4.) &#8211; RasenBallsport Leipzig (2.) \u00a0 0 \u2013 2 \u00a0 @ \u00a0 &gt;&gt;&gt; \u00a0 3 \u2013 0<br \/>\n2015-10-27: \u00a0 <strong>VfL Bochum (2.) &#8211; 1. FC Kaiserslautern (2.)<\/strong> \u00a0 2 \u2013 1 a.p. \u00a0 @ \u00a0 &gt;&gt;&gt; \u00a0 1 \u2013 0<br \/>\n2015-10-27: \u00a0 <strong>VfL Wolfsburg (1.) &#8211; Bayern M\u00fcnchen (1.)<\/strong> \u00a0 1 \u2013 2 \u00a0 @ \u00a0 &gt;&gt;&gt; \u00a0 1 \u2013 3<br \/>\n2015-10-28: \u00a0 <strong>Borussia Dortmund (1.) &#8211; SC Paderborn 07 (2.)<\/strong> \u00a0 3 \u2013 1 \u00a0 @ * \u00a0 &gt;&gt;&gt; \u00a0 7 \u2013 1<br \/>\n2015-10-28: \u00a0 <strong>FC Viktoria K\u00f6ln (4.) &#8211; Bayer 04 Leverkusen (1.)<\/strong> \u00a0 1 \u2013 4 \u00a0 @ \u00a0 &gt;&gt;&gt; \u00a0 0 \u2013 6<br \/>\n2015-10-28: \u00a0 SC Freiburg (2.) &#8211; FC Augsburg (1.) \u00a0 2 \u2013 1 a.p. \u00a0 @ *** \u00a0 &gt;&gt;&gt; \u00a0 0 \u2013 3<br \/>\n2015-10-28: \u00a0 SV Sandhausen (2.) &#8211; 1. FC Heidenheim (2.) \u00a0 2 \u2013 1 a.p. \u00a0 @ \u00a0 &gt;&gt;&gt; \u00a0 3 \u2013 4 t.a.b.<br \/>\n2015-10-28: \u00a0<strong> Carl Zeiss Jena (4.) &#8211; VfB Stuttgart (1.)<\/strong> \u00a0 1 \u2013 2 \u00a0 @ * \u00a0 &gt;&gt;&gt; \u00a0 0 \u2013 2<br \/>\n2015-10-28: \u00a0 <strong>SSV Reutlingen (5.) &#8211; Eintracht Braunschweig (2.)<\/strong> \u00a0 0 \u2013 2 \u00a0 @ \u00a0 &gt;&gt;&gt; \u00a0 0 \u2013 4<br \/>\n2015-10-28: \u00a0 FC Schalke 04 (1.) &#8211; Bor. M\u00f6nchengladbach (1.) \u00a0 5 \u2013 4 t.a.b. \u00a0 @ \u00a0 &gt;&gt;&gt; \u00a0 0 \u2013 2<br \/>\n2015-10-28: \u00a0 <strong>Werder Bremen (1.) &#8211; 1. FC K\u00f6ln (1.)<\/strong> \u00a0 2 \u2013 1 a.p. \u00a0 @ \u00a0 &gt;&gt;&gt; \u00a0 1 \u2013 0<\/p>\n<p style=\"text-align: justify;\"><strong>Quota de tendance<\/strong> <strong>du 2\u00b0 tour<\/strong> : 10 sur 16 \/ <strong>63%<\/strong> (\u00ab\u00a0par hasard\u00a0\u00bb serait \u00f8 50%)<br \/>\n<strong>Quota correct<\/strong> depuis le 1\u00b0 tour : 36 sur 48 \/ <strong>75%<\/strong> (\u00ab\u00a0par hasard\u00a0\u00bb serait \u00f8 50%)<\/p>\n<p><img loading=\"lazy\" class=\"alignnone size-full wp-image-1936\" src=\"http:\/\/dataminingsoccer.com\/fr\/wp-content\/uploads\/sites\/6\/dfb-pokal.png\" alt=\"dfb-pokal\" width=\"50\" height=\"50\" \/><\/p>\n<p style=\"text-align: justify;\"><strong>1\u00b0 tour<\/strong>, Coupe d&rsquo;Allemagne &lsquo;DFB Pokal&rsquo; 2015-2016: pronostics \u00a0 <em><em><em>&gt;&gt;&gt; \u00a0 <\/em><\/em><\/em>r\u00e9sultats r\u00e9els:<\/p>\n<p style=\"text-align: justify;\">2015-08-07: \u00a0 <strong>TuS Erndtebr\u00fcck (4.) \u00a0\u2013\u00a0 SV Darmstadt 98 (1.)<\/strong> \u00a0 0 \u2013 1 \u00a0 @ * \u00a0 &gt;&gt;&gt; \u00a0 0 \u2013 5<br \/>\n2015-08-07: \u00a0 <strong>BFC Dynamo (4.) \u00a0\u2013\u00a0 FSV Frankfurt (2.)<\/strong> \u00a0 1 \u2013 2 \u00a0 @ * \u00a0 &gt;&gt;&gt; \u00a0 0 \u2013 2 \u00a0 [voir ci-dessous]<br \/>\n2015-08-07: \u00a0 <strong>SV Elversberg (4.) \u00a0\u2013\u00a0 FC Augsburg (1.)<\/strong> \u00a0 1 \u2013 3 \u00a0 @ * \u00a0 &gt;&gt;&gt; \u00a0 1 \u2013 3\u00a0a.p.<br \/>\n2015-08-08: \u00a0 FC Viktoria K\u00f6ln (4.) \u00a0&#8211;\u00a0 1. FC Union Berlin (2.) \u00a0 0 \u2013 1 \u00a0 @ ** \u00a0 &gt;&gt;&gt; \u00a0 2 \u2013 1<br \/>\n2015-08-08: \u00a0 <strong>SV Meppen (4.) \u00a0&#8211;\u00a0 1. FC K\u00f6ln (1.)<\/strong> \u00a0 0 \u2013 2 \u00a0 @ * \u00a0 &gt;&gt;&gt; \u00a0 0 \u2013 4<br \/>\n2015-08-08: \u00a0 <strong>Hallescher FC (3.) \u00a0&#8211;\u00a0 Eintracht Braunschweig (2.)<\/strong> \u00a0 1 \u2013 2 \u00a0 @ ** \u00a0 &gt;&gt;&gt; \u00a0 0 \u2013 1<br \/>\n2015-08-08: \u00a0 <strong>Stuttgarter Kickers (3.) \u00a0&#8211;\u00a0 VfL Wolfsburg (1.)<\/strong> \u00a0 1 \u2013 3 \u00a0 @ * \u00a0 &gt;&gt;&gt; \u00a0 1 \u2013 4<br \/>\n2015-08-08: \u00a0 <strong>Sportfreunde Lotte (4.) \u00a0&#8211;\u00a0 Bayer 04 Leverkusen (1.)<\/strong> \u00a0 1 \u2013 3 \u00a0 @ * \u00a0 &gt;&gt;&gt; \u00a0 0 \u2013 3<br \/>\n2015-08-08: \u00a0 <strong>MSV Duisburg (2.) \u00a0&#8211;\u00a0 FC Schalke 04\u00a0(1.)<\/strong> \u00a0 1 \u2013 2 \u00a0 @ ** \u00a0 &gt;&gt;&gt; \u00a0 0 \u2013 5<br \/>\n2015-08-08: \u00a0 <strong>W\u00fcrzburger Kickers (3.) \u00a0&#8211;\u00a0 Werder Bremen (1.)<\/strong> \u00a0 1 \u2013 2 \u00a0 @ ** \u00a0 &gt;&gt;&gt; \u00a0 0 \u2013 2 a.p.<br \/>\n2015-08-08: \u00a0 Erzgebirge Aue (3.) \u00a0&#8211;\u00a0 SpVgg Greuther F\u00fcrth (2.) \u00a0 0 \u2013 1 \u00a0 @ ** \u00a0 &gt;&gt;&gt; \u00a0 1 \u2013 0<br \/>\n2015-08-08: \u00a0 <strong>Bremer SV (5.) \u00a0&#8211;\u00a0 Eintracht Frankfurt (1.)<\/strong> \u00a0 0 \u2013 2 \u00a0 @ \u00a0 &gt;&gt;&gt; \u00a0 0 \u2013 3<br \/>\n2015-08-08: \u00a0 1860 M\u00fcnchen (2.) \u00a0&#8211;\u00a0 TSG Hoffenheim (1.) \u00a0 0 \u2013 2 \u00a0 @ * \u00a0 &gt;&gt;&gt; \u00a0 2 \u2013 0<br \/>\n2015-08-08: \u00a0 SSV Reutlingen Fu\u00dfball (5.) \u00a0&#8211;\u00a0 Karlsruher SC (2.) \u00a0 1 \u2013 3 \u00a0 @ * \u00a0 &gt;&gt;&gt; \u00a0 3 \u2013 1<br \/>\n2015-08-08: \u00a0 <strong>Holstein Kiel (3.) \u00a0&#8211;\u00a0 VfB Stuttgart (1.) \u00a0 1 \u2013 2 \u00a0 @ ** \u00a0 &gt;&gt;&gt; \u00a0 1 \u2013 2<\/strong><br \/>\n2015-08-09: \u00a0 Carl Zeiss Jena (4.) \u00a0&#8211;\u00a0 Hamburger SV (1.) \u00a0 1 \u2013 2 \u00a0 @ * \u00a0 &gt;&gt;&gt; \u00a0 3 \u2013 2 a.p.<br \/>\n2015-08-09: \u00a0 <strong>Bahlinger SC (4.) \u00a0&#8211;\u00a0 SV Sandhausen (2.)<\/strong> \u00a0 0 \u2013 1 \u00a0 @ * \u00a0 &gt;&gt;&gt; \u00a0 3 \u2013 5 t.a.b.<br \/>\n2015-08-09: \u00a0 <strong>HSV Barmbek-Uhlenhorst (5.) \u00a0&#8211;\u00a0 SC Freiburg\u00a0(2.)<\/strong> \u00a0 0 \u2013 2 \u00a0 @ \u00a0 &gt;&gt;&gt; \u00a0 0 \u2013 5<br \/>\n2015-08-09: \u00a0 <strong>FSV Salmrohr (5.) \u00a0&#8211;\u00a0 VfL Bochum (2.)<\/strong> \u00a0 1 \u2013 2 \u00a0 @ * \u00a0 &gt;&gt;&gt; \u00a0 0 \u2013 5<br \/>\n2015-08-09: \u00a0 <strong>Chemnitzer FC (3.) \u00a0&#8211;\u00a0 Borussia Dortmund (1.)<\/strong> \u00a0 1 \u2013 3 \u00a0 @ * \u00a0 &gt;&gt;&gt; \u00a0 0 \u2013 2<br \/>\n2015-08-09: \u00a0 <strong>VfB L\u00fcbeck (4.) \u00a0&#8211;\u00a0 SC Paderborn 07 (2.)<\/strong> \u00a0 0 \u2013 2 \u00a0 @ * \u00a0 &gt;&gt;&gt; \u00a0 1 \u2013 2<br \/>\n2015-08-09: \u00a0 <strong>Rot-Weiss Essen (4.) \u00a0&#8211;\u00a0 Fortuna D\u00fcsseldorf (2.)<\/strong> \u00a0 0 \u2013 1 \u00a0 @ ** \u00a0 &gt;&gt;&gt; \u00a0 1 \u2013 3 t.a.b.<br \/>\n2015-08-09: \u00a0 <strong>FK Pirmasens (4.) \u00a0&#8211;\u00a0 1. FC Heidenheim (2.)<\/strong> \u00a0 1 \u2013 2 \u00a0 @ * \u00a0 &gt;&gt;&gt; \u00a0 1 \u2013 4<br \/>\n2015-08-09: \u00a0 SpVgg Unterhaching (4.) \u00a0&#8211;\u00a0 FC Ingolstadt 04 (1.) \u00a0 0 \u2013 1 \u00a0 @ ** \u00a0 &gt;&gt;&gt; \u00a0 2 \u2013 1<br \/>\n2015-08-09: \u00a0 <strong>FC N\u00f6ttingen (5.) \u00a0&#8211;\u00a0 Bayern M\u00fcnchen (1.)<\/strong> \u00a0 0 \u2013 4 \u00a0 @ \u00a0 &gt;&gt;&gt; \u00a0 1 \u2013 3<br \/>\n2015-08-09: \u00a0 <strong>Hansa Rostock (3.) \u00a0&#8211;\u00a0 1. FC Kaiserslautern (2.)<\/strong> \u00a0 2 \u2013 3 \u00a0 @ ** \u00a0 &gt;&gt;&gt; \u00a0 4 \u2013 5 t.a.b.<br \/>\n2015-08-09: \u00a0 <strong>Hessen Kassel (4.) \u00a0&#8211;\u00a0 Hannover 96 (1.)<\/strong> \u00a0 1 \u2013 3 \u00a0 @ * \u00a0 &gt;&gt;&gt; \u00a0 0 \u2013 2<br \/>\n2015-08-09: \u00a0 <strong>Energie Cottbus (3.) \u00a0&#8211;\u00a0 1. FSV Mainz 05 (1.)<\/strong> \u00a0 1 \u2013 2 \u00a0 @ ** \u00a0 &gt;&gt;&gt; \u00a0 0 \u2013 3<br \/>\n2015-08-10: \u00a0 <strong>Arminia Bielefeld (2.) \u00a0\u2013\u00a0 Hertha BSC (1.)<\/strong> \u00a0 1 \u2013 2 \u00a0 @ ** \u00a0 &gt;&gt;&gt; \u00a0 0 \u2013 2<br \/>\n2015-08-10: \u00a0 <strong>VfL Osnabr\u00fcck (3.) \u00a0\u2013\u00a0 RasenBallsport Leipzig (2.)<\/strong> \u00a0 1 \u2013 2 \u00a0 @ ** \u00a0 &gt;&gt;&gt; \u00a0 0 \u2013 2 \u00a0 d\u00e9cision formelle!<br \/>\n2015-08-10: \u00a0 <strong>VfR Aalen (3.) \u00a0\u2013\u00a0 1. FC N\u00fcrnberg (2.)<\/strong> \u00a0 1 \u2013 2 \u00a0 @ ** \u00a0 &gt;&gt;&gt; \u00a0 1 \u2013 2 d.r.<br \/>\n2015-08-10: \u00a0 <strong>FC St. Pauli (2.) \u00a0\u2013\u00a0 Bor. M\u00f6nchengladbach (1.)<\/strong> \u00a0 0 \u2013 2 \u00a0 @ * \u00a0 &gt;&gt;&gt; \u00a0 1 \u2013 4<\/p>\n<p style=\"text-align: justify;\">[faux pas &amp; correction ex post: bien s\u00fbr BFC Dynamo n&rsquo;est pas Dynamo Dresden &#8211; m\u00eame si notre base de donn\u00e9es le pensait ;-)]<\/p>\n<p><strong>Quota de tendance<\/strong> <strong>du 1\u00b0 tour<\/strong> : 26 sur 32 \/ <strong>81%<\/strong> (\u00ab\u00a0par hasard\u00a0\u00bb serait \u00f8 50%)<br \/>\n<strong>Quota correct<\/strong> depuis le 1\u00b0 tour : 26 sur 32 \/ <strong>81%<\/strong> (\u00ab\u00a0par hasard\u00a0\u00bb serait \u00f8 50%)<\/p>\n<p>Logiciel data mining utilis\u00e9 : <a title=\"Data.Mining.Fox\" href=\"http:\/\/www.easydatamining.com\" target=\"_blank\">[Data.Mining.Fox\u00ae (DMF) de Easy.Data.Mining\u2122]<\/a><\/p>\n<p><img loading=\"lazy\" class=\"alignnone size-full wp-image-1936\" src=\"http:\/\/dataminingsoccer.com\/fr\/wp-content\/uploads\/sites\/6\/dfb-pokal.png\" alt=\"dfb-pokal\" width=\"50\" height=\"50\" \/><\/p>\n<p><a title=\"DFB-Pokal 2014\/15\" href=\"http:\/\/dataminingsoccer.com\/fr\/allemagne\/pronostics-1-bundesliga\/dfb-pokal-2015-2016\/\"><img loading=\"lazy\" class=\"alignnone size-full wp-image-1072\" src=\"http:\/\/dataminingsoccer.com\/fr\/wp-content\/uploads\/sites\/6\/Data-Mining-Soccer-haut-de-page-m.png\" alt=\"Data-Mining-Soccer-haut-de-page\" width=\"50\" height=\"50\" \/><\/a>\u00a0\u00a0\u00a0\u00a0 <a href=\"http:\/\/dataminingsoccer.com\/fr\/\"><img loading=\"lazy\" class=\"alignnone size-full wp-image-1070\" src=\"http:\/\/dataminingsoccer.com\/fr\/wp-content\/uploads\/sites\/6\/Data-Mining-Soccer-football-resultat-pronostics-m.png\" alt=\"Data-Mining-Soccer-football-resultat-pronostics\" width=\"50\" height=\"50\" \/><\/a>\u00a0\u00a0\u00a0\u00a0 <a title=\"DataMiningSoccer (fran\u00e7ais) @Twitter\" href=\"http:\/\/twitter.com\/DataMinSoccerFR\" target=\"_blank\"><img loading=\"lazy\" class=\"alignnone size-full wp-image-1473\" src=\"http:\/\/dataminingsoccer.com\/fr\/wp-content\/uploads\/sites\/6\/Twitter-Data-Mining-Soccer.png\" alt=\"Twitter-Data-Mining-Soccer\" width=\"50\" height=\"50\" \/><\/a>\u00a0\u00a0\u00a0\u00a0 <a title=\"DataMiningSoccer (anglais) @Facebook\" href=\"http:\/\/www.facebook.com\/dataminingsoccer\" target=\"_blank\"><img loading=\"lazy\" class=\"alignnone size-full wp-image-1469\" src=\"http:\/\/dataminingsoccer.com\/fr\/wp-content\/uploads\/sites\/6\/Facebook-Data-Mining-Soccer.png\" alt=\"Facebook-Data-Mining-Soccer\" width=\"50\" height=\"50\" \/><\/a>\u00a0\u00a0\u00a0\u00a0 <a title=\"DataMiningSoccer @YouTube\" href=\"http:\/\/www.youtube.com\/channel\/UCxGBQc_ziGx_Ylgc0k94QWg\" target=\"_blank\"><img loading=\"lazy\" class=\"alignnone size-full wp-image-1475\" src=\"http:\/\/dataminingsoccer.com\/fr\/wp-content\/uploads\/sites\/6\/YouTube-Data-Mining-Soccer.png\" alt=\"YouTube-Data-Mining-Soccer\" width=\"50\" height=\"50\" \/><\/a><\/p>\n<p>&nbsp;<\/p>\n","protected":false},"excerpt":{"rendered":"<p>Football Result Predictions using Data MiningLogiciel data mining utilis\u00e9 : [Data.Mining.Fox\u00ae (DMF) de Easy.Data.Mining\u2122] Fais attention stp. \u00e0 notre [clause de non-responsabilit\u00e9] pour les pr\u00e9dictions suivantes. Finale, Coupe d&rsquo;Allemagne &lsquo;DFB Pokal&rsquo; 2015-2016: pronostics \u00a0 &gt;&gt;&gt; \u00a0 r\u00e9sultats r\u00e9els: Les chiffres entre parenth\u00e8ses indiquent les ligues des \u00e9quipes. Le nombre d&rsquo;\u00e9toiles * est notre indicateur DMSU\u2122 &hellip; <a href=\"http:\/\/dataminingsoccer.com\/fr\/allemagne\/pronostics-1-bundesliga\/dfb-pokal-2015-2016\/\" class=\"more-link\">Continuer la lecture de <span class=\"screen-reader-text\">DFB-Pokal 2015\/16<\/span> <span class=\"meta-nav\">&rarr;<\/span><\/a><\/p>\n","protected":false},"author":7,"featured_media":0,"parent":926,"menu_order":0,"comment_status":"closed","ping_status":"closed","template":"","meta":[],"yoast_head":"<!-- This site is optimized with the Yoast SEO plugin v14.8 - https:\/\/yoast.com\/wordpress\/plugins\/seo\/ -->\n<meta name=\"description\" content=\"Fussball Ergebnis-Vorhersagen f\u00fcr den DFB-Pokal in Deutschland 2015-2016 basierend auf statistischen Analysen mittels einer Data-Mining Software.\" \/>\n<meta name=\"robots\" content=\"index, follow\" \/>\n<meta name=\"googlebot\" content=\"index, follow, max-snippet:-1, max-image-preview:large, max-video-preview:-1\" \/>\n<meta name=\"bingbot\" content=\"index, follow, max-snippet:-1, max-image-preview:large, max-video-preview:-1\" \/>\n<link rel=\"canonical\" href=\"http:\/\/dataminingsoccer.com\/fr\/allemagne\/pronostics-1-bundesliga\/dfb-pokal-2015-2016\/\" \/>\n<script type=\"application\/ld+json\" class=\"yoast-schema-graph\">{\"@context\":\"https:\/\/schema.org\",\"@graph\":[{\"@type\":\"WebSite\",\"@id\":\"http:\/\/dataminingsoccer.com\/fr\/#website\",\"url\":\"http:\/\/dataminingsoccer.com\/fr\/\",\"name\":\"Pronostics de R\\u00e9sultats de Football\",\"description\":\"bas\\u00e9 sur des analyses statistiques utilisant data mining.. Nous aimons le football!     Nous aimons les jeux de nombre!\",\"potentialAction\":[{\"@type\":\"SearchAction\",\"target\":\"http:\/\/dataminingsoccer.com\/fr\/?s={search_term_string}\",\"query-input\":\"required name=search_term_string\"}],\"inLanguage\":\"fr-FR\"},{\"@type\":\"ImageObject\",\"@id\":\"http:\/\/dataminingsoccer.com\/fr\/allemagne\/pronostics-1-bundesliga\/dfb-pokal-2015-2016\/#primaryimage\",\"inLanguage\":\"fr-FR\",\"url\":\"http:\/\/dataminingsoccer.com\/fr\/wp-content\/uploads\/sites\/6\/dfb-pokal.png\",\"width\":50,\"height\":50,\"caption\":\"dfb-pokal\"},{\"@type\":\"WebPage\",\"@id\":\"http:\/\/dataminingsoccer.com\/fr\/allemagne\/pronostics-1-bundesliga\/dfb-pokal-2015-2016\/#webpage\",\"url\":\"http:\/\/dataminingsoccer.com\/fr\/allemagne\/pronostics-1-bundesliga\/dfb-pokal-2015-2016\/\",\"name\":\"DFB-Pokal 2015\/16 - Pronostics de R\\u00e9sultats de Football\",\"isPartOf\":{\"@id\":\"http:\/\/dataminingsoccer.com\/fr\/#website\"},\"primaryImageOfPage\":{\"@id\":\"http:\/\/dataminingsoccer.com\/fr\/allemagne\/pronostics-1-bundesliga\/dfb-pokal-2015-2016\/#primaryimage\"},\"datePublished\":\"2015-06-25T02:09:27+00:00\",\"dateModified\":\"2016-05-21T20:59:46+00:00\",\"description\":\"Fussball Ergebnis-Vorhersagen f\\u00fcr den DFB-Pokal in Deutschland 2015-2016 basierend auf statistischen Analysen mittels einer Data-Mining Software.\",\"inLanguage\":\"fr-FR\",\"potentialAction\":[{\"@type\":\"ReadAction\",\"target\":[\"http:\/\/dataminingsoccer.com\/fr\/allemagne\/pronostics-1-bundesliga\/dfb-pokal-2015-2016\/\"]}]}]}<\/script>\n<!-- \/ Yoast SEO plugin. -->","_links":{"self":[{"href":"http:\/\/dataminingsoccer.com\/fr\/wp-json\/wp\/v2\/pages\/2925"}],"collection":[{"href":"http:\/\/dataminingsoccer.com\/fr\/wp-json\/wp\/v2\/pages"}],"about":[{"href":"http:\/\/dataminingsoccer.com\/fr\/wp-json\/wp\/v2\/types\/page"}],"author":[{"embeddable":true,"href":"http:\/\/dataminingsoccer.com\/fr\/wp-json\/wp\/v2\/users\/7"}],"replies":[{"embeddable":true,"href":"http:\/\/dataminingsoccer.com\/fr\/wp-json\/wp\/v2\/comments?post=2925"}],"version-history":[{"count":35,"href":"http:\/\/dataminingsoccer.com\/fr\/wp-json\/wp\/v2\/pages\/2925\/revisions"}],"predecessor-version":[{"id":3173,"href":"http:\/\/dataminingsoccer.com\/fr\/wp-json\/wp\/v2\/pages\/2925\/revisions\/3173"}],"up":[{"embeddable":true,"href":"http:\/\/dataminingsoccer.com\/fr\/wp-json\/wp\/v2\/pages\/926"}],"wp:attachment":[{"href":"http:\/\/dataminingsoccer.com\/fr\/wp-json\/wp\/v2\/media?parent=2925"}],"curies":[{"name":"wp","href":"https:\/\/api.w.org\/{rel}","templated":true}]}}