{"id":28,"date":"2013-09-12T03:06:59","date_gmt":"2013-09-12T01:06:59","guid":{"rendered":"http:\/\/dataminingsoccer.com\/fr\/?page_id=28"},"modified":"2014-09-02T23:00:42","modified_gmt":"2014-09-02T21:00:42","slug":"championnat-d-europe-2012","status":"publish","type":"page","link":"http:\/\/dataminingsoccer.com\/fr\/coupe-du-monde-et-coupe-d-europe\/pronostics\/championnat-d-europe-2012\/","title":{"rendered":"Championnat d&rsquo;Europe 2012"},"content":{"rendered":"<h2>R\u00e9sultats de Football: Pronostics utilisant Data Mining<\/h2><p><img loading=\"lazy\" class=\"alignnone size-full wp-image-170\" src=\"http:\/\/dataminingsoccer.com\/fr\/wp-content\/uploads\/sites\/6\/Coupe-Euro-2012-Pologne-Ukraine-Football-Resultats-Prediction-m.png\" alt=\"Coupe-Euro-2012-Pologne-Ukraine-Football-Resultats-Prediction\" width=\"42\" height=\"49\" \/>\u00a0\u00a0\u00a0\u00a0 \u00a0\u00a0\u00a0\u00a0 \u00a0\u00a0\u00a0\u00a0  \u00a0 \u00a0  \u00a0 \u00a0  \u00a0 \u00a0  \u00a0 \u00a0 <\/p>\n<p>Avec le <strong>Championnat d&rsquo;Europe 2012 en Pologne et en Ukraine<\/strong>, nous avons repris nos pr\u00e9visions d&rsquo;infodivertissement pour les r\u00e9sultats de football apr\u00e8s le grand int\u00e9r\u00eat dans nos pr\u00e9visions pour la Coupe du Monde 2010 en Afrique du Sud.<\/p>\n<p>Par le lien suivant vous voyer les <a title=\"Championnat d\u2019Europe 2012\" href=\"http:\/\/dataminingsoccer.com\/fr\/coupe-du-monde-et-coupe-d-europe\/taux-de-succes\/championnat-europe-2012\/\">[taux de succ\u00e8s]<\/a> de nos mod\u00e8les de pr\u00e9vision.<\/p>\n<p>Les r\u00e9sultats pr\u00e9vus (et entre parenth\u00e8ses les r\u00e9sultats r\u00e9els) 2012 en Pologne et en Ukraine:<\/p>\n<p><img loading=\"lazy\" src=\"http:\/\/dataminingsoccer.com\/fr\/wp-content\/uploads\/sites\/6\/Coupe-Euro-2012-Pologne-Ukraine-Football-Resultats-Prediction-m.png\" alt=\"Coupe-Euro-2012-Pologne-Ukraine-Football-Resultats-Prediction\" width=\"42\" height=\"49\" \/>\u00a0\u00a0\u00a0\u00a0 \u00a0\u00a0\u00a0\u00a0 \u00a0\u00a0\u00a0\u00a0  \u00a0 \u00a0  \u00a0 \u00a0  \u00a0 \u00a0  \u00a0 \u00a0 <\/p>\n<p><strong>Groupe A:<\/strong><br \/>\nPologne &#8211; Gr\u00e8ce\u00a0\u00a0 2-0 \u00a0 (1-1)<br \/>\n<strong>Russie &#8211; R\u00e9publique Tch\u00e8que<\/strong>\u00a0\u00a0 3-1 \u00a0 (4-1)<br \/>\n<strong>Gr\u00e8ce &#8211; R\u00e9publique Tch\u00e8que<\/strong>\u00a0\u00a0 1-6\u00a0\u00a0 (1-2)<br \/>\nPologne &#8211; Russie\u00a0\u00a0 3-2 \u00a0 (1-1)<br \/>\nGr\u00e8ce &#8211; Russie\u00a0\u00a0 2-2 \u00a0 (1-0)<br \/>\n<strong>R\u00e9publique Tch\u00e8que &#8211; Pologne<\/strong>\u00a0\u00a0 3-1 \u00a0 (1-0)<\/p>\n<p><strong>Les r\u00e9sultats pr\u00e9vus du groupe A:<\/strong><br \/>\n1 <strong>R\u00e9publique Tch\u00e8que<\/strong> (6 points, 5 buts)<br \/>\n2 Pologne (6 points, +1 but)<br \/>\n3 Russie (4 points, +1 but)<br \/>\n4 Gr\u00e8ce (1\u00a0point, -7 buts)<\/p>\n<p><strong>Les r\u00e9sultats r\u00e9els du group A:<\/strong><br \/>\n1 <strong>R\u00e9publique Tch\u00e8que<\/strong> (6 points , -1 but)<br \/>\n2 Gr\u00e8ce (4 points, 0 buts)<br \/>\n3 Russie (4 points, 2 buts)<br \/>\n4 Pologne (2 points, -1 but)<\/p>\n<p><img loading=\"lazy\" src=\"http:\/\/dataminingsoccer.com\/fr\/wp-content\/uploads\/sites\/6\/Coupe-Euro-2012-Pologne-Ukraine-Football-Resultats-Prediction-m.png\" alt=\"Coupe-Euro-2012-Pologne-Ukraine-Football-Resultats-Prediction\" width=\"42\" height=\"49\" \/>\u00a0\u00a0\u00a0\u00a0 \u00a0\u00a0\u00a0\u00a0 \u00a0\u00a0\u00a0\u00a0  \u00a0 \u00a0  \u00a0 \u00a0  \u00a0 \u00a0  \u00a0 \u00a0 <\/p>\n<p><strong>Groupe B:<\/strong><br \/>\nPays-Bas &#8211; Danemark \u00a0 0-0 \u00a0 (0-1)<br \/>\nAllemagne &#8211; Portugal\u00a0\u00a0 1-1\u00a0\u00a0 (1-0)<br \/>\n<strong>Danemark &#8211; Portugal<\/strong>\u00a0\u00a0 1-2 \u00a0 (2-3)<br \/>\n<strong>Pays-Bas &#8211; Allemagne\u00a0\u00a0 1-2\u00a0\u00a0 (1-2)<\/strong><br \/>\nPortugal &#8211; Pays-Bas \u00a0 2-3\u00a0\u00a0 (2-1)<br \/>\nDanemark &#8211; Allemagne\u00a0\u00a0 0-0 \u00a0 (1-2)<\/p>\n<p><strong>Les r\u00e9sultats pr\u00e9vus du groupe B:<\/strong><br \/>\n1 <strong>Allemagne<\/strong> (5 points, +1 but)<br \/>\n2 Pays-Bas (4 points, 0 buts)<br \/>\n3 Portugal (4 points, 0 buts)<br \/>\n4 Danemark (2 points, -1 but)<\/p>\n<p><strong>Les r\u00e9sultats r\u00e9els du group B:<\/strong><br \/>\n1 <strong>Allemagne<\/strong> (9 points, +3 buts)<br \/>\n2 Portugal (6 points, +1 but)<br \/>\n3 Danemark (3 points, -1 but)<br \/>\n4 Pays-Bas (0 points, -3 buts)<\/p>\n<p><img loading=\"lazy\" src=\"http:\/\/dataminingsoccer.com\/fr\/wp-content\/uploads\/sites\/6\/Coupe-Euro-2012-Pologne-Ukraine-Football-Resultats-Prediction-m.png\" alt=\"Coupe-Euro-2012-Pologne-Ukraine-Football-Resultats-Prediction\" width=\"42\" height=\"49\" \/>\u00a0\u00a0\u00a0\u00a0 \u00a0\u00a0\u00a0\u00a0 \u00a0\u00a0\u00a0\u00a0  \u00a0 \u00a0  \u00a0 \u00a0  \u00a0 \u00a0  \u00a0 \u00a0 <\/p>\n<p><strong>Groupe C:<\/strong><br \/>\nEspagne &#8211; Italie\u00a0\u00a0 2-1\u00a0\u00a0 (1-1)<br \/>\nIrlande &#8211; Croatie \u00a0 0-0 \u00a0 (1-3)<br \/>\nItalie &#8211; Croatie\u00a0\u00a0 3-1\u00a0\u00a0 (1-1)<br \/>\n<strong>Espagne &#8211; Irlande\u00a0\u00a0 4-0 \u00a0 (4-0)<\/strong><br \/>\nCroatie &#8211; Espagne\u00a0\u00a0 1-1\u00a0\u00a0 (0-1)<br \/>\nItalie &#8211; Irlande\u00a0\u00a0 0-0\u00a0\u00a0 (2-0)<\/p>\n<p><strong>Les r\u00e9sultats pr\u00e9vus du groupe C:<\/strong><br \/>\n1 <strong>Espagne<\/strong> (7 points, +5 buts)<br \/>\n2 <strong>Italie<\/strong> (4\u00a0points , +1 but)<br \/>\n3 Croatie (2 points, -2 buts)<br \/>\n4 Irlande (2 points, -4 buts)<\/p>\n<p><strong>Les r\u00e9sultats r\u00e9els du group C:<\/strong><br \/>\n1 <strong>Espagne<\/strong> (7 points, 5 buts)<br \/>\n2 <strong>Italie<\/strong> (5 points, 2 buts)<br \/>\n3 Croatie (4 points, +1 but)<br \/>\n4 Irlande (0\u00a0points, -8 buts)<\/p>\n<p><img loading=\"lazy\" src=\"http:\/\/dataminingsoccer.com\/fr\/wp-content\/uploads\/sites\/6\/Coupe-Euro-2012-Pologne-Ukraine-Football-Resultats-Prediction-m.png\" alt=\"Coupe-Euro-2012-Pologne-Ukraine-Football-Resultats-Prediction\" width=\"42\" height=\"49\" \/>\u00a0\u00a0\u00a0\u00a0 \u00a0\u00a0\u00a0\u00a0 \u00a0\u00a0\u00a0\u00a0  \u00a0 \u00a0  \u00a0 \u00a0  \u00a0 \u00a0  \u00a0 \u00a0 <\/p>\n<p><strong>Groupe D:<\/strong><br \/>\n<strong>France &#8211; Angleterre<\/strong>\u00a0\u00a0 0-0 \u00a0 (1-1)<br \/>\nUkraine &#8211; Su\u00e8de\u00a0\u00a0 1-3\u00a0\u00a0 (2-1)<br \/>\n<strong>Ukraine &#8211; France<\/strong>\u00a0\u00a0 1-3 \u00a0 (0-2)<br \/>\nSu\u00e8de &#8211; Angleterre\u00a0\u00a0 1-0\u00a0\u00a0 (2-3)<br \/>\nSu\u00e8de &#8211; France\u00a0\u00a0 0-0\u00a0\u00a0 (2-0)<br \/>\nAngleterre &#8211; Ukraine\u00a0\u00a0 1-1 \u00a0 (1-0)<\/p>\n<p><strong>Les r\u00e9sultats pr\u00e9vus du groupe D:<\/strong><br \/>\n1 Su\u00e8de (7 points, +3 buts)<br \/>\n2 <strong>France<\/strong> (5 points, +2 buts)<br \/>\n3 Angleterre (2 points, -1 buts)<br \/>\n4 Ukraine (1 point, -4 buts)<\/p>\n<p><strong>Les r\u00e9sultats r\u00e9els du group D:<\/strong><br \/>\n1 Angleterre (7 points, +2 buts)<br \/>\n2 <strong>France<\/strong> (4 points, 0 buts)<br \/>\n3 Ukraine (3 points, -2 buts)<br \/>\n4 Su\u00e8de (3 points, 0 buts)<\/p>\n<p><img loading=\"lazy\" src=\"http:\/\/dataminingsoccer.com\/fr\/wp-content\/uploads\/sites\/6\/Coupe-Euro-2012-Pologne-Ukraine-Football-Resultats-Prediction-m.png\" alt=\"Coupe-Euro-2012-Pologne-Ukraine-Football-Resultats-Prediction\" width=\"42\" height=\"49\" \/>\u00a0\u00a0\u00a0\u00a0 \u00a0\u00a0\u00a0\u00a0 \u00a0\u00a0\u00a0\u00a0  \u00a0 \u00a0  \u00a0 \u00a0  \u00a0 \u00a0  \u00a0 \u00a0 <\/p>\n<p><strong>Quarts de finale 2012:<\/strong><\/p>\n<p><strong>R\u00e9publique Tch\u00e8que &#8211; Portugal<\/strong>\u00a0\u00a0 0-2 \u00a0 (0-1)<br \/>\n<strong>Allemagne &#8211; Gr\u00e8ce<\/strong>\u00a0\u00a0 2-1 \u00a0 (4-2)<br \/>\nEspagne &#8211; France\u00a0\u00a0 0-2\u00a0\u00a0 (2-0)<br \/>\n<strong>Angleterre &#8211; Italie<\/strong>\u00a0\u00a0 1-2 \u00a0 (2-4 t.a.b.)<\/p>\n<p><img loading=\"lazy\" src=\"http:\/\/dataminingsoccer.com\/fr\/wp-content\/uploads\/sites\/6\/Coupe-Euro-2012-Pologne-Ukraine-Football-Resultats-Prediction-m.png\" alt=\"Coupe-Euro-2012-Pologne-Ukraine-Football-Resultats-Prediction\" width=\"42\" height=\"49\" \/>\u00a0\u00a0\u00a0\u00a0 \u00a0\u00a0\u00a0\u00a0 \u00a0\u00a0\u00a0\u00a0  \u00a0 \u00a0  \u00a0 \u00a0  \u00a0 \u00a0  \u00a0 \u00a0 <\/p>\n<p><strong>Demi-finales 2012:<\/strong><\/p>\n<p><strong>Portugal &#8211; Espagne<\/strong>\u00a0\u00a0 1-2 \u00a0 (2-4 t.a.b.)<br \/>\nAllemagne &#8211; Italie\u00a0\u00a0 2-1\u00a0\u00a0 (1-2)<\/p>\n<p><img loading=\"lazy\" src=\"http:\/\/dataminingsoccer.com\/fr\/wp-content\/uploads\/sites\/6\/Coupe-Euro-2012-Pologne-Ukraine-Football-Resultats-Prediction-m.png\" alt=\"Coupe-Euro-2012-Pologne-Ukraine-Football-Resultats-Prediction\" width=\"42\" height=\"49\" \/>\u00a0\u00a0\u00a0\u00a0 \u00a0\u00a0\u00a0\u00a0 \u00a0\u00a0\u00a0\u00a0  \u00a0 \u00a0  \u00a0 \u00a0  \u00a0 \u00a0  \u00a0 \u00a0 <\/p>\n<p><strong>Finale du championnat d&rsquo;Europe 2012:<\/strong><\/p>\n<p>Espagne &#8211; Italie\u00a0\u00a0 0-2\u00a0\u00a0 (4-0)<\/p>\n<p><img loading=\"lazy\" src=\"http:\/\/dataminingsoccer.com\/fr\/wp-content\/uploads\/sites\/6\/Coupe-Euro-2012-Pologne-Ukraine-Football-Resultats-Prediction-m.png\" alt=\"Coupe-Euro-2012-Pologne-Ukraine-Football-Resultats-Prediction\" width=\"42\" height=\"49\" \/>\u00a0\u00a0\u00a0\u00a0 \u00a0\u00a0\u00a0\u00a0 \u00a0\u00a0\u00a0\u00a0  \u00a0 \u00a0  \u00a0 \u00a0  \u00a0 \u00a0  \u00a0 \u00a0 <\/p>\n<p><a title=\"Championnat d\u2019Europe 2012\" href=\"http:\/\/dataminingsoccer.com\/fr\/coupe-du-monde-et-coupe-d-europe\/championnat-d-europe-2012\/\"><img loading=\"lazy\" class=\"alignnone size-full wp-image-1072\" src=\"http:\/\/dataminingsoccer.com\/fr\/wp-content\/uploads\/sites\/6\/Data-Mining-Soccer-haut-de-page-m.png\" alt=\"Data-Mining-Soccer-haut-de-page\" width=\"50\" height=\"50\" \/><\/a>\u00a0\u00a0\u00a0\u00a0 <a href=\"http:\/\/dataminingsoccer.com\/fr\/\"><img loading=\"lazy\" class=\"alignnone size-full wp-image-1070\" src=\"http:\/\/dataminingsoccer.com\/fr\/wp-content\/uploads\/sites\/6\/Data-Mining-Soccer-football-resultat-pronostics-m.png\" alt=\"Data-Mining-Soccer-football-resultat-pronostics\" width=\"50\" height=\"50\" \/><\/a>\u00a0\u00a0\u00a0\u00a0 <a title=\"DataMiningSoccer (fran\u00e7ais) @Twitter\" href=\"http:\/\/twitter.com\/DataMinSoccerFR\" target=\"_blank\"><img loading=\"lazy\" class=\"alignnone size-full wp-image-1473\" src=\"http:\/\/dataminingsoccer.com\/fr\/wp-content\/uploads\/sites\/6\/Twitter-Data-Mining-Soccer.png\" alt=\"Twitter-Data-Mining-Soccer\" width=\"50\" height=\"50\" \/><\/a>\u00a0\u00a0\u00a0\u00a0 <a title=\"DataMiningSoccer (anglais) @Facebook\" href=\"http:\/\/www.facebook.com\/dataminingsoccer\" target=\"_blank\"><img loading=\"lazy\" class=\"alignnone size-full wp-image-1469\" src=\"http:\/\/dataminingsoccer.com\/fr\/wp-content\/uploads\/sites\/6\/Facebook-Data-Mining-Soccer.png\" alt=\"Facebook-Data-Mining-Soccer\" width=\"50\" height=\"50\" \/><\/a><\/p>\n","protected":false},"excerpt":{"rendered":"<p>R\u00e9sultats de Football: Pronostics utilisant Data Mining\u00a0\u00a0\u00a0\u00a0 \u00a0\u00a0\u00a0\u00a0 \u00a0\u00a0\u00a0\u00a0 \u00a0 \u00a0 \u00a0 \u00a0 \u00a0 \u00a0 \u00a0 \u00a0 Avec le Championnat d&rsquo;Europe 2012 en Pologne et en Ukraine, nous avons repris nos pr\u00e9visions d&rsquo;infodivertissement pour les r\u00e9sultats de football apr\u00e8s le grand int\u00e9r\u00eat dans nos pr\u00e9visions pour la Coupe du Monde 2010 en Afrique du Sud. &hellip; <a href=\"http:\/\/dataminingsoccer.com\/fr\/coupe-du-monde-et-coupe-d-europe\/pronostics\/championnat-d-europe-2012\/\" class=\"more-link\">Continuer la lecture de <span class=\"screen-reader-text\">Championnat d&rsquo;Europe 2012<\/span> <span class=\"meta-nav\">&rarr;<\/span><\/a><\/p>\n","protected":false},"author":7,"featured_media":0,"parent":2674,"menu_order":99,"comment_status":"closed","ping_status":"closed","template":"","meta":[],"yoast_head":"<!-- This site is optimized with the Yoast SEO plugin v14.8 - https:\/\/yoast.com\/wordpress\/plugins\/seo\/ -->\n<meta name=\"description\" content=\"Pronostics de r\u00e9sultats pour la Coupe Euro 2012 de football en Pologne et Ukraine. Pr\u00e9dictions bas\u00e9es sur l&#039;analyse statistique en utilisant le data mining.\" \/>\n<meta name=\"robots\" content=\"index, follow\" \/>\n<meta name=\"googlebot\" content=\"index, follow, max-snippet:-1, max-image-preview:large, max-video-preview:-1\" \/>\n<meta name=\"bingbot\" content=\"index, follow, max-snippet:-1, max-image-preview:large, max-video-preview:-1\" \/>\n<link rel=\"canonical\" href=\"http:\/\/dataminingsoccer.com\/fr\/coupe-du-monde-et-coupe-d-europe\/pronostics\/championnat-d-europe-2012\/\" \/>\n<script type=\"application\/ld+json\" class=\"yoast-schema-graph\">{\"@context\":\"https:\/\/schema.org\",\"@graph\":[{\"@type\":\"WebSite\",\"@id\":\"http:\/\/dataminingsoccer.com\/fr\/#website\",\"url\":\"http:\/\/dataminingsoccer.com\/fr\/\",\"name\":\"Pronostics de R\\u00e9sultats de Football\",\"description\":\"bas\\u00e9 sur des analyses statistiques utilisant data mining.. Nous aimons le football!     Nous aimons les jeux de nombre!\",\"potentialAction\":[{\"@type\":\"SearchAction\",\"target\":\"http:\/\/dataminingsoccer.com\/fr\/?s={search_term_string}\",\"query-input\":\"required name=search_term_string\"}],\"inLanguage\":\"fr-FR\"},{\"@type\":\"ImageObject\",\"@id\":\"http:\/\/dataminingsoccer.com\/fr\/coupe-du-monde-et-coupe-d-europe\/pronostics\/championnat-d-europe-2012\/#primaryimage\",\"inLanguage\":\"fr-FR\",\"url\":\"http:\/\/dataminingsoccer.com\/fr\/wp-content\/uploads\/sites\/6\/Coupe-Euro-2012-Pologne-Ukraine-Football-Resultats-Prediction-m.png\",\"width\":42,\"height\":49,\"caption\":\"Coupe-Euro-2012-Pologne-Ukraine-Football-Resultats-Prediction\"},{\"@type\":\"WebPage\",\"@id\":\"http:\/\/dataminingsoccer.com\/fr\/coupe-du-monde-et-coupe-d-europe\/pronostics\/championnat-d-europe-2012\/#webpage\",\"url\":\"http:\/\/dataminingsoccer.com\/fr\/coupe-du-monde-et-coupe-d-europe\/pronostics\/championnat-d-europe-2012\/\",\"name\":\"Championnat d'Europe 2012 - Pronostics de R\\u00e9sultats de Football\",\"isPartOf\":{\"@id\":\"http:\/\/dataminingsoccer.com\/fr\/#website\"},\"primaryImageOfPage\":{\"@id\":\"http:\/\/dataminingsoccer.com\/fr\/coupe-du-monde-et-coupe-d-europe\/pronostics\/championnat-d-europe-2012\/#primaryimage\"},\"datePublished\":\"2013-09-12T01:06:59+00:00\",\"dateModified\":\"2014-09-02T21:00:42+00:00\",\"description\":\"Pronostics de r\\u00e9sultats pour la Coupe Euro 2012 de football en Pologne et Ukraine. Pr\\u00e9dictions bas\\u00e9es sur l'analyse statistique en utilisant le data mining.\",\"inLanguage\":\"fr-FR\",\"potentialAction\":[{\"@type\":\"ReadAction\",\"target\":[\"http:\/\/dataminingsoccer.com\/fr\/coupe-du-monde-et-coupe-d-europe\/pronostics\/championnat-d-europe-2012\/\"]}]}]}<\/script>\n<!-- \/ Yoast SEO plugin. -->","_links":{"self":[{"href":"http:\/\/dataminingsoccer.com\/fr\/wp-json\/wp\/v2\/pages\/28"}],"collection":[{"href":"http:\/\/dataminingsoccer.com\/fr\/wp-json\/wp\/v2\/pages"}],"about":[{"href":"http:\/\/dataminingsoccer.com\/fr\/wp-json\/wp\/v2\/types\/page"}],"author":[{"embeddable":true,"href":"http:\/\/dataminingsoccer.com\/fr\/wp-json\/wp\/v2\/users\/7"}],"replies":[{"embeddable":true,"href":"http:\/\/dataminingsoccer.com\/fr\/wp-json\/wp\/v2\/comments?post=28"}],"version-history":[{"count":19,"href":"http:\/\/dataminingsoccer.com\/fr\/wp-json\/wp\/v2\/pages\/28\/revisions"}],"predecessor-version":[{"id":1645,"href":"http:\/\/dataminingsoccer.com\/fr\/wp-json\/wp\/v2\/pages\/28\/revisions\/1645"}],"up":[{"embeddable":true,"href":"http:\/\/dataminingsoccer.com\/fr\/wp-json\/wp\/v2\/pages\/2674"}],"wp:attachment":[{"href":"http:\/\/dataminingsoccer.com\/fr\/wp-json\/wp\/v2\/media?parent=28"}],"curies":[{"name":"wp","href":"https:\/\/api.w.org\/{rel}","templated":true}]}}