{"id":2752,"date":"2014-09-19T17:33:59","date_gmt":"2014-09-19T15:33:59","guid":{"rendered":"http:\/\/dataminingsoccer.com\/fr\/?page_id=2752"},"modified":"2015-06-25T16:46:14","modified_gmt":"2015-06-25T14:46:14","slug":"pronostics","status":"publish","type":"page","link":"http:\/\/dataminingsoccer.com\/fr\/ligue-des-champions-et-ligue-europa\/pronostics\/","title":{"rendered":"Pronostics"},"content":{"rendered":"<h2>R\u00e9sultats de Football: Pronostics utilisant Data Mining<\/h2><p style=\"text-align: justify;\"><img loading=\"lazy\" class=\"alignnone size-full wp-image-180\" src=\"http:\/\/dataminingsoccer.com\/fr\/wp-content\/uploads\/sites\/6\/Ligue-Champions-Football-Resultats-Prediction-m.png\" alt=\"Ligue-Champions-Football-Resultats-Prediction\" width=\"52\" height=\"50\" \/>\u00a0\u00a0\u00a0\u00a0 <img loading=\"lazy\" class=\"alignnone size-full wp-image-182\" src=\"http:\/\/dataminingsoccer.com\/fr\/wp-content\/uploads\/sites\/6\/Ligue-Europa-Football-Resultats-Prediction-m.png\" alt=\"Ligue-Europa-Football-Resultats-Prediction\" width=\"38\" height=\"50\" \/>\u00a0\u00a0\u00a0\u00a0 <img loading=\"lazy\" class=\"alignnone size-full wp-image-924\" src=\"http:\/\/dataminingsoccer.com\/fr\/wp-content\/uploads\/sites\/6\/FIFA-Coupe-du-Monde-m.png\" alt=\"FIFA-Coupe-du-Monde\" width=\"39\" height=\"50\" \/><\/p>\n<p style=\"text-align: justify;\">Europe: Pour une comp\u00e9tition et une saison de ton choix, tu trouves ici tous les matches pr\u00e9vus par nous, ainsi que les r\u00e9sultats r\u00e9els correspondants.<\/p>\n<p style=\"text-align: justify;\">Tu peux acc\u00e9der \u00e0 cette page avec\u00a0les pr\u00e9visions et les r\u00e9sultats r\u00e9els soit dans la barre de menu au-dessus par <strong>&gt; LC &amp; LE &gt; <strong>pronostics<\/strong> &gt; comp\u00e9tition &amp; saison<\/strong> de ton choix, soit \u200b\u200bpar le menu d\u00e9roulant \u2018<strong>nos pronostics pour\u2026<\/strong>\u2018 sur la droite, soit en cliquant simplement sur un des liens suivants:<\/p>\n<p style=\"text-align: justify;\"><img loading=\"lazy\" class=\"alignnone size-full wp-image-181\" src=\"http:\/\/dataminingsoccer.com\/fr\/wp-content\/uploads\/sites\/6\/Ligue-Champions-Football-Resultats-Prediction-s.png\" alt=\"Ligue-Champions-Football-Resultats-Prediction\" width=\"27\" height=\"25\" \/>\u00a0\u00a0 <a title=\"Ligue des Champions 2014\/15\" href=\"http:\/\/dataminingsoccer.com\/fr\/ligue-des-champions-et-ligue-europa\/pronostics\/ligue-des-champions-2015-2016\/\">[Ligue des Champions 2015\/16]<\/a><br \/>\n<img loading=\"lazy\" class=\"alignnone size-full wp-image-183\" src=\"http:\/\/dataminingsoccer.com\/fr\/wp-content\/uploads\/sites\/6\/Ligue-Europa-Football-Resultats-Prediction-s.png\" alt=\"Ligue-Europa-Football-Resultats-Prediction\" width=\"26\" height=\"25\" \/>\u00a0\u00a0 <a title=\"Ligue Europa 2014\/15\" href=\"http:\/\/dataminingsoccer.com\/fr\/ligue-des-champions-et-ligue-europa\/pronostics\/ligue-europa-2015-2016\/\">[Ligue Europa 2015\/16]<br \/>\n<\/a><img loading=\"lazy\" class=\"alignnone size-full wp-image-181\" src=\"http:\/\/dataminingsoccer.com\/fr\/wp-content\/uploads\/sites\/6\/Ligue-Champions-Football-Resultats-Prediction-s.png\" alt=\"Ligue-Champions-Football-Resultats-Prediction\" width=\"27\" height=\"25\" \/>\u00a0\u00a0 <a title=\"Ligue des Champions 2014\/15\" href=\"http:\/\/dataminingsoccer.com\/fr\/ligue-des-champions-et-ligue-europa\/pronostics\/ligue-des-champions-2014-15\/\">[Ligue des Champions 2014\/15]<\/a><a title=\"Ligue Europa 2014\/15\" href=\"http:\/\/dataminingsoccer.com\/fr\/ligue-des-champions-et-ligue-europa\/pronostics\/ligue-europa-2014-15\/\"><br \/>\n<\/a><img loading=\"lazy\" class=\"alignnone size-full wp-image-183\" src=\"http:\/\/dataminingsoccer.com\/fr\/wp-content\/uploads\/sites\/6\/Ligue-Europa-Football-Resultats-Prediction-s.png\" alt=\"Ligue-Europa-Football-Resultats-Prediction\" width=\"26\" height=\"25\" \/>\u00a0\u00a0 <a title=\"Ligue Europa 2014\/15\" href=\"http:\/\/dataminingsoccer.com\/fr\/ligue-des-champions-et-ligue-europa\/pronostics\/ligue-europa-2014-15\/\">[Ligue Europa 2014\/15]<\/a><br \/>\n<img loading=\"lazy\" class=\"alignnone size-full wp-image-2750\" src=\"http:\/\/dataminingsoccer.com\/fr\/wp-content\/uploads\/sites\/6\/FIFA-Coupe-du-Monde-s.png\" alt=\"FIFA-Coupe-du-Monde\" width=\"19\" height=\"25\" \/>\u00a0\u00a0\u00a0\u00a0 <a title=\"Coupe du Monde des Clubs 2013\" href=\"http:\/\/dataminingsoccer.com\/fr\/ligue-des-champions-et-ligue-europa\/pronostics\/coupe-du-monde-clubs-2013\/\">[Coupe du Monde des Clubs 2013]<\/a><\/p>\n<p style=\"text-align: justify;\">Comme un indicateur statistique suppl\u00e9mentaire, nous affichons toujours l&rsquo;un de nos facteurs de confiance statistique (DMSC\u2122 ou DMSU\u2122) pour chaque match pr\u00e9dit par nous en Europe.<\/p>\n<p style=\"text-align: justify;\"><img loading=\"lazy\" class=\"alignnone size-full wp-image-180\" src=\"http:\/\/dataminingsoccer.com\/fr\/wp-content\/uploads\/sites\/6\/Ligue-Champions-Football-Resultats-Prediction-m.png\" alt=\"Ligue-Champions-Football-Resultats-Prediction\" width=\"52\" height=\"50\" \/>\u00a0\u00a0\u00a0\u00a0 <img loading=\"lazy\" class=\"alignnone size-full wp-image-182\" src=\"http:\/\/dataminingsoccer.com\/fr\/wp-content\/uploads\/sites\/6\/Ligue-Europa-Football-Resultats-Prediction-m.png\" alt=\"Ligue-Europa-Football-Resultats-Prediction\" width=\"38\" height=\"50\" \/>\u00a0\u00a0\u00a0\u00a0 <img loading=\"lazy\" class=\"alignnone size-full wp-image-924\" src=\"http:\/\/dataminingsoccer.com\/fr\/wp-content\/uploads\/sites\/6\/FIFA-Coupe-du-Monde-m.png\" alt=\"FIFA-Coupe-du-Monde\" width=\"39\" height=\"50\" \/><\/p>\n","protected":false},"excerpt":{"rendered":"<p>R\u00e9sultats de Football: Pronostics utilisant Data Mining\u00a0\u00a0\u00a0\u00a0 \u00a0\u00a0\u00a0\u00a0 Europe: Pour une comp\u00e9tition et une saison de ton choix, tu trouves ici tous les matches pr\u00e9vus par nous, ainsi que les r\u00e9sultats r\u00e9els correspondants. Tu peux acc\u00e9der \u00e0 cette page avec\u00a0les pr\u00e9visions et les r\u00e9sultats r\u00e9els soit dans la barre de menu au-dessus par &gt; LC &hellip; <a href=\"http:\/\/dataminingsoccer.com\/fr\/ligue-des-champions-et-ligue-europa\/pronostics\/\" class=\"more-link\">Continuer la lecture de <span class=\"screen-reader-text\">Pronostics<\/span> <span class=\"meta-nav\">&rarr;<\/span><\/a><\/p>\n","protected":false},"author":7,"featured_media":0,"parent":32,"menu_order":10,"comment_status":"closed","ping_status":"closed","template":"","meta":[],"yoast_head":"<!-- This site is optimized with the Yoast SEO plugin v14.8 - https:\/\/yoast.com\/wordpress\/plugins\/seo\/ -->\n<meta name=\"description\" content=\"Pr\u00e9diction de r\u00e9sultats de football de la Ligue des Champions et la Ligue Europa bas\u00e9 sur les analyses statistiques utilisant un logiciel data mining.\" \/>\n<meta name=\"robots\" content=\"index, follow\" \/>\n<meta name=\"googlebot\" content=\"index, follow, max-snippet:-1, max-image-preview:large, max-video-preview:-1\" \/>\n<meta name=\"bingbot\" content=\"index, follow, max-snippet:-1, max-image-preview:large, max-video-preview:-1\" \/>\n<link rel=\"canonical\" href=\"http:\/\/dataminingsoccer.com\/fr\/ligue-des-champions-et-ligue-europa\/pronostics\/\" \/>\n<script type=\"application\/ld+json\" class=\"yoast-schema-graph\">{\"@context\":\"https:\/\/schema.org\",\"@graph\":[{\"@type\":\"WebSite\",\"@id\":\"http:\/\/dataminingsoccer.com\/fr\/#website\",\"url\":\"http:\/\/dataminingsoccer.com\/fr\/\",\"name\":\"Pronostics de R\\u00e9sultats de Football\",\"description\":\"bas\\u00e9 sur des analyses statistiques utilisant data mining.. Nous aimons le football!     Nous aimons les jeux de nombre!\",\"potentialAction\":[{\"@type\":\"SearchAction\",\"target\":\"http:\/\/dataminingsoccer.com\/fr\/?s={search_term_string}\",\"query-input\":\"required name=search_term_string\"}],\"inLanguage\":\"fr-FR\"},{\"@type\":\"ImageObject\",\"@id\":\"http:\/\/dataminingsoccer.com\/fr\/ligue-des-champions-et-ligue-europa\/pronostics\/#primaryimage\",\"inLanguage\":\"fr-FR\",\"url\":\"http:\/\/dataminingsoccer.com\/fr\/wp-content\/uploads\/sites\/6\/Ligue-Champions-Football-Resultats-Prediction-m.png\",\"width\":52,\"height\":50,\"caption\":\"Ligue-Champions-Football-Resultats-Prediction\"},{\"@type\":\"WebPage\",\"@id\":\"http:\/\/dataminingsoccer.com\/fr\/ligue-des-champions-et-ligue-europa\/pronostics\/#webpage\",\"url\":\"http:\/\/dataminingsoccer.com\/fr\/ligue-des-champions-et-ligue-europa\/pronostics\/\",\"name\":\"Pronostics - Pronostics de R\\u00e9sultats de Football\",\"isPartOf\":{\"@id\":\"http:\/\/dataminingsoccer.com\/fr\/#website\"},\"primaryImageOfPage\":{\"@id\":\"http:\/\/dataminingsoccer.com\/fr\/ligue-des-champions-et-ligue-europa\/pronostics\/#primaryimage\"},\"datePublished\":\"2014-09-19T15:33:59+00:00\",\"dateModified\":\"2015-06-25T14:46:14+00:00\",\"description\":\"Pr\\u00e9diction de r\\u00e9sultats de football de la Ligue des Champions et la Ligue Europa bas\\u00e9 sur les analyses statistiques utilisant un logiciel data mining.\",\"inLanguage\":\"fr-FR\",\"potentialAction\":[{\"@type\":\"ReadAction\",\"target\":[\"http:\/\/dataminingsoccer.com\/fr\/ligue-des-champions-et-ligue-europa\/pronostics\/\"]}]}]}<\/script>\n<!-- \/ Yoast SEO plugin. -->","_links":{"self":[{"href":"http:\/\/dataminingsoccer.com\/fr\/wp-json\/wp\/v2\/pages\/2752"}],"collection":[{"href":"http:\/\/dataminingsoccer.com\/fr\/wp-json\/wp\/v2\/pages"}],"about":[{"href":"http:\/\/dataminingsoccer.com\/fr\/wp-json\/wp\/v2\/types\/page"}],"author":[{"embeddable":true,"href":"http:\/\/dataminingsoccer.com\/fr\/wp-json\/wp\/v2\/users\/7"}],"replies":[{"embeddable":true,"href":"http:\/\/dataminingsoccer.com\/fr\/wp-json\/wp\/v2\/comments?post=2752"}],"version-history":[{"count":6,"href":"http:\/\/dataminingsoccer.com\/fr\/wp-json\/wp\/v2\/pages\/2752\/revisions"}],"predecessor-version":[{"id":3081,"href":"http:\/\/dataminingsoccer.com\/fr\/wp-json\/wp\/v2\/pages\/2752\/revisions\/3081"}],"up":[{"embeddable":true,"href":"http:\/\/dataminingsoccer.com\/fr\/wp-json\/wp\/v2\/pages\/32"}],"wp:attachment":[{"href":"http:\/\/dataminingsoccer.com\/fr\/wp-json\/wp\/v2\/media?parent=2752"}],"curies":[{"name":"wp","href":"https:\/\/api.w.org\/{rel}","templated":true}]}}