{"id":2691,"date":"2014-09-03T23:48:04","date_gmt":"2014-09-03T21:48:04","guid":{"rendered":"http:\/\/dataminingsoccer.com\/fr\/?page_id=2691"},"modified":"2014-09-03T23:51:46","modified_gmt":"2014-09-03T21:51:46","slug":"championnat-du-monde-2014","status":"publish","type":"page","link":"http:\/\/dataminingsoccer.com\/fr\/coupe-du-monde-et-coupe-d-europe\/statistiques-equipe\/championnat-du-monde-2014\/","title":{"rendered":"Championnat du Monde 2014"},"content":{"rendered":"<h2>Statistiques par \u00c9quipe<\/h2><p style=\"text-align: justify;\"><img loading=\"lazy\" class=\"alignnone size-full wp-image-174\" src=\"http:\/\/dataminingsoccer.com\/fr\/wp-content\/uploads\/sites\/6\/Coupe-Monde-2014-Bresil-Football-Resultats-Prediction-m.png\" alt=\"Coupe-Monde-2014-Bresil-Football-Resultats-Prediction\" width=\"42\" height=\"50\" \/><\/p>\n<p style=\"text-align: justify;\">L\u2019Allemagne est le Champion du Monde en 2014? Officiellement oui. Pourtant, nous avons calcul\u00e9 pour vous la fa\u00e7on dont les \u00e9quipes ont fait \u00e0 l\u2019\u00e9gard de leur potentiel (statistique). Le r\u00e9sultat est un classement int\u00e9ressant \u2013 pas seulement en ce qui concerne le Champion du Monde alternatif, les \u00abTicos\u00bb du Costa Rica!<span id=\"more-1910\"><\/span><\/p>\n<p style=\"text-align: justify;\">1.\u00a0\u00a0 <img loading=\"lazy\" class=\"alignnone size-full wp-image-1833\" src=\"http:\/\/dataminingsoccer.com\/fr\/wp-content\/uploads\/sites\/6\/CRC-s.png\" alt=\"#CRC\" width=\"23\" height=\"15\" \/>\u00a0\u00a0 Costa Rica<br \/>\n2.\u00a0\u00a0 <img loading=\"lazy\" class=\"alignnone size-full wp-image-1829\" src=\"http:\/\/dataminingsoccer.com\/fr\/wp-content\/uploads\/sites\/6\/CHI-s.png\" alt=\"#CHI\" width=\"23\" height=\"15\" \/>\u00a0\u00a0 Chili<br \/>\n3.\u00a0\u00a0 <img loading=\"lazy\" class=\"alignnone size-full wp-image-1848\" src=\"http:\/\/dataminingsoccer.com\/fr\/wp-content\/uploads\/sites\/6\/NED-s.png\" alt=\"#NED\" width=\"23\" height=\"15\" \/> \u00a0 Pays-Bas<br \/>\n4.\u00a0\u00a0 <img loading=\"lazy\" class=\"alignnone size-full wp-image-1832\" src=\"http:\/\/dataminingsoccer.com\/fr\/wp-content\/uploads\/sites\/6\/COL-s.png\" alt=\"#COL\" width=\"23\" height=\"15\" \/> \u00a0 Colombie<br \/>\n5.\u00a0\u00a0 <img loading=\"lazy\" class=\"alignnone size-full wp-image-1854\" src=\"http:\/\/dataminingsoccer.com\/fr\/wp-content\/uploads\/sites\/6\/USA-s.png\" alt=\"#USA\" width=\"23\" height=\"15\" \/>\u00a0\u00a0 USA<br \/>\n6.\u00a0\u00a0 <img loading=\"lazy\" class=\"alignnone size-full wp-image-1838\" src=\"http:\/\/dataminingsoccer.com\/fr\/wp-content\/uploads\/sites\/6\/FRA-s.png\" alt=\"#FRA\" width=\"23\" height=\"15\" \/>\u00a0\u00a0 France<br \/>\n7.\u00a0\u00a0 <img loading=\"lazy\" class=\"alignnone size-full wp-image-1849\" src=\"http:\/\/dataminingsoccer.com\/fr\/wp-content\/uploads\/sites\/6\/NGA-s.png\" alt=\"#NGA\" width=\"23\" height=\"15\" \/>\u00a0\u00a0 Nigeria<br \/>\n8.\u00a0\u00a0 <img loading=\"lazy\" class=\"alignnone size-full wp-image-1830\" src=\"http:\/\/dataminingsoccer.com\/fr\/wp-content\/uploads\/sites\/6\/CIV-s.png\" alt=\"#CIV\" width=\"23\" height=\"15\" \/>\u00a0\u00a0 C\u00f4te-d\u2019Ivoire<br \/>\n9.\u00a0\u00a0 <img loading=\"lazy\" class=\"alignnone size-full wp-image-1835\" src=\"http:\/\/dataminingsoccer.com\/fr\/wp-content\/uploads\/sites\/6\/ECU-s.png\" alt=\"#ECU\" width=\"23\" height=\"15\" \/>\u00a0\u00a0 \u00c9quateur\u00c9quateur<br \/>\n10.\u00a0\u00a0 <img loading=\"lazy\" class=\"alignnone size-full wp-image-1853\" src=\"http:\/\/dataminingsoccer.com\/fr\/wp-content\/uploads\/sites\/6\/URU-s.png\" alt=\"#URU\" width=\"23\" height=\"15\" \/>\u00a0\u00a0 Uruguay<br \/>\n11.\u00a0\u00a0\u00a0<img loading=\"lazy\" class=\"alignnone size-full wp-image-1839\" src=\"http:\/\/dataminingsoccer.com\/fr\/wp-content\/uploads\/sites\/6\/GER-s.png\" alt=\"#GER\" width=\"23\" height=\"15\" \/>\u00a0\u00a0 Allemagne<br \/>\n12.\u00a0\u00a0 <img loading=\"lazy\" class=\"alignnone size-full wp-image-1847\" src=\"http:\/\/dataminingsoccer.com\/fr\/wp-content\/uploads\/sites\/6\/MEX-s.png\" alt=\"#MEX\" width=\"23\" height=\"15\" \/> \u00a0 Mexique<br \/>\n13.\u00a0\u00a0 <img loading=\"lazy\" class=\"alignnone size-full wp-image-1823\" src=\"http:\/\/dataminingsoccer.com\/fr\/wp-content\/uploads\/sites\/6\/ALG-s.png\" alt=\"#ALG\" width=\"23\" height=\"15\" \/> \u00a0 Alg\u00e9rie<br \/>\n14.\u00a0\u00a0 <img loading=\"lazy\" class=\"alignnone size-full wp-image-1834\" src=\"http:\/\/dataminingsoccer.com\/fr\/wp-content\/uploads\/sites\/6\/CRO-s.png\" alt=\"#CRO\" width=\"23\" height=\"15\" \/>\u00a0\u00a0 Croatie<br \/>\n15.\u00a0\u00a0 <img loading=\"lazy\" class=\"alignnone size-full wp-image-1843\" src=\"http:\/\/dataminingsoccer.com\/fr\/wp-content\/uploads\/sites\/6\/IRN-s.png\" alt=\"#IRN\" width=\"23\" height=\"15\" \/>\u00a0\u00a0 Iran<br \/>\n16.\u00a0\u00a0 <img loading=\"lazy\" class=\"alignnone size-full wp-image-1825\" src=\"http:\/\/dataminingsoccer.com\/fr\/wp-content\/uploads\/sites\/6\/AUS-s.png\" alt=\"#AUS\" width=\"23\" height=\"15\" \/>\u00a0\u00a0 Australie<br \/>\n17.\u00a0\u00a0 <img loading=\"lazy\" class=\"alignnone size-full wp-image-1826\" src=\"http:\/\/dataminingsoccer.com\/fr\/wp-content\/uploads\/sites\/6\/BEL-s.png\" alt=\"#BEL\" width=\"23\" height=\"15\" \/> \u00a0 Belgique<br \/>\n18.\u00a0\u00a0 <img loading=\"lazy\" class=\"alignnone size-full wp-image-1840\" src=\"http:\/\/dataminingsoccer.com\/fr\/wp-content\/uploads\/sites\/6\/GHA-s.png\" alt=\"#GHA\" width=\"23\" height=\"15\" \/>\u00a0\u00a0 Ghana<br \/>\n19.\u00a0\u00a0 <img loading=\"lazy\" class=\"alignnone size-full wp-image-1841\" src=\"http:\/\/dataminingsoccer.com\/fr\/wp-content\/uploads\/sites\/6\/GRE-s.png\" alt=\"#GRE\" width=\"23\" height=\"15\" \/>\u00a0\u00a0 Gr\u00e8ce<br \/>\n20.\u00a0\u00a0 <img loading=\"lazy\" class=\"alignnone size-full wp-image-1824\" src=\"http:\/\/dataminingsoccer.com\/fr\/wp-content\/uploads\/sites\/6\/ARG-s.png\" alt=\"#ARG\" width=\"23\" height=\"15\" \/> \u00a0 Argentine<br \/>\n21.\u00a0\u00a0 <img loading=\"lazy\" class=\"alignnone size-full wp-image-1846\" src=\"http:\/\/dataminingsoccer.com\/fr\/wp-content\/uploads\/sites\/6\/KOR-s.png\" alt=\"#KOR\" width=\"23\" height=\"15\" \/>\u00a0\u00a0 Cor\u00e9e du Sud<br \/>\n22.\u00a0\u00a0 <img loading=\"lazy\" class=\"alignnone size-full wp-image-1851\" src=\"http:\/\/dataminingsoccer.com\/fr\/wp-content\/uploads\/sites\/6\/RUS-s.png\" alt=\"#RUS\" width=\"23\" height=\"15\" \/>\u00a0\u00a0 Russie<br \/>\n23.\u00a0\u00a0 <img loading=\"lazy\" class=\"alignnone size-full wp-image-1842\" src=\"http:\/\/dataminingsoccer.com\/fr\/wp-content\/uploads\/sites\/6\/HON-s.png\" alt=\"#HON\" width=\"23\" height=\"15\" \/>\u00a0\u00a0 Honduras<br \/>\n24.\u00a0\u00a0 <img loading=\"lazy\" class=\"alignnone size-full wp-image-1831\" src=\"http:\/\/dataminingsoccer.com\/fr\/wp-content\/uploads\/sites\/6\/CMR-s.png\" alt=\"#CMR\" width=\"23\" height=\"15\" \/>\u00a0\u00a0 Cameroun<br \/>\n25.\u00a0\u00a0 <img loading=\"lazy\" class=\"alignnone size-full wp-image-1827\" src=\"http:\/\/dataminingsoccer.com\/fr\/wp-content\/uploads\/sites\/6\/BIH-s.png\" alt=\"#BIH\" width=\"23\" height=\"15\" \/>\u00a0\u00a0 Bosnie-Herz\u00e9govine<br \/>\n26.\u00a0\u00a0 <img loading=\"lazy\" class=\"alignnone size-full wp-image-1850\" src=\"http:\/\/dataminingsoccer.com\/fr\/wp-content\/uploads\/sites\/6\/POR-s.png\" alt=\"#POR\" width=\"23\" height=\"15\" \/>\u00a0\u00a0 Portugal<br \/>\n27.\u00a0\u00a0 <img loading=\"lazy\" class=\"alignnone size-full wp-image-1852\" src=\"http:\/\/dataminingsoccer.com\/fr\/wp-content\/uploads\/sites\/6\/SUI-s.png\" alt=\"#SUI\" width=\"23\" height=\"15\" \/> \u00a0 Suisse<br \/>\n28.\u00a0\u00a0 <img loading=\"lazy\" class=\"alignnone size-full wp-image-1844\" src=\"http:\/\/dataminingsoccer.com\/fr\/wp-content\/uploads\/sites\/6\/ITA-s.png\" alt=\"#ITA\" width=\"23\" height=\"15\" \/>\u00a0\u00a0 Italie<br \/>\n29.\u00a0\u00a0 <img loading=\"lazy\" class=\"alignnone size-full wp-image-1828\" src=\"http:\/\/dataminingsoccer.com\/fr\/wp-content\/uploads\/sites\/6\/BRA-s.png\" alt=\"#BRA\" width=\"23\" height=\"15\" \/> \u00a0 Br\u00e9sil<br \/>\n30.\u00a0\u00a0 <img loading=\"lazy\" class=\"alignnone size-full wp-image-1845\" src=\"http:\/\/dataminingsoccer.com\/fr\/wp-content\/uploads\/sites\/6\/JPN-s.png\" alt=\"#JPN\" width=\"23\" height=\"15\" \/>\u00a0\u00a0 Japon<br \/>\n31.\u00a0\u00a0\u00a0<img loading=\"lazy\" class=\"alignnone size-full wp-image-1836\" src=\"http:\/\/dataminingsoccer.com\/fr\/wp-content\/uploads\/sites\/6\/ENG-s.png\" alt=\"#ENG\" width=\"23\" height=\"15\" \/>\u00a0\u00a0 Angleterre<br \/>\n32.\u00a0\u00a0 <img loading=\"lazy\" class=\"alignnone size-full wp-image-1837\" src=\"http:\/\/dataminingsoccer.com\/fr\/wp-content\/uploads\/sites\/6\/ESP-s.png\" alt=\"#ESP\" width=\"23\" height=\"15\" \/>\u00a0\u00a0 Espagne<\/p>\n<p style=\"text-align: justify;\">Bien s\u00fbr, il existent des m\u00e9thodes\u00a0diff\u00e9rentes pour cr\u00e9er la liste, cependant, l\u2019ordre approximatif des \u00e9quipes devrait \u00eatre similaire dans chaque cas.<\/p>\n<p style=\"text-align: justify;\"><img loading=\"lazy\" class=\"alignnone size-full wp-image-174\" src=\"http:\/\/dataminingsoccer.com\/fr\/wp-content\/uploads\/sites\/6\/Coupe-Monde-2014-Bresil-Football-Resultats-Prediction-m.png\" alt=\"Coupe-Monde-2014-Bresil-Football-Resultats-Prediction\" width=\"42\" height=\"50\" \/><\/p>\n","protected":false},"excerpt":{"rendered":"<p>Statistiques par \u00c9quipe L\u2019Allemagne est le Champion du Monde en 2014? Officiellement oui. Pourtant, nous avons calcul\u00e9 pour vous la fa\u00e7on dont les \u00e9quipes ont fait \u00e0 l\u2019\u00e9gard de leur potentiel (statistique). Le r\u00e9sultat est un classement int\u00e9ressant \u2013 pas seulement en ce qui concerne le Champion du Monde alternatif, les \u00abTicos\u00bb du Costa Rica! &hellip; <a href=\"http:\/\/dataminingsoccer.com\/fr\/coupe-du-monde-et-coupe-d-europe\/statistiques-equipe\/championnat-du-monde-2014\/\" class=\"more-link\">Continuer la lecture de <span class=\"screen-reader-text\">Championnat du Monde 2014<\/span> <span class=\"meta-nav\">&rarr;<\/span><\/a><\/p>\n","protected":false},"author":7,"featured_media":0,"parent":2684,"menu_order":98,"comment_status":"closed","ping_status":"closed","template":"","meta":[],"yoast_head":"<!-- This site is optimized with the Yoast SEO plugin v14.8 - https:\/\/yoast.com\/wordpress\/plugins\/seo\/ -->\n<meta name=\"description\" content=\"Pronostics de r\u00e9sultat pour la Championnat du Monde 2014: statistique par \u00e9quipe.\" \/>\n<meta name=\"robots\" content=\"index, follow\" \/>\n<meta name=\"googlebot\" content=\"index, follow, max-snippet:-1, max-image-preview:large, max-video-preview:-1\" \/>\n<meta name=\"bingbot\" content=\"index, follow, max-snippet:-1, max-image-preview:large, max-video-preview:-1\" \/>\n<link rel=\"canonical\" href=\"http:\/\/dataminingsoccer.com\/fr\/coupe-du-monde-et-coupe-d-europe\/statistiques-equipe\/championnat-du-monde-2014\/\" \/>\n<script type=\"application\/ld+json\" class=\"yoast-schema-graph\">{\"@context\":\"https:\/\/schema.org\",\"@graph\":[{\"@type\":\"WebSite\",\"@id\":\"http:\/\/dataminingsoccer.com\/fr\/#website\",\"url\":\"http:\/\/dataminingsoccer.com\/fr\/\",\"name\":\"Pronostics de R\\u00e9sultats de Football\",\"description\":\"bas\\u00e9 sur des analyses statistiques utilisant data mining.. Nous aimons le football!     Nous aimons les jeux de nombre!\",\"potentialAction\":[{\"@type\":\"SearchAction\",\"target\":\"http:\/\/dataminingsoccer.com\/fr\/?s={search_term_string}\",\"query-input\":\"required name=search_term_string\"}],\"inLanguage\":\"fr-FR\"},{\"@type\":\"ImageObject\",\"@id\":\"http:\/\/dataminingsoccer.com\/fr\/coupe-du-monde-et-coupe-d-europe\/statistiques-equipe\/championnat-du-monde-2014\/#primaryimage\",\"inLanguage\":\"fr-FR\",\"url\":\"http:\/\/dataminingsoccer.com\/fr\/wp-content\/uploads\/sites\/6\/Coupe-Monde-2014-Bresil-Football-Resultats-Prediction-m.png\",\"width\":42,\"height\":50,\"caption\":\"Coupe-Monde-2014-Bresil-Football-Resultats-Prediction\"},{\"@type\":\"WebPage\",\"@id\":\"http:\/\/dataminingsoccer.com\/fr\/coupe-du-monde-et-coupe-d-europe\/statistiques-equipe\/championnat-du-monde-2014\/#webpage\",\"url\":\"http:\/\/dataminingsoccer.com\/fr\/coupe-du-monde-et-coupe-d-europe\/statistiques-equipe\/championnat-du-monde-2014\/\",\"name\":\"Championnat du Monde 2014 - Pronostics de R\\u00e9sultats de Football\",\"isPartOf\":{\"@id\":\"http:\/\/dataminingsoccer.com\/fr\/#website\"},\"primaryImageOfPage\":{\"@id\":\"http:\/\/dataminingsoccer.com\/fr\/coupe-du-monde-et-coupe-d-europe\/statistiques-equipe\/championnat-du-monde-2014\/#primaryimage\"},\"datePublished\":\"2014-09-03T21:48:04+00:00\",\"dateModified\":\"2014-09-03T21:51:46+00:00\",\"description\":\"Pronostics de r\\u00e9sultat pour la Championnat du Monde 2014: statistique par \\u00e9quipe.\",\"inLanguage\":\"fr-FR\",\"potentialAction\":[{\"@type\":\"ReadAction\",\"target\":[\"http:\/\/dataminingsoccer.com\/fr\/coupe-du-monde-et-coupe-d-europe\/statistiques-equipe\/championnat-du-monde-2014\/\"]}]}]}<\/script>\n<!-- \/ Yoast SEO plugin. -->","_links":{"self":[{"href":"http:\/\/dataminingsoccer.com\/fr\/wp-json\/wp\/v2\/pages\/2691"}],"collection":[{"href":"http:\/\/dataminingsoccer.com\/fr\/wp-json\/wp\/v2\/pages"}],"about":[{"href":"http:\/\/dataminingsoccer.com\/fr\/wp-json\/wp\/v2\/types\/page"}],"author":[{"embeddable":true,"href":"http:\/\/dataminingsoccer.com\/fr\/wp-json\/wp\/v2\/users\/7"}],"replies":[{"embeddable":true,"href":"http:\/\/dataminingsoccer.com\/fr\/wp-json\/wp\/v2\/comments?post=2691"}],"version-history":[{"count":3,"href":"http:\/\/dataminingsoccer.com\/fr\/wp-json\/wp\/v2\/pages\/2691\/revisions"}],"predecessor-version":[{"id":2696,"href":"http:\/\/dataminingsoccer.com\/fr\/wp-json\/wp\/v2\/pages\/2691\/revisions\/2696"}],"up":[{"embeddable":true,"href":"http:\/\/dataminingsoccer.com\/fr\/wp-json\/wp\/v2\/pages\/2684"}],"wp:attachment":[{"href":"http:\/\/dataminingsoccer.com\/fr\/wp-json\/wp\/v2\/media?parent=2691"}],"curies":[{"name":"wp","href":"https:\/\/api.w.org\/{rel}","templated":true}]}}