{"id":2684,"date":"2014-09-03T18:00:17","date_gmt":"2014-09-03T16:00:17","guid":{"rendered":"http:\/\/dataminingsoccer.com\/fr\/?page_id=2684"},"modified":"2016-06-05T23:58:26","modified_gmt":"2016-06-05T21:58:26","slug":"statistiques-equipe","status":"publish","type":"page","link":"http:\/\/dataminingsoccer.com\/fr\/coupe-du-monde-et-coupe-d-europe\/statistiques-equipe\/","title":{"rendered":"Statistiques par \u00c9quipe"},"content":{"rendered":"<h2>Football Result Predictions using Data Mining<\/h2><p style=\"text-align: justify;\"><img loading=\"lazy\" class=\"alignnone size-full wp-image-1562\" src=\"http:\/\/dataminingsoccer.com\/fr\/wp-content\/uploads\/sites\/6\/Champion-Monde-Trophee-Coupe.jpg\" alt=\"Champion-Monde-Trophee-Coupe\" width=\"23\" height=\"50\" \/> \u00a0\u00a0<img loading=\"lazy\" class=\"alignnone size-full wp-image-1561\" src=\"http:\/\/dataminingsoccer.com\/fr\/wp-content\/uploads\/sites\/6\/Champion-Europe-Trophee-Coupe.jpg\" alt=\"Champion-Europe-Trophee-Coupe\" width=\"28\" height=\"50\" \/>\u00a0\u00a0\u00a0\u00a0 <img loading=\"lazy\" class=\"alignnone size-full wp-image-3219\" src=\"http:\/\/dataminingsoccer.com\/fr\/wp-content\/uploads\/sites\/6\/Copa-America-Coupe-m.png\" alt=\"Copa-America-Coupe\" width=\"22\" height=\"51\" \/><\/p>\n<p style=\"text-align: justify;\">Pour une Coupe du Monde ou un Championnat d&rsquo;Europe de ton choix tu trouves ici les statistiques par \u00e9quipe.<\/p>\n<p style=\"text-align: justify;\">Tu peux acc\u00e9der \u00e0 cette page avec\u00a0les statistiques par \u00e9quipe soit dans la barre de menu au-dessus par <strong>&gt; Coupe du Monde &amp; Euro &gt; <strong>statistiques par \u00e9quipe<\/strong> &gt; comp\u00e9tition<\/strong> de ton choix, soit par le menu d\u00e9roulant \u2018<strong>statistique par \u00e9quipe pour\u2026<\/strong>\u2018 sur la droite, soit en cliquant simplement sur un des liens suivants:<\/p>\n<p><img loading=\"lazy\" class=\"alignnone size-full wp-image-175\" src=\"http:\/\/dataminingsoccer.com\/fr\/wp-content\/uploads\/sites\/6\/Coupe-Monde-2014-Bresil-Football-Resultats-Prediction-s.png\" alt=\"Coupe-Monde-2014-Bresil-Football-Resultats-Prediction\" width=\"19\" height=\"25\" \/>\u00a0\u00a0\u00a0\u00a0\u00a0 [Coupe du Monde de football 2014 au Br\u00e9sil]<\/p>\n<p>Quelques statistiques et donn\u00e9es int\u00e9ressantes &#8211; mais qui ne s&rsquo;appliquent pas \u00e0 nos pronostics:<\/p>\n<ul>\n<li>meilleur buteur: Miroslav Klose (Allemagne): 16 buts en Coupe du Monde<\/li>\n<li>capitaine record: Rafael M\u00e1rquez (Mexique): 4 Coupes du Monde comme capitaine de l&rsquo;\u00e9quipe<\/li>\n<\/ul>\n<p style=\"text-align: justify;\"><img loading=\"lazy\" class=\"alignnone size-full wp-image-1562\" src=\"http:\/\/dataminingsoccer.com\/fr\/wp-content\/uploads\/sites\/6\/Champion-Monde-Trophee-Coupe.jpg\" alt=\"Champion-Monde-Trophee-Coupe\" width=\"23\" height=\"50\" \/> \u00a0\u00a0<img loading=\"lazy\" class=\"alignnone size-full wp-image-1561\" src=\"http:\/\/dataminingsoccer.com\/fr\/wp-content\/uploads\/sites\/6\/Champion-Europe-Trophee-Coupe.jpg\" alt=\"Champion-Europe-Trophee-Coupe\" width=\"28\" height=\"50\" \/>\u00a0\u00a0\u00a0\u00a0 <img loading=\"lazy\" class=\"alignnone size-full wp-image-3219\" src=\"http:\/\/dataminingsoccer.com\/fr\/wp-content\/uploads\/sites\/6\/Copa-America-Coupe-m.png\" alt=\"Copa-America-Coupe\" width=\"22\" height=\"51\" \/><\/p>\n","protected":false},"excerpt":{"rendered":"<p>Football Result Predictions using Data Mining \u00a0\u00a0\u00a0\u00a0\u00a0\u00a0 Pour une Coupe du Monde ou un Championnat d&rsquo;Europe de ton choix tu trouves ici les statistiques par \u00e9quipe. Tu peux acc\u00e9der \u00e0 cette page avec\u00a0les statistiques par \u00e9quipe soit dans la barre de menu au-dessus par &gt; Coupe du Monde &amp; Euro &gt; statistiques par \u00e9quipe &gt; &hellip; <a href=\"http:\/\/dataminingsoccer.com\/fr\/coupe-du-monde-et-coupe-d-europe\/statistiques-equipe\/\" class=\"more-link\">Continuer la lecture de <span class=\"screen-reader-text\">Statistiques par \u00c9quipe<\/span> <span class=\"meta-nav\">&rarr;<\/span><\/a><\/p>\n","protected":false},"author":7,"featured_media":0,"parent":26,"menu_order":20,"comment_status":"closed","ping_status":"closed","template":"","meta":[],"yoast_head":"<!-- This site is optimized with the Yoast SEO plugin v14.8 - https:\/\/yoast.com\/wordpress\/plugins\/seo\/ -->\n<meta name=\"description\" content=\"Fussball Ergebnis-Vorhersagen f\u00fcr die WM (Weltmeisterschaften) &amp; EM (Europameisterschaften): Statistiken je Mannschaft\" \/>\n<meta name=\"robots\" content=\"index, follow\" \/>\n<meta name=\"googlebot\" content=\"index, follow, max-snippet:-1, max-image-preview:large, max-video-preview:-1\" \/>\n<meta name=\"bingbot\" content=\"index, follow, max-snippet:-1, max-image-preview:large, max-video-preview:-1\" \/>\n<link rel=\"canonical\" href=\"http:\/\/dataminingsoccer.com\/fr\/coupe-du-monde-et-coupe-d-europe\/statistiques-equipe\/\" \/>\n<script type=\"application\/ld+json\" class=\"yoast-schema-graph\">{\"@context\":\"https:\/\/schema.org\",\"@graph\":[{\"@type\":\"WebSite\",\"@id\":\"http:\/\/dataminingsoccer.com\/fr\/#website\",\"url\":\"http:\/\/dataminingsoccer.com\/fr\/\",\"name\":\"Pronostics de R\\u00e9sultats de Football\",\"description\":\"bas\\u00e9 sur des analyses statistiques utilisant data mining.. Nous aimons le football!     Nous aimons les jeux de nombre!\",\"potentialAction\":[{\"@type\":\"SearchAction\",\"target\":\"http:\/\/dataminingsoccer.com\/fr\/?s={search_term_string}\",\"query-input\":\"required name=search_term_string\"}],\"inLanguage\":\"fr-FR\"},{\"@type\":\"ImageObject\",\"@id\":\"http:\/\/dataminingsoccer.com\/fr\/coupe-du-monde-et-coupe-d-europe\/statistiques-equipe\/#primaryimage\",\"inLanguage\":\"fr-FR\",\"url\":\"http:\/\/dataminingsoccer.com\/fr\/wp-content\/uploads\/sites\/6\/Champion-Monde-Trophee-Coupe.jpg\",\"width\":23,\"height\":50,\"caption\":\"Champion-Monde-Trophee-Coupe\"},{\"@type\":\"WebPage\",\"@id\":\"http:\/\/dataminingsoccer.com\/fr\/coupe-du-monde-et-coupe-d-europe\/statistiques-equipe\/#webpage\",\"url\":\"http:\/\/dataminingsoccer.com\/fr\/coupe-du-monde-et-coupe-d-europe\/statistiques-equipe\/\",\"name\":\"Statistiques par \\u00c9quipe - Pronostics de R\\u00e9sultats de Football\",\"isPartOf\":{\"@id\":\"http:\/\/dataminingsoccer.com\/fr\/#website\"},\"primaryImageOfPage\":{\"@id\":\"http:\/\/dataminingsoccer.com\/fr\/coupe-du-monde-et-coupe-d-europe\/statistiques-equipe\/#primaryimage\"},\"datePublished\":\"2014-09-03T16:00:17+00:00\",\"dateModified\":\"2016-06-05T21:58:26+00:00\",\"description\":\"Fussball Ergebnis-Vorhersagen f\\u00fcr die WM (Weltmeisterschaften) & EM (Europameisterschaften): Statistiken je Mannschaft\",\"inLanguage\":\"fr-FR\",\"potentialAction\":[{\"@type\":\"ReadAction\",\"target\":[\"http:\/\/dataminingsoccer.com\/fr\/coupe-du-monde-et-coupe-d-europe\/statistiques-equipe\/\"]}]}]}<\/script>\n<!-- \/ Yoast SEO plugin. -->","_links":{"self":[{"href":"http:\/\/dataminingsoccer.com\/fr\/wp-json\/wp\/v2\/pages\/2684"}],"collection":[{"href":"http:\/\/dataminingsoccer.com\/fr\/wp-json\/wp\/v2\/pages"}],"about":[{"href":"http:\/\/dataminingsoccer.com\/fr\/wp-json\/wp\/v2\/types\/page"}],"author":[{"embeddable":true,"href":"http:\/\/dataminingsoccer.com\/fr\/wp-json\/wp\/v2\/users\/7"}],"replies":[{"embeddable":true,"href":"http:\/\/dataminingsoccer.com\/fr\/wp-json\/wp\/v2\/comments?post=2684"}],"version-history":[{"count":6,"href":"http:\/\/dataminingsoccer.com\/fr\/wp-json\/wp\/v2\/pages\/2684\/revisions"}],"predecessor-version":[{"id":3224,"href":"http:\/\/dataminingsoccer.com\/fr\/wp-json\/wp\/v2\/pages\/2684\/revisions\/3224"}],"up":[{"embeddable":true,"href":"http:\/\/dataminingsoccer.com\/fr\/wp-json\/wp\/v2\/pages\/26"}],"wp:attachment":[{"href":"http:\/\/dataminingsoccer.com\/fr\/wp-json\/wp\/v2\/media?parent=2684"}],"curies":[{"name":"wp","href":"https:\/\/api.w.org\/{rel}","templated":true}]}}