{"id":2674,"date":"2014-09-02T21:55:28","date_gmt":"2014-09-02T19:55:28","guid":{"rendered":"http:\/\/dataminingsoccer.com\/fr\/?page_id=2674"},"modified":"2016-06-05T23:57:59","modified_gmt":"2016-06-05T21:57:59","slug":"pronostics","status":"publish","type":"page","link":"http:\/\/dataminingsoccer.com\/fr\/coupe-du-monde-et-coupe-d-europe\/pronostics\/","title":{"rendered":"Pronostics"},"content":{"rendered":"<h2>Fussball Ergebnis Vorhersagen mittels Data Mining<\/h2><p style=\"text-align: justify;\"><img loading=\"lazy\" class=\"alignnone size-full wp-image-1562\" src=\"http:\/\/dataminingsoccer.com\/fr\/wp-content\/uploads\/sites\/6\/Champion-Monde-Trophee-Coupe.jpg\" alt=\"Champion-Monde-Trophee-Coupe\" width=\"23\" height=\"50\" \/> \u00a0\u00a0<img loading=\"lazy\" class=\"alignnone size-full wp-image-1561\" src=\"http:\/\/dataminingsoccer.com\/fr\/wp-content\/uploads\/sites\/6\/Champion-Europe-Trophee-Coupe.jpg\" alt=\"Champion-Europe-Trophee-Coupe\" width=\"28\" height=\"50\" \/>\u00a0\u00a0\u00a0\u00a0 <img loading=\"lazy\" class=\"alignnone size-full wp-image-3219\" src=\"http:\/\/dataminingsoccer.com\/fr\/wp-content\/uploads\/sites\/6\/Copa-America-Coupe-m.png\" alt=\"Copa-America-Coupe\" width=\"22\" height=\"51\" \/><\/p>\n<p style=\"text-align: justify;\">Pour une Coupe du Monde ou un Championnat d&rsquo;Europe de ton choix tu trouves ici tous les matches pr\u00e9vus par nous, ainsi que les r\u00e9sultats r\u00e9els correspondants.<\/p>\n<p style=\"text-align: justify;\">Tu peux acc\u00e9der \u00e0 cette page avec\u00a0les pr\u00e9visions et les r\u00e9sultats r\u00e9els soit dans la barre de menu au-dessus par <strong>&gt; Coupe du Monde &amp; continentales &gt; <strong>pronostics<\/strong> &gt; comp\u00e9tition<\/strong> de ton choix, soit par le menu d\u00e9roulant \u2018<strong>nos pronostics pour\u2026<\/strong>\u2018 sur la droite, soit en cliquant simplement sur un des liens suivants:<\/p>\n<p><img loading=\"lazy\" class=\"alignnone size-full wp-image-3176\" src=\"http:\/\/dataminingsoccer.com\/fr\/wp-content\/uploads\/sites\/6\/Coupe-Euro-2016-France-Football-Resultats-Prediction-s.png\" alt=\"Coupe-Euro-2016-France-Football-Resultats-Prediction\" width=\"25\" height=\"25\" \/> <a href=\"http:\/\/dataminingsoccer.com\/fr\/coupe-du-monde-et-coupe-d-europe\/pronostics\/championnat-d-europe-2016\/\">[Coupe d&rsquo;Europe de football 2016 en France]<br \/>\n<\/a><img loading=\"lazy\" class=\"alignnone size-full wp-image-3207\" src=\"http:\/\/dataminingsoccer.com\/fr\/wp-content\/uploads\/sites\/6\/Copa-America-2016-USA-football-pronostics-resultats-s.png\" alt=\"Copa-America-2016-USA-football-pronostics-resultats\" width=\"25\" height=\"25\" \/> <a href=\"http:\/\/dataminingsoccer.com\/fr\/coupe-du-monde-et-coupe-d-europe\/pronostics\/copa-america-2016\/\">[Copa Am\u00e9rica 2016 aux \u00c9tats-Unis]<\/a><br \/>\n<img loading=\"lazy\" class=\"alignnone size-full wp-image-175\" src=\"http:\/\/dataminingsoccer.com\/fr\/wp-content\/uploads\/sites\/6\/Coupe-Monde-2014-Bresil-Football-Resultats-Prediction-s.png\" alt=\"Coupe-Monde-2014-Bresil-Football-Resultats-Prediction\" width=\"19\" height=\"25\" \/>\u00a0<a title=\"Championnat du Monde 2014\" href=\"http:\/\/dataminingsoccer.com\/fr\/coupe-du-monde-et-coupe-d-europe\/championnat-du-monde-2014\/\">[Coupe du Monde de football 2014 au Br\u00e9sil]<\/a><br \/>\n<a title=\"Championnat d\u2019Europe 2012\" href=\"http:\/\/dataminingsoccer.com\/fr\/coupe-du-monde-et-coupe-d-europe\/championnat-d-europe-2012\/\">\u00a0<\/a><img loading=\"lazy\" class=\"alignnone size-full wp-image-171\" src=\"http:\/\/dataminingsoccer.com\/fr\/wp-content\/uploads\/sites\/6\/Coupe-Euro-2012-Pologne-Ukraine-Football-Resultats-Prediction-s.png\" alt=\"Coupe-Euro-2012-Pologne-Ukraine-Football-Resultats-Prediction\" width=\"28\" height=\"25\" \/> <a title=\"Championnat d\u2019Europe 2012\" href=\"http:\/\/dataminingsoccer.com\/fr\/coupe-du-monde-et-coupe-d-europe\/championnat-d-europe-2012\/\">[Coupe d&rsquo;Europe de football 2012 en Pologne et Ukraine]<\/a><br \/>\n<a title=\"Championnat du Monde 2010\" href=\"http:\/\/dataminingsoccer.com\/fr\/coupe-du-monde-et-coupe-d-europe\/championnat-du-monde-2010\/\">\u00a0<\/a><img loading=\"lazy\" class=\"alignnone size-full wp-image-173\" src=\"http:\/\/dataminingsoccer.com\/fr\/wp-content\/uploads\/sites\/6\/Coupe-Monde-2010-Afrique-du-Sud-Football-Resultats-Prediction-s.png\" alt=\"Coupe-Monde-2010-Afrique-du-Sud-Football-Resultats-Prediction\" width=\"22\" height=\"25\" \/> <a title=\"Championnat du Monde 2010\" href=\"http:\/\/dataminingsoccer.com\/fr\/coupe-du-monde-et-coupe-d-europe\/championnat-du-monde-2010\/\">[Coupe du Monde de football 2010 en Afrique du Sud]<\/a><\/p>\n<p>Pour les derni\u00e8res comp\u00e9titions vous pouvez \u00e9galement obtenir notre pronostic initial complet pour l&rsquo;ensemble du tournoi jusqu&rsquo;\u00e0 la finale, calcul\u00e9 statistiquement m\u00eame\u00a0avant le d\u00e9but du premier match.<\/p>\n<p style=\"text-align: justify;\"><img loading=\"lazy\" class=\"alignnone size-full wp-image-1562\" src=\"http:\/\/dataminingsoccer.com\/fr\/wp-content\/uploads\/sites\/6\/Champion-Monde-Trophee-Coupe.jpg\" alt=\"Champion-Monde-Trophee-Coupe\" width=\"23\" height=\"50\" \/> \u00a0\u00a0<img loading=\"lazy\" class=\"alignnone size-full wp-image-1561\" src=\"http:\/\/dataminingsoccer.com\/fr\/wp-content\/uploads\/sites\/6\/Champion-Europe-Trophee-Coupe.jpg\" alt=\"Champion-Europe-Trophee-Coupe\" width=\"28\" height=\"50\" \/>\u00a0\u00a0\u00a0\u00a0 <img loading=\"lazy\" class=\"alignnone size-full wp-image-3219\" src=\"http:\/\/dataminingsoccer.com\/fr\/wp-content\/uploads\/sites\/6\/Copa-America-Coupe-m.png\" alt=\"Copa-America-Coupe\" width=\"22\" height=\"51\" \/><\/p>\n","protected":false},"excerpt":{"rendered":"<p>Fussball Ergebnis Vorhersagen mittels Data Mining \u00a0\u00a0\u00a0\u00a0\u00a0\u00a0 Pour une Coupe du Monde ou un Championnat d&rsquo;Europe de ton choix tu trouves ici tous les matches pr\u00e9vus par nous, ainsi que les r\u00e9sultats r\u00e9els correspondants. Tu peux acc\u00e9der \u00e0 cette page avec\u00a0les pr\u00e9visions et les r\u00e9sultats r\u00e9els soit dans la barre de menu au-dessus par &gt; &hellip; <a href=\"http:\/\/dataminingsoccer.com\/fr\/coupe-du-monde-et-coupe-d-europe\/pronostics\/\" class=\"more-link\">Continuer la lecture de <span class=\"screen-reader-text\">Pronostics<\/span> <span class=\"meta-nav\">&rarr;<\/span><\/a><\/p>\n","protected":false},"author":7,"featured_media":0,"parent":26,"menu_order":10,"comment_status":"closed","ping_status":"closed","template":"","meta":[],"yoast_head":"<!-- This site is optimized with the Yoast SEO plugin v14.8 - https:\/\/yoast.com\/wordpress\/plugins\/seo\/ -->\n<meta name=\"description\" content=\"Pr\u00e9diction de r\u00e9sultats de football de la Coupe du Monde &amp; d&#039;Europe bas\u00e9 sur les analyses statistiques utilisant un logiciel data mining.\" \/>\n<meta name=\"robots\" content=\"index, follow\" \/>\n<meta name=\"googlebot\" content=\"index, follow, max-snippet:-1, max-image-preview:large, max-video-preview:-1\" \/>\n<meta name=\"bingbot\" content=\"index, follow, max-snippet:-1, max-image-preview:large, max-video-preview:-1\" \/>\n<link rel=\"canonical\" href=\"http:\/\/dataminingsoccer.com\/fr\/coupe-du-monde-et-coupe-d-europe\/pronostics\/\" \/>\n<script type=\"application\/ld+json\" class=\"yoast-schema-graph\">{\"@context\":\"https:\/\/schema.org\",\"@graph\":[{\"@type\":\"WebSite\",\"@id\":\"http:\/\/dataminingsoccer.com\/fr\/#website\",\"url\":\"http:\/\/dataminingsoccer.com\/fr\/\",\"name\":\"Pronostics de R\\u00e9sultats de Football\",\"description\":\"bas\\u00e9 sur des analyses statistiques utilisant data mining.. Nous aimons le football!     Nous aimons les jeux de nombre!\",\"potentialAction\":[{\"@type\":\"SearchAction\",\"target\":\"http:\/\/dataminingsoccer.com\/fr\/?s={search_term_string}\",\"query-input\":\"required name=search_term_string\"}],\"inLanguage\":\"fr-FR\"},{\"@type\":\"ImageObject\",\"@id\":\"http:\/\/dataminingsoccer.com\/fr\/coupe-du-monde-et-coupe-d-europe\/pronostics\/#primaryimage\",\"inLanguage\":\"fr-FR\",\"url\":\"http:\/\/dataminingsoccer.com\/fr\/wp-content\/uploads\/sites\/6\/Champion-Monde-Trophee-Coupe.jpg\",\"width\":23,\"height\":50,\"caption\":\"Champion-Monde-Trophee-Coupe\"},{\"@type\":\"WebPage\",\"@id\":\"http:\/\/dataminingsoccer.com\/fr\/coupe-du-monde-et-coupe-d-europe\/pronostics\/#webpage\",\"url\":\"http:\/\/dataminingsoccer.com\/fr\/coupe-du-monde-et-coupe-d-europe\/pronostics\/\",\"name\":\"Pronostics - Pronostics de R\\u00e9sultats de Football\",\"isPartOf\":{\"@id\":\"http:\/\/dataminingsoccer.com\/fr\/#website\"},\"primaryImageOfPage\":{\"@id\":\"http:\/\/dataminingsoccer.com\/fr\/coupe-du-monde-et-coupe-d-europe\/pronostics\/#primaryimage\"},\"datePublished\":\"2014-09-02T19:55:28+00:00\",\"dateModified\":\"2016-06-05T21:57:59+00:00\",\"description\":\"Pr\\u00e9diction de r\\u00e9sultats de football de la Coupe du Monde & d'Europe bas\\u00e9 sur les analyses statistiques utilisant un logiciel data mining.\",\"inLanguage\":\"fr-FR\",\"potentialAction\":[{\"@type\":\"ReadAction\",\"target\":[\"http:\/\/dataminingsoccer.com\/fr\/coupe-du-monde-et-coupe-d-europe\/pronostics\/\"]}]}]}<\/script>\n<!-- \/ Yoast SEO plugin. -->","_links":{"self":[{"href":"http:\/\/dataminingsoccer.com\/fr\/wp-json\/wp\/v2\/pages\/2674"}],"collection":[{"href":"http:\/\/dataminingsoccer.com\/fr\/wp-json\/wp\/v2\/pages"}],"about":[{"href":"http:\/\/dataminingsoccer.com\/fr\/wp-json\/wp\/v2\/types\/page"}],"author":[{"embeddable":true,"href":"http:\/\/dataminingsoccer.com\/fr\/wp-json\/wp\/v2\/users\/7"}],"replies":[{"embeddable":true,"href":"http:\/\/dataminingsoccer.com\/fr\/wp-json\/wp\/v2\/comments?post=2674"}],"version-history":[{"count":7,"href":"http:\/\/dataminingsoccer.com\/fr\/wp-json\/wp\/v2\/pages\/2674\/revisions"}],"predecessor-version":[{"id":3223,"href":"http:\/\/dataminingsoccer.com\/fr\/wp-json\/wp\/v2\/pages\/2674\/revisions\/3223"}],"up":[{"embeddable":true,"href":"http:\/\/dataminingsoccer.com\/fr\/wp-json\/wp\/v2\/pages\/26"}],"wp:attachment":[{"href":"http:\/\/dataminingsoccer.com\/fr\/wp-json\/wp\/v2\/media?parent=2674"}],"curies":[{"name":"wp","href":"https:\/\/api.w.org\/{rel}","templated":true}]}}