{"id":26,"date":"2013-09-12T02:47:01","date_gmt":"2013-09-12T00:47:01","guid":{"rendered":"http:\/\/dataminingsoccer.com\/fr\/?page_id=26"},"modified":"2016-06-06T00:29:33","modified_gmt":"2016-06-05T22:29:33","slug":"coupe-du-monde-et-coupe-d-europe","status":"publish","type":"page","link":"http:\/\/dataminingsoccer.com\/fr\/coupe-du-monde-et-coupe-d-europe\/","title":{"rendered":"Coupe du Monde &#038; Euro"},"content":{"rendered":"<h2>Football Result Predictions using Data Mining<\/h2><p>Via les liens ci-dessous (ou la barre de menu) vous pouvez obtenir les pr\u00e9dictions de data mining et les r\u00e9sultats r\u00e9els de la<\/p>\n<p><img loading=\"lazy\" class=\"alignnone size-full wp-image-3176\" src=\"http:\/\/dataminingsoccer.com\/fr\/wp-content\/uploads\/sites\/6\/Coupe-Euro-2016-France-Football-Resultats-Prediction-s.png\" alt=\"Coupe-Euro-2016-France-Football-Resultats-Prediction\" width=\"25\" height=\"25\" \/> <a href=\"http:\/\/dataminingsoccer.com\/fr\/coupe-du-monde-et-coupe-d-europe\/pronostics\/championnat-d-europe-2016\/\">[Coupe d&rsquo;Europe de football 2016 en France]<br \/>\n<\/a><img loading=\"lazy\" class=\"alignnone size-full wp-image-3207\" src=\"http:\/\/dataminingsoccer.com\/fr\/wp-content\/uploads\/sites\/6\/Copa-America-2016-USA-football-pronostics-resultats-s.png\" alt=\"Copa-America-2016-USA-football-pronostics-resultats\" width=\"25\" height=\"25\" \/> <a href=\"http:\/\/dataminingsoccer.com\/fr\/coupe-du-monde-et-coupe-d-europe\/pronostics\/copa-america-2016\/\">[Copa Am\u00e9rica 2016 aux \u00c9tats-Unis]<\/a><br \/>\n<img loading=\"lazy\" class=\"alignnone size-full wp-image-175\" src=\"http:\/\/dataminingsoccer.com\/fr\/wp-content\/uploads\/sites\/6\/Coupe-Monde-2014-Bresil-Football-Resultats-Prediction-s.png\" alt=\"Coupe-Monde-2014-Bresil-Football-Resultats-Prediction\" width=\"19\" height=\"25\" \/>\u00a0<a title=\"Championnat du Monde 2014\" href=\"http:\/\/dataminingsoccer.com\/fr\/coupe-du-monde-et-coupe-d-europe\/championnat-du-monde-2014\/\">[Coupe du Monde de football 2014 au Br\u00e9sil]<\/a><br \/>\n<a title=\"Championnat d\u2019Europe 2012\" href=\"http:\/\/dataminingsoccer.com\/fr\/coupe-du-monde-et-coupe-d-europe\/championnat-d-europe-2012\/\">\u00a0<\/a><img loading=\"lazy\" class=\"alignnone size-full wp-image-171\" src=\"http:\/\/dataminingsoccer.com\/fr\/wp-content\/uploads\/sites\/6\/Coupe-Euro-2012-Pologne-Ukraine-Football-Resultats-Prediction-s.png\" alt=\"Coupe-Euro-2012-Pologne-Ukraine-Football-Resultats-Prediction\" width=\"28\" height=\"25\" \/> <a title=\"Championnat d\u2019Europe 2012\" href=\"http:\/\/dataminingsoccer.com\/fr\/coupe-du-monde-et-coupe-d-europe\/championnat-d-europe-2012\/\">[Coupe d&rsquo;Europe de football 2012 en Pologne et Ukraine]<\/a><br \/>\n<a title=\"Championnat du Monde 2010\" href=\"http:\/\/dataminingsoccer.com\/fr\/coupe-du-monde-et-coupe-d-europe\/championnat-du-monde-2010\/\">\u00a0<\/a><img loading=\"lazy\" class=\"alignnone size-full wp-image-173\" src=\"http:\/\/dataminingsoccer.com\/fr\/wp-content\/uploads\/sites\/6\/Coupe-Monde-2010-Afrique-du-Sud-Football-Resultats-Prediction-s.png\" alt=\"Coupe-Monde-2010-Afrique-du-Sud-Football-Resultats-Prediction\" width=\"22\" height=\"25\" \/> <a title=\"Championnat du Monde 2010\" href=\"http:\/\/dataminingsoccer.com\/fr\/coupe-du-monde-et-coupe-d-europe\/championnat-du-monde-2010\/\">[Coupe du Monde de football 2010 en Afrique du Sud]<\/a><\/p>\n<p>Les champions du monde et le nombre de titres mondiaux remport\u00e9s:<\/p>\n<p>Br\u00e9sil\u00a0\u00a0 (5)\u00a0\u00a0 *****<br \/>\nItalie \u00a0 (4)\u00a0\u00a0 ****<br \/>\nAllemagne\u00a0\u00a0 (4)\u00a0\u00a0 ****\u00a0\u00a0 <img loading=\"lazy\" class=\"alignnone size-full wp-image-2118\" src=\"http:\/\/dataminingsoccer.com\/fr\/wp-content\/uploads\/sites\/6\/Champion-Monde-Trophee-Coupe-s.jpg\" alt=\"Champion-Monde-Trophee-Coupe\" width=\"12\" height=\"26\" \/>\u00a0\u00a0 (champion actuel)<br \/>\nArgentine \u00a0 (2)\u00a0\u00a0 **<br \/>\nUruguay \u00a0 (2)\u00a0\u00a0 **<br \/>\nFrance \u00a0 (1)\u00a0\u00a0 *<br \/>\nAngleterre\u00a0\u00a0 (1)\u00a0\u00a0 *<br \/>\nEspagne\u00a0\u00a0 (1)\u00a0\u00a0 *<\/p>\n<p>Les champions d&rsquo;Europe\u00a0et le nombre de titres europ\u00e9ens remport\u00e9s:<\/p>\n<p>Allemagne \u00a0 (3)<br \/>\nEspagne \u00a0 (3)\u00a0\u00a0 <img loading=\"lazy\" class=\"alignnone size-full wp-image-2117\" src=\"http:\/\/dataminingsoccer.com\/fr\/wp-content\/uploads\/sites\/6\/Champion-Europe-Trophee-Coupe-s.jpg\" alt=\"Champion-Europe-Trophee-Coupe\" width=\"14\" height=\"25\" \/>\u00a0\u00a0 (champion actuel)<br \/>\nFrance \u00a0 (2)<br \/>\nUnion sovi\u00e9tique\u00a0\u00a0 (1)<br \/>\nItalie \u00a0 (1)<br \/>\nTch\u00e9coslovaquie\u00a0\u00a0 (1)<br \/>\nPays-Bas\u00a0\u00a0 (1)<br \/>\nDanemark\u00a0\u00a0 (1)<br \/>\nGr\u00e8ce\u00a0\u00a0 (1)<\/p>\n<p>Les vainqueurs de la Copa Am\u00e9rica et le nombre de titres gagn\u00e9s:<\/p>\n<p>Uruguay \u00a0 (15)<br \/>\nArgentine \u00a0 (14)<br \/>\nBr\u00e9sil \u00a0 (8)<br \/>\nParaguay \u00a0 (2)<br \/>\nP\u00e9rou \u00a0 (2)<br \/>\nChili \u00a0 (1)\u00a0\u00a0\u00a0<img loading=\"lazy\" class=\"alignnone size-full wp-image-3220\" src=\"http:\/\/dataminingsoccer.com\/fr\/wp-content\/uploads\/sites\/6\/Copa-America-Coupe-s.png\" alt=\"Copa-America-Coupe\" width=\"11\" height=\"26\" \/>\u00a0\u00a0 (champion actuel)<br \/>\nColombie \u00a0 (1)<br \/>\nBolivie \u00a0 (1)<\/p>\n<p style=\"text-align: justify;\">D&rsquo;ailleurs, dans notre section <a title=\"T\u00e9l\u00e9chargement de donn\u00e9es\" href=\"http:\/\/dataminingsoccer.com\/fr\/download-telechargement-donnees\/\">[t\u00e9l\u00e9chargement de donn\u00e9es]<\/a> tu peux obtenir gratuitement les donn\u00e9es de chaque match de tous les Championnats d&rsquo;Europe et Coupes du Monde comme download csv (ou Excel).<\/p>\n<p><img loading=\"lazy\" class=\"alignnone size-full wp-image-3176\" src=\"http:\/\/dataminingsoccer.com\/fr\/wp-content\/uploads\/sites\/6\/Coupe-Euro-2016-France-Football-Resultats-Prediction-s.png\" alt=\"Coupe-Euro-2016-France-Football-Resultats-Prediction\" width=\"25\" height=\"25\" \/> <a href=\"http:\/\/dataminingsoccer.com\/fr\/coupe-du-monde-et-coupe-d-europe\/pronostics\/championnat-d-europe-2016\/\">[Coupe d&rsquo;Europe de football 2016 en France]<br \/>\n<\/a><img loading=\"lazy\" class=\"alignnone size-full wp-image-3207\" src=\"http:\/\/dataminingsoccer.com\/fr\/wp-content\/uploads\/sites\/6\/Copa-America-2016-USA-football-pronostics-resultats-s.png\" alt=\"Copa-America-2016-USA-football-pronostics-resultats\" width=\"25\" height=\"25\" \/> <a href=\"http:\/\/dataminingsoccer.com\/fr\/coupe-du-monde-et-coupe-d-europe\/pronostics\/copa-america-2016\/\">[Copa Am\u00e9rica 2016 aux \u00c9tats-Unis]<\/a><br \/>\n<img loading=\"lazy\" class=\"alignnone size-full wp-image-175\" src=\"http:\/\/dataminingsoccer.com\/fr\/wp-content\/uploads\/sites\/6\/Coupe-Monde-2014-Bresil-Football-Resultats-Prediction-s.png\" alt=\"Coupe-Monde-2014-Bresil-Football-Resultats-Prediction\" width=\"19\" height=\"25\" \/>\u00a0<a title=\"Championnat du Monde 2014\" href=\"http:\/\/dataminingsoccer.com\/fr\/coupe-du-monde-et-coupe-d-europe\/championnat-du-monde-2014\/\">[Coupe du Monde de football 2014 au Br\u00e9sil]<\/a><br \/>\n<a title=\"Championnat d\u2019Europe 2012\" href=\"http:\/\/dataminingsoccer.com\/fr\/coupe-du-monde-et-coupe-d-europe\/championnat-d-europe-2012\/\">\u00a0<\/a><img loading=\"lazy\" class=\"alignnone size-full wp-image-171\" src=\"http:\/\/dataminingsoccer.com\/fr\/wp-content\/uploads\/sites\/6\/Coupe-Euro-2012-Pologne-Ukraine-Football-Resultats-Prediction-s.png\" alt=\"Coupe-Euro-2012-Pologne-Ukraine-Football-Resultats-Prediction\" width=\"28\" height=\"25\" \/> <a title=\"Championnat d\u2019Europe 2012\" href=\"http:\/\/dataminingsoccer.com\/fr\/coupe-du-monde-et-coupe-d-europe\/championnat-d-europe-2012\/\">[Coupe d&rsquo;Europe de football 2012 en Pologne et Ukraine]<\/a><br \/>\n<a title=\"Championnat du Monde 2010\" href=\"http:\/\/dataminingsoccer.com\/fr\/coupe-du-monde-et-coupe-d-europe\/championnat-du-monde-2010\/\">\u00a0<\/a><img loading=\"lazy\" class=\"alignnone size-full wp-image-173\" src=\"http:\/\/dataminingsoccer.com\/fr\/wp-content\/uploads\/sites\/6\/Coupe-Monde-2010-Afrique-du-Sud-Football-Resultats-Prediction-s.png\" alt=\"Coupe-Monde-2010-Afrique-du-Sud-Football-Resultats-Prediction\" width=\"22\" height=\"25\" \/> <a title=\"Championnat du Monde 2010\" href=\"http:\/\/dataminingsoccer.com\/fr\/coupe-du-monde-et-coupe-d-europe\/championnat-du-monde-2010\/\">[Coupe du Monde de football 2010 en Afrique du Sud]<\/a><\/p>\n","protected":false},"excerpt":{"rendered":"<p>Football Result Predictions using Data MiningVia les liens ci-dessous (ou la barre de menu) vous pouvez obtenir les pr\u00e9dictions de data mining et les r\u00e9sultats r\u00e9els de la [Coupe d&rsquo;Europe de football 2016 en France] [Copa Am\u00e9rica 2016 aux \u00c9tats-Unis] \u00a0[Coupe du Monde de football 2014 au Br\u00e9sil] \u00a0 [Coupe d&rsquo;Europe de football 2012 en &hellip; <a href=\"http:\/\/dataminingsoccer.com\/fr\/coupe-du-monde-et-coupe-d-europe\/\" class=\"more-link\">Continuer la lecture de <span class=\"screen-reader-text\">Coupe du Monde &#038; Euro<\/span> <span class=\"meta-nav\">&rarr;<\/span><\/a><\/p>\n","protected":false},"author":7,"featured_media":0,"parent":0,"menu_order":3,"comment_status":"closed","ping_status":"closed","template":"","meta":[],"yoast_head":"<!-- This site is optimized with the Yoast SEO plugin v14.8 - https:\/\/yoast.com\/wordpress\/plugins\/seo\/ -->\n<meta name=\"description\" content=\"Fussball Ergebnis-Vorhersagen der Weltmeisterschaften und Europameisterschaften. \u00dcberblick \u00fcber alle WM-Titeltr\u00e4ger und EM-Gewinner.\" \/>\n<meta name=\"robots\" content=\"index, follow\" \/>\n<meta name=\"googlebot\" content=\"index, follow, max-snippet:-1, max-image-preview:large, max-video-preview:-1\" \/>\n<meta name=\"bingbot\" content=\"index, follow, max-snippet:-1, max-image-preview:large, max-video-preview:-1\" \/>\n<link rel=\"canonical\" href=\"http:\/\/dataminingsoccer.com\/fr\/coupe-du-monde-et-coupe-d-europe\/\" \/>\n<script type=\"application\/ld+json\" class=\"yoast-schema-graph\">{\"@context\":\"https:\/\/schema.org\",\"@graph\":[{\"@type\":\"WebSite\",\"@id\":\"http:\/\/dataminingsoccer.com\/fr\/#website\",\"url\":\"http:\/\/dataminingsoccer.com\/fr\/\",\"name\":\"Pronostics de R\\u00e9sultats de Football\",\"description\":\"bas\\u00e9 sur des analyses statistiques utilisant data mining.. Nous aimons le football!     Nous aimons les jeux de nombre!\",\"potentialAction\":[{\"@type\":\"SearchAction\",\"target\":\"http:\/\/dataminingsoccer.com\/fr\/?s={search_term_string}\",\"query-input\":\"required name=search_term_string\"}],\"inLanguage\":\"fr-FR\"},{\"@type\":\"ImageObject\",\"@id\":\"http:\/\/dataminingsoccer.com\/fr\/coupe-du-monde-et-coupe-d-europe\/#primaryimage\",\"inLanguage\":\"fr-FR\",\"url\":\"http:\/\/dataminingsoccer.com\/fr\/wp-content\/uploads\/sites\/6\/Coupe-Euro-2016-France-Football-Resultats-Prediction-s.png\",\"width\":25,\"height\":25,\"caption\":\"Coupe-Euro-2016-France-Football-Resultats-Prediction\"},{\"@type\":\"WebPage\",\"@id\":\"http:\/\/dataminingsoccer.com\/fr\/coupe-du-monde-et-coupe-d-europe\/#webpage\",\"url\":\"http:\/\/dataminingsoccer.com\/fr\/coupe-du-monde-et-coupe-d-europe\/\",\"name\":\"Coupe du Monde & Euro - Pronostics de R\\u00e9sultats de Football\",\"isPartOf\":{\"@id\":\"http:\/\/dataminingsoccer.com\/fr\/#website\"},\"primaryImageOfPage\":{\"@id\":\"http:\/\/dataminingsoccer.com\/fr\/coupe-du-monde-et-coupe-d-europe\/#primaryimage\"},\"datePublished\":\"2013-09-12T00:47:01+00:00\",\"dateModified\":\"2016-06-05T22:29:33+00:00\",\"description\":\"Fussball Ergebnis-Vorhersagen der Weltmeisterschaften und Europameisterschaften. \\u00dcberblick \\u00fcber alle WM-Titeltr\\u00e4ger und EM-Gewinner.\",\"inLanguage\":\"fr-FR\",\"potentialAction\":[{\"@type\":\"ReadAction\",\"target\":[\"http:\/\/dataminingsoccer.com\/fr\/coupe-du-monde-et-coupe-d-europe\/\"]}]}]}<\/script>\n<!-- \/ Yoast SEO plugin. -->","_links":{"self":[{"href":"http:\/\/dataminingsoccer.com\/fr\/wp-json\/wp\/v2\/pages\/26"}],"collection":[{"href":"http:\/\/dataminingsoccer.com\/fr\/wp-json\/wp\/v2\/pages"}],"about":[{"href":"http:\/\/dataminingsoccer.com\/fr\/wp-json\/wp\/v2\/types\/page"}],"author":[{"embeddable":true,"href":"http:\/\/dataminingsoccer.com\/fr\/wp-json\/wp\/v2\/users\/7"}],"replies":[{"embeddable":true,"href":"http:\/\/dataminingsoccer.com\/fr\/wp-json\/wp\/v2\/comments?post=26"}],"version-history":[{"count":14,"href":"http:\/\/dataminingsoccer.com\/fr\/wp-json\/wp\/v2\/pages\/26\/revisions"}],"predecessor-version":[{"id":3226,"href":"http:\/\/dataminingsoccer.com\/fr\/wp-json\/wp\/v2\/pages\/26\/revisions\/3226"}],"wp:attachment":[{"href":"http:\/\/dataminingsoccer.com\/fr\/wp-json\/wp\/v2\/media?parent=26"}],"curies":[{"name":"wp","href":"https:\/\/api.w.org\/{rel}","templated":true}]}}