{"id":2322,"date":"2014-08-17T22:21:09","date_gmt":"2014-08-17T20:21:09","guid":{"rendered":"http:\/\/dataminingsoccer.com\/fr\/?page_id=2322"},"modified":"2015-06-25T04:56:06","modified_gmt":"2015-06-25T02:56:06","slug":"statistiques-equipe","status":"publish","type":"page","link":"http:\/\/dataminingsoccer.com\/fr\/angleterre\/statistiques-equipe\/","title":{"rendered":"Statistiques par \u00c9quipe"},"content":{"rendered":"<h2>R\u00e9sultats de Football: Pronostics utilisant Data Mining<\/h2><p><img loading=\"lazy\" class=\"alignnone size-full wp-image-184\" src=\"http:\/\/dataminingsoccer.com\/fr\/wp-content\/uploads\/sites\/6\/Premier-League-Football-Resultats-Prediction-m.png\" alt=\"Premier-League-Football-Resultats-Prediction\" width=\"37\" height=\"50\" \/>\u00a0\u00a0\u00a0\u00a0 <img loading=\"lazy\" class=\"alignnone size-full wp-image-2123\" src=\"http:\/\/dataminingsoccer.com\/fr\/wp-content\/uploads\/sites\/6\/FA-Cup.png\" alt=\"FA-Cup\" width=\"35\" height=\"50\" \/><\/p>\n<p style=\"text-align: justify;\">Angleterre: Pour une comp\u00e9tition et une saison de ton choix, tu trouves ici un aper\u00e7u de diverses statistiques par \u00e9quipe, \u00e0 partir de la premi\u00e8re journ\u00e9e jusqu&rsquo;\u00e0 la journ\u00e9e actuelle (ou la derni\u00e8re).<\/p>\n<p style=\"text-align: justify;\">Tu peux acc\u00e9der \u00e0 cette page avec des\u00a0statistiques pour toutes les \u00e9quipes soit dans la barre de menu au-dessus via <strong>&gt; Angleterre &gt;\u00a0<strong>statistiques par \u00e9quipe<\/strong> &gt; comp\u00e9tition &amp; saison<\/strong> de ton choix, soit \u200b\u200bpar le menu d\u00e9roulant \u2018<strong>statistiques par \u00e9quipe pour\u2026<\/strong>\u2018 sur la droite, soit en cliquant simplement sur un des liens suivants:<\/p>\n<p style=\"text-align: justify;\"><img loading=\"lazy\" class=\"alignnone size-full wp-image-185\" src=\"http:\/\/dataminingsoccer.com\/fr\/wp-content\/uploads\/sites\/6\/Premier-League-Football-Resultats-Prediction-s.png\" alt=\"Premier-League-Football-Resultats-Prediction\" width=\"23\" height=\"25\" \/> <a title=\"Premier League 2014\/15\" href=\"http:\/\/dataminingsoccer.com\/fr\/angleterre\/statistiques-equipe\/premier-league-2015-2016\/\">[Premier League 2015\/16]<br \/>\n<\/a><img loading=\"lazy\" class=\"alignnone size-full wp-image-185\" src=\"http:\/\/dataminingsoccer.com\/fr\/wp-content\/uploads\/sites\/6\/Premier-League-Football-Resultats-Prediction-s.png\" alt=\"Premier-League-Football-Resultats-Prediction\" width=\"23\" height=\"25\" \/> <a title=\"Premier League 2014\/15\" href=\"http:\/\/dataminingsoccer.com\/fr\/angleterre\/statistiques-equipe\/premier-league-2014-2015\/\">[Premier League 2014\/15]<\/a><a title=\"Premier League 2014\/15\" href=\"http:\/\/dataminingsoccer.com\/fr\/angleterre\/statistiques-equipe\/premier-league-2014-2015\/\"><br \/>\n<\/a><\/p>\n<p style=\"text-align: justify;\">Pour chaque\u00a0comp\u00e9tition et chaque saison en Angleterre, nous avons calcul\u00e9 les statistiques suivantes par \u00e9quipe pour vous:<\/p>\n<ul>\n<li>classement: domicile, ext\u00e9rieure, g\u00e9n\u00e9ral (position, points, buts, victoires, matches nul, d\u00e9faites)<\/li>\n<li>moyenne des points et des buts par match<\/li>\n<li>s\u00e9ries pour le r\u00e9sultat des matches: victoires, matches sans d\u00e9faite, matches nul, d\u00e9faites<\/li>\n<li>s\u00e9ries concernant les buts marqu\u00e9s et r\u00e9\u00e7us<\/li>\n<li>r\u00e9sum\u00e9 des points et des buts pour les derniers 3, 5 et 7 matches (domicile, ext\u00e9rieur, totale)<\/li>\n<\/ul>\n<p><img loading=\"lazy\" class=\"alignnone size-full wp-image-184\" src=\"http:\/\/dataminingsoccer.com\/fr\/wp-content\/uploads\/sites\/6\/Premier-League-Football-Resultats-Prediction-m.png\" alt=\"Premier-League-Football-Resultats-Prediction\" width=\"37\" height=\"50\" \/>\u00a0\u00a0\u00a0\u00a0 <img loading=\"lazy\" class=\"alignnone size-full wp-image-2123\" src=\"http:\/\/dataminingsoccer.com\/fr\/wp-content\/uploads\/sites\/6\/FA-Cup.png\" alt=\"FA-Cup\" width=\"35\" height=\"50\" \/><\/p>\n","protected":false},"excerpt":{"rendered":"<p>R\u00e9sultats de Football: Pronostics utilisant Data Mining\u00a0\u00a0\u00a0\u00a0 Angleterre: Pour une comp\u00e9tition et une saison de ton choix, tu trouves ici un aper\u00e7u de diverses statistiques par \u00e9quipe, \u00e0 partir de la premi\u00e8re journ\u00e9e jusqu&rsquo;\u00e0 la journ\u00e9e actuelle (ou la derni\u00e8re). Tu peux acc\u00e9der \u00e0 cette page avec des\u00a0statistiques pour toutes les \u00e9quipes soit dans la &hellip; <a href=\"http:\/\/dataminingsoccer.com\/fr\/angleterre\/statistiques-equipe\/\" class=\"more-link\">Continuer la lecture de <span class=\"screen-reader-text\">Statistiques par \u00c9quipe<\/span> <span class=\"meta-nav\">&rarr;<\/span><\/a><\/p>\n","protected":false},"author":7,"featured_media":0,"parent":8,"menu_order":20,"comment_status":"closed","ping_status":"closed","template":"","meta":[],"yoast_head":"<!-- This site is optimized with the Yoast SEO plugin v14.8 - https:\/\/yoast.com\/wordpress\/plugins\/seo\/ -->\n<meta name=\"description\" content=\"Pronostics de r\u00e9sultats de football pour les championnats en Angleterre: statistiques par \u00e9quipe\" \/>\n<meta name=\"robots\" content=\"index, follow\" \/>\n<meta name=\"googlebot\" content=\"index, follow, max-snippet:-1, max-image-preview:large, max-video-preview:-1\" \/>\n<meta name=\"bingbot\" content=\"index, follow, max-snippet:-1, max-image-preview:large, max-video-preview:-1\" \/>\n<link rel=\"canonical\" href=\"http:\/\/dataminingsoccer.com\/fr\/angleterre\/statistiques-equipe\/\" \/>\n<script type=\"application\/ld+json\" class=\"yoast-schema-graph\">{\"@context\":\"https:\/\/schema.org\",\"@graph\":[{\"@type\":\"WebSite\",\"@id\":\"http:\/\/dataminingsoccer.com\/fr\/#website\",\"url\":\"http:\/\/dataminingsoccer.com\/fr\/\",\"name\":\"Pronostics de R\\u00e9sultats de Football\",\"description\":\"bas\\u00e9 sur des analyses statistiques utilisant data mining.. Nous aimons le football!     Nous aimons les jeux de nombre!\",\"potentialAction\":[{\"@type\":\"SearchAction\",\"target\":\"http:\/\/dataminingsoccer.com\/fr\/?s={search_term_string}\",\"query-input\":\"required name=search_term_string\"}],\"inLanguage\":\"fr-FR\"},{\"@type\":\"ImageObject\",\"@id\":\"http:\/\/dataminingsoccer.com\/fr\/angleterre\/statistiques-equipe\/#primaryimage\",\"inLanguage\":\"fr-FR\",\"url\":\"http:\/\/dataminingsoccer.com\/fr\/wp-content\/uploads\/sites\/6\/Premier-League-Football-Resultats-Prediction-m.png\",\"width\":37,\"height\":50,\"caption\":\"Premier-League-Football-Resultats-Prediction\"},{\"@type\":\"WebPage\",\"@id\":\"http:\/\/dataminingsoccer.com\/fr\/angleterre\/statistiques-equipe\/#webpage\",\"url\":\"http:\/\/dataminingsoccer.com\/fr\/angleterre\/statistiques-equipe\/\",\"name\":\"Statistiques par \\u00c9quipe - Pronostics de R\\u00e9sultats de Football\",\"isPartOf\":{\"@id\":\"http:\/\/dataminingsoccer.com\/fr\/#website\"},\"primaryImageOfPage\":{\"@id\":\"http:\/\/dataminingsoccer.com\/fr\/angleterre\/statistiques-equipe\/#primaryimage\"},\"datePublished\":\"2014-08-17T20:21:09+00:00\",\"dateModified\":\"2015-06-25T02:56:06+00:00\",\"description\":\"Pronostics de r\\u00e9sultats de football pour les championnats en Angleterre: statistiques par \\u00e9quipe\",\"inLanguage\":\"fr-FR\",\"potentialAction\":[{\"@type\":\"ReadAction\",\"target\":[\"http:\/\/dataminingsoccer.com\/fr\/angleterre\/statistiques-equipe\/\"]}]}]}<\/script>\n<!-- \/ Yoast SEO plugin. -->","_links":{"self":[{"href":"http:\/\/dataminingsoccer.com\/fr\/wp-json\/wp\/v2\/pages\/2322"}],"collection":[{"href":"http:\/\/dataminingsoccer.com\/fr\/wp-json\/wp\/v2\/pages"}],"about":[{"href":"http:\/\/dataminingsoccer.com\/fr\/wp-json\/wp\/v2\/types\/page"}],"author":[{"embeddable":true,"href":"http:\/\/dataminingsoccer.com\/fr\/wp-json\/wp\/v2\/users\/7"}],"replies":[{"embeddable":true,"href":"http:\/\/dataminingsoccer.com\/fr\/wp-json\/wp\/v2\/comments?post=2322"}],"version-history":[{"count":6,"href":"http:\/\/dataminingsoccer.com\/fr\/wp-json\/wp\/v2\/pages\/2322\/revisions"}],"predecessor-version":[{"id":3015,"href":"http:\/\/dataminingsoccer.com\/fr\/wp-json\/wp\/v2\/pages\/2322\/revisions\/3015"}],"up":[{"embeddable":true,"href":"http:\/\/dataminingsoccer.com\/fr\/wp-json\/wp\/v2\/pages\/8"}],"wp:attachment":[{"href":"http:\/\/dataminingsoccer.com\/fr\/wp-json\/wp\/v2\/media?parent=2322"}],"curies":[{"name":"wp","href":"https:\/\/api.w.org\/{rel}","templated":true}]}}